{"id":5627,"date":"1970-01-01T00:00:00","date_gmt":"1970-01-01T00:00:00","guid":{"rendered":"https:\/\/elfsight.com\/es\/?page_id=5627"},"modified":"2025-02-06T16:13:20","modified_gmt":"2025-02-06T16:13:20","slug":"elementor","status":"publish","type":"page","link":"https:\/\/elfsight.com\/es\/tumblr-feed-widget\/elementor\/","title":{"rendered":"Tumblr Feed &#8211; Elementor"},"content":{"rendered":"<div class=\"application-platform-content-item-description application-platform-content-item\" id=\"description\" data-nav-section=\"description\"> <h2>Incorpore el feed de Tumblr en Elementor con el widget Elfsight<\/h2> <p>Elfsight Tumblr Feed para Elementor es un widget exclusivo para construir su feed personalizado compuesto por la red de Tumblr y mostrarlo directamente en su sitio web. \u00a1Crea una galer\u00eda o un control deslizante de publicaciones en unos minutos! Ejerza el control total sobre el contenido mostrado y elimine el spam y cualquier contenido no deseado mediante la moderaci\u00f3n manual. El editor en l\u00ednea totalmente responsivo le ofrece variadas plantillas para seleccionar. <\/p> <p><b>Revele el contenido m\u00e1s brillante de Tumblr para entusiasmar a sus usuarios y llegar a m\u00e1s personas<\/b><\/p> <\/div> <div class=\"application-platform-content-item-features application-platform-content-item\" id=\"features\" data-nav-section=\"features\"> <h2>Las funciones de widget m\u00e1s populares incluyen<\/h2> <ul><li>Presentar el contenido de Tumblr<\/li><li>Elimine cualquier spam y contenido no deseado aplicando moderaci\u00f3n manual. <\/li><li>Coloque el bot\u00f3n Seguir en las tarjetas de widgets. <\/li><li>Haz que tus publicaciones se muestren en una ventana emergente. <\/li><\/ul><p><a href=\"#demo\">Puedes explorar lo que ofrece el widget probando la demostraci\u00f3n<\/a><\/p> <\/div> <div class=\"application-platform-content-item-installation application-platform-content-item\" id=\"installation\" data-nav-section=\"installation\"> <h2>\u00bfC\u00f3mo agregar Tumblr Feed a mi sitio web de Elementor? <\/h2> <p>Simplemente siga los pasos que se describen a continuaci\u00f3n para insertar el widget. <\/p> <ol><li><b>Inicie nuestro configurador gratuito y comience a darle forma a su widget personalizado. <\/b><br> Elija la forma y los par\u00e1metros preferidos del complemento y aplique las ediciones. <\/li> <li><b>Obtenga el c\u00f3digo individual que aparece en el formulario especial en Elfsight Apps. <\/b><br> Inmediatamente despu\u00e9s de configurar su widget, copie el c\u00f3digo exclusivo en el cuadro que aparece y gu\u00e1rdelo para futuras ocasiones. <\/li> <li><b>Comience a utilizar el widget en su sitio Elementor. <\/b><br> Introduce el c\u00f3digo guardado anteriormente en tu sitio web y aplica las correcciones. <\/li> <li><b>La configuraci\u00f3n se realiz\u00f3 correctamente. <\/b><br>Vaya a su p\u00e1gina para observar c\u00f3mo funciona el widget. <\/li><\/ol> <p>En caso de afrontar consultas o encontrar obst\u00e1culos, no dude en escribir a nuestro equipo de soporte. Nuestros consultores est\u00e1n ansiosos por ayudarlo con todos los problemas que pueda tener con la herramienta. <\/p> <\/div><div class=\"faq\" data-component=\"FAQ\"><div class=\"faq-item\">\r\n\t\t\t\t\t<div class=\"faq-item-question\">\r\n\t\t\t\t\t\t<h3 class=\"faq-item-question-text\">\u00bfDe qu\u00e9 manera puedo incrustar Tumblr Feed en mi sitio Elementor sin experiencia en codificaci\u00f3n?<\/h3>\r\n\r\n\t\t\t\t\t\t<div class=\"faq-item-question-icon\"><\/div>\r\n\t\t\t\t\t<\/div>\r\n\r\n\t\t\t\t\t<div class=\"faq-item-answer\">\r\n\t\t\t\t\t\t<div class=\"faq-item-answer-text\"><p>La empresa Elfsight proporciona una soluci\u00f3n SaaS que permite a los propietarios de sitios crear una secci\u00f3n de Tumblr Feed usted mismo. Compruebe lo simple que es:<\/p><ul><li>Comience a trabajar directamente en la demostraci\u00f3n en vivo para generar la secci\u00f3n de Tumblr Feed que desee. para ver en Elementor.<\/li><li>Seleccione una de las plantillas predise\u00f1adas y modifique la configuraci\u00f3n de Tumblr Feed, cambie el dise\u00f1o y los colores, actualice su contenido sin codificaci\u00f3n.<\/li><li>Guarde el Tumblr Feed y obtenga su c\u00f3digo para la instalaci\u00f3n, que se puede pegar f\u00e1cilmente en su p\u00e1gina de inicio de Elementor sin comprar una suscripci\u00f3n paga.<\/li><\/ul><p>Utilizando el editor intuitivo, cada usuario de Internet puede establecer la secci\u00f3n Tumblr Feed y pegarla f\u00e1cilmente en la p\u00e1gina de inicio de Elementor. No es necesario pagar ni enviar los datos de su tarjeta para ingresar a nuestro servicio. Si encuentra alg\u00fan obst\u00e1culo en alg\u00fan paso, no dude en comunicarse con nuestro personal de soporte.<\/p><\/div>\r\n\t\t\t\t\t<\/div>\r\n\t\t\t\t<\/div><\/div>","protected":false},"excerpt":{"rendered":"","protected":false},"author":9,"featured_media":0,"parent":2112,"menu_order":0,"comment_status":"closed","ping_status":"closed","template":"templates\/template-application-platform.php","meta":{"publish_to_discourse":"","publish_post_category":"","wpdc_auto_publish_overridden":"","wpdc_topic_tags":"","wpdc_pin_topic":"","wpdc_pin_until":"","discourse_post_id":"","discourse_permalink":"","wpdc_publishing_response":"","wpdc_publishing_error":"","footnotes":""},"class_list":["post-5627","page","type-page","status-publish","hentry"],"yoast_head":"<!-- This site is optimized with the Yoast SEO plugin v25.3.1 - https:\/\/yoast.com\/wordpress\/plugins\/seo\/ -->\n<title>Incruste el widget Tumblr Feed en el sitio web de Elementor (no se requiere codificaci\u00f3n)<\/title>\n<meta name=\"description\" content=\"Implemente el widget Elementor Tumblr Feed en la p\u00e1gina. Pruebe la pr\u00e1ctica demostraci\u00f3n de Elfsight y genere su magn\u00edfico widget de Tumblr en dos minutos\" \/>\n<meta name=\"robots\" content=\"index, follow, max-snippet:-1, max-image-preview:large, max-video-preview:-1\" \/>\n<link rel=\"canonical\" href=\"https:\/\/elfsight.com\/es\/tumblr-feed-widget\/elementor\/\" \/>\n<meta property=\"og:locale\" content=\"es_ES\" \/>\n<meta property=\"og:type\" content=\"article\" \/>\n<meta property=\"og:title\" content=\"Incruste el widget Tumblr Feed en el sitio web de Elementor (no se requiere codificaci\u00f3n)\" \/>\n<meta property=\"og:description\" content=\"Implemente el widget Elementor Tumblr Feed en la p\u00e1gina. Pruebe la pr\u00e1ctica demostraci\u00f3n de Elfsight y genere su magn\u00edfico widget de Tumblr en dos minutos\" \/>\n<meta property=\"og:url\" content=\"https:\/\/elfsight.com\/es\/tumblr-feed-widget\/elementor\/\" \/>\n<meta property=\"og:site_name\" content=\"Elfsight ES\" \/>\n<meta property=\"article:modified_time\" content=\"2025-02-06T16:13:20+00:00\" \/>\n<meta name=\"twitter:card\" content=\"summary_large_image\" \/>\n<meta name=\"twitter:label1\" content=\"Tiempo de lectura\" \/>\n\t<meta name=\"twitter:data1\" content=\"3 minutos\" \/>\n<!-- \/ Yoast SEO plugin. -->","yoast_head_json":{"title":"Incruste el widget Tumblr Feed en el sitio web de Elementor (no se requiere codificaci\u00f3n)","description":"Implemente el widget Elementor Tumblr Feed en la p\u00e1gina. Pruebe la pr\u00e1ctica demostraci\u00f3n de Elfsight y genere su magn\u00edfico widget de Tumblr en dos minutos","robots":{"index":"index","follow":"follow","max-snippet":"max-snippet:-1","max-image-preview":"max-image-preview:large","max-video-preview":"max-video-preview:-1"},"canonical":"https:\/\/elfsight.com\/es\/tumblr-feed-widget\/elementor\/","og_locale":"es_ES","og_type":"article","og_title":"Incruste el widget Tumblr Feed en el sitio web de Elementor (no se requiere codificaci\u00f3n)","og_description":"Implemente el widget Elementor Tumblr Feed en la p\u00e1gina. Pruebe la pr\u00e1ctica demostraci\u00f3n de Elfsight y genere su magn\u00edfico widget de Tumblr en dos minutos","og_url":"https:\/\/elfsight.com\/es\/tumblr-feed-widget\/elementor\/","og_site_name":"Elfsight ES","article_modified_time":"2025-02-06T16:13:20+00:00","twitter_card":"summary_large_image","twitter_misc":{"Tiempo de lectura":"3 minutos"},"schema":{"@context":"https:\/\/schema.org","@graph":[{"@type":"WebPage","@id":"https:\/\/elfsight.com\/es\/tumblr-feed-widget\/elementor\/","url":"https:\/\/elfsight.com\/es\/tumblr-feed-widget\/elementor\/","name":"Incruste el widget Tumblr Feed en el sitio web de Elementor (no se requiere codificaci\u00f3n)","isPartOf":{"@id":"https:\/\/elfsight.com\/es\/#website"},"datePublished":"1970-01-01T00:00:00+00:00","dateModified":"2025-02-06T16:13:20+00:00","description":"Implemente el widget Elementor Tumblr Feed en la p\u00e1gina. Pruebe la pr\u00e1ctica demostraci\u00f3n de Elfsight y genere su magn\u00edfico widget de Tumblr en dos minutos","breadcrumb":{"@id":"https:\/\/elfsight.com\/es\/tumblr-feed-widget\/elementor\/#breadcrumb"},"inLanguage":"es","potentialAction":[{"@type":"ReadAction","target":["https:\/\/elfsight.com\/es\/tumblr-feed-widget\/elementor\/"]}]},{"@type":"BreadcrumbList","@id":"https:\/\/elfsight.com\/es\/tumblr-feed-widget\/elementor\/#breadcrumb","itemListElement":[{"@type":"ListItem","position":1,"name":"Home","item":"https:\/\/elfsight.com\/es\/"},{"@type":"ListItem","position":2,"name":"Tumblr Feed","item":"https:\/\/elfsight.com\/es\/tumblr-feed-widget\/"},{"@type":"ListItem","position":3,"name":"Tumblr Feed &#8211; Elementor"}]},{"@type":"WebSite","@id":"https:\/\/elfsight.com\/es\/#website","url":"https:\/\/elfsight.com\/es\/","name":"Elfsight ES","description":"Just another Elfsight Sites site","potentialAction":[{"@type":"SearchAction","target":{"@type":"EntryPoint","urlTemplate":"https:\/\/elfsight.com\/es\/?s={search_term_string}"},"query-input":{"@type":"PropertyValueSpecification","valueRequired":true,"valueName":"search_term_string"}}],"inLanguage":"es"}]}},"meta_box":{"industry":"","seo_heading":"","heading":"","description":"","cta_heading":"","cta_description":"","application":"2111","h1":"Widget de alimentaci\u00f3n de Tumblr de Elementor","h1_caption":"\u00a1Muestre su contenido de Tumblr en su sitio con facilidad!","application_category":[],"applications_title":"","applications_request_title":"","applications_request_button_text":"","hero_text":"","hero_video":"","hero_video_schema_markup":"","selling_points_title":"","selling_points_caption":"","selling_points":[],"selling_points_cta_text":"","features_title":"","features":"","ed_cta_examples_text":"","ed_cta_examples_hidden":"","ed_cta_demo_text":"","ed_cta_demo_hidden":"","why_caption":"","why_editor_title":"","why_editor_text":"","why_team_title":"","why_team_text":"","why_service_title":"","why_service_text":"","template_catalog_visible":"","template_catalog_title":"","template_catalog_text":"","template_catalog_categories_visible":"","demo_title":"Crea tu widget de feed de Tumblr","demo_caption":"\u00a1Configura tu feed de Tumblr y agr\u00e9galo a tu sitio web de Elementor gratis!","default_faq_hidden":"","app_template_category":[],"platform":"58","template_public_id":"","codecanyon_url":"","codecanyon_item_id":"","codecanyon_price":"","pricing_caption":"","pricing_elfsight_apps_hide_column":"","pricing_elfsight_apps_url":"","pricing_codecanyon_price_caption":"","integration_category":[],"integration_request_title":"","integration_request_cta":"","integration_platform":"","integrations":[],"platform_category":[],"video_schema_markup":"","price":"desde $0 \/ mes","trial":"","benefits":[{"text":"Asistencia de instalaci\u00f3n gratuita"},{"text":"Servicio al cliente competente"},{"text":"Garant\u00eda de devoluci\u00f3n de dinero de 14 d\u00edas"},{"text":"Actualizaciones futuras"}],"button_url":"#demo","button_target_blank":"","button_nofollow":"","attributes":[{"name":"Instalaciones","content":"10,000 - 100,000"},{"name":"Sensible","content":"S\u00ed"},{"name":"Navegadores compatibles","content":"Firefox, Safari, Opera, Chrome, Edge"}],"tags":[],"tags_disable_links":"","hide_more_platforms":"","video_object":"","demo_hide_cta":"","demo_hide_cloud_options":"","pricing_title":"","pricing":[{"pricing_icon":"platform","pricing_title":"Elfsight Apps","pricing_title_caption":"Versi\u00f3n multiplataforma que se adapta a cualquier sitio.","pricing_price":"desde $0 \/ mes","pricing_price_caption":"comienza con un plan gratuito","pricing_benefits":[{"text":"Dominios ilimitados"},{"text":"Soporte empresarial dedicado y bien documentado."},{"text":"Ayuda de instalaci\u00f3n gratuita"},{"text":"Totalmente personalizable"}],"pricing_button_text":"A\u00f1adir al sitio web","pricing_button_url":"#demo"}],"related_apps_title":"","related_apps_hidden":"","author":"","image":[],"title":"","job":"","social_networks":[]},"_links":{"self":[{"href":"https:\/\/elfsight.com\/es\/wp-json\/wp\/v2\/pages\/5627","targetHints":{"allow":["GET"]}}],"collection":[{"href":"https:\/\/elfsight.com\/es\/wp-json\/wp\/v2\/pages"}],"about":[{"href":"https:\/\/elfsight.com\/es\/wp-json\/wp\/v2\/types\/page"}],"author":[{"embeddable":true,"href":"https:\/\/elfsight.com\/es\/wp-json\/wp\/v2\/users\/9"}],"replies":[{"embeddable":true,"href":"https:\/\/elfsight.com\/es\/wp-json\/wp\/v2\/comments?post=5627"}],"version-history":[{"count":2,"href":"https:\/\/elfsight.com\/es\/wp-json\/wp\/v2\/pages\/5627\/revisions"}],"predecessor-version":[{"id":19397,"href":"https:\/\/elfsight.com\/es\/wp-json\/wp\/v2\/pages\/5627\/revisions\/19397"}],"up":[{"embeddable":true,"href":"https:\/\/elfsight.com\/es\/wp-json\/wp\/v2\/pages\/2112"}],"wp:attachment":[{"href":"https:\/\/elfsight.com\/es\/wp-json\/wp\/v2\/media?parent=5627"}],"curies":[{"name":"wp","href":"https:\/\/api.w.org\/{rel}","templated":true}]}}