{"id":5611,"date":"1970-01-01T00:00:00","date_gmt":"1970-01-01T00:00:00","guid":{"rendered":"https:\/\/elfsight.com\/es\/?page_id=5611"},"modified":"2025-02-06T16:13:36","modified_gmt":"2025-02-06T16:13:36","slug":"wordpress","status":"publish","type":"page","link":"https:\/\/elfsight.com\/es\/linkedin-feed-widget\/wordpress\/","title":{"rendered":"LinkedIn Feed &#8211; WordPress"},"content":{"rendered":"<div class=\"application-platform-content-item-description application-platform-content-item\" id=\"description\" data-nav-section=\"description\"><h2>\u00a1Incrusta el Feed de LinkedIn en WordPress de forma gratuita!<\/h2><p>El widget de Feed de LinkedIn ofrece una excelente oportunidad para que las empresas transmitan y promocionen su contenido de LinkedIn en sitios web de WordPress: muestras publicaciones, im\u00e1genes, clips, etc. La integraci\u00f3n del plugin se realiza en unos pocos clics, sin necesidad de conocimientos t\u00e9cnicos ni de programaci\u00f3n.<\/p><p>Crea un estilo que se ajusta a la est\u00e9tica de tu sitio web y sigue las tendencias probando diferentes atributos personalizados del feed, plantillas, dise\u00f1os y estilos de publicaciones. Agregue un efecto emergente como acci\u00f3n tras el clic para captar la atenci\u00f3n de los usuarios. Finalmente, disfruta de una mayor confianza y un mejor \u00edndice de participaci\u00f3n.<\/p><ul><li><strong>Eleva tu alcance en el networking con la p\u00e1gina de empresa de LinkedIn.<\/strong><br>Establece nuevas relaciones en el \u00e1mbito profesional y aumenta el n\u00famero de leads utilizando el contenido de tu perfil de LinkedIn.<\/li><li><strong>Ampl\u00eda tu base de audiencia en LinkedIn.<\/strong><br>Atrae la atenci\u00f3n hacia tu LinkedIn entre la comunidad de usuarios de WordPress y genera un gran inter\u00e9s en tus servicios.<\/li><li><strong>Mejora la autenticidad de tu negocio.<\/strong><br>A\u00f1ade una capa adicional de credibilidad y confianza a tu marca mostrando la actividad m\u00e1s reciente de LinkedIn directamente en la p\u00e1gina de tu sitio web.<\/li><\/ul><p><b>A\u00f1ade el widget de Feed de LinkedIn sin c\u00f3digo a tu sitio web de WordPress para construir confianza, promover autenticidad y ampliar las oportunidades de networking mediante una s\u00f3lida validaci\u00f3n social.<\/b><\/p><div class=\"faq\" data-component=\"FAQ\"><div class=\"faq-item\">\r\n\t\t\t\t\t<div class=\"faq-item-question\">\r\n\t\t\t\t\t\t<h3 class=\"faq-item-question-text\">\u00bfHay otras herramientas para WordPress que puedo usar en mi sitio web?<\/h3>\r\n\r\n\t\t\t\t\t\t<div class=\"faq-item-question-icon\"><\/div>\r\n\t\t\t\t\t<\/div>\r\n\r\n\t\t\t\t\t<div class=\"faq-item-answer\">\r\n\t\t\t\t\t\t<div class=\"faq-item-answer-text\"><p>\u00a1S\u00ed, absolutamente! Ser de WordPress te ofrece una amplia selecci\u00f3n de herramientas sin c\u00f3digo de usuario de Elfsight, incluido el complemento de Feed de LinkedIn. No importa qu\u00e9 tipo de negocio tengas ni en qu\u00e9 nicho te encuentres, siempre puedes buscar oportunidades para mostrar tus fortalezas. Aqu\u00ed tienes algunas posibilidades:<\/p><ul><li>Para crear cualquier otra aplicaci\u00f3n de redes sociales para tu sitio web de WordPress, considera usar el widget de <a href=\"https:\/\/elfsight.com\/pinterest-feed-widget\/\">Feed de Pinterest<\/a> o el widget de <a href=\"https:\/\/elfsight.com\/instagram-feed-instashow\/\">Feed de Instagram<\/a> junto con el Feed de LinkedIn.<\/li><li>Opta por el complemento de <a href=\"https:\/\/elfsight.com\/all-in-one-reviews-widget\/\">All-in-One Reviews<\/a> o el complemento de <a href=\"https:\/\/elfsight.com\/google-reviews-widget\/\">Google Reviews<\/a> para mostrar comentarios de clientes.<\/li><li>Incrusta el <a href=\"https:\/\/elfsight.com\/online-form-builder\/\">Form Builder<\/a> para recopilar respuestas y facilitar la comunicaci\u00f3n con tus usuarios de WordPress.<\/li><li>A\u00f1ade el widget de <a href=\"https:\/\/elfsight.com\/countdown-timer-widget\/\">Temporizador de cuenta regresiva<\/a> para generar anticipaci\u00f3n y crear un sentido de urgencia en tu audiencia.<\/li><\/ul><p>Y esto es solo el comienzo de una larga lista de adiciones que pueden cubrir las necesidades de tu negocio. \u00a1Comienza con el plugin de Feed de LinkedIn sin c\u00f3digo para tu sitio web y explora el resto de nuestro cat\u00e1logo para m\u00e1s soluciones de widgets!<\/p><\/div>\r\n\t\t\t\t\t<\/div>\r\n\t\t\t\t<\/div><div class=\"faq-item\">\r\n\t\t\t\t\t<div class=\"faq-item-question\">\r\n\t\t\t\t\t\t<h3 class=\"faq-item-question-text\">\u00bfC\u00f3mo incrustar el Feed de LinkedIn de forma gratuita en WordPress?<\/h3>\r\n\r\n\t\t\t\t\t\t<div class=\"faq-item-question-icon\"><\/div>\r\n\t\t\t\t\t<\/div>\r\n\r\n\t\t\t\t\t<div class=\"faq-item-answer\">\r\n\t\t\t\t\t\t<div class=\"faq-item-answer-text\"><p>Para agregar el Feed de LinkedIn a tu sitio web de WordPress de forma gratuita, sigue estos pasos:<\/p><ol><li>Personaliza la apariencia del widget de Feed de LinkedIn para que se ajuste al estilo de dise\u00f1o de tu sitio web.<\/li><li>Inicia sesi\u00f3n en tu panel de control de Elfsight o crea un perfil gratuito.<\/li><li>Obt\u00e9n el c\u00f3digo \u00fanico de inserci\u00f3n para el widget.<\/li><li>Ve a tu sitio web de WordPress.<\/li><li>Pega el c\u00f3digo en el editor de tu sitio web de WordPress para agregar el widget de Feed de LinkedIn. \u00a1Y listo!<\/li><\/ol><p>Como se puede ver, no es necesario dominar la escritura de c\u00f3digo para incrustar el complemento. Crea el widget de Feed de LinkedIn sin c\u00f3digo para un sitio web de WordPress con facilidad y disfruta de las diversas ventajas que acompa\u00f1an el proceso de ampliar tu alcance.<\/p><\/div>\r\n\t\t\t\t\t<\/div>\r\n\t\t\t\t<\/div><div class=\"faq-item\">\r\n\t\t\t\t\t<div class=\"faq-item-question\">\r\n\t\t\t\t\t\t<h3 class=\"faq-item-question-text\">\u00bfNecesito saber programar o tener habilidades de programaci\u00f3n para incrustar el plugin de Feed de LinkedIn en el sitio web de WordPress?<\/h3>\r\n\r\n\t\t\t\t\t\t<div class=\"faq-item-question-icon\"><\/div>\r\n\t\t\t\t\t<\/div>\r\n\r\n\t\t\t\t\t<div class=\"faq-item-answer\">\r\n\t\t\t\t\t\t<div class=\"faq-item-answer-text\"><p>No. No es necesario tener conocimientos de programaci\u00f3n. Puedes e incrustar f\u00e1cilmente el plugin de Feed de LinkedIn en tu sitio web de WordPress, incluso sin experiencia previa o conocimientos especializados.<\/p><\/div>\r\n\t\t\t\t\t<\/div>\r\n\t\t\t\t<\/div><\/div><\/div><div class=\"application-platform-content-item-features application-platform-content-item\" id=\"features\" data-nav-section=\"features\"><h2>Aqu\u00ed tienes una lista de las funciones m\u00e1s potentes:<\/h2><ul><li>Comparte diversos tipos de contenido: publicaciones de blogs, im\u00e1genes, clips, etc.<\/li><li>Filtra las publicaciones del feed por palabras clave, hashtags o URLs.<\/li><li>A\u00f1ade botones de CTA para mejorar la visibilidad del feed de LinkedIn de tu empresa.<\/li><li>Muestra un efecto emergente din\u00e1mico para captar la atenci\u00f3n hacia tu contenido de LinkedIn.<\/li><li>Personalizaci\u00f3n sin c\u00f3digo con ajustes avanzados de dise\u00f1o: plantillas predefinidas, generador de esquemas de color, dise\u00f1os de dise\u00f1o, estilos de publicaciones, CSS personalizado, etc.<\/li><\/ul><p><a href=\"#demo\">Prueba esta demo para comprender la funcionalidad del widget<\/a><\/p><\/div><div class=\"application-platform-content-item-installation application-platform-content-item\" id=\"installation\" data-nav-section=\"installation\"><h2>\u00bfC\u00f3mo agregar el Feed de LinkedIn a mi sitio web de WordPress?<\/h2><p>Si deseas incrustar el plugin de Feed de LinkedIn sin c\u00f3digo en tu sitio web de WordPress, sigue estos pasos:<\/p><ol><li><b>Lanza nuestro editor gratuito y comienza a crear tu plugin personalizado de Feed de LinkedIn.<\/b><br> Encuentra el dise\u00f1o y la funcionalidad preferida del plugin y guarda las modificaciones.<\/li><li><b>Copia tu c\u00f3digo \u00fanico que aparece en la ventana de Elfsight Apps.<\/b><br> Despu\u00e9s de configurar tu widget, copia el c\u00f3digo exclusivo que aparece en la ventana emergente y gu\u00e1rdalo para su uso posterior.<\/li><li><b>A\u00f1ade el c\u00f3digo del widget a tu sitio web de WordPress.<\/b><br> Agrega el c\u00f3digo que has guardado anteriormente en tu sitio web y aplica las ediciones.<\/li><li><b>La configuraci\u00f3n ha finalizado con \u00e9xito.<\/b><br> Ve a tu sitio web para ver el rendimiento del widget de Feed de LinkedIn en acci\u00f3n.<\/li><\/ol><p>En caso de que encuentres dificultades con el proceso de inserci\u00f3n, no dudes en ponerte en contacto con nuestro equipo de atenci\u00f3n al cliente. Estaremos encantados de resolver todas las preguntas que puedas tener con el plugin de Feed de LinkedIn sin c\u00f3digo para sitios web de WordPress.<\/p><\/div>","protected":false},"excerpt":{"rendered":"","protected":false},"author":9,"featured_media":0,"parent":4902,"menu_order":0,"comment_status":"closed","ping_status":"closed","template":"templates\/template-application-platform.php","meta":{"publish_to_discourse":"","publish_post_category":"","wpdc_auto_publish_overridden":"","wpdc_topic_tags":"","wpdc_pin_topic":"","wpdc_pin_until":"","discourse_post_id":"","discourse_permalink":"","wpdc_publishing_response":"","wpdc_publishing_error":"","footnotes":""},"class_list":["post-5611","page","type-page","status-publish","hentry"],"yoast_head":"<!-- This site is optimized with the Yoast SEO plugin v25.3.1 - https:\/\/yoast.com\/wordpress\/plugins\/seo\/ -->\n<title>Feed de LinkedIn: agregue el complemento Feed a WordPress [\u00a1gratis!]<\/title>\n<meta name=\"description\" content=\"Incruste el complemento LinkedIn Feed sin codificaci\u00f3n en su sitio web de WordPress. Cree su widget utilizando una demostraci\u00f3n en vivo y plantillas predise\u00f1adas para tener una prueba social s\u00f3lida.\" \/>\n<meta name=\"robots\" content=\"index, follow, max-snippet:-1, max-image-preview:large, max-video-preview:-1\" \/>\n<link rel=\"canonical\" href=\"https:\/\/elfsight.com\/es\/linkedin-feed-widget\/wordpress\/\" \/>\n<meta property=\"og:locale\" content=\"es_ES\" \/>\n<meta property=\"og:type\" content=\"article\" \/>\n<meta property=\"og:title\" content=\"Feed de LinkedIn: agregue el complemento Feed a WordPress [\u00a1gratis!]\" \/>\n<meta property=\"og:description\" content=\"Incruste el complemento LinkedIn Feed sin codificaci\u00f3n en su sitio web de WordPress. Cree su widget utilizando una demostraci\u00f3n en vivo y plantillas predise\u00f1adas para tener una prueba social s\u00f3lida.\" \/>\n<meta property=\"og:url\" content=\"https:\/\/elfsight.com\/es\/linkedin-feed-widget\/wordpress\/\" \/>\n<meta property=\"og:site_name\" content=\"Elfsight ES\" \/>\n<meta property=\"article:modified_time\" content=\"2025-02-06T16:13:36+00:00\" \/>\n<meta name=\"twitter:card\" content=\"summary_large_image\" \/>\n<meta name=\"twitter:label1\" content=\"Tiempo de lectura\" \/>\n\t<meta name=\"twitter:data1\" content=\"5 minutos\" \/>\n<!-- \/ Yoast SEO plugin. -->","yoast_head_json":{"title":"Feed de LinkedIn: agregue el complemento Feed a WordPress [\u00a1gratis!]","description":"Incruste el complemento LinkedIn Feed sin codificaci\u00f3n en su sitio web de WordPress. Cree su widget utilizando una demostraci\u00f3n en vivo y plantillas predise\u00f1adas para tener una prueba social s\u00f3lida.","robots":{"index":"index","follow":"follow","max-snippet":"max-snippet:-1","max-image-preview":"max-image-preview:large","max-video-preview":"max-video-preview:-1"},"canonical":"https:\/\/elfsight.com\/es\/linkedin-feed-widget\/wordpress\/","og_locale":"es_ES","og_type":"article","og_title":"Feed de LinkedIn: agregue el complemento Feed a WordPress [\u00a1gratis!]","og_description":"Incruste el complemento LinkedIn Feed sin codificaci\u00f3n en su sitio web de WordPress. Cree su widget utilizando una demostraci\u00f3n en vivo y plantillas predise\u00f1adas para tener una prueba social s\u00f3lida.","og_url":"https:\/\/elfsight.com\/es\/linkedin-feed-widget\/wordpress\/","og_site_name":"Elfsight ES","article_modified_time":"2025-02-06T16:13:36+00:00","twitter_card":"summary_large_image","twitter_misc":{"Tiempo de lectura":"5 minutos"},"schema":{"@context":"https:\/\/schema.org","@graph":[{"@type":"WebPage","@id":"https:\/\/elfsight.com\/es\/linkedin-feed-widget\/wordpress\/","url":"https:\/\/elfsight.com\/es\/linkedin-feed-widget\/wordpress\/","name":"Feed de LinkedIn: agregue el complemento Feed a WordPress [\u00a1gratis!]","isPartOf":{"@id":"https:\/\/elfsight.com\/es\/#website"},"datePublished":"1970-01-01T00:00:00+00:00","dateModified":"2025-02-06T16:13:36+00:00","description":"Incruste el complemento LinkedIn Feed sin codificaci\u00f3n en su sitio web de WordPress. Cree su widget utilizando una demostraci\u00f3n en vivo y plantillas predise\u00f1adas para tener una prueba social s\u00f3lida.","breadcrumb":{"@id":"https:\/\/elfsight.com\/es\/linkedin-feed-widget\/wordpress\/#breadcrumb"},"inLanguage":"es","potentialAction":[{"@type":"ReadAction","target":["https:\/\/elfsight.com\/es\/linkedin-feed-widget\/wordpress\/"]}]},{"@type":"BreadcrumbList","@id":"https:\/\/elfsight.com\/es\/linkedin-feed-widget\/wordpress\/#breadcrumb","itemListElement":[{"@type":"ListItem","position":1,"name":"Home","item":"https:\/\/elfsight.com\/es\/"},{"@type":"ListItem","position":2,"name":"LinkedIn Feed","item":"https:\/\/elfsight.com\/es\/linkedin-feed-widget\/"},{"@type":"ListItem","position":3,"name":"LinkedIn Feed &#8211; WordPress"}]},{"@type":"WebSite","@id":"https:\/\/elfsight.com\/es\/#website","url":"https:\/\/elfsight.com\/es\/","name":"Elfsight ES","description":"Just another Elfsight Sites site","potentialAction":[{"@type":"SearchAction","target":{"@type":"EntryPoint","urlTemplate":"https:\/\/elfsight.com\/es\/?s={search_term_string}"},"query-input":{"@type":"PropertyValueSpecification","valueRequired":true,"valueName":"search_term_string"}}],"inLanguage":"es"}]}},"meta_box":{"industry":"","seo_heading":"","heading":"","description":"","cta_heading":"","cta_description":"","application":"4887","h1":"\u00a1C\u00f3mo incrustar el Feed de LinkedIn en WordPress de forma gratuita!","h1_caption":"Presente las actualizaciones, gr\u00e1ficos y clips de la empresa de LinkedIn en su sitio web.","application_category":[],"applications_title":"","applications_request_title":"","applications_request_button_text":"","hero_text":"","hero_video":"","hero_video_schema_markup":"","selling_points_title":"","selling_points_caption":"","selling_points":[],"selling_points_cta_text":"","features_title":"","features":"","ed_cta_examples_text":"","ed_cta_examples_hidden":"","ed_cta_demo_text":"","ed_cta_demo_hidden":"","why_caption":"","why_editor_title":"","why_editor_text":"","why_team_title":"","why_team_text":"","why_service_title":"","why_service_text":"","template_catalog_visible":"0","template_catalog_title":"","template_catalog_text":"","template_catalog_categories_visible":"","demo_title":"Crea tu complemento de feed de LinkedIn","demo_caption":"\u00a1Configure su feed de LinkedIn y agr\u00e9guelo a su sitio web de WordPress de forma gratuita!","default_faq_hidden":"","app_template_category":[],"platform":"115","template_public_id":"","codecanyon_url":"","codecanyon_item_id":"","codecanyon_price":"","pricing_caption":"","pricing_elfsight_apps_hide_column":"","pricing_elfsight_apps_url":"","pricing_codecanyon_price_caption":"","integration_category":[],"integration_request_title":"","integration_request_cta":"","integration_platform":"","integrations":[],"platform_category":[],"video_schema_markup":"","price":"desde $0 \/ mes","trial":"","benefits":[{"text":"Asistencia de instalaci\u00f3n gratuita"},{"text":"Servicio al cliente profesional"},{"text":"Garant\u00eda de devoluci\u00f3n de dinero de 14 d\u00edas"},{"text":"Mejoras futuras"}],"button_url":"#demo","button_target_blank":"0","button_nofollow":"0","attributes":[{"name":"Instalaciones","content":"10,000 - 100,000"},{"name":"Sensible","content":"S\u00ed"},{"name":"Navegadores compatibles","content":"Firefox, Safari, Opera, Chrome, Edge"}],"tags":[],"tags_disable_links":"0","hide_more_platforms":"","video_object":"","demo_hide_cta":"0","demo_hide_cloud_options":"0","pricing_title":"","pricing":[{"pricing_icon":"platform","pricing_title":"Elfsight Apps","pricing_title_caption":"Soluci\u00f3n digital multiplataforma","pricing_price":"desde $0 \/ mes","pricing_price_caption":"comienza con un plan gratuito","pricing_benefits":[{"text":"Dominios ilimitados"},{"text":"Atenci\u00f3n al cliente premium"},{"text":"Asistencia de instalaci\u00f3n gratuita"},{"text":"Dise\u00f1o flexible"}],"pricing_button_text":"A\u00f1adir al sitio web","pricing_button_url":"#demo"}],"related_apps_title":"","related_apps_hidden":"0","author":"","image":[],"title":"","job":"","social_networks":[]},"_links":{"self":[{"href":"https:\/\/elfsight.com\/es\/wp-json\/wp\/v2\/pages\/5611","targetHints":{"allow":["GET"]}}],"collection":[{"href":"https:\/\/elfsight.com\/es\/wp-json\/wp\/v2\/pages"}],"about":[{"href":"https:\/\/elfsight.com\/es\/wp-json\/wp\/v2\/types\/page"}],"author":[{"embeddable":true,"href":"https:\/\/elfsight.com\/es\/wp-json\/wp\/v2\/users\/9"}],"replies":[{"embeddable":true,"href":"https:\/\/elfsight.com\/es\/wp-json\/wp\/v2\/comments?post=5611"}],"version-history":[{"count":3,"href":"https:\/\/elfsight.com\/es\/wp-json\/wp\/v2\/pages\/5611\/revisions"}],"predecessor-version":[{"id":19405,"href":"https:\/\/elfsight.com\/es\/wp-json\/wp\/v2\/pages\/5611\/revisions\/19405"}],"up":[{"embeddable":true,"href":"https:\/\/elfsight.com\/es\/wp-json\/wp\/v2\/pages\/4902"}],"wp:attachment":[{"href":"https:\/\/elfsight.com\/es\/wp-json\/wp\/v2\/media?parent=5611"}],"curies":[{"name":"wp","href":"https:\/\/api.w.org\/{rel}","templated":true}]}}