{"id":5605,"date":"1970-01-01T00:00:00","date_gmt":"1970-01-01T00:00:00","guid":{"rendered":"https:\/\/elfsight.com\/es\/?page_id=5605"},"modified":"2025-02-06T16:13:44","modified_gmt":"2025-02-06T16:13:44","slug":"wix","status":"publish","type":"page","link":"https:\/\/elfsight.com\/es\/linkedin-feed-widget\/wix\/","title":{"rendered":"LinkedIn Feed &#8211; Wix"},"content":{"rendered":" <div class=\"application-platform-content-item-description application-platform-content-item\" id=\"description\" data-nav-section=\"description\"> <h2>\u00a1Incrusta el Feed de LinkedIn en Wix de forma gratuita!<\/h2> <p>El plugin de Feed de LinkedIn est\u00e1 dise\u00f1ado espec\u00edficamente para que las empresas presenten y promocionen su contenido de LinkedIn en sitios web de Wix: muestra publicaciones, fotos, videos, etc. La configuraci\u00f3n del plugin es sencilla, sin necesidad de habilidades de programaci\u00f3n o codificaci\u00f3n.<\/p> <p>Crea un estilo que se ajuste a la est\u00e9tica de tu sitio web y mant\u00e9n la coherencia con tu marca jugando con elementos personalizados del feed, plantillas, dise\u00f1os y estilos de publicaciones. Agregue un efecto emergente como acci\u00f3n tras el clic para captar la atenci\u00f3n de los usuarios. Finalmente, disfruta de la confianza generada y una marca establecida en la industria.<\/p> <ul> <li><strong>Impulsa tu potencial de networking con la p\u00e1gina de empresa de LinkedIn.<\/strong><br>Establece nuevas relaciones en el mundo del comercio y aumenta el n\u00famero de leads aprovechando el contenido de tu perfil de LinkedIn.<\/li> <li><strong>Ampl\u00eda tu audiencia en LinkedIn.<\/strong><br>Desata tu presencia en LinkedIn entre la comunidad de usuarios de Wix y genera un gran inter\u00e9s en tus servicios.<\/li> <li><strong>Haz que tu negocio parezca m\u00e1s aut\u00e9ntico.<\/strong><br>A\u00f1ade una capa extra de credibilidad y confianza a tu marca mostrando la actividad m\u00e1s reciente de LinkedIn directamente en la p\u00e1gina del sitio web.<\/li> <\/ul> <p><b>A\u00f1ade el plugin de Feed de LinkedIn sin c\u00f3digo a tu sitio web de Wix para construir confiabilidad, amplificar la autenticidad y extender las conexiones a trav\u00e9s de una s\u00f3lida evidencia social.<\/b><\/p><div class=\"faq\" data-component=\"FAQ\"> esquema_markup=\u00bb1&#8243;]<div class=\"faq-item\">\r\n\t\t\t\t\t<div class=\"faq-item-question\">\r\n\t\t\t\t\t\t<h3 class=\"faq-item-question-text\">\u00bfHay otras herramientas para Wix que puedo usar en mi sitio web?<\/h3>\r\n\r\n\t\t\t\t\t\t<div class=\"faq-item-question-icon\"><\/div>\r\n\t\t\t\t\t<\/div>\r\n\r\n\t\t\t\t\t<div class=\"faq-item-answer\">\r\n\t\t\t\t\t\t<div class=\"faq-item-answer-text\"> <p>\u00a1S\u00ed, claro! Como Wix, Elfsight te ofrece docenas de usuarios de herramientas sin c\u00f3digo para agregar, y el complemento de Feed de LinkedIn es solo una de esas opciones. No importa qu\u00e9 tipo de negocio tengas ni en qu\u00e9 nicho trabajes, siempre hay oportunidades para mostrar tus fortalezas. Aqu\u00ed tienes algunas ideas:<\/p> <ul> <li>Para crear cualquier otra aplicaci\u00f3n de redes sociales para tu sitio web de Wix, considera probar el widget de <a href=\"https:\/\/elfsight.com\/pinterest-feed-widget\/\">Feed de Pinterest<\/a> o el widget de <a href=\"https:\/\/elfsight.com\/instagram-feed-instashow\/\">Feed de Instagram<\/a> junto con el plugin de Feed de LinkedIn.<\/li> <li>Obt\u00e9n el complemento de <a href=\"https:\/\/elfsight.com\/all-in-one-reviews-widget\/\">All-in-One Reviews<\/a> o el complemento de <a href=\"https:\/\/elfsight.com\/google-reviews-widget\/\">Google Reviews<\/a> para mostrar comentarios de clientes.<\/li> <li>Incrusta el <a href=\"https:\/\/elfsight.com\/online-form-builder\/\">Form Builder<\/a> para recopilar respuestas y facilitar la interacci\u00f3n de los usuarios en tu sitio web de Wix.<\/li> <li>A\u00f1ade el <a href=\"https:\/\/elfsight.com\/countdown-timer-widget\/\">Temporizador de cuenta regresiva<\/a> para generar interacci\u00f3n y crear un sentido de urgencia dentro de tu audiencia.<\/li> <\/ul> <p>Recuerde que estos ejemplos de incrustaci\u00f3n son solo el comienzo de una larga lista de adiciones que pueden adaptarse a las necesidades de su negocio. \u00a1Comienza con el Feed de LinkedIn sin c\u00f3digo y explora nuestro cat\u00e1logo para encontrar m\u00e1s soluciones de widgets que agregar a tu sitio web!<\/p> <\/div>\r\n\t\t\t\t\t<\/div>\r\n\t\t\t\t<\/div><div class=\"faq-item\">\r\n\t\t\t\t\t<div class=\"faq-item-question\">\r\n\t\t\t\t\t\t<h3 class=\"faq-item-question-text\">\u00bfC\u00f3mo incrustar el Feed de LinkedIn de forma gratuita en un sitio web de Wix?<\/h3>\r\n\r\n\t\t\t\t\t\t<div class=\"faq-item-question-icon\"><\/div>\r\n\t\t\t\t\t<\/div>\r\n\r\n\t\t\t\t\t<div class=\"faq-item-answer\">\r\n\t\t\t\t\t\t<div class=\"faq-item-answer-text\"> <p>Si deseas agregar el plugin de Feed de LinkedIn a tu sitio web de Wix de forma gratuita, sigue estos pasos:<\/p> <ol> <li>Personaliza la apariencia del widget de Feed de LinkedIn a tu gusto.<\/li> <li>Inicia sesi\u00f3n en tu panel de administraci\u00f3n de Elfsight o crea un perfil gratuito.<\/li> <li>Obt\u00e9n el c\u00f3digo de instalaci\u00f3n autogenerado del widget.<\/li> <li>Accede a tu sitio web de Wix.<\/li> <li>Inserta el c\u00f3digo en el editor de tu sitio web de Wix para agregar el widget de Feed de LinkedIn. \u00a1Listo!<\/li> <\/ol> <p>Como puedes ver, no es necesario tener experiencia en programaci\u00f3n para incrustar el plugin. Crea un widget de Feed de LinkedIn sin c\u00f3digo para un sitio web de Wix con facilidad y disfruta de las numerosas ventajas que acompa\u00f1an el proceso de ampliar tu audiencia.<\/p> <\/div>\r\n\t\t\t\t\t<\/div>\r\n\t\t\t\t<\/div><div class=\"faq-item\">\r\n\t\t\t\t\t<div class=\"faq-item-question\">\r\n\t\t\t\t\t\t<h3 class=\"faq-item-question-text\">\u00bfNecesito saber programar o tener habilidades de codificaci\u00f3n para incrustar el Feed de LinkedIn en el sitio web de Wix?<\/h3>\r\n\r\n\t\t\t\t\t\t<div class=\"faq-item-question-icon\"><\/div>\r\n\t\t\t\t\t<\/div>\r\n\r\n\t\t\t\t\t<div class=\"faq-item-answer\">\r\n\t\t\t\t\t\t<div class=\"faq-item-answer-text\"> <p>No. No se requieren habilidades de codificaci\u00f3n para incrustar y mostrar el complemento de Feed de LinkedIn en tu sitio web de Wix. Este widget es f\u00e1cil de agregar, incluso sin conocimientos especializados o experiencia previa.<\/p> <\/div>\r\n\t\t\t\t\t<\/div>\r\n\t\t\t\t<\/div><\/div> <\/div><div class=\"application-platform-content-item-features application-platform-content-item\" id=\"features\" data-nav-section=\"features\"> <h2>Estas son solo algunas de las diversas funciones del widget:<\/h2> <ul> <li>Comparte varios tipos de contenido: publicaciones de blogs, im\u00e1genes, videos, etc.<\/li> <li>Agrupa el contenido del feed por palabras clave, hashtags o filtros de URL.<\/li> <li>A\u00f1ade botones de llamada a la acci\u00f3n para mejorar la tasa de interacci\u00f3n en el feed de LinkedIn de tu empresa.<\/li> <li>Modo emergente llamativo para captar la atenci\u00f3n hacia tu contenido de LinkedIn.<\/li> <li>Personalizaci\u00f3n avanzada sin necesidad de programar: plantillas listas para usar, creador de esquemas de color, cinco dise\u00f1os de dise\u00f1o, estilos de publicaciones, CSS personalizado, etc.<\/li> <\/ul> <p><a href=\"#demo\">Explora todas las configuraciones en la demostraci\u00f3n completa<\/a><\/p> <\/div><div class=\"application-platform-content-item-installation application-platform-content-item\" id=\"installation\" data-nav-section=\"installation\"> <h2>\u00bfC\u00f3mo incrustar el Feed de LinkedIn en mi sitio web de Wix?<\/h2> <p>Para agregar el plugin de Feed de LinkedIn sin c\u00f3digo a tu sitio web de Wix, sigue estos pasos:<\/p> <ol> <li><b>Utiliza nuestra demo gratuita y comienza a crear tu widget personalizado de Feed de LinkedIn.<\/b><br> Especifica el dise\u00f1o y las caracter\u00edsticas funcionales del widget y guarda las modificaciones.<\/li> <li><b>Obt\u00e9n el c\u00f3digo personal que aparece en el formulario especial de Elfsight Apps.<\/b><br> Tan pronto como la generaci\u00f3n de tu widget est\u00e9 completa, copia el c\u00f3digo personal del cuadro emergente y gu\u00e1rdalo para su uso posterior.<\/li> <li><b>Comienza a usar el plugin en tu sitio web de Wix.<\/b><br> Agrega el c\u00f3digo que guardaste recientemente en tu sitio web y guarda los ajustes.<\/li> <li><b>\u00a1Listo! La configuraci\u00f3n se ha realizado con \u00e9xito.<\/b><br> Visita tu sitio web para ver el funcionamiento del widget de Feed de LinkedIn.<\/li> <\/ol> <p>Si tienes alguna pregunta o enfrentas dificultades con el proceso de incrustaci\u00f3n, no dudes en escribir a nuestro equipo de soporte. Nuestros consultores estar\u00e1n encantados de resolver cualquier problema que puedas tener con el plugin de Feed de LinkedIn sin c\u00f3digo para sitios web de Wix.<\/p> <\/div> ","protected":false},"excerpt":{"rendered":"","protected":false},"author":9,"featured_media":0,"parent":4902,"menu_order":0,"comment_status":"closed","ping_status":"closed","template":"templates\/template-application-platform.php","meta":{"publish_to_discourse":"","publish_post_category":"","wpdc_auto_publish_overridden":"","wpdc_topic_tags":"","wpdc_pin_topic":"","wpdc_pin_until":"","discourse_post_id":"","discourse_permalink":"","wpdc_publishing_response":"","wpdc_publishing_error":"","footnotes":""},"class_list":["post-5605","page","type-page","status-publish","hentry"],"yoast_head":"<!-- This site is optimized with the Yoast SEO plugin v25.3.1 - https:\/\/yoast.com\/wordpress\/plugins\/seo\/ -->\n<title>Feed de LinkedIn: agrega la aplicaci\u00f3n Feed a Wix [\u00a1gratis!]<\/title>\n<meta name=\"description\" content=\"Integra la aplicaci\u00f3n LinkedIn Feed sin codificaci\u00f3n en tu sitio web Wix. Cree su complemento utilizando una demostraci\u00f3n en vivo y plantillas predise\u00f1adas para tener una prueba social s\u00f3lida.\" \/>\n<meta name=\"robots\" content=\"index, follow, max-snippet:-1, max-image-preview:large, max-video-preview:-1\" \/>\n<link rel=\"canonical\" href=\"https:\/\/elfsight.com\/es\/linkedin-feed-widget\/wix\/\" \/>\n<meta property=\"og:locale\" content=\"es_ES\" \/>\n<meta property=\"og:type\" content=\"article\" \/>\n<meta property=\"og:title\" content=\"Feed de LinkedIn: agrega la aplicaci\u00f3n Feed a Wix [\u00a1gratis!]\" \/>\n<meta property=\"og:description\" content=\"Integra la aplicaci\u00f3n LinkedIn Feed sin codificaci\u00f3n en tu sitio web Wix. Cree su complemento utilizando una demostraci\u00f3n en vivo y plantillas predise\u00f1adas para tener una prueba social s\u00f3lida.\" \/>\n<meta property=\"og:url\" content=\"https:\/\/elfsight.com\/es\/linkedin-feed-widget\/wix\/\" \/>\n<meta property=\"og:site_name\" content=\"Elfsight ES\" \/>\n<meta property=\"article:modified_time\" content=\"2025-02-06T16:13:44+00:00\" \/>\n<meta name=\"twitter:card\" content=\"summary_large_image\" \/>\n<meta name=\"twitter:label1\" content=\"Tiempo de lectura\" \/>\n\t<meta name=\"twitter:data1\" content=\"5 minutos\" \/>\n<!-- \/ Yoast SEO plugin. -->","yoast_head_json":{"title":"Feed de LinkedIn: agrega la aplicaci\u00f3n Feed a Wix [\u00a1gratis!]","description":"Integra la aplicaci\u00f3n LinkedIn Feed sin codificaci\u00f3n en tu sitio web Wix. Cree su complemento utilizando una demostraci\u00f3n en vivo y plantillas predise\u00f1adas para tener una prueba social s\u00f3lida.","robots":{"index":"index","follow":"follow","max-snippet":"max-snippet:-1","max-image-preview":"max-image-preview:large","max-video-preview":"max-video-preview:-1"},"canonical":"https:\/\/elfsight.com\/es\/linkedin-feed-widget\/wix\/","og_locale":"es_ES","og_type":"article","og_title":"Feed de LinkedIn: agrega la aplicaci\u00f3n Feed a Wix [\u00a1gratis!]","og_description":"Integra la aplicaci\u00f3n LinkedIn Feed sin codificaci\u00f3n en tu sitio web Wix. Cree su complemento utilizando una demostraci\u00f3n en vivo y plantillas predise\u00f1adas para tener una prueba social s\u00f3lida.","og_url":"https:\/\/elfsight.com\/es\/linkedin-feed-widget\/wix\/","og_site_name":"Elfsight ES","article_modified_time":"2025-02-06T16:13:44+00:00","twitter_card":"summary_large_image","twitter_misc":{"Tiempo de lectura":"5 minutos"},"schema":{"@context":"https:\/\/schema.org","@graph":[{"@type":"WebPage","@id":"https:\/\/elfsight.com\/es\/linkedin-feed-widget\/wix\/","url":"https:\/\/elfsight.com\/es\/linkedin-feed-widget\/wix\/","name":"Feed de LinkedIn: agrega la aplicaci\u00f3n Feed a Wix [\u00a1gratis!]","isPartOf":{"@id":"https:\/\/elfsight.com\/es\/#website"},"datePublished":"1970-01-01T00:00:00+00:00","dateModified":"2025-02-06T16:13:44+00:00","description":"Integra la aplicaci\u00f3n LinkedIn Feed sin codificaci\u00f3n en tu sitio web Wix. Cree su complemento utilizando una demostraci\u00f3n en vivo y plantillas predise\u00f1adas para tener una prueba social s\u00f3lida.","breadcrumb":{"@id":"https:\/\/elfsight.com\/es\/linkedin-feed-widget\/wix\/#breadcrumb"},"inLanguage":"es","potentialAction":[{"@type":"ReadAction","target":["https:\/\/elfsight.com\/es\/linkedin-feed-widget\/wix\/"]}]},{"@type":"BreadcrumbList","@id":"https:\/\/elfsight.com\/es\/linkedin-feed-widget\/wix\/#breadcrumb","itemListElement":[{"@type":"ListItem","position":1,"name":"Home","item":"https:\/\/elfsight.com\/es\/"},{"@type":"ListItem","position":2,"name":"LinkedIn Feed","item":"https:\/\/elfsight.com\/es\/linkedin-feed-widget\/"},{"@type":"ListItem","position":3,"name":"LinkedIn Feed &#8211; Wix"}]},{"@type":"WebSite","@id":"https:\/\/elfsight.com\/es\/#website","url":"https:\/\/elfsight.com\/es\/","name":"Elfsight ES","description":"Just another Elfsight Sites site","potentialAction":[{"@type":"SearchAction","target":{"@type":"EntryPoint","urlTemplate":"https:\/\/elfsight.com\/es\/?s={search_term_string}"},"query-input":{"@type":"PropertyValueSpecification","valueRequired":true,"valueName":"search_term_string"}}],"inLanguage":"es"}]}},"meta_box":{"industry":"","seo_heading":"","heading":"","description":"","cta_heading":"","cta_description":"","application":"4887","h1":"\u00a1C\u00f3mo incrustar el Feed de LinkedIn en Wix de forma gratuita!","h1_caption":"Presente actualizaciones comerciales, gr\u00e1ficos y videos de LinkedIn en su sitio web","application_category":[],"applications_title":"","applications_request_title":"","applications_request_button_text":"","hero_text":"","hero_video":"","hero_video_schema_markup":"","selling_points_title":"","selling_points_caption":"","selling_points":[],"selling_points_cta_text":"","features_title":"","features":"","ed_cta_examples_text":"","ed_cta_examples_hidden":"","ed_cta_demo_text":"","ed_cta_demo_hidden":"","why_caption":"","why_editor_title":"","why_editor_text":"","why_team_title":"","why_team_text":"","why_service_title":"","why_service_text":"","template_catalog_visible":"0","template_catalog_title":"","template_catalog_text":"","template_catalog_categories_visible":"","demo_title":"Crea tu aplicaci\u00f3n LinkedIn Feed","demo_caption":"\u00a1Configura tu feed de LinkedIn y agr\u00e9galo a tu sitio web Wix gratis!","default_faq_hidden":"","app_template_category":[],"platform":"112","template_public_id":"","codecanyon_url":"","codecanyon_item_id":"","codecanyon_price":"","pricing_caption":"","pricing_elfsight_apps_hide_column":"","pricing_elfsight_apps_url":"","pricing_codecanyon_price_caption":"","integration_category":[],"integration_request_title":"","integration_request_cta":"","integration_platform":"","integrations":[],"platform_category":[],"video_schema_markup":"","price":"desde $0 \/ mes","trial":"","benefits":[{"text":"Servicio de instalaci\u00f3n gratuito"},{"text":"Soporte premium"},{"text":"Garant\u00eda de reembolso de 14 d\u00edas"},{"text":"Desarrollo continuo"}],"button_url":"#demo","button_target_blank":"0","button_nofollow":"0","attributes":[{"name":"Instalaciones","content":"10,000 - 100,000"},{"name":"Sensible","content":"S\u00ed"},{"name":"Navegadores compatibles","content":"Firefox, Safari, Opera, Chrome, Edge"}],"tags":[],"tags_disable_links":"0","hide_more_platforms":"","video_object":"","demo_hide_cta":"0","demo_hide_cloud_options":"0","pricing_title":"","pricing":[{"pricing_icon":"platform","pricing_title":"Elfsight Apps","pricing_title_caption":"Soluci\u00f3n multiplataforma que se adapta a cualquier sitio web","pricing_price":"desde $0 \/ mes","pricing_price_caption":"comienza con un plan gratuito","pricing_benefits":[{"text":"Sitios web ilimitados"},{"text":"Soporte gratuito y bien documentado."},{"text":"Ayuda de instalaci\u00f3n gratuita"},{"text":"Totalmente personalizable"}],"pricing_button_text":"A\u00f1adir al sitio web","pricing_button_url":"#demo"}],"related_apps_title":"","related_apps_hidden":"0","author":"","image":[],"title":"","job":"","social_networks":[]},"_links":{"self":[{"href":"https:\/\/elfsight.com\/es\/wp-json\/wp\/v2\/pages\/5605","targetHints":{"allow":["GET"]}}],"collection":[{"href":"https:\/\/elfsight.com\/es\/wp-json\/wp\/v2\/pages"}],"about":[{"href":"https:\/\/elfsight.com\/es\/wp-json\/wp\/v2\/types\/page"}],"author":[{"embeddable":true,"href":"https:\/\/elfsight.com\/es\/wp-json\/wp\/v2\/users\/9"}],"replies":[{"embeddable":true,"href":"https:\/\/elfsight.com\/es\/wp-json\/wp\/v2\/comments?post=5605"}],"version-history":[{"count":3,"href":"https:\/\/elfsight.com\/es\/wp-json\/wp\/v2\/pages\/5605\/revisions"}],"predecessor-version":[{"id":19407,"href":"https:\/\/elfsight.com\/es\/wp-json\/wp\/v2\/pages\/5605\/revisions\/19407"}],"up":[{"embeddable":true,"href":"https:\/\/elfsight.com\/es\/wp-json\/wp\/v2\/pages\/4902"}],"wp:attachment":[{"href":"https:\/\/elfsight.com\/es\/wp-json\/wp\/v2\/media?parent=5605"}],"curies":[{"name":"wp","href":"https:\/\/api.w.org\/{rel}","templated":true}]}}