{"id":5602,"date":"1970-01-01T00:00:00","date_gmt":"1970-01-01T00:00:00","guid":{"rendered":"https:\/\/elfsight.com\/es\/?page_id=5602"},"modified":"2025-02-06T16:13:44","modified_gmt":"2025-02-06T16:13:44","slug":"squarespace","status":"publish","type":"page","link":"https:\/\/elfsight.com\/es\/linkedin-feed-widget\/squarespace\/","title":{"rendered":"LinkedIn Feed &#8211; Squarespace"},"content":{"rendered":"<div class=\"application-platform-content-item-description application-platform-content-item\" id=\"description\" data-nav-section=\"description\"><h2>\u00a1Incrusta el Feed de LinkedIn en Squarespace de forma gratuita!<\/h2><p>El widget de Feed de LinkedIn sin c\u00f3digo ofrece una oportunidad innovadora para que las empresas transmitan y promocionen su contenido de LinkedIn en sitios web de Squarespace: muestras publicaciones, im\u00e1genes, clips, etc. La configuraci\u00f3n del plugin lleva solo unos minutos, sin necesidad de conocimientos t\u00e9cnicos o de programaci\u00f3n.<\/p><p>Crea un dise\u00f1o que se adapta a las necesidades de tu sitio web y mantente fiel a tu marca jugando con los atributos personalizados del feed, plantillas, dise\u00f1os y estilos de publicaciones. Agregue un modo emergente como acci\u00f3n al hacer clic para captar la atenci\u00f3n de los usuarios. Finalmente, experimenta una mayor credibilidad y una mejor tasa de participaci\u00f3n.<\/p><ul><li><strong>Mejora tus capacidades de networking con la p\u00e1gina de empresa de LinkedIn.<\/strong><br>Establece nuevas conexiones en el mundo corporativo y aumenta el n\u00famero de leads utilizando el contenido de tu perfil de LinkedIn.<\/li><li><strong>Ampl\u00eda tu base de audiencia en LinkedIn.<\/strong><br>Destaca tu presencia en LinkedIn entre los usuarios de Squarespace y genera un gran inter\u00e9s en tus ofertas.<\/li><li><strong>Aumenta la autenticidad de tu negocio.<\/strong><br>A\u00f1ade un impulso extra de credibilidad a tu marca mostrando la actividad m\u00e1s reciente de LinkedIn directamente en la p\u00e1gina del sitio web.<\/li><\/ul><p><b>A\u00f1ade el widget de Feed de LinkedIn a tu sitio web de Squarespace para establecer confianza, mostrar autenticidad y ampliar las conexiones laborales mediante una s\u00f3lida validaci\u00f3n social.<\/b><\/p><div class=\"faq\" data-component=\"FAQ\"><div class=\"faq-item\">\r\n\t\t\t\t\t<div class=\"faq-item-question\">\r\n\t\t\t\t\t\t<h3 class=\"faq-item-question-text\">\u00bfHay otras herramientas para Squarespace que puedo usar en mi sitio web?<\/h3>\r\n\r\n\t\t\t\t\t\t<div class=\"faq-item-question-icon\"><\/div>\r\n\t\t\t\t\t<\/div>\r\n\r\n\t\t\t\t\t<div class=\"faq-item-answer\">\r\n\t\t\t\t\t\t<div class=\"faq-item-answer-text\"><p>\u00a1S\u00ed, claro! Ser usuario de Squarespace te brinda docenas de herramientas sin c\u00f3digo de Elfsight para agregar, incluido el complemento de Feed de LinkedIn. No importa el tipo de negocio que tengas ni en qu\u00e9 nicho est\u00e9s: siempre puedes aprovechar oportunidades para mostrar tus fortalezas. Considere las siguientes opciones:<\/p><ul><li>Para crear cualquier otra aplicaci\u00f3n de redes sociales sin c\u00f3digo para su sitio web de Squarespace, como el Feed de LinkedIn, pruebe el widget de <a href=\"https:\/\/elfsight.com\/pinterest-feed-widget\/\">Feed de Pinterest<\/a> o el widget de <a href=\"https:\/\/elfsight.com\/instagram-feed-instashow\/\">Feed de Instagram<\/a>.<\/li><li>Aprovecha el plugin de <a href=\"https:\/\/elfsight.com\/all-in-one-reviews-widget\/\">All-in-One Reviews<\/a> o el plugin de <a href=\"https:\/\/elfsight.com\/google-reviews-widget\/\">Google Reviews<\/a> para mostrar comentarios valiosos de los clientes.<\/li><li>Incrusta el widget de <a href=\"https:\/\/elfsight.com\/online-form-builder\/\">Form Builder<\/a> para recopilar respuestas y facilitar la comunicaci\u00f3n con tus usuarios de Squarespace.<\/li><li>A\u00f1ade el <a href=\"https:\/\/elfsight.com\/countdown-timer-widget\/\">Temporizador de cuenta regresiva<\/a> para generar emoci\u00f3n y crear un sentido de urgencia entre la audiencia.<\/li><\/ul><p>Y recuerda, estos son solo algunos ejemplos de widgets que puedes incrustar. \u00a1Explora nuestro extenso cat\u00e1logo de widgets despu\u00e9s de implementar el complemento de Feed de LinkedIn para descubrir m\u00e1s formas de cubrir las necesidades de tu negocio!<\/p><\/div>\r\n\t\t\t\t\t<\/div>\r\n\t\t\t\t<\/div><div class=\"faq-item\">\r\n\t\t\t\t\t<div class=\"faq-item-question\">\r\n\t\t\t\t\t\t<h3 class=\"faq-item-question-text\">\u00bfC\u00f3mo incrustar el Feed de LinkedIn de forma gratuita en Squarespace?<\/h3>\r\n\r\n\t\t\t\t\t\t<div class=\"faq-item-question-icon\"><\/div>\r\n\t\t\t\t\t<\/div>\r\n\r\n\t\t\t\t\t<div class=\"faq-item-answer\">\r\n\t\t\t\t\t\t<div class=\"faq-item-answer-text\"><p>Para agregar el complemento de Feed de LinkedIn sin c\u00f3digo a tu sitio web de Squarespace de forma gratuita, sigue estos pasos:<\/p><ol><li>Personaliza la apariencia del complemento de Feed de LinkedIn para complementar el dise\u00f1o de tu sitio web.<\/li><li>Inicia sesi\u00f3n en tu panel de control de Elfsight o crea un perfil de usuario gratuito.<\/li><li>Obt\u00e9n el c\u00f3digo de inserci\u00f3n generado.<\/li><li>Ve a tu sitio web de Squarespace.<\/li><li>Pega el c\u00f3digo en el editor de tu sitio web de Squarespace para agregar el plugin de Feed de LinkedIn. \u00a1Listo!<\/li><\/ol><p>Como se puede ver, no es necesario tener conocimientos de programaci\u00f3n para incrustar el plugin. Crea un widget de Feed de LinkedIn para un sitio web de Squarespace con facilidad y disfruta de las diversas ventajas que conlleva la ampliaci\u00f3n de tu audiencia.<\/p><\/div>\r\n\t\t\t\t\t<\/div>\r\n\t\t\t\t<\/div><div class=\"faq-item\">\r\n\t\t\t\t\t<div class=\"faq-item-question\">\r\n\t\t\t\t\t\t<h3 class=\"faq-item-question-text\">\u00bfNecesito saber programar o tener habilidades de programaci\u00f3n para incrustar el widget de Feed de LinkedIn en Squarespace?<\/h3>\r\n\r\n\t\t\t\t\t\t<div class=\"faq-item-question-icon\"><\/div>\r\n\t\t\t\t\t<\/div>\r\n\r\n\t\t\t\t\t<div class=\"faq-item-answer\">\r\n\t\t\t\t\t\t<div class=\"faq-item-answer-text\"><p>No, no es necesario. No se requieren habilidades de programaci\u00f3n. Puedes crear e incrustar f\u00e1cilmente el complemento de Feed de LinkedIn en tu sitio web de Squarespace, independientemente de tu experiencia previa o conocimientos de c\u00f3digo.<\/p><\/div>\r\n\t\t\t\t\t<\/div>\r\n\t\t\t\t<\/div><\/div><\/div><div class=\"application-platform-content-item-features application-platform-content-item\" id=\"features\" data-nav-section=\"features\"><h2>El widget tiene funciones \u00fatiles y sencillas de agregar. Aqu\u00ed tienes algunas de ellas:<\/h2><ul><li>Transmite una variedad de contenido: publicaciones de blogs, fotos, clips, etc.<\/li><li>Filtra las publicaciones del feed del widget por palabras clave, hashtags o URLs.<\/li><li>A\u00f1ade botones de llamada a la acci\u00f3n para aumentar la interacci\u00f3n en el feed de LinkedIn de tu empresa.<\/li><li>Efecto emergente din\u00e1mico para captar la atenci\u00f3n hacia tu contenido de LinkedIn en la p\u00e1gina web.<\/li><li>Personalizaci\u00f3n sin c\u00f3digo con ajustes avanzados de dise\u00f1o: plantillas predefinidas, generador de esquemas de color, cinco dise\u00f1os modernos, estilos de publicaciones, CSS personalizado y m\u00e1s.<\/li><\/ul><p><a href=\"#demo\">Puedes probar la funcionalidad completa del widget en la demostraci\u00f3n ahora mismo<\/a><\/p><\/div><div class=\"application-platform-content-item-installation application-platform-content-item\" id=\"installation\" data-nav-section=\"installation\"><h2>\u00bfC\u00f3mo agregar el Feed de LinkedIn a mi sitio web de \u00bfSquarespace?<\/h2><p>Si deseas agregar el widget de Feed de LinkedIn a tu sitio web de Squarespace, sigue estos pasos:<\/p><ol><li><b>Utiliza nuestro configurador gratuito y comienza a crear tu plugin de Feed de LinkedIn sin c\u00f3digo.<\/b><br> Elige el formato y las especificaciones preferidas de la herramienta y guarda las correcciones.<\/li><li><b>Obt\u00e9n tu c\u00f3digo \u00fanico que aparece en la ventana de Elfsight Apps.<\/b><br> Cuando la creaci\u00f3n de tu plugin est\u00e9 terminado, copie el c\u00f3digo individual del widget que aparece en la ventana emergente y gu\u00e1rdalo para futuras ocasiones.<\/li><li><b>Empieza a usar la herramienta en tu sitio web de Squarespace.<\/b><br> A\u00f1ade el c\u00f3digo que copiaste previamente a tu sitio web y aplica las modificaciones.<\/li><li><b>La instalaci\u00f3n est\u00e1 completamente finalizada.<\/b><br> Ve a tu sitio web para comprobar c\u00f3mo funciona el widget de Feed de LinkedIn.<\/li><\/ol><p>Si experimentas problema con el proceso de inserci\u00f3n, no dudes en ponerte en contacto con nuestro equipo de atenci\u00f3n al cliente. Estaremos encantados de ayudarte con cualquier dificultad que puedas tener con el plugin de Feed de LinkedIn sin c\u00f3digo para sitios web de Squarespace.<\/p><\/div>","protected":false},"excerpt":{"rendered":"","protected":false},"author":9,"featured_media":0,"parent":4902,"menu_order":0,"comment_status":"closed","ping_status":"closed","template":"templates\/template-application-platform.php","meta":{"publish_to_discourse":"","publish_post_category":"","wpdc_auto_publish_overridden":"","wpdc_topic_tags":"","wpdc_pin_topic":"","wpdc_pin_until":"","discourse_post_id":"","discourse_permalink":"","wpdc_publishing_response":"","wpdc_publishing_error":"","footnotes":""},"class_list":["post-5602","page","type-page","status-publish","hentry"],"yoast_head":"<!-- This site is optimized with the Yoast SEO plugin v25.3.1 - https:\/\/yoast.com\/wordpress\/plugins\/seo\/ -->\n<title>Feed de LinkedIn: agregue el complemento Feed a Squarespace [\u00a1gratis!]<\/title>\n<meta name=\"description\" content=\"Inserta el complemento LinkedIn Feed sin codificaci\u00f3n en tu sitio web de Squarespace. Cree su widget utilizando una demostraci\u00f3n en vivo y plantillas predise\u00f1adas para tener una prueba social s\u00f3lida.\" \/>\n<meta name=\"robots\" content=\"index, follow, max-snippet:-1, max-image-preview:large, max-video-preview:-1\" \/>\n<link rel=\"canonical\" href=\"https:\/\/elfsight.com\/es\/linkedin-feed-widget\/squarespace\/\" \/>\n<meta property=\"og:locale\" content=\"es_ES\" \/>\n<meta property=\"og:type\" content=\"article\" \/>\n<meta property=\"og:title\" content=\"Feed de LinkedIn: agregue el complemento Feed a Squarespace [\u00a1gratis!]\" \/>\n<meta property=\"og:description\" content=\"Inserta el complemento LinkedIn Feed sin codificaci\u00f3n en tu sitio web de Squarespace. Cree su widget utilizando una demostraci\u00f3n en vivo y plantillas predise\u00f1adas para tener una prueba social s\u00f3lida.\" \/>\n<meta property=\"og:url\" content=\"https:\/\/elfsight.com\/es\/linkedin-feed-widget\/squarespace\/\" \/>\n<meta property=\"og:site_name\" content=\"Elfsight ES\" \/>\n<meta property=\"article:modified_time\" content=\"2025-02-06T16:13:44+00:00\" \/>\n<meta name=\"twitter:card\" content=\"summary_large_image\" \/>\n<meta name=\"twitter:label1\" content=\"Tiempo de lectura\" \/>\n\t<meta name=\"twitter:data1\" content=\"5 minutos\" \/>\n<!-- \/ Yoast SEO plugin. -->","yoast_head_json":{"title":"Feed de LinkedIn: agregue el complemento Feed a Squarespace [\u00a1gratis!]","description":"Inserta el complemento LinkedIn Feed sin codificaci\u00f3n en tu sitio web de Squarespace. Cree su widget utilizando una demostraci\u00f3n en vivo y plantillas predise\u00f1adas para tener una prueba social s\u00f3lida.","robots":{"index":"index","follow":"follow","max-snippet":"max-snippet:-1","max-image-preview":"max-image-preview:large","max-video-preview":"max-video-preview:-1"},"canonical":"https:\/\/elfsight.com\/es\/linkedin-feed-widget\/squarespace\/","og_locale":"es_ES","og_type":"article","og_title":"Feed de LinkedIn: agregue el complemento Feed a Squarespace [\u00a1gratis!]","og_description":"Inserta el complemento LinkedIn Feed sin codificaci\u00f3n en tu sitio web de Squarespace. Cree su widget utilizando una demostraci\u00f3n en vivo y plantillas predise\u00f1adas para tener una prueba social s\u00f3lida.","og_url":"https:\/\/elfsight.com\/es\/linkedin-feed-widget\/squarespace\/","og_site_name":"Elfsight ES","article_modified_time":"2025-02-06T16:13:44+00:00","twitter_card":"summary_large_image","twitter_misc":{"Tiempo de lectura":"5 minutos"},"schema":{"@context":"https:\/\/schema.org","@graph":[{"@type":"WebPage","@id":"https:\/\/elfsight.com\/es\/linkedin-feed-widget\/squarespace\/","url":"https:\/\/elfsight.com\/es\/linkedin-feed-widget\/squarespace\/","name":"Feed de LinkedIn: agregue el complemento Feed a Squarespace [\u00a1gratis!]","isPartOf":{"@id":"https:\/\/elfsight.com\/es\/#website"},"datePublished":"1970-01-01T00:00:00+00:00","dateModified":"2025-02-06T16:13:44+00:00","description":"Inserta el complemento LinkedIn Feed sin codificaci\u00f3n en tu sitio web de Squarespace. Cree su widget utilizando una demostraci\u00f3n en vivo y plantillas predise\u00f1adas para tener una prueba social s\u00f3lida.","breadcrumb":{"@id":"https:\/\/elfsight.com\/es\/linkedin-feed-widget\/squarespace\/#breadcrumb"},"inLanguage":"es","potentialAction":[{"@type":"ReadAction","target":["https:\/\/elfsight.com\/es\/linkedin-feed-widget\/squarespace\/"]}]},{"@type":"BreadcrumbList","@id":"https:\/\/elfsight.com\/es\/linkedin-feed-widget\/squarespace\/#breadcrumb","itemListElement":[{"@type":"ListItem","position":1,"name":"Home","item":"https:\/\/elfsight.com\/es\/"},{"@type":"ListItem","position":2,"name":"LinkedIn Feed","item":"https:\/\/elfsight.com\/es\/linkedin-feed-widget\/"},{"@type":"ListItem","position":3,"name":"LinkedIn Feed &#8211; Squarespace"}]},{"@type":"WebSite","@id":"https:\/\/elfsight.com\/es\/#website","url":"https:\/\/elfsight.com\/es\/","name":"Elfsight ES","description":"Just another Elfsight Sites site","potentialAction":[{"@type":"SearchAction","target":{"@type":"EntryPoint","urlTemplate":"https:\/\/elfsight.com\/es\/?s={search_term_string}"},"query-input":{"@type":"PropertyValueSpecification","valueRequired":true,"valueName":"search_term_string"}}],"inLanguage":"es"}]}},"meta_box":{"industry":"","seo_heading":"","heading":"","description":"","cta_heading":"","cta_description":"","application":"4887","h1":"\u00a1C\u00f3mo incrustar el Feed de LinkedIn en Squarespace de forma gratuita!","h1_caption":"Muestre publicaciones, im\u00e1genes y clips comerciales de LinkedIn en su sitio web","application_category":[],"applications_title":"","applications_request_title":"","applications_request_button_text":"","hero_text":"","hero_video":"","hero_video_schema_markup":"","selling_points_title":"","selling_points_caption":"","selling_points":[],"selling_points_cta_text":"","features_title":"","features":"","ed_cta_examples_text":"","ed_cta_examples_hidden":"","ed_cta_demo_text":"","ed_cta_demo_hidden":"","why_caption":"","why_editor_title":"","why_editor_text":"","why_team_title":"","why_team_text":"","why_service_title":"","why_service_text":"","template_catalog_visible":"0","template_catalog_title":"","template_catalog_text":"","template_catalog_categories_visible":"","demo_title":"Crea tu complemento de feed de LinkedIn","demo_caption":"\u00a1Configura tu feed de LinkedIn y agr\u00e9galo a tu sitio web de Squarespace gratis!","default_faq_hidden":"","app_template_category":[],"platform":"100","template_public_id":"","codecanyon_url":"","codecanyon_item_id":"","codecanyon_price":"","pricing_caption":"","pricing_elfsight_apps_hide_column":"","pricing_elfsight_apps_url":"","pricing_codecanyon_price_caption":"","integration_category":[],"integration_request_title":"","integration_request_cta":"","integration_platform":"","integrations":[],"platform_category":[],"video_schema_markup":"","price":"desde $0 \/ mes","trial":"","benefits":[{"text":"Asistencia de instalaci\u00f3n gratuita"},{"text":"Soporte excepcional"},{"text":"Garant\u00eda de devoluci\u00f3n de dinero de 14 d\u00edas"},{"text":"Actualizaciones gratuitas peri\u00f3dicas"}],"button_url":"#demo","button_target_blank":"0","button_nofollow":"0","attributes":[{"name":"Instalaciones","content":"10,000 - 100,000"},{"name":"Sensible","content":"S\u00ed"},{"name":"Navegadores compatibles","content":"Firefox, Safari, Opera, Chrome, Edge"}],"tags":[],"tags_disable_links":"0","hide_more_platforms":"","video_object":"","demo_hide_cta":"0","demo_hide_cloud_options":"0","pricing_title":"","pricing":[{"pricing_icon":"platform","pricing_title":"Elfsight Apps","pricing_title_caption":"Versi\u00f3n multiplataforma que funciona en cualquier sitio web.","pricing_price":"desde $0 \/ mes","pricing_price_caption":"comienza con un plan gratuito","pricing_benefits":[{"text":"Sitios web ilimitados"},{"text":"Atenci\u00f3n al cliente dedicada"},{"text":"Asistencia de instalaci\u00f3n gratuita"},{"text":"Dise\u00f1o flexible"}],"pricing_button_text":"A\u00f1adir al sitio web","pricing_button_url":"#demo"}],"related_apps_title":"","related_apps_hidden":"0","author":"","image":[],"title":"","job":"","social_networks":[]},"_links":{"self":[{"href":"https:\/\/elfsight.com\/es\/wp-json\/wp\/v2\/pages\/5602","targetHints":{"allow":["GET"]}}],"collection":[{"href":"https:\/\/elfsight.com\/es\/wp-json\/wp\/v2\/pages"}],"about":[{"href":"https:\/\/elfsight.com\/es\/wp-json\/wp\/v2\/types\/page"}],"author":[{"embeddable":true,"href":"https:\/\/elfsight.com\/es\/wp-json\/wp\/v2\/users\/9"}],"replies":[{"embeddable":true,"href":"https:\/\/elfsight.com\/es\/wp-json\/wp\/v2\/comments?post=5602"}],"version-history":[{"count":3,"href":"https:\/\/elfsight.com\/es\/wp-json\/wp\/v2\/pages\/5602\/revisions"}],"predecessor-version":[{"id":19410,"href":"https:\/\/elfsight.com\/es\/wp-json\/wp\/v2\/pages\/5602\/revisions\/19410"}],"up":[{"embeddable":true,"href":"https:\/\/elfsight.com\/es\/wp-json\/wp\/v2\/pages\/4902"}],"wp:attachment":[{"href":"https:\/\/elfsight.com\/es\/wp-json\/wp\/v2\/media?parent=5602"}],"curies":[{"name":"wp","href":"https:\/\/api.w.org\/{rel}","templated":true}]}}