{"id":5597,"date":"1970-01-01T00:00:00","date_gmt":"1970-01-01T00:00:00","guid":{"rendered":"https:\/\/elfsight.com\/es\/?page_id=5597"},"modified":"2025-10-23T14:59:31","modified_gmt":"2025-10-23T14:59:31","slug":"shopify","status":"publish","type":"page","link":"https:\/\/elfsight.com\/es\/linkedin-feed-widget\/shopify\/","title":{"rendered":"LinkedIn Feed &#8211; Shopify"},"content":{"rendered":" <div class=\"application-platform-content-item-description application-platform-content-item\" id=\"description\" data-nav-section=\"description\"> <h2>\u00a1Incrusta el Feed de LinkedIn en Shopify de forma gratuita!<\/h2> <p>El widget de Feed de LinkedIn es la herramienta perfecta para que las empresas presenten y promocionen su contenido de LinkedIn en sitios web de Shopify: muestras publicaciones, fotos, clips, etc. La instalaci\u00f3n del widget es simple, sin necesidad de conocimientos t\u00e9cnicos ni de programaci\u00f3n.<\/p> <p>Crea un dise\u00f1o que se adapta a las preferencias de tu sitio web y mant\u00e9n la coherencia con tu marca probando atributos personalizados del feed, plantillas, dise\u00f1os y estilos de publicaciones. A\u00f1ade un efecto emergente como acci\u00f3n al hacer clic para captar la atenci\u00f3n de los usuarios. Finalmente, disfruta de una mayor confianza y una imagen de marca establecida en la industria.<\/p> <ul> <li><strong>Mejora tus canales de networking con la p\u00e1gina de empresa de LinkedIn.<\/strong><br>Establece nuevas conexiones en el mundo empresarial y aumenta el n\u00famero de leads aprovechando el contenido de tu perfil de LinkedIn.<\/li> <li><strong>Ampl\u00eda tu n\u00famero de seguidores en LinkedIn.<\/strong><br>Destaca tu presencia en LinkedIn dentro de la comunidad de usuarios de Shopify y genera un fuerte inter\u00e9s en tus ofertas.<\/li> <li><strong>Mejora la autenticidad de tu negocio.<\/strong><br>A\u00f1ade una capa extra de credibilidad y confianza a tu marca mostrando la actividad m\u00e1s reciente de LinkedIn directamente en la p\u00e1gina de tu sitio web.<\/li> <\/ul> <p><b>Incrusta el plugin de Feed de LinkedIn sin c\u00f3digo en tu sitio web de Shopify para fomentar la popularidad, promover la autenticidad y expandir tu red aprovechando una s\u00f3lida evaluaci\u00f3n social.<\/b><\/p> <div class=\"faq\" data-component=\"FAQ\"> <div class=\"faq-item\">\r\n\t\t\t\t\t<div class=\"faq-item-question\">\r\n\t\t\t\t\t\t<h3 class=\"faq-item-question-text\">\u00bfHay otras herramientas para Shopify que puedo usar en mi sitio web?<\/h3>\r\n\r\n\t\t\t\t\t\t<div class=\"faq-item-question-icon\"><\/div>\r\n\t\t\t\t\t<\/div>\r\n\r\n\t\t\t\t\t<div class=\"faq-item-answer\">\r\n\t\t\t\t\t\t<div class=\"faq-item-answer-text\"> <p>\u00a1S\u00ed, por supuesto! Como Shopify, Elfsight te ofrece docenas de usuarios de herramientas sin c\u00f3digo para agregar a tu sitio web, incluido el complemento de Feed de LinkedIn. No importa qu\u00e9 tipo de negocio tengas o en qu\u00e9 nicho trabajes, siempre hay oportunidades para mostrar tus fortalezas. Aqu\u00ed tienes algunas ideas para agregar a tu lista:<\/p> <ul> <li>Para crear cualquier otra aplicaci\u00f3n de redes sociales para tu sitio web de Shopify, similar al plugin de Feed de LinkedIn, considera usar el widget de <a href=\"https:\/\/elfsight.com\/pinterest-feed-widget\/\">Feed de Pinterest<\/a> o el widget de <a href=\"https:\/\/elfsight.com\/instagram-feed-instashow\/\">Feed de Instagram<\/a>.<\/li> <li>Aprovecha el plugin de <a href=\"https:\/\/elfsight.com\/all-in-one-reviews-widget\/\">All-in-One Reviews<\/a> o el plugin de <a href=\"https:\/\/elfsight.com\/google-reviews-widget\/\">Google Reviews<\/a> para mostrar comentarios de clientes.<\/li> <li>Incrusta el widget de <a href=\"https:\/\/elfsight.com\/online-form-builder\/\">Form Builder<\/a> para recopilar respuestas y permitir que tus usuarios de Shopify se pongan en contacto contigo.<\/li> <li>A\u00f1ade el plugin de <a href=\"https:\/\/elfsight.com\/countdown-timer-widget\/\">Temporizador de cuenta regresiva<\/a> para generar expectaci\u00f3n y crear un sentido de escasez entre la audiencia.<\/li> <\/ul> <p>Y recuerda, estos son solo algunos ejemplos de inserciones de la vasta gama de adiciones que pueden satisfacer las necesidades espec\u00edficas de tu negocio. \u00a1Comienza con el Feed de LinkedIn sin c\u00f3digo y luego explora la amplia selecci\u00f3n de widgets para agregar a tu sitio web!<\/p> <\/div>\r\n\t\t\t\t\t<\/div>\r\n\t\t\t\t<\/div> <div class=\"faq-item\">\r\n\t\t\t\t\t<div class=\"faq-item-question\">\r\n\t\t\t\t\t\t<h3 class=\"faq-item-question-text\">\u00bfC\u00f3mo incrustar el Feed de LinkedIn de forma gratuita en Shopify?<\/h3>\r\n\r\n\t\t\t\t\t\t<div class=\"faq-item-question-icon\"><\/div>\r\n\t\t\t\t\t<\/div>\r\n\r\n\t\t\t\t\t<div class=\"faq-item-answer\">\r\n\t\t\t\t\t\t<div class=\"faq-item-answer-text\"> <p>Si deseas agregar el widget de Feed de LinkedIn a tu sitio web de Shopify de forma gratuita, sigue estas instrucciones:<\/p> <ol> <li>Personaliza la apariencia del widget de Feed de LinkedIn para que coincida con el estilo de dise\u00f1o de tu sitio web.<\/li> <li>Inicia sesi\u00f3n en tu panel de control de Elfsight o crea una cuenta gratuita.<\/li> <li>Recibe el c\u00f3digo de instalaci\u00f3n \u00fanico del widget.<\/li> <li>Accede a tu sitio web de Shopify.<\/li> <li>Pega el c\u00f3digo en el constructor de tu sitio web de Shopify para agregar el plugin de Feed de LinkedIn. \u00a1Listo!<\/li> <\/ol> <p>Como es evidente, no es necesario dominar la escritura de c\u00f3digo para incrustar el complemento. Crea el widget de Feed de LinkedIn sin c\u00f3digo para un sitio web de Shopify con facilidad y disfruta de todos los beneficios que conlleva ampliar tu audiencia.<\/p> <\/div>\r\n\t\t\t\t\t<\/div>\r\n\t\t\t\t<\/div> <div class=\"faq-item\">\r\n\t\t\t\t\t<div class=\"faq-item-question\">\r\n\t\t\t\t\t\t<h3 class=\"faq-item-question-text\">\u00bfNecesito saber programar o tener habilidades de codificaci\u00f3n para agregar el Feed de LinkedIn a Shopify?<\/h3>\r\n\r\n\t\t\t\t\t\t<div class=\"faq-item-question-icon\"><\/div>\r\n\t\t\t\t\t<\/div>\r\n\r\n\t\t\t\t\t<div class=\"faq-item-answer\">\r\n\t\t\t\t\t\t<div class=\"faq-item-answer-text\"> <p>No, no es necesario. No se requieren habilidades previas de codificaci\u00f3n. Puedes e incrustar el plugin de Feed de LinkedIn en tu sitio web de Shopify, incluso sin ning\u00fan conocimiento especializado o experiencia previa en c\u00f3digo.<\/p> <\/div>\r\n\t\t\t\t\t<\/div>\r\n\t\t\t\t<\/div> <\/div> <\/div> <div class=\"application-platform-content-item-features application-platform-content-item\" id=\"features\" data-nav-section=\"features\"> <h2>Estas son solo algunas de las ricas caracter\u00edsticas del widget:<\/h2> <ul> <li>Muestra todo tipo de contenido de LinkedIn: publicaciones de blogs, fotos, clips, etc.<\/li> <li>Filtra las publicaciones del feed por palabras clave, hashtags o URLs.<\/li> <li>Botones de llamada a la acci\u00f3n para mejorar la tasa de interacci\u00f3n en el feed de LinkedIn de tu empresa.<\/li> <li>Modo emergente din\u00e1mico para captar la atenci\u00f3n hacia tu contenido de LinkedIn.<\/li> <li>Personalizaci\u00f3n sin c\u00f3digo con ajustes avanzados de dise\u00f1o: plantillas para usar, creador de esquemas de color, M\u00faltiples dise\u00f1os, estilos de publicaciones, CSS personalizado y m\u00e1s.<\/li> <\/ul> <p><a href=\"#demo\">Prueba todas las caracter\u00edsticas de personalizaci\u00f3n en una demo totalmente funcional<\/a><\/p> <\/div> <div class=\"application-platform-content-item-installation application-platform-content-item\" id=\"installation\" data-nav-section=\"installation\"> <h2>\u00bfC\u00f3mo puedo incrustar el Feed de LinkedIn en mi sitio web de Shopify?<\/h2><div class=\"video-container\">\n<iframe width=\"720\" height=\"405\" src=\"https:\/\/www.youtube.com\/embed\/mMCEA3jhXts?si=UQs3a3dJL5jW-2tp\" frameborder=\"0\" allowfullscreen=\"\"><\/iframe>\n<\/div> <p>Si deseas agregar el plugin de Feed de LinkedIn sin c\u00f3digo a tu sitio web de Shopify, realiza las siguientes acciones:<\/p> <ol> <li><b>Utiliza nuestro editor gratuito y comienza a crear tu widget personalizado de Feed de LinkedIn.<\/b><br> Especifica el dise\u00f1o y las caracter\u00edsticas seleccionadas del plugin y guarda las modificaciones.<\/li> <li><b>Obt\u00e9n el c\u00f3digo individual que aparece en la ventana emergente de Elfsight Apps.<\/b><br> Justo despu\u00e9s de la generaci\u00f3n de tu herramienta, copia el c\u00f3digo individual que aparece en la ventana emergente y gu\u00e1rdalo para su uso futuro.<\/li> <li><b>Empieza a usar el widget en tu sitio web de Shopify.<\/b><br> Agrega el c\u00f3digo que guardaste previamente a tu sitio web y aplica las correcciones.<\/li> <li><b>La instalaci\u00f3n se ha realizado con \u00e9xito.<\/b><br> Visita tu sitio web para observar el funcionamiento del plugin de Feed de LinkedIn.<\/li> <\/ol> <p>Si tienes preguntas o enfrentas alg\u00fan obst\u00e1culo durante el proceso de inserci\u00f3n, solicita asistencia a nuestro equipo de soporte. Nuestro equipo estar\u00e1 encantado de resolver todas las dificultades que puedas tener con el plugin de Feed de LinkedIn sin c\u00f3digo para sitios web de Shopify.<\/p> <\/div> ","protected":false},"excerpt":{"rendered":"","protected":false},"author":9,"featured_media":0,"parent":4902,"menu_order":0,"comment_status":"closed","ping_status":"closed","template":"templates\/template-application-platform.php","meta":{"publish_to_discourse":"","publish_post_category":"","wpdc_auto_publish_overridden":"","wpdc_topic_tags":"","wpdc_pin_topic":"","wpdc_pin_until":"","discourse_post_id":"","discourse_permalink":"","wpdc_publishing_response":"","wpdc_publishing_error":"","footnotes":""},"class_list":["post-5597","page","type-page","status-publish","hentry"],"yoast_head":"<!-- This site is optimized with the Yoast SEO plugin v25.3.1 - https:\/\/yoast.com\/wordpress\/plugins\/seo\/ -->\n<title>Feed de LinkedIn: agregue la aplicaci\u00f3n Feed a Shopify [\u00a1gratis!]<\/title>\n<meta name=\"description\" content=\"Inserta la aplicaci\u00f3n LinkedIn Feed sin codificaci\u00f3n en tu sitio web Shopify. Cree su widget utilizando una demostraci\u00f3n en vivo y plantillas predise\u00f1adas para tener una prueba social s\u00f3lida.\" \/>\n<meta name=\"robots\" content=\"index, follow, max-snippet:-1, max-image-preview:large, max-video-preview:-1\" \/>\n<link rel=\"canonical\" href=\"https:\/\/elfsight.com\/es\/linkedin-feed-widget\/shopify\/\" \/>\n<meta property=\"og:locale\" content=\"es_ES\" \/>\n<meta property=\"og:type\" content=\"article\" \/>\n<meta property=\"og:title\" content=\"Feed de LinkedIn: agregue la aplicaci\u00f3n Feed a Shopify [\u00a1gratis!]\" \/>\n<meta property=\"og:description\" content=\"Inserta la aplicaci\u00f3n LinkedIn Feed sin codificaci\u00f3n en tu sitio web Shopify. Cree su widget utilizando una demostraci\u00f3n en vivo y plantillas predise\u00f1adas para tener una prueba social s\u00f3lida.\" \/>\n<meta property=\"og:url\" content=\"https:\/\/elfsight.com\/es\/linkedin-feed-widget\/shopify\/\" \/>\n<meta property=\"og:site_name\" content=\"Elfsight ES\" \/>\n<meta property=\"article:modified_time\" content=\"2025-10-23T14:59:31+00:00\" \/>\n<meta name=\"twitter:card\" content=\"summary_large_image\" \/>\n<meta name=\"twitter:label1\" content=\"Tiempo de lectura\" \/>\n\t<meta name=\"twitter:data1\" content=\"5 minutos\" \/>\n<!-- \/ Yoast SEO plugin. -->","yoast_head_json":{"title":"Feed de LinkedIn: agregue la aplicaci\u00f3n Feed a Shopify [\u00a1gratis!]","description":"Inserta la aplicaci\u00f3n LinkedIn Feed sin codificaci\u00f3n en tu sitio web Shopify. Cree su widget utilizando una demostraci\u00f3n en vivo y plantillas predise\u00f1adas para tener una prueba social s\u00f3lida.","robots":{"index":"index","follow":"follow","max-snippet":"max-snippet:-1","max-image-preview":"max-image-preview:large","max-video-preview":"max-video-preview:-1"},"canonical":"https:\/\/elfsight.com\/es\/linkedin-feed-widget\/shopify\/","og_locale":"es_ES","og_type":"article","og_title":"Feed de LinkedIn: agregue la aplicaci\u00f3n Feed a Shopify [\u00a1gratis!]","og_description":"Inserta la aplicaci\u00f3n LinkedIn Feed sin codificaci\u00f3n en tu sitio web Shopify. Cree su widget utilizando una demostraci\u00f3n en vivo y plantillas predise\u00f1adas para tener una prueba social s\u00f3lida.","og_url":"https:\/\/elfsight.com\/es\/linkedin-feed-widget\/shopify\/","og_site_name":"Elfsight ES","article_modified_time":"2025-10-23T14:59:31+00:00","twitter_card":"summary_large_image","twitter_misc":{"Tiempo de lectura":"5 minutos"},"schema":{"@context":"https:\/\/schema.org","@graph":[{"@type":"WebPage","@id":"https:\/\/elfsight.com\/es\/linkedin-feed-widget\/shopify\/","url":"https:\/\/elfsight.com\/es\/linkedin-feed-widget\/shopify\/","name":"Feed de LinkedIn: agregue la aplicaci\u00f3n Feed a Shopify [\u00a1gratis!]","isPartOf":{"@id":"https:\/\/elfsight.com\/es\/#website"},"datePublished":"1970-01-01T00:00:00+00:00","dateModified":"2025-10-23T14:59:31+00:00","description":"Inserta la aplicaci\u00f3n LinkedIn Feed sin codificaci\u00f3n en tu sitio web Shopify. Cree su widget utilizando una demostraci\u00f3n en vivo y plantillas predise\u00f1adas para tener una prueba social s\u00f3lida.","breadcrumb":{"@id":"https:\/\/elfsight.com\/es\/linkedin-feed-widget\/shopify\/#breadcrumb"},"inLanguage":"es","potentialAction":[{"@type":"ReadAction","target":["https:\/\/elfsight.com\/es\/linkedin-feed-widget\/shopify\/"]}]},{"@type":"BreadcrumbList","@id":"https:\/\/elfsight.com\/es\/linkedin-feed-widget\/shopify\/#breadcrumb","itemListElement":[{"@type":"ListItem","position":1,"name":"Home","item":"https:\/\/elfsight.com\/es\/"},{"@type":"ListItem","position":2,"name":"LinkedIn Feed","item":"https:\/\/elfsight.com\/es\/linkedin-feed-widget\/"},{"@type":"ListItem","position":3,"name":"LinkedIn Feed &#8211; Shopify"}]},{"@type":"WebSite","@id":"https:\/\/elfsight.com\/es\/#website","url":"https:\/\/elfsight.com\/es\/","name":"Elfsight ES","description":"Just another Elfsight Sites site","potentialAction":[{"@type":"SearchAction","target":{"@type":"EntryPoint","urlTemplate":"https:\/\/elfsight.com\/es\/?s={search_term_string}"},"query-input":{"@type":"PropertyValueSpecification","valueRequired":true,"valueName":"search_term_string"}}],"inLanguage":"es"}]}},"meta_box":{"industry":"","seo_heading":"","heading":"","description":"","cta_heading":"","cta_description":"","application":"4887","h1":"\u00a1C\u00f3mo incrustar el Feed de LinkedIn en Shopify de forma gratuita!","h1_caption":"Transmita actualizaciones, im\u00e1genes y clips de la corporaci\u00f3n LinkedIn en su sitio web","application_category":[],"applications_title":"","applications_request_title":"","applications_request_button_text":"","hero_text":"","hero_video":"","hero_video_schema_markup":"","selling_points_title":"","selling_points_caption":"","selling_points":[],"selling_points_cta_text":"","features_title":"","features":"","ed_cta_examples_text":"","ed_cta_examples_hidden":"","ed_cta_demo_text":"","ed_cta_demo_hidden":"","why_caption":"","why_editor_title":"","why_editor_text":"","why_team_title":"","why_team_text":"","why_service_title":"","why_service_text":"","template_catalog_visible":"0","template_catalog_title":"","template_catalog_text":"","template_catalog_categories_visible":"","demo_title":"Crea tu aplicaci\u00f3n LinkedIn Feed","demo_caption":"\u00a1Configura tu feed de LinkedIn y agr\u00e9galo a tu sitio web de Shopify gratis!","default_faq_hidden":"","app_template_category":[],"platform":"91","template_public_id":"","codecanyon_url":"","codecanyon_item_id":"","codecanyon_price":"","pricing_caption":"","pricing_elfsight_apps_hide_column":"","pricing_elfsight_apps_url":"","pricing_codecanyon_price_caption":"","integration_category":[],"integration_request_title":"","integration_request_cta":"","integration_platform":"","integrations":[],"platform_category":[],"video_schema_markup":"","price":"desde $0 \/ mes","trial":"","benefits":[{"text":"Asistencia de instalaci\u00f3n gratuita"},{"text":"Atenci\u00f3n al cliente experimentada"},{"text":"Garant\u00eda de reembolso de 14 d\u00edas"},{"text":"Actualizando constantemente"}],"button_url":"#demo","button_target_blank":"0","button_nofollow":"0","attributes":[{"name":"Instalaciones","content":"10,000 - 100,000"},{"name":"Sensible","content":"S\u00ed"},{"name":"Navegadores compatibles","content":"Firefox, Safari, Opera, Chrome, Edge"}],"tags":[],"tags_disable_links":"0","hide_more_platforms":"0","video_object":"","demo_hide_cta":"0","demo_hide_cloud_options":"0","pricing_title":"","pricing":[{"pricing_icon":"platform","pricing_title":"Elfsight Apps","pricing_title_caption":"Versi\u00f3n independiente de la plataforma que funciona en cualquier sitio web","pricing_price":"desde $0 \/ mes","pricing_price_caption":"comienza con un plan gratuito","pricing_benefits":[{"text":"Sitios web ilimitados"},{"text":"Soporte profesional, puntual y bien documentado."},{"text":"Soporte de instalaci\u00f3n gratuito"},{"text":"Totalmente personalizable"}],"pricing_button_text":"A\u00f1adir al sitio web","pricing_button_url":"#demo"}],"related_apps_title":"","related_apps_hidden":"0","author":"","image":[],"title":"","job":"","social_networks":[]},"_links":{"self":[{"href":"https:\/\/elfsight.com\/es\/wp-json\/wp\/v2\/pages\/5597","targetHints":{"allow":["GET"]}}],"collection":[{"href":"https:\/\/elfsight.com\/es\/wp-json\/wp\/v2\/pages"}],"about":[{"href":"https:\/\/elfsight.com\/es\/wp-json\/wp\/v2\/types\/page"}],"author":[{"embeddable":true,"href":"https:\/\/elfsight.com\/es\/wp-json\/wp\/v2\/users\/9"}],"replies":[{"embeddable":true,"href":"https:\/\/elfsight.com\/es\/wp-json\/wp\/v2\/comments?post=5597"}],"version-history":[{"count":4,"href":"https:\/\/elfsight.com\/es\/wp-json\/wp\/v2\/pages\/5597\/revisions"}],"predecessor-version":[{"id":19982,"href":"https:\/\/elfsight.com\/es\/wp-json\/wp\/v2\/pages\/5597\/revisions\/19982"}],"up":[{"embeddable":true,"href":"https:\/\/elfsight.com\/es\/wp-json\/wp\/v2\/pages\/4902"}],"wp:attachment":[{"href":"https:\/\/elfsight.com\/es\/wp-json\/wp\/v2\/media?parent=5597"}],"curies":[{"name":"wp","href":"https:\/\/api.w.org\/{rel}","templated":true}]}}