{"id":5596,"date":"1970-01-01T00:00:00","date_gmt":"1970-01-01T00:00:00","guid":{"rendered":"https:\/\/elfsight.com\/es\/?page_id=5596"},"modified":"2025-02-06T16:13:53","modified_gmt":"2025-02-06T16:13:53","slug":"opencart","status":"publish","type":"page","link":"https:\/\/elfsight.com\/es\/linkedin-feed-widget\/opencart\/","title":{"rendered":"LinkedIn Feed &#8211; OpenCart"},"content":{"rendered":"<div class=\"application-platform-content-item-description application-platform-content-item\" id=\"description\" data-nav-section=\"description\"> <h2>\u00a1Incorpore LinkedIn Feed en OpenCart gratis!<\/h2> <p>El widget LinkedIn Feed est\u00e1 dise\u00f1ado especialmente para que las empresas transmitan y promocionen su contenido de LinkedIn en sitios web de OpenCart: muestre publicaciones, im\u00e1genes, videos, etc. fiel a la marca combinando atributos de feed personalizados, plantillas, dise\u00f1os y estilos de publicaci\u00f3n. Agregue un efecto emergente como acci\u00f3n posterior al clic para captar la atenci\u00f3n de los usuarios. Y finalmente, disfrute de la confianza generada y de una mejor tasa de participaci\u00f3n. <\/p> <ul><li><strong>Eleve su alcance de networking con la p\u00e1gina de empresa de LinkedIn.<\/strong><br>Inicie nuevas relaciones en el \u00e1mbito corporativo y amplifique la generaci\u00f3n de leads utilizando contenido de su perfil de LinkedIn. <\/li><li><strong>Aumente el tama\u00f1o de su audiencia de LinkedIn.<\/strong> <br>Destaque su presencia en LinkedIn entre la comunidad de usuarios del sitio web de OpenCart y evoque un inter\u00e9s significativo en sus ofertas. <\/li><li><strong>Eleve la autenticidad de su negocio.<\/strong> <br>D\u00e9 a su marca un impulso adicional en credibilidad y confiabilidad mostrando la actividad m\u00e1s reciente de LinkedIn directamente en la p\u00e1gina del sitio web.<\/li><\/ul><p><b>Agregue el complemento LinkedIn Feed sin c\u00f3digo al sitio web de OpenCart para fomentar la confiabilidad, incorporar autenticidad y ampliar la red a trav\u00e9s de una s\u00f3lida validaci\u00f3n social. <\/b><\/p> <div class=\"faq\" data-component=\"FAQ\"><div class=\"faq-item\">\r\n\t\t\t\t\t<div class=\"faq-item-question\">\r\n\t\t\t\t\t\t<h3 class=\"faq-item-question-text\">\u00bfExisten otras herramientas para OpenCart que pueda utilizar en mi sitio web? <\/h3>\r\n\r\n\t\t\t\t\t\t<div class=\"faq-item-question-icon\"><\/div>\r\n\t\t\t\t\t<\/div>\r\n\r\n\t\t\t\t\t<div class=\"faq-item-answer\">\r\n\t\t\t\t\t\t<div class=\"faq-item-answer-text\"><p>\u00a1S\u00ed, por supuesto! Como usuario del sitio web OpenCart, Elfsight le ofrece docenas de herramientas sin c\u00f3digo para agregar, incluido el complemento LinkedIn Feed. Independientemente de su tipo de negocio o su nicho dentro de la industria, siempre es beneficioso buscar oportunidades para mostrar sus fortalezas. Aqu\u00ed hay algunas posibilidades: <\/p><ul><li>Para crear cualquier otra aplicaci\u00f3n de redes sociales para su sitio web OpenCart similar a LinkedIn Feed, considere experimentar con el widget <a href=\"https:\/\/elfsight.com\/pinterest-feed-widget\/\">Pinterest Feed<\/a> o <a href=\"https:\/\/elfsight.com\/instagram-feed-instashow\/\">Instagram Feed<\/a>. <\/li><li>Opte por el complemento <a href=\"https:\/\/elfsight.com\/all-in-one-reviews-widget\/\">Rese\u00f1as todo en uno<\/a> o <a href=\"https:\/\/elfsight.com\/google-reviews-widget\/\">Rese\u00f1as de Google<\/a> para mostrar comentarios valiosos de los clientes. <\/li><li>Incorpore el widget <a href=\"https:\/\/elfsight.com\/online-form-builder\/\">Creador de formularios<\/a> para agilizar la recopilaci\u00f3n de respuestas y permitir las interacciones del usuario en su sitio web OpenCart. <\/li> <li>Agregue el <a href=\"https:\/\/elfsight.com\/countdown-timer-widget\/\">temporizador de cuenta regresiva<\/a> para fomentar la participaci\u00f3n y crear una sensaci\u00f3n de urgencia entre la audiencia. <\/li><\/ul><p>Y recuerde, estos son s\u00f3lo algunos ejemplos de inserci\u00f3n. Explore nuestro extenso cat\u00e1logo de widgets para sitios web despu\u00e9s de implementar el complemento LinkedIn Feed sin c\u00f3digo para descubrir a\u00fan m\u00e1s formas de satisfacer sus necesidades comerciales espec\u00edficas. <\/p><\/div>\r\n\t\t\t\t\t<\/div>\r\n\t\t\t\t<\/div><div class=\"faq-item\">\r\n\t\t\t\t\t<div class=\"faq-item-question\">\r\n\t\t\t\t\t\t<h3 class=\"faq-item-question-text\">\u00bfC\u00f3mo insertar LinkedIn Feed de forma gratuita en OpenCart? <\/h3>\r\n\r\n\t\t\t\t\t\t<div class=\"faq-item-question-icon\"><\/div>\r\n\t\t\t\t\t<\/div>\r\n\r\n\t\t\t\t\t<div class=\"faq-item-answer\">\r\n\t\t\t\t\t\t<div class=\"faq-item-answer-text\"><p>Si desea agregar el complemento de LinkedIn Feed a su sitio web OpenCart de forma gratuita, siga los pasos a continuaci\u00f3n: <\/p> <ol><li>Personalice el aspecto del widget de LinkedIn Feed para que coincida con sus preferencias. <\/li><li>Inicie sesi\u00f3n en su panel de control de Elfsight o cree una cuenta gratuita. <\/li><li>Reciba el c\u00f3digo de instalaci\u00f3n generado para insertar. <\/li><li>Navega hasta tu sitio web OpenCart. <\/li><li>Introduzca el c\u00f3digo en el editor de su sitio web OpenCart para agregar el widget Feed de LinkedIn. \u00a1Ya terminaste! <\/li><\/ol><p>Como se desprende del contexto, no es necesario sobresalir en la escritura de c\u00f3digo para insertar el complemento. Cree f\u00e1cilmente el widget LinkedIn Feed sin c\u00f3digo para el sitio web OpenCart y disfrute de las diversas ventajas que conlleva ampliar su alcance. <\/p><\/div>\r\n\t\t\t\t\t<\/div>\r\n\t\t\t\t<\/div><div class=\"faq-item\">\r\n\t\t\t\t\t<div class=\"faq-item-question\">\r\n\t\t\t\t\t\t<h3 class=\"faq-item-question-text\">\u00bfNecesito saber codificar o tener conocimientos de programaci\u00f3n para insertar el feed de LinkedIn en OpenCart? <\/h3>\r\n\r\n\t\t\t\t\t\t<div class=\"faq-item-question-icon\"><\/div>\r\n\t\t\t\t\t<\/div>\r\n\r\n\t\t\t\t\t<div class=\"faq-item-answer\">\r\n\t\t\t\t\t\t<div class=\"faq-item-answer-text\"><p>No. El conocimiento de la codificaci\u00f3n no es un requisito. Tiene la capacidad total de agregar y mostrar el complemento LinkedIn Feed en su sitio web OpenCart, independientemente de su experiencia previa o conocimiento de c\u00f3digo. <\/p> <\/div>\r\n\t\t\t\t\t<\/div>\r\n\t\t\t\t<\/div><\/div><div class=\"application-platform-content-item-features application-platform-content-item\" id=\"features\" data-nav-section=\"features\"><\/div> <h2>Las caracter\u00edsticas esenciales del widget incluyen<\/h2> <ul><li>Promover diversos tipos de contenido: publicaciones de blog, im\u00e1genes, clips, etc. <\/li><li>Filtrar publicaciones de noticias por palabras clave, hashtags o URL. <\/li><li>Botones de llamada a la acci\u00f3n para mejorar la tasa de participaci\u00f3n en el feed de tu empresa de LinkedIn. <\/li><li>Agregue el llamativo modo emergente para llamar la atenci\u00f3n sobre su contenido de LinkedIn. <\/li><li>Personalizaci\u00f3n avanzada sin necesidad de codificar: plantillas predise\u00f1adas, creador de combinaciones de colores, dise\u00f1os, estilos de publicaci\u00f3n, CSS personalizado, etc. <\/li><\/ul><p><a href=\"#demo\">Simplemente consulte esta demostraci\u00f3n de widget para ver c\u00f3mo funciona y agregue algunos cambios<\/a><\/p> <\/div> <div class=\"application-platform-content-item-installation application-platform-content-item\" id=\"installation\" data-nav-section=\"installation\"> <h2>\u00bfC\u00f3mo puedo \u00bfAgrego LinkedIn Feed a mi sitio web OpenCart? <\/h2> <p>Para agregar el widget LinkedIn Feed a su sitio web OpenCart, haga lo siguiente: <\/p> <ol><li><b>Realice nuestra demostraci\u00f3n gratuita y comience a crear su complemento LinkedIn Feed personalizado sin necesidad de codificar. <\/b><br> Elija la forma y las opciones preferidas del widget y guarde las ediciones. <\/li> <li><b>Adquiera el c\u00f3digo personal que aparece en la ventana de Elfsight Apps. <\/b><br> Una vez completada la generaci\u00f3n de su complemento, copie el c\u00f3digo exclusivo en la ventana que aparece y gu\u00e1rdelo para usarlo m\u00e1s adelante. <\/li> <li><b>Inicie la utilizaci\u00f3n del complemento en su sitio web OpenCart. <\/b><br>Incrusta el c\u00f3digo que has copiado recientemente en tu sitio web y aplica los ajustes. <\/li> <li><b>La instalaci\u00f3n est\u00e1 completamente realizada. <\/b><br>Vaya a su sitio web para observar c\u00f3mo funciona el complemento LinkedIn Feed. <\/li><\/ol> <p>En caso de que encuentre alg\u00fan problema sobre c\u00f3mo agregar el widget, no dude en comunicarse con nuestro personal de servicio al cliente. Nuestra gente estar\u00e1 encantada de resolver todos los problemas que pueda tener con el complemento LinkedIn Feed sin c\u00f3digo para sitios web OpenCart. <\/p> <\/div>","protected":false},"excerpt":{"rendered":"","protected":false},"author":9,"featured_media":0,"parent":4902,"menu_order":0,"comment_status":"closed","ping_status":"closed","template":"templates\/template-application-platform.php","meta":{"publish_to_discourse":"","publish_post_category":"","wpdc_auto_publish_overridden":"","wpdc_topic_tags":"","wpdc_pin_topic":"","wpdc_pin_until":"","discourse_post_id":"","discourse_permalink":"","wpdc_publishing_response":"","wpdc_publishing_error":"","footnotes":""},"class_list":["post-5596","page","type-page","status-publish","hentry"],"yoast_head":"<!-- This site is optimized with the Yoast SEO plugin v25.3.1 - https:\/\/yoast.com\/wordpress\/plugins\/seo\/ -->\n<title>Feed de LinkedIn: agregue la extensi\u00f3n Feed a OpenCart [\u00a1gratis!]<\/title>\n<meta name=\"description\" content=\"Inserte la extensi\u00f3n LinkedIn Feed sin codificaci\u00f3n en su sitio web OpenCart. Cree su widget utilizando una demostraci\u00f3n en vivo y plantillas predise\u00f1adas para tener una prueba social s\u00f3lida.\" \/>\n<meta name=\"robots\" content=\"index, follow, max-snippet:-1, max-image-preview:large, max-video-preview:-1\" \/>\n<link rel=\"canonical\" href=\"https:\/\/elfsight.com\/es\/linkedin-feed-widget\/opencart\/\" \/>\n<meta property=\"og:locale\" content=\"es_ES\" \/>\n<meta property=\"og:type\" content=\"article\" \/>\n<meta property=\"og:title\" content=\"Feed de LinkedIn: agregue la extensi\u00f3n Feed a OpenCart [\u00a1gratis!]\" \/>\n<meta property=\"og:description\" content=\"Inserte la extensi\u00f3n LinkedIn Feed sin codificaci\u00f3n en su sitio web OpenCart. Cree su widget utilizando una demostraci\u00f3n en vivo y plantillas predise\u00f1adas para tener una prueba social s\u00f3lida.\" \/>\n<meta property=\"og:url\" content=\"https:\/\/elfsight.com\/es\/linkedin-feed-widget\/opencart\/\" \/>\n<meta property=\"og:site_name\" content=\"Elfsight ES\" \/>\n<meta property=\"article:modified_time\" content=\"2025-02-06T16:13:53+00:00\" \/>\n<meta name=\"twitter:card\" content=\"summary_large_image\" \/>\n<meta name=\"twitter:label1\" content=\"Tiempo de lectura\" \/>\n\t<meta name=\"twitter:data1\" content=\"5 minutos\" \/>\n<!-- \/ Yoast SEO plugin. -->","yoast_head_json":{"title":"Feed de LinkedIn: agregue la extensi\u00f3n Feed a OpenCart [\u00a1gratis!]","description":"Inserte la extensi\u00f3n LinkedIn Feed sin codificaci\u00f3n en su sitio web OpenCart. Cree su widget utilizando una demostraci\u00f3n en vivo y plantillas predise\u00f1adas para tener una prueba social s\u00f3lida.","robots":{"index":"index","follow":"follow","max-snippet":"max-snippet:-1","max-image-preview":"max-image-preview:large","max-video-preview":"max-video-preview:-1"},"canonical":"https:\/\/elfsight.com\/es\/linkedin-feed-widget\/opencart\/","og_locale":"es_ES","og_type":"article","og_title":"Feed de LinkedIn: agregue la extensi\u00f3n Feed a OpenCart [\u00a1gratis!]","og_description":"Inserte la extensi\u00f3n LinkedIn Feed sin codificaci\u00f3n en su sitio web OpenCart. Cree su widget utilizando una demostraci\u00f3n en vivo y plantillas predise\u00f1adas para tener una prueba social s\u00f3lida.","og_url":"https:\/\/elfsight.com\/es\/linkedin-feed-widget\/opencart\/","og_site_name":"Elfsight ES","article_modified_time":"2025-02-06T16:13:53+00:00","twitter_card":"summary_large_image","twitter_misc":{"Tiempo de lectura":"5 minutos"},"schema":{"@context":"https:\/\/schema.org","@graph":[{"@type":"WebPage","@id":"https:\/\/elfsight.com\/es\/linkedin-feed-widget\/opencart\/","url":"https:\/\/elfsight.com\/es\/linkedin-feed-widget\/opencart\/","name":"Feed de LinkedIn: agregue la extensi\u00f3n Feed a OpenCart [\u00a1gratis!]","isPartOf":{"@id":"https:\/\/elfsight.com\/es\/#website"},"datePublished":"1970-01-01T00:00:00+00:00","dateModified":"2025-02-06T16:13:53+00:00","description":"Inserte la extensi\u00f3n LinkedIn Feed sin codificaci\u00f3n en su sitio web OpenCart. Cree su widget utilizando una demostraci\u00f3n en vivo y plantillas predise\u00f1adas para tener una prueba social s\u00f3lida.","breadcrumb":{"@id":"https:\/\/elfsight.com\/es\/linkedin-feed-widget\/opencart\/#breadcrumb"},"inLanguage":"es","potentialAction":[{"@type":"ReadAction","target":["https:\/\/elfsight.com\/es\/linkedin-feed-widget\/opencart\/"]}]},{"@type":"BreadcrumbList","@id":"https:\/\/elfsight.com\/es\/linkedin-feed-widget\/opencart\/#breadcrumb","itemListElement":[{"@type":"ListItem","position":1,"name":"Home","item":"https:\/\/elfsight.com\/es\/"},{"@type":"ListItem","position":2,"name":"LinkedIn Feed","item":"https:\/\/elfsight.com\/es\/linkedin-feed-widget\/"},{"@type":"ListItem","position":3,"name":"LinkedIn Feed &#8211; OpenCart"}]},{"@type":"WebSite","@id":"https:\/\/elfsight.com\/es\/#website","url":"https:\/\/elfsight.com\/es\/","name":"Elfsight ES","description":"Just another Elfsight Sites site","potentialAction":[{"@type":"SearchAction","target":{"@type":"EntryPoint","urlTemplate":"https:\/\/elfsight.com\/es\/?s={search_term_string}"},"query-input":{"@type":"PropertyValueSpecification","valueRequired":true,"valueName":"search_term_string"}}],"inLanguage":"es"}]}},"meta_box":{"industry":"","seo_heading":"","heading":"","description":"","cta_heading":"","cta_description":"","application":"4887","h1":"\u00a1C\u00f3mo insertar LinkedIn Feed en OpenCart gratis!","h1_caption":"Muestre las publicaciones, im\u00e1genes y videos de la empresa de LinkedIn en su sitio web","application_category":[],"applications_title":"","applications_request_title":"","applications_request_button_text":"","hero_text":"","hero_video":"","hero_video_schema_markup":"","selling_points_title":"","selling_points_caption":"","selling_points":[],"selling_points_cta_text":"","features_title":"","features":"","ed_cta_examples_text":"","ed_cta_examples_hidden":"","ed_cta_demo_text":"","ed_cta_demo_hidden":"","why_caption":"","why_editor_title":"","why_editor_text":"","why_team_title":"","why_team_text":"","why_service_title":"","why_service_text":"","template_catalog_visible":"","template_catalog_title":"","template_catalog_text":"","template_catalog_categories_visible":"","demo_title":"Crea tu extensi\u00f3n de feed de LinkedIn","demo_caption":"\u00a1Configure su feed de LinkedIn y agr\u00e9guelo a su sitio web OpenCart de forma gratuita!","default_faq_hidden":"","app_template_category":[],"platform":"88","template_public_id":"","codecanyon_url":"","codecanyon_item_id":"","codecanyon_price":"","pricing_caption":"","pricing_elfsight_apps_hide_column":"","pricing_elfsight_apps_url":"","pricing_codecanyon_price_caption":"","integration_category":[],"integration_request_title":"","integration_request_cta":"","integration_platform":"","integrations":[],"platform_category":[],"video_schema_markup":"","price":"desde $0 \/ mes","trial":"","benefits":[{"text":"Asistencia de instalaci\u00f3n gratuita"},{"text":"Soporte excepcional"},{"text":"Garant\u00eda de reembolso de 14 d\u00edas"},{"text":"Desarrollo continuo"}],"button_url":"#demo","button_target_blank":"","button_nofollow":"","attributes":[{"name":"Instalaciones","content":"10,000 - 100,000"},{"name":"Sensible","content":"S\u00ed"},{"name":"Navegadores compatibles","content":"Firefox, Safari, Opera, Chrome, Edge"}],"tags":[],"tags_disable_links":"","hide_more_platforms":"","video_object":"","demo_hide_cta":"","demo_hide_cloud_options":"","pricing_title":"","pricing":[{"pricing_icon":"platform","pricing_title":"Elfsight Apps","pricing_title_caption":"Versi\u00f3n independiente de plataforma que se adapta a cualquier sitio web","pricing_price":"desde $0 \/ mes","pricing_price_caption":"Comience con un plan gratuito","pricing_benefits":[{"text":"Sitios web ilimitados"},{"text":"Soporte gratuito de la empresa y bien documentado."},{"text":"Soporte de instalaci\u00f3n gratuito"},{"text":"100% personalizable"}],"pricing_button_text":"A\u00f1adir al sitio web","pricing_button_url":"#demo"}],"related_apps_title":"","related_apps_hidden":"","author":"","image":[],"title":"","job":"","social_networks":[]},"_links":{"self":[{"href":"https:\/\/elfsight.com\/es\/wp-json\/wp\/v2\/pages\/5596","targetHints":{"allow":["GET"]}}],"collection":[{"href":"https:\/\/elfsight.com\/es\/wp-json\/wp\/v2\/pages"}],"about":[{"href":"https:\/\/elfsight.com\/es\/wp-json\/wp\/v2\/types\/page"}],"author":[{"embeddable":true,"href":"https:\/\/elfsight.com\/es\/wp-json\/wp\/v2\/users\/9"}],"replies":[{"embeddable":true,"href":"https:\/\/elfsight.com\/es\/wp-json\/wp\/v2\/comments?post=5596"}],"version-history":[{"count":2,"href":"https:\/\/elfsight.com\/es\/wp-json\/wp\/v2\/pages\/5596\/revisions"}],"predecessor-version":[{"id":19412,"href":"https:\/\/elfsight.com\/es\/wp-json\/wp\/v2\/pages\/5596\/revisions\/19412"}],"up":[{"embeddable":true,"href":"https:\/\/elfsight.com\/es\/wp-json\/wp\/v2\/pages\/4902"}],"wp:attachment":[{"href":"https:\/\/elfsight.com\/es\/wp-json\/wp\/v2\/media?parent=5596"}],"curies":[{"name":"wp","href":"https:\/\/api.w.org\/{rel}","templated":true}]}}