{"id":5589,"date":"1970-01-01T00:00:00","date_gmt":"1970-01-01T00:00:00","guid":{"rendered":"https:\/\/elfsight.com\/es\/?page_id=5589"},"modified":"2025-02-06T16:14:01","modified_gmt":"2025-02-06T16:14:01","slug":"jquery","status":"publish","type":"page","link":"https:\/\/elfsight.com\/es\/linkedin-feed-widget\/jquery\/","title":{"rendered":"LinkedIn Feed &#8211; jQuery"},"content":{"rendered":"<div class=\"application-platform-content-item-description application-platform-content-item\" id=\"description\" data-nav-section=\"description\"> <h2>\u00a1Incorpore LinkedIn Feed en jQuery gratis!<\/h2> <p>El widget LinkedIn Feed es la soluci\u00f3n ideal para que las empresas compartan y promocionen su contenido de LinkedIn en sitios web jQuery: muestre publicaciones, im\u00e1genes, clips, etc. La instalaci\u00f3n del complemento lleva unos minutos; no se requieren conocimientos t\u00e9cnicos ni de codificaci\u00f3n. <\/p> <p>Cree un estilo de feed que se ajuste a las preferencias de su sitio web y siga las tendencias jugando con atributos de feed, plantillas, dise\u00f1os y estilos de publicaci\u00f3n personalizados. Agregue un modo emergente como acci\u00f3n posterior al clic para captar la atenci\u00f3n de los usuarios. Por \u00faltimo, disfrute de la confianza generada y de m\u00e1s oportunidades de marca.<\/p> <ul><li><strong>Mejore sus canales de networking con la p\u00e1gina de empresa de LinkedIn.<\/strong><br>Inicie nuevas conexiones en el mundo del comercio y aumente la generaci\u00f3n de leads utilizando el contenido de su perfil de LinkedIn.<\/li><li><strong>Aumente su base de audiencia de LinkedIn.<\/strong> <br>Atraiga la atenci\u00f3n a su LinkedIn dentro de la comunidad del sitio web jQuery y fomente un inter\u00e9s significativo en sus servicios.<\/li><li><strong>Mejore la autenticidad de su negocio.<\/strong> <br>Agregue a su marca un impulso adicional en credibilidad y confiabilidad integrando la actividad m\u00e1s reciente de LinkedIn directamente en la p\u00e1gina del sitio web. <\/li><\/ul><p><b>Incorpore el complemento LinkedIn Feed sin c\u00f3digo en el sitio web de jQuery para generar confiabilidad, promover la autenticidad y ampliar las oportunidades de networking con pruebas sociales s\u00f3lidas.<\/b><\/p> <div class=\"faq\" data-component=\"FAQ\"><div class=\"faq-item\">\r\n\t\t\t\t\t<div class=\"faq-item-question\">\r\n\t\t\t\t\t\t<h3 class=\"faq-item-question-text\">\u00bfHay otras herramientas para jQuery que pueda usar en mi sitio web? <\/h3>\r\n\r\n\t\t\t\t\t\t<div class=\"faq-item-question-icon\"><\/div>\r\n\t\t\t\t\t<\/div>\r\n\r\n\t\t\t\t\t<div class=\"faq-item-answer\">\r\n\t\t\t\t\t\t<div class=\"faq-item-answer-text\"><p>\u00a1S\u00ed, por supuesto! Como usuario de jQuery, puede obtener una amplia selecci\u00f3n de herramientas sin c\u00f3digo de Elfsight para agregar a su sitio web, incluido el complemento LinkedIn Feed. Independientemente de su tipo de negocio o su nicho dentro de la industria, siempre hay oportunidades para mostrar sus fortalezas. Por ejemplo: <\/p><ul><li>Para crear cualquier otra aplicaci\u00f3n de redes sociales para su sitio web jQuery, considere usar el widget <a href=\"https:\/\/elfsight.com\/pinterest-feed-widget\/\">Feed de Pinterest<\/a> o <a href=\"https:\/\/elfsight.com\/instagram-feed-instashow\/\">Feed de Instagram<\/a> junto con el feed de LinkedIn. <\/li><li>Aproveche el complemento <a href=\"https:\/\/elfsight.com\/all-in-one-reviews-widget\/\">Rese\u00f1as todo en uno<\/a> o <a href=\"https:\/\/elfsight.com\/google-reviews-widget\/\">Rese\u00f1as de Google<\/a> para mostrar los comentarios de los clientes. <\/li><li>Integre el <a href=\"https:\/\/elfsight.com\/online-form-builder\/\">Creador de formularios<\/a> para agilizar la recopilaci\u00f3n de respuestas y permitir que sus usuarios de jQuery se comuniquen con usted. <\/li> <li>Agregue el <a href=\"https:\/\/elfsight.com\/countdown-timer-widget\/\">temporizador de cuenta regresiva<\/a> para generar entusiasmo y crear una sensaci\u00f3n de escasez entre la audiencia. <\/li><\/ul><p>Estos ejemplos solo tocan la superficie de una larga lista de adiciones que pueden satisfacer los requisitos de su negocio. \u00a1Comience con LinkedIn Feed sin c\u00f3digo y luego explore la variedad restante de widgets en nuestro cat\u00e1logo! <\/p><\/div>\r\n\t\t\t\t\t<\/div>\r\n\t\t\t\t<\/div><div class=\"faq-item\">\r\n\t\t\t\t\t<div class=\"faq-item-question\">\r\n\t\t\t\t\t\t<h3 class=\"faq-item-question-text\">\u00bfC\u00f3mo insertar LinkedIn Feed gratis en jQuery? <\/h3>\r\n\r\n\t\t\t\t\t\t<div class=\"faq-item-question-icon\"><\/div>\r\n\t\t\t\t\t<\/div>\r\n\r\n\t\t\t\t\t<div class=\"faq-item-answer\">\r\n\t\t\t\t\t\t<div class=\"faq-item-answer-text\"><p>Para agregar el widget LinkedIn Feed a su sitio web jQuery de forma gratuita, siga los siguientes pasos: <\/p> <ol><li>Personalice el aspecto del complemento LinkedIn Feed sin c\u00f3digo para que coincida con su est\u00e9tica. <\/li><li>Inicie sesi\u00f3n en el panel de control de Elfsight o cree una cuenta gratuita. <\/li><li>Obtenga el c\u00f3digo de inserci\u00f3n \u00fanico para agregar. <\/li><li>Vaya a su sitio web jQuery. <\/li><li>Introduzca el c\u00f3digo en su creador de sitios web jQuery para agregar el widget Feed de LinkedIn. \u00a1Es as\u00ed de simple! <\/li><\/ol><p>Como se desprende del contexto, no es necesario sobresalir en la escritura de c\u00f3digo para insertar el complemento. Cree un widget de LinkedIn Feed para un sitio web jQuery con facilidad y disfrute de todas las ventajas que conlleva ampliar su audiencia. <\/p><\/div>\r\n\t\t\t\t\t<\/div>\r\n\t\t\t\t<\/div><div class=\"faq-item\">\r\n\t\t\t\t\t<div class=\"faq-item-question\">\r\n\t\t\t\t\t\t<h3 class=\"faq-item-question-text\">\u00bfNecesito saber codificar o tener habilidades de programaci\u00f3n para agregar el complemento LinkedIn Feed al sitio web jQuery? <\/h3>\r\n\r\n\t\t\t\t\t\t<div class=\"faq-item-question-icon\"><\/div>\r\n\t\t\t\t\t<\/div>\r\n\r\n\t\t\t\t\t<div class=\"faq-item-answer\">\r\n\t\t\t\t\t\t<div class=\"faq-item-answer-text\"><p>En absoluto. El conocimiento de la codificaci\u00f3n no es imprescindible. Puede crear y agregar f\u00e1cilmente el complemento LinkedIn Feed a su sitio web jQuery, independientemente de su familiaridad o experiencia en codificaci\u00f3n. <\/p> <\/div>\r\n\t\t\t\t\t<\/div>\r\n\t\t\t\t<\/div><\/div><div class=\"application-platform-content-item-features application-platform-content-item\" id=\"features\" data-nav-section=\"features\"><\/div> <h2>Explora la lista de las funciones de widget m\u00e1s \u00fatiles: <\/h2> <ul><li>Muestra diversos tipos de contenido de LinkedIn: publicaciones de blog, fotos, v\u00eddeos, etc. <\/li><li>Filtrar publicaciones del feed por palabras clave, hashtags o URL. <\/li><li>Botones de llamada a la acci\u00f3n para aumentar la participaci\u00f3n en el feed de LinkedIn de su empresa. <\/li><li>Efecto emergente din\u00e1mico para llamar la atenci\u00f3n sobre tu contenido de LinkedIn. <\/li><li>Personalizaci\u00f3n sin c\u00f3digo con configuraciones de dise\u00f1o avanzadas: plantillas predise\u00f1adas, generador de combinaci\u00f3n de colores, m\u00faltiples dise\u00f1os de dise\u00f1o, estilos de publicaci\u00f3n, CSS personalizado y m\u00e1s. <\/li><\/ul><p><a href=\"#demo\">Pruebe todas las funciones de personalizaci\u00f3n en la demostraci\u00f3n del widget con todas las funciones<\/a><\/p> <\/div> <div class=\"application-platform-content-item-installation application-platform-content-item\" id=\"installation\" data-nav-section=\"installation\"> <h2>\u00bfC\u00f3mo agregar LinkedIn Feed a mi sitio web jQuery? <\/h2> <p>Para agregar el complemento LinkedIn Feed a su sitio web jQuery, realice las siguientes acciones: <\/p> <ol><li><b>Utilice nuestra demostraci\u00f3n gratuita y comience a crear su complemento LinkedIn Feed sin c\u00f3digo. <\/b><br> Elija el dise\u00f1o y las especificaciones que desee para el widget y guarde las correcciones. <\/li> <li><b>Obtenga el c\u00f3digo \u00fanico que aparece en la ventana de Elfsight Apps. <\/b><br> Cuando finalice la creaci\u00f3n de su complemento personal, copie el c\u00f3digo exclusivo en la ventana emergente y gu\u00e1rdelo para su uso posterior. <\/li> <li><b>Comience a utilizar el widget en su sitio web jQuery. <\/b><br>Incrusta el c\u00f3digo guardado recientemente en tu sitio web y aplica las modificaciones. <\/li> <li><b>La configuraci\u00f3n se realiz\u00f3 correctamente. <\/b><br>Visite su sitio web para revisar c\u00f3mo funciona el widget Feed de LinkedIn. <\/li><\/ol> <p>Si tiene preguntas o tiene alg\u00fan problema sobre c\u00f3mo agregar el widget, no dude en ponerse en contacto con nuestro equipo de soporte. Nuestra gente desea ayudarle con todos los problemas que pueda tener con el complemento LinkedIn Feed sin c\u00f3digo para sitios web jQuery.<\/p> <\/div>","protected":false},"excerpt":{"rendered":"","protected":false},"author":9,"featured_media":0,"parent":4902,"menu_order":0,"comment_status":"closed","ping_status":"closed","template":"templates\/template-application-platform.php","meta":{"publish_to_discourse":"","publish_post_category":"","wpdc_auto_publish_overridden":"","wpdc_topic_tags":"","wpdc_pin_topic":"","wpdc_pin_until":"","discourse_post_id":"","discourse_permalink":"","wpdc_publishing_response":"","wpdc_publishing_error":"","footnotes":""},"class_list":["post-5589","page","type-page","status-publish","hentry"],"yoast_head":"<!-- This site is optimized with the Yoast SEO plugin v25.3.1 - https:\/\/yoast.com\/wordpress\/plugins\/seo\/ -->\n<title>Feed de LinkedIn: agregue el complemento Feed a jQuery [\u00a1gratis!]<\/title>\n<meta name=\"description\" content=\"Inserta el complemento LinkedIn Feed sin codificaci\u00f3n en tu sitio web jQuery. Cree su widget utilizando una demostraci\u00f3n en vivo y plantillas predise\u00f1adas para tener una prueba social s\u00f3lida.\" \/>\n<meta name=\"robots\" content=\"index, follow, max-snippet:-1, max-image-preview:large, max-video-preview:-1\" \/>\n<link rel=\"canonical\" href=\"https:\/\/elfsight.com\/es\/linkedin-feed-widget\/jquery\/\" \/>\n<meta property=\"og:locale\" content=\"es_ES\" \/>\n<meta property=\"og:type\" content=\"article\" \/>\n<meta property=\"og:title\" content=\"Feed de LinkedIn: agregue el complemento Feed a jQuery [\u00a1gratis!]\" \/>\n<meta property=\"og:description\" content=\"Inserta el complemento LinkedIn Feed sin codificaci\u00f3n en tu sitio web jQuery. Cree su widget utilizando una demostraci\u00f3n en vivo y plantillas predise\u00f1adas para tener una prueba social s\u00f3lida.\" \/>\n<meta property=\"og:url\" content=\"https:\/\/elfsight.com\/es\/linkedin-feed-widget\/jquery\/\" \/>\n<meta property=\"og:site_name\" content=\"Elfsight ES\" \/>\n<meta property=\"article:modified_time\" content=\"2025-02-06T16:14:01+00:00\" \/>\n<meta name=\"twitter:card\" content=\"summary_large_image\" \/>\n<meta name=\"twitter:label1\" content=\"Tiempo de lectura\" \/>\n\t<meta name=\"twitter:data1\" content=\"5 minutos\" \/>\n<!-- \/ Yoast SEO plugin. -->","yoast_head_json":{"title":"Feed de LinkedIn: agregue el complemento Feed a jQuery [\u00a1gratis!]","description":"Inserta el complemento LinkedIn Feed sin codificaci\u00f3n en tu sitio web jQuery. Cree su widget utilizando una demostraci\u00f3n en vivo y plantillas predise\u00f1adas para tener una prueba social s\u00f3lida.","robots":{"index":"index","follow":"follow","max-snippet":"max-snippet:-1","max-image-preview":"max-image-preview:large","max-video-preview":"max-video-preview:-1"},"canonical":"https:\/\/elfsight.com\/es\/linkedin-feed-widget\/jquery\/","og_locale":"es_ES","og_type":"article","og_title":"Feed de LinkedIn: agregue el complemento Feed a jQuery [\u00a1gratis!]","og_description":"Inserta el complemento LinkedIn Feed sin codificaci\u00f3n en tu sitio web jQuery. Cree su widget utilizando una demostraci\u00f3n en vivo y plantillas predise\u00f1adas para tener una prueba social s\u00f3lida.","og_url":"https:\/\/elfsight.com\/es\/linkedin-feed-widget\/jquery\/","og_site_name":"Elfsight ES","article_modified_time":"2025-02-06T16:14:01+00:00","twitter_card":"summary_large_image","twitter_misc":{"Tiempo de lectura":"5 minutos"},"schema":{"@context":"https:\/\/schema.org","@graph":[{"@type":"WebPage","@id":"https:\/\/elfsight.com\/es\/linkedin-feed-widget\/jquery\/","url":"https:\/\/elfsight.com\/es\/linkedin-feed-widget\/jquery\/","name":"Feed de LinkedIn: agregue el complemento Feed a jQuery [\u00a1gratis!]","isPartOf":{"@id":"https:\/\/elfsight.com\/es\/#website"},"datePublished":"1970-01-01T00:00:00+00:00","dateModified":"2025-02-06T16:14:01+00:00","description":"Inserta el complemento LinkedIn Feed sin codificaci\u00f3n en tu sitio web jQuery. Cree su widget utilizando una demostraci\u00f3n en vivo y plantillas predise\u00f1adas para tener una prueba social s\u00f3lida.","breadcrumb":{"@id":"https:\/\/elfsight.com\/es\/linkedin-feed-widget\/jquery\/#breadcrumb"},"inLanguage":"es","potentialAction":[{"@type":"ReadAction","target":["https:\/\/elfsight.com\/es\/linkedin-feed-widget\/jquery\/"]}]},{"@type":"BreadcrumbList","@id":"https:\/\/elfsight.com\/es\/linkedin-feed-widget\/jquery\/#breadcrumb","itemListElement":[{"@type":"ListItem","position":1,"name":"Home","item":"https:\/\/elfsight.com\/es\/"},{"@type":"ListItem","position":2,"name":"LinkedIn Feed","item":"https:\/\/elfsight.com\/es\/linkedin-feed-widget\/"},{"@type":"ListItem","position":3,"name":"LinkedIn Feed &#8211; jQuery"}]},{"@type":"WebSite","@id":"https:\/\/elfsight.com\/es\/#website","url":"https:\/\/elfsight.com\/es\/","name":"Elfsight ES","description":"Just another Elfsight Sites site","potentialAction":[{"@type":"SearchAction","target":{"@type":"EntryPoint","urlTemplate":"https:\/\/elfsight.com\/es\/?s={search_term_string}"},"query-input":{"@type":"PropertyValueSpecification","valueRequired":true,"valueName":"search_term_string"}}],"inLanguage":"es"}]}},"meta_box":{"industry":"","seo_heading":"","heading":"","description":"","cta_heading":"","cta_description":"","application":"4887","h1":"\u00a1C\u00f3mo insertar LinkedIn Feed en jQuery gratis!","h1_caption":"Transmita actualizaciones, im\u00e1genes y videos de la corporaci\u00f3n LinkedIn en su sitio web","application_category":[],"applications_title":"","applications_request_title":"","applications_request_button_text":"","hero_text":"","hero_video":"","hero_video_schema_markup":"","selling_points_title":"","selling_points_caption":"","selling_points":[],"selling_points_cta_text":"","features_title":"","features":"","ed_cta_examples_text":"","ed_cta_examples_hidden":"","ed_cta_demo_text":"","ed_cta_demo_hidden":"","why_caption":"","why_editor_title":"","why_editor_text":"","why_team_title":"","why_team_text":"","why_service_title":"","why_service_text":"","template_catalog_visible":"","template_catalog_title":"","template_catalog_text":"","template_catalog_categories_visible":"","demo_title":"Crea tu complemento de feed de LinkedIn","demo_caption":"\u00a1Configura tu feed de LinkedIn y agr\u00e9galo a tu sitio web jQuery gratis!","default_faq_hidden":"","app_template_category":[],"platform":"76","template_public_id":"","codecanyon_url":"","codecanyon_item_id":"","codecanyon_price":"","pricing_caption":"","pricing_elfsight_apps_hide_column":"","pricing_elfsight_apps_url":"","pricing_codecanyon_price_caption":"","integration_category":[],"integration_request_title":"","integration_request_cta":"","integration_platform":"","integrations":[],"platform_category":[],"video_schema_markup":"","price":"desde $0 \/ mes","trial":"","benefits":[{"text":"Ayuda de instalaci\u00f3n gratuita"},{"text":"Servicio al cliente eficaz"},{"text":"Garant\u00eda de reembolso de 14 d\u00edas"},{"text":"Actualizaciones futuras"}],"button_url":"#demo","button_target_blank":"","button_nofollow":"","attributes":[{"name":"Instalaciones","content":"10,000 - 100,000"},{"name":"Sensible","content":"S\u00ed"},{"name":"Navegadores compatibles","content":"Firefox, Safari, Opera, Chrome, Edge"}],"tags":[],"tags_disable_links":"","hide_more_platforms":"","video_object":"","demo_hide_cta":"","demo_hide_cloud_options":"","pricing_title":"","pricing":[{"pricing_icon":"platform","pricing_title":"Elfsight Apps","pricing_title_caption":"Versi\u00f3n multiplataforma que se adapta a cualquier sitio web","pricing_price":"desde $0 \/ mes","pricing_price_caption":"Comience con un plan gratuito","pricing_benefits":[{"text":"Sitios web ilimitados"},{"text":"Soporte 24 horas al d\u00eda, 7 d\u00edas a la semana y bien documentado."},{"text":"Asistencia de instalaci\u00f3n gratuita"},{"text":"Totalmente personalizable"}],"pricing_button_text":"A\u00f1adir al sitio web","pricing_button_url":"#demo"}],"related_apps_title":"","related_apps_hidden":"","author":"","image":[],"title":"","job":"","social_networks":[]},"_links":{"self":[{"href":"https:\/\/elfsight.com\/es\/wp-json\/wp\/v2\/pages\/5589","targetHints":{"allow":["GET"]}}],"collection":[{"href":"https:\/\/elfsight.com\/es\/wp-json\/wp\/v2\/pages"}],"about":[{"href":"https:\/\/elfsight.com\/es\/wp-json\/wp\/v2\/types\/page"}],"author":[{"embeddable":true,"href":"https:\/\/elfsight.com\/es\/wp-json\/wp\/v2\/users\/9"}],"replies":[{"embeddable":true,"href":"https:\/\/elfsight.com\/es\/wp-json\/wp\/v2\/comments?post=5589"}],"version-history":[{"count":2,"href":"https:\/\/elfsight.com\/es\/wp-json\/wp\/v2\/pages\/5589\/revisions"}],"predecessor-version":[{"id":19415,"href":"https:\/\/elfsight.com\/es\/wp-json\/wp\/v2\/pages\/5589\/revisions\/19415"}],"up":[{"embeddable":true,"href":"https:\/\/elfsight.com\/es\/wp-json\/wp\/v2\/pages\/4902"}],"wp:attachment":[{"href":"https:\/\/elfsight.com\/es\/wp-json\/wp\/v2\/media?parent=5589"}],"curies":[{"name":"wp","href":"https:\/\/api.w.org\/{rel}","templated":true}]}}