{"id":5587,"date":"1970-01-01T00:00:00","date_gmt":"1970-01-01T00:00:00","guid":{"rendered":"https:\/\/elfsight.com\/es\/?page_id=5587"},"modified":"2025-02-06T16:14:01","modified_gmt":"2025-02-06T16:14:01","slug":"iframe","status":"publish","type":"page","link":"https:\/\/elfsight.com\/es\/linkedin-feed-widget\/iframe\/","title":{"rendered":"LinkedIn Feed &#8211; iFrame"},"content":{"rendered":"<div class=\"application-platform-content-item-description application-platform-content-item\" id=\"description\" data-nav-section=\"description\"> <h2>\u00a1Incorpore LinkedIn Feed en iFrame de forma gratuita!<\/h2> <p>El complemento LinkedIn Feed sin c\u00f3digo brinda una oportunidad innovadora para que las empresas muestren y publiciten su contenido de LinkedIn en sitios web iFrame: muestre publicaciones, im\u00e1genes, clips, etc. La integraci\u00f3n del complemento es perfecta: no se requieren conocimientos de codificaci\u00f3n o programaci\u00f3n.<\/p> <p>Cree un cree un aspecto que refleje las preferencias de su sitio web y experimente probando elementos de feed, plantillas, dise\u00f1os y estilos de publicaci\u00f3n personalizados. Agregue un efecto emergente como acci\u00f3n posterior al clic para captar la atenci\u00f3n de los usuarios. Y, por \u00faltimo, experimente una mayor credibilidad y m\u00e1s oportunidades de marca.<\/p> <ul><li><strong>Mejore sus canales de networking con la p\u00e1gina de empresa de LinkedIn.<\/strong><br>Inicie nuevas relaciones en el \u00e1mbito empresarial y ampl\u00ede el n\u00famero de clientes potenciales aprovechando el contenido de su perfil de LinkedIn.<\/li><li><strong>Aumente su base de audiencia de LinkedIn.<\/strong><br>Destaque su presencia en LinkedIn entre los usuarios del sitio web iFrame y fomente un fuerte inter\u00e9s en sus ofertas.<\/li><li><strong>Haga su negocio parezca m\u00e1s genuino.<\/strong><br>Agregue a su marca un impulso adicional en credibilidad y confiabilidad mostrando la \u00faltima actividad de LinkedIn directamente en la p\u00e1gina del sitio web.<\/li><\/ul><p><b>Agregue el widget Feed de LinkedIn al sitio web de iFrame para reforzar la confianza, amplificar la autenticidad y ampliar su red aprovechando pruebas sociales s\u00f3lidas.<\/b><\/p><div class=\"faq\" data-component=\"FAQ\"><div class=\"faq-item\">\r\n\t\t\t\t\t<div class=\"faq-item-question\">\r\n\t\t\t\t\t\t<h3 class=\"faq-item-question-text\">\u00bfExisten otras herramientas para iFrame que pueda usar en mi sitio web?<\/h3>\r\n\r\n\t\t\t\t\t\t<div class=\"faq-item-question-icon\"><\/div>\r\n\t\t\t\t\t<\/div>\r\n\r\n\t\t\t\t\t<div class=\"faq-item-answer\">\r\n\t\t\t\t\t\t<div class=\"faq-item-answer-text\"><p>\u00a1S\u00ed, absolutamente! Ser usuario del sitio web iFrame abre toneladas de herramientas sin c\u00f3digo de Elfsight, incluido el complemento LinkedIn Feed sin c\u00f3digo. Independientemente de su tipo de negocio o su nicho dentro de la industria, siempre hay oportunidades para mostrar sus fortalezas. Considere las siguientes posibilidades:<\/p><ul><li>Para crear cualquier otra aplicaci\u00f3n de redes sociales para su sitio web iFrame similar al complemento LinkedIn Feed, considere usar el widget <a href=\"https:\/\/elfsight.com\/pinterest-feed-widget\/\">Pinterest Feed<\/a> o <a href=\"https:\/\/elfsight.com\/instagram-feed-instashow\/\">Instagram Feed<\/a>.<\/li><li>Opte por el <a href=\"https:\/\/elfsight.com\/all-in-one-reviews-widget\/\">Rese\u00f1as todo en uno<\/a> o el complemento <a href=\"https:\/\/elfsight.com\/google-reviews-widget\/\">Rese\u00f1as de Google<\/a> para mostrar comentarios valiosos de los clientes.<\/li><li>Incorpore el <a href=\"https:\/\/elfsight.com\/online-form-builder\/\">Creador de formularios<\/a> widget para recopilar respuestas y permitir interacciones de usuario en su sitio web iFrame.<\/li> <li>Agregue el widget <a href=\"https:\/\/elfsight.com\/countdown-timer-widget\/\">Temporizador de cuenta regresiva<\/a> para generar entusiasmo y crear una sensaci\u00f3n de escasez entre su audiencia.<\/li><\/ul><p>Estos ejemplos solo tocan la superficie de una larga lista de adiciones que pueden satisfacer sus necesidades comerciales espec\u00edficas. \u00a1Comience con LinkedIn Feed y luego explore el resto de widgets de nuestro cat\u00e1logo para agregarlos a su sitio web!<\/p><\/div>\r\n\t\t\t\t\t<\/div>\r\n\t\t\t\t<\/div><div class=\"faq-item\">\r\n\t\t\t\t\t<div class=\"faq-item-question\">\r\n\t\t\t\t\t\t<h3 class=\"faq-item-question-text\">\u00bfC\u00f3mo insertar LinkedIn Feed gratis en iFrame?<\/h3>\r\n\r\n\t\t\t\t\t\t<div class=\"faq-item-question-icon\"><\/div>\r\n\t\t\t\t\t<\/div>\r\n\r\n\t\t\t\t\t<div class=\"faq-item-answer\">\r\n\t\t\t\t\t\t<div class=\"faq-item-answer-text\"><p>Para agregar el complemento LinkedIn Feed a su sitio web iFrame de forma gratuita, haga lo siguiente:<\/p> <ol><li>Personalice el aspecto del complemento LinkedIn Feed para que coincida con su est\u00e9tica.<\/li><li>Inicie sesi\u00f3n en su panel de Elfsight o configure un perfil de usuario gratuito.<\/li><li>Reciba el c\u00f3digo \u00fanico para insertar.<\/li><li>Acceda a su sitio web iFrame.<\/li><li>Introduzca el c\u00f3digo en su creador de sitios web iFrame para agregar el widget Feed de LinkedIn. \u00a1Es as\u00ed de simple!<\/li><\/ol><p>Como puede observar, no es necesario dominar la escritura de c\u00f3digo para insertar el complemento. Cree f\u00e1cilmente el widget Feed de LinkedIn sin c\u00f3digo para un sitio web iFrame y experimente las numerosas ventajas que acompa\u00f1an al proceso de ampliar su alcance.<\/p><\/div>\r\n\t\t\t\t\t<\/div>\r\n\t\t\t\t<\/div><div class=\"faq-item\">\r\n\t\t\t\t\t<div class=\"faq-item-question\">\r\n\t\t\t\t\t\t<h3 class=\"faq-item-question-text\">\u00bfNecesito saber codificar o tener conocimientos de programaci\u00f3n para integrar el complemento Feed de LinkedIn en iFrame?<\/h3>\r\n\r\n\t\t\t\t\t\t<div class=\"faq-item-question-icon\"><\/div>\r\n\t\t\t\t\t<\/div>\r\n\r\n\t\t\t\t\t<div class=\"faq-item-answer\">\r\n\t\t\t\t\t\t<div class=\"faq-item-answer-text\"><p>No, no es necesario. El conocimiento de la codificaci\u00f3n no a\u00f1ade tanto valor. Puede crear y agregar f\u00e1cilmente el complemento LinkedIn Feed en su sitio web iFrame, independientemente de su experiencia previa o experiencia con el c\u00f3digo.<\/p> <\/div>\r\n\t\t\t\t\t<\/div>\r\n\t\t\t\t<\/div><\/div><div class=\"application-platform-content-item-features application-platform-content-item\" id=\"features\" data-nav-section=\"features\"><\/div> <h2>Estas son solo algunas de las amplias funciones del widget:<\/h2> <ul><li>Incruste varias formas de contenido: publicaciones de blog, fotos, videos, etc.<\/li><li>Agrupe el contenido del feed por palabras clave. hashtags o filtros de URL.<\/li><li>Botones de llamada a la acci\u00f3n para mejorar la visibilidad del feed de su empresa de LinkedIn en el sitio web.<\/li><li>Agregue el llamativo efecto de ventana emergente para llamar la atenci\u00f3n hacia su contenido de LinkedIn.<\/li><li>Personalizaci\u00f3n avanzada sin necesidad de codificar: plantillas listas para usar, creador de combinaciones de colores, cinco dise\u00f1os de dise\u00f1o, estilos de publicaci\u00f3n, CSS personalizado, etc.<\/li><\/ul><p><a href=\"#demo\">Puedes ver lo que ofrece el widget usando la demostraci\u00f3n<\/a><\/p> <\/div> <div class=\"application-platform-content-item-installation application-platform-content-item\" id=\"installation\" data-nav-section=\"installation\"> <h2>\u00bfC\u00f3mo agregar LinkedIn Feed a mi sitio web iFrame?<\/h2> <p>Para incrustar LinkedIn Feed en su sitio web iFrame, haga lo siguiente:<\/p> <ol><li><b>Inicie nuestro configurador gratuito y comience a crear su exclusivo widget de LinkedIn Feed sin c\u00f3digo.<\/b><br> Encuentre el adecuado interfaz y funcionalidad de la herramienta y aplique las modificaciones.<\/li> <li><b>Copie el c\u00f3digo personal que se muestra en la ventana de Elfsight Apps.<\/b><br> Una vez finalizada la creaci\u00f3n de su complemento, copie el c\u00f3digo personal en la ventana emergente que aparece y gu\u00e1rdelo para usarlo en el futuro.<\/li> <li><b>Comience a usar la herramienta en su sitio web iFrame.<\/b><br> Pegue el c\u00f3digo guardado recientemente en su sitio web y guarde las ediciones.<\/li> <li><b>\u00a1Listo! La configuraci\u00f3n se realiz\u00f3 con \u00e9xito.<\/b><br> Vaya a su sitio web para ver en acci\u00f3n el rendimiento del widget Feed de LinkedIn.<\/li><\/ol> <p>Si tiene preguntas o enfrenta algunas dificultades sobre c\u00f3mo agregar el widget, no dude en buscar ayuda de nuestro personal de soporte. Nuestros especialistas estar\u00e1n encantados de resolver todos los problemas que pueda tener con el complemento LinkedIn Feed sin c\u00f3digo para sitios web iFrame.<\/p> <\/div>","protected":false},"excerpt":{"rendered":"","protected":false},"author":9,"featured_media":0,"parent":4902,"menu_order":0,"comment_status":"closed","ping_status":"closed","template":"templates\/template-application-platform.php","meta":{"publish_to_discourse":"","publish_post_category":"","wpdc_auto_publish_overridden":"","wpdc_topic_tags":"","wpdc_pin_topic":"","wpdc_pin_until":"","discourse_post_id":"","discourse_permalink":"","wpdc_publishing_response":"","wpdc_publishing_error":"","footnotes":""},"class_list":["post-5587","page","type-page","status-publish","hentry"],"yoast_head":"<!-- This site is optimized with the Yoast SEO plugin v25.3.1 - https:\/\/yoast.com\/wordpress\/plugins\/seo\/ -->\n<title>Feed de LinkedIn: agregue el widget Feed a iFrame [\u00a1gratis!]<\/title>\n<meta name=\"description\" content=\"Incruste el widget LinkedIn Feed sin codificaci\u00f3n en su sitio web iFrame. Cree su complemento utilizando una demostraci\u00f3n en vivo y plantillas predise\u00f1adas para tener una prueba social s\u00f3lida.\" \/>\n<meta name=\"robots\" content=\"index, follow, max-snippet:-1, max-image-preview:large, max-video-preview:-1\" \/>\n<link rel=\"canonical\" href=\"https:\/\/elfsight.com\/es\/linkedin-feed-widget\/iframe\/\" \/>\n<meta property=\"og:locale\" content=\"es_ES\" \/>\n<meta property=\"og:type\" content=\"article\" \/>\n<meta property=\"og:title\" content=\"Feed de LinkedIn: agregue el widget Feed a iFrame [\u00a1gratis!]\" \/>\n<meta property=\"og:description\" content=\"Incruste el widget LinkedIn Feed sin codificaci\u00f3n en su sitio web iFrame. Cree su complemento utilizando una demostraci\u00f3n en vivo y plantillas predise\u00f1adas para tener una prueba social s\u00f3lida.\" \/>\n<meta property=\"og:url\" content=\"https:\/\/elfsight.com\/es\/linkedin-feed-widget\/iframe\/\" \/>\n<meta property=\"og:site_name\" content=\"Elfsight ES\" \/>\n<meta property=\"article:modified_time\" content=\"2025-02-06T16:14:01+00:00\" \/>\n<meta name=\"twitter:card\" content=\"summary_large_image\" \/>\n<meta name=\"twitter:label1\" content=\"Tiempo de lectura\" \/>\n\t<meta name=\"twitter:data1\" content=\"5 minutos\" \/>\n<!-- \/ Yoast SEO plugin. -->","yoast_head_json":{"title":"Feed de LinkedIn: agregue el widget Feed a iFrame [\u00a1gratis!]","description":"Incruste el widget LinkedIn Feed sin codificaci\u00f3n en su sitio web iFrame. Cree su complemento utilizando una demostraci\u00f3n en vivo y plantillas predise\u00f1adas para tener una prueba social s\u00f3lida.","robots":{"index":"index","follow":"follow","max-snippet":"max-snippet:-1","max-image-preview":"max-image-preview:large","max-video-preview":"max-video-preview:-1"},"canonical":"https:\/\/elfsight.com\/es\/linkedin-feed-widget\/iframe\/","og_locale":"es_ES","og_type":"article","og_title":"Feed de LinkedIn: agregue el widget Feed a iFrame [\u00a1gratis!]","og_description":"Incruste el widget LinkedIn Feed sin codificaci\u00f3n en su sitio web iFrame. Cree su complemento utilizando una demostraci\u00f3n en vivo y plantillas predise\u00f1adas para tener una prueba social s\u00f3lida.","og_url":"https:\/\/elfsight.com\/es\/linkedin-feed-widget\/iframe\/","og_site_name":"Elfsight ES","article_modified_time":"2025-02-06T16:14:01+00:00","twitter_card":"summary_large_image","twitter_misc":{"Tiempo de lectura":"5 minutos"},"schema":{"@context":"https:\/\/schema.org","@graph":[{"@type":"WebPage","@id":"https:\/\/elfsight.com\/es\/linkedin-feed-widget\/iframe\/","url":"https:\/\/elfsight.com\/es\/linkedin-feed-widget\/iframe\/","name":"Feed de LinkedIn: agregue el widget Feed a iFrame [\u00a1gratis!]","isPartOf":{"@id":"https:\/\/elfsight.com\/es\/#website"},"datePublished":"1970-01-01T00:00:00+00:00","dateModified":"2025-02-06T16:14:01+00:00","description":"Incruste el widget LinkedIn Feed sin codificaci\u00f3n en su sitio web iFrame. Cree su complemento utilizando una demostraci\u00f3n en vivo y plantillas predise\u00f1adas para tener una prueba social s\u00f3lida.","breadcrumb":{"@id":"https:\/\/elfsight.com\/es\/linkedin-feed-widget\/iframe\/#breadcrumb"},"inLanguage":"es","potentialAction":[{"@type":"ReadAction","target":["https:\/\/elfsight.com\/es\/linkedin-feed-widget\/iframe\/"]}]},{"@type":"BreadcrumbList","@id":"https:\/\/elfsight.com\/es\/linkedin-feed-widget\/iframe\/#breadcrumb","itemListElement":[{"@type":"ListItem","position":1,"name":"Home","item":"https:\/\/elfsight.com\/es\/"},{"@type":"ListItem","position":2,"name":"LinkedIn Feed","item":"https:\/\/elfsight.com\/es\/linkedin-feed-widget\/"},{"@type":"ListItem","position":3,"name":"LinkedIn Feed &#8211; iFrame"}]},{"@type":"WebSite","@id":"https:\/\/elfsight.com\/es\/#website","url":"https:\/\/elfsight.com\/es\/","name":"Elfsight ES","description":"Just another Elfsight Sites site","potentialAction":[{"@type":"SearchAction","target":{"@type":"EntryPoint","urlTemplate":"https:\/\/elfsight.com\/es\/?s={search_term_string}"},"query-input":{"@type":"PropertyValueSpecification","valueRequired":true,"valueName":"search_term_string"}}],"inLanguage":"es"}]}},"meta_box":{"industry":"","seo_heading":"","heading":"","description":"","cta_heading":"","cta_description":"","application":"4887","h1":"\u00a1C\u00f3mo insertar LinkedIn Feed en iFrame gratis!","h1_caption":"Muestre las actualizaciones, im\u00e1genes y videos de la empresa de LinkedIn en su sitio web.","application_category":[],"applications_title":"","applications_request_title":"","applications_request_button_text":"","hero_text":"","hero_video":"","hero_video_schema_markup":"","selling_points_title":"","selling_points_caption":"","selling_points":[],"selling_points_cta_text":"","features_title":"","features":"","ed_cta_examples_text":"","ed_cta_examples_hidden":"","ed_cta_demo_text":"","ed_cta_demo_hidden":"","why_caption":"","why_editor_title":"","why_editor_text":"","why_team_title":"","why_team_text":"","why_service_title":"","why_service_text":"","template_catalog_visible":"","template_catalog_title":"","template_catalog_text":"","template_catalog_categories_visible":"","demo_title":"Crea tu widget de feed de LinkedIn","demo_caption":"\u00a1Configure su feed de LinkedIn y agr\u00e9guelo a su sitio web iFrame de forma gratuita!","default_faq_hidden":"","app_template_category":[],"platform":"2192","template_public_id":"","codecanyon_url":"","codecanyon_item_id":"","codecanyon_price":"","pricing_caption":"","pricing_elfsight_apps_hide_column":"","pricing_elfsight_apps_url":"","pricing_codecanyon_price_caption":"","integration_category":[],"integration_request_title":"","integration_request_cta":"","integration_platform":"","integrations":[],"platform_category":[],"video_schema_markup":"","price":"desde $0 \/ mes","trial":"","benefits":[{"text":"Ayuda de instalaci\u00f3n gratuita"},{"text":"Atenci\u00f3n al cliente experimentada"},{"text":"Garant\u00eda de devoluci\u00f3n de dinero de 14 d\u00edas"},{"text":"Actualizaciones peri\u00f3dicas"}],"button_url":"#demo","button_target_blank":"","button_nofollow":"","attributes":[{"name":"Instalaciones","content":"10,000 - 100,000"},{"name":"Sensible","content":"S\u00ed"},{"name":"Navegadores compatibles","content":"Firefox, Safari, Opera, Chrome, Edge"}],"tags":[],"tags_disable_links":"","hide_more_platforms":"","video_object":"","demo_hide_cta":"","demo_hide_cloud_options":"","pricing_title":"","pricing":[{"pricing_icon":"platform","pricing_title":"Elfsight Apps","pricing_title_caption":"Soluci\u00f3n digital multiplataforma que funciona en cualquier sitio web","pricing_price":"desde $0 \/ mes","pricing_price_caption":"comienza con un plan gratuito","pricing_benefits":[{"text":"Sitios web ilimitados"},{"text":"Soporte profesional"},{"text":"Asistencia de instalaci\u00f3n gratuita"},{"text":"Totalmente personalizable"}],"pricing_button_text":"A\u00f1adir al sitio web","pricing_button_url":"#demo"}],"related_apps_title":"","related_apps_hidden":"","author":"","image":[],"title":"","job":"","social_networks":[]},"_links":{"self":[{"href":"https:\/\/elfsight.com\/es\/wp-json\/wp\/v2\/pages\/5587","targetHints":{"allow":["GET"]}}],"collection":[{"href":"https:\/\/elfsight.com\/es\/wp-json\/wp\/v2\/pages"}],"about":[{"href":"https:\/\/elfsight.com\/es\/wp-json\/wp\/v2\/types\/page"}],"author":[{"embeddable":true,"href":"https:\/\/elfsight.com\/es\/wp-json\/wp\/v2\/users\/9"}],"replies":[{"embeddable":true,"href":"https:\/\/elfsight.com\/es\/wp-json\/wp\/v2\/comments?post=5587"}],"version-history":[{"count":2,"href":"https:\/\/elfsight.com\/es\/wp-json\/wp\/v2\/pages\/5587\/revisions"}],"predecessor-version":[{"id":19417,"href":"https:\/\/elfsight.com\/es\/wp-json\/wp\/v2\/pages\/5587\/revisions\/19417"}],"up":[{"embeddable":true,"href":"https:\/\/elfsight.com\/es\/wp-json\/wp\/v2\/pages\/4902"}],"wp:attachment":[{"href":"https:\/\/elfsight.com\/es\/wp-json\/wp\/v2\/media?parent=5587"}],"curies":[{"name":"wp","href":"https:\/\/api.w.org\/{rel}","templated":true}]}}