{"id":5580,"date":"1970-01-01T00:00:00","date_gmt":"1970-01-01T00:00:00","guid":{"rendered":"https:\/\/elfsight.com\/es\/?page_id=5580"},"modified":"2025-02-06T16:14:10","modified_gmt":"2025-02-06T16:14:10","slug":"godaddy","status":"publish","type":"page","link":"https:\/\/elfsight.com\/es\/linkedin-feed-widget\/godaddy\/","title":{"rendered":"LinkedIn Feed &#8211; GoDaddy"},"content":{"rendered":"<div class=\"application-platform-content-item-description application-platform-content-item\" id=\"description\" data-nav-section=\"description\"> <h2>\u00a1Incorpore LinkedIn Feed en GoDaddy gratis!<\/h2> <p>El complemento LinkedIn Feed es la herramienta perfecta para que las empresas presenten y promocionen su contenido de LinkedIn en los sitios web de GoDaddy: muestre publicaciones, im\u00e1genes, videos, etc. La configuraci\u00f3n del widget lleva unos segundos; no se requieren conocimientos de codificaci\u00f3n ni programaci\u00f3n. <\/p> <p>Cree una apariencia que satisfaga las necesidades de su sitio web y siga las tendencias probando elementos de feed, plantillas, dise\u00f1os y estilos de publicaci\u00f3n personalizados. Agregue un modo emergente como acci\u00f3n posterior al clic para captar la atenci\u00f3n de los usuarios. Por \u00faltimo, disfrute de la confianza generada y de m\u00e1s oportunidades de marca.<\/p> <ul><li><strong>Mejore su potencial de networking con la p\u00e1gina de empresa de LinkedIn.<\/strong><br>Inicie nuevas conexiones en el mundo del comercio y ampl\u00ede el n\u00famero de clientes potenciales utilizando el contenido de su perfil de LinkedIn.<\/li><li><strong>Ampl\u00ede su n\u00famero de seguidores en LinkedIn.<\/strong><br>Ilumine su presencia en LinkedIn entre los usuarios del sitio web de GoDaddy y evoque un gran inter\u00e9s en sus servicios.<\/li><li><strong>Amplifique la autenticidad de su negocio.<\/strong><br>Proporcione una capa adicional de credibilidad y confiabilidad a su marca y agregue la actividad m\u00e1s reciente de LinkedIn directamente en la p\u00e1gina del sitio web.<\/li><\/ul><p><b>Integre sin c\u00f3digo el widget LinkedIn Feed en el sitio web de GoDaddy para establecer confianza, promover la autenticidad y ampliar las conexiones de trabajo con una s\u00f3lida confirmaci\u00f3n social.<\/b><\/p> <div class=\"faq\" data-component=\"FAQ\"><div class=\"faq-item\">\r\n\t\t\t\t\t<div class=\"faq-item-question\">\r\n\t\t\t\t\t\t<h3 class=\"faq-item-question-text\">\u00bfExisten otras herramientas para GoDaddy que pueda usar en mi sitio web?<\/h3>\r\n\r\n\t\t\t\t\t\t<div class=\"faq-item-question-icon\"><\/div>\r\n\t\t\t\t\t<\/div>\r\n\r\n\t\t\t\t\t<div class=\"faq-item-answer\">\r\n\t\t\t\t\t\t<div class=\"faq-item-answer-text\"><p>\u00a1S\u00ed, absolutamente! Como usuario del sitio web de GoDaddy, Elfsight le ofrece una amplia selecci\u00f3n de herramientas sin c\u00f3digo, y el complemento LinkedIn Feed es solo una de esas ofertas. No importa qu\u00e9 tipo de negocio tengas o el nicho espec\u00edfico en el que trabajes, siempre hay oportunidades para mostrar tus fortalezas y sumar puntos a tu estrategia de marketing. Considere las siguientes posibilidades:<\/p><ul><li>Para crear cualquier otra aplicaci\u00f3n de redes sociales para su sitio web de GoDaddy similar al complemento LinkedIn Feed, intente agregar el widget <a href=\"https:\/\/elfsight.com\/pinterest-feed-widget\/\">Pinterest Feed<\/a> o <a href=\"https:\/\/elfsight.com\/instagram-feed-instashow\/\">Instagram Feed<\/a> en su sitio web.<\/li><li>Opte por el <a href=\"https:\/\/elfsight.com\/all-in-one-reviews-widget\/\">Rese\u00f1as todo en uno<\/a> o el complemento <a href=\"https:\/\/elfsight.com\/google-reviews-widget\/\">Rese\u00f1as de Google<\/a> para mostrar comentarios valiosos de los clientes.<\/li><li>Incorpore el <a href=\"https:\/\/elfsight.com\/online-form-builder\/\">formulario Builder<\/a> para agilizar la recopilaci\u00f3n de respuestas y permitir que los usuarios de GoDaddy se conecten con usted.<\/li> <li>Agregue el complemento <a href=\"https:\/\/elfsight.com\/countdown-timer-widget\/\">Countdown Timer<\/a> para fomentar la participaci\u00f3n y crear una sensaci\u00f3n de urgencia entre su audiencia.<\/li><\/ul><p>Y recuerde, estos son solo algunos ejemplos. \u00a1Explore nuestro extenso cat\u00e1logo de widgets despu\u00e9s de implementar el complemento LinkedIn Feed sin c\u00f3digo para descubrir a\u00fan m\u00e1s formas de cubrir sus necesidades comerciales espec\u00edficas!<\/p><\/div>\r\n\t\t\t\t\t<\/div>\r\n\t\t\t\t<\/div><div class=\"faq-item\">\r\n\t\t\t\t\t<div class=\"faq-item-question\">\r\n\t\t\t\t\t\t<h3 class=\"faq-item-question-text\">\u00bfC\u00f3mo insertar LinkedIn Feed gratis en GoDaddy?<\/h3>\r\n\r\n\t\t\t\t\t\t<div class=\"faq-item-question-icon\"><\/div>\r\n\t\t\t\t\t<\/div>\r\n\r\n\t\t\t\t\t<div class=\"faq-item-answer\">\r\n\t\t\t\t\t\t<div class=\"faq-item-answer-text\"><p>Si desea agregar el complemento LinkedIn Feed a su sitio web de GoDaddy de forma gratuita, haga lo siguiente:<\/p> <ol><li>Personalice la apariencia del widget LinkedIn Feed para complementar el estilo de dise\u00f1o de su sitio web.<\/li><li>Inicie sesi\u00f3n en su panel de administraci\u00f3n de Elfsight o registre una cuenta gratuita.<\/li><li>Reciba el c\u00f3digo de instalaci\u00f3n generado autom\u00e1ticamente para insertar.<\/li><li>Navegue a su sitio web de GoDaddy.<\/li><li>Pegue el c\u00f3digo en el editor de su sitio web de GoDaddy para agregar el widget Feed de LinkedIn. \u00a1Eso es todo!<\/li><\/ol><p>Como puede verse, no es necesario sobresalir en la escritura de c\u00f3digo para insertar el complemento. Cree f\u00e1cilmente el widget Feed de LinkedIn sin c\u00f3digo para un sitio web de GoDaddy y disfrute de los numerosos beneficios que acompa\u00f1an al proceso de ampliar su audiencia.<\/p><\/div>\r\n\t\t\t\t\t<\/div>\r\n\t\t\t\t<\/div><div class=\"faq-item\">\r\n\t\t\t\t\t<div class=\"faq-item-question\">\r\n\t\t\t\t\t\t<h3 class=\"faq-item-question-text\">\u00bfNecesito saber codificar o tener conocimientos de programaci\u00f3n para agregar el Feed de LinkedIn a GoDaddy?<\/h3>\r\n\r\n\t\t\t\t\t\t<div class=\"faq-item-question-icon\"><\/div>\r\n\t\t\t\t\t<\/div>\r\n\r\n\t\t\t\t\t<div class=\"faq-item-answer\">\r\n\t\t\t\t\t\t<div class=\"faq-item-answer-text\"><p>En absoluto. La habilidad de codificaci\u00f3n no es necesaria de ninguna manera. Puede crear y agregar el widget Feed de LinkedIn a su sitio web de GoDaddy, independientemente de su experiencia previa o conocimiento de c\u00f3digo.<\/p> <\/div>\r\n\t\t\t\t\t<\/div>\r\n\t\t\t\t<\/div><\/div><div class=\"application-platform-content-item-features application-platform-content-item\" id=\"features\" data-nav-section=\"features\"><\/div> <h2>Ofrecemos funciones de widget pr\u00e1cticas y f\u00e1ciles, vea algunas de ellas:<\/h2> <ul><li>Muestre varias formas de contenido de LinkedIn: publicaciones de blog, im\u00e1genes, videos, etc.<\/li><li>Filtrar publicaciones de feed por palabras clave, hashtags, o URL.<\/li><li>Botones de CTA para mejorar la tasa de participaci\u00f3n en el feed de su empresa de LinkedIn.<\/li><li>Agregue el llamativo modo emergente para llamar la atenci\u00f3n sobre su contenido de LinkedIn.<\/li><li>Personalizaci\u00f3n avanzada sin necesidad de codificar: plantillas predise\u00f1adas, generador de combinaci\u00f3n de colores, cinco dise\u00f1os accesibles, estilos de publicaci\u00f3n, CSS personalizado, etc.<\/li><\/ul><p><a href=\"#demo\">Simplemente pruebe esta demostraci\u00f3n para comprender la funcionalidad de widget<\/a><\/p> <\/div> <div class=\"application-platform-content-item-installation application-platform-content-item\" id=\"installation\" data-nav-section=\"installation\"> <h2>\u00bfC\u00f3mo agrego LinkedIn Feed a mi sitio web de GoDaddy?<\/h2> <p>Si desea incrustar LinkedIn Feed sin c\u00f3digo en su sitio web de GoDaddy, siga estas instrucciones:<\/p> <ol><li><b>Utilice nuestro configurador gratuito y comience a darle forma a su complemento personalizado de LinkedIn Feed.<\/b><br> Determine el aspecto preferible y caracter\u00edsticas funcionales del complemento y aplique las correcciones.<\/li> <li><b>Copie el c\u00f3digo \u00fanico que se muestra en el cuadro de Elfsight Apps.<\/b><br> Tan pronto como haya configurado su widget, copie el c\u00f3digo personal en el cuadro que aparece y gu\u00e1rdelo para usarlo m\u00e1s adelante.<\/li> <li><b>Comience a usar la herramienta en su sitio web de GoDaddy.<\/b><br> Incruste el c\u00f3digo que copi\u00f3 recientemente en su sitio web y guarde los ajustes.<\/li> <li><b>\u00a1Ya terminaste! La integraci\u00f3n se realiz\u00f3 con \u00e9xito.<\/b><br> Visite su sitio web para examinar c\u00f3mo se ejecuta el complemento LinkedIn Feed.<\/li><\/ol> <p>Con la condici\u00f3n de atender consultas o enfrentar algunas complicaciones sobre c\u00f3mo agregar el widget, comun\u00edquese con nuestro equipo de soporte. Nuestra gente anhela resolver todas las dificultades que pueda tener con el complemento LinkedIn Feed sin c\u00f3digo para los sitios web de GoDaddy.<\/p> <\/div>","protected":false},"excerpt":{"rendered":"","protected":false},"author":9,"featured_media":0,"parent":4902,"menu_order":0,"comment_status":"closed","ping_status":"closed","template":"templates\/template-application-platform.php","meta":{"publish_to_discourse":"","publish_post_category":"","wpdc_auto_publish_overridden":"","wpdc_topic_tags":"","wpdc_pin_topic":"","wpdc_pin_until":"","discourse_post_id":"","discourse_permalink":"","wpdc_publishing_response":"","wpdc_publishing_error":"","footnotes":""},"class_list":["post-5580","page","type-page","status-publish","hentry"],"yoast_head":"<!-- This site is optimized with the Yoast SEO plugin v25.3.1 - https:\/\/yoast.com\/wordpress\/plugins\/seo\/ -->\n<title>Feed de LinkedIn: agregue el complemento Feed a GoDaddy [\u00a1gratis!]<\/title>\n<meta name=\"description\" content=\"Inserta el complemento LinkedIn Feed sin codificaci\u00f3n en tu sitio web GoDaddy. Cree su complemento utilizando una demostraci\u00f3n en vivo y plantillas predise\u00f1adas para tener una prueba social s\u00f3lida.\" \/>\n<meta name=\"robots\" content=\"index, follow, max-snippet:-1, max-image-preview:large, max-video-preview:-1\" \/>\n<link rel=\"canonical\" href=\"https:\/\/elfsight.com\/es\/linkedin-feed-widget\/godaddy\/\" \/>\n<meta property=\"og:locale\" content=\"es_ES\" \/>\n<meta property=\"og:type\" content=\"article\" \/>\n<meta property=\"og:title\" content=\"Feed de LinkedIn: agregue el complemento Feed a GoDaddy [\u00a1gratis!]\" \/>\n<meta property=\"og:description\" content=\"Inserta el complemento LinkedIn Feed sin codificaci\u00f3n en tu sitio web GoDaddy. Cree su complemento utilizando una demostraci\u00f3n en vivo y plantillas predise\u00f1adas para tener una prueba social s\u00f3lida.\" \/>\n<meta property=\"og:url\" content=\"https:\/\/elfsight.com\/es\/linkedin-feed-widget\/godaddy\/\" \/>\n<meta property=\"og:site_name\" content=\"Elfsight ES\" \/>\n<meta property=\"article:modified_time\" content=\"2025-02-06T16:14:10+00:00\" \/>\n<meta name=\"twitter:card\" content=\"summary_large_image\" \/>\n<meta name=\"twitter:label1\" content=\"Tiempo de lectura\" \/>\n\t<meta name=\"twitter:data1\" content=\"5 minutos\" \/>\n<!-- \/ Yoast SEO plugin. -->","yoast_head_json":{"title":"Feed de LinkedIn: agregue el complemento Feed a GoDaddy [\u00a1gratis!]","description":"Inserta el complemento LinkedIn Feed sin codificaci\u00f3n en tu sitio web GoDaddy. Cree su complemento utilizando una demostraci\u00f3n en vivo y plantillas predise\u00f1adas para tener una prueba social s\u00f3lida.","robots":{"index":"index","follow":"follow","max-snippet":"max-snippet:-1","max-image-preview":"max-image-preview:large","max-video-preview":"max-video-preview:-1"},"canonical":"https:\/\/elfsight.com\/es\/linkedin-feed-widget\/godaddy\/","og_locale":"es_ES","og_type":"article","og_title":"Feed de LinkedIn: agregue el complemento Feed a GoDaddy [\u00a1gratis!]","og_description":"Inserta el complemento LinkedIn Feed sin codificaci\u00f3n en tu sitio web GoDaddy. Cree su complemento utilizando una demostraci\u00f3n en vivo y plantillas predise\u00f1adas para tener una prueba social s\u00f3lida.","og_url":"https:\/\/elfsight.com\/es\/linkedin-feed-widget\/godaddy\/","og_site_name":"Elfsight ES","article_modified_time":"2025-02-06T16:14:10+00:00","twitter_card":"summary_large_image","twitter_misc":{"Tiempo de lectura":"5 minutos"},"schema":{"@context":"https:\/\/schema.org","@graph":[{"@type":"WebPage","@id":"https:\/\/elfsight.com\/es\/linkedin-feed-widget\/godaddy\/","url":"https:\/\/elfsight.com\/es\/linkedin-feed-widget\/godaddy\/","name":"Feed de LinkedIn: agregue el complemento Feed a GoDaddy [\u00a1gratis!]","isPartOf":{"@id":"https:\/\/elfsight.com\/es\/#website"},"datePublished":"1970-01-01T00:00:00+00:00","dateModified":"2025-02-06T16:14:10+00:00","description":"Inserta el complemento LinkedIn Feed sin codificaci\u00f3n en tu sitio web GoDaddy. Cree su complemento utilizando una demostraci\u00f3n en vivo y plantillas predise\u00f1adas para tener una prueba social s\u00f3lida.","breadcrumb":{"@id":"https:\/\/elfsight.com\/es\/linkedin-feed-widget\/godaddy\/#breadcrumb"},"inLanguage":"es","potentialAction":[{"@type":"ReadAction","target":["https:\/\/elfsight.com\/es\/linkedin-feed-widget\/godaddy\/"]}]},{"@type":"BreadcrumbList","@id":"https:\/\/elfsight.com\/es\/linkedin-feed-widget\/godaddy\/#breadcrumb","itemListElement":[{"@type":"ListItem","position":1,"name":"Home","item":"https:\/\/elfsight.com\/es\/"},{"@type":"ListItem","position":2,"name":"LinkedIn Feed","item":"https:\/\/elfsight.com\/es\/linkedin-feed-widget\/"},{"@type":"ListItem","position":3,"name":"LinkedIn Feed &#8211; GoDaddy"}]},{"@type":"WebSite","@id":"https:\/\/elfsight.com\/es\/#website","url":"https:\/\/elfsight.com\/es\/","name":"Elfsight ES","description":"Just another Elfsight Sites site","potentialAction":[{"@type":"SearchAction","target":{"@type":"EntryPoint","urlTemplate":"https:\/\/elfsight.com\/es\/?s={search_term_string}"},"query-input":{"@type":"PropertyValueSpecification","valueRequired":true,"valueName":"search_term_string"}}],"inLanguage":"es"}]}},"meta_box":{"industry":"","seo_heading":"","heading":"","description":"","cta_heading":"","cta_description":"","application":"4887","h1":"\u00a1C\u00f3mo insertar LinkedIn Feed en GoDaddy gratis!","h1_caption":"Presente publicaciones, im\u00e1genes y clips de la empresa de LinkedIn en su sitio web.","application_category":[],"applications_title":"","applications_request_title":"","applications_request_button_text":"","hero_text":"","hero_video":"","hero_video_schema_markup":"","selling_points_title":"","selling_points_caption":"","selling_points":[],"selling_points_cta_text":"","features_title":"","features":"","ed_cta_examples_text":"","ed_cta_examples_hidden":"","ed_cta_demo_text":"","ed_cta_demo_hidden":"","why_caption":"","why_editor_title":"","why_editor_text":"","why_team_title":"","why_team_text":"","why_service_title":"","why_service_text":"","template_catalog_visible":"","template_catalog_title":"","template_catalog_text":"","template_catalog_categories_visible":"","demo_title":"Crea tu complemento de feed de LinkedIn","demo_caption":"\u00a1Configura tu feed de LinkedIn y agr\u00e9galo a tu sitio web de GoDaddy gratis!","default_faq_hidden":"","app_template_category":[],"platform":"2183","template_public_id":"","codecanyon_url":"","codecanyon_item_id":"","codecanyon_price":"","pricing_caption":"","pricing_elfsight_apps_hide_column":"","pricing_elfsight_apps_url":"","pricing_codecanyon_price_caption":"","integration_category":[],"integration_request_title":"","integration_request_cta":"","integration_platform":"","integrations":[],"platform_category":[],"video_schema_markup":"","price":"desde $0 \/ mes","trial":"","benefits":[{"text":"Asistencia de instalaci\u00f3n gratuita"},{"text":"Soporte excepcional"},{"text":"Garant\u00eda de devoluci\u00f3n de dinero de 14 d\u00edas"},{"text":"Actualizando constantemente"}],"button_url":"#demo","button_target_blank":"","button_nofollow":"","attributes":[{"name":"Instalaciones","content":"10,000 - 100,000"},{"name":"Sensible","content":"S\u00ed"},{"name":"Navegadores compatibles","content":"Firefox, Safari, Opera, Chrome, Edge"}],"tags":[],"tags_disable_links":"","hide_more_platforms":"","video_object":"","demo_hide_cta":"","demo_hide_cloud_options":"","pricing_title":"","pricing":[{"pricing_icon":"platform","pricing_title":"Elfsight Apps","pricing_title_caption":"Soluci\u00f3n digital independiente de plataforma que funciona en cualquier sitio web","pricing_price":"desde $0 \/ mes","pricing_price_caption":"comienza con un plan gratuito","pricing_benefits":[{"text":"Sitios web ilimitados"},{"text":"Soporte empresarial dedicado y bien documentado."},{"text":"Servicio de instalaci\u00f3n gratuito"},{"text":"Dise\u00f1o flexible"}],"pricing_button_text":"A\u00f1adir al sitio web","pricing_button_url":"#demo"}],"related_apps_title":"","related_apps_hidden":"","author":"","image":[],"title":"","job":"","social_networks":[]},"_links":{"self":[{"href":"https:\/\/elfsight.com\/es\/wp-json\/wp\/v2\/pages\/5580","targetHints":{"allow":["GET"]}}],"collection":[{"href":"https:\/\/elfsight.com\/es\/wp-json\/wp\/v2\/pages"}],"about":[{"href":"https:\/\/elfsight.com\/es\/wp-json\/wp\/v2\/types\/page"}],"author":[{"embeddable":true,"href":"https:\/\/elfsight.com\/es\/wp-json\/wp\/v2\/users\/9"}],"replies":[{"embeddable":true,"href":"https:\/\/elfsight.com\/es\/wp-json\/wp\/v2\/comments?post=5580"}],"version-history":[{"count":2,"href":"https:\/\/elfsight.com\/es\/wp-json\/wp\/v2\/pages\/5580\/revisions"}],"predecessor-version":[{"id":19420,"href":"https:\/\/elfsight.com\/es\/wp-json\/wp\/v2\/pages\/5580\/revisions\/19420"}],"up":[{"embeddable":true,"href":"https:\/\/elfsight.com\/es\/wp-json\/wp\/v2\/pages\/4902"}],"wp:attachment":[{"href":"https:\/\/elfsight.com\/es\/wp-json\/wp\/v2\/media?parent=5580"}],"curies":[{"name":"wp","href":"https:\/\/api.w.org\/{rel}","templated":true}]}}