{"id":5579,"date":"1970-01-01T00:00:00","date_gmt":"1970-01-01T00:00:00","guid":{"rendered":"https:\/\/elfsight.com\/es\/?page_id=5579"},"modified":"2025-02-06T16:14:10","modified_gmt":"2025-02-06T16:14:10","slug":"facebook","status":"publish","type":"page","link":"https:\/\/elfsight.com\/es\/linkedin-feed-widget\/facebook\/","title":{"rendered":"LinkedIn Feed &#8211; Facebook Page"},"content":{"rendered":"<div class=\"application-platform-content-item-description application-platform-content-item\" id=\"description\" data-nav-section=\"description\"> <h2>\u00a1Inserte el feed de LinkedIn en la p\u00e1gina de Facebook de forma gratuita!<\/h2> <p>El widget de feed de LinkedIn sin c\u00f3digo es la soluci\u00f3n ideal para que las empresas presenten y anuncien su contenido de LinkedIn en los sitios web de la p\u00e1gina de Facebook: muestre publicaciones, im\u00e1genes, clips, etc. La configuraci\u00f3n del complemento es perfecta: no se requieren habilidades t\u00e9cnicas ni de codificaci\u00f3n. <\/p> <p>Cree un estilo de feed que se adapte a la est\u00e9tica de su sitio web y experimente combinando atributos personalizados, plantillas, dise\u00f1os y estilos de publicaci\u00f3n. Agregue un efecto emergente como acci\u00f3n posterior al clic para captar la atenci\u00f3n de los usuarios. Y, por \u00faltimo, disfrute de una mayor confianza y una mejor tasa de participaci\u00f3n.<\/p> <ul><li><strong>Mejore sus capacidades de networking con la p\u00e1gina de empresa de LinkedIn.<\/strong><br>Inicie nuevas relaciones en el mundo del comercio y ampl\u00ede la generaci\u00f3n de leads utilizando contenido de su perfil de LinkedIn. <\/li><li><strong>Ampl\u00ede el tama\u00f1o de su audiencia de LinkedIn.<\/strong> <br>Destaque su presencia en LinkedIn entre la comunidad de usuarios de la p\u00e1gina de Facebook y genere un inter\u00e9s significativo en sus ofertas.<\/li><li><strong>Amplifique la autenticidad de su negocio.<\/strong> <br>D\u00e9 una capa adicional de credibilidad y confiabilidad a su marca compartiendo la actividad m\u00e1s reciente de LinkedIn directamente en la p\u00e1gina del sitio web. <\/li><\/ul><p><b>Agregue su complemento LinkedIn Feed al sitio web de la p\u00e1gina de Facebook para reforzar la credibilidad, incorporar autenticidad y ampliar su red aprovechando una s\u00f3lida validaci\u00f3n social. <\/b><\/p> <div class=\"faq\" data-component=\"FAQ\"><div class=\"faq-item\">\r\n\t\t\t\t\t<div class=\"faq-item-question\">\r\n\t\t\t\t\t\t<h3 class=\"faq-item-question-text\">\u00bfExisten otras herramientas para la p\u00e1gina de Facebook que pueda usar en mi sitio web? <\/h3>\r\n\r\n\t\t\t\t\t\t<div class=\"faq-item-question-icon\"><\/div>\r\n\t\t\t\t\t<\/div>\r\n\r\n\t\t\t\t\t<div class=\"faq-item-answer\">\r\n\t\t\t\t\t\t<div class=\"faq-item-answer-text\"><p>\u00a1S\u00ed, absolutamente! Como usuario de la p\u00e1gina de Facebook, Elfsight le ofrece una amplia selecci\u00f3n de herramientas sin c\u00f3digo, y el complemento LinkedIn Feed es solo una entre las muchas opciones disponibles para agregar al sitio web. No importa qu\u00e9 tipo de negocio tenga o el nicho espec\u00edfico en el que trabaje, siempre hay oportunidades para mostrar sus fortalezas. A continuaci\u00f3n se ofrecen algunas ideas: <\/p><ul><li>Para crear cualquier otra aplicaci\u00f3n de redes sociales para el sitio web de su p\u00e1gina de Facebook, como LinkedIn Feed, pruebe el widget <a href=\"https:\/\/elfsight.com\/pinterest-feed-widget\/\">Pinterest Feed<\/a> o <a href=\"https:\/\/elfsight.com\/instagram-feed-instashow\/\">Instagram Feed<\/a>. <\/li><li>Opte por el complemento <a href=\"https:\/\/elfsight.com\/all-in-one-reviews-widget\/\">Rese\u00f1as todo en uno<\/a> o <a href=\"https:\/\/elfsight.com\/google-reviews-widget\/\">Rese\u00f1as de Google<\/a> para mostrar comentarios valiosos de los clientes. <\/li><li>Incorpore el widget <a href=\"https:\/\/elfsight.com\/online-form-builder\/\">Creador de formularios<\/a> para recopilar respuestas y facilitar la comunicaci\u00f3n con los usuarios de su p\u00e1gina de Facebook. <\/li> <li>Agregue el complemento <a href=\"https:\/\/elfsight.com\/countdown-timer-widget\/\">Countdown Timer<\/a> para fomentar la participaci\u00f3n y crear una sensaci\u00f3n de escasez entre su audiencia. <\/li><\/ul><p>Estos ejemplos apenas tocan la superficie de la amplia gama de adiciones que pueden satisfacer las necesidades de su negocio. Comience con el complemento LinkedIn Feed sin c\u00f3digo para regresar m\u00e1s tarde y explorar la variedad restante de widgets en nuestro cat\u00e1logo para agregar a su p\u00e1gina web. <\/p><\/div>\r\n\t\t\t\t\t<\/div>\r\n\t\t\t\t<\/div><div class=\"faq-item\">\r\n\t\t\t\t\t<div class=\"faq-item-question\">\r\n\t\t\t\t\t\t<h3 class=\"faq-item-question-text\">\u00bfC\u00f3mo insertar LinkedIn Feed de forma gratuita en la p\u00e1gina de Facebook? <\/h3>\r\n\r\n\t\t\t\t\t\t<div class=\"faq-item-question-icon\"><\/div>\r\n\t\t\t\t\t<\/div>\r\n\r\n\t\t\t\t\t<div class=\"faq-item-answer\">\r\n\t\t\t\t\t\t<div class=\"faq-item-answer-text\"><p>Si desea agregar el complemento LinkedIn Feed al sitio web de su p\u00e1gina de Facebook de forma gratuita, siga estos pasos: <\/p> <ol><li>Personalice el aspecto del widget de LinkedIn Feed para adaptarlo al estilo de dise\u00f1o de su sitio web. <\/li><li>Inicie sesi\u00f3n en su panel de administraci\u00f3n de Elfsight o cree un perfil gratuito. <\/li><li>Obtenga el c\u00f3digo de instalaci\u00f3n generado autom\u00e1ticamente para insertar. <\/li><li>Accede al sitio web de tu p\u00e1gina de Facebook. <\/li><li>Introduzca el c\u00f3digo en el creador de sitios web de su p\u00e1gina de Facebook para agregar el widget Feed de LinkedIn. \u00a1Ya terminaste! <\/li><\/ol><p>Como se desprende del contexto, no es necesario tener experiencia en escribir c\u00f3digo para insertar el complemento. Cree f\u00e1cilmente el widget Feed de LinkedIn sin c\u00f3digo para el sitio web de su p\u00e1gina de Facebook y disfrute de diversas ventajas que acompa\u00f1an el proceso de ampliaci\u00f3n de su audiencia. <\/p><\/div>\r\n\t\t\t\t\t<\/div>\r\n\t\t\t\t<\/div><div class=\"faq-item\">\r\n\t\t\t\t\t<div class=\"faq-item-question\">\r\n\t\t\t\t\t\t<h3 class=\"faq-item-question-text\">\u00bfNecesito saber codificar o tener conocimientos de programaci\u00f3n para insertar el feed de LinkedIn en la p\u00e1gina de Facebook? <\/h3>\r\n\r\n\t\t\t\t\t\t<div class=\"faq-item-question-icon\"><\/div>\r\n\t\t\t\t\t<\/div>\r\n\r\n\t\t\t\t\t<div class=\"faq-item-answer\">\r\n\t\t\t\t\t\t<div class=\"faq-item-answer-text\"><p>No. No es necesario que posea conocimientos de codificaci\u00f3n. Tiene la capacidad total de crear y agregar el complemento LinkedIn Feed sin c\u00f3digo al sitio web de su p\u00e1gina de Facebook, independientemente de su familiaridad o experiencia en la escritura de c\u00f3digo. <\/p> <\/div>\r\n\t\t\t\t\t<\/div>\r\n\t\t\t\t<\/div><\/div><div class=\"application-platform-content-item-features application-platform-content-item\" id=\"features\" data-nav-section=\"features\"><\/div> <h2>Estas son solo algunas de las muchas caracter\u00edsticas del widget: <\/h2> <ul><li>Agrega varias formas de contenido: publicaciones de blog, im\u00e1genes, clips, etc. <\/li><li>Filtrar publicaciones de noticias por palabras clave, hashtags o URL. <\/li><li>Botones de llamada a la acci\u00f3n para aumentar los n\u00fameros en el feed de LinkedIn de su empresa. <\/li><li>Efecto emergente llamativo para captar la atenci\u00f3n de las personas sobre su contenido de LinkedIn. <\/li><li>Opciones de personalizaci\u00f3n sencillas sin necesidad de escribir c\u00f3digo: plantillas predise\u00f1adas, generador de combinaci\u00f3n de colores, cinco dise\u00f1os de dise\u00f1o, estilos de publicaci\u00f3n, CSS personalizado y m\u00e1s. <\/li><\/ul><p><a href=\"#demo\">Simplemente consulte esta demostraci\u00f3n para ver cu\u00e1nto vale el widget<\/a><\/p> <\/div> <div class=\"application-platform-content-item-installation application-platform-content-item\" id=\"installation\" data-nav-section=\"installation\"> <h2>\u00bfC\u00f3mo puedo agregar LinkedIn Feed en el sitio web de mi p\u00e1gina de Facebook? <\/h2> <p>Para agregar el complemento LinkedIn Feed al sitio web de tu p\u00e1gina de Facebook, realiza los siguientes pasos: <\/p> <ol><li><b>Abre nuestro editor gratuito y comienza a darle forma a tu complemento LinkedIn Feed personalizado. <\/b><br> Elija el formulario personalizado y las opciones de la herramienta y aplique las ediciones. <\/li> <li><b>Copia tu c\u00f3digo individual que se muestra en el cuadro de Elfsight Apps. <\/b><br> Una vez completada la personalizaci\u00f3n de su complemento personal, copie el c\u00f3digo exclusivo en la ventana que aparece y gu\u00e1rdelo para futuras necesidades. <\/li> <li><b>Inicie el uso del widget en el sitio web de su p\u00e1gina de Facebook. <\/b><br>Incrusta el c\u00f3digo copiado anteriormente en tu sitio web y guarda los ajustes. <\/li> <li><b>\u00a1Listo! La integraci\u00f3n se realiza con \u00e9xito. <\/b><br>Vaya a su sitio web para ver c\u00f3mo funciona el widget Feed de LinkedIn. <\/li><\/ol> <p>Si tiene alguna dificultad sobre c\u00f3mo agregar el widget, comun\u00edquese con nuestro equipo de soporte. Nuestros especialistas desean ayudarlo con todos los problemas que pueda tener con el complemento LinkedIn Feed sin c\u00f3digo para sitios web de p\u00e1ginas de Facebook. <\/p> <\/div>","protected":false},"excerpt":{"rendered":"","protected":false},"author":9,"featured_media":0,"parent":4902,"menu_order":0,"comment_status":"closed","ping_status":"closed","template":"templates\/template-application-platform.php","meta":{"publish_to_discourse":"","publish_post_category":"","wpdc_auto_publish_overridden":"","wpdc_topic_tags":"","wpdc_pin_topic":"","wpdc_pin_until":"","discourse_post_id":"","discourse_permalink":"","wpdc_publishing_response":"","wpdc_publishing_error":"","footnotes":""},"class_list":["post-5579","page","type-page","status-publish","hentry"],"yoast_head":"<!-- This site is optimized with the Yoast SEO plugin v25.3.1 - https:\/\/yoast.com\/wordpress\/plugins\/seo\/ -->\n<title>Feed de LinkedIn: agregue el complemento Feed a la p\u00e1gina de Facebook [\u00a1gratis!]<\/title>\n<meta name=\"description\" content=\"Incruste el complemento LinkedIn Feed sin codificaci\u00f3n en el sitio web de su p\u00e1gina de Facebook. Cree su widget utilizando una demostraci\u00f3n en vivo y plantillas predise\u00f1adas para tener una prueba social s\u00f3lida.\" \/>\n<meta name=\"robots\" content=\"index, follow, max-snippet:-1, max-image-preview:large, max-video-preview:-1\" \/>\n<link rel=\"canonical\" href=\"https:\/\/elfsight.com\/es\/linkedin-feed-widget\/facebook\/\" \/>\n<meta property=\"og:locale\" content=\"es_ES\" \/>\n<meta property=\"og:type\" content=\"article\" \/>\n<meta property=\"og:title\" content=\"Feed de LinkedIn: agregue el complemento Feed a la p\u00e1gina de Facebook [\u00a1gratis!]\" \/>\n<meta property=\"og:description\" content=\"Incruste el complemento LinkedIn Feed sin codificaci\u00f3n en el sitio web de su p\u00e1gina de Facebook. Cree su widget utilizando una demostraci\u00f3n en vivo y plantillas predise\u00f1adas para tener una prueba social s\u00f3lida.\" \/>\n<meta property=\"og:url\" content=\"https:\/\/elfsight.com\/es\/linkedin-feed-widget\/facebook\/\" \/>\n<meta property=\"og:site_name\" content=\"Elfsight ES\" \/>\n<meta property=\"article:modified_time\" content=\"2025-02-06T16:14:10+00:00\" \/>\n<meta name=\"twitter:card\" content=\"summary_large_image\" \/>\n<meta name=\"twitter:label1\" content=\"Tiempo de lectura\" \/>\n\t<meta name=\"twitter:data1\" content=\"6 minutos\" \/>\n<!-- \/ Yoast SEO plugin. -->","yoast_head_json":{"title":"Feed de LinkedIn: agregue el complemento Feed a la p\u00e1gina de Facebook [\u00a1gratis!]","description":"Incruste el complemento LinkedIn Feed sin codificaci\u00f3n en el sitio web de su p\u00e1gina de Facebook. Cree su widget utilizando una demostraci\u00f3n en vivo y plantillas predise\u00f1adas para tener una prueba social s\u00f3lida.","robots":{"index":"index","follow":"follow","max-snippet":"max-snippet:-1","max-image-preview":"max-image-preview:large","max-video-preview":"max-video-preview:-1"},"canonical":"https:\/\/elfsight.com\/es\/linkedin-feed-widget\/facebook\/","og_locale":"es_ES","og_type":"article","og_title":"Feed de LinkedIn: agregue el complemento Feed a la p\u00e1gina de Facebook [\u00a1gratis!]","og_description":"Incruste el complemento LinkedIn Feed sin codificaci\u00f3n en el sitio web de su p\u00e1gina de Facebook. Cree su widget utilizando una demostraci\u00f3n en vivo y plantillas predise\u00f1adas para tener una prueba social s\u00f3lida.","og_url":"https:\/\/elfsight.com\/es\/linkedin-feed-widget\/facebook\/","og_site_name":"Elfsight ES","article_modified_time":"2025-02-06T16:14:10+00:00","twitter_card":"summary_large_image","twitter_misc":{"Tiempo de lectura":"6 minutos"},"schema":{"@context":"https:\/\/schema.org","@graph":[{"@type":"WebPage","@id":"https:\/\/elfsight.com\/es\/linkedin-feed-widget\/facebook\/","url":"https:\/\/elfsight.com\/es\/linkedin-feed-widget\/facebook\/","name":"Feed de LinkedIn: agregue el complemento Feed a la p\u00e1gina de Facebook [\u00a1gratis!]","isPartOf":{"@id":"https:\/\/elfsight.com\/es\/#website"},"datePublished":"1970-01-01T00:00:00+00:00","dateModified":"2025-02-06T16:14:10+00:00","description":"Incruste el complemento LinkedIn Feed sin codificaci\u00f3n en el sitio web de su p\u00e1gina de Facebook. Cree su widget utilizando una demostraci\u00f3n en vivo y plantillas predise\u00f1adas para tener una prueba social s\u00f3lida.","breadcrumb":{"@id":"https:\/\/elfsight.com\/es\/linkedin-feed-widget\/facebook\/#breadcrumb"},"inLanguage":"es","potentialAction":[{"@type":"ReadAction","target":["https:\/\/elfsight.com\/es\/linkedin-feed-widget\/facebook\/"]}]},{"@type":"BreadcrumbList","@id":"https:\/\/elfsight.com\/es\/linkedin-feed-widget\/facebook\/#breadcrumb","itemListElement":[{"@type":"ListItem","position":1,"name":"Home","item":"https:\/\/elfsight.com\/es\/"},{"@type":"ListItem","position":2,"name":"LinkedIn Feed","item":"https:\/\/elfsight.com\/es\/linkedin-feed-widget\/"},{"@type":"ListItem","position":3,"name":"LinkedIn Feed &#8211; Facebook Page"}]},{"@type":"WebSite","@id":"https:\/\/elfsight.com\/es\/#website","url":"https:\/\/elfsight.com\/es\/","name":"Elfsight ES","description":"Just another Elfsight Sites site","potentialAction":[{"@type":"SearchAction","target":{"@type":"EntryPoint","urlTemplate":"https:\/\/elfsight.com\/es\/?s={search_term_string}"},"query-input":{"@type":"PropertyValueSpecification","valueRequired":true,"valueName":"search_term_string"}}],"inLanguage":"es"}]}},"meta_box":{"industry":"","seo_heading":"","heading":"","description":"","cta_heading":"","cta_description":"","application":"4887","h1":"\u00a1C\u00f3mo insertar LinkedIn Feed en la p\u00e1gina de Facebook de forma gratuita!","h1_caption":"Muestre las actualizaciones, im\u00e1genes y clips de la corporaci\u00f3n LinkedIn en su sitio web","application_category":[],"applications_title":"","applications_request_title":"","applications_request_button_text":"","hero_text":"","hero_video":"","hero_video_schema_markup":"","selling_points_title":"","selling_points_caption":"","selling_points":[],"selling_points_cta_text":"","features_title":"","features":"","ed_cta_examples_text":"","ed_cta_examples_hidden":"","ed_cta_demo_text":"","ed_cta_demo_hidden":"","why_caption":"","why_editor_title":"","why_editor_text":"","why_team_title":"","why_team_text":"","why_service_title":"","why_service_text":"","template_catalog_visible":"","template_catalog_title":"","template_catalog_text":"","template_catalog_categories_visible":"","demo_title":"Crea tu widget de feed de LinkedIn","demo_caption":"\u00a1Configure su feed de LinkedIn y agr\u00e9guelo al sitio web de su p\u00e1gina de Facebook de forma gratuita!","default_faq_hidden":"","app_template_category":[],"platform":"64","template_public_id":"","codecanyon_url":"","codecanyon_item_id":"","codecanyon_price":"","pricing_caption":"","pricing_elfsight_apps_hide_column":"","pricing_elfsight_apps_url":"","pricing_codecanyon_price_caption":"","integration_category":[],"integration_request_title":"","integration_request_cta":"","integration_platform":"","integrations":[],"platform_category":[],"video_schema_markup":"","price":"desde $0 \/ mes","trial":"","benefits":[{"text":"Servicio de instalaci\u00f3n gratuito"},{"text":"Servicio al cliente eficaz"},{"text":"Garant\u00eda de devoluci\u00f3n de dinero de 14 d\u00edas"},{"text":"Actualizaciones futuras"}],"button_url":"#demo","button_target_blank":"","button_nofollow":"","attributes":[{"name":"Instalaciones","content":"10,000 - 100,000"},{"name":"Sensible","content":"S\u00ed"},{"name":"Navegadores compatibles","content":"Firefox, Safari, Opera, Chrome, Edge"}],"tags":[],"tags_disable_links":"","hide_more_platforms":"","video_object":"","demo_hide_cta":"","demo_hide_cloud_options":"","pricing_title":"","pricing":[{"pricing_icon":"platform","pricing_title":"Elfsight Apps","pricing_title_caption":"Soluci\u00f3n multiplataforma que funciona en cualquier sitio web","pricing_price":"desde $0 \/ mes","pricing_price_caption":"Comience con un plan gratuito","pricing_benefits":[{"text":"Sitios web ilimitados"},{"text":"Soporte 24 horas al d\u00eda, 7 d\u00edas a la semana"},{"text":"Servicio de instalaci\u00f3n gratuito"},{"text":"Totalmente personalizable"}],"pricing_button_text":"A\u00f1adir al sitio web","pricing_button_url":"#demo"}],"related_apps_title":"","related_apps_hidden":"","author":"","image":[],"title":"","job":"","social_networks":[]},"_links":{"self":[{"href":"https:\/\/elfsight.com\/es\/wp-json\/wp\/v2\/pages\/5579","targetHints":{"allow":["GET"]}}],"collection":[{"href":"https:\/\/elfsight.com\/es\/wp-json\/wp\/v2\/pages"}],"about":[{"href":"https:\/\/elfsight.com\/es\/wp-json\/wp\/v2\/types\/page"}],"author":[{"embeddable":true,"href":"https:\/\/elfsight.com\/es\/wp-json\/wp\/v2\/users\/9"}],"replies":[{"embeddable":true,"href":"https:\/\/elfsight.com\/es\/wp-json\/wp\/v2\/comments?post=5579"}],"version-history":[{"count":2,"href":"https:\/\/elfsight.com\/es\/wp-json\/wp\/v2\/pages\/5579\/revisions"}],"predecessor-version":[{"id":19421,"href":"https:\/\/elfsight.com\/es\/wp-json\/wp\/v2\/pages\/5579\/revisions\/19421"}],"up":[{"embeddable":true,"href":"https:\/\/elfsight.com\/es\/wp-json\/wp\/v2\/pages\/4902"}],"wp:attachment":[{"href":"https:\/\/elfsight.com\/es\/wp-json\/wp\/v2\/media?parent=5579"}],"curies":[{"name":"wp","href":"https:\/\/api.w.org\/{rel}","templated":true}]}}