{"id":5571,"date":"1970-01-01T00:00:00","date_gmt":"1970-01-01T00:00:00","guid":{"rendered":"https:\/\/elfsight.com\/es\/?page_id=5571"},"modified":"2025-02-06T16:14:19","modified_gmt":"2025-02-06T16:14:19","slug":"bigcommerce","status":"publish","type":"page","link":"https:\/\/elfsight.com\/es\/linkedin-feed-widget\/bigcommerce\/","title":{"rendered":"LinkedIn Feed &#8211; BigCommerce"},"content":{"rendered":"<div class=\"application-platform-content-item-description application-platform-content-item\" id=\"description\" data-nav-section=\"description\"> <h2>\u00a1Incorpore LinkedIn Feed en BigCommerce de forma gratuita!<\/h2> <p>El complemento LinkedIn Feed brinda una excelente oportunidad para que las empresas compartan y promocionen su contenido de LinkedIn en los sitios web de BigCommerce: muestre publicaciones, im\u00e1genes, videos, etc. en la marca probando elementos de feed, plantillas, dise\u00f1os y estilos de publicaci\u00f3n personalizados. Agregue un modo emergente como acci\u00f3n posterior al clic para captar la atenci\u00f3n de los usuarios. Por \u00faltimo, disfrute de una mayor confianza y una marca destacadamente establecida en la industria.<\/p> <ul><li><strong>Mejore su alcance de redes con la p\u00e1gina de empresa de LinkedIn.<\/strong><br>Inicie nuevas conexiones en el mundo empresarial y aumente el n\u00famero de clientes potenciales utilizando el contenido de su perfil de LinkedIn. <\/li><li><strong>Ampl\u00ede el tama\u00f1o de su audiencia de LinkedIn.<\/strong> <br>Destaque su presencia en LinkedIn dentro de la comunidad del sitio web de BigCommerce y genere un gran inter\u00e9s en sus servicios.<\/li><li><strong>Haga que su negocio parezca m\u00e1s aut\u00e9ntico.<\/strong> <br>Agregue a su marca un impulso adicional en credibilidad y confiabilidad presentando la \u00faltima actividad de LinkedIn directamente en la p\u00e1gina del sitio web.<\/li><\/ul><p><b>Agregue el widget LinkedIn Feed sin c\u00f3digo al sitio web de BigCommerce para establecer credibilidad, amplificar la autenticidad y ampliar las conexiones laborales aprovechando pruebas sociales convincentes.<\/b><\/p> <div class=\"faq\" data-component=\"FAQ\"><div class=\"faq-item\">\r\n\t\t\t\t\t<div class=\"faq-item-question\">\r\n\t\t\t\t\t\t<h3 class=\"faq-item-question-text\">\u00bfExisten otras herramientas para BigCommerce que pueda usar en mi sitio web? <\/h3>\r\n\r\n\t\t\t\t\t\t<div class=\"faq-item-question-icon\"><\/div>\r\n\t\t\t\t\t<\/div>\r\n\r\n\t\t\t\t\t<div class=\"faq-item-answer\">\r\n\t\t\t\t\t\t<div class=\"faq-item-answer-text\"><p>\u00a1S\u00ed, por supuesto! Como usuario del sitio web de BigCommerce, puede obtener docenas de herramientas sin c\u00f3digo de Elfsight, y el complemento LinkedIn Feed es solo una de ellas. No importa qu\u00e9 tipo de negocio tenga y qu\u00e9 nicho en el campo elija, siempre puede buscar oportunidades para mostrar sus fortalezas. Por ejemplo: <\/p><ul><li>Para crear cualquier otra aplicaci\u00f3n de redes sociales para su sitio web de BigCommerce, considere experimentar con el widget <a href=\"https:\/\/elfsight.com\/pinterest-feed-widget\/\">Feed de Pinterest<\/a> o <a href=\"https:\/\/elfsight.com\/instagram-feed-instashow\/\">Feed de Instagram<\/a> junto con el feed de LinkedIn. <\/li><li>Opte por el complemento <a href=\"https:\/\/elfsight.com\/all-in-one-reviews-widget\/\">Rese\u00f1as todo en uno<\/a> o <a href=\"https:\/\/elfsight.com\/google-reviews-widget\/\">Rese\u00f1as de Google<\/a> para mostrar los comentarios de los clientes. <\/li><li>Incorpore el complemento <a href=\"https:\/\/elfsight.com\/online-form-builder\/\">Form Builder<\/a> para agilizar la recopilaci\u00f3n de respuestas y permitir las interacciones de los usuarios en su sitio web de BigCommerce. <\/li> <li>Agregue el widget <a href=\"https:\/\/elfsight.com\/countdown-timer-widget\/\">Temporizador de cuenta regresiva<\/a> para generar entusiasmo y crear una sensaci\u00f3n de urgencia entre la audiencia. <\/li><\/ul><p>Y recuerda, estos son s\u00f3lo algunos ejemplos. Explore el resto de nuestro cat\u00e1logo de widgets para agregar despu\u00e9s de implementar el complemento LinkedIn Feed sin c\u00f3digo para descubrir a\u00fan m\u00e1s formas de cubrir sus requisitos comerciales espec\u00edficos. <\/p><\/div>\r\n\t\t\t\t\t<\/div>\r\n\t\t\t\t<\/div><div class=\"faq-item\">\r\n\t\t\t\t\t<div class=\"faq-item-question\">\r\n\t\t\t\t\t\t<h3 class=\"faq-item-question-text\">\u00bfC\u00f3mo insertar LinkedIn Feed gratis en BigCommerce? <\/h3>\r\n\r\n\t\t\t\t\t\t<div class=\"faq-item-question-icon\"><\/div>\r\n\t\t\t\t\t<\/div>\r\n\r\n\t\t\t\t\t<div class=\"faq-item-answer\">\r\n\t\t\t\t\t\t<div class=\"faq-item-answer-text\"><p>Para agregar el widget LinkedIn Feed a su sitio web de BigCommerce de forma gratuita, siga estas instrucciones: <\/p> <ol><li>Personalice la apariencia del complemento LinkedIn Feed para que coincida con sus gustos. <\/li><li>Inicie sesi\u00f3n en su panel de Elfsight o cree un perfil de usuario gratuito. <\/li><li>Obtenga el c\u00f3digo de inserci\u00f3n generado. <\/li><li>Navega hasta tu sitio web de BigCommerce. <\/li><li>Pegue el c\u00f3digo en el editor de su sitio web de BigCommerce para agregar el complemento LinkedIn Feed. \u00a1Voil\u00e1! <\/li><\/ol><p>Como puede verse, no es necesario dominar la escritura de c\u00f3digo para insertar el complemento. Cree el widget LinkedIn Feed sin c\u00f3digo para un sitio web de BigCommerce con facilidad y disfrute de todos los beneficios que se derivan del viaje para ampliar su alcance. <\/p><\/div>\r\n\t\t\t\t\t<\/div>\r\n\t\t\t\t<\/div><div class=\"faq-item\">\r\n\t\t\t\t\t<div class=\"faq-item-question\">\r\n\t\t\t\t\t\t<h3 class=\"faq-item-question-text\">\u00bfNecesito saber codificar o tener habilidades de programaci\u00f3n para agregar el widget Feed de LinkedIn al sitio web de BigCommerce? <\/h3>\r\n\r\n\t\t\t\t\t\t<div class=\"faq-item-question-icon\"><\/div>\r\n\t\t\t\t\t<\/div>\r\n\r\n\t\t\t\t\t<div class=\"faq-item-answer\">\r\n\t\t\t\t\t\t<div class=\"faq-item-answer-text\"><p>No, no es necesario. El dominio de la codificaci\u00f3n no es un requisito. Puede crear y agregar f\u00e1cilmente el widget LinkedIn Feed a su sitio web de BigCommerce, independientemente de su experiencia previa o experiencia con el c\u00f3digo. <\/p> <\/div>\r\n\t\t\t\t\t<\/div>\r\n\t\t\t\t<\/div><\/div><div class=\"application-platform-content-item-features application-platform-content-item\" id=\"features\" data-nav-section=\"features\"><\/div> <h2>Estas son las caracter\u00edsticas fundamentales del widget: <\/h2> <ul><li>Transmite diversos tipos de contenido: publicaciones de blog, fotos, videos, etc. <\/li><li>Restringe el contenido del feed por palabras clave, hashtags o filtros de URL. <\/li><li>Botones de CTA para mejorar la visibilidad del feed de tu empresa en LinkedIn. <\/li><li>Agregue un modo emergente din\u00e1mico para llamar la atenci\u00f3n sobre su contenido de LinkedIn. <\/li><li>Personalizaci\u00f3n sin c\u00f3digo con configuraciones de dise\u00f1o avanzadas: plantillas predise\u00f1adas, creador de combinaciones de colores, dise\u00f1os de dise\u00f1o, estilos de publicaci\u00f3n, CSS personalizado, etc. <\/li><\/ul><p><a href=\"#demo\">Examine todas las opciones de personalizaci\u00f3n en una demostraci\u00f3n con todas las funciones<\/a><\/p> <\/div> <div class=\"application-platform-content-item-installation application-platform-content-item\" id=\"installation\" data-nav-section=\"installation\"> <h2>\u00bfC\u00f3mo incorporo LinkedIn? \u00bfAlimentar mi sitio web de BigCommerce? <\/h2> <p>Si desea insertar LinkedIn Feed sin c\u00f3digo en su sitio web de BigCommerce, siga estos pasos a continuaci\u00f3n: <\/p> <ol><li><b>Utilice nuestro editor gratuito y comience a crear su propio complemento de LinkedIn Feed. <\/b><br> Especifique el dise\u00f1o y los aspectos preferibles del widget y guarde las modificaciones. <\/li> <li><b>Reciba el c\u00f3digo personal que aparece en la ventana de Elfsight Apps. <\/b><br> Inmediatamente despu\u00e9s de que finalice el establecimiento de su widget, copie el c\u00f3digo personal en la ventana que aparece y gu\u00e1rdelo para usarlo en el futuro. <\/li> <li><b>Incruste el complemento en su sitio web de BigCommerce usando el c\u00f3digo. <\/b><br> A\u00f1ade el c\u00f3digo que has guardado recientemente a tu sitio web y aplica las modificaciones. <\/li> <li><b>La configuraci\u00f3n se realiz\u00f3 por completo. <\/b><br>Visite su sitio web para observar el funcionamiento del complemento LinkedIn Feed. <\/li><\/ol> <p>En caso de tener preguntas o encontrar algunas complicaciones sobre c\u00f3mo agregar el widget, no dude en escribir a nuestro personal de atenci\u00f3n al cliente. Nuestros especialistas estar\u00e1n encantados de resolver todas las dificultades que pueda tener con el complemento LinkedIn Feed sin c\u00f3digo para sitios web de BigCommerce. <\/p> <\/div>","protected":false},"excerpt":{"rendered":"","protected":false},"author":9,"featured_media":0,"parent":4902,"menu_order":0,"comment_status":"closed","ping_status":"closed","template":"templates\/template-application-platform.php","meta":{"publish_to_discourse":"","publish_post_category":"","wpdc_auto_publish_overridden":"","wpdc_topic_tags":"","wpdc_pin_topic":"","wpdc_pin_until":"","discourse_post_id":"","discourse_permalink":"","wpdc_publishing_response":"","wpdc_publishing_error":"","footnotes":""},"class_list":["post-5571","page","type-page","status-publish","hentry"],"yoast_head":"<!-- This site is optimized with the Yoast SEO plugin v25.3.1 - https:\/\/yoast.com\/wordpress\/plugins\/seo\/ -->\n<title>Feed de LinkedIn: agregue la aplicaci\u00f3n Feed a BigCommerce [\u00a1gratis!]<\/title>\n<meta name=\"description\" content=\"Inserte la aplicaci\u00f3n LinkedIn Feed sin codificaci\u00f3n en su sitio web BigCommerce. Cree su widget utilizando una demostraci\u00f3n en vivo y plantillas predise\u00f1adas para tener una prueba social s\u00f3lida.\" \/>\n<meta name=\"robots\" content=\"index, follow, max-snippet:-1, max-image-preview:large, max-video-preview:-1\" \/>\n<link rel=\"canonical\" href=\"https:\/\/elfsight.com\/es\/linkedin-feed-widget\/bigcommerce\/\" \/>\n<meta property=\"og:locale\" content=\"es_ES\" \/>\n<meta property=\"og:type\" content=\"article\" \/>\n<meta property=\"og:title\" content=\"Feed de LinkedIn: agregue la aplicaci\u00f3n Feed a BigCommerce [\u00a1gratis!]\" \/>\n<meta property=\"og:description\" content=\"Inserte la aplicaci\u00f3n LinkedIn Feed sin codificaci\u00f3n en su sitio web BigCommerce. Cree su widget utilizando una demostraci\u00f3n en vivo y plantillas predise\u00f1adas para tener una prueba social s\u00f3lida.\" \/>\n<meta property=\"og:url\" content=\"https:\/\/elfsight.com\/es\/linkedin-feed-widget\/bigcommerce\/\" \/>\n<meta property=\"og:site_name\" content=\"Elfsight ES\" \/>\n<meta property=\"article:modified_time\" content=\"2025-02-06T16:14:19+00:00\" \/>\n<meta name=\"twitter:card\" content=\"summary_large_image\" \/>\n<meta name=\"twitter:label1\" content=\"Tiempo de lectura\" \/>\n\t<meta name=\"twitter:data1\" content=\"5 minutos\" \/>\n<!-- \/ Yoast SEO plugin. -->","yoast_head_json":{"title":"Feed de LinkedIn: agregue la aplicaci\u00f3n Feed a BigCommerce [\u00a1gratis!]","description":"Inserte la aplicaci\u00f3n LinkedIn Feed sin codificaci\u00f3n en su sitio web BigCommerce. Cree su widget utilizando una demostraci\u00f3n en vivo y plantillas predise\u00f1adas para tener una prueba social s\u00f3lida.","robots":{"index":"index","follow":"follow","max-snippet":"max-snippet:-1","max-image-preview":"max-image-preview:large","max-video-preview":"max-video-preview:-1"},"canonical":"https:\/\/elfsight.com\/es\/linkedin-feed-widget\/bigcommerce\/","og_locale":"es_ES","og_type":"article","og_title":"Feed de LinkedIn: agregue la aplicaci\u00f3n Feed a BigCommerce [\u00a1gratis!]","og_description":"Inserte la aplicaci\u00f3n LinkedIn Feed sin codificaci\u00f3n en su sitio web BigCommerce. Cree su widget utilizando una demostraci\u00f3n en vivo y plantillas predise\u00f1adas para tener una prueba social s\u00f3lida.","og_url":"https:\/\/elfsight.com\/es\/linkedin-feed-widget\/bigcommerce\/","og_site_name":"Elfsight ES","article_modified_time":"2025-02-06T16:14:19+00:00","twitter_card":"summary_large_image","twitter_misc":{"Tiempo de lectura":"5 minutos"},"schema":{"@context":"https:\/\/schema.org","@graph":[{"@type":"WebPage","@id":"https:\/\/elfsight.com\/es\/linkedin-feed-widget\/bigcommerce\/","url":"https:\/\/elfsight.com\/es\/linkedin-feed-widget\/bigcommerce\/","name":"Feed de LinkedIn: agregue la aplicaci\u00f3n Feed a BigCommerce [\u00a1gratis!]","isPartOf":{"@id":"https:\/\/elfsight.com\/es\/#website"},"datePublished":"1970-01-01T00:00:00+00:00","dateModified":"2025-02-06T16:14:19+00:00","description":"Inserte la aplicaci\u00f3n LinkedIn Feed sin codificaci\u00f3n en su sitio web BigCommerce. Cree su widget utilizando una demostraci\u00f3n en vivo y plantillas predise\u00f1adas para tener una prueba social s\u00f3lida.","breadcrumb":{"@id":"https:\/\/elfsight.com\/es\/linkedin-feed-widget\/bigcommerce\/#breadcrumb"},"inLanguage":"es","potentialAction":[{"@type":"ReadAction","target":["https:\/\/elfsight.com\/es\/linkedin-feed-widget\/bigcommerce\/"]}]},{"@type":"BreadcrumbList","@id":"https:\/\/elfsight.com\/es\/linkedin-feed-widget\/bigcommerce\/#breadcrumb","itemListElement":[{"@type":"ListItem","position":1,"name":"Home","item":"https:\/\/elfsight.com\/es\/"},{"@type":"ListItem","position":2,"name":"LinkedIn Feed","item":"https:\/\/elfsight.com\/es\/linkedin-feed-widget\/"},{"@type":"ListItem","position":3,"name":"LinkedIn Feed &#8211; BigCommerce"}]},{"@type":"WebSite","@id":"https:\/\/elfsight.com\/es\/#website","url":"https:\/\/elfsight.com\/es\/","name":"Elfsight ES","description":"Just another Elfsight Sites site","potentialAction":[{"@type":"SearchAction","target":{"@type":"EntryPoint","urlTemplate":"https:\/\/elfsight.com\/es\/?s={search_term_string}"},"query-input":{"@type":"PropertyValueSpecification","valueRequired":true,"valueName":"search_term_string"}}],"inLanguage":"es"}]}},"meta_box":{"industry":"","seo_heading":"","heading":"","description":"","cta_heading":"","cta_description":"","application":"4887","h1":"\u00a1C\u00f3mo insertar LinkedIn Feed en BigCommerce de forma gratuita!","h1_caption":"Muestre publicaciones, gr\u00e1ficos y videos comerciales de LinkedIn en su sitio web","application_category":[],"applications_title":"","applications_request_title":"","applications_request_button_text":"","hero_text":"","hero_video":"","hero_video_schema_markup":"","selling_points_title":"","selling_points_caption":"","selling_points":[],"selling_points_cta_text":"","features_title":"","features":"","ed_cta_examples_text":"","ed_cta_examples_hidden":"","ed_cta_demo_text":"","ed_cta_demo_hidden":"","why_caption":"","why_editor_title":"","why_editor_text":"","why_team_title":"","why_team_text":"","why_service_title":"","why_service_text":"","template_catalog_visible":"","template_catalog_title":"","template_catalog_text":"","template_catalog_categories_visible":"","demo_title":"Crea tu aplicaci\u00f3n LinkedIn Feed","demo_caption":"\u00a1Configure su feed de LinkedIn y agr\u00e9guelo a su sitio web de BigCommerce gratis!","default_faq_hidden":"","app_template_category":[],"platform":"33","template_public_id":"","codecanyon_url":"","codecanyon_item_id":"","codecanyon_price":"","pricing_caption":"","pricing_elfsight_apps_hide_column":"","pricing_elfsight_apps_url":"","pricing_codecanyon_price_caption":"","integration_category":[],"integration_request_title":"","integration_request_cta":"","integration_platform":"","integrations":[],"platform_category":[],"video_schema_markup":"","price":"desde $0 \/ mes","trial":"","benefits":[{"text":"Ayuda de instalaci\u00f3n gratuita"},{"text":"Servicio al cliente competente"},{"text":"Garant\u00eda de reembolso de 14 d\u00edas"},{"text":"Actualizando constantemente"}],"button_url":"#demo","button_target_blank":"","button_nofollow":"","attributes":[{"name":"Instalaciones","content":"10,000 - 100,000"},{"name":"Sensible","content":"S\u00ed"},{"name":"Navegadores compatibles","content":"Firefox, Safari, Opera, Chrome, Edge"}],"tags":[],"tags_disable_links":"","hide_more_platforms":"","video_object":"","demo_hide_cta":"","demo_hide_cloud_options":"","pricing_title":"","pricing":[{"pricing_icon":"platform","pricing_title":"Elfsight Apps","pricing_title_caption":"Soluci\u00f3n digital multiplataforma que se adapta a cualquier sitio web","pricing_price":"desde $0 \/ mes","pricing_price_caption":"Comience con un plan gratuito","pricing_benefits":[{"text":"Sitios web ilimitados"},{"text":"Atenci\u00f3n al cliente gratuita y bien documentada."},{"text":"Soporte de instalaci\u00f3n gratuito"},{"text":"Totalmente personalizable"}],"pricing_button_text":"A\u00f1adir al sitio web","pricing_button_url":"#demo"}],"related_apps_title":"","related_apps_hidden":"","author":"","image":[],"title":"","job":"","social_networks":[]},"_links":{"self":[{"href":"https:\/\/elfsight.com\/es\/wp-json\/wp\/v2\/pages\/5571","targetHints":{"allow":["GET"]}}],"collection":[{"href":"https:\/\/elfsight.com\/es\/wp-json\/wp\/v2\/pages"}],"about":[{"href":"https:\/\/elfsight.com\/es\/wp-json\/wp\/v2\/types\/page"}],"author":[{"embeddable":true,"href":"https:\/\/elfsight.com\/es\/wp-json\/wp\/v2\/users\/9"}],"replies":[{"embeddable":true,"href":"https:\/\/elfsight.com\/es\/wp-json\/wp\/v2\/comments?post=5571"}],"version-history":[{"count":2,"href":"https:\/\/elfsight.com\/es\/wp-json\/wp\/v2\/pages\/5571\/revisions"}],"predecessor-version":[{"id":19425,"href":"https:\/\/elfsight.com\/es\/wp-json\/wp\/v2\/pages\/5571\/revisions\/19425"}],"up":[{"embeddable":true,"href":"https:\/\/elfsight.com\/es\/wp-json\/wp\/v2\/pages\/4902"}],"wp:attachment":[{"href":"https:\/\/elfsight.com\/es\/wp-json\/wp\/v2\/media?parent=5571"}],"curies":[{"name":"wp","href":"https:\/\/api.w.org\/{rel}","templated":true}]}}