{"id":5565,"date":"1970-01-01T00:00:00","date_gmt":"1970-01-01T00:00:00","guid":{"rendered":"https:\/\/elfsight.com\/es\/?page_id=5565"},"modified":"2025-02-06T16:14:26","modified_gmt":"2025-02-06T16:14:26","slug":"wordpress","status":"publish","type":"page","link":"https:\/\/elfsight.com\/es\/business-hours-widget\/wordpress\/","title":{"rendered":"Business Hours &#8211; WordPress"},"content":{"rendered":"<div class=\"application-platform-content-item-description application-platform-content-item\" id=\"description\" data-nav-section=\"description\"> <h2>Integre el horario comercial en WordPress con un complemento de Elfsight<\/h2> <p>Elfsight Business Hours para WordPress es un widget simple sin c\u00f3digo que le permite crear una tarjeta de presentaci\u00f3n atractiva con informaci\u00f3n clave sobre su actividad. Puede mostrar informaci\u00f3n sobre el estado de su negocio y proporcionar contactos para su audiencia. El widget le permite crear dise\u00f1os f\u00e1ciles de usar, de modo que los visitantes puedan examinar f\u00e1cilmente todos los datos requeridos en breve o con m\u00e1s detalle. <\/p><p>El notable widget est\u00e1 equipado con algunas plantillas, para que puedas seleccionar la opci\u00f3n m\u00e1s adecuada para tu sitio web. Cada plantilla presenta varias configuraciones para permitirle crear una soluci\u00f3n personal con elementos necesarios como botones de chat y compartir que aumentan las ventas. Agregar el horario laboral y su informaci\u00f3n de contacto a su sitio web es muy f\u00e1cil con Elfsight gracias a tutoriales y pautas sencillos. Cualquier usuario puede desarrollar y agregar el widget de Horario comercial sin c\u00f3digo de forma gratuita<\/p> <p><b>Agregue detalles comerciales a su sitio web para aumentar las tasas de ventas y la credibilidad del cliente. Comparta informaci\u00f3n importante sobre su estado laboral de forma ordenada. <\/b><\/p> <p>Con este widget agregado a su sitio web de WordPress, puede hacer que sus clientes est\u00e9n m\u00e1s conscientes de su negocio y asegurar mejores ventas. Observe algunos de los mayores resultados positivos para su sitio web despu\u00e9s de agregarle el widget de horas de trabajo sin c\u00f3digo. <\/p><ul><li><b>Que los clientes lleguen siempre a tiempo. <\/b>Impulsar las ventas, al estar seguro dentro del horario laboral correspondiente. Los visitantes de su sitio web recordar\u00e1n sus horas de actividad y ser\u00e1n m\u00e1s decisivos para realizar una compra exitosa cuando lo necesiten. <\/li><li><b>Evite malentendidos sobre sus horarios de trabajo.<\/b> Mostrar sus horarios de atenci\u00f3n sencillos a los clientes en el sitio web los har\u00e1 m\u00e1s leales a su empresa porque podr\u00e1n planificar una reserva o una visita. <\/li><li><b>Proporcione informaci\u00f3n de contacto de manera clara.<\/b> Agregar los detalles de contacto a su widget de horario de atenci\u00f3n sin c\u00f3digo le permite establecer una mejor comunicaci\u00f3n con sus clientes y mejorar las ventas. Demuestre que est\u00e1 listo para responder sus inquietudes sobre los productos y servicios de su empresa, lo que generar\u00e1 m\u00e1s confianza y respeto. <\/li><\/ul><div class=\"faq\" data-component=\"FAQ\"><div class=\"faq-item\">\r\n\t\t\t\t\t<div class=\"faq-item-question\">\r\n\t\t\t\t\t\t<h3 class=\"faq-item-question-text\">\u00bfExisten otros complementos para WordPress que pueda incorporar en mi sitio web para aumentar las ventas?<\/h3>\r\n\r\n\t\t\t\t\t\t<div class=\"faq-item-question-icon\"><\/div>\r\n\t\t\t\t\t<\/div>\r\n\r\n\t\t\t\t\t<div class=\"faq-item-answer\">\r\n\t\t\t\t\t\t<div class=\"faq-item-answer-text\">Podemos proporcionarle una gran cantidad de complementos que se adaptan a cualquier tipo de tarea en su sitio web. Estos son solo algunos ejemplos: <a href=\"https:\/\/elfsight.com\/google-reviews-widget\/wordpress\/\" target=\"_blank\" rel=\"noopener\">Rese\u00f1as de Google<\/a>, <a href=\"https:\/\/elfsight.com\/whatsapp-chat-widget\/wordpress\/\" target=\"_blank\" rel=\"noopener\">Chat de WhatsApp<\/a>, <a href=\"https:\/\/elfsight.com\/event-calendar-widget\/wordpress\/\" target=\"_blank\" rel=\"noopener\">Calendario de eventos<\/a>, <a href=\"https:\/\/elfsight.com\/countdown-timer-widget\/wordpress\/\" target=\"_blank\" rel=\"noopener\">Temporizador de cuenta atr\u00e1s<\/a>, <a href=\"https:\/\/elfsight.com\/qr-code-widget\/wordpress\/\" target=\"_blank\" rel=\"noopener\">C\u00f3digo QR<\/a>. <\/div>\r\n\t\t\t\t\t<\/div>\r\n\t\t\t\t<\/div><div class=\"faq-item\">\r\n\t\t\t\t\t<div class=\"faq-item-question\">\r\n\t\t\t\t\t\t<h3 class=\"faq-item-question-text\">\u00bfC\u00f3mo puedo lograr resultados con Business Hours en WordPress?<\/h3>\r\n\r\n\t\t\t\t\t\t<div class=\"faq-item-question-icon\"><\/div>\r\n\t\t\t\t\t<\/div>\r\n\r\n\t\t\t\t\t<div class=\"faq-item-answer\">\r\n\t\t\t\t\t\t<div class=\"faq-item-answer-text\">Hay muchas maneras de mejorar las estad\u00edsticas de \u00e9xito y los indicadores de ventas incorporando un complemento de Business Hours. Con las plantillas de Elfsight para este extraordinario complemento para sitios web, es posible elegir una t\u00e1ctica de promoci\u00f3n personal. Puede mostrar informaci\u00f3n ampliada sobre los horarios de atenci\u00f3n y las formas de contactarlo o simplemente insertar una ventana emergente de estado minimalista. Puede crear tarjetas de contacto con su complemento de horario de atenci\u00f3n y agregarlas a las p\u00e1ginas requeridas del sitio web para atraer la atenci\u00f3n e informar a los clientes sobre su actividad comercial. <\/div>\r\n\t\t\t\t\t<\/div>\r\n\t\t\t\t<\/div><div class=\"faq-item\">\r\n\t\t\t\t\t<div class=\"faq-item-question\">\r\n\t\t\t\t\t\t<h3 class=\"faq-item-question-text\">\u00bfC\u00f3mo integrar el horario comercial de forma gratuita en sitios web de WordPress?<\/h3>\r\n\r\n\t\t\t\t\t\t<div class=\"faq-item-question-icon\"><\/div>\r\n\t\t\t\t\t<\/div>\r\n\r\n\t\t\t\t\t<div class=\"faq-item-answer\">\r\n\t\t\t\t\t\t<div class=\"faq-item-answer-text\">Incrustar un complemento de horario comercial en su sitio web de WordPress es una excelente manera de iniciar la comunicaci\u00f3n con los clientes e informarles sobre su disposici\u00f3n para realizar ventas o brindar servicios. Aqu\u00ed puede ver breves tutoriales sobre c\u00f3mo incorporar el complemento gratuito de horas de operaci\u00f3n en su sitio web. <ol><li>Cuando necesite incorporar Elfsight Business Hours de forma gratuita en WordPress, vaya al sitio web de Elfsight y reg\u00edstrese. <\/li><li>Ajuste el complemento gratuito Business Hours adaptando su apariencia y configuraci\u00f3n para que se adapte al estilo de su sitio web de WordPress. <\/li><li>Al personalizar su horario comercial sin c\u00f3digo, copie el c\u00f3digo proporcionado y p\u00e9guelo en su sitio web donde desea que se muestre el complemento.<\/li><\/ol> Al integrar su horario comercial en su sitio web de WordPress, seguramente aumentar\u00e1 su apariencia visual y atraer\u00e1 la lealtad continua de los visitantes. \u00a1Siente los beneficios del Horario Comercial de Elfsight sin costo alguno para ti! <\/div>\r\n\t\t\t\t\t<\/div>\r\n\t\t\t\t<\/div><\/div><\/div><div class=\"application-platform-content-item-features application-platform-content-item\" id=\"features\" data-nav-section=\"features\"> <h2>Las funciones de widget m\u00e1s valiosas que ofrecemos:<\/h2> <ul><li>Demuestra el estado actual de tu organizaci\u00f3n<\/li><li>Ajuste de programaci\u00f3n f\u00e1cil de usar<\/li><li>Configuraci\u00f3n de ocasiones de celebraci\u00f3n<\/li><li>Estado de actividad en tiempo real<\/li><li>Gr\u00e1fico integrable o compacto status<\/li><\/ul><p><a href=\"#demo\">Puedes ver lo que ofrece el widget probando la demostraci\u00f3n<\/a><\/p> <\/div> <div class=\"application-platform-content-item-installation application-platform-content-item\" id=\"installation\" data-nav-section=\"installation\"> <h2>\u00bfC\u00f3mo agrego horario comercial a mi sitio web de WordPress?<\/h2> <p>Simplemente sigue las pautas a continuaci\u00f3n para integrar el complemento con tu tiempo de trabajo.<\/p> <ol><li><b>Administre nuestro configurador y comience a crear su propio complemento sin c\u00f3digo.<\/b><br> Elija el aspecto personalizado y las caracter\u00edsticas de la aplicaci\u00f3n y aplique las modificaciones. <\/li> <li><b>Reciba el c\u00f3digo de inserci\u00f3n personal que aparece en la ventana de Elfsight Apps.<\/b><br> Una vez finalizada la configuraci\u00f3n de su aplicaci\u00f3n de horario de atenci\u00f3n sin c\u00f3digo, copie el c\u00f3digo personal en la ventana emergente que aparece y gu\u00e1rdelo para usarlo m\u00e1s adelante. <\/li> <li><b>Comience a aplicar el complemento en la p\u00e1gina de inicio de WordPress.<\/b><br> Ingrese el c\u00f3digo guardado anteriormente en su p\u00e1gina web y aplique las modificaciones. <\/li> <li><b>\u00a1Listo! La incorporaci\u00f3n de su horario comercial sin c\u00f3digo se realiz\u00f3 por completo.<\/b><br> Vaya a su sitio web para ver el rendimiento de la aplicaci\u00f3n de horario comercial agregado. <\/li><\/ol> <p>Si tiene alguna consulta o tiene alg\u00fan problema, no dude en ponerse en contacto con nuestro equipo de atenci\u00f3n al cliente. Nuestra gente estar\u00e1 encantada de resolver todos los problemas que pueda tener con el complemento para WordPress. <\/p><\/div>","protected":false},"excerpt":{"rendered":"","protected":false},"author":9,"featured_media":0,"parent":4922,"menu_order":0,"comment_status":"closed","ping_status":"closed","template":"templates\/template-application-platform.php","meta":{"publish_to_discourse":"","publish_post_category":"","wpdc_auto_publish_overridden":"","wpdc_topic_tags":"","wpdc_pin_topic":"","wpdc_pin_until":"","discourse_post_id":"","discourse_permalink":"","wpdc_publishing_response":"","wpdc_publishing_error":"","footnotes":""},"class_list":["post-5565","page","type-page","status-publish","hentry"],"yoast_head":"<!-- This site is optimized with the Yoast SEO plugin v25.3.1 - https:\/\/yoast.com\/wordpress\/plugins\/seo\/ -->\n<title>Agregue horarios comerciales a WordPress: incruste horarios gratuitos para sitios<\/title>\n<meta name=\"description\" content=\"Instale una aplicaci\u00f3n de horario comercial personalizable en WordPress para compartir el estado de su negocio. Crea tu propio widget de horas de actividad en la demostraci\u00f3n.\" \/>\n<meta name=\"robots\" content=\"index, follow, max-snippet:-1, max-image-preview:large, max-video-preview:-1\" \/>\n<link rel=\"canonical\" href=\"https:\/\/elfsight.com\/es\/business-hours-widget\/wordpress\/\" \/>\n<meta property=\"og:locale\" content=\"es_ES\" \/>\n<meta property=\"og:type\" content=\"article\" \/>\n<meta property=\"og:title\" content=\"Agregue horarios comerciales a WordPress: incruste horarios gratuitos para sitios\" \/>\n<meta property=\"og:description\" content=\"Instale una aplicaci\u00f3n de horario comercial personalizable en WordPress para compartir el estado de su negocio. Crea tu propio widget de horas de actividad en la demostraci\u00f3n.\" \/>\n<meta property=\"og:url\" content=\"https:\/\/elfsight.com\/es\/business-hours-widget\/wordpress\/\" \/>\n<meta property=\"og:site_name\" content=\"Elfsight ES\" \/>\n<meta property=\"article:modified_time\" content=\"2025-02-06T16:14:26+00:00\" \/>\n<meta name=\"twitter:card\" content=\"summary_large_image\" \/>\n<meta name=\"twitter:label1\" content=\"Tiempo de lectura\" \/>\n\t<meta name=\"twitter:data1\" content=\"5 minutos\" \/>\n<!-- \/ Yoast SEO plugin. -->","yoast_head_json":{"title":"Agregue horarios comerciales a WordPress: incruste horarios gratuitos para sitios","description":"Instale una aplicaci\u00f3n de horario comercial personalizable en WordPress para compartir el estado de su negocio. Crea tu propio widget de horas de actividad en la demostraci\u00f3n.","robots":{"index":"index","follow":"follow","max-snippet":"max-snippet:-1","max-image-preview":"max-image-preview:large","max-video-preview":"max-video-preview:-1"},"canonical":"https:\/\/elfsight.com\/es\/business-hours-widget\/wordpress\/","og_locale":"es_ES","og_type":"article","og_title":"Agregue horarios comerciales a WordPress: incruste horarios gratuitos para sitios","og_description":"Instale una aplicaci\u00f3n de horario comercial personalizable en WordPress para compartir el estado de su negocio. Crea tu propio widget de horas de actividad en la demostraci\u00f3n.","og_url":"https:\/\/elfsight.com\/es\/business-hours-widget\/wordpress\/","og_site_name":"Elfsight ES","article_modified_time":"2025-02-06T16:14:26+00:00","twitter_card":"summary_large_image","twitter_misc":{"Tiempo de lectura":"5 minutos"},"schema":{"@context":"https:\/\/schema.org","@graph":[{"@type":"WebPage","@id":"https:\/\/elfsight.com\/es\/business-hours-widget\/wordpress\/","url":"https:\/\/elfsight.com\/es\/business-hours-widget\/wordpress\/","name":"Agregue horarios comerciales a WordPress: incruste horarios gratuitos para sitios","isPartOf":{"@id":"https:\/\/elfsight.com\/es\/#website"},"datePublished":"1970-01-01T00:00:00+00:00","dateModified":"2025-02-06T16:14:26+00:00","description":"Instale una aplicaci\u00f3n de horario comercial personalizable en WordPress para compartir el estado de su negocio. Crea tu propio widget de horas de actividad en la demostraci\u00f3n.","breadcrumb":{"@id":"https:\/\/elfsight.com\/es\/business-hours-widget\/wordpress\/#breadcrumb"},"inLanguage":"es","potentialAction":[{"@type":"ReadAction","target":["https:\/\/elfsight.com\/es\/business-hours-widget\/wordpress\/"]}]},{"@type":"BreadcrumbList","@id":"https:\/\/elfsight.com\/es\/business-hours-widget\/wordpress\/#breadcrumb","itemListElement":[{"@type":"ListItem","position":1,"name":"Home","item":"https:\/\/elfsight.com\/es\/"},{"@type":"ListItem","position":2,"name":"Business Hours","item":"https:\/\/elfsight.com\/es\/business-hours-widget\/"},{"@type":"ListItem","position":3,"name":"Business Hours &#8211; WordPress"}]},{"@type":"WebSite","@id":"https:\/\/elfsight.com\/es\/#website","url":"https:\/\/elfsight.com\/es\/","name":"Elfsight ES","description":"Just another Elfsight Sites site","potentialAction":[{"@type":"SearchAction","target":{"@type":"EntryPoint","urlTemplate":"https:\/\/elfsight.com\/es\/?s={search_term_string}"},"query-input":{"@type":"PropertyValueSpecification","valueRequired":true,"valueName":"search_term_string"}}],"inLanguage":"es"}]}},"meta_box":{"industry":"","seo_heading":"","heading":"","description":"","cta_heading":"","cta_description":"","application":"4888","h1":"Complemento de horario comercial de WordPress","h1_caption":"Anuncie f\u00e1cilmente su horario y comparta datos de contacto","application_category":[],"applications_title":"","applications_request_title":"","applications_request_button_text":"","hero_text":"","hero_video":"","hero_video_schema_markup":"","selling_points_title":"","selling_points_caption":"","selling_points":[],"selling_points_cta_text":"","features_title":"","features":"","ed_cta_examples_text":"","ed_cta_examples_hidden":"","ed_cta_demo_text":"","ed_cta_demo_hidden":"","why_caption":"","why_editor_title":"","why_editor_text":"","why_team_title":"","why_team_text":"","why_service_title":"","why_service_text":"","template_catalog_visible":"","template_catalog_title":"","template_catalog_text":"","template_catalog_categories_visible":"","demo_title":"Crea tu complemento de horario comercial","demo_caption":"\u00a1Configure su horario comercial y agr\u00e9guelo a su sitio web de WordPress gratis!","default_faq_hidden":"","app_template_category":[],"platform":"115","template_public_id":"","codecanyon_url":"","codecanyon_item_id":"","codecanyon_price":"","pricing_caption":"","pricing_elfsight_apps_hide_column":"","pricing_elfsight_apps_url":"","pricing_codecanyon_price_caption":"","integration_category":[],"integration_request_title":"","integration_request_cta":"","integration_platform":"","integrations":[],"platform_category":[],"video_schema_markup":"","price":"desde $0 \/ mes","trial":"","benefits":[{"text":"Servicio de instalaci\u00f3n gratuito"},{"text":"Soporte excepcional"},{"text":"Garant\u00eda de devoluci\u00f3n de dinero de 14 d\u00edas"},{"text":"Actualizaciones gratuitas de por vida"}],"button_url":"#demo","button_target_blank":"","button_nofollow":"","attributes":[{"name":"Instalaciones","content":"10,000 - 100,000"},{"name":"Sensible","content":"S\u00ed"},{"name":"Navegadores compatibles","content":"Firefox, Safari, Opera, Chrome, Edge"}],"tags":[],"tags_disable_links":"","hide_more_platforms":"","video_object":"","demo_hide_cta":"","demo_hide_cloud_options":"","pricing_title":"","pricing":[{"pricing_icon":"platform","pricing_title":"Elfsight Apps","pricing_title_caption":"Software multiplataforma que funciona en cualquier sitio web","pricing_price":"desde $0 \/ mes","pricing_price_caption":"comienza con un plan gratuito","pricing_benefits":[{"text":"Sitios web ilimitados"},{"text":"Atenci\u00f3n al cliente dedicada"},{"text":"Servicio de instalaci\u00f3n gratuito"},{"text":"100% personalizable"}],"pricing_button_text":"A\u00f1adir al sitio web","pricing_button_url":"#demo"}],"related_apps_title":"","related_apps_hidden":"","author":"","image":[],"title":"","job":"","social_networks":[]},"_links":{"self":[{"href":"https:\/\/elfsight.com\/es\/wp-json\/wp\/v2\/pages\/5565","targetHints":{"allow":["GET"]}}],"collection":[{"href":"https:\/\/elfsight.com\/es\/wp-json\/wp\/v2\/pages"}],"about":[{"href":"https:\/\/elfsight.com\/es\/wp-json\/wp\/v2\/types\/page"}],"author":[{"embeddable":true,"href":"https:\/\/elfsight.com\/es\/wp-json\/wp\/v2\/users\/9"}],"replies":[{"embeddable":true,"href":"https:\/\/elfsight.com\/es\/wp-json\/wp\/v2\/comments?post=5565"}],"version-history":[{"count":2,"href":"https:\/\/elfsight.com\/es\/wp-json\/wp\/v2\/pages\/5565\/revisions"}],"predecessor-version":[{"id":19427,"href":"https:\/\/elfsight.com\/es\/wp-json\/wp\/v2\/pages\/5565\/revisions\/19427"}],"up":[{"embeddable":true,"href":"https:\/\/elfsight.com\/es\/wp-json\/wp\/v2\/pages\/4922"}],"wp:attachment":[{"href":"https:\/\/elfsight.com\/es\/wp-json\/wp\/v2\/media?parent=5565"}],"curies":[{"name":"wp","href":"https:\/\/api.w.org\/{rel}","templated":true}]}}