{"id":5564,"date":"1970-01-01T00:00:00","date_gmt":"1970-01-01T00:00:00","guid":{"rendered":"https:\/\/elfsight.com\/es\/?page_id=5564"},"modified":"2025-02-06T16:16:30","modified_gmt":"2025-02-06T16:16:30","slug":"woocommerce","status":"publish","type":"page","link":"https:\/\/elfsight.com\/es\/business-hours-widget\/woocommerce\/","title":{"rendered":"Business Hours &#8211; WooCommerce"},"content":{"rendered":"<div class=\"application-platform-content-item-description application-platform-content-item\" id=\"description\" data-nav-section=\"description\"> <h2>Integre el horario comercial en WooCommerce con un widget de Elfsight<\/h2> <p>El horario comercial de Elfsight para WooCommerce es un widget simple sin c\u00f3digo que le permite crear una tarjeta de presentaci\u00f3n llamativa que contiene informaci\u00f3n clave sobre su trabajo. Puede incluir informaci\u00f3n sobre el estado actual de su negocio y habilitar contactos para su audiencia dentro del widget. El widget le permite crear dise\u00f1os f\u00e1ciles de usar, para que los visitantes puedan explorar r\u00e1pidamente todos los datos necesarios en breve o con m\u00e1s detalle. <\/p><p>El notable widget incluye una serie de plantillas, para que puedas elegir la mejor opci\u00f3n para tu sitio web. Cada plantilla presenta configuraciones ajustables para permitirle crear una soluci\u00f3n personal con las opciones necesarias, como botones de pedido y registro, que mejoran las ventas. Integrar el horario laboral y los datos de contacto de su organizaci\u00f3n en las p\u00e1ginas de su sitio web es absolutamente sencillo, ya que Elfsight ofrece tutoriales e instrucciones f\u00e1ciles de seguir. Cualquier usuario puede desarrollar y agregar el widget de horario comercial sin c\u00f3digo de forma gratuita<\/p> <p><b>Agregue detalles comerciales a su sitio web para mejorar las ventas y la credibilidad del cliente. Proporcione informaci\u00f3n importante sobre sus periodos de trabajo de forma clara. <\/b><\/p> <p>Con este widget agregado a su sitio web WooCommerce, puede hacer que su audiencia sea m\u00e1s consciente de su actividad comercial y obtener mejores ventas. Preste atenci\u00f3n a algunos de los mayores resultados positivos para su sitio web despu\u00e9s de incorporar el widget de marcos de trabajo sin c\u00f3digo. <\/p><ul><li><b>Ayudar a que los clientes lleguen siempre a tiempo. <\/b> Incrementar las ventas, estando seguro en el horario laboral indicado. Los visitantes de su sitio web notar\u00e1n sus horas de disponibilidad y estar\u00e1n m\u00e1s convencidos de realizar una compra exitosa cuando lo necesiten. <\/li><li><b>Evita malentendidos sobre tu horario de trabajo. <\/b> Mostrar sus per\u00edodos de trabajo claros a los visitantes del sitio web los har\u00e1 m\u00e1s leales a su marca. <\/li><li><b>Muestra los datos de contacto de forma clara. <\/b> Agregar los datos de contacto a su widget de horario de atenci\u00f3n sin c\u00f3digo le permite establecer una mejor comunicaci\u00f3n con sus clientes y mejorar las ventas. Demuestre que est\u00e1 listo para responder sus inquietudes sobre sus productos y servicios, generando m\u00e1s confianza y respeto. <\/li><\/ul><div class=\"faq\" data-component=\"FAQ\"><div class=\"faq-item\">\r\n\t\t\t\t\t<div class=\"faq-item-question\">\r\n\t\t\t\t\t\t<h3 class=\"faq-item-question-text\">\u00bfHay otros complementos para WooCommerce que pueda usar en mi sitio?<\/h3>\r\n\r\n\t\t\t\t\t\t<div class=\"faq-item-question-icon\"><\/div>\r\n\t\t\t\t\t<\/div>\r\n\r\n\t\t\t\t\t<div class=\"faq-item-answer\">\r\n\t\t\t\t\t\t<div class=\"faq-item-answer-text\">Podemos proporcionarle muchos complementos para que pueda lograr cualquier tipo de objetivo en su sitio. Consulte estos complementos, por favor: <a href=\"https:\/\/elfsight.com\/google-reviews-widget\/woocommerce\/\" target=\"_blank\" rel=\"noopener\">Rese\u00f1as de Google<\/a>, <a href=\"https:\/\/elfsight.com\/whatsapp-chat-widget\/woocommerce\/\" target=\"_blank\" rel=\"noopener\">Chat de WhatsApp<\/a>, <a href=\"https:\/\/elfsight.com\/event-calendar-widget\/woocommerce\/\" target=\"_blank\" rel=\"noopener\">Calendario de eventos<\/a>, <a href=\"https:\/\/elfsight.com\/countdown-timer-widget\/woocommerce\/\" target=\"_blank\" rel=\"noopener\">Temporizador de cuenta regresiva<\/a>, <a href=\"https:\/\/elfsight.com\/qr-code-widget\/woocommerce\/\" target=\"_blank\" rel=\"noopener\">C\u00f3digo QR<\/a>. <\/div>\r\n\t\t\t\t\t<\/div>\r\n\t\t\t\t<\/div><div class=\"faq-item\">\r\n\t\t\t\t\t<div class=\"faq-item-question\">\r\n\t\t\t\t\t\t<h3 class=\"faq-item-question-text\">\u00bfC\u00f3mo puedo beneficiarme del horario comercial en el sitio web WooCommerce?<\/h3>\r\n\r\n\t\t\t\t\t\t<div class=\"faq-item-question-icon\"><\/div>\r\n\t\t\t\t\t<\/div>\r\n\r\n\t\t\t\t\t<div class=\"faq-item-answer\">\r\n\t\t\t\t\t\t<div class=\"faq-item-answer-text\">Puede acceder a muchos escenarios para mejorar las estad\u00edsticas de \u00e9xito y los resultados de ventas agregando un complemento de horario comercial. Con las plantillas de Elfsight para este maravilloso complemento para sitios web, es posible descubrir t\u00e1cticas comerciales individuales. Puede mostrar informaci\u00f3n ampliada sobre sus horarios de atenci\u00f3n o simplemente insertar una ventana emergente compacta de estado actual. Puede crear tarjetas de contacto con su complemento de Horario comercial y agregarlas a ubicaciones preferibles del sitio web para captar la atenci\u00f3n e informar a los clientes sobre su actividad. <\/div>\r\n\t\t\t\t\t<\/div>\r\n\t\t\t\t<\/div><div class=\"faq-item\">\r\n\t\t\t\t\t<div class=\"faq-item-question\">\r\n\t\t\t\t\t\t<h3 class=\"faq-item-question-text\">\u00bfC\u00f3mo integrar el horario comercial sin c\u00f3digo de forma gratuita en los sitios web de WooCommerce?<\/h3>\r\n\r\n\t\t\t\t\t\t<div class=\"faq-item-question-icon\"><\/div>\r\n\t\t\t\t\t<\/div>\r\n\r\n\t\t\t\t\t<div class=\"faq-item-answer\">\r\n\t\t\t\t\t\t<div class=\"faq-item-answer-text\">Incrustar un complemento de horario comercial en su sitio web WooCommerce es una manera perfecta de iniciar la comunicaci\u00f3n con los clientes e informarles sobre su disponibilidad para garantizar las ventas o brindar servicios. A continuaci\u00f3n se ofrecen breves tutoriales sobre c\u00f3mo agregar el complemento de horario de atenci\u00f3n a su sitio web. <ol><li>Cuando necesite integrar un horario comercial de Elfsight de forma gratuita en WooCommerce, vaya al sitio web de Elfsight y reg\u00edstrese. <\/li><li>Cree el complemento gratuito de horas de operaci\u00f3n sin c\u00f3digo adaptando su apariencia y configuraci\u00f3n para que coincida con el estilo de su sitio web WooCommerce. <\/li><li>Despu\u00e9s de configurar su horario comercial, copie el c\u00f3digo y p\u00e9guelo en su sitio web WooCommerce donde desea que funcione el complemento. <\/li><\/ol>Al insertar su horario comercial en su sitio web WooCommerce, definitivamente aumentar\u00e1 la participaci\u00f3n continua de los visitantes. \u00a1Descubre las ventajas del Horario Comercial de Elfsight sin coste alguno para ti! <\/div>\r\n\t\t\t\t\t<\/div>\r\n\t\t\t\t<\/div><\/div><\/div> <div class=\"application-platform-content-item-features application-platform-content-item\" id=\"features\" data-nav-section=\"features\"> <h2>Las funciones b\u00e1sicas del widget ofrecen<\/h2> <ul><li>Muestra el estado de tu empresa en tiempo real<\/li><li>Ajuste de marcos de trabajo f\u00e1cil de usar<\/li><li>Configuraci\u00f3n de eventos especiales<\/li><li>Estado de situaci\u00f3n en tiempo real<\/li><li>Gr\u00e1fico integrable o compacto status<\/li><\/ul><p><a href=\"#demo\">Pruebe todas las opciones de personalizaci\u00f3n en una demostraci\u00f3n con todas las funciones<\/a><\/p><\/div> <div class=\"application-platform-content-item-installation application-platform-content-item\" id=\"installation\" data-nav-section=\"installation\"> <h2>\u00bfC\u00f3mo puedo integrar el horario comercial en mi sitio web WooCommerce?<\/h2> <p>Simplemente siga las siguientes pautas en la aplicaci\u00f3n con su tiempo de actividad. <\/p> <ol><li><b>Administra nuestro editor y comienza a crear tu complemento \u00fanico. <\/b><br> Elija el aspecto y las caracter\u00edsticas seleccionadas del complemento y guarde las ediciones. <\/li> <li><b>Copia tu c\u00f3digo personal que aparece en el formulario especial de Elfsight Apps. <\/b><br> Una vez completada la creaci\u00f3n de su soluci\u00f3n de horas de actividad sin c\u00f3digo, copie el c\u00f3digo personal del cuadro que aparece y gu\u00e1rdelo para usarlo en el futuro. <\/li> <li><b>Comience a usar el complemento en el sitio WooCommerce. <\/b><br>Incrusta el c\u00f3digo que guardaste anteriormente en tu sitio y aplica las modificaciones. <\/li> <li><b>\u00a1Listo! La configuraci\u00f3n de su Horario Comercial est\u00e1 completamente realizada. <\/b><br> Vaya a su sitio web para verificar el funcionamiento de la aplicaci\u00f3n de horas de operaci\u00f3n agregadas. <\/li><\/ol> <p>En caso de que tenga alg\u00fan problema, no dude en buscar ayuda de nuestro personal de soporte. Nuestros consultores estar\u00e1n encantados de resolver todas las dificultades que puedas tener con el complemento para WooCommerce. <\/p><\/div>","protected":false},"excerpt":{"rendered":"","protected":false},"author":9,"featured_media":0,"parent":4922,"menu_order":0,"comment_status":"closed","ping_status":"closed","template":"templates\/template-application-platform.php","meta":{"publish_to_discourse":"","publish_post_category":"","wpdc_auto_publish_overridden":"","wpdc_topic_tags":"","wpdc_pin_topic":"","wpdc_pin_until":"","discourse_post_id":"","discourse_permalink":"","wpdc_publishing_response":"","wpdc_publishing_error":"","footnotes":""},"class_list":["post-5564","page","type-page","status-publish","hentry"],"yoast_head":"<!-- This site is optimized with the Yoast SEO plugin v25.3.1 - https:\/\/yoast.com\/wordpress\/plugins\/seo\/ -->\n<title>Agregue horario comercial a WooCommerce: incruste un widget gratuito en el sitio<\/title>\n<meta name=\"description\" content=\"Coloque un widget de horario comercial ajustable en WooCommerce para mostrar el estado de su negocio. Cree su widget de horas de trabajo personal en la demostraci\u00f3n.\" \/>\n<meta name=\"robots\" content=\"index, follow, max-snippet:-1, max-image-preview:large, max-video-preview:-1\" \/>\n<link rel=\"canonical\" href=\"https:\/\/elfsight.com\/es\/business-hours-widget\/woocommerce\/\" \/>\n<meta property=\"og:locale\" content=\"es_ES\" \/>\n<meta property=\"og:type\" content=\"article\" \/>\n<meta property=\"og:title\" content=\"Agregue horario comercial a WooCommerce: incruste un widget gratuito en el sitio\" \/>\n<meta property=\"og:description\" content=\"Coloque un widget de horario comercial ajustable en WooCommerce para mostrar el estado de su negocio. Cree su widget de horas de trabajo personal en la demostraci\u00f3n.\" \/>\n<meta property=\"og:url\" content=\"https:\/\/elfsight.com\/es\/business-hours-widget\/woocommerce\/\" \/>\n<meta property=\"og:site_name\" content=\"Elfsight ES\" \/>\n<meta property=\"article:modified_time\" content=\"2025-02-06T16:16:30+00:00\" \/>\n<meta name=\"twitter:card\" content=\"summary_large_image\" \/>\n<meta name=\"twitter:label1\" content=\"Tiempo de lectura\" \/>\n\t<meta name=\"twitter:data1\" content=\"5 minutos\" \/>\n<!-- \/ Yoast SEO plugin. -->","yoast_head_json":{"title":"Agregue horario comercial a WooCommerce: incruste un widget gratuito en el sitio","description":"Coloque un widget de horario comercial ajustable en WooCommerce para mostrar el estado de su negocio. Cree su widget de horas de trabajo personal en la demostraci\u00f3n.","robots":{"index":"index","follow":"follow","max-snippet":"max-snippet:-1","max-image-preview":"max-image-preview:large","max-video-preview":"max-video-preview:-1"},"canonical":"https:\/\/elfsight.com\/es\/business-hours-widget\/woocommerce\/","og_locale":"es_ES","og_type":"article","og_title":"Agregue horario comercial a WooCommerce: incruste un widget gratuito en el sitio","og_description":"Coloque un widget de horario comercial ajustable en WooCommerce para mostrar el estado de su negocio. Cree su widget de horas de trabajo personal en la demostraci\u00f3n.","og_url":"https:\/\/elfsight.com\/es\/business-hours-widget\/woocommerce\/","og_site_name":"Elfsight ES","article_modified_time":"2025-02-06T16:16:30+00:00","twitter_card":"summary_large_image","twitter_misc":{"Tiempo de lectura":"5 minutos"},"schema":{"@context":"https:\/\/schema.org","@graph":[{"@type":"WebPage","@id":"https:\/\/elfsight.com\/es\/business-hours-widget\/woocommerce\/","url":"https:\/\/elfsight.com\/es\/business-hours-widget\/woocommerce\/","name":"Agregue horario comercial a WooCommerce: incruste un widget gratuito en el sitio","isPartOf":{"@id":"https:\/\/elfsight.com\/es\/#website"},"datePublished":"1970-01-01T00:00:00+00:00","dateModified":"2025-02-06T16:16:30+00:00","description":"Coloque un widget de horario comercial ajustable en WooCommerce para mostrar el estado de su negocio. Cree su widget de horas de trabajo personal en la demostraci\u00f3n.","breadcrumb":{"@id":"https:\/\/elfsight.com\/es\/business-hours-widget\/woocommerce\/#breadcrumb"},"inLanguage":"es","potentialAction":[{"@type":"ReadAction","target":["https:\/\/elfsight.com\/es\/business-hours-widget\/woocommerce\/"]}]},{"@type":"BreadcrumbList","@id":"https:\/\/elfsight.com\/es\/business-hours-widget\/woocommerce\/#breadcrumb","itemListElement":[{"@type":"ListItem","position":1,"name":"Home","item":"https:\/\/elfsight.com\/es\/"},{"@type":"ListItem","position":2,"name":"Business Hours","item":"https:\/\/elfsight.com\/es\/business-hours-widget\/"},{"@type":"ListItem","position":3,"name":"Business Hours &#8211; WooCommerce"}]},{"@type":"WebSite","@id":"https:\/\/elfsight.com\/es\/#website","url":"https:\/\/elfsight.com\/es\/","name":"Elfsight ES","description":"Just another Elfsight Sites site","potentialAction":[{"@type":"SearchAction","target":{"@type":"EntryPoint","urlTemplate":"https:\/\/elfsight.com\/es\/?s={search_term_string}"},"query-input":{"@type":"PropertyValueSpecification","valueRequired":true,"valueName":"search_term_string"}}],"inLanguage":"es"}]}},"meta_box":{"industry":"","seo_heading":"","heading":"","description":"","cta_heading":"","cta_description":"","application":"4888","h1":"Complemento de horario comercial de WooCommerce","h1_caption":"Informar a los clientes sobre su disponibilidad y proporcionar datos de contacto.","application_category":[],"applications_title":"","applications_request_title":"","applications_request_button_text":"","hero_text":"","hero_video":"","hero_video_schema_markup":"","selling_points_title":"","selling_points_caption":"","selling_points":[],"selling_points_cta_text":"","features_title":"","features":"","ed_cta_examples_text":"","ed_cta_examples_hidden":"","ed_cta_demo_text":"","ed_cta_demo_hidden":"","why_caption":"","why_editor_title":"","why_editor_text":"","why_team_title":"","why_team_text":"","why_service_title":"","why_service_text":"","template_catalog_visible":"","template_catalog_title":"","template_catalog_text":"","template_catalog_categories_visible":"","demo_title":"Crea tu aplicaci\u00f3n de Horario Comercial","demo_caption":"\u00a1Configure su horario comercial y agr\u00e9guelo a su sitio web WooCommerce gratis!","default_faq_hidden":"","app_template_category":[],"platform":"2311","template_public_id":"","codecanyon_url":"","codecanyon_item_id":"","codecanyon_price":"","pricing_caption":"","pricing_elfsight_apps_hide_column":"","pricing_elfsight_apps_url":"","pricing_codecanyon_price_caption":"","integration_category":[],"integration_request_title":"","integration_request_cta":"","integration_platform":"","integrations":[],"platform_category":[],"video_schema_markup":"","price":"desde $0 \/ mes","trial":"","benefits":[{"text":"Servicio de instalaci\u00f3n gratuito"},{"text":"Soporte excepcional"},{"text":"Garant\u00eda de devoluci\u00f3n de dinero de 14 d\u00edas"},{"text":"Actualizando constantemente"}],"button_url":"#demo","button_target_blank":"","button_nofollow":"","attributes":[{"name":"Instalaciones","content":"10,000 - 100,000"},{"name":"Sensible","content":"S\u00ed"},{"name":"Navegadores compatibles","content":"Firefox, Safari, Opera, Chrome, Edge"}],"tags":[],"tags_disable_links":"","hide_more_platforms":"","video_object":"","demo_hide_cta":"","demo_hide_cloud_options":"","pricing_title":"","pricing":[{"pricing_icon":"platform","pricing_title":"Elfsight Apps","pricing_title_caption":"Soluci\u00f3n digital multiplataforma que se adapta a cualquier sitio web","pricing_price":"desde $0 \/ mes","pricing_price_caption":"comienza con un plan gratuito","pricing_benefits":[{"text":"Sitios web ilimitados"},{"text":"Soporte 24 horas al d\u00eda, 7 d\u00edas a la semana y a tiempo"},{"text":"Asistencia de instalaci\u00f3n gratuita"},{"text":"Totalmente personalizable"}],"pricing_button_text":"A\u00f1adir al sitio web","pricing_button_url":"#demo"}],"related_apps_title":"","related_apps_hidden":"","author":"","image":[],"title":"","job":"","social_networks":[]},"_links":{"self":[{"href":"https:\/\/elfsight.com\/es\/wp-json\/wp\/v2\/pages\/5564","targetHints":{"allow":["GET"]}}],"collection":[{"href":"https:\/\/elfsight.com\/es\/wp-json\/wp\/v2\/pages"}],"about":[{"href":"https:\/\/elfsight.com\/es\/wp-json\/wp\/v2\/types\/page"}],"author":[{"embeddable":true,"href":"https:\/\/elfsight.com\/es\/wp-json\/wp\/v2\/users\/9"}],"replies":[{"embeddable":true,"href":"https:\/\/elfsight.com\/es\/wp-json\/wp\/v2\/comments?post=5564"}],"version-history":[{"count":2,"href":"https:\/\/elfsight.com\/es\/wp-json\/wp\/v2\/pages\/5564\/revisions"}],"predecessor-version":[{"id":19428,"href":"https:\/\/elfsight.com\/es\/wp-json\/wp\/v2\/pages\/5564\/revisions\/19428"}],"up":[{"embeddable":true,"href":"https:\/\/elfsight.com\/es\/wp-json\/wp\/v2\/pages\/4922"}],"wp:attachment":[{"href":"https:\/\/elfsight.com\/es\/wp-json\/wp\/v2\/media?parent=5564"}],"curies":[{"name":"wp","href":"https:\/\/api.w.org\/{rel}","templated":true}]}}