{"id":5563,"date":"1970-01-01T00:00:00","date_gmt":"1970-01-01T00:00:00","guid":{"rendered":"https:\/\/elfsight.com\/es\/?page_id=5563"},"modified":"2025-02-06T16:16:30","modified_gmt":"2025-02-06T16:16:30","slug":"wix","status":"publish","type":"page","link":"https:\/\/elfsight.com\/es\/business-hours-widget\/wix\/","title":{"rendered":"Business Hours &#8211; Wix"},"content":{"rendered":"<div class=\"application-platform-content-item-description application-platform-content-item\" id=\"description\" data-nav-section=\"description\"> <h2>Integre el horario comercial en Wix con una aplicaci\u00f3n Elfsight<\/h2> <p>Elfsight Business Hours para Wix es un widget simple sin c\u00f3digo que le permite crear una bonita tarjeta de presentaci\u00f3n que tenga los momentos m\u00e1s importantes relacionados con su actividad. Puede compartir informaci\u00f3n sobre su estado operativo y proporcionar contactos para sus clientes. El widget le permite crear dise\u00f1os f\u00e1ciles de usar, de modo que los visitantes puedan explorar r\u00e1pidamente todos los datos necesarios de forma breve o m\u00e1s detallada. <\/p><p>El maravilloso widget incluye una serie de plantillas para que puedas seleccionar la mejor opci\u00f3n para tu sitio. Cada plantilla contiene configuraciones que le permiten crear un widget personalizado con los elementos necesarios para aumentar las ventas. Integrar el horario de atenci\u00f3n y los detalles de su empresa en el sitio web es f\u00e1cil gracias a Elfsight, que ofrece tutoriales y gu\u00edas f\u00e1ciles de seguir. Cualquier editor de sitios web puede crear y agregar el widget de forma gratuita<\/p> <p><b>Agregue detalles comerciales a su sitio web para aumentar las ventas y la lealtad de los clientes. Comparta informaci\u00f3n importante sobre su actividad laboral con claridad. <\/b><\/p><p>Con este widget integrado en tu sitio web Wix, informas a los clientes sobre tu negocio y obtienes ventas regulares. Explore algunos de los principales beneficios para su sitio web al agregarle el widget gratuito de horas de trabajo.<\/p><ul><li><b>Ayude a los clientes a llegar siempre a tiempo.<\/b> Mejore las ventas, estando constantemente en contacto en las horas de trabajo indicadas. Los visitantes de su sitio web notar\u00e1n sus horas de actividad y tendr\u00e1n m\u00e1s confianza para realizar una compra cuando lo necesiten. <\/li><li><b>Evite malentendidos sobre sus horarios de trabajo.<\/b> Mostrar sus horarios de atenci\u00f3n sencillos a los clientes los har\u00e1 m\u00e1s leales a su empresa porque podr\u00e1n planificar un pedido en el sitio web o una visita a usted. <\/li><li><b>Proporcione datos de contacto de forma visible.<\/b> Agregar los datos de contacto a su widget de Horario comercial sin c\u00f3digo le permite establecer una mejor comunicaci\u00f3n con sus clientes y acelerar las ventas. Demuestre que est\u00e1 trabajando y listo para responder sus consultas sobre sus productos y servicios, lo que generar\u00e1 m\u00e1s lealtad y aprobaci\u00f3n. <\/li><\/ul><div class=\"faq\" data-component=\"FAQ\"><div class=\"faq-item\">\r\n\t\t\t\t\t<div class=\"faq-item-question\">\r\n\t\t\t\t\t\t<h3 class=\"faq-item-question-text\">\u00bfHay otros complementos para Wix que pueda tener en mi sitio web?<\/h3>\r\n\r\n\t\t\t\t\t\t<div class=\"faq-item-question-icon\"><\/div>\r\n\t\t\t\t\t<\/div>\r\n\r\n\t\t\t\t\t<div class=\"faq-item-answer\">\r\n\t\t\t\t\t\t<div class=\"faq-item-answer-text\">Podemos proporcionarle una gran cantidad de complementos para que pueda realizar cualquier tipo de tarea en su sitio web: <a href=\"https:\/\/elfsight.com\/google-reviews-widget\/wix\/\" target=\"_blank\" rel=\"noopener\">Rese\u00f1as de Google<\/a>, <a href=\"https:\/\/elfsight.com\/whatsapp-chat-widget\/wix\/\" target=\"_blank\" rel=\"noopener\">WhatsApp Chat<\/a>, <a href=\"https:\/\/elfsight.com\/event-calendar-widget\/wix\/\" target=\"_blank\" rel=\"noopener\">Calendario de eventos<\/a>, <a href=\"https:\/\/elfsight.com\/countdown-timer-widget\/wix\/\" target=\"_blank\" rel=\"noopener\">Temporizador de cuenta regresiva<\/a>, <a href=\"https:\/\/elfsight.com\/qr-code-widget\/wix\/\" target=\"_blank\" rel=\"noopener\">C\u00f3digo QR<\/a>.<\/div>\r\n\t\t\t\t\t<\/div>\r\n\t\t\t\t<\/div><div class=\"faq-item\">\r\n\t\t\t\t\t<div class=\"faq-item-question\">\r\n\t\t\t\t\t\t<h3 class=\"faq-item-question-text\">\u00bfC\u00f3mo puedo beneficiarme de \u00bfHorario comercial en los sitios web de Wix?<\/h3>\r\n\r\n\t\t\t\t\t\t<div class=\"faq-item-question-icon\"><\/div>\r\n\t\t\t\t\t<\/div>\r\n\r\n\t\t\t\t\t<div class=\"faq-item-answer\">\r\n\t\t\t\t\t\t<div class=\"faq-item-answer-text\">Hay muchos escenarios para mejorar las tasas de conversi\u00f3n y los resultados de ventas agregando el complemento Horario comercial. Con las plantillas de Elfsight para este maravilloso complemento para sitios web, puede encontrar t\u00e1cticas comerciales personales. Puede mostrar informaci\u00f3n ampliada sobre sus horas de trabajo y herramientas para establecer comunicaci\u00f3n con usted o simplemente incorporar una ventana emergente minimalista de estado operativo. Puede formar tarjetas de contacto con nuestro complemento e incorporarlas en las ubicaciones requeridas del sitio para atraer la atenci\u00f3n e informar a todos sobre el estado de su negocio para inspirar las ventas. para realizar ventas o prestar servicios. Ofrecemos algunos tutoriales sobre c\u00f3mo agregar el complemento de horario comercial a su sitio web.<ol><li>Para agregar una aplicaci\u00f3n de Horario comercial de Elfsight de forma gratuita a Wix, vaya al sitio web de Elfsight y reg\u00edstrese.<\/li> <li>Cree el complemento gratuito sin c\u00f3digo adaptando su apariencia y configuraci\u00f3n para combinar con el estilo de su sitio web Wix.<\/li> <li>Despu\u00e9s de ajustar su Horario comercial sin c\u00f3digo de forma gratuita, copie el c\u00f3digo generado y p\u00e9guelo en el HTML de su sitio web Wix, donde desea que se muestre el complemento.<\/li><\/ol>Al agregar su horario comercial a su sitio web Wix, seguramente aumentar\u00e1 su apariencia visual y motivar\u00e1 una participaci\u00f3n estable del cliente. \u00a1Descubra las ventajas del complemento Elfsight Business Hours sin costo alguno para usted!<\/div>\r\n\t\t\t\t\t<\/div>\r\n\t\t\t\t<\/div><\/div><\/div><div class=\"application-platform-content-item-features application-platform-content-item\" id=\"features\" data-nav-section=\"features\"> <h2>Explore la lista de las caracter\u00edsticas m\u00e1s importantes:<\/h2> <ul><li>Muestre el estado laboral actual de su negocio<\/li><li>Ajuste de horario simple<\/li><li>Ocasiones especiales configuraci\u00f3n<\/li><li>Estado actual de la empresa<\/li><li>Gr\u00e1fico de horario comercial insertable o estado de uso eficiente del espacio<\/li><\/ul><p><a href=\"#demo\">Pruebe todas las configuraciones en una demostraci\u00f3n totalmente funcional<\/a><\/p> <\/div><div class=\"application-platform-content-item-installation application-platform-content-item\" id=\"installation\" data-nav-section=\"installation\"> <h2>\u00bfC\u00f3mo puedo integrar el horario comercial en mi Squarespace? sitio web?<\/h2><p>Simplemente siga las instrucciones a continuaci\u00f3n para insertar el complemento.<\/p> <ol><li><b>Inicie nuestro editor y comience a crear su complemento de horas de actividad personalizado. <\/b><br> Especifique el aspecto personalizado y las caracter\u00edsticas funcionales del complemento y realice las correcciones deseadas. <\/li> <li><b>Copie el c\u00f3digo personal incrustado que aparece en el formulario especial en Elfsight Apps.<\/b><br> Inmediatamente despu\u00e9s de crear su complemento, copie el c\u00f3digo individual en la ventana que aparece y gu\u00e1rdelo para futuras necesidades. <\/li> <li><b>Comience a usar la aplicaci\u00f3n agregada en su sitio web.<\/b><br> Ingrese el c\u00f3digo que recibi\u00f3 antes en su p\u00e1gina de inicio de Squarespace y guarde las correcciones. <\/li> <li><b>\u00a1Listo! La configuraci\u00f3n de su horario comercial sin c\u00f3digo est\u00e1 completamente realizada.<\/b><br> Vaya a su sitio web para ver en acci\u00f3n el rendimiento del complemento para atraer clientes y ventas. <\/li><\/ol> <p>Si tienes alguna complicaci\u00f3n con este widget de Squarespace, comun\u00edcate con nuestro equipo de soporte. Nuestros asesores estar\u00e1n encantados de ayudarte con todas las dificultades que puedas tener con el widget. <\/p><\/div>","protected":false},"excerpt":{"rendered":"","protected":false},"author":9,"featured_media":0,"parent":4922,"menu_order":0,"comment_status":"closed","ping_status":"closed","template":"templates\/template-application-platform.php","meta":{"publish_to_discourse":"","publish_post_category":"","wpdc_auto_publish_overridden":"","wpdc_topic_tags":"","wpdc_pin_topic":"","wpdc_pin_until":"","discourse_post_id":"","discourse_permalink":"","wpdc_publishing_response":"","wpdc_publishing_error":"","footnotes":""},"class_list":["post-5563","page","type-page","status-publish","hentry"],"yoast_head":"<!-- This site is optimized with the Yoast SEO plugin v25.3.1 - https:\/\/yoast.com\/wordpress\/plugins\/seo\/ -->\n<title>Incrustar horario comercial en Wix: agregar horarios personalizados al sitio web<\/title>\n<meta name=\"description\" content=\"Coloca un widget de horario comercial ajustable en Wix para mostrar el estado de tu negocio. Cree su widget de horas de trabajo personal en la demostraci\u00f3n.\" \/>\n<meta name=\"robots\" content=\"index, follow, max-snippet:-1, max-image-preview:large, max-video-preview:-1\" \/>\n<link rel=\"canonical\" href=\"https:\/\/elfsight.com\/es\/business-hours-widget\/wix\/\" \/>\n<meta property=\"og:locale\" content=\"es_ES\" \/>\n<meta property=\"og:type\" content=\"article\" \/>\n<meta property=\"og:title\" content=\"Incrustar horario comercial en Wix: agregar horarios personalizados al sitio web\" \/>\n<meta property=\"og:description\" content=\"Coloca un widget de horario comercial ajustable en Wix para mostrar el estado de tu negocio. Cree su widget de horas de trabajo personal en la demostraci\u00f3n.\" \/>\n<meta property=\"og:url\" content=\"https:\/\/elfsight.com\/es\/business-hours-widget\/wix\/\" \/>\n<meta property=\"og:site_name\" content=\"Elfsight ES\" \/>\n<meta property=\"article:modified_time\" content=\"2025-02-06T16:16:30+00:00\" \/>\n<meta name=\"twitter:card\" content=\"summary_large_image\" \/>\n<meta name=\"twitter:label1\" content=\"Tiempo de lectura\" \/>\n\t<meta name=\"twitter:data1\" content=\"5 minutos\" \/>\n<!-- \/ Yoast SEO plugin. -->","yoast_head_json":{"title":"Incrustar horario comercial en Wix: agregar horarios personalizados al sitio web","description":"Coloca un widget de horario comercial ajustable en Wix para mostrar el estado de tu negocio. Cree su widget de horas de trabajo personal en la demostraci\u00f3n.","robots":{"index":"index","follow":"follow","max-snippet":"max-snippet:-1","max-image-preview":"max-image-preview:large","max-video-preview":"max-video-preview:-1"},"canonical":"https:\/\/elfsight.com\/es\/business-hours-widget\/wix\/","og_locale":"es_ES","og_type":"article","og_title":"Incrustar horario comercial en Wix: agregar horarios personalizados al sitio web","og_description":"Coloca un widget de horario comercial ajustable en Wix para mostrar el estado de tu negocio. Cree su widget de horas de trabajo personal en la demostraci\u00f3n.","og_url":"https:\/\/elfsight.com\/es\/business-hours-widget\/wix\/","og_site_name":"Elfsight ES","article_modified_time":"2025-02-06T16:16:30+00:00","twitter_card":"summary_large_image","twitter_misc":{"Tiempo de lectura":"5 minutos"},"schema":{"@context":"https:\/\/schema.org","@graph":[{"@type":"WebPage","@id":"https:\/\/elfsight.com\/es\/business-hours-widget\/wix\/","url":"https:\/\/elfsight.com\/es\/business-hours-widget\/wix\/","name":"Incrustar horario comercial en Wix: agregar horarios personalizados al sitio web","isPartOf":{"@id":"https:\/\/elfsight.com\/es\/#website"},"datePublished":"1970-01-01T00:00:00+00:00","dateModified":"2025-02-06T16:16:30+00:00","description":"Coloca un widget de horario comercial ajustable en Wix para mostrar el estado de tu negocio. Cree su widget de horas de trabajo personal en la demostraci\u00f3n.","breadcrumb":{"@id":"https:\/\/elfsight.com\/es\/business-hours-widget\/wix\/#breadcrumb"},"inLanguage":"es","potentialAction":[{"@type":"ReadAction","target":["https:\/\/elfsight.com\/es\/business-hours-widget\/wix\/"]}]},{"@type":"BreadcrumbList","@id":"https:\/\/elfsight.com\/es\/business-hours-widget\/wix\/#breadcrumb","itemListElement":[{"@type":"ListItem","position":1,"name":"Home","item":"https:\/\/elfsight.com\/es\/"},{"@type":"ListItem","position":2,"name":"Business Hours","item":"https:\/\/elfsight.com\/es\/business-hours-widget\/"},{"@type":"ListItem","position":3,"name":"Business Hours &#8211; Wix"}]},{"@type":"WebSite","@id":"https:\/\/elfsight.com\/es\/#website","url":"https:\/\/elfsight.com\/es\/","name":"Elfsight ES","description":"Just another Elfsight Sites site","potentialAction":[{"@type":"SearchAction","target":{"@type":"EntryPoint","urlTemplate":"https:\/\/elfsight.com\/es\/?s={search_term_string}"},"query-input":{"@type":"PropertyValueSpecification","valueRequired":true,"valueName":"search_term_string"}}],"inLanguage":"es"}]}},"meta_box":{"industry":"","seo_heading":"","heading":"","description":"","cta_heading":"","cta_description":"","application":"4888","h1":"Aplicaci\u00f3n Horario comercial de Wix","h1_caption":"Anuncie su estado y proporcione datos de contacto f\u00e1cilmente","application_category":[],"applications_title":"","applications_request_title":"","applications_request_button_text":"","hero_text":"","hero_video":"","hero_video_schema_markup":"","selling_points_title":"","selling_points_caption":"","selling_points":[],"selling_points_cta_text":"","features_title":"","features":"","ed_cta_examples_text":"","ed_cta_examples_hidden":"","ed_cta_demo_text":"","ed_cta_demo_hidden":"","why_caption":"","why_editor_title":"","why_editor_text":"","why_team_title":"","why_team_text":"","why_service_title":"","why_service_text":"","template_catalog_visible":"","template_catalog_title":"","template_catalog_text":"","template_catalog_categories_visible":"","demo_title":"Crea tu aplicaci\u00f3n de Horario Comercial","demo_caption":"\u00a1Configura tu horario comercial y agr\u00e9galo a tu sitio web Wix gratis!","default_faq_hidden":"","app_template_category":[],"platform":"112","template_public_id":"","codecanyon_url":"","codecanyon_item_id":"","codecanyon_price":"","pricing_caption":"","pricing_elfsight_apps_hide_column":"","pricing_elfsight_apps_url":"","pricing_codecanyon_price_caption":"","integration_category":[],"integration_request_title":"","integration_request_cta":"","integration_platform":"","integrations":[],"platform_category":[],"video_schema_markup":"","price":"desde $0 \/ mes","trial":"","benefits":[{"text":"Servicio de instalaci\u00f3n gratuito"},{"text":"Soporte premium"},{"text":"Garant\u00eda de devoluci\u00f3n de dinero de 14 d\u00edas"},{"text":"Actualizaciones gratuitas de por vida"}],"button_url":"#demo","button_target_blank":"","button_nofollow":"","attributes":[{"name":"Instalaciones","content":"10,000 - 100,000"},{"name":"Sensible","content":"S\u00ed"},{"name":"Navegadores compatibles","content":"Firefox, Safari, Opera, Chrome, Edge"}],"tags":[],"tags_disable_links":"","hide_more_platforms":"","video_object":"","demo_hide_cta":"","demo_hide_cloud_options":"","pricing_title":"","pricing":[{"pricing_icon":"platform","pricing_title":"Elfsight Apps","pricing_title_caption":"Software multiplataforma que funciona en cualquier sitio web","pricing_price":"desde $0 \/ mes","pricing_price_caption":"comienza con un plan gratuito","pricing_benefits":[{"text":"Sitios web ilimitados"},{"text":"Atenci\u00f3n al cliente 24 horas al d\u00eda, 7 d\u00edas a la semana"},{"text":"Servicio de instalaci\u00f3n gratuito"},{"text":"Dise\u00f1o flexible"}],"pricing_button_text":"A\u00f1adir al sitio web","pricing_button_url":"#demo"}],"related_apps_title":"","related_apps_hidden":"","author":"","image":[],"title":"","job":"","social_networks":[]},"_links":{"self":[{"href":"https:\/\/elfsight.com\/es\/wp-json\/wp\/v2\/pages\/5563","targetHints":{"allow":["GET"]}}],"collection":[{"href":"https:\/\/elfsight.com\/es\/wp-json\/wp\/v2\/pages"}],"about":[{"href":"https:\/\/elfsight.com\/es\/wp-json\/wp\/v2\/types\/page"}],"author":[{"embeddable":true,"href":"https:\/\/elfsight.com\/es\/wp-json\/wp\/v2\/users\/9"}],"replies":[{"embeddable":true,"href":"https:\/\/elfsight.com\/es\/wp-json\/wp\/v2\/comments?post=5563"}],"version-history":[{"count":2,"href":"https:\/\/elfsight.com\/es\/wp-json\/wp\/v2\/pages\/5563\/revisions"}],"predecessor-version":[{"id":19429,"href":"https:\/\/elfsight.com\/es\/wp-json\/wp\/v2\/pages\/5563\/revisions\/19429"}],"up":[{"embeddable":true,"href":"https:\/\/elfsight.com\/es\/wp-json\/wp\/v2\/pages\/4922"}],"wp:attachment":[{"href":"https:\/\/elfsight.com\/es\/wp-json\/wp\/v2\/media?parent=5563"}],"curies":[{"name":"wp","href":"https:\/\/api.w.org\/{rel}","templated":true}]}}