{"id":5562,"date":"1970-01-01T00:00:00","date_gmt":"1970-01-01T00:00:00","guid":{"rendered":"https:\/\/elfsight.com\/es\/?page_id=5562"},"modified":"2025-02-06T16:16:30","modified_gmt":"2025-02-06T16:16:30","slug":"weebly","status":"publish","type":"page","link":"https:\/\/elfsight.com\/es\/business-hours-widget\/weebly\/","title":{"rendered":"Business Hours &#8211; Weebly"},"content":{"rendered":"<div class=\"application-platform-content-item-description application-platform-content-item\" id=\"description\" data-nav-section=\"description\"> <h2>Integre el horario comercial en Weebly con una aplicaci\u00f3n de Elfsight<\/h2> <p>El horario comercial de Elfsight para Weebly es un widget sencillo sin c\u00f3digo que le permite crear una bonita tarjeta de presentaci\u00f3n con los detalles m\u00e1s importantes sobre su actividad. Puede agregar informaci\u00f3n sobre su estado laboral actual y proporcionar contactos para su audiencia con este widget. El widget le permite crear dise\u00f1os convenientes, para que los clientes puedan encontrar r\u00e1pidamente todos los datos requeridos en breve o con m\u00e1s detalle. <\/p><p>El excelente widget est\u00e1 equipado con algunas plantillas, para que puedas elegir la opci\u00f3n m\u00e1s eficiente para tu sitio web. Cada plantilla tiene varias configuraciones para ayudarlo a crear un widget personal con las opciones necesarias, como botones de chat y compartir, que mejoran las ventas. Agregar las horas de trabajo y los datos de contacto de su empresa a sus p\u00e1ginas es extremadamente sencillo con Elfsight gracias a tutoriales y gu\u00edas f\u00e1ciles de seguir. Cualquier editor de sitios web puede crear e incrustar el widget de horario comercial sin c\u00f3digo de forma gratuita<\/p> <p><b>Agregue detalles comerciales a su sitio web para mejorar las ventas y la satisfacci\u00f3n del cliente. Comparta informaci\u00f3n importante sobre su estado laboral f\u00e1cilmente. <\/b><\/p> <p>Con este widget integrado en su sitio web Weebly, informar\u00e1 a sus clientes sobre su negocio y obtendr\u00e1 ventas regulares. Preste atenci\u00f3n a algunos de los principales resultados positivos para su sitio web despu\u00e9s de agregarle el widget gratuito de horas de trabajo. <\/p><ul><li><b>Ayuda a tus clientes a llegar siempre a tiempo. <\/b> Impulsar las ventas, estando siempre en contacto durante el horario laboral indicado. Los visitantes de su sitio web recordar\u00e1n sus horarios de disponibilidad y ser\u00e1n m\u00e1s decididos a la hora de realizar una compra cuando lo necesiten. <\/li><li><b>Evita la confusi\u00f3n sobre tus horarios de trabajo. <\/b> Proporcionar sus per\u00edodos de trabajo correctos a los visitantes del sitio web har\u00e1 que se dediquen m\u00e1s a su marca. <\/li><li><b>Compartir informaci\u00f3n de contacto de forma visible. <\/b> Agregar los datos de contacto a su widget de horario de atenci\u00f3n sin c\u00f3digo le permite establecer una mejor comunicaci\u00f3n con los visitantes de su sitio web y acelerar las ventas. Demuestre que est\u00e1 aqu\u00ed para responder a sus inquietudes sobre los productos y servicios de su empresa, lo que generar\u00e1 m\u00e1s lealtad y prestigio. <\/li><\/ul><div class=\"faq\" data-component=\"FAQ\"><div class=\"faq-item\">\r\n\t\t\t\t\t<div class=\"faq-item-question\">\r\n\t\t\t\t\t\t<h3 class=\"faq-item-question-text\">\u00bfExisten otros complementos para Weebly que pueda usar en mi sitio web para aumentar las ventas?<\/h3>\r\n\r\n\t\t\t\t\t\t<div class=\"faq-item-question-icon\"><\/div>\r\n\t\t\t\t\t<\/div>\r\n\r\n\t\t\t\t\t<div class=\"faq-item-answer\">\r\n\t\t\t\t\t\t<div class=\"faq-item-answer-text\">Podemos proporcionarle muchos complementos para que pueda lograr cualquier tipo de objetivo en su sitio. Compru\u00e9balo t\u00fa mismo: <a href=\"https:\/\/elfsight.com\/google-reviews-widget\/weebly\/\" target=\"_blank\" rel=\"noopener\">Rese\u00f1as de Google<\/a>, <a href=\"https:\/\/elfsight.com\/whatsapp-chat-widget\/weebly\/\" target=\"_blank\" rel=\"noopener\">Chat de WhatsApp<\/a>, <a href=\"https:\/\/elfsight.com\/event-calendar-widget\/weebly\/\" target=\"_blank\" rel=\"noopener\">Calendario de eventos<\/a>, <a href=\"https:\/\/elfsight.com\/countdown-timer-widget\/weebly\/\" target=\"_blank\" rel=\"noopener\">Temporizador de cuenta atr\u00e1s<\/a>, <a href=\"https:\/\/elfsight.com\/qr-code-widget\/weebly\/\" target=\"_blank\" rel=\"noopener\">C\u00f3digo QR<\/a>. <\/div>\r\n\t\t\t\t\t<\/div>\r\n\t\t\t\t<\/div><div class=\"faq-item\">\r\n\t\t\t\t\t<div class=\"faq-item-question\">\r\n\t\t\t\t\t\t<h3 class=\"faq-item-question-text\">\u00bfC\u00f3mo puedo beneficiarme del horario comercial en Weebly?<\/h3>\r\n\r\n\t\t\t\t\t\t<div class=\"faq-item-question-icon\"><\/div>\r\n\t\t\t\t\t<\/div>\r\n\r\n\t\t\t\t\t<div class=\"faq-item-answer\">\r\n\t\t\t\t\t\t<div class=\"faq-item-answer-text\">Tienes muchos escenarios para mejorar las estad\u00edsticas de conversi\u00f3n agregando un complemento de horario comercial. Con las plantillas de Elfsight para este notable complemento para sitios, puede elegir t\u00e1cticas comerciales individuales. Puede mostrar informaci\u00f3n ampliada sobre sus per\u00edodos de trabajo y herramientas para establecer comunicaci\u00f3n con usted o simplemente insertar una ventana emergente minimalista de estado actual. Puede crear tarjetas de contacto con nuestro complemento Horario comercial y agregarlas a \u00e1reas preferibles del sitio web para inspirar ventas. <\/div>\r\n\t\t\t\t\t<\/div>\r\n\t\t\t\t<\/div><div class=\"faq-item\">\r\n\t\t\t\t\t<div class=\"faq-item-question\">\r\n\t\t\t\t\t\t<h3 class=\"faq-item-question-text\">\u00bfC\u00f3mo integrar el horario comercial de forma gratuita en los sitios web de Weebly?<\/h3>\r\n\r\n\t\t\t\t\t\t<div class=\"faq-item-question-icon\"><\/div>\r\n\t\t\t\t\t<\/div>\r\n\r\n\t\t\t\t\t<div class=\"faq-item-answer\">\r\n\t\t\t\t\t\t<div class=\"faq-item-answer-text\">Incorporar un complemento de horario comercial en su sitio web Weebly es una excelente manera de iniciar la comunicaci\u00f3n con los clientes e informarles sobre su horario v\u00e1lido y su estado para garantizar las ventas u ofrecer servicios. Encuentre algunos tutoriales sobre c\u00f3mo instalar el complemento de horario de atenci\u00f3n gratuito en su sitio web. <ol><li>Para integrar un horario comercial de Elfsight en Weebly, vaya al sitio web de Elfsight y cree una cuenta. <\/li><li>Ajusta el horario comercial sin c\u00f3digo adaptando su apariencia y configuraci\u00f3n para adaptarlo al estilo de tu sitio web Weebly. <\/li><li>Despu\u00e9s de configurar su horario comercial, copie el fragmento de c\u00f3digo generado y p\u00e9guelo en el HTML de su sitio web Weebly donde desea que est\u00e9 el complemento. <\/li><\/ol>Al integrar su horario comercial en su sitio web Weebly, definitivamente aumentar\u00e1 su magnetismo visual y lograr\u00e1 una lealtad sostenible de los visitantes. \u00a1Descubra los beneficios del complemento Horario comercial de Elfsight sin costo alguno para usted! <\/div>\r\n\t\t\t\t\t<\/div>\r\n\t\t\t\t<\/div><\/div><\/div> <div class=\"application-platform-content-item-features application-platform-content-item\" id=\"features\" data-nav-section=\"features\"> <h2>El widget ofrece funciones pr\u00e1cticas y sencillas, vea algunas de ellas:<\/h2> <ul><li>Demuestre la disponibilidad actual de su empresa<\/li><li>Ajuste sencillo del per\u00edodo de trabajo<\/li><li>Configuraci\u00f3n de d\u00edas festivos<\/li><li>Situaci\u00f3n actual indicaci\u00f3n<\/li><li>Gr\u00e1fico insertable o estado compacto<\/li><\/ul><p><a href=\"#demo\">Simplemente consulte esta demostraci\u00f3n para comprender la funcionalidad de la aplicaci\u00f3n<\/a><\/p> <\/div> <div class=\"application-platform-content-item-installation application-platform-content-item\" id=\"installation\" data-nav-section=\"installation\"> <h2>\u00bfC\u00f3mo agregar horario comercial a mi sitio web Weebly?<\/h2> <p>Simplemente siga un par de pasos que se describen a continuaci\u00f3n para integrar el complemento con su tiempo de operaci\u00f3n.<\/p> <ol><li><b>Abra nuestra demostraci\u00f3n y comience a darle forma a su complemento personalizado sin c\u00f3digo. <\/b><br> Especifique el aspecto seleccionado y las caracter\u00edsticas del complemento y aplique las correcciones. <\/li> <li><b>Adquiera su c\u00f3digo individual que se muestra en la ventana de Elfsight Apps. <\/b><br> Una vez finalizada la generaci\u00f3n de su soluci\u00f3n de horas de actividad sin c\u00f3digo, copie el c\u00f3digo individual en la ventana emergente que aparece y gu\u00e1rdelo para futuras necesidades. <\/li> <li><b>Empiece a utilizar la aplicaci\u00f3n en su p\u00e1gina de inicio de Weebly. <\/b><br> Pegue el c\u00f3digo guardado recientemente en su p\u00e1gina de inicio y guarde las mejoras. <\/li> <li><b>La configuraci\u00f3n de su horario comercial sin c\u00f3digo ha finalizado por completo. <\/b><br> Visite su sitio web para ver en acci\u00f3n c\u00f3mo funciona el complemento de horario de atenci\u00f3n. <\/li><\/ol> <p>Si tiene alguna consulta o tiene alg\u00fan problema, no dude en ponerse en contacto con nuestro equipo de soporte. Nuestra gente estar\u00e1 encantada de ayudarle con todas las dificultades que pueda tener con el complemento para Weebly. <\/p><\/div>","protected":false},"excerpt":{"rendered":"","protected":false},"author":9,"featured_media":0,"parent":4922,"menu_order":0,"comment_status":"closed","ping_status":"closed","template":"templates\/template-application-platform.php","meta":{"publish_to_discourse":"","publish_post_category":"","wpdc_auto_publish_overridden":"","wpdc_topic_tags":"","wpdc_pin_topic":"","wpdc_pin_until":"","discourse_post_id":"","discourse_permalink":"","wpdc_publishing_response":"","wpdc_publishing_error":"","footnotes":""},"class_list":["post-5562","page","type-page","status-publish","hentry"],"yoast_head":"<!-- This site is optimized with the Yoast SEO plugin v25.3.1 - https:\/\/yoast.com\/wordpress\/plugins\/seo\/ -->\n<title>Agregue horarios comerciales a Weebly: incruste horarios sin c\u00f3digo en el sitio<\/title>\n<meta name=\"description\" content=\"Agregue un widget de horario comercial ajustable a Weebly para mostrar el estado de su actividad. Crea tu propio horario de trabajo en la demostraci\u00f3n.\" \/>\n<meta name=\"robots\" content=\"index, follow, max-snippet:-1, max-image-preview:large, max-video-preview:-1\" \/>\n<link rel=\"canonical\" href=\"https:\/\/elfsight.com\/es\/business-hours-widget\/weebly\/\" \/>\n<meta property=\"og:locale\" content=\"es_ES\" \/>\n<meta property=\"og:type\" content=\"article\" \/>\n<meta property=\"og:title\" content=\"Agregue horarios comerciales a Weebly: incruste horarios sin c\u00f3digo en el sitio\" \/>\n<meta property=\"og:description\" content=\"Agregue un widget de horario comercial ajustable a Weebly para mostrar el estado de su actividad. Crea tu propio horario de trabajo en la demostraci\u00f3n.\" \/>\n<meta property=\"og:url\" content=\"https:\/\/elfsight.com\/es\/business-hours-widget\/weebly\/\" \/>\n<meta property=\"og:site_name\" content=\"Elfsight ES\" \/>\n<meta property=\"article:modified_time\" content=\"2025-02-06T16:16:30+00:00\" \/>\n<meta name=\"twitter:card\" content=\"summary_large_image\" \/>\n<meta name=\"twitter:label1\" content=\"Tiempo de lectura\" \/>\n\t<meta name=\"twitter:data1\" content=\"5 minutos\" \/>\n<!-- \/ Yoast SEO plugin. -->","yoast_head_json":{"title":"Agregue horarios comerciales a Weebly: incruste horarios sin c\u00f3digo en el sitio","description":"Agregue un widget de horario comercial ajustable a Weebly para mostrar el estado de su actividad. Crea tu propio horario de trabajo en la demostraci\u00f3n.","robots":{"index":"index","follow":"follow","max-snippet":"max-snippet:-1","max-image-preview":"max-image-preview:large","max-video-preview":"max-video-preview:-1"},"canonical":"https:\/\/elfsight.com\/es\/business-hours-widget\/weebly\/","og_locale":"es_ES","og_type":"article","og_title":"Agregue horarios comerciales a Weebly: incruste horarios sin c\u00f3digo en el sitio","og_description":"Agregue un widget de horario comercial ajustable a Weebly para mostrar el estado de su actividad. Crea tu propio horario de trabajo en la demostraci\u00f3n.","og_url":"https:\/\/elfsight.com\/es\/business-hours-widget\/weebly\/","og_site_name":"Elfsight ES","article_modified_time":"2025-02-06T16:16:30+00:00","twitter_card":"summary_large_image","twitter_misc":{"Tiempo de lectura":"5 minutos"},"schema":{"@context":"https:\/\/schema.org","@graph":[{"@type":"WebPage","@id":"https:\/\/elfsight.com\/es\/business-hours-widget\/weebly\/","url":"https:\/\/elfsight.com\/es\/business-hours-widget\/weebly\/","name":"Agregue horarios comerciales a Weebly: incruste horarios sin c\u00f3digo en el sitio","isPartOf":{"@id":"https:\/\/elfsight.com\/es\/#website"},"datePublished":"1970-01-01T00:00:00+00:00","dateModified":"2025-02-06T16:16:30+00:00","description":"Agregue un widget de horario comercial ajustable a Weebly para mostrar el estado de su actividad. Crea tu propio horario de trabajo en la demostraci\u00f3n.","breadcrumb":{"@id":"https:\/\/elfsight.com\/es\/business-hours-widget\/weebly\/#breadcrumb"},"inLanguage":"es","potentialAction":[{"@type":"ReadAction","target":["https:\/\/elfsight.com\/es\/business-hours-widget\/weebly\/"]}]},{"@type":"BreadcrumbList","@id":"https:\/\/elfsight.com\/es\/business-hours-widget\/weebly\/#breadcrumb","itemListElement":[{"@type":"ListItem","position":1,"name":"Home","item":"https:\/\/elfsight.com\/es\/"},{"@type":"ListItem","position":2,"name":"Business Hours","item":"https:\/\/elfsight.com\/es\/business-hours-widget\/"},{"@type":"ListItem","position":3,"name":"Business Hours &#8211; Weebly"}]},{"@type":"WebSite","@id":"https:\/\/elfsight.com\/es\/#website","url":"https:\/\/elfsight.com\/es\/","name":"Elfsight ES","description":"Just another Elfsight Sites site","potentialAction":[{"@type":"SearchAction","target":{"@type":"EntryPoint","urlTemplate":"https:\/\/elfsight.com\/es\/?s={search_term_string}"},"query-input":{"@type":"PropertyValueSpecification","valueRequired":true,"valueName":"search_term_string"}}],"inLanguage":"es"}]}},"meta_box":{"industry":"","seo_heading":"","heading":"","description":"","cta_heading":"","cta_description":"","application":"4888","h1":"Aplicaci\u00f3n Weebly Business Hours","h1_caption":"Informe a los clientes sobre su accesibilidad y comparta datos de contacto","application_category":[],"applications_title":"","applications_request_title":"","applications_request_button_text":"","hero_text":"","hero_video":"","hero_video_schema_markup":"","selling_points_title":"","selling_points_caption":"","selling_points":[],"selling_points_cta_text":"","features_title":"","features":"","ed_cta_examples_text":"","ed_cta_examples_hidden":"","ed_cta_demo_text":"","ed_cta_demo_hidden":"","why_caption":"","why_editor_title":"","why_editor_text":"","why_team_title":"","why_team_text":"","why_service_title":"","why_service_text":"","template_catalog_visible":"","template_catalog_title":"","template_catalog_text":"","template_catalog_categories_visible":"","demo_title":"Crea tu aplicaci\u00f3n de Horario Comercial","demo_caption":"\u00a1Configura tu horario comercial y agr\u00e9galo a tu sitio web Weebly gratis!","default_faq_hidden":"","app_template_category":[],"platform":"109","template_public_id":"","codecanyon_url":"","codecanyon_item_id":"","codecanyon_price":"","pricing_caption":"","pricing_elfsight_apps_hide_column":"","pricing_elfsight_apps_url":"","pricing_codecanyon_price_caption":"","integration_category":[],"integration_request_title":"","integration_request_cta":"","integration_platform":"","integrations":[],"platform_category":[],"video_schema_markup":"","price":"desde $0 \/ mes","trial":"","benefits":[{"text":"Ayuda de instalaci\u00f3n gratuita"},{"text":"Servicio al cliente profesional"},{"text":"Garant\u00eda de reembolso de 14 d\u00edas"},{"text":"Actualizando constantemente"}],"button_url":"#demo","button_target_blank":"","button_nofollow":"","attributes":[{"name":"Instalaciones","content":"10,000 - 100,000"},{"name":"Sensible","content":"S\u00ed"},{"name":"Navegadores compatibles","content":"Firefox, Safari, Opera, Chrome, Edge"}],"tags":[],"tags_disable_links":"","hide_more_platforms":"","video_object":"","demo_hide_cta":"","demo_hide_cloud_options":"","pricing_title":"","pricing":[{"pricing_icon":"platform","pricing_title":"Elfsight Apps","pricing_title_caption":"Soluci\u00f3n multiplataforma que se adapta a cualquier sitio web","pricing_price":"desde $0 \/ mes","pricing_price_caption":"comienza con un plan gratuito","pricing_benefits":[{"text":"Sitios web ilimitados"},{"text":"Soporte dedicado y puntual"},{"text":"Ayuda de instalaci\u00f3n gratuita"},{"text":"100% personalizable"}],"pricing_button_text":"A\u00f1adir al sitio web","pricing_button_url":"#demo"}],"related_apps_title":"","related_apps_hidden":"","author":"","image":[],"title":"","job":"","social_networks":[]},"_links":{"self":[{"href":"https:\/\/elfsight.com\/es\/wp-json\/wp\/v2\/pages\/5562","targetHints":{"allow":["GET"]}}],"collection":[{"href":"https:\/\/elfsight.com\/es\/wp-json\/wp\/v2\/pages"}],"about":[{"href":"https:\/\/elfsight.com\/es\/wp-json\/wp\/v2\/types\/page"}],"author":[{"embeddable":true,"href":"https:\/\/elfsight.com\/es\/wp-json\/wp\/v2\/users\/9"}],"replies":[{"embeddable":true,"href":"https:\/\/elfsight.com\/es\/wp-json\/wp\/v2\/comments?post=5562"}],"version-history":[{"count":2,"href":"https:\/\/elfsight.com\/es\/wp-json\/wp\/v2\/pages\/5562\/revisions"}],"predecessor-version":[{"id":19430,"href":"https:\/\/elfsight.com\/es\/wp-json\/wp\/v2\/pages\/5562\/revisions\/19430"}],"up":[{"embeddable":true,"href":"https:\/\/elfsight.com\/es\/wp-json\/wp\/v2\/pages\/4922"}],"wp:attachment":[{"href":"https:\/\/elfsight.com\/es\/wp-json\/wp\/v2\/media?parent=5562"}],"curies":[{"name":"wp","href":"https:\/\/api.w.org\/{rel}","templated":true}]}}