{"id":5557,"date":"1970-01-01T00:00:00","date_gmt":"1970-01-01T00:00:00","guid":{"rendered":"https:\/\/elfsight.com\/es\/?page_id=5557"},"modified":"2025-02-06T16:16:30","modified_gmt":"2025-02-06T16:16:30","slug":"webnode","status":"publish","type":"page","link":"https:\/\/elfsight.com\/es\/business-hours-widget\/webnode\/","title":{"rendered":"Business Hours &#8211; Webnode"},"content":{"rendered":"<div class=\"application-platform-content-item-description application-platform-content-item\" id=\"description\" data-nav-section=\"description\"><h2>Integre el horario comercial en Webnode con un widget de Elfsight<\/h2> <p>El horario comercial de Elfsight para Webnode es un widget simple sin c\u00f3digo que le permite crear una tarjeta de presentaci\u00f3n llamativa que contiene los datos principales sobre su trabajo. Puede mostrar informaci\u00f3n sobre su estado laboral actual y proporcionar contactos para sus clientes. El widget le permite inventar dise\u00f1os convenientes, para que los clientes puedan encontrar r\u00e1pidamente todos los datos requeridos. <\/p><p>El excelente widget incluye algunas plantillas, para que puedas elegir la opci\u00f3n m\u00e1s eficiente para tu sitio web. Cada plantilla tiene configuraciones ajustables que le permiten crear una soluci\u00f3n personalizada con las opciones necesarias, como botones de pedido y registro, que aumentan las ventas. Incorporar el horario laboral y sus datos de contacto en las p\u00e1ginas de su sitio web es muy sencillo con Elfsight gracias a tutoriales e instrucciones f\u00e1ciles de seguir. Cualquier usuario puede crear e incrustar el widget de horario comercial sin c\u00f3digo de forma gratuita<\/p> <p><b>Integre detalles comerciales en su sitio web para aumentar las ventas y la satisfacci\u00f3n del cliente. Proporcione informaci\u00f3n importante sobre su actividad laboral de forma clara. <\/b><\/p> <p>Con este widget integrado en tu sitio web Webnode, puedes hacer que tus clientes conozcan mejor tu negocio y asegurar mejores ventas. Explore algunos de los resultados m\u00e1s t\u00edpicos para su sitio web al agregarle el widget de marcos de trabajo sin c\u00f3digo. <\/p><ul><li><b>Ayuda a tus clientes a ser siempre puntuales. <\/b> Incrementar las ventas, al estar siempre en contacto dentro de los marcos de trabajo establecidos. Los visitantes de su sitio web ver\u00e1n sus horas de actividad y estar\u00e1n m\u00e1s convencidos de realizar una compra exitosa cuando est\u00e9n listos. <\/li><li><b>Evita malentendidos sobre tus horarios de trabajo. <\/b> Mostrar sus periodos de trabajo decente a los clientes en el sitio web har\u00e1 que se dediquen m\u00e1s a su marca. <\/li><li><b>Proporcione informaci\u00f3n de contacto de manera conveniente. <\/b> Agregar los contactos a su widget de horario de atenci\u00f3n sin c\u00f3digo le permite crear una mejor comunicaci\u00f3n con sus clientes y acelerar las ventas. Demuestre que est\u00e1 aqu\u00ed para responder a sus consultas sobre los productos y servicios de su empresa, lo que generar\u00e1 m\u00e1s confianza y prestigio. <\/li><\/ul><div class=\"faq\" data-component=\"FAQ\"><div class=\"faq-item\">\r\n\t\t\t\t\t<div class=\"faq-item-question\">\r\n\t\t\t\t\t\t<h3 class=\"faq-item-question-text\">\u00bfOfrecen alg\u00fan otro complemento para Webnode que pueda agregar a mi sitio web?<\/h3>\r\n\r\n\t\t\t\t\t\t<div class=\"faq-item-question-icon\"><\/div>\r\n\t\t\t\t\t<\/div>\r\n\r\n\t\t\t\t\t<div class=\"faq-item-answer\">\r\n\t\t\t\t\t\t<div class=\"faq-item-answer-text\">Podemos proporcionarle una gran cantidad de complementos para que pueda lograr cualquier tipo de objetivo en su sitio. Por ejemplo: <a href=\"https:\/\/elfsight.com\/google-reviews-widget\/webnode\/\" target=\"_blank\" rel=\"noopener\">Rese\u00f1as de Google<\/a>, <a href=\"https:\/\/elfsight.com\/whatsapp-chat-widget\/webnode\/\" target=\"_blank\" rel=\"noopener\">Chat de WhatsApp<\/a>, <a href=\"https:\/\/elfsight.com\/event-calendar-widget\/webnode\/\" target=\"_blank\" rel=\"noopener\">Calendario de eventos<\/a>, <a href=\"https:\/\/elfsight.com\/countdown-timer-widget\/webnode\/\" target=\"_blank\" rel=\"noopener\">Temporizador de cuenta atr\u00e1s<\/a>, <a href=\"https:\/\/elfsight.com\/qr-code-widget\/webnode\/\" target=\"_blank\" rel=\"noopener\">C\u00f3digo QR<\/a>. <\/div>\r\n\t\t\t\t\t<\/div>\r\n\t\t\t\t<\/div><div class=\"faq-item\">\r\n\t\t\t\t\t<div class=\"faq-item-question\">\r\n\t\t\t\t\t\t<h3 class=\"faq-item-question-text\">\u00bfC\u00f3mo puedo utilizar el horario comercial en Webnode?<\/h3>\r\n\r\n\t\t\t\t\t\t<div class=\"faq-item-question-icon\"><\/div>\r\n\t\t\t\t\t<\/div>\r\n\r\n\t\t\t\t\t<div class=\"faq-item-answer\">\r\n\t\t\t\t\t\t<div class=\"faq-item-answer-text\">Hay muchas maneras de mejorar las tasas de conversi\u00f3n y los resultados de ventas mediante la adici\u00f3n de un complemento de horario comercial. Con las plantillas de Elfsight para este fant\u00e1stico complemento para sitios, puede crear t\u00e1cticas comerciales personalizadas. Puede mostrar informaci\u00f3n ampliada sobre sus horas de trabajo o simplemente insertar una ventana emergente compacta de estado de actividad. Puede crear tarjetas de contacto con nuestro complemento Horario comercial y agregarlas a las ubicaciones deseadas del sitio web para atraer la atenci\u00f3n e informar a los clientes sobre su actividad para inspirar ventas. <\/div>\r\n\t\t\t\t\t<\/div>\r\n\t\t\t\t<\/div><div class=\"faq-item\">\r\n\t\t\t\t\t<div class=\"faq-item-question\">\r\n\t\t\t\t\t\t<h3 class=\"faq-item-question-text\">\u00bfC\u00f3mo agregar un complemento de horario comercial sin c\u00f3digo de forma gratuita a los sitios web de Webnode?<\/h3>\r\n\r\n\t\t\t\t\t\t<div class=\"faq-item-question-icon\"><\/div>\r\n\t\t\t\t\t<\/div>\r\n\r\n\t\t\t\t\t<div class=\"faq-item-answer\">\r\n\t\t\t\t\t\t<div class=\"faq-item-answer-text\">Incorporar un complemento de horario comercial en su sitio web de Webnode es un m\u00e9todo simple para iniciar la comunicaci\u00f3n con los clientes e informarles sobre su disposici\u00f3n para realizar ventas o prestar servicios. Aqu\u00ed puede ver algunos tutoriales sobre c\u00f3mo agregar el complemento de horario de atenci\u00f3n a su sitio web. <ol><li>Cuando necesites integrar un complemento de Elfsight Business Hours de forma gratuita en Webnode, accede al sitio web de Elfsight y crea una cuenta. <\/li><li>Ajuste el horario comercial gratuito y sin c\u00f3digo adaptando su apariencia y configuraci\u00f3n para que coincida con el dise\u00f1o de su sitio web. <\/li><li>Al configurar su horario comercial sin c\u00f3digo, copie el fragmento de c\u00f3digo especial y p\u00e9guelo en el HTML de su sitio web donde desea que est\u00e9 el complemento. <\/li><\/ol>Al insertar tu horario comercial en tu sitio web Webnode, elevar\u00e1s su atractivo visual y motivar\u00e1s una lealtad estable de tus clientes. \u00a1Experimente los beneficios del horario comercial de Elfsight sin costo alguno para usted!<\/div>\r\n\t\t\t\t\t<\/div>\r\n\t\t\t\t<\/div><\/div><\/div> <div class=\"application-platform-content-item-features application-platform-content-item\" id=\"features\" data-nav-section=\"features\"> <h2>Las caracter\u00edsticas clave del widget ofrecen<\/h2> <ul><li>Muestre la disponibilidad de su organizaci\u00f3n en tiempo real<\/li><li>Configuraci\u00f3n de horarios f\u00e1cil de usar<\/li><li>Eventos especiales configuraci\u00f3n<\/li><li>Indicaci\u00f3n de actividad actual<\/li><li>Cuadr\u00edcula insertable o estado compacto<\/li><\/ul><p><a href=\"#demo\">Prueba esta demostraci\u00f3n para ver cu\u00e1nto vale el widget<\/a><\/p> <\/div> <div class=\"application-platform-content-item-installation application-platform-content-item\" id=\"installation\" data-nav-section=\"installation\"> <h2>\u00bfC\u00f3mo puedo incorporar el Horario Comercial en mi sitio web Webnode?<\/h2> <p>Simplemente sigue A continuaci\u00f3n se presentan varios pasos para comenzar a utilizar el complemento con sus turnos de trabajo. <\/p> <ol><li><b>Abre nuestro editor y comienza a darle forma a tu propio complemento sin c\u00f3digo. <\/b><br> Elija la interfaz deseada y las caracter\u00edsticas funcionales del complemento y guarde las correcciones. <\/li> <li><b>Obtenga su c\u00f3digo \u00fanico que aparece en el formulario especial en Elfsight Apps. <\/b><br> Una vez finalizada la configuraci\u00f3n de su aplicaci\u00f3n personal de horas de actividad sin c\u00f3digo, copie el c\u00f3digo exclusivo de la ventana que aparece y gu\u00e1rdelo para usarlo en el futuro. <\/li> <li><b>Empiece a utilizar el complemento en su sitio Webnode. <\/b><br> Pegue el c\u00f3digo que guard\u00f3 anteriormente en su sitio y guarde los ajustes. <\/li> <li><b>\u00a1Listo! La integraci\u00f3n de su horario comercial sin c\u00f3digo ha finalizado con \u00e9xito. <\/b><br> Visite su sitio web para comprobar el rendimiento de la aplicaci\u00f3n de horas de funcionamiento a\u00f1adidas. <\/li><\/ol> <p>Si tiene alguna dificultad, no dude en comunicarse con nuestro personal de servicio al cliente. Nuestros especialistas est\u00e1n ansiosos por ayudarte con todos los problemas que puedas tener con el producto de Webnode. <\/p> <\/div>","protected":false},"excerpt":{"rendered":"","protected":false},"author":9,"featured_media":0,"parent":4922,"menu_order":0,"comment_status":"closed","ping_status":"closed","template":"templates\/template-application-platform.php","meta":{"publish_to_discourse":"","publish_post_category":"","wpdc_auto_publish_overridden":"","wpdc_topic_tags":"","wpdc_pin_topic":"","wpdc_pin_until":"","discourse_post_id":"","discourse_permalink":"","wpdc_publishing_response":"","wpdc_publishing_error":"","footnotes":""},"class_list":["post-5557","page","type-page","status-publish","hentry"],"yoast_head":"<!-- This site is optimized with the Yoast SEO plugin v25.3.1 - https:\/\/yoast.com\/wordpress\/plugins\/seo\/ -->\n<title>Agregar horario comercial a Webnode - Incrustar marcos de trabajo gratuitos<\/title>\n<meta name=\"description\" content=\"Integre una aplicaci\u00f3n de horario comercial ajustable en Webnode para mostrar el estado de su negocio. Crea tu propio horario de trabajo con la demostraci\u00f3n.\" \/>\n<meta name=\"robots\" content=\"index, follow, max-snippet:-1, max-image-preview:large, max-video-preview:-1\" \/>\n<link rel=\"canonical\" href=\"https:\/\/elfsight.com\/es\/business-hours-widget\/webnode\/\" \/>\n<meta property=\"og:locale\" content=\"es_ES\" \/>\n<meta property=\"og:type\" content=\"article\" \/>\n<meta property=\"og:title\" content=\"Agregar horario comercial a Webnode - Incrustar marcos de trabajo gratuitos\" \/>\n<meta property=\"og:description\" content=\"Integre una aplicaci\u00f3n de horario comercial ajustable en Webnode para mostrar el estado de su negocio. Crea tu propio horario de trabajo con la demostraci\u00f3n.\" \/>\n<meta property=\"og:url\" content=\"https:\/\/elfsight.com\/es\/business-hours-widget\/webnode\/\" \/>\n<meta property=\"og:site_name\" content=\"Elfsight ES\" \/>\n<meta property=\"article:modified_time\" content=\"2025-02-06T16:16:30+00:00\" \/>\n<meta name=\"twitter:card\" content=\"summary_large_image\" \/>\n<meta name=\"twitter:label1\" content=\"Tiempo de lectura\" \/>\n\t<meta name=\"twitter:data1\" content=\"5 minutos\" \/>\n<!-- \/ Yoast SEO plugin. -->","yoast_head_json":{"title":"Agregar horario comercial a Webnode - Incrustar marcos de trabajo gratuitos","description":"Integre una aplicaci\u00f3n de horario comercial ajustable en Webnode para mostrar el estado de su negocio. Crea tu propio horario de trabajo con la demostraci\u00f3n.","robots":{"index":"index","follow":"follow","max-snippet":"max-snippet:-1","max-image-preview":"max-image-preview:large","max-video-preview":"max-video-preview:-1"},"canonical":"https:\/\/elfsight.com\/es\/business-hours-widget\/webnode\/","og_locale":"es_ES","og_type":"article","og_title":"Agregar horario comercial a Webnode - Incrustar marcos de trabajo gratuitos","og_description":"Integre una aplicaci\u00f3n de horario comercial ajustable en Webnode para mostrar el estado de su negocio. Crea tu propio horario de trabajo con la demostraci\u00f3n.","og_url":"https:\/\/elfsight.com\/es\/business-hours-widget\/webnode\/","og_site_name":"Elfsight ES","article_modified_time":"2025-02-06T16:16:30+00:00","twitter_card":"summary_large_image","twitter_misc":{"Tiempo de lectura":"5 minutos"},"schema":{"@context":"https:\/\/schema.org","@graph":[{"@type":"WebPage","@id":"https:\/\/elfsight.com\/es\/business-hours-widget\/webnode\/","url":"https:\/\/elfsight.com\/es\/business-hours-widget\/webnode\/","name":"Agregar horario comercial a Webnode - Incrustar marcos de trabajo gratuitos","isPartOf":{"@id":"https:\/\/elfsight.com\/es\/#website"},"datePublished":"1970-01-01T00:00:00+00:00","dateModified":"2025-02-06T16:16:30+00:00","description":"Integre una aplicaci\u00f3n de horario comercial ajustable en Webnode para mostrar el estado de su negocio. Crea tu propio horario de trabajo con la demostraci\u00f3n.","breadcrumb":{"@id":"https:\/\/elfsight.com\/es\/business-hours-widget\/webnode\/#breadcrumb"},"inLanguage":"es","potentialAction":[{"@type":"ReadAction","target":["https:\/\/elfsight.com\/es\/business-hours-widget\/webnode\/"]}]},{"@type":"BreadcrumbList","@id":"https:\/\/elfsight.com\/es\/business-hours-widget\/webnode\/#breadcrumb","itemListElement":[{"@type":"ListItem","position":1,"name":"Home","item":"https:\/\/elfsight.com\/es\/"},{"@type":"ListItem","position":2,"name":"Business Hours","item":"https:\/\/elfsight.com\/es\/business-hours-widget\/"},{"@type":"ListItem","position":3,"name":"Business Hours &#8211; Webnode"}]},{"@type":"WebSite","@id":"https:\/\/elfsight.com\/es\/#website","url":"https:\/\/elfsight.com\/es\/","name":"Elfsight ES","description":"Just another Elfsight Sites site","potentialAction":[{"@type":"SearchAction","target":{"@type":"EntryPoint","urlTemplate":"https:\/\/elfsight.com\/es\/?s={search_term_string}"},"query-input":{"@type":"PropertyValueSpecification","valueRequired":true,"valueName":"search_term_string"}}],"inLanguage":"es"}]}},"meta_box":{"industry":"","seo_heading":"","heading":"","description":"","cta_heading":"","cta_description":"","application":"4888","h1":"Widget de horario comercial de Webnode","h1_caption":"Informar a los visitantes sobre su disponibilidad y proporcionar datos de contacto.","application_category":[],"applications_title":"","applications_request_title":"","applications_request_button_text":"","hero_text":"","hero_video":"","hero_video_schema_markup":"","selling_points_title":"","selling_points_caption":"","selling_points":[],"selling_points_cta_text":"","features_title":"","features":"","ed_cta_examples_text":"","ed_cta_examples_hidden":"","ed_cta_demo_text":"","ed_cta_demo_hidden":"","why_caption":"","why_editor_title":"","why_editor_text":"","why_team_title":"","why_team_text":"","why_service_title":"","why_service_text":"","template_catalog_visible":"","template_catalog_title":"","template_catalog_text":"","template_catalog_categories_visible":"","demo_title":"Crea tu widget de horario comercial","demo_caption":"\u00a1Configura tu Horario Comercial y agr\u00e9galo a tu sitio web Webnode gratis!","default_faq_hidden":"","app_template_category":[],"platform":"2302","template_public_id":"","codecanyon_url":"","codecanyon_item_id":"","codecanyon_price":"","pricing_caption":"","pricing_elfsight_apps_hide_column":"","pricing_elfsight_apps_url":"","pricing_codecanyon_price_caption":"","integration_category":[],"integration_request_title":"","integration_request_cta":"","integration_platform":"","integrations":[],"platform_category":[],"video_schema_markup":"","price":"desde $0 \/ mes","trial":"","benefits":[{"text":"Asistencia de instalaci\u00f3n gratuita"},{"text":"Servicio al cliente profesional"},{"text":"Garant\u00eda de devoluci\u00f3n de dinero de 14 d\u00edas"},{"text":"Actualizando constantemente"}],"button_url":"#demo","button_target_blank":"","button_nofollow":"","attributes":[{"name":"Instalaciones","content":"10,000 - 100,000"},{"name":"Sensible","content":"S\u00ed"},{"name":"Navegadores compatibles","content":"Firefox, Safari, Opera, Chrome, Edge"}],"tags":[],"tags_disable_links":"","hide_more_platforms":"","video_object":"","demo_hide_cta":"","demo_hide_cloud_options":"","pricing_title":"","pricing":[{"pricing_icon":"platform","pricing_title":"Elfsight Apps","pricing_title_caption":"Soluci\u00f3n independiente de plataforma que se adapta a cualquier sitio web","pricing_price":"desde $0 \/ mes","pricing_price_caption":"comienza con un plan gratuito","pricing_benefits":[{"text":"Dominios ilimitados"},{"text":"Atenci\u00f3n al cliente profesional"},{"text":"Soporte de instalaci\u00f3n gratuito"},{"text":"100% personalizable"}],"pricing_button_text":"A\u00f1adir al sitio web","pricing_button_url":"#demo"}],"related_apps_title":"","related_apps_hidden":"","author":"","image":[],"title":"","job":"","social_networks":[]},"_links":{"self":[{"href":"https:\/\/elfsight.com\/es\/wp-json\/wp\/v2\/pages\/5557","targetHints":{"allow":["GET"]}}],"collection":[{"href":"https:\/\/elfsight.com\/es\/wp-json\/wp\/v2\/pages"}],"about":[{"href":"https:\/\/elfsight.com\/es\/wp-json\/wp\/v2\/types\/page"}],"author":[{"embeddable":true,"href":"https:\/\/elfsight.com\/es\/wp-json\/wp\/v2\/users\/9"}],"replies":[{"embeddable":true,"href":"https:\/\/elfsight.com\/es\/wp-json\/wp\/v2\/comments?post=5557"}],"version-history":[{"count":2,"href":"https:\/\/elfsight.com\/es\/wp-json\/wp\/v2\/pages\/5557\/revisions"}],"predecessor-version":[{"id":19431,"href":"https:\/\/elfsight.com\/es\/wp-json\/wp\/v2\/pages\/5557\/revisions\/19431"}],"up":[{"embeddable":true,"href":"https:\/\/elfsight.com\/es\/wp-json\/wp\/v2\/pages\/4922"}],"wp:attachment":[{"href":"https:\/\/elfsight.com\/es\/wp-json\/wp\/v2\/media?parent=5557"}],"curies":[{"name":"wp","href":"https:\/\/api.w.org\/{rel}","templated":true}]}}