{"id":5556,"date":"1970-01-01T00:00:00","date_gmt":"1970-01-01T00:00:00","guid":{"rendered":"https:\/\/elfsight.com\/es\/?page_id=5556"},"modified":"2025-02-06T16:16:39","modified_gmt":"2025-02-06T16:16:39","slug":"webflow","status":"publish","type":"page","link":"https:\/\/elfsight.com\/es\/business-hours-widget\/webflow\/","title":{"rendered":"Business Hours &#8211; Webflow"},"content":{"rendered":"<div class=\"application-platform-content-item-description application-platform-content-item\" id=\"description\" data-nav-section=\"description\"> <h2>Integre el horario comercial en Webflow con un widget de Elfsight<\/h2> <p>El horario comercial de Elfsight para Webflow es un widget simple sin c\u00f3digo que le permite crear una bonita tarjeta de presentaci\u00f3n con informaci\u00f3n clave sobre su trabajo. Puede compartir informaci\u00f3n sobre su estado de disponibilidad y habilitar contactos para su audiencia. El widget le permite inventar dise\u00f1os convenientes, para que los clientes puedan encontrar r\u00e1pidamente todos los datos requeridos de manera breve o m\u00e1s detallada. <\/p><p>El fant\u00e1stico widget ofrece una variedad de plantillas, para que puedas elegir la opci\u00f3n m\u00e1s eficiente para tu sitio web. Cada plantilla tiene varias configuraciones que le permiten crear un widget personal con las opciones necesarias, como reservas y botones de reserva, que aumentan las ventas. Integrar el horario laboral y sus datos de contacto en sus p\u00e1ginas es totalmente f\u00e1cil con Elfsight gracias a tutoriales y pautas claras. Cualquier editor de sitios web puede crear y agregar el widget de Horario comercial sin c\u00f3digo de forma gratuita<\/p> <p><b>Incorpore detalles comerciales en su sitio web para aumentar las ventas y la credibilidad del cliente. Muestra informaci\u00f3n clave sobre tu actividad laboral sin esfuerzo. <\/b><\/p> <p>Con este widget agregado a su sitio web Webflow, puede hacer que sus clientes sean m\u00e1s conscientes de sus procesos comerciales y obtengan m\u00e1s ventas. Explore algunas de las principales ventajas para su sitio web despu\u00e9s de agregarle el widget de horas de trabajo sin c\u00f3digo. <\/p><ul><li><b>Permite que tus clientes lleguen siempre a tiempo. <\/b> Incrementar las ventas, estando seguro en el horario laboral indicado. Los visitantes de su sitio web notar\u00e1n sus horas de actividad y tendr\u00e1n m\u00e1s confianza para realizar una compra exitosa cuando sea necesario. <\/li><li><b>Evita malentendidos sobre tus horarios de trabajo. <\/b> Mostrar su horario de atenci\u00f3n claro a los visitantes del sitio web har\u00e1 que se dediquen m\u00e1s a su empresa, ya que podr\u00e1n planificar un pedido o una visita. <\/li><li><b>Compartir informaci\u00f3n de contacto de forma visible. <\/b> Agregar los contactos a su widget de horario de atenci\u00f3n sin c\u00f3digo le permite establecer comunicaci\u00f3n con sus clientes y mejorar las ventas. Demuestre que est\u00e1 listo para responder a sus preguntas sobre los productos y servicios de su empresa, lo que generar\u00e1 una mayor lealtad. <\/li><\/ul><div class=\"faq\" data-component=\"FAQ\"><div class=\"faq-item\">\r\n\t\t\t\t\t<div class=\"faq-item-question\">\r\n\t\t\t\t\t\t<h3 class=\"faq-item-question-text\">\u00bfHay otros complementos para Webflow que pueda usar en mi sitio web?<\/h3>\r\n\r\n\t\t\t\t\t\t<div class=\"faq-item-question-icon\"><\/div>\r\n\t\t\t\t\t<\/div>\r\n\r\n\t\t\t\t\t<div class=\"faq-item-answer\">\r\n\t\t\t\t\t\t<div class=\"faq-item-answer-text\">Podemos ofrecerle una gran cantidad de complementos para lograr cualquier tipo de objetivo en su sitio web y aumentar las ventas. Por ejemplo: <a href=\"https:\/\/elfsight.com\/google-reviews-widget\/webflow\/\" target=\"_blank\" rel=\"noopener\">Rese\u00f1as de Google<\/a>, <a href=\"https:\/\/elfsight.com\/whatsapp-chat-widget\/webflow\/\" target=\"_blank\" rel=\"noopener\">Chat de WhatsApp<\/a>, <a href=\"https:\/\/elfsight.com\/event-calendar-widget\/webflow\/\" target=\"_blank\" rel=\"noopener\">Calendario de eventos<\/a>, <a href=\"https:\/\/elfsight.com\/countdown-timer-widget\/webflow\/\" target=\"_blank\" rel=\"noopener\">Temporizador de cuenta atr\u00e1s<\/a>, <a href=\"https:\/\/elfsight.com\/qr-code-widget\/webflow\/\" target=\"_blank\" rel=\"noopener\">C\u00f3digo QR<\/a>. <\/div>\r\n\t\t\t\t\t<\/div>\r\n\t\t\t\t<\/div><div class=\"faq-item\">\r\n\t\t\t\t\t<div class=\"faq-item-question\">\r\n\t\t\t\t\t\t<h3 class=\"faq-item-question-text\">\u00bfC\u00f3mo puedo beneficiarme del horario comercial en Webflow?<\/h3>\r\n\r\n\t\t\t\t\t\t<div class=\"faq-item-question-icon\"><\/div>\r\n\t\t\t\t\t<\/div>\r\n\r\n\t\t\t\t\t<div class=\"faq-item-answer\">\r\n\t\t\t\t\t\t<div class=\"faq-item-answer-text\">Tienes muchas formas de mejorar las estad\u00edsticas de \u00e9xito con un complemento de horario comercial. Con las plantillas de Elfsight para este notable complemento, puede encontrar una soluci\u00f3n comercial personal. Puede mostrar informaci\u00f3n detallada sobre los horarios de atenci\u00f3n y las formas de contactarlo o insertar una peque\u00f1a barra de estado. Puede crear tarjetas de contacto con su complemento de Horario comercial y agregarlas a \u00e1reas preferibles del sitio web para llamar la atenci\u00f3n e informar a los visitantes sobre su actividad comercial para aumentar las ventas. <\/div>\r\n\t\t\t\t\t<\/div>\r\n\t\t\t\t<\/div><div class=\"faq-item\">\r\n\t\t\t\t\t<div class=\"faq-item-question\">\r\n\t\t\t\t\t\t<h3 class=\"faq-item-question-text\">\u00bfC\u00f3mo instalar el complemento de horario comercial de forma gratuita en los sitios web de Webflow?<\/h3>\r\n\r\n\t\t\t\t\t\t<div class=\"faq-item-question-icon\"><\/div>\r\n\t\t\t\t\t<\/div>\r\n\r\n\t\t\t\t\t<div class=\"faq-item-answer\">\r\n\t\t\t\t\t\t<div class=\"faq-item-answer-text\">Incrustar un complemento de horario comercial en su sitio web es una manera perfecta de involucrar a los visitantes en la comunicaci\u00f3n e informarles sobre su horario y estado v\u00e1lidos para realizar ventas o brindar servicios. Aqu\u00ed puede ver breves tutoriales sobre c\u00f3mo agregar el complemento de horario de atenci\u00f3n a su sitio web. <ol><li>Para incorporar un complemento de horario comercial de Elfsight de forma gratuita en Webflow, vaya al sitio web de Elfsight y cree una cuenta. <\/li><li>Ajuste el horario comercial sin c\u00f3digo adaptando su apariencia y configuraci\u00f3n para combinar con el tema de su sitio web Webflow. <\/li><li>Despu\u00e9s de configurar su horario comercial sin c\u00f3digo, copie el fragmento de c\u00f3digo espec\u00edfico y p\u00e9guelo en el HTML de su sitio web Webflow donde desea que se muestre el complemento. <\/li><\/ol>Al insertar su horario comercial en su sitio web Webflow, seguramente elevar\u00e1 su atractivo visual e inspirar\u00e1 la participaci\u00f3n continua de los visitantes. \u00a1Experimente las ventajas del Horario Comercial de Elfsight sin costo alguno para usted! <\/div>\r\n\t\t\t\t\t<\/div>\r\n\t\t\t\t<\/div><\/div><\/div><div class=\"application-platform-content-item-features application-platform-content-item\" id=\"features\" data-nav-section=\"features\"> <h2>Ofrecemos funciones \u00fatiles y sencillas, consulte algunas de ellas:<\/h2> <ul><li>Muestre el estado actual de su organizaci\u00f3n<\/li><li>Ajuste de horario simple<\/li><li>Configuraci\u00f3n para ocasiones especiales<\/li><li>Estado del estado actual<\/li><li>Gr\u00e1fico insertable o estado de uso eficiente del espacio<\/li><\/ul><p><a href=\"#demo\">Pruebe todas las configuraciones en una demostraci\u00f3n completamente funcional<\/a><\/p><\/div> <div class=\"application-platform-content-item-installation application-platform-content-item\" id=\"installation\" data-nav-section=\"installation\"> <h2>\u00bfC\u00f3mo incorporo el horario comercial en mi sitio web de Webflow?<\/h2> <p>Simplemente siga las pautas a continuaci\u00f3n para insertar el complemento con sus per\u00edodos de trabajo.<\/p> <ol><li><b>Utilice nuestro editor y comience a crear su complemento personalizado.<\/b><br> Encuentre la forma y las caracter\u00edsticas adecuadas de la aplicaci\u00f3n y guarde las ediciones. <\/li> <li><b>Adquiera su c\u00f3digo personal incrustado revelado en el formulario especial en Elfsight Apps.<\/b><br> Una vez realizada la personalizaci\u00f3n de su aplicaci\u00f3n, copie el c\u00f3digo exclusivo incrustado desde la ventana que aparece y gu\u00e1rdelo para uso futuro. <\/li> <li><b>Comience a usar el complemento en el sitio web de Webflow.<\/b><br> Pegue el c\u00f3digo copiado anteriormente en su p\u00e1gina y aplique los ajustes. <\/li> <li><b>\u00a1Ya terminaste! La configuraci\u00f3n de su horario comercial sin c\u00f3digo se realiz\u00f3 exitosamente.<\/b><br> Vaya a su sitio web para revisar c\u00f3mo est\u00e1 funcionando la aplicaci\u00f3n de horas de operaci\u00f3n agregadas. <\/li><\/ol> <p>Suponiendo que experimente algunas complicaciones, busque ayuda de nuestro equipo de atenci\u00f3n al cliente. Nuestros consultores est\u00e1n deseando ayudarle con todas las dificultades que pueda tener con el complemento para Webflow. <\/p><\/div>","protected":false},"excerpt":{"rendered":"","protected":false},"author":9,"featured_media":0,"parent":4922,"menu_order":0,"comment_status":"closed","ping_status":"closed","template":"templates\/template-application-platform.php","meta":{"publish_to_discourse":"","publish_post_category":"","wpdc_auto_publish_overridden":"","wpdc_topic_tags":"","wpdc_pin_topic":"","wpdc_pin_until":"","discourse_post_id":"","discourse_permalink":"","wpdc_publishing_response":"","wpdc_publishing_error":"","footnotes":""},"class_list":["post-5556","page","type-page","status-publish","hentry"],"yoast_head":"<!-- This site is optimized with the Yoast SEO plugin v25.3.1 - https:\/\/yoast.com\/wordpress\/plugins\/seo\/ -->\n<title>Agregar horario comercial a Webflow: incrustar horario laboral en el sitio web<\/title>\n<meta name=\"description\" content=\"Incorpore un widget de horario comercial personalizable en Webflow para mostrar el estado de su negocio. Forme su soluci\u00f3n personal en la demostraci\u00f3n.\" \/>\n<meta name=\"robots\" content=\"index, follow, max-snippet:-1, max-image-preview:large, max-video-preview:-1\" \/>\n<link rel=\"canonical\" href=\"https:\/\/elfsight.com\/es\/business-hours-widget\/webflow\/\" \/>\n<meta property=\"og:locale\" content=\"es_ES\" \/>\n<meta property=\"og:type\" content=\"article\" \/>\n<meta property=\"og:title\" content=\"Agregar horario comercial a Webflow: incrustar horario laboral en el sitio web\" \/>\n<meta property=\"og:description\" content=\"Incorpore un widget de horario comercial personalizable en Webflow para mostrar el estado de su negocio. Forme su soluci\u00f3n personal en la demostraci\u00f3n.\" \/>\n<meta property=\"og:url\" content=\"https:\/\/elfsight.com\/es\/business-hours-widget\/webflow\/\" \/>\n<meta property=\"og:site_name\" content=\"Elfsight ES\" \/>\n<meta property=\"article:modified_time\" content=\"2025-02-06T16:16:39+00:00\" \/>\n<meta name=\"twitter:card\" content=\"summary_large_image\" \/>\n<meta name=\"twitter:label1\" content=\"Tiempo de lectura\" \/>\n\t<meta name=\"twitter:data1\" content=\"5 minutos\" \/>\n<!-- \/ Yoast SEO plugin. -->","yoast_head_json":{"title":"Agregar horario comercial a Webflow: incrustar horario laboral en el sitio web","description":"Incorpore un widget de horario comercial personalizable en Webflow para mostrar el estado de su negocio. Forme su soluci\u00f3n personal en la demostraci\u00f3n.","robots":{"index":"index","follow":"follow","max-snippet":"max-snippet:-1","max-image-preview":"max-image-preview:large","max-video-preview":"max-video-preview:-1"},"canonical":"https:\/\/elfsight.com\/es\/business-hours-widget\/webflow\/","og_locale":"es_ES","og_type":"article","og_title":"Agregar horario comercial a Webflow: incrustar horario laboral en el sitio web","og_description":"Incorpore un widget de horario comercial personalizable en Webflow para mostrar el estado de su negocio. Forme su soluci\u00f3n personal en la demostraci\u00f3n.","og_url":"https:\/\/elfsight.com\/es\/business-hours-widget\/webflow\/","og_site_name":"Elfsight ES","article_modified_time":"2025-02-06T16:16:39+00:00","twitter_card":"summary_large_image","twitter_misc":{"Tiempo de lectura":"5 minutos"},"schema":{"@context":"https:\/\/schema.org","@graph":[{"@type":"WebPage","@id":"https:\/\/elfsight.com\/es\/business-hours-widget\/webflow\/","url":"https:\/\/elfsight.com\/es\/business-hours-widget\/webflow\/","name":"Agregar horario comercial a Webflow: incrustar horario laboral en el sitio web","isPartOf":{"@id":"https:\/\/elfsight.com\/es\/#website"},"datePublished":"1970-01-01T00:00:00+00:00","dateModified":"2025-02-06T16:16:39+00:00","description":"Incorpore un widget de horario comercial personalizable en Webflow para mostrar el estado de su negocio. Forme su soluci\u00f3n personal en la demostraci\u00f3n.","breadcrumb":{"@id":"https:\/\/elfsight.com\/es\/business-hours-widget\/webflow\/#breadcrumb"},"inLanguage":"es","potentialAction":[{"@type":"ReadAction","target":["https:\/\/elfsight.com\/es\/business-hours-widget\/webflow\/"]}]},{"@type":"BreadcrumbList","@id":"https:\/\/elfsight.com\/es\/business-hours-widget\/webflow\/#breadcrumb","itemListElement":[{"@type":"ListItem","position":1,"name":"Home","item":"https:\/\/elfsight.com\/es\/"},{"@type":"ListItem","position":2,"name":"Business Hours","item":"https:\/\/elfsight.com\/es\/business-hours-widget\/"},{"@type":"ListItem","position":3,"name":"Business Hours &#8211; Webflow"}]},{"@type":"WebSite","@id":"https:\/\/elfsight.com\/es\/#website","url":"https:\/\/elfsight.com\/es\/","name":"Elfsight ES","description":"Just another Elfsight Sites site","potentialAction":[{"@type":"SearchAction","target":{"@type":"EntryPoint","urlTemplate":"https:\/\/elfsight.com\/es\/?s={search_term_string}"},"query-input":{"@type":"PropertyValueSpecification","valueRequired":true,"valueName":"search_term_string"}}],"inLanguage":"es"}]}},"meta_box":{"industry":"","seo_heading":"","heading":"","description":"","cta_heading":"","cta_description":"","application":"4888","h1":"Widget de horario comercial de Webflow","h1_caption":"Anuncie su agenda a los clientes y comparta contactos.","application_category":[],"applications_title":"","applications_request_title":"","applications_request_button_text":"","hero_text":"","hero_video":"","hero_video_schema_markup":"","selling_points_title":"","selling_points_caption":"","selling_points":[],"selling_points_cta_text":"","features_title":"","features":"","ed_cta_examples_text":"","ed_cta_examples_hidden":"","ed_cta_demo_text":"","ed_cta_demo_hidden":"","why_caption":"","why_editor_title":"","why_editor_text":"","why_team_title":"","why_team_text":"","why_service_title":"","why_service_text":"","template_catalog_visible":"","template_catalog_title":"","template_catalog_text":"","template_catalog_categories_visible":"","demo_title":"Crea tu widget de horario comercial","demo_caption":"\u00a1Configure su horario comercial y agr\u00e9guelo a su sitio web Webflow gratis!","default_faq_hidden":"","app_template_category":[],"platform":"106","template_public_id":"","codecanyon_url":"","codecanyon_item_id":"","codecanyon_price":"","pricing_caption":"","pricing_elfsight_apps_hide_column":"","pricing_elfsight_apps_url":"","pricing_codecanyon_price_caption":"","integration_category":[],"integration_request_title":"","integration_request_cta":"","integration_platform":"","integrations":[],"platform_category":[],"video_schema_markup":"","price":"desde $0 \/ mes","trial":"","benefits":[{"text":"Asistencia de instalaci\u00f3n gratuita"},{"text":"Soporte premium"},{"text":"Garant\u00eda de devoluci\u00f3n de dinero de 14 d\u00edas"},{"text":"Actualizaci\u00f3n gratuita peri\u00f3dica"}],"button_url":"#demo","button_target_blank":"","button_nofollow":"","attributes":[{"name":"Instalaciones","content":"10,000 - 100,000"},{"name":"Sensible","content":"S\u00ed"},{"name":"Navegadores compatibles","content":"Firefox, Safari, Opera, Chrome, Edge"}],"tags":[],"tags_disable_links":"","hide_more_platforms":"","video_object":"","demo_hide_cta":"","demo_hide_cloud_options":"","pricing_title":"","pricing":[{"pricing_icon":"platform","pricing_title":"Elfsight Apps","pricing_title_caption":"Software multiplataforma que funciona en cualquier sitio web","pricing_price":"desde $0 \/ mes","pricing_price_caption":"comienza con un plan gratuito","pricing_benefits":[{"text":"Sitios web ilimitados"},{"text":"Atenci\u00f3n al cliente 24 horas al d\u00eda, 7 d\u00edas a la semana"},{"text":"Servicio de instalaci\u00f3n gratuito"},{"text":"100% personalizable"}],"pricing_button_text":"A\u00f1adir al sitio web","pricing_button_url":"#demo"}],"related_apps_title":"","related_apps_hidden":"","author":"","image":[],"title":"","job":"","social_networks":[]},"_links":{"self":[{"href":"https:\/\/elfsight.com\/es\/wp-json\/wp\/v2\/pages\/5556","targetHints":{"allow":["GET"]}}],"collection":[{"href":"https:\/\/elfsight.com\/es\/wp-json\/wp\/v2\/pages"}],"about":[{"href":"https:\/\/elfsight.com\/es\/wp-json\/wp\/v2\/types\/page"}],"author":[{"embeddable":true,"href":"https:\/\/elfsight.com\/es\/wp-json\/wp\/v2\/users\/9"}],"replies":[{"embeddable":true,"href":"https:\/\/elfsight.com\/es\/wp-json\/wp\/v2\/comments?post=5556"}],"version-history":[{"count":2,"href":"https:\/\/elfsight.com\/es\/wp-json\/wp\/v2\/pages\/5556\/revisions"}],"predecessor-version":[{"id":19432,"href":"https:\/\/elfsight.com\/es\/wp-json\/wp\/v2\/pages\/5556\/revisions\/19432"}],"up":[{"embeddable":true,"href":"https:\/\/elfsight.com\/es\/wp-json\/wp\/v2\/pages\/4922"}],"wp:attachment":[{"href":"https:\/\/elfsight.com\/es\/wp-json\/wp\/v2\/media?parent=5556"}],"curies":[{"name":"wp","href":"https:\/\/api.w.org\/{rel}","templated":true}]}}