{"id":5555,"date":"1970-01-01T00:00:00","date_gmt":"1970-01-01T00:00:00","guid":{"rendered":"https:\/\/elfsight.com\/es\/?page_id=5555"},"modified":"2025-02-06T16:16:39","modified_gmt":"2025-02-06T16:16:39","slug":"squarespace","status":"publish","type":"page","link":"https:\/\/elfsight.com\/es\/business-hours-widget\/squarespace\/","title":{"rendered":"Business Hours &#8211; Squarespace"},"content":{"rendered":"<div class=\"application-platform-content-item-description application-platform-content-item\" id=\"description\" data-nav-section=\"description\"> <h2>Integre el horario comercial en Squarespace con un complemento de Elfsight<\/h2> <p>El horario comercial de Elfsight para Squarespace es un widget simple que le ayuda a proyectar una bonita tarjeta de presentaci\u00f3n con los datos principales relacionados con su actividad. Puede mostrar informaci\u00f3n sobre su estado laboral y habilitar contactos para sus clientes. El widget le permite proyectar dise\u00f1os f\u00e1ciles de usar, para que los clientes puedan explorar f\u00e1cilmente toda la informaci\u00f3n requerida de forma breve o m\u00e1s detallada.<\/p><p>El maravilloso widget incluye algunas plantillas, para que pueda elegir la mejor opci\u00f3n para su sitio. Cada plantilla tiene configuraciones flexibles que le permiten crear una soluci\u00f3n personal con las opciones necesarias, como botones de pedido y registro. Incorporar el horario laboral y los contactos de su empresa en su sitio web es absolutamente f\u00e1cil con Elfsight gracias a tutoriales y pautas claras. Cualquier propietario de un sitio web puede crear e incorporar el horario comercial sin c\u00f3digo de forma gratuita.<\/p><p><b>Agregue detalles comerciales a su sitio web para aumentar las conversiones y la lealtad del cliente. Comparta informaci\u00f3n importante sobre sus horas de actividad claramente en el sitio web. <\/b><\/p><p>Con este widget integrado en tu sitio web de Squarespace, puedes hacer que tus clientes est\u00e9n m\u00e1s informados sobre tus per\u00edodos de trabajo y obtener ventas regulares. Explore algunos de los beneficios m\u00e1s evidentes para su sitio web al agregarle el widget de horario laboral.<\/p><ul><li><b>Deje que sus clientes lleguen siempre a tiempo.<\/b> Aumente las ventas y est\u00e9 siempre disponible durante el horario correspondiente. Los visitantes de su sitio web recordar\u00e1n sus horas de disponibilidad y estar\u00e1n m\u00e1s convencidos de realizar una compra exitosa cuando est\u00e9n listos. <\/li><li><b>Evita confusiones sobre tus horarios de trabajo.<\/b> Mostrar tus horarios de trabajo correctos a los clientes har\u00e1 que sean m\u00e1s fieles a tu negocio porque podr\u00e1n planificar una reserva o una visita a ti. Esto asegurar\u00e1 m\u00e1s ventas.<\/li><li><b>Muestre los contactos de una manera conveniente.<\/b> Agregar los contactos a su horario comercial sin c\u00f3digo le permite crear una mejor comunicaci\u00f3n con su audiencia y acelerar las ventas. Demuestre que est\u00e1 aqu\u00ed para responder sus consultas sobre sus productos y servicios, lo que generar\u00e1 m\u00e1s confianza y aprobaci\u00f3n. <\/li><\/ul><div class=\"faq\" data-component=\"FAQ\"><div class=\"faq-item\">\r\n\t\t\t\t\t<div class=\"faq-item-question\">\r\n\t\t\t\t\t\t<h3 class=\"faq-item-question-text\">\u00bfExisten otros complementos para Squarespace que pueda usar en mi sitio web?<\/h3>\r\n\r\n\t\t\t\t\t\t<div class=\"faq-item-question-icon\"><\/div>\r\n\t\t\t\t\t<\/div>\r\n\r\n\t\t\t\t\t<div class=\"faq-item-answer\">\r\n\t\t\t\t\t\t<div class=\"faq-item-answer-text\">Podemos ofrecerle muchos complementos que funcionan perfectamente para lograr cualquier tipo de objetivo en su sitio web y aumentar las ventas. Por ejemplo, pruebe aplicaciones como: <a href=\"https:\/\/elfsight.com\/google-reviews-widget\/squarespace\/\" target=\"_blank\" rel=\"noopener\">Google Reviews<\/a>, <a href=\"https:\/\/elfsight.com\/whatsapp-chat-widget\/squarespace\/\" target=\"_blank\" rel=\"noopener\">WhatsApp Chat<\/a>, <a href=\"https:\/\/elfsight.com\/event-calendar-widget\/squarespace\/\" target=\"_blank\" rel=\"noopener\">Calendario de eventos<\/a>, <a href=\"https:\/\/elfsight.com\/countdown-timer-widget\/squarespace\/\" target=\"_blank\" rel=\"noopener\">Temporizador de cuenta atr\u00e1s<\/a>, <a href=\"https:\/\/elfsight.com\/qr-code-widget\/squarespace\/\" target=\"_blank\" rel=\"noopener\">C\u00f3digo QR<\/a>. <\/div>\r\n\t\t\t\t\t<\/div>\r\n\t\t\t\t<\/div><div class=\"faq-item\">\r\n\t\t\t\t\t<div class=\"faq-item-question\">\r\n\t\t\t\t\t\t<h3 class=\"faq-item-question-text\">\u00bfC\u00f3mo puedo beneficiarme al agregar un horario comercial sin c\u00f3digo al sitio web de Squarespace?<\/h3>\r\n\r\n\t\t\t\t\t\t<div class=\"faq-item-question-icon\"><\/div>\r\n\t\t\t\t\t<\/div>\r\n\r\n\t\t\t\t\t<div class=\"faq-item-answer\">\r\n\t\t\t\t\t\t<div class=\"faq-item-answer-text\">Accede a muchos escenarios para mejorar las estad\u00edsticas de conversi\u00f3n y las ventas con el horario comercial sin c\u00f3digo. Con las plantillas de Elfsight para esta gran aplicaci\u00f3n, puedes elegir t\u00e1cticas comerciales personalizadas. Puede mostrar informaci\u00f3n detallada sobre sus horarios de atenci\u00f3n y formas de contactarlo o simplemente incorporar una ventana emergente minimalista de estado de actividad en el sitio web. Puede formar tarjetas de contacto con nuestra aplicaci\u00f3n y colocarlas en las \u00e1reas preferibles del sitio para atraer la atenci\u00f3n e informar a los clientes sobre el estado de su negocio y su actividad de ventas. <\/div>\r\n\t\t\t\t\t<\/div>\r\n\t\t\t\t<\/div><div class=\"faq-item\">\r\n\t\t\t\t\t<div class=\"faq-item-question\">\r\n\t\t\t\t\t\t<h3 class=\"faq-item-question-text\">\u00bfC\u00f3mo incorporar un horario comercial sin c\u00f3digo de forma gratuita en Squarespace?<\/h3>\r\n\r\n\t\t\t\t\t\t<div class=\"faq-item-question-icon\"><\/div>\r\n\t\t\t\t\t<\/div>\r\n\r\n\t\t\t\t\t<div class=\"faq-item-answer\">\r\n\t\t\t\t\t\t<div class=\"faq-item-answer-text\">Integrar un complemento de horario comercial sin c\u00f3digo en su sitio web de Squarespace es una excelente manera de iniciar la comunicaci\u00f3n con los clientes e informarles sobre su horario v\u00e1lido y su estado. Aqu\u00ed puede ver los tutoriales sobre c\u00f3mo agregar el complemento Horario comercial a su sitio web. <ol><li>Para agregar un complemento de Horario comercial de Elfsight de forma gratuita a Squarespace, vaya al sitio web de Elfsight y reg\u00edstrese.<\/li> <li>Ajuste el complemento adaptando su apariencia y configuraci\u00f3n para combinar con el dise\u00f1o de su sitio web.<\/li> <li>Despu\u00e9s de ajustar su complemento de Horario comercial, copie el c\u00f3digo proporcionado y p\u00e9guelo donde desee que se muestre el complemento.<\/li>Al agregar su Horario comercial a su sitio web de Squarespace, definitivamente aumentar\u00e1 su atractivo visual y aumentar la participaci\u00f3n continua de los visitantes junto con las tasas de ingresos. \u00a1Pruebe las ventajas del complemento Horario comercial de Elfsight en su sitio web! <\/ol><\/div>\r\n\t\t\t\t\t<\/div>\r\n\t\t\t\t<\/div><\/div><\/div><div class=\"application-platform-content-item-features application-platform-content-item\" id=\"features\" data-nav-section=\"features\"> <h2>Explora la lista de las caracter\u00edsticas m\u00e1s importantes:<\/h2> <ul><li>Muestra el estado laboral actual de tu empresa<\/li><li>Ajuste de horario simple <\/li><li>Configuraci\u00f3n para ocasiones especiales<\/li><li>Compa\u00f1\u00eda actual estado<\/li><li>Gr\u00e1fico de horario comercial insertable o estado de uso eficiente del espacio<\/li><\/ul><p><a href=\"#demo\">Pruebe todas las configuraciones en una demostraci\u00f3n completamente funcional<\/a><\/p> <\/div> <div class=\"application-platform-content-item-installation application-platform-content-item\" id=\"installation\" data-nav-section=\"installation\"> <h2>\u00bfC\u00f3mo puedo integrar el horario comercial en mi sitio web de Squarespace?<\/h2><p>Simplemente siga las instrucciones a continuaci\u00f3n para insertar el plugin.<\/p> <ol><li><b>Inicie nuestro editor y comience a crear su complemento de horas de actividad personalizado. <\/b><br> Especifique el aspecto personalizado y las caracter\u00edsticas funcionales del complemento y realice las correcciones deseadas. <\/li> <li><b>Copie el c\u00f3digo personal incrustado que aparece en el formulario especial en Elfsight Apps.<\/b><br> Inmediatamente despu\u00e9s de crear su complemento, copie el c\u00f3digo individual en la ventana que aparece y gu\u00e1rdelo para futuras necesidades. <\/li> <li><b>Comience a usar la aplicaci\u00f3n agregada en su sitio web.<\/b><br> Ingrese el c\u00f3digo que recibi\u00f3 antes en su p\u00e1gina de inicio de Squarespace y guarde las correcciones. <\/li> <li><b>\u00a1Listo! La configuraci\u00f3n de su horario comercial sin c\u00f3digo est\u00e1 completamente realizada.<\/b><br> Vaya a su sitio web para ver en acci\u00f3n el rendimiento del complemento para atraer clientes y ventas. <\/li><\/ol> <p>Si tienes alguna complicaci\u00f3n con este widget de Squarespace, comun\u00edcate con nuestro equipo de soporte. Nuestros asesores estar\u00e1n encantados de ayudarte con todas las dificultades que puedas tener con el widget. <\/p><\/div>","protected":false},"excerpt":{"rendered":"","protected":false},"author":9,"featured_media":0,"parent":4922,"menu_order":0,"comment_status":"closed","ping_status":"closed","template":"templates\/template-application-platform.php","meta":{"publish_to_discourse":"","publish_post_category":"","wpdc_auto_publish_overridden":"","wpdc_topic_tags":"","wpdc_pin_topic":"","wpdc_pin_until":"","discourse_post_id":"","discourse_permalink":"","wpdc_publishing_response":"","wpdc_publishing_error":"","footnotes":""},"class_list":["post-5555","page","type-page","status-publish","hentry"],"yoast_head":"<!-- This site is optimized with the Yoast SEO plugin v25.3.1 - https:\/\/yoast.com\/wordpress\/plugins\/seo\/ -->\n<title>Agregar horario comercial a Squarespace: insertar horarios en las p\u00e1ginas<\/title>\n<meta name=\"description\" content=\"Incorpore un widget de horario comercial personalizable en Squarespace para mostrar el estado actual. Cree su aplicaci\u00f3n de horario de atenci\u00f3n personal en la demostraci\u00f3n.\" \/>\n<meta name=\"robots\" content=\"index, follow, max-snippet:-1, max-image-preview:large, max-video-preview:-1\" \/>\n<link rel=\"canonical\" href=\"https:\/\/elfsight.com\/es\/business-hours-widget\/squarespace\/\" \/>\n<meta property=\"og:locale\" content=\"es_ES\" \/>\n<meta property=\"og:type\" content=\"article\" \/>\n<meta property=\"og:title\" content=\"Agregar horario comercial a Squarespace: insertar horarios en las p\u00e1ginas\" \/>\n<meta property=\"og:description\" content=\"Incorpore un widget de horario comercial personalizable en Squarespace para mostrar el estado actual. Cree su aplicaci\u00f3n de horario de atenci\u00f3n personal en la demostraci\u00f3n.\" \/>\n<meta property=\"og:url\" content=\"https:\/\/elfsight.com\/es\/business-hours-widget\/squarespace\/\" \/>\n<meta property=\"og:site_name\" content=\"Elfsight ES\" \/>\n<meta property=\"article:modified_time\" content=\"2025-02-06T16:16:39+00:00\" \/>\n<meta name=\"twitter:card\" content=\"summary_large_image\" \/>\n<meta name=\"twitter:label1\" content=\"Tiempo de lectura\" \/>\n\t<meta name=\"twitter:data1\" content=\"5 minutos\" \/>\n<!-- \/ Yoast SEO plugin. -->","yoast_head_json":{"title":"Agregar horario comercial a Squarespace: insertar horarios en las p\u00e1ginas","description":"Incorpore un widget de horario comercial personalizable en Squarespace para mostrar el estado actual. Cree su aplicaci\u00f3n de horario de atenci\u00f3n personal en la demostraci\u00f3n.","robots":{"index":"index","follow":"follow","max-snippet":"max-snippet:-1","max-image-preview":"max-image-preview:large","max-video-preview":"max-video-preview:-1"},"canonical":"https:\/\/elfsight.com\/es\/business-hours-widget\/squarespace\/","og_locale":"es_ES","og_type":"article","og_title":"Agregar horario comercial a Squarespace: insertar horarios en las p\u00e1ginas","og_description":"Incorpore un widget de horario comercial personalizable en Squarespace para mostrar el estado actual. Cree su aplicaci\u00f3n de horario de atenci\u00f3n personal en la demostraci\u00f3n.","og_url":"https:\/\/elfsight.com\/es\/business-hours-widget\/squarespace\/","og_site_name":"Elfsight ES","article_modified_time":"2025-02-06T16:16:39+00:00","twitter_card":"summary_large_image","twitter_misc":{"Tiempo de lectura":"5 minutos"},"schema":{"@context":"https:\/\/schema.org","@graph":[{"@type":"WebPage","@id":"https:\/\/elfsight.com\/es\/business-hours-widget\/squarespace\/","url":"https:\/\/elfsight.com\/es\/business-hours-widget\/squarespace\/","name":"Agregar horario comercial a Squarespace: insertar horarios en las p\u00e1ginas","isPartOf":{"@id":"https:\/\/elfsight.com\/es\/#website"},"datePublished":"1970-01-01T00:00:00+00:00","dateModified":"2025-02-06T16:16:39+00:00","description":"Incorpore un widget de horario comercial personalizable en Squarespace para mostrar el estado actual. Cree su aplicaci\u00f3n de horario de atenci\u00f3n personal en la demostraci\u00f3n.","breadcrumb":{"@id":"https:\/\/elfsight.com\/es\/business-hours-widget\/squarespace\/#breadcrumb"},"inLanguage":"es","potentialAction":[{"@type":"ReadAction","target":["https:\/\/elfsight.com\/es\/business-hours-widget\/squarespace\/"]}]},{"@type":"BreadcrumbList","@id":"https:\/\/elfsight.com\/es\/business-hours-widget\/squarespace\/#breadcrumb","itemListElement":[{"@type":"ListItem","position":1,"name":"Home","item":"https:\/\/elfsight.com\/es\/"},{"@type":"ListItem","position":2,"name":"Business Hours","item":"https:\/\/elfsight.com\/es\/business-hours-widget\/"},{"@type":"ListItem","position":3,"name":"Business Hours &#8211; Squarespace"}]},{"@type":"WebSite","@id":"https:\/\/elfsight.com\/es\/#website","url":"https:\/\/elfsight.com\/es\/","name":"Elfsight ES","description":"Just another Elfsight Sites site","potentialAction":[{"@type":"SearchAction","target":{"@type":"EntryPoint","urlTemplate":"https:\/\/elfsight.com\/es\/?s={search_term_string}"},"query-input":{"@type":"PropertyValueSpecification","valueRequired":true,"valueName":"search_term_string"}}],"inLanguage":"es"}]}},"meta_box":{"industry":"","seo_heading":"","heading":"","description":"","cta_heading":"","cta_description":"","application":"4888","h1":"Complemento de horario comercial de Squarespace","h1_caption":"Anuncie su agenda y comparta contactos con los clientes.","application_category":[],"applications_title":"","applications_request_title":"","applications_request_button_text":"","hero_text":"","hero_video":"","hero_video_schema_markup":"","selling_points_title":"","selling_points_caption":"","selling_points":[],"selling_points_cta_text":"","features_title":"","features":"","ed_cta_examples_text":"","ed_cta_examples_hidden":"","ed_cta_demo_text":"","ed_cta_demo_hidden":"","why_caption":"","why_editor_title":"","why_editor_text":"","why_team_title":"","why_team_text":"","why_service_title":"","why_service_text":"","template_catalog_visible":"","template_catalog_title":"","template_catalog_text":"","template_catalog_categories_visible":"","demo_title":"Crea tu complemento de horario comercial","demo_caption":"\u00a1Configure su horario comercial y agr\u00e9guelo a su sitio web de Squarespace gratis!","default_faq_hidden":"","app_template_category":[],"platform":"100","template_public_id":"","codecanyon_url":"","codecanyon_item_id":"","codecanyon_price":"","pricing_caption":"","pricing_elfsight_apps_hide_column":"","pricing_elfsight_apps_url":"","pricing_codecanyon_price_caption":"","integration_category":[],"integration_request_title":"","integration_request_cta":"","integration_platform":"","integrations":[],"platform_category":[],"video_schema_markup":"","price":"desde $0 \/ mes","trial":"","benefits":[{"text":"Servicio de instalaci\u00f3n gratuito"},{"text":"Soporte premium"},{"text":"Garant\u00eda de devoluci\u00f3n de dinero de 14 d\u00edas"},{"text":"Actualizaciones gratuitas de por vida"}],"button_url":"#demo","button_target_blank":"","button_nofollow":"","attributes":[{"name":"Instalaciones","content":"10,000 - 100,000"},{"name":"Sensible","content":"S\u00ed"},{"name":"Navegadores compatibles","content":"Firefox, Safari, Opera, Chrome, Edge"}],"tags":[],"tags_disable_links":"","hide_more_platforms":"","video_object":"","demo_hide_cta":"","demo_hide_cloud_options":"","pricing_title":"","pricing":[{"pricing_icon":"platform","pricing_title":"Elfsight Apps","pricing_title_caption":"Software multiplataforma que funciona en cualquier sitio web","pricing_price":"desde $0 \/ mes","pricing_price_caption":"comienza con un plan gratuito","pricing_benefits":[{"text":"Sitios web ilimitados"},{"text":"Atenci\u00f3n al cliente premium"},{"text":"Servicio de instalaci\u00f3n gratuito"},{"text":"Totalmente personalizable"}],"pricing_button_text":"A\u00f1adir al sitio web","pricing_button_url":"#demo"}],"related_apps_title":"","related_apps_hidden":"","author":"","image":[],"title":"","job":"","social_networks":[]},"_links":{"self":[{"href":"https:\/\/elfsight.com\/es\/wp-json\/wp\/v2\/pages\/5555","targetHints":{"allow":["GET"]}}],"collection":[{"href":"https:\/\/elfsight.com\/es\/wp-json\/wp\/v2\/pages"}],"about":[{"href":"https:\/\/elfsight.com\/es\/wp-json\/wp\/v2\/types\/page"}],"author":[{"embeddable":true,"href":"https:\/\/elfsight.com\/es\/wp-json\/wp\/v2\/users\/9"}],"replies":[{"embeddable":true,"href":"https:\/\/elfsight.com\/es\/wp-json\/wp\/v2\/comments?post=5555"}],"version-history":[{"count":2,"href":"https:\/\/elfsight.com\/es\/wp-json\/wp\/v2\/pages\/5555\/revisions"}],"predecessor-version":[{"id":19433,"href":"https:\/\/elfsight.com\/es\/wp-json\/wp\/v2\/pages\/5555\/revisions\/19433"}],"up":[{"embeddable":true,"href":"https:\/\/elfsight.com\/es\/wp-json\/wp\/v2\/pages\/4922"}],"wp:attachment":[{"href":"https:\/\/elfsight.com\/es\/wp-json\/wp\/v2\/media?parent=5555"}],"curies":[{"name":"wp","href":"https:\/\/api.w.org\/{rel}","templated":true}]}}