{"id":5554,"date":"1970-01-01T00:00:00","date_gmt":"1970-01-01T00:00:00","guid":{"rendered":"https:\/\/elfsight.com\/es\/?page_id=5554"},"modified":"2025-02-06T16:16:39","modified_gmt":"2025-02-06T16:16:39","slug":"shopify","status":"publish","type":"page","link":"https:\/\/elfsight.com\/es\/business-hours-widget\/shopify\/","title":{"rendered":"Business Hours &#8211; Shopify"},"content":{"rendered":"<div class=\"application-platform-content-item-description application-platform-content-item\" id=\"description\" data-nav-section=\"description\"> <h2>Integre el horario comercial en Shopify con una aplicaci\u00f3n de Elfsight<\/h2> <p>El horario comercial de Elfsight para Shopify es un widget simple sin c\u00f3digo que le permite crear una tarjeta de presentaci\u00f3n atractiva con los datos m\u00e1s importantes sobre su actividad. Puede agregar informaci\u00f3n sobre su estado laboral actual y habilitar contactos para sus clientes. El widget le permite crear dise\u00f1os f\u00e1ciles de usar, para que los visitantes puedan explorar f\u00e1cilmente todos los datos necesarios de manera breve o con m\u00e1s detalle. <\/p><p>El fant\u00e1stico widget est\u00e1 equipado con una variedad de plantillas, para que puedas elegir la mejor opci\u00f3n para tu sitio web. Cada plantilla tiene configuraciones ajustables para ayudarte a crear un widget personal con elementos como botones de CTA que aumentan las ventas. Incorporar el horario laboral y los contactos de su empresa en sus p\u00e1ginas es muy f\u00e1cil con el widget de Elfsight gracias a tutoriales e instrucciones sencillas. Cualquier propietario de un sitio web puede crear y utilizar el widget de horario comercial sin c\u00f3digo de forma gratuita<\/p><p><b>Utilice los detalles comerciales en su sitio web para aumentar las tasas de ventas y la satisfacci\u00f3n del cliente. Agregue informaci\u00f3n significativa sobre su estado laboral sin esfuerzo. <\/b><\/p> <p>Con este widget integrado en el sitio web de Shopify, puedes hacer que tu audiencia conozca tu negocio y obtener ventas regulares. Explore algunos de los beneficios clave para su sitio web al agregarle el widget de horas de trabajo sin c\u00f3digo. <\/p><ul><li><b>Deja que tus clientes lleguen siempre puntuales.<\/b> Impulsa las ventas, al estar seguramente en contacto en los marcos de trabajo indicados. Sus visitantes ver\u00e1n su widget de horas de actividad y ser\u00e1n m\u00e1s decisivos para realizar una compra exitosa cuando lo necesiten. <\/li><li><b>Evite malentendidos sobre sus horas de trabajo.<\/b> Mostrar sus horas de trabajo decentes a los clientes en el sitio web har\u00e1 que se dediquen m\u00e1s a su empresa porque podr\u00e1n planificar un pedido o una visita. <\/li><li><b>Muestre los datos de contacto de una manera conveniente.<\/b> Incorpore los detalles de contacto en su widget de horario de atenci\u00f3n sin c\u00f3digo para establecer comunicaci\u00f3n con los visitantes del sitio web y acelerar las ventas. Demuestre que est\u00e1 aqu\u00ed para responder sus consultas sobre los productos y servicios de su empresa, lo que generar\u00e1 m\u00e1s lealtad y mejores ventas. <\/li><\/ul><div class=\"faq\" data-component=\"FAQ\"><div class=\"faq-item\">\r\n\t\t\t\t\t<div class=\"faq-item-question\">\r\n\t\t\t\t\t\t<h3 class=\"faq-item-question-text\">\u00bfOfrecen alg\u00fan otro complemento para Shopify que pueda usar en mi sitio web?<\/h3>\r\n\r\n\t\t\t\t\t\t<div class=\"faq-item-question-icon\"><\/div>\r\n\t\t\t\t\t<\/div>\r\n\r\n\t\t\t\t\t<div class=\"faq-item-answer\">\r\n\t\t\t\t\t\t<div class=\"faq-item-answer-text\">Podemos proporcionarle una gran cantidad de complementos para que pueda lograr cualquier tipo de objetivo en su sitio web. Compru\u00e9balo t\u00fa mismo: <a href=\"https:\/\/elfsight.com\/google-reviews-widget\/shopify\/\" target=\"_blank\" rel=\"noopener\">Rese\u00f1as de Google<\/a>, <a href=\"https:\/\/elfsight.com\/whatsapp-chat-widget\/shopify\/\" target=\"_blank\" rel=\"noopener\">Chat de WhatsApp<\/a>, <a href=\"https:\/\/elfsight.com\/event-calendar-widget\/shopify\/\" target=\"_blank\" rel=\"noopener\">Calendario de eventos<\/a>, <a href=\"https:\/\/elfsight.com\/countdown-timer-widget\/shopify\/\" target=\"_blank\" rel=\"noopener\">Temporizador de cuenta atr\u00e1s<\/a>, <a href=\"https:\/\/elfsight.com\/qr-code-widget\/shopify\/\" target=\"_blank\" rel=\"noopener\">C\u00f3digo QR<\/a>. <\/div>\r\n\t\t\t\t\t<\/div>\r\n\t\t\t\t<\/div><div class=\"faq-item\">\r\n\t\t\t\t\t<div class=\"faq-item-question\">\r\n\t\t\t\t\t\t<h3 class=\"faq-item-question-text\">\u00bfC\u00f3mo puedo lograr resultados con el horario comercial en Shopify?<\/h3>\r\n\r\n\t\t\t\t\t\t<div class=\"faq-item-question-icon\"><\/div>\r\n\t\t\t\t\t<\/div>\r\n\r\n\t\t\t\t\t<div class=\"faq-item-answer\">\r\n\t\t\t\t\t\t<div class=\"faq-item-answer-text\">Accedes a muchas formas de mejorar las tasas de conversi\u00f3n y las cifras de ventas agregando un complemento de horario comercial. Con las plantillas de Elfsight para este maravilloso complemento para sitios web, puede crear t\u00e1cticas comerciales individuales. Puede mostrar informaci\u00f3n ampliada sobre sus horarios de actividad y formas de contactarlo o simplemente insertar una barra de estado actual minimalista. Puede crear tarjetas de contacto con nuestro complemento Horario comercial y agregarlas a las \u00e1reas deseadas del sitio web para atraer la atenci\u00f3n e informar a los clientes sobre su actividad comercial. <\/div>\r\n\t\t\t\t\t<\/div>\r\n\t\t\t\t<\/div><div class=\"faq-item\">\r\n\t\t\t\t\t<div class=\"faq-item-question\">\r\n\t\t\t\t\t\t<h3 class=\"faq-item-question-text\">\u00bfC\u00f3mo integrar el horario comercial en Shopify de forma gratuita?<\/h3>\r\n\r\n\t\t\t\t\t\t<div class=\"faq-item-question-icon\"><\/div>\r\n\t\t\t\t\t<\/div>\r\n\r\n\t\t\t\t\t<div class=\"faq-item-answer\">\r\n\t\t\t\t\t\t<div class=\"faq-item-answer-text\">Incorporar un complemento de horario comercial en tu sitio web de Shopify es una forma sencilla de atraer nuevos clientes e informarles sobre tu disponibilidad para realizar ventas o brindar servicios. Ofrecemos tutoriales sobre c\u00f3mo agregar el complemento gratuito de horas de operaci\u00f3n a su sitio web. <ol><li>Cuando necesites insertar un horario comercial de Elfsight de forma gratuita en Shopify, visita el sitio web de Elfsight y reg\u00edstrate.<\/li> <li>Ajusta el complemento de horario comercial adaptando su apariencia y configuraci\u00f3n para que coincida con el estilo de tu sitio web de Shopify.<\/li> <li>Despu\u00e9s de ajustar tu horario comercial, copia el c\u00f3digo especial y p\u00e9galo en el HTML de tu sitio web de Shopify donde deseas que est\u00e9 el complemento. <\/li><\/ol>Al integrar tu horario comercial en tu Shopify, definitivamente mejorar\u00e1s su atractivo visual y generar\u00e1s una lealtad estable de los visitantes. \u00a1Experimenta los beneficios del horario comercial de Elfsight sin costo alguno para ti! <\/div>\r\n\t\t\t\t\t<\/div>\r\n\t\t\t\t<\/div><\/div><\/div><div class=\"application-platform-content-item-features application-platform-content-item\" id=\"features\" data-nav-section=\"features\"> <h2>El widget ofrece funciones \u00fatiles, vea algunas de ellas:<\/h2> <ul><li>Demuestre el estado de su organizaci\u00f3n en tiempo real<\/li><li>Configuraci\u00f3n sencilla del per\u00edodo de trabajo<\/li><li>Configuraci\u00f3n de d\u00edas festivos<\/li><li>Estado de la situaci\u00f3n actual<\/li><li>Tabla insertable o estado compacto<\/li><\/ul><p><a href=\"#demo\">Puedes comprobar todas las capacidades del widget en la demostraci\u00f3n ahora mismo<\/a><\/p><\/div> <div class=\"application-platform-content-item-installation application-platform-content-item\" id=\"installation\" data-nav-section=\"installation\"> <h2>\u00bfC\u00f3mo agrego horario comercial a mi sitio web de Shopify?<\/h2> <p>Simplemente sigue un par de pasos que se describen a continuaci\u00f3n para integrar el complemento con tus turnos de trabajo.<\/p> <ol><li><b>Inicie nuestro editor y comience a crear su complemento \u00fanico sin c\u00f3digo.<\/b><br> Elija el dise\u00f1o seleccionado y las caracter\u00edsticas funcionales del complemento y guarde las modificaciones. <\/li> <li><b>Adquiera el c\u00f3digo individual que se muestra en la ventana de Elfsight Apps.<\/b><br> Inmediatamente despu\u00e9s de crear su soluci\u00f3n personal sin c\u00f3digo, copie el c\u00f3digo personal en la ventana emergente que aparece y gu\u00e1rdelo para usarlo en el futuro. <\/li> <li><b>Entra en el uso de la aplicaci\u00f3n en el sitio web de Shopify.<\/b><br> Pega el c\u00f3digo que has guardado recientemente en tu p\u00e1gina de inicio y aplica las modificaciones. <\/li> <li><b>\u00a1Listo! La integraci\u00f3n de su horario comercial sin c\u00f3digo se logr\u00f3 con \u00e9xito.<\/b><br> Visite su sitio web para examinar el trabajo del complemento de horario de operaci\u00f3n agregado. <\/li><\/ol> <p>Si tiene alguna pregunta o tiene alg\u00fan problema, comun\u00edquese con nuestro equipo de atenci\u00f3n al cliente. Nuestra gente est\u00e1 deseando ayudarte con todas las preguntas que puedas tener con el complemento para Shopify.<\/p> <\/div>","protected":false},"excerpt":{"rendered":"","protected":false},"author":9,"featured_media":0,"parent":4922,"menu_order":0,"comment_status":"closed","ping_status":"closed","template":"templates\/template-application-platform.php","meta":{"publish_to_discourse":"","publish_post_category":"","wpdc_auto_publish_overridden":"","wpdc_topic_tags":"","wpdc_pin_topic":"","wpdc_pin_until":"","discourse_post_id":"","discourse_permalink":"","wpdc_publishing_response":"","wpdc_publishing_error":"","footnotes":""},"class_list":["post-5554","page","type-page","status-publish","hentry"],"yoast_head":"<!-- This site is optimized with the Yoast SEO plugin v25.3.1 - https:\/\/yoast.com\/wordpress\/plugins\/seo\/ -->\n<title>Agregar horario comercial a Shopify: incrustar horario laboral en el sitio web<\/title>\n<meta name=\"description\" content=\"Incorpora un widget de horario comercial personalizable en Shopify para mostrar el estado de tu actividad. Crea tus propias horas de actividad usando la demostraci\u00f3n.\" \/>\n<meta name=\"robots\" content=\"index, follow, max-snippet:-1, max-image-preview:large, max-video-preview:-1\" \/>\n<link rel=\"canonical\" href=\"https:\/\/elfsight.com\/es\/business-hours-widget\/shopify\/\" \/>\n<meta property=\"og:locale\" content=\"es_ES\" \/>\n<meta property=\"og:type\" content=\"article\" \/>\n<meta property=\"og:title\" content=\"Agregar horario comercial a Shopify: incrustar horario laboral en el sitio web\" \/>\n<meta property=\"og:description\" content=\"Incorpora un widget de horario comercial personalizable en Shopify para mostrar el estado de tu actividad. Crea tus propias horas de actividad usando la demostraci\u00f3n.\" \/>\n<meta property=\"og:url\" content=\"https:\/\/elfsight.com\/es\/business-hours-widget\/shopify\/\" \/>\n<meta property=\"og:site_name\" content=\"Elfsight ES\" \/>\n<meta property=\"article:modified_time\" content=\"2025-02-06T16:16:39+00:00\" \/>\n<meta name=\"twitter:card\" content=\"summary_large_image\" \/>\n<meta name=\"twitter:label1\" content=\"Tiempo de lectura\" \/>\n\t<meta name=\"twitter:data1\" content=\"5 minutos\" \/>\n<!-- \/ Yoast SEO plugin. -->","yoast_head_json":{"title":"Agregar horario comercial a Shopify: incrustar horario laboral en el sitio web","description":"Incorpora un widget de horario comercial personalizable en Shopify para mostrar el estado de tu actividad. Crea tus propias horas de actividad usando la demostraci\u00f3n.","robots":{"index":"index","follow":"follow","max-snippet":"max-snippet:-1","max-image-preview":"max-image-preview:large","max-video-preview":"max-video-preview:-1"},"canonical":"https:\/\/elfsight.com\/es\/business-hours-widget\/shopify\/","og_locale":"es_ES","og_type":"article","og_title":"Agregar horario comercial a Shopify: incrustar horario laboral en el sitio web","og_description":"Incorpora un widget de horario comercial personalizable en Shopify para mostrar el estado de tu actividad. Crea tus propias horas de actividad usando la demostraci\u00f3n.","og_url":"https:\/\/elfsight.com\/es\/business-hours-widget\/shopify\/","og_site_name":"Elfsight ES","article_modified_time":"2025-02-06T16:16:39+00:00","twitter_card":"summary_large_image","twitter_misc":{"Tiempo de lectura":"5 minutos"},"schema":{"@context":"https:\/\/schema.org","@graph":[{"@type":"WebPage","@id":"https:\/\/elfsight.com\/es\/business-hours-widget\/shopify\/","url":"https:\/\/elfsight.com\/es\/business-hours-widget\/shopify\/","name":"Agregar horario comercial a Shopify: incrustar horario laboral en el sitio web","isPartOf":{"@id":"https:\/\/elfsight.com\/es\/#website"},"datePublished":"1970-01-01T00:00:00+00:00","dateModified":"2025-02-06T16:16:39+00:00","description":"Incorpora un widget de horario comercial personalizable en Shopify para mostrar el estado de tu actividad. Crea tus propias horas de actividad usando la demostraci\u00f3n.","breadcrumb":{"@id":"https:\/\/elfsight.com\/es\/business-hours-widget\/shopify\/#breadcrumb"},"inLanguage":"es","potentialAction":[{"@type":"ReadAction","target":["https:\/\/elfsight.com\/es\/business-hours-widget\/shopify\/"]}]},{"@type":"BreadcrumbList","@id":"https:\/\/elfsight.com\/es\/business-hours-widget\/shopify\/#breadcrumb","itemListElement":[{"@type":"ListItem","position":1,"name":"Home","item":"https:\/\/elfsight.com\/es\/"},{"@type":"ListItem","position":2,"name":"Business Hours","item":"https:\/\/elfsight.com\/es\/business-hours-widget\/"},{"@type":"ListItem","position":3,"name":"Business Hours &#8211; Shopify"}]},{"@type":"WebSite","@id":"https:\/\/elfsight.com\/es\/#website","url":"https:\/\/elfsight.com\/es\/","name":"Elfsight ES","description":"Just another Elfsight Sites site","potentialAction":[{"@type":"SearchAction","target":{"@type":"EntryPoint","urlTemplate":"https:\/\/elfsight.com\/es\/?s={search_term_string}"},"query-input":{"@type":"PropertyValueSpecification","valueRequired":true,"valueName":"search_term_string"}}],"inLanguage":"es"}]}},"meta_box":{"industry":"","seo_heading":"","heading":"","description":"","cta_heading":"","cta_description":"","application":"4888","h1":"Horario comercial de Shopify","h1_caption":"Integre perfectamente servicios populares en su sitio web.","application_category":[],"applications_title":"","applications_request_title":"","applications_request_button_text":"","hero_text":"","hero_video":"","hero_video_schema_markup":"","selling_points_title":"","selling_points_caption":"","selling_points":[],"selling_points_cta_text":"","features_title":"","features":"","ed_cta_examples_text":"","ed_cta_examples_hidden":"","ed_cta_demo_text":"","ed_cta_demo_hidden":"","why_caption":"","why_editor_title":"","why_editor_text":"","why_team_title":"","why_team_text":"","why_service_title":"","why_service_text":"","template_catalog_visible":"","template_catalog_title":"","template_catalog_text":"","template_catalog_categories_visible":"","demo_title":"Crea tu aplicaci\u00f3n de Horario Comercial","demo_caption":"\u00a1Configura tu horario comercial y agr\u00e9galo a tu sitio web Shopify gratis!","default_faq_hidden":"","app_template_category":[],"platform":"91","template_public_id":"","codecanyon_url":"","codecanyon_item_id":"","codecanyon_price":"","pricing_caption":"","pricing_elfsight_apps_hide_column":"","pricing_elfsight_apps_url":"","pricing_codecanyon_price_caption":"","integration_category":[],"integration_request_title":"","integration_request_cta":"","integration_platform":"","integrations":[],"platform_category":[],"video_schema_markup":"","price":"desde $0 \/ mes","trial":"","benefits":[{"text":"Servicio de instalaci\u00f3n gratuito"},{"text":"Soporte premium"},{"text":"Garant\u00eda de devoluci\u00f3n de dinero de 14 d\u00edas"},{"text":"Actualizaciones gratuitas de por vida"}],"button_url":"#demo","button_target_blank":"","button_nofollow":"","attributes":[{"name":"Instalaciones","content":"10,000 - 100,000"},{"name":"Sensible","content":"S\u00ed"},{"name":"Navegadores compatibles","content":"Firefox, Safari, Opera, Chrome, Edge"}],"tags":[],"tags_disable_links":"","hide_more_platforms":"","video_object":"","demo_hide_cta":"","demo_hide_cloud_options":"","pricing_title":"","pricing":[{"pricing_icon":"platform","pricing_title":"Elfsight Apps","pricing_title_caption":"Soluci\u00f3n independiente de plataforma que se adapta a cualquier sitio web","pricing_price":"desde $0 \/ mes","pricing_price_caption":"comienza con un plan gratuito","pricing_benefits":[{"text":"Sitios web ilimitados"},{"text":"Atenci\u00f3n al cliente premium"},{"text":"Asistencia de instalaci\u00f3n gratuita"},{"text":"100% personalizable"}],"pricing_button_text":"A\u00f1adir al sitio web","pricing_button_url":"#demo"}],"related_apps_title":"","related_apps_hidden":"","author":"","image":[],"title":"","job":"","social_networks":[]},"_links":{"self":[{"href":"https:\/\/elfsight.com\/es\/wp-json\/wp\/v2\/pages\/5554","targetHints":{"allow":["GET"]}}],"collection":[{"href":"https:\/\/elfsight.com\/es\/wp-json\/wp\/v2\/pages"}],"about":[{"href":"https:\/\/elfsight.com\/es\/wp-json\/wp\/v2\/types\/page"}],"author":[{"embeddable":true,"href":"https:\/\/elfsight.com\/es\/wp-json\/wp\/v2\/users\/9"}],"replies":[{"embeddable":true,"href":"https:\/\/elfsight.com\/es\/wp-json\/wp\/v2\/comments?post=5554"}],"version-history":[{"count":2,"href":"https:\/\/elfsight.com\/es\/wp-json\/wp\/v2\/pages\/5554\/revisions"}],"predecessor-version":[{"id":19434,"href":"https:\/\/elfsight.com\/es\/wp-json\/wp\/v2\/pages\/5554\/revisions\/19434"}],"up":[{"embeddable":true,"href":"https:\/\/elfsight.com\/es\/wp-json\/wp\/v2\/pages\/4922"}],"wp:attachment":[{"href":"https:\/\/elfsight.com\/es\/wp-json\/wp\/v2\/media?parent=5554"}],"curies":[{"name":"wp","href":"https:\/\/api.w.org\/{rel}","templated":true}]}}