{"id":5549,"date":"1970-01-01T00:00:00","date_gmt":"1970-01-01T00:00:00","guid":{"rendered":"https:\/\/elfsight.com\/es\/?page_id=5549"},"modified":"2025-02-06T16:16:39","modified_gmt":"2025-02-06T16:16:39","slug":"prestashop","status":"publish","type":"page","link":"https:\/\/elfsight.com\/es\/business-hours-widget\/prestashop\/","title":{"rendered":"Business Hours &#8211; PrestaShop"},"content":{"rendered":"<div class=\"application-platform-content-item-description application-platform-content-item\" id=\"description\" data-nav-section=\"description\"><h2>Incorpore el horario comercial en PrestaShop con un complemento de Elfsight<\/h2> <p>El horario comercial de Elfsight para PrestaShop es un widget simple sin c\u00f3digo que le permite crear una tarjeta de presentaci\u00f3n atractiva que tenga los momentos clave de su organizaci\u00f3n. Puede compartir informaci\u00f3n sobre el estado actual de su negocio y proporcionar contactos para su audiencia. El widget le permite crear dise\u00f1os atractivos, para que los visitantes puedan explorar f\u00e1cilmente todos los datos necesarios de forma breve o m\u00e1s detallada. <\/p><p>El excelente widget tiene plantillas, para que puedas elegir la opci\u00f3n m\u00e1s eficiente para tu sitio web. Cada plantilla contiene configuraciones ajustables para ayudarlo a crear una soluci\u00f3n personalizada con lo necesario para aumentar las ventas. Integrar el horario laboral y sus datos de contacto en las p\u00e1ginas de su sitio web es absolutamente sencillo con Elfsight gracias a tutoriales y gu\u00edas claros. Cualquier editor de sitios web puede crear e incrustar el widget de Horario comercial sin c\u00f3digo de forma gratuita<\/p> <p><b>Incorpore detalles comerciales en su sitio web para aumentar las tasas de ventas y la lealtad de los clientes. Muestre claramente informaci\u00f3n significativa sobre sus per\u00edodos de trabajo. <\/b><\/p> <p>Con este widget integrado en su sitio web PrestaShop, puede hacer que su audiencia sea m\u00e1s consciente de su actividad comercial y realice ventas regulares. Vea algunos de los beneficios m\u00e1s evidentes para su sitio web al incorporar el widget de marcos de trabajo sin c\u00f3digo. <\/p><ul><li><b>Permite que tus clientes lleguen siempre a tiempo. <\/b> Impulsar las ventas, estando seguramente en contacto en los marcos de trabajo indicados. Los visitantes de su sitio web ver\u00e1n sus horas de actividad y ser\u00e1n m\u00e1s decisivos para realizar una compra exitosa cuando est\u00e9n listos. <\/li><li><b>Evita malentendidos sobre tus horarios de trabajo. <\/b> Mostrar sus periodos de trabajo digno a los clientes en el sitio web los har\u00e1 m\u00e1s leales a su organizaci\u00f3n, ya que podr\u00e1n planificar una reserva o una visita. <\/li><li><b>Comparte contactos de forma clara. <\/b> Agregar los detalles de contacto a su widget de horario de atenci\u00f3n sin c\u00f3digo le permite establecer una mejor comunicaci\u00f3n con su audiencia y acelerar las ventas. Demuestre que est\u00e1 aqu\u00ed para responder sus preguntas sobre los productos y servicios de su empresa. <\/li><\/ul><div class=\"faq\" data-component=\"FAQ\"><div class=\"faq-item\">\r\n\t\t\t\t\t<div class=\"faq-item-question\">\r\n\t\t\t\t\t\t<h3 class=\"faq-item-question-text\">\u00bfHay otros complementos para PrestaShop que pueda agregar a mi sitio?<\/h3>\r\n\r\n\t\t\t\t\t\t<div class=\"faq-item-question-icon\"><\/div>\r\n\t\t\t\t\t<\/div>\r\n\r\n\t\t\t\t\t<div class=\"faq-item-answer\">\r\n\t\t\t\t\t\t<div class=\"faq-item-answer-text\">Podemos ofrecerle una gran cantidad de complementos para satisfacer cualquier tipo de objetivo en su sitio. Compru\u00e9balo t\u00fa mismo: <a href=\"https:\/\/elfsight.com\/google-reviews-widget\/prestashop\/\" target=\"_blank\" rel=\"noopener\">Rese\u00f1as de Google<\/a>, <a href=\"https:\/\/elfsight.com\/whatsapp-chat-widget\/prestashop\/\" target=\"_blank\" rel=\"noopener\">Chat de WhatsApp<\/a>, <a href=\"https:\/\/elfsight.com\/event-calendar-widget\/prestashop\/\" target=\"_blank\" rel=\"noopener\">Calendario de eventos<\/a>, <a href=\"https:\/\/elfsight.com\/countdown-timer-widget\/prestashop\/\" target=\"_blank\" rel=\"noopener\">Temporizador de cuenta atr\u00e1s<\/a>, <a href=\"https:\/\/elfsight.com\/qr-code-widget\/prestashop\/\" target=\"_blank\" rel=\"noopener\">C\u00f3digo QR<\/a>. <\/div>\r\n\t\t\t\t\t<\/div>\r\n\t\t\t\t<\/div><div class=\"faq-item\">\r\n\t\t\t\t\t<div class=\"faq-item-question\">\r\n\t\t\t\t\t\t<h3 class=\"faq-item-question-text\">\u00bfC\u00f3mo puedo beneficiarme del horario comercial en PrestaShop?<\/h3>\r\n\r\n\t\t\t\t\t\t<div class=\"faq-item-question-icon\"><\/div>\r\n\t\t\t\t\t<\/div>\r\n\r\n\t\t\t\t\t<div class=\"faq-item-answer\">\r\n\t\t\t\t\t\t<div class=\"faq-item-answer-text\">Existen muchos escenarios para mejorar las estad\u00edsticas de \u00e9xito y los resultados de ventas agregando un complemento de horario comercial. Con las plantillas de Elfsight para este interesante complemento para sitios, puede descubrir una soluci\u00f3n empresarial personalizada. Puede mostrar informaci\u00f3n ampliada sobre sus horas de trabajo o simplemente insertar una ventana emergente compacta de estado actual. Puede crear tarjetas de contacto con su complemento de Horario comercial y agregarlas a las \u00e1reas requeridas del sitio web para captar la atenci\u00f3n e informar a la audiencia sobre su actividad para inspirar ventas. <\/div>\r\n\t\t\t\t\t<\/div>\r\n\t\t\t\t<\/div><div class=\"faq-item\">\r\n\t\t\t\t\t<div class=\"faq-item-question\">\r\n\t\t\t\t\t\t<h3 class=\"faq-item-question-text\">\u00bfC\u00f3mo incorporar el horario comercial sin c\u00f3digo en los sitios web de PrestaShop?<\/h3>\r\n\r\n\t\t\t\t\t\t<div class=\"faq-item-question-icon\"><\/div>\r\n\t\t\t\t\t<\/div>\r\n\r\n\t\t\t\t\t<div class=\"faq-item-answer\">\r\n\t\t\t\t\t\t<div class=\"faq-item-answer-text\">Incorporar un complemento de horario comercial en su sitio web de PrestaShop es un excelente m\u00e9todo para involucrar a los clientes en la comunicaci\u00f3n e informarles sobre su horario y estado v\u00e1lidos para realizar ventas u ofrecer servicios. Ofrecemos algunos tutoriales sobre c\u00f3mo agregar el complemento gratuito de horas de operaci\u00f3n a su sitio web. <ol><li>Para incorporar un complemento de Elfsight Business Hours de forma gratuita en PrestaShop, vaya al sitio web de Elfsight y establezca una cuenta. <\/li><li>Cree el complemento gratuito Business Hours adaptando su apariencia y configuraci\u00f3n para que se adapte al dise\u00f1o de su sitio web. <\/li><li>Despu\u00e9s de personalizar su horario comercial, copie el fragmento de c\u00f3digo espec\u00edfico y p\u00e9guelo en su sitio web donde desea que funcione el complemento. <\/li><\/ol>Al insertar su horario comercial en su sitio web PrestaShop, seguramente aumentar\u00e1 su atractivo visual y lograr\u00e1 una lealtad estable de los visitantes. \u00a1Pruebe los beneficios del complemento Horario comercial de Elfsight sin costo alguno para usted!<\/div>\r\n\t\t\t\t\t<\/div>\r\n\t\t\t\t<\/div><\/div><\/div> <div class=\"application-platform-content-item-features application-platform-content-item\" id=\"features\" data-nav-section=\"features\"> <h2>Aqu\u00ed est\u00e1 la lista de las mejores caracter\u00edsticas:<\/h2> <ul><li>Muestre la disponibilidad de su empresa en tiempo real<\/li><li>Configuraci\u00f3n sencilla de horarios<\/li><li>D\u00edas de celebraci\u00f3n configuraci\u00f3n<\/li><li>Indicaci\u00f3n de estado actual<\/li><li>Cuadr\u00edcula integrable o estado de uso eficiente del espacio<\/li><\/ul><p><a href=\"#demo\">Pruebe todas las opciones de personalizaci\u00f3n en una demostraci\u00f3n con todas las funciones<\/a><\/p><\/div> <div class=\"application-platform-content-item-installation application-platform-content-item\" id=\"installation\" data-nav-section=\"installation\"> <h2>\u00bfC\u00f3mo incorporo el horario comercial en mi sitio web PrestaShop?<\/h2> <p>Simplemente siga las pautas a continuaci\u00f3n para acceder a la aplicaci\u00f3n con su estado de trabajo. <\/p> <ol><li><b>Abra nuestra demostraci\u00f3n y comience a crear su complemento personalizado sin c\u00f3digo. <\/b><br> Elija el dise\u00f1o y la funcionalidad preferidos del complemento y aplique las modificaciones. <\/li> <li><b>Adquiera su c\u00f3digo individual que se muestra en la ventana de Elfsight Apps. <\/b><br> Tan pronto como se complete la configuraci\u00f3n de su aplicaci\u00f3n de horas de actividad sin c\u00f3digo, copie el c\u00f3digo exclusivo en la ventana emergente que aparece y gu\u00e1rdelo para usarlo en el futuro. <\/li> <li><b>Inicie el empleo de la aplicaci\u00f3n en la p\u00e1gina de inicio de PrestaShop. <\/b><br> Agregue el c\u00f3digo guardado anteriormente en su p\u00e1gina web y guarde las ediciones. <\/li> <li><b>La configuraci\u00f3n de su horario comercial sin c\u00f3digo se realiz\u00f3 correctamente. <\/b><br> Vaya a su sitio web para inspeccionar el rendimiento del complemento de horas de operaci\u00f3n agregado. <\/li><\/ol> <p>Si tiene alguna dificultad, no dude en ponerse en contacto con nuestro personal de atenci\u00f3n al cliente. Nuestros especialistas est\u00e1n deseando resolver todos los problemas que puedas tener con la aplicaci\u00f3n para PrestaShop. <\/p><\/div>","protected":false},"excerpt":{"rendered":"","protected":false},"author":9,"featured_media":0,"parent":4922,"menu_order":0,"comment_status":"closed","ping_status":"closed","template":"templates\/template-application-platform.php","meta":{"publish_to_discourse":"","publish_post_category":"","wpdc_auto_publish_overridden":"","wpdc_topic_tags":"","wpdc_pin_topic":"","wpdc_pin_until":"","discourse_post_id":"","discourse_permalink":"","wpdc_publishing_response":"","wpdc_publishing_error":"","footnotes":""},"class_list":["post-5549","page","type-page","status-publish","hentry"],"yoast_head":"<!-- This site is optimized with the Yoast SEO plugin v25.3.1 - https:\/\/yoast.com\/wordpress\/plugins\/seo\/ -->\n<title>A\u00f1adir horario comercial a PrestaShop: insertar contactos y horarios<\/title>\n<meta name=\"description\" content=\"Agregue un widget de horario comercial personalizable a PrestaShop para compartir su estado laboral. Cree su widget de horas de trabajo personal en la demostraci\u00f3n.\" \/>\n<meta name=\"robots\" content=\"index, follow, max-snippet:-1, max-image-preview:large, max-video-preview:-1\" \/>\n<link rel=\"canonical\" href=\"https:\/\/elfsight.com\/es\/business-hours-widget\/prestashop\/\" \/>\n<meta property=\"og:locale\" content=\"es_ES\" \/>\n<meta property=\"og:type\" content=\"article\" \/>\n<meta property=\"og:title\" content=\"A\u00f1adir horario comercial a PrestaShop: insertar contactos y horarios\" \/>\n<meta property=\"og:description\" content=\"Agregue un widget de horario comercial personalizable a PrestaShop para compartir su estado laboral. Cree su widget de horas de trabajo personal en la demostraci\u00f3n.\" \/>\n<meta property=\"og:url\" content=\"https:\/\/elfsight.com\/es\/business-hours-widget\/prestashop\/\" \/>\n<meta property=\"og:site_name\" content=\"Elfsight ES\" \/>\n<meta property=\"article:modified_time\" content=\"2025-02-06T16:16:39+00:00\" \/>\n<meta name=\"twitter:card\" content=\"summary_large_image\" \/>\n<meta name=\"twitter:label1\" content=\"Tiempo de lectura\" \/>\n\t<meta name=\"twitter:data1\" content=\"5 minutos\" \/>\n<!-- \/ Yoast SEO plugin. -->","yoast_head_json":{"title":"A\u00f1adir horario comercial a PrestaShop: insertar contactos y horarios","description":"Agregue un widget de horario comercial personalizable a PrestaShop para compartir su estado laboral. Cree su widget de horas de trabajo personal en la demostraci\u00f3n.","robots":{"index":"index","follow":"follow","max-snippet":"max-snippet:-1","max-image-preview":"max-image-preview:large","max-video-preview":"max-video-preview:-1"},"canonical":"https:\/\/elfsight.com\/es\/business-hours-widget\/prestashop\/","og_locale":"es_ES","og_type":"article","og_title":"A\u00f1adir horario comercial a PrestaShop: insertar contactos y horarios","og_description":"Agregue un widget de horario comercial personalizable a PrestaShop para compartir su estado laboral. Cree su widget de horas de trabajo personal en la demostraci\u00f3n.","og_url":"https:\/\/elfsight.com\/es\/business-hours-widget\/prestashop\/","og_site_name":"Elfsight ES","article_modified_time":"2025-02-06T16:16:39+00:00","twitter_card":"summary_large_image","twitter_misc":{"Tiempo de lectura":"5 minutos"},"schema":{"@context":"https:\/\/schema.org","@graph":[{"@type":"WebPage","@id":"https:\/\/elfsight.com\/es\/business-hours-widget\/prestashop\/","url":"https:\/\/elfsight.com\/es\/business-hours-widget\/prestashop\/","name":"A\u00f1adir horario comercial a PrestaShop: insertar contactos y horarios","isPartOf":{"@id":"https:\/\/elfsight.com\/es\/#website"},"datePublished":"1970-01-01T00:00:00+00:00","dateModified":"2025-02-06T16:16:39+00:00","description":"Agregue un widget de horario comercial personalizable a PrestaShop para compartir su estado laboral. Cree su widget de horas de trabajo personal en la demostraci\u00f3n.","breadcrumb":{"@id":"https:\/\/elfsight.com\/es\/business-hours-widget\/prestashop\/#breadcrumb"},"inLanguage":"es","potentialAction":[{"@type":"ReadAction","target":["https:\/\/elfsight.com\/es\/business-hours-widget\/prestashop\/"]}]},{"@type":"BreadcrumbList","@id":"https:\/\/elfsight.com\/es\/business-hours-widget\/prestashop\/#breadcrumb","itemListElement":[{"@type":"ListItem","position":1,"name":"Home","item":"https:\/\/elfsight.com\/es\/"},{"@type":"ListItem","position":2,"name":"Business Hours","item":"https:\/\/elfsight.com\/es\/business-hours-widget\/"},{"@type":"ListItem","position":3,"name":"Business Hours &#8211; PrestaShop"}]},{"@type":"WebSite","@id":"https:\/\/elfsight.com\/es\/#website","url":"https:\/\/elfsight.com\/es\/","name":"Elfsight ES","description":"Just another Elfsight Sites site","potentialAction":[{"@type":"SearchAction","target":{"@type":"EntryPoint","urlTemplate":"https:\/\/elfsight.com\/es\/?s={search_term_string}"},"query-input":{"@type":"PropertyValueSpecification","valueRequired":true,"valueName":"search_term_string"}}],"inLanguage":"es"}]}},"meta_box":{"industry":"","seo_heading":"","heading":"","description":"","cta_heading":"","cta_description":"","application":"4888","h1":"Complemento de horario comercial de PrestaShop","h1_caption":"Informe a los clientes sobre su horario y proporcione contactos.","application_category":[],"applications_title":"","applications_request_title":"","applications_request_button_text":"","hero_text":"","hero_video":"","hero_video_schema_markup":"","selling_points_title":"","selling_points_caption":"","selling_points":[],"selling_points_cta_text":"","features_title":"","features":"","ed_cta_examples_text":"","ed_cta_examples_hidden":"","ed_cta_demo_text":"","ed_cta_demo_hidden":"","why_caption":"","why_editor_title":"","why_editor_text":"","why_team_title":"","why_team_text":"","why_service_title":"","why_service_text":"","template_catalog_visible":"","template_catalog_title":"","template_catalog_text":"","template_catalog_categories_visible":"","demo_title":"Crea tu complemento de horario comercial","demo_caption":"\u00a1Configura tu horario comercial y agr\u00e9galo a tu sitio web PrestaShop gratis!","default_faq_hidden":"","app_template_category":[],"platform":"2250","template_public_id":"","codecanyon_url":"","codecanyon_item_id":"","codecanyon_price":"","pricing_caption":"","pricing_elfsight_apps_hide_column":"","pricing_elfsight_apps_url":"","pricing_codecanyon_price_caption":"","integration_category":[],"integration_request_title":"","integration_request_cta":"","integration_platform":"","integrations":[],"platform_category":[],"video_schema_markup":"","price":"desde $0 \/ mes","trial":"","benefits":[{"text":"Asistencia de instalaci\u00f3n gratuita"},{"text":"Atenci\u00f3n al cliente experimentada"},{"text":"Garant\u00eda de devoluci\u00f3n de dinero de 14 d\u00edas"},{"text":"Actualizando constantemente"}],"button_url":"#demo","button_target_blank":"","button_nofollow":"","attributes":[{"name":"Instalaciones","content":"10,000 - 100,000"},{"name":"Sensible","content":"S\u00ed"},{"name":"Navegadores compatibles","content":"Firefox, Safari, Opera, Chrome, Edge"}],"tags":[],"tags_disable_links":"","hide_more_platforms":"","video_object":"","demo_hide_cta":"","demo_hide_cloud_options":"","pricing_title":"","pricing":[{"pricing_icon":"platform","pricing_title":"Elfsight Apps","pricing_title_caption":"Versi\u00f3n multiplataforma que funciona en cualquier sitio web.","pricing_price":"desde $0 \/ mes","pricing_price_caption":"comienza con un plan gratuito","pricing_benefits":[{"text":"Sitios web ilimitados"},{"text":"Atenci\u00f3n al cliente premium"},{"text":"Soporte de instalaci\u00f3n gratuito"},{"text":"100% personalizable"}],"pricing_button_text":"A\u00f1adir al sitio web","pricing_button_url":"#demo"}],"related_apps_title":"","related_apps_hidden":"","author":"","image":[],"title":"","job":"","social_networks":[]},"_links":{"self":[{"href":"https:\/\/elfsight.com\/es\/wp-json\/wp\/v2\/pages\/5549","targetHints":{"allow":["GET"]}}],"collection":[{"href":"https:\/\/elfsight.com\/es\/wp-json\/wp\/v2\/pages"}],"about":[{"href":"https:\/\/elfsight.com\/es\/wp-json\/wp\/v2\/types\/page"}],"author":[{"embeddable":true,"href":"https:\/\/elfsight.com\/es\/wp-json\/wp\/v2\/users\/9"}],"replies":[{"embeddable":true,"href":"https:\/\/elfsight.com\/es\/wp-json\/wp\/v2\/comments?post=5549"}],"version-history":[{"count":2,"href":"https:\/\/elfsight.com\/es\/wp-json\/wp\/v2\/pages\/5549\/revisions"}],"predecessor-version":[{"id":19435,"href":"https:\/\/elfsight.com\/es\/wp-json\/wp\/v2\/pages\/5549\/revisions\/19435"}],"up":[{"embeddable":true,"href":"https:\/\/elfsight.com\/es\/wp-json\/wp\/v2\/pages\/4922"}],"wp:attachment":[{"href":"https:\/\/elfsight.com\/es\/wp-json\/wp\/v2\/media?parent=5549"}],"curies":[{"name":"wp","href":"https:\/\/api.w.org\/{rel}","templated":true}]}}