{"id":5548,"date":"1970-01-01T00:00:00","date_gmt":"1970-01-01T00:00:00","guid":{"rendered":"https:\/\/elfsight.com\/es\/?page_id=5548"},"modified":"2025-02-06T16:16:47","modified_gmt":"2025-02-06T16:16:47","slug":"opencart","status":"publish","type":"page","link":"https:\/\/elfsight.com\/es\/business-hours-widget\/opencart\/","title":{"rendered":"Business Hours &#8211; OpenCart"},"content":{"rendered":"<div class=\"application-platform-content-item-description application-platform-content-item\" id=\"description\" data-nav-section=\"description\"><h2>Integre el horario comercial en OpenCart con una extensi\u00f3n de Elfsight<\/h2> <p>El horario comercial de Elfsight para OpenCart es un widget simple sin c\u00f3digo que le permite crear una bonita tarjeta de presentaci\u00f3n con los detalles m\u00e1s importantes relacionados con su actividad. Puede agregar informaci\u00f3n sobre su estado operativo actual y proporcionar contactos para su audiencia. El widget le permite proyectar dise\u00f1os atractivos, para que los clientes puedan examinar r\u00e1pidamente toda la informaci\u00f3n necesaria en breve o con m\u00e1s detalle. <\/p><p>El widget incluye un conjunto de plantillas, para que puedas elegir la mejor opci\u00f3n para tu sitio web. Cada plantilla contiene configuraciones que le permiten crear un widget con las opciones necesarias, como botones de CTA que mejoran las ventas. Incorporar el horario laboral y los contactos de su empresa en las p\u00e1ginas de su sitio web es muy sencillo, ya que Elfsight ofrece tutoriales en el widget. Cualquier propietario de un sitio web puede crear e incrustar el widget de horario de atenci\u00f3n sin c\u00f3digo de forma gratuita<\/p> <p><b>Agregue detalles comerciales a su sitio web para aumentar las ventas y la credibilidad del cliente. Muestre claramente informaci\u00f3n significativa sobre su actividad laboral. <\/b><\/p> <p>Con este widget integrado en su sitio web OpenCart, puede hacer que sus clientes est\u00e9n m\u00e1s informados sobre su actividad comercial y obtener ventas regulares. Vea algunos de los principales beneficios para su sitio web despu\u00e9s de incorporarle el widget de marcos de trabajo sin c\u00f3digo. <\/p><ul><li><b>Ayudar a los clientes a ser siempre puntuales. <\/b> Impulsar las ventas, estando en contacto constante durante los horarios de trabajo indicados. Los visitantes de su sitio web ver\u00e1n su horario de atenci\u00f3n y tendr\u00e1n m\u00e1s confianza para realizar una compra exitosa cuando est\u00e9n listos. <\/li><li><b>Evita la confusi\u00f3n sobre tus horarios de trabajo. <\/b> Mostrar sus per\u00edodos de trabajo sencillos a los clientes en el sitio web har\u00e1 que se dediquen m\u00e1s a su organizaci\u00f3n, ya que podr\u00e1n planificar un pedido o una visita a usted. <\/li><li><b>Muestra los datos de contacto de forma clara. <\/b> Agregar la informaci\u00f3n de contacto a su widget de horario de atenci\u00f3n sin c\u00f3digo le permite establecer una mejor comunicaci\u00f3n con sus clientes y mejorar las ventas. Demuestre que est\u00e1 listo para responder a sus preguntas sobre los productos y servicios de su empresa, lo que generar\u00e1 m\u00e1s confianza y aprobaci\u00f3n. <\/li><\/ul><div class=\"faq\" data-component=\"FAQ\"><div class=\"faq-item\">\r\n\t\t\t\t\t<div class=\"faq-item-question\">\r\n\t\t\t\t\t\t<h3 class=\"faq-item-question-text\">\u00bfHay otros complementos para OpenCart que pueda tener en mi sitio?<\/h3>\r\n\r\n\t\t\t\t\t\t<div class=\"faq-item-question-icon\"><\/div>\r\n\t\t\t\t\t<\/div>\r\n\r\n\t\t\t\t\t<div class=\"faq-item-answer\">\r\n\t\t\t\t\t\t<div class=\"faq-item-answer-text\">Podemos proporcionarle muchos complementos para lograr cualquier tipo de objetivo en su sitio. Por ejemplo: <a href=\"https:\/\/elfsight.com\/google-reviews-widget\/opencart\/\" target=\"_blank\" rel=\"noopener\">Rese\u00f1as de Google<\/a>, <a href=\"https:\/\/elfsight.com\/whatsapp-chat-widget\/opencart\/\" target=\"_blank\" rel=\"noopener\">Chat de WhatsApp<\/a>, <a href=\"https:\/\/elfsight.com\/event-calendar-widget\/opencart\/\" target=\"_blank\" rel=\"noopener\">Calendario de eventos<\/a>, <a href=\"https:\/\/elfsight.com\/countdown-timer-widget\/opencart\/\" target=\"_blank\" rel=\"noopener\">Temporizador de cuenta atr\u00e1s<\/a>, <a href=\"https:\/\/elfsight.com\/qr-code-widget\/opencart\/\" target=\"_blank\" rel=\"noopener\">C\u00f3digo QR<\/a>. <\/div>\r\n\t\t\t\t\t<\/div>\r\n\t\t\t\t<\/div><div class=\"faq-item\">\r\n\t\t\t\t\t<div class=\"faq-item-question\">\r\n\t\t\t\t\t\t<h3 class=\"faq-item-question-text\">\u00bfC\u00f3mo puedo lograr resultados con el horario comercial en el sitio web OpenCart?<\/h3>\r\n\r\n\t\t\t\t\t\t<div class=\"faq-item-question-icon\"><\/div>\r\n\t\t\t\t\t<\/div>\r\n\r\n\t\t\t\t\t<div class=\"faq-item-answer\">\r\n\t\t\t\t\t\t<div class=\"faq-item-answer-text\">Puede acceder a muchos escenarios para mejorar las tasas de \u00e9xito y los resultados de ventas agregando un complemento de horario comercial. Con las plantillas de Elfsight para este maravilloso complemento para sitios, uno puede elegir t\u00e1cticas comerciales individuales. Puede mostrar informaci\u00f3n ampliada sobre sus horas de trabajo y formas de contactarlo o simplemente insertar una ventana emergente compacta sobre el estado operativo. Puede crear tarjetas de contacto con nuestro complemento Horario comercial y agregarlas a las p\u00e1ginas requeridas del sitio web para captar la atenci\u00f3n e informar a los clientes sobre su actividad para inspirar las ventas. <\/div>\r\n\t\t\t\t\t<\/div>\r\n\t\t\t\t<\/div><div class=\"faq-item\">\r\n\t\t\t\t\t<div class=\"faq-item-question\">\r\n\t\t\t\t\t\t<h3 class=\"faq-item-question-text\">\u00bfC\u00f3mo incorporar el horario comercial sin c\u00f3digo de forma gratuita en los sitios web de OpenCart?<\/h3>\r\n\r\n\t\t\t\t\t\t<div class=\"faq-item-question-icon\"><\/div>\r\n\t\t\t\t\t<\/div>\r\n\r\n\t\t\t\t\t<div class=\"faq-item-answer\">\r\n\t\t\t\t\t\t<div class=\"faq-item-answer-text\">Incrustar un complemento de horario comercial en su sitio web OpenCart es una manera perfecta de iniciar la comunicaci\u00f3n con los clientes e informarles sobre su horario y estado v\u00e1lidos para realizar ventas o brindar servicios. A continuaci\u00f3n se ofrecen breves tutoriales sobre c\u00f3mo agregar el complemento gratuito de horas de funcionamiento a su sitio web. <ol><li>Para incorporar un complemento de horario comercial de Elfsight de forma gratuita en OpenCart, vaya al sitio web de Elfsight y reg\u00edstrese. <\/li><li>Cree el complemento gratuito Business Hours adaptando su apariencia y configuraci\u00f3n para que coincida con el dise\u00f1o de su sitio web. <\/li><li>Al ajustar su horario comercial, copie el fragmento de c\u00f3digo proporcionado y p\u00e9guelo en su sitio web donde desea que aparezca el complemento. <\/li><\/ol>Al insertar su horario comercial en su sitio web OpenCart, lograr\u00e1 una lealtad continua de los visitantes. \u00a1Descubra las ventajas del complemento Horario comercial de Elfsight sin costo alguno para usted! <\/div>\r\n\t\t\t\t\t<\/div>\r\n\t\t\t\t<\/div><\/div><\/div> <div class=\"application-platform-content-item-features application-platform-content-item\" id=\"features\" data-nav-section=\"features\"> <h2>Estudie la lista de las caracter\u00edsticas m\u00e1s destacadas:<\/h2> <ul><li>Demuestre la disponibilidad en tiempo real de su organizaci\u00f3n<\/li><li>Configuraci\u00f3n sencilla de horarios<\/li><li>Configuraci\u00f3n de eventos de celebraci\u00f3n<\/li><li>Estado en tiempo real indicaci\u00f3n<\/li><li>Gr\u00e1fico incrustable o estado compacto<\/li><\/ul><p><a href=\"#demo\">Puedes ver lo que vale la pena probar con la demostraci\u00f3n<\/a><\/p><\/div> <div class=\"application-platform-content-item-installation application-platform-content-item\" id=\"installation\" data-nav-section=\"installation\"> <h2>\u00bfC\u00f3mo puedo agregar horario comercial a mi sitio web OpenCart?<\/h2> <p>Simplemente siga varios pasos que se describen a continuaci\u00f3n para integrar el complemento. con sus turnos de operaci\u00f3n. <\/p> <ol><li><b>Emplea nuestro configurador y comienza a crear tu complemento personalizado. <\/b><br> Especifique el dise\u00f1o y las especificaciones preferibles del complemento y aplique las correcciones. <\/li> <li><b>Adquiera el c\u00f3digo individual expuesto en el formulario especial en Elfsight Apps. <\/b><br> Inmediatamente despu\u00e9s de que finalice la generaci\u00f3n de su aplicaci\u00f3n de horas de actividad sin c\u00f3digo, copie el c\u00f3digo individual del cuadro que aparece y gu\u00e1rdelo para el futuro. <\/li> <li><b>Comience a usar el complemento en sus p\u00e1ginas OpenCart. <\/b><br>Incorpora el c\u00f3digo que has copiado anteriormente en tu sitio y guarda las correcciones. <\/li> <li><b>\u00a1Ya terminaste! Finaliza totalmente la incorporaci\u00f3n de tu Horario Comercial sin c\u00f3digo. <\/b><br> Vaya a su sitio web para ver en acci\u00f3n el trabajo de la aplicaci\u00f3n de horas de operaci\u00f3n agregadas. <\/li><\/ol> <p>En caso de tener preguntas o encontrar alg\u00fan obst\u00e1culo, no dude en comunicarse con nuestro personal de soporte. Nuestra gente estar\u00e1 encantada de ayudarle con todos los problemas que pueda tener con el producto para OpenCart. <\/p><\/div>","protected":false},"excerpt":{"rendered":"","protected":false},"author":9,"featured_media":0,"parent":4922,"menu_order":0,"comment_status":"closed","ping_status":"closed","template":"templates\/template-application-platform.php","meta":{"publish_to_discourse":"","publish_post_category":"","wpdc_auto_publish_overridden":"","wpdc_topic_tags":"","wpdc_pin_topic":"","wpdc_pin_until":"","discourse_post_id":"","discourse_permalink":"","wpdc_publishing_response":"","wpdc_publishing_error":"","footnotes":""},"class_list":["post-5548","page","type-page","status-publish","hentry"],"yoast_head":"<!-- This site is optimized with the Yoast SEO plugin v25.3.1 - https:\/\/yoast.com\/wordpress\/plugins\/seo\/ -->\n<title>Agregue horario comercial a OpenCart: incruste un horario gratuito sin c\u00f3digo<\/title>\n<meta name=\"description\" content=\"Integre un widget de horario comercial personalizable en OpenCart para compartir el estado de su actividad. Crea tu propio horario de trabajo en la demostraci\u00f3n.\" \/>\n<meta name=\"robots\" content=\"index, follow, max-snippet:-1, max-image-preview:large, max-video-preview:-1\" \/>\n<link rel=\"canonical\" href=\"https:\/\/elfsight.com\/es\/business-hours-widget\/opencart\/\" \/>\n<meta property=\"og:locale\" content=\"es_ES\" \/>\n<meta property=\"og:type\" content=\"article\" \/>\n<meta property=\"og:title\" content=\"Agregue horario comercial a OpenCart: incruste un horario gratuito sin c\u00f3digo\" \/>\n<meta property=\"og:description\" content=\"Integre un widget de horario comercial personalizable en OpenCart para compartir el estado de su actividad. Crea tu propio horario de trabajo en la demostraci\u00f3n.\" \/>\n<meta property=\"og:url\" content=\"https:\/\/elfsight.com\/es\/business-hours-widget\/opencart\/\" \/>\n<meta property=\"og:site_name\" content=\"Elfsight ES\" \/>\n<meta property=\"article:modified_time\" content=\"2025-02-06T16:16:47+00:00\" \/>\n<meta name=\"twitter:card\" content=\"summary_large_image\" \/>\n<meta name=\"twitter:label1\" content=\"Tiempo de lectura\" \/>\n\t<meta name=\"twitter:data1\" content=\"5 minutos\" \/>\n<!-- \/ Yoast SEO plugin. -->","yoast_head_json":{"title":"Agregue horario comercial a OpenCart: incruste un horario gratuito sin c\u00f3digo","description":"Integre un widget de horario comercial personalizable en OpenCart para compartir el estado de su actividad. Crea tu propio horario de trabajo en la demostraci\u00f3n.","robots":{"index":"index","follow":"follow","max-snippet":"max-snippet:-1","max-image-preview":"max-image-preview:large","max-video-preview":"max-video-preview:-1"},"canonical":"https:\/\/elfsight.com\/es\/business-hours-widget\/opencart\/","og_locale":"es_ES","og_type":"article","og_title":"Agregue horario comercial a OpenCart: incruste un horario gratuito sin c\u00f3digo","og_description":"Integre un widget de horario comercial personalizable en OpenCart para compartir el estado de su actividad. Crea tu propio horario de trabajo en la demostraci\u00f3n.","og_url":"https:\/\/elfsight.com\/es\/business-hours-widget\/opencart\/","og_site_name":"Elfsight ES","article_modified_time":"2025-02-06T16:16:47+00:00","twitter_card":"summary_large_image","twitter_misc":{"Tiempo de lectura":"5 minutos"},"schema":{"@context":"https:\/\/schema.org","@graph":[{"@type":"WebPage","@id":"https:\/\/elfsight.com\/es\/business-hours-widget\/opencart\/","url":"https:\/\/elfsight.com\/es\/business-hours-widget\/opencart\/","name":"Agregue horario comercial a OpenCart: incruste un horario gratuito sin c\u00f3digo","isPartOf":{"@id":"https:\/\/elfsight.com\/es\/#website"},"datePublished":"1970-01-01T00:00:00+00:00","dateModified":"2025-02-06T16:16:47+00:00","description":"Integre un widget de horario comercial personalizable en OpenCart para compartir el estado de su actividad. Crea tu propio horario de trabajo en la demostraci\u00f3n.","breadcrumb":{"@id":"https:\/\/elfsight.com\/es\/business-hours-widget\/opencart\/#breadcrumb"},"inLanguage":"es","potentialAction":[{"@type":"ReadAction","target":["https:\/\/elfsight.com\/es\/business-hours-widget\/opencart\/"]}]},{"@type":"BreadcrumbList","@id":"https:\/\/elfsight.com\/es\/business-hours-widget\/opencart\/#breadcrumb","itemListElement":[{"@type":"ListItem","position":1,"name":"Home","item":"https:\/\/elfsight.com\/es\/"},{"@type":"ListItem","position":2,"name":"Business Hours","item":"https:\/\/elfsight.com\/es\/business-hours-widget\/"},{"@type":"ListItem","position":3,"name":"Business Hours &#8211; OpenCart"}]},{"@type":"WebSite","@id":"https:\/\/elfsight.com\/es\/#website","url":"https:\/\/elfsight.com\/es\/","name":"Elfsight ES","description":"Just another Elfsight Sites site","potentialAction":[{"@type":"SearchAction","target":{"@type":"EntryPoint","urlTemplate":"https:\/\/elfsight.com\/es\/?s={search_term_string}"},"query-input":{"@type":"PropertyValueSpecification","valueRequired":true,"valueName":"search_term_string"}}],"inLanguage":"es"}]}},"meta_box":{"industry":"","seo_heading":"","heading":"","description":"","cta_heading":"","cta_description":"","application":"4888","h1":"Extensi\u00f3n del horario comercial de OpenCart","h1_caption":"Informar a los visitantes sobre su disponibilidad y proporcionar contactos.","application_category":[],"applications_title":"","applications_request_title":"","applications_request_button_text":"","hero_text":"","hero_video":"","hero_video_schema_markup":"","selling_points_title":"","selling_points_caption":"","selling_points":[],"selling_points_cta_text":"","features_title":"","features":"","ed_cta_examples_text":"","ed_cta_examples_hidden":"","ed_cta_demo_text":"","ed_cta_demo_hidden":"","why_caption":"","why_editor_title":"","why_editor_text":"","why_team_title":"","why_team_text":"","why_service_title":"","why_service_text":"","template_catalog_visible":"","template_catalog_title":"","template_catalog_text":"","template_catalog_categories_visible":"","demo_title":"Crea tu extensi\u00f3n de Horario Comercial","demo_caption":"\u00a1Configure su horario comercial y agr\u00e9guelo a su sitio web OpenCart gratis!","default_faq_hidden":"","app_template_category":[],"platform":"88","template_public_id":"","codecanyon_url":"","codecanyon_item_id":"","codecanyon_price":"","pricing_caption":"","pricing_elfsight_apps_hide_column":"","pricing_elfsight_apps_url":"","pricing_codecanyon_price_caption":"","integration_category":[],"integration_request_title":"","integration_request_cta":"","integration_platform":"","integrations":[],"platform_category":[],"video_schema_markup":"","price":"desde $0 \/ mes","trial":"","benefits":[{"text":"Asistencia de instalaci\u00f3n gratuita"},{"text":"Servicio al cliente profesional"},{"text":"Garant\u00eda de reembolso de 14 d\u00edas"},{"text":"Mejoras continuas y gratuitas"}],"button_url":"#demo","button_target_blank":"","button_nofollow":"","attributes":[{"name":"Instalaciones","content":"10,000 - 100,000"},{"name":"Sensible","content":"S\u00ed"},{"name":"Navegadores compatibles","content":"Firefox, Safari, Opera, Chrome, Edge"}],"tags":[],"tags_disable_links":"","hide_more_platforms":"","video_object":"","demo_hide_cta":"","demo_hide_cloud_options":"","pricing_title":"","pricing":[{"pricing_icon":"platform","pricing_title":"Elfsight Apps","pricing_title_caption":"Software multiplataforma que se adapta a cualquier sitio web","pricing_price":"desde $0 \/ mes","pricing_price_caption":"comienza con un plan gratuito","pricing_benefits":[{"text":"Sitios web ilimitados"},{"text":"Soporte gratuito de la empresa"},{"text":"Soporte de instalaci\u00f3n gratuito"},{"text":"100% personalizable"}],"pricing_button_text":"A\u00f1adir al sitio web","pricing_button_url":"#demo"}],"related_apps_title":"","related_apps_hidden":"","author":"","image":[],"title":"","job":"","social_networks":[]},"_links":{"self":[{"href":"https:\/\/elfsight.com\/es\/wp-json\/wp\/v2\/pages\/5548","targetHints":{"allow":["GET"]}}],"collection":[{"href":"https:\/\/elfsight.com\/es\/wp-json\/wp\/v2\/pages"}],"about":[{"href":"https:\/\/elfsight.com\/es\/wp-json\/wp\/v2\/types\/page"}],"author":[{"embeddable":true,"href":"https:\/\/elfsight.com\/es\/wp-json\/wp\/v2\/users\/9"}],"replies":[{"embeddable":true,"href":"https:\/\/elfsight.com\/es\/wp-json\/wp\/v2\/comments?post=5548"}],"version-history":[{"count":2,"href":"https:\/\/elfsight.com\/es\/wp-json\/wp\/v2\/pages\/5548\/revisions"}],"predecessor-version":[{"id":19436,"href":"https:\/\/elfsight.com\/es\/wp-json\/wp\/v2\/pages\/5548\/revisions\/19436"}],"up":[{"embeddable":true,"href":"https:\/\/elfsight.com\/es\/wp-json\/wp\/v2\/pages\/4922"}],"wp:attachment":[{"href":"https:\/\/elfsight.com\/es\/wp-json\/wp\/v2\/media?parent=5548"}],"curies":[{"name":"wp","href":"https:\/\/api.w.org\/{rel}","templated":true}]}}