{"id":5546,"date":"1970-01-01T00:00:00","date_gmt":"1970-01-01T00:00:00","guid":{"rendered":"https:\/\/elfsight.com\/es\/?page_id=5546"},"modified":"2025-02-06T16:16:47","modified_gmt":"2025-02-06T16:16:47","slug":"magento","status":"publish","type":"page","link":"https:\/\/elfsight.com\/es\/business-hours-widget\/magento\/","title":{"rendered":"Business Hours &#8211; Magento"},"content":{"rendered":"<div class=\"application-platform-content-item-description application-platform-content-item\" id=\"description\" data-nav-section=\"description\"> <h2>Integre el horario comercial en Magento con una extensi\u00f3n de Elfsight<\/h2> <p>El horario comercial de Elfsight para Magento es un widget simple sin c\u00f3digo que le ayuda a crear una tarjeta de presentaci\u00f3n llamativa que contiene informaci\u00f3n clave sobre su organizaci\u00f3n. Puede incluir informaci\u00f3n sobre su estado de disponibilidad actual y proporcionar contactos para sus clientes. El widget le permite formar dise\u00f1os atractivos, para que los clientes puedan explorar f\u00e1cilmente toda la informaci\u00f3n requerida en breve o con m\u00e1s detalle. <\/p><p>El notable widget est\u00e1 equipado con un conjunto de plantillas, para que puedas elegir la opci\u00f3n m\u00e1s adecuada para tu sitio web. Cada plantilla presenta varias configuraciones para ayudarlo a crear un widget personalizado con las opciones necesarias, como reservas y botones de reserva, que mejoran las ventas. Incorporar el horario laboral y los contactos de su empresa en su sitio web es extremadamente sencillo, ya que Elfsight ofrece gu\u00edas y tutoriales f\u00e1ciles de seguir. Cualquier usuario puede crear y agregar el widget de horario comercial sin c\u00f3digo de forma gratuita<\/p> <p><b>Agregue detalles comerciales a su sitio web para intensificar las tasas de ventas y la lealtad de los clientes. Proporciona informaci\u00f3n clave sobre tu actividad laboral f\u00e1cilmente. <\/b><\/p> <p>Con este widget integrado en su sitio web Magento, puede hacer que sus clientes est\u00e9n m\u00e1s informados sobre su negocio y mejorar las ventas. Explore algunas de las principales ventajas para su sitio web despu\u00e9s de agregarle el widget de marcos de trabajo sin c\u00f3digo. <\/p><ul><li><b>Ayudar a los clientes a llegar siempre a tiempo. <\/b> Impulsar las ventas, al estar siempre en contacto dentro del horario laboral correspondiente. Los visitantes de su sitio web ver\u00e1n su horario de atenci\u00f3n y tendr\u00e1n m\u00e1s confianza para realizar una compra exitosa cuando sea necesario. <\/li><li><b>Evita malentendidos sobre tus horarios de trabajo. <\/b> Mostrar sus per\u00edodos de trabajo sencillos a los clientes en el sitio web los har\u00e1 m\u00e1s leales a su organizaci\u00f3n porque podr\u00e1n planificar una reserva o una visita a usted. <\/li><li><b>Muestra los datos de contacto de forma c\u00f3moda. <\/b> Agregar los detalles de contacto a su widget de horario de atenci\u00f3n sin c\u00f3digo le permite realizar ventas m\u00e1s r\u00e1pido. Demuestre que est\u00e1 listo para responder sus consultas sobre los productos y servicios de su empresa, lo que generar\u00e1 m\u00e1s confianza y prestigio. <\/li><\/ul><div class=\"faq\" data-component=\"FAQ\"><div class=\"faq-item\">\r\n\t\t\t\t\t<div class=\"faq-item-question\">\r\n\t\t\t\t\t\t<h3 class=\"faq-item-question-text\">\u00bfExisten otros complementos para Magento que pueda usar en mi sitio para aumentar las ventas?<\/h3>\r\n\r\n\t\t\t\t\t\t<div class=\"faq-item-question-icon\"><\/div>\r\n\t\t\t\t\t<\/div>\r\n\r\n\t\t\t\t\t<div class=\"faq-item-answer\">\r\n\t\t\t\t\t\t<div class=\"faq-item-answer-text\">Podemos proporcionarle muchos complementos para lograr cualquier tipo de objetivo en su sitio. Consulte estos complementos, por favor: <a href=\"https:\/\/elfsight.com\/google-reviews-widget\/magento\/\" target=\"_blank\" rel=\"noopener\">Google Reviews<\/a>, <a href=\"https:\/\/elfsight.com\/whatsapp-chat-widget\/magento\/\" target=\"_blank\" rel=\"noopener\">WhatsApp Chat<\/a>, <a href=\"https:\/\/elfsight.com\/event-calendar-widget\/magento\/\" target=\"_blank\" rel=\"noopener\">Calendario de eventos<\/a>, <a href=\"https:\/\/elfsight.com\/countdown-timer-widget\/magento\/\" target=\"_blank\" rel=\"noopener\">Temporizador de cuenta atr\u00e1s<\/a>, <a href=\"https:\/\/elfsight.com\/qr-code-widget\/magento\/\" target=\"_blank\" rel=\"noopener\">C\u00f3digo QR<\/a>. <\/div>\r\n\t\t\t\t\t<\/div>\r\n\t\t\t\t<\/div><div class=\"faq-item\">\r\n\t\t\t\t\t<div class=\"faq-item-question\">\r\n\t\t\t\t\t\t<h3 class=\"faq-item-question-text\">\u00bfC\u00f3mo puedo lograr resultados con el horario comercial en Magento?<\/h3>\r\n\r\n\t\t\t\t\t\t<div class=\"faq-item-question-icon\"><\/div>\r\n\t\t\t\t\t<\/div>\r\n\r\n\t\t\t\t\t<div class=\"faq-item-answer\">\r\n\t\t\t\t\t\t<div class=\"faq-item-answer-text\">Existen muchos escenarios para mejorar las tasas de conversi\u00f3n y las cifras de ventas agregando un complemento de horario comercial. Con las plantillas de Elfsight para este notable complemento para sitios web, puede elegir t\u00e1cticas comerciales personalizadas. Puede mostrar informaci\u00f3n ampliada sobre sus horarios de atenci\u00f3n y formas de hablar con usted o simplemente insertar una ventana emergente compacta sobre el estado operativo. Puede crear tarjetas de contacto con su complemento de horario de atenci\u00f3n y agregarlas a \u00e1reas preferibles del sitio web para llamar la atenci\u00f3n e informar a los clientes sobre su estado para aumentar las ventas. <\/div>\r\n\t\t\t\t\t<\/div>\r\n\t\t\t\t<\/div><div class=\"faq-item\">\r\n\t\t\t\t\t<div class=\"faq-item-question\">\r\n\t\t\t\t\t\t<h3 class=\"faq-item-question-text\">\u00bfC\u00f3mo integrar el horario comercial de forma gratuita en los sitios web de Magento?<\/h3>\r\n\r\n\t\t\t\t\t\t<div class=\"faq-item-question-icon\"><\/div>\r\n\t\t\t\t\t<\/div>\r\n\r\n\t\t\t\t\t<div class=\"faq-item-answer\">\r\n\t\t\t\t\t\t<div class=\"faq-item-answer-text\">Incrustar un complemento de horario comercial en su sitio web Magento se utiliza para involucrar a los clientes en la comunicaci\u00f3n y garantizar las ventas. Aqu\u00ed puede ver breves tutoriales sobre c\u00f3mo agregar el complemento de horario de atenci\u00f3n a su sitio web. <ol><li>Para incorporar un complemento de horario comercial de Elfsight de forma gratuita en Magento, vaya al sitio web de Elfsight y cree una cuenta. <\/li><li>Cree el complemento gratuito Business Hours adaptando su apariencia y configuraci\u00f3n para que se adapte al estilo de su sitio web Magento. <\/li><li>Despu\u00e9s de personalizar su horario comercial, copie el fragmento de c\u00f3digo especial y p\u00e9guelo en su sitio web Magento donde desea que aparezca el complemento. <\/li><\/ol>Al insertar su horario comercial sin c\u00f3digo en su sitio web Magento, definitivamente aumentar\u00e1 su magnetismo visual y aumentar\u00e1 la participaci\u00f3n sostenible del cliente. \u00a1Experimenta los beneficios del horario comercial de Elfsight sin costo alguno para ti! <\/div>\r\n\t\t\t\t\t<\/div>\r\n\t\t\t\t<\/div><\/div><\/div> <div class=\"application-platform-content-item-features application-platform-content-item\" id=\"features\" data-nav-section=\"features\"> <h2>Estas son s\u00f3lo algunas de las valiosas caracter\u00edsticas del widget:<\/h2> <ul><li>Muestra tu disponibilidad actual<\/li><li>F\u00e1cil ajuste de los marcos de trabajo<\/li><li>Configuraci\u00f3n para ocasiones especiales<\/li><li>Estado de la situaci\u00f3n en tiempo real<\/li><li>Mesa integrable o compacta status<\/li><\/ul><p><a href=\"#demo\">Examine todas las opciones de personalizaci\u00f3n en una demostraci\u00f3n con todas las funciones<\/a><\/p><\/div> <div class=\"application-platform-content-item-installation application-platform-content-item\" id=\"installation\" data-nav-section=\"installation\"> <h2>\u00bfC\u00f3mo puedo incorporar el horario comercial en mi sitio web Magento?<\/h2> <p>Simplemente siga las pautas a continuaci\u00f3n para el complemento con su tiempo de operaci\u00f3n. <\/p> <ol><li><b>Utiliza nuestro editor y comienza a darle forma a tu propio complemento. <\/b><br> Encuentre el dise\u00f1o y la funcionalidad preferidos del complemento y aplique las correcciones. <\/li> <li><b>Reciba su c\u00f3digo de inserci\u00f3n individual que aparece en la ventana de Elfsight Apps. <\/b><br> Una vez finalizado el establecimiento de su soluci\u00f3n personal de horas de actividad sin c\u00f3digo, copie el c\u00f3digo personal en el cuadro que aparece y gu\u00e1rdelo para usarlo en el futuro. <\/li> <li><b>Inicie el uso de la extensi\u00f3n en su sitio Magento. <\/b><br> Inserta el c\u00f3digo copiado recientemente en tu sitio y aplica las modificaciones. <\/li> <li><b>\u00a1Listo! La integraci\u00f3n de su no-code en el horario comercial del sitio web est\u00e1 completamente lograda. <\/b><br>Visite su sitio web para inspeccionar el desempe\u00f1o de la extensi\u00f3n del horario de atenci\u00f3n. <\/li><\/ol> <p>Si tiene alguna consulta o tiene alguna complicaci\u00f3n, no dude en comunicarse con nuestro equipo de atenci\u00f3n al cliente. Nuestra gente est\u00e1 ansiosa por resolver todos los problemas que pueda tener con la extensi\u00f3n para Magento. <\/p><\/div>","protected":false},"excerpt":{"rendered":"","protected":false},"author":9,"featured_media":0,"parent":4922,"menu_order":0,"comment_status":"closed","ping_status":"closed","template":"templates\/template-application-platform.php","meta":{"publish_to_discourse":"","publish_post_category":"","wpdc_auto_publish_overridden":"","wpdc_topic_tags":"","wpdc_pin_topic":"","wpdc_pin_until":"","discourse_post_id":"","discourse_permalink":"","wpdc_publishing_response":"","wpdc_publishing_error":"","footnotes":""},"class_list":["post-5546","page","type-page","status-publish","hentry"],"yoast_head":"<!-- This site is optimized with the Yoast SEO plugin v25.3.1 - https:\/\/yoast.com\/wordpress\/plugins\/seo\/ -->\n<title>Agregue horario comercial a Magento: incruste una extensi\u00f3n gratuita para sitios<\/title>\n<meta name=\"description\" content=\"Agregue un widget de horario comercial personalizable a Magento para presentar el estado de su negocio. Cree su widget de horas de trabajo personal en la demostraci\u00f3n.\" \/>\n<meta name=\"robots\" content=\"index, follow, max-snippet:-1, max-image-preview:large, max-video-preview:-1\" \/>\n<link rel=\"canonical\" href=\"https:\/\/elfsight.com\/es\/business-hours-widget\/magento\/\" \/>\n<meta property=\"og:locale\" content=\"es_ES\" \/>\n<meta property=\"og:type\" content=\"article\" \/>\n<meta property=\"og:title\" content=\"Agregue horario comercial a Magento: incruste una extensi\u00f3n gratuita para sitios\" \/>\n<meta property=\"og:description\" content=\"Agregue un widget de horario comercial personalizable a Magento para presentar el estado de su negocio. Cree su widget de horas de trabajo personal en la demostraci\u00f3n.\" \/>\n<meta property=\"og:url\" content=\"https:\/\/elfsight.com\/es\/business-hours-widget\/magento\/\" \/>\n<meta property=\"og:site_name\" content=\"Elfsight ES\" \/>\n<meta property=\"article:modified_time\" content=\"2025-02-06T16:16:47+00:00\" \/>\n<meta name=\"twitter:card\" content=\"summary_large_image\" \/>\n<meta name=\"twitter:label1\" content=\"Tiempo de lectura\" \/>\n\t<meta name=\"twitter:data1\" content=\"5 minutos\" \/>\n<!-- \/ Yoast SEO plugin. -->","yoast_head_json":{"title":"Agregue horario comercial a Magento: incruste una extensi\u00f3n gratuita para sitios","description":"Agregue un widget de horario comercial personalizable a Magento para presentar el estado de su negocio. Cree su widget de horas de trabajo personal en la demostraci\u00f3n.","robots":{"index":"index","follow":"follow","max-snippet":"max-snippet:-1","max-image-preview":"max-image-preview:large","max-video-preview":"max-video-preview:-1"},"canonical":"https:\/\/elfsight.com\/es\/business-hours-widget\/magento\/","og_locale":"es_ES","og_type":"article","og_title":"Agregue horario comercial a Magento: incruste una extensi\u00f3n gratuita para sitios","og_description":"Agregue un widget de horario comercial personalizable a Magento para presentar el estado de su negocio. Cree su widget de horas de trabajo personal en la demostraci\u00f3n.","og_url":"https:\/\/elfsight.com\/es\/business-hours-widget\/magento\/","og_site_name":"Elfsight ES","article_modified_time":"2025-02-06T16:16:47+00:00","twitter_card":"summary_large_image","twitter_misc":{"Tiempo de lectura":"5 minutos"},"schema":{"@context":"https:\/\/schema.org","@graph":[{"@type":"WebPage","@id":"https:\/\/elfsight.com\/es\/business-hours-widget\/magento\/","url":"https:\/\/elfsight.com\/es\/business-hours-widget\/magento\/","name":"Agregue horario comercial a Magento: incruste una extensi\u00f3n gratuita para sitios","isPartOf":{"@id":"https:\/\/elfsight.com\/es\/#website"},"datePublished":"1970-01-01T00:00:00+00:00","dateModified":"2025-02-06T16:16:47+00:00","description":"Agregue un widget de horario comercial personalizable a Magento para presentar el estado de su negocio. Cree su widget de horas de trabajo personal en la demostraci\u00f3n.","breadcrumb":{"@id":"https:\/\/elfsight.com\/es\/business-hours-widget\/magento\/#breadcrumb"},"inLanguage":"es","potentialAction":[{"@type":"ReadAction","target":["https:\/\/elfsight.com\/es\/business-hours-widget\/magento\/"]}]},{"@type":"BreadcrumbList","@id":"https:\/\/elfsight.com\/es\/business-hours-widget\/magento\/#breadcrumb","itemListElement":[{"@type":"ListItem","position":1,"name":"Home","item":"https:\/\/elfsight.com\/es\/"},{"@type":"ListItem","position":2,"name":"Business Hours","item":"https:\/\/elfsight.com\/es\/business-hours-widget\/"},{"@type":"ListItem","position":3,"name":"Business Hours &#8211; Magento"}]},{"@type":"WebSite","@id":"https:\/\/elfsight.com\/es\/#website","url":"https:\/\/elfsight.com\/es\/","name":"Elfsight ES","description":"Just another Elfsight Sites site","potentialAction":[{"@type":"SearchAction","target":{"@type":"EntryPoint","urlTemplate":"https:\/\/elfsight.com\/es\/?s={search_term_string}"},"query-input":{"@type":"PropertyValueSpecification","valueRequired":true,"valueName":"search_term_string"}}],"inLanguage":"es"}]}},"meta_box":{"industry":"","seo_heading":"","heading":"","description":"","cta_heading":"","cta_description":"","application":"4888","h1":"Extensi\u00f3n del horario comercial de Magento","h1_caption":"Informe a los clientes sobre su agenda y proporcione contactos.","application_category":[],"applications_title":"","applications_request_title":"","applications_request_button_text":"","hero_text":"","hero_video":"","hero_video_schema_markup":"","selling_points_title":"","selling_points_caption":"","selling_points":[],"selling_points_cta_text":"","features_title":"","features":"","ed_cta_examples_text":"","ed_cta_examples_hidden":"","ed_cta_demo_text":"","ed_cta_demo_hidden":"","why_caption":"","why_editor_title":"","why_editor_text":"","why_team_title":"","why_team_text":"","why_service_title":"","why_service_text":"","template_catalog_visible":"","template_catalog_title":"","template_catalog_text":"","template_catalog_categories_visible":"","demo_title":"Crea tu extensi\u00f3n de Horario Comercial","demo_caption":"\u00a1Configure su horario comercial y agr\u00e9guelo a su sitio web Magento gratis!","default_faq_hidden":"","app_template_category":[],"platform":"82","template_public_id":"","codecanyon_url":"","codecanyon_item_id":"","codecanyon_price":"","pricing_caption":"","pricing_elfsight_apps_hide_column":"","pricing_elfsight_apps_url":"","pricing_codecanyon_price_caption":"","integration_category":[],"integration_request_title":"","integration_request_cta":"","integration_platform":"","integrations":[],"platform_category":[],"video_schema_markup":"","price":"desde $0 \/ mes","trial":"","benefits":[{"text":"Servicio de instalaci\u00f3n gratuito"},{"text":"Atenci\u00f3n al cliente experimentada"},{"text":"Garant\u00eda de reembolso de 14 d\u00edas"},{"text":"Desarrollo continuo"}],"button_url":"#demo","button_target_blank":"","button_nofollow":"","attributes":[{"name":"Instalaciones","content":"10,000 - 100,000"},{"name":"Sensible","content":"S\u00ed"},{"name":"Navegadores compatibles","content":"Firefox, Safari, Opera, Chrome, Edge"}],"tags":[],"tags_disable_links":"","hide_more_platforms":"","video_object":"","demo_hide_cta":"","demo_hide_cloud_options":"","pricing_title":"","pricing":[{"pricing_icon":"platform","pricing_title":"Elfsight Apps","pricing_title_caption":"Software multiplataforma que se adapta a cualquier sitio web","pricing_price":"desde $0 \/ mes","pricing_price_caption":"comienza con un plan gratuito","pricing_benefits":[{"text":"Sitios web ilimitados"},{"text":"Soporte profesional"},{"text":"Soporte de instalaci\u00f3n gratuito"},{"text":"100% personalizable"}],"pricing_button_text":"A\u00f1adir al sitio web","pricing_button_url":"#demo"}],"related_apps_title":"","related_apps_hidden":"","author":"","image":[],"title":"","job":"","social_networks":[]},"_links":{"self":[{"href":"https:\/\/elfsight.com\/es\/wp-json\/wp\/v2\/pages\/5546","targetHints":{"allow":["GET"]}}],"collection":[{"href":"https:\/\/elfsight.com\/es\/wp-json\/wp\/v2\/pages"}],"about":[{"href":"https:\/\/elfsight.com\/es\/wp-json\/wp\/v2\/types\/page"}],"author":[{"embeddable":true,"href":"https:\/\/elfsight.com\/es\/wp-json\/wp\/v2\/users\/9"}],"replies":[{"embeddable":true,"href":"https:\/\/elfsight.com\/es\/wp-json\/wp\/v2\/comments?post=5546"}],"version-history":[{"count":2,"href":"https:\/\/elfsight.com\/es\/wp-json\/wp\/v2\/pages\/5546\/revisions"}],"predecessor-version":[{"id":19438,"href":"https:\/\/elfsight.com\/es\/wp-json\/wp\/v2\/pages\/5546\/revisions\/19438"}],"up":[{"embeddable":true,"href":"https:\/\/elfsight.com\/es\/wp-json\/wp\/v2\/pages\/4922"}],"wp:attachment":[{"href":"https:\/\/elfsight.com\/es\/wp-json\/wp\/v2\/media?parent=5546"}],"curies":[{"name":"wp","href":"https:\/\/api.w.org\/{rel}","templated":true}]}}