{"id":5539,"date":"1970-01-01T00:00:00","date_gmt":"1970-01-01T00:00:00","guid":{"rendered":"https:\/\/elfsight.com\/es\/?page_id=5539"},"modified":"2025-02-06T16:16:55","modified_gmt":"2025-02-06T16:16:55","slug":"jimdo","status":"publish","type":"page","link":"https:\/\/elfsight.com\/es\/business-hours-widget\/jimdo\/","title":{"rendered":"Business Hours &#8211; Jimdo"},"content":{"rendered":"<div class=\"application-platform-content-item-description application-platform-content-item\" id=\"description\" data-nav-section=\"description\"><h2>Integre el horario comercial en Jimdo con un widget de Elfsight<\/h2> <p>El horario comercial de Elfsight para Jimdo es un widget sencillo sin c\u00f3digo que le permite crear una tarjeta de presentaci\u00f3n atractiva con la informaci\u00f3n m\u00e1s importante sobre su trabajo. Puede agregar informaci\u00f3n sobre su estado laboral y proporcionar contactos para sus clientes. El widget le permite crear dise\u00f1os convenientes, para que los clientes puedan examinar r\u00e1pidamente toda la informaci\u00f3n necesaria en breve o con m\u00e1s detalle. <\/p><p>El maravilloso widget ofrece una serie de plantillas, para que puedas elegir la mejor opci\u00f3n para tu sitio web. Cada plantilla contiene configuraciones flexibles que le permiten desarrollar una soluci\u00f3n personalizada con elementos necesarios, como botones de pedido y registro, que aumentan las ventas. Agregar el horario laboral y los datos de contacto de su empresa a su sitio web es totalmente f\u00e1cil con Elfsight gracias a tutoriales e instrucciones claras. Cualquier usuario puede desarrollar y agregar el widget de horario comercial sin c\u00f3digo de forma gratuita<\/p> <p><b>Agregue detalles comerciales a su sitio web para mejorar las tasas de ventas y la lealtad del cliente. Proporcione informaci\u00f3n significativa sobre su actividad laboral de forma clara. <\/b><\/p> <p>Con este widget integrado en tu sitio web Jimdo, puedes hacer que tus clientes sean m\u00e1s conscientes de tus procesos comerciales y realicen m\u00e1s ventas. Preste atenci\u00f3n a algunos de los resultados positivos m\u00e1s evidentes para su sitio web despu\u00e9s de incorporarle el widget de marcos de trabajo sin c\u00f3digo. <\/p><ul><li><b>Permite que tus clientes lleguen siempre a tiempo. <\/b> Potenciar las ventas, estando en contacto constante dentro de los marcos de trabajo correspondientes. Los visitantes de su sitio web se preocupar\u00e1n por sus horarios de disponibilidad y ser\u00e1n m\u00e1s decisivos para realizar una compra exitosa cuando est\u00e9n listos. <\/li><li><b>Evita malentendidos sobre tu horario de trabajo. <\/b> Mostrar sus periodos de trabajo sencillos a los clientes en el sitio web har\u00e1 que se dediquen m\u00e1s a su marca, ya que podr\u00e1n planificar una reserva o una visita. <\/li><li><b>Muestra los contactos de forma c\u00f3moda. <\/b> Agregar la informaci\u00f3n de contacto a su widget de horario de atenci\u00f3n sin c\u00f3digo le permite crear una mejor comunicaci\u00f3n con su audiencia y acelerar las ventas. Demuestre que est\u00e1 aqu\u00ed para responder a sus consultas sobre los productos de su empresa. <\/li><\/ul><div class=\"faq\" data-component=\"FAQ\"><div class=\"faq-item\">\r\n\t\t\t\t\t<div class=\"faq-item-question\">\r\n\t\t\t\t\t\t<h3 class=\"faq-item-question-text\">\u00bfHay otros complementos para Jimdo que pueda incorporar a mi sitio?<\/h3>\r\n\r\n\t\t\t\t\t\t<div class=\"faq-item-question-icon\"><\/div>\r\n\t\t\t\t\t<\/div>\r\n\r\n\t\t\t\t\t<div class=\"faq-item-answer\">\r\n\t\t\t\t\t\t<div class=\"faq-item-answer-text\">Podemos ofrecerle muchos complementos para lograr cualquier tipo de objetivo en su sitio. Compru\u00e9balo t\u00fa mismo: <a href=\"https:\/\/elfsight.com\/google-reviews-widget\/jimdo\/\" target=\"_blank\" rel=\"noopener\">Rese\u00f1as de Google<\/a>, <a href=\"https:\/\/elfsight.com\/whatsapp-chat-widget\/jimdo\/\" target=\"_blank\" rel=\"noopener\">Chat de WhatsApp<\/a>, <a href=\"https:\/\/elfsight.com\/event-calendar-widget\/jimdo\/\" target=\"_blank\" rel=\"noopener\">Calendario de eventos<\/a>, <a href=\"https:\/\/elfsight.com\/countdown-timer-widget\/jimdo\/\" target=\"_blank\" rel=\"noopener\">Temporizador de cuenta atr\u00e1s<\/a>, <a href=\"https:\/\/elfsight.com\/qr-code-widget\/jimdo\/\" target=\"_blank\" rel=\"noopener\">C\u00f3digo QR<\/a>. <\/div>\r\n\t\t\t\t\t<\/div>\r\n\t\t\t\t<\/div><div class=\"faq-item\">\r\n\t\t\t\t\t<div class=\"faq-item-question\">\r\n\t\t\t\t\t\t<h3 class=\"faq-item-question-text\">\u00bfC\u00f3mo puedo beneficiarme del horario comercial en Jimdo?<\/h3>\r\n\r\n\t\t\t\t\t\t<div class=\"faq-item-question-icon\"><\/div>\r\n\t\t\t\t\t<\/div>\r\n\r\n\t\t\t\t\t<div class=\"faq-item-answer\">\r\n\t\t\t\t\t\t<div class=\"faq-item-answer-text\">Tienes muchos escenarios para mejorar las estad\u00edsticas de conversi\u00f3n y los resultados de ventas agregando un complemento de horario comercial. Con las plantillas de Elfsight para este interesante complemento para sitios, se pueden encontrar t\u00e1cticas comerciales personalizadas. Puede mostrar informaci\u00f3n ampliada sobre sus horas de operaci\u00f3n, simplemente incruste una barra de estado actual minimalista. Puede crear tarjetas de contacto con nuestro complemento Horario comercial y agregarlas a las \u00e1reas requeridas del sitio web para captar la atenci\u00f3n e informar a todos sobre su actividad para aumentar las ventas. <\/div>\r\n\t\t\t\t\t<\/div>\r\n\t\t\t\t<\/div><div class=\"faq-item\">\r\n\t\t\t\t\t<div class=\"faq-item-question\">\r\n\t\t\t\t\t\t<h3 class=\"faq-item-question-text\">\u00bfC\u00f3mo insertar un complemento de horario comercial sin c\u00f3digo de forma gratuita en los sitios web de Jimdo?<\/h3>\r\n\r\n\t\t\t\t\t\t<div class=\"faq-item-question-icon\"><\/div>\r\n\t\t\t\t\t<\/div>\r\n\r\n\t\t\t\t\t<div class=\"faq-item-answer\">\r\n\t\t\t\t\t\t<div class=\"faq-item-answer-text\">Incorporar un horario comercial en tu sitio web Jimdo es una excelente manera de mostrar a todos tu disponibilidad para realizar ventas. Encuentre breves tutoriales sobre c\u00f3mo agregar el complemento gratuito de horas de operaci\u00f3n sin c\u00f3digo a su sitio web. <ol><li>Cuando necesites incorporar un complemento de horario comercial de Elfsight en Jimdo, ve al sitio web de Elfsight y reg\u00edstrate. <\/li><li>Cree el complemento Horario comercial adaptando su apariencia y configuraci\u00f3n para que se adapte al dise\u00f1o de su sitio web. <\/li><li>Despu\u00e9s de crear su horario comercial sin c\u00f3digo de forma gratuita, copie el c\u00f3digo y p\u00e9guelo en su sitio web donde desea que se muestre el complemento. <\/li><\/ol>Al insertar tu horario comercial en tu sitio web Jimdo, seguramente mejorar\u00e1s su apariencia visual. \u00a1Experimenta los beneficios del horario comercial de Elfsight sin costo alguno para ti! <\/div>\r\n\t\t\t\t\t<\/div>\r\n\t\t\t\t<\/div><\/div><\/div> <div class=\"application-platform-content-item-features application-platform-content-item\" id=\"features\" data-nav-section=\"features\"> <h2>Estas son solo algunas de las m\u00faltiples caracter\u00edsticas del widget:<\/h2> <ul><li>Muestre el estado actual de su negocio<\/li><li>Ajuste del per\u00edodo de operaci\u00f3n f\u00e1cil de usar<\/li><li>Configuraci\u00f3n de eventos especiales<\/li><li>Estado de actividad en tiempo real<\/li><li>Gr\u00e1fico integrable o compacto status<\/li><\/ul><p><a href=\"#demo\">Simplemente mira esta demostraci\u00f3n para tener una idea completa<\/a><\/p><\/div> <div class=\"application-platform-content-item-installation application-platform-content-item\" id=\"installation\" data-nav-section=\"installation\"> <h2>\u00bfC\u00f3mo instalar Business Hours en mi sitio web Jimdo?<\/h2> <p>Simplemente sigue las instrucciones a continuaci\u00f3n para integrar el complemento con tu estado de actividad. <\/p> <ol><li><b>Utilice nuestro editor y comience a crear su complemento personalizado sin c\u00f3digo. <\/b><br> Encuentre la forma seleccionada y las caracter\u00edsticas del complemento y aplique las modificaciones. <\/li> <li><b>Adquiera el c\u00f3digo individual que se muestra en la ventana de Elfsight Apps. <\/b><br> Una vez finalizada la creaci\u00f3n de su aplicaci\u00f3n personal de horas de actividad sin c\u00f3digo, copie el c\u00f3digo exclusivo en la ventana emergente que aparece y gu\u00e1rdelo para usarlo en el futuro. <\/li> <li><b>Empiece a utilizar el complemento en la p\u00e1gina web de Jimdo. <\/b><br>Integre el c\u00f3digo copiado recientemente en su p\u00e1gina de inicio y aplique las mejoras. <\/li> <li><b>\u00a1Listo! La integraci\u00f3n de su Horario Comercial sin c\u00f3digo est\u00e1 completamente lograda. <\/b><br> Vaya a su sitio web para inspeccionar c\u00f3mo funciona la aplicaci\u00f3n de horarios de atenci\u00f3n. <\/li><\/ol> <p>Si encuentra alguna dificultad, escriba a nuestro equipo de soporte. Nuestra gente est\u00e1 deseando ayudarte con todas las dudas que puedas tener sobre el producto Jimdo. <\/p> <\/div>","protected":false},"excerpt":{"rendered":"","protected":false},"author":9,"featured_media":0,"parent":4922,"menu_order":0,"comment_status":"closed","ping_status":"closed","template":"templates\/template-application-platform.php","meta":{"publish_to_discourse":"","publish_post_category":"","wpdc_auto_publish_overridden":"","wpdc_topic_tags":"","wpdc_pin_topic":"","wpdc_pin_until":"","discourse_post_id":"","discourse_permalink":"","wpdc_publishing_response":"","wpdc_publishing_error":"","footnotes":""},"class_list":["post-5539","page","type-page","status-publish","hentry"],"yoast_head":"<!-- This site is optimized with the Yoast SEO plugin v25.3.1 - https:\/\/yoast.com\/wordpress\/plugins\/seo\/ -->\n<title>A\u00f1ade horario comercial a Jimdo: inserta horas de actividad r\u00e1pida gratis<\/title>\n<meta name=\"description\" content=\"Pon un widget de horario comercial ajustable en Jimdo para compartir tu estado laboral. Configure sus horas de trabajo personales con la demostraci\u00f3n.\" \/>\n<meta name=\"robots\" content=\"index, follow, max-snippet:-1, max-image-preview:large, max-video-preview:-1\" \/>\n<link rel=\"canonical\" href=\"https:\/\/elfsight.com\/es\/business-hours-widget\/jimdo\/\" \/>\n<meta property=\"og:locale\" content=\"es_ES\" \/>\n<meta property=\"og:type\" content=\"article\" \/>\n<meta property=\"og:title\" content=\"A\u00f1ade horario comercial a Jimdo: inserta horas de actividad r\u00e1pida gratis\" \/>\n<meta property=\"og:description\" content=\"Pon un widget de horario comercial ajustable en Jimdo para compartir tu estado laboral. Configure sus horas de trabajo personales con la demostraci\u00f3n.\" \/>\n<meta property=\"og:url\" content=\"https:\/\/elfsight.com\/es\/business-hours-widget\/jimdo\/\" \/>\n<meta property=\"og:site_name\" content=\"Elfsight ES\" \/>\n<meta property=\"article:modified_time\" content=\"2025-02-06T16:16:55+00:00\" \/>\n<meta name=\"twitter:card\" content=\"summary_large_image\" \/>\n<meta name=\"twitter:label1\" content=\"Tiempo de lectura\" \/>\n\t<meta name=\"twitter:data1\" content=\"5 minutos\" \/>\n<!-- \/ Yoast SEO plugin. -->","yoast_head_json":{"title":"A\u00f1ade horario comercial a Jimdo: inserta horas de actividad r\u00e1pida gratis","description":"Pon un widget de horario comercial ajustable en Jimdo para compartir tu estado laboral. Configure sus horas de trabajo personales con la demostraci\u00f3n.","robots":{"index":"index","follow":"follow","max-snippet":"max-snippet:-1","max-image-preview":"max-image-preview:large","max-video-preview":"max-video-preview:-1"},"canonical":"https:\/\/elfsight.com\/es\/business-hours-widget\/jimdo\/","og_locale":"es_ES","og_type":"article","og_title":"A\u00f1ade horario comercial a Jimdo: inserta horas de actividad r\u00e1pida gratis","og_description":"Pon un widget de horario comercial ajustable en Jimdo para compartir tu estado laboral. Configure sus horas de trabajo personales con la demostraci\u00f3n.","og_url":"https:\/\/elfsight.com\/es\/business-hours-widget\/jimdo\/","og_site_name":"Elfsight ES","article_modified_time":"2025-02-06T16:16:55+00:00","twitter_card":"summary_large_image","twitter_misc":{"Tiempo de lectura":"5 minutos"},"schema":{"@context":"https:\/\/schema.org","@graph":[{"@type":"WebPage","@id":"https:\/\/elfsight.com\/es\/business-hours-widget\/jimdo\/","url":"https:\/\/elfsight.com\/es\/business-hours-widget\/jimdo\/","name":"A\u00f1ade horario comercial a Jimdo: inserta horas de actividad r\u00e1pida gratis","isPartOf":{"@id":"https:\/\/elfsight.com\/es\/#website"},"datePublished":"1970-01-01T00:00:00+00:00","dateModified":"2025-02-06T16:16:55+00:00","description":"Pon un widget de horario comercial ajustable en Jimdo para compartir tu estado laboral. Configure sus horas de trabajo personales con la demostraci\u00f3n.","breadcrumb":{"@id":"https:\/\/elfsight.com\/es\/business-hours-widget\/jimdo\/#breadcrumb"},"inLanguage":"es","potentialAction":[{"@type":"ReadAction","target":["https:\/\/elfsight.com\/es\/business-hours-widget\/jimdo\/"]}]},{"@type":"BreadcrumbList","@id":"https:\/\/elfsight.com\/es\/business-hours-widget\/jimdo\/#breadcrumb","itemListElement":[{"@type":"ListItem","position":1,"name":"Home","item":"https:\/\/elfsight.com\/es\/"},{"@type":"ListItem","position":2,"name":"Business Hours","item":"https:\/\/elfsight.com\/es\/business-hours-widget\/"},{"@type":"ListItem","position":3,"name":"Business Hours &#8211; Jimdo"}]},{"@type":"WebSite","@id":"https:\/\/elfsight.com\/es\/#website","url":"https:\/\/elfsight.com\/es\/","name":"Elfsight ES","description":"Just another Elfsight Sites site","potentialAction":[{"@type":"SearchAction","target":{"@type":"EntryPoint","urlTemplate":"https:\/\/elfsight.com\/es\/?s={search_term_string}"},"query-input":{"@type":"PropertyValueSpecification","valueRequired":true,"valueName":"search_term_string"}}],"inLanguage":"es"}]}},"meta_box":{"industry":"","seo_heading":"","heading":"","description":"","cta_heading":"","cta_description":"","application":"4888","h1":"Widget de horario comercial de Jimdo","h1_caption":"Informar a los clientes sobre su disponibilidad y compartir contactos","application_category":[],"applications_title":"","applications_request_title":"","applications_request_button_text":"","hero_text":"","hero_video":"","hero_video_schema_markup":"","selling_points_title":"","selling_points_caption":"","selling_points":[],"selling_points_cta_text":"","features_title":"","features":"","ed_cta_examples_text":"","ed_cta_examples_hidden":"","ed_cta_demo_text":"","ed_cta_demo_hidden":"","why_caption":"","why_editor_title":"","why_editor_text":"","why_team_title":"","why_team_text":"","why_service_title":"","why_service_text":"","template_catalog_visible":"","template_catalog_title":"","template_catalog_text":"","template_catalog_categories_visible":"","demo_title":"Crea tu widget de horario comercial","demo_caption":"\u00a1Configura tu horario comercial y a\u00f1\u00e1delo a tu sitio web Jimdo gratis!","default_faq_hidden":"","app_template_category":[],"platform":"2198","template_public_id":"","codecanyon_url":"","codecanyon_item_id":"","codecanyon_price":"","pricing_caption":"","pricing_elfsight_apps_hide_column":"","pricing_elfsight_apps_url":"","pricing_codecanyon_price_caption":"","integration_category":[],"integration_request_title":"","integration_request_cta":"","integration_platform":"","integrations":[],"platform_category":[],"video_schema_markup":"","price":"desde $0 \/ mes","trial":"","benefits":[{"text":"Servicio de instalaci\u00f3n gratuito"},{"text":"Atenci\u00f3n al cliente experimentada"},{"text":"Garant\u00eda de reembolso de 14 d\u00edas"},{"text":"Actualizaciones continuas"}],"button_url":"#demo","button_target_blank":"","button_nofollow":"","attributes":[{"name":"Instalaciones","content":"10,000 - 100,000"},{"name":"Sensible","content":"S\u00ed"},{"name":"Navegadores compatibles","content":"Firefox, Safari, Opera, Chrome, Edge"}],"tags":[],"tags_disable_links":"","hide_more_platforms":"","video_object":"","demo_hide_cta":"","demo_hide_cloud_options":"","pricing_title":"","pricing":[{"pricing_icon":"platform","pricing_title":"Elfsight Apps","pricing_title_caption":"Versi\u00f3n independiente de la plataforma que se adapta a cualquier sitio web","pricing_price":"desde $0 \/ mes","pricing_price_caption":"comienza con un plan gratuito","pricing_benefits":[{"text":"Sitios web ilimitados"},{"text":"Soporte gratuito y puntual"},{"text":"Ayuda de instalaci\u00f3n gratuita"},{"text":"Totalmente personalizable"}],"pricing_button_text":"A\u00f1adir al sitio web","pricing_button_url":"#demo"}],"related_apps_title":"","related_apps_hidden":"","author":"","image":[],"title":"","job":"","social_networks":[]},"_links":{"self":[{"href":"https:\/\/elfsight.com\/es\/wp-json\/wp\/v2\/pages\/5539","targetHints":{"allow":["GET"]}}],"collection":[{"href":"https:\/\/elfsight.com\/es\/wp-json\/wp\/v2\/pages"}],"about":[{"href":"https:\/\/elfsight.com\/es\/wp-json\/wp\/v2\/types\/page"}],"author":[{"embeddable":true,"href":"https:\/\/elfsight.com\/es\/wp-json\/wp\/v2\/users\/9"}],"replies":[{"embeddable":true,"href":"https:\/\/elfsight.com\/es\/wp-json\/wp\/v2\/comments?post=5539"}],"version-history":[{"count":2,"href":"https:\/\/elfsight.com\/es\/wp-json\/wp\/v2\/pages\/5539\/revisions"}],"predecessor-version":[{"id":19441,"href":"https:\/\/elfsight.com\/es\/wp-json\/wp\/v2\/pages\/5539\/revisions\/19441"}],"up":[{"embeddable":true,"href":"https:\/\/elfsight.com\/es\/wp-json\/wp\/v2\/pages\/4922"}],"wp:attachment":[{"href":"https:\/\/elfsight.com\/es\/wp-json\/wp\/v2\/media?parent=5539"}],"curies":[{"name":"wp","href":"https:\/\/api.w.org\/{rel}","templated":true}]}}