{"id":5538,"date":"1970-01-01T00:00:00","date_gmt":"1970-01-01T00:00:00","guid":{"rendered":"https:\/\/elfsight.com\/es\/?page_id=5538"},"modified":"2025-02-06T16:16:55","modified_gmt":"2025-02-06T16:16:55","slug":"iframe","status":"publish","type":"page","link":"https:\/\/elfsight.com\/es\/business-hours-widget\/iframe\/","title":{"rendered":"Business Hours &#8211; iFrame"},"content":{"rendered":"<div class=\"application-platform-content-item-description application-platform-content-item\" id=\"description\" data-nav-section=\"description\"> <h2>Integre el horario comercial en iFrame con un widget de Elfsight<\/h2> <p>El horario comercial de Elfsight para iFrame es un widget simple sin c\u00f3digo que le permite proyectar una bonita tarjeta de presentaci\u00f3n con los datos m\u00e1s importantes relacionados con su organizaci\u00f3n. Puede incluir informaci\u00f3n sobre el estado de su negocio y proporcionar contactos para su audiencia. El widget le permite proyectar dise\u00f1os f\u00e1ciles de usar, para que los clientes puedan encontrar f\u00e1cilmente toda la informaci\u00f3n necesaria de forma breve o m\u00e1s detallada. <\/p><p>El excelente widget tiene una variedad de plantillas, para que puedas elegir la opci\u00f3n m\u00e1s eficiente para tu sitio. Cada plantilla presenta configuraciones ajustables que le permiten desarrollar un widget personalizado con elementos necesarios, como botones de chat y compartir, que aumentan las ventas. Agregar el horario laboral y la informaci\u00f3n de contacto de su empresa a su sitio web es muy f\u00e1cil con Elfsight gracias a tutoriales e instrucciones f\u00e1ciles de seguir. Cualquier usuario puede crear e incrustar el widget de horario comercial sin c\u00f3digo de forma gratuita<\/p> <p><b>Incorpore detalles comerciales en su sitio web para aumentar las tasas de ventas y la lealtad de los clientes. Comparta informaci\u00f3n clave sobre su actividad laboral f\u00e1cilmente con el widget de Elfsight. <\/b><\/p> <p>Con este widget agregado a su sitio web iFrame, puede hacer que su audiencia est\u00e9 m\u00e1s informada sobre su negocio y generar m\u00e1s ventas. Conozca algunos de los beneficios clave para su sitio web despu\u00e9s de incorporarle los per\u00edodos de trabajo gratuitos. <\/p><ul><li><b>Permite que los clientes lleguen siempre a tiempo.<\/b> Potencia las ventas, estando constantemente en contacto en el horario laboral indicado. Los visitantes de su sitio web notar\u00e1n su disponibilidad y tendr\u00e1n m\u00e1s confianza para realizar una compra exitosa cuando lo necesiten. <\/li><li><b>Evite malentendidos sobre sus horarios de trabajo.<\/b> Mostrar sus marcos laborales decentes a los clientes en el sitio web har\u00e1 que se dediquen m\u00e1s a su empresa, ya que podr\u00e1n planificar una reserva o una visita. <\/li><li><b>Muestre la informaci\u00f3n de contacto de una manera conveniente.<\/b> Agregar la informaci\u00f3n de contacto a su widget de horario de atenci\u00f3n sin c\u00f3digo le permite establecer una mejor comunicaci\u00f3n con sus clientes y acelerar las ventas. Demuestre que est\u00e1 listo para responder sus inquietudes acerca de que los productos y servicios de su empresa generen m\u00e1s confianza y prestigio. <\/li><\/ul><div class=\"faq\" data-component=\"FAQ\"><div class=\"faq-item\">\r\n\t\t\t\t\t<div class=\"faq-item-question\">\r\n\t\t\t\t\t\t<h3 class=\"faq-item-question-text\">\u00bfTiene alg\u00fan otro complemento para iFrame que pueda agregar a mi sitio web?<\/h3>\r\n\r\n\t\t\t\t\t\t<div class=\"faq-item-question-icon\"><\/div>\r\n\t\t\t\t\t<\/div>\r\n\r\n\t\t\t\t\t<div class=\"faq-item-answer\">\r\n\t\t\t\t\t\t<div class=\"faq-item-answer-text\">Podemos proporcionarle muchos complementos para que pueda realizar cualquier tipo de tarea en su sitio web y aumentar sus ventas. A continuaci\u00f3n se muestran algunos ejemplos: <a href=\"https:\/\/elfsight.com\/google-reviews-widget\/iframe\/\" target=\"_blank\" rel=\"noopener\">Rese\u00f1as de Google<\/a>, <a href=\"https:\/\/elfsight.com\/whatsapp-chat-widget\/iframe\/\" target=\"_blank\" rel=\"noopener\">Chat de WhatsApp<\/a>, <a href=\"https:\/\/elfsight.com\/event-calendar-widget\/iframe\/\" target=\"_blank\" rel=\"noopener\">Calendario de eventos<\/a>, <a href=\"https:\/\/elfsight.com\/countdown-timer-widget\/iframe\/\" target=\"_blank\" rel=\"noopener\">Temporizador de cuenta atr\u00e1s<\/a>, <a href=\"https:\/\/elfsight.com\/qr-code-widget\/iframe\/\" target=\"_blank\" rel=\"noopener\">C\u00f3digo QR<\/a>. <\/div>\r\n\t\t\t\t\t<\/div>\r\n\t\t\t\t<\/div><div class=\"faq-item\">\r\n\t\t\t\t\t<div class=\"faq-item-question\">\r\n\t\t\t\t\t\t<h3 class=\"faq-item-question-text\">\u00bfC\u00f3mo puedo beneficiarme del horario comercial en iFrame?<\/h3>\r\n\r\n\t\t\t\t\t\t<div class=\"faq-item-question-icon\"><\/div>\r\n\t\t\t\t\t<\/div>\r\n\r\n\t\t\t\t\t<div class=\"faq-item-answer\">\r\n\t\t\t\t\t\t<div class=\"faq-item-answer-text\">Hay muchas maneras de mejorar las estad\u00edsticas de conversi\u00f3n y los indicadores de ventas del sitio web agregando un complemento de horario comercial. Con las plantillas de Elfsight para este fant\u00e1stico complemento para sitios web, uno puede elegir t\u00e1cticas de promoci\u00f3n personales. Puede mostrar informaci\u00f3n ampliada sobre sus horarios de atenci\u00f3n y las formas de establecer comunicaci\u00f3n con usted o simplemente insertar una peque\u00f1a barra de estado actual. Puede crear tarjetas de contacto con su complemento de Horario comercial y agregarlas a las p\u00e1ginas requeridas del sitio web para atraer la atenci\u00f3n e informar a los visitantes sobre su actividad. <\/div>\r\n\t\t\t\t\t<\/div>\r\n\t\t\t\t<\/div><div class=\"faq-item\">\r\n\t\t\t\t\t<div class=\"faq-item-question\">\r\n\t\t\t\t\t\t<h3 class=\"faq-item-question-text\">\u00bfC\u00f3mo insertar el horario comercial de forma gratuita en sitios web iFrame?<\/h3>\r\n\r\n\t\t\t\t\t\t<div class=\"faq-item-question-icon\"><\/div>\r\n\t\t\t\t\t<\/div>\r\n\r\n\t\t\t\t\t<div class=\"faq-item-answer\">\r\n\t\t\t\t\t\t<div class=\"faq-item-answer-text\">Incorporar un complemento de horario comercial en su sitio web iFrame es una forma sencilla de atraer nuevos clientes e informarles sobre su disposici\u00f3n para realizar ventas o prestar servicios. Encuentre algunos tutoriales sobre c\u00f3mo agregar el complemento de horas de operaci\u00f3n sin c\u00f3digo a su sitio web. <ol><li>Cuando necesite incorporar un horario comercial de Elfsight de forma gratuita en iFrame, vaya al sitio web de Elfsight y reg\u00edstrese. <\/li><li>Cree el horario comercial gratuito adaptando su apariencia y configuraci\u00f3n para que coincida con el tema de su sitio web iFrame. <\/li><li>Despu\u00e9s de personalizar su horario comercial, copie el fragmento de c\u00f3digo generado y p\u00e9guelo en su sitio web iFrame donde desea que funcione el complemento. <\/li><\/ol>Al insertar su horario comercial en su sitio web iFrame, seguramente elevar\u00e1 su apariencia visual y motivar\u00e1 una lealtad sostenible de los visitantes. \u00a1Siente los beneficios del Horario Comercial de Elfsight sin costo alguno para ti! <\/div>\r\n\t\t\t\t\t<\/div>\r\n\t\t\t\t<\/div><\/div><\/div><div class=\"application-platform-content-item-features application-platform-content-item\" id=\"features\" data-nav-section=\"features\"> <h2>El widget incluye funciones valiosas y sencillas, estas son algunas de ellas:<\/h2> <ul><li>Muestra el estado actual de tu empresa<\/li><li>F\u00e1cil ajuste del horario de trabajo <\/li><li>Configuraci\u00f3n de ocasiones especiales<\/li><li>Situaci\u00f3n en tiempo real indicaci\u00f3n<\/li><li>Tabla integrable o estado de uso eficiente del espacio<\/li><\/ul><p><a href=\"#demo\">Simplemente pruebe esta demostraci\u00f3n para tener una idea completa<\/a><\/p><\/div> <div class=\"application-platform-content-item-installation application-platform-content-item\" id=\"installation\" data-nav-section=\"installation\"> <h2>\u00bfC\u00f3mo incorporo el horario comercial en mi sitio web iFrame?<\/h2> <p>Simplemente siga las siguientes pautas para incruste el complemento con sus turnos de trabajo.<\/p> <ol><li><b>Emplee nuestro editor y comience a darle forma a su propio complemento sin c\u00f3digo.<\/b><br> Encuentre el aspecto y las caracter\u00edsticas deseables de la aplicaci\u00f3n y guarde las ediciones. <\/li> <li><b>Obtenga el c\u00f3digo individual revelado en la ventana de Elfsight Apps.<\/b><br> Una vez completada la configuraci\u00f3n de su complemento personal de horas de operaci\u00f3n sin c\u00f3digo, copie el c\u00f3digo individual de la ventana emergente que aparece y gu\u00e1rdelo para futuras ocasiones. <\/li> <li><b>Inicie la aplicaci\u00f3n del complemento en su p\u00e1gina web iFrame.<\/b><br> Integre el c\u00f3digo que ha guardado antes en su p\u00e1gina de inicio y guarde las modificaciones. <\/li> <li><b>\u00a1Listo! La integraci\u00f3n de su horario comercial sin c\u00f3digo en el sitio web se realiza por completo.<\/b><br> Visite su sitio web para ver el trabajo del complemento de horario de operaci\u00f3n agregado. <\/li><\/ol> <p>En caso de tener consultas o encontrar alg\u00fan problema, comun\u00edquese con nuestro personal de soporte. Nuestros asesores estar\u00e1n encantados de resolver todas las dudas que puedas tener con el plugin para iFrame. <\/p> <\/div>","protected":false},"excerpt":{"rendered":"","protected":false},"author":9,"featured_media":0,"parent":4922,"menu_order":0,"comment_status":"closed","ping_status":"closed","template":"templates\/template-application-platform.php","meta":{"publish_to_discourse":"","publish_post_category":"","wpdc_auto_publish_overridden":"","wpdc_topic_tags":"","wpdc_pin_topic":"","wpdc_pin_until":"","discourse_post_id":"","discourse_permalink":"","wpdc_publishing_response":"","wpdc_publishing_error":"","footnotes":""},"class_list":["post-5538","page","type-page","status-publish","hentry"],"yoast_head":"<!-- This site is optimized with the Yoast SEO plugin v25.3.1 - https:\/\/yoast.com\/wordpress\/plugins\/seo\/ -->\n<title>Agregue horario comercial a iFrame: incorpore horarios de trabajo r\u00e1pidos en el sitio<\/title>\n<meta name=\"description\" content=\"Integre un widget de horario comercial personalizado en iFrame para compartir el estado de su actividad. Cree su widget de horario de atenci\u00f3n personal en la demostraci\u00f3n.\" \/>\n<meta name=\"robots\" content=\"index, follow, max-snippet:-1, max-image-preview:large, max-video-preview:-1\" \/>\n<link rel=\"canonical\" href=\"https:\/\/elfsight.com\/es\/business-hours-widget\/iframe\/\" \/>\n<meta property=\"og:locale\" content=\"es_ES\" \/>\n<meta property=\"og:type\" content=\"article\" \/>\n<meta property=\"og:title\" content=\"Agregue horario comercial a iFrame: incorpore horarios de trabajo r\u00e1pidos en el sitio\" \/>\n<meta property=\"og:description\" content=\"Integre un widget de horario comercial personalizado en iFrame para compartir el estado de su actividad. Cree su widget de horario de atenci\u00f3n personal en la demostraci\u00f3n.\" \/>\n<meta property=\"og:url\" content=\"https:\/\/elfsight.com\/es\/business-hours-widget\/iframe\/\" \/>\n<meta property=\"og:site_name\" content=\"Elfsight ES\" \/>\n<meta property=\"article:modified_time\" content=\"2025-02-06T16:16:55+00:00\" \/>\n<meta name=\"twitter:card\" content=\"summary_large_image\" \/>\n<meta name=\"twitter:label1\" content=\"Tiempo de lectura\" \/>\n\t<meta name=\"twitter:data1\" content=\"5 minutos\" \/>\n<!-- \/ Yoast SEO plugin. -->","yoast_head_json":{"title":"Agregue horario comercial a iFrame: incorpore horarios de trabajo r\u00e1pidos en el sitio","description":"Integre un widget de horario comercial personalizado en iFrame para compartir el estado de su actividad. Cree su widget de horario de atenci\u00f3n personal en la demostraci\u00f3n.","robots":{"index":"index","follow":"follow","max-snippet":"max-snippet:-1","max-image-preview":"max-image-preview:large","max-video-preview":"max-video-preview:-1"},"canonical":"https:\/\/elfsight.com\/es\/business-hours-widget\/iframe\/","og_locale":"es_ES","og_type":"article","og_title":"Agregue horario comercial a iFrame: incorpore horarios de trabajo r\u00e1pidos en el sitio","og_description":"Integre un widget de horario comercial personalizado en iFrame para compartir el estado de su actividad. Cree su widget de horario de atenci\u00f3n personal en la demostraci\u00f3n.","og_url":"https:\/\/elfsight.com\/es\/business-hours-widget\/iframe\/","og_site_name":"Elfsight ES","article_modified_time":"2025-02-06T16:16:55+00:00","twitter_card":"summary_large_image","twitter_misc":{"Tiempo de lectura":"5 minutos"},"schema":{"@context":"https:\/\/schema.org","@graph":[{"@type":"WebPage","@id":"https:\/\/elfsight.com\/es\/business-hours-widget\/iframe\/","url":"https:\/\/elfsight.com\/es\/business-hours-widget\/iframe\/","name":"Agregue horario comercial a iFrame: incorpore horarios de trabajo r\u00e1pidos en el sitio","isPartOf":{"@id":"https:\/\/elfsight.com\/es\/#website"},"datePublished":"1970-01-01T00:00:00+00:00","dateModified":"2025-02-06T16:16:55+00:00","description":"Integre un widget de horario comercial personalizado en iFrame para compartir el estado de su actividad. Cree su widget de horario de atenci\u00f3n personal en la demostraci\u00f3n.","breadcrumb":{"@id":"https:\/\/elfsight.com\/es\/business-hours-widget\/iframe\/#breadcrumb"},"inLanguage":"es","potentialAction":[{"@type":"ReadAction","target":["https:\/\/elfsight.com\/es\/business-hours-widget\/iframe\/"]}]},{"@type":"BreadcrumbList","@id":"https:\/\/elfsight.com\/es\/business-hours-widget\/iframe\/#breadcrumb","itemListElement":[{"@type":"ListItem","position":1,"name":"Home","item":"https:\/\/elfsight.com\/es\/"},{"@type":"ListItem","position":2,"name":"Business Hours","item":"https:\/\/elfsight.com\/es\/business-hours-widget\/"},{"@type":"ListItem","position":3,"name":"Business Hours &#8211; iFrame"}]},{"@type":"WebSite","@id":"https:\/\/elfsight.com\/es\/#website","url":"https:\/\/elfsight.com\/es\/","name":"Elfsight ES","description":"Just another Elfsight Sites site","potentialAction":[{"@type":"SearchAction","target":{"@type":"EntryPoint","urlTemplate":"https:\/\/elfsight.com\/es\/?s={search_term_string}"},"query-input":{"@type":"PropertyValueSpecification","valueRequired":true,"valueName":"search_term_string"}}],"inLanguage":"es"}]}},"meta_box":{"industry":"","seo_heading":"","heading":"","description":"","cta_heading":"","cta_description":"","application":"4888","h1":"Widget de horario comercial de iFrame","h1_caption":"Informe a los clientes sobre su accesibilidad y comparta datos de contacto","application_category":[],"applications_title":"","applications_request_title":"","applications_request_button_text":"","hero_text":"","hero_video":"","hero_video_schema_markup":"","selling_points_title":"","selling_points_caption":"","selling_points":[],"selling_points_cta_text":"","features_title":"","features":"","ed_cta_examples_text":"","ed_cta_examples_hidden":"","ed_cta_demo_text":"","ed_cta_demo_hidden":"","why_caption":"","why_editor_title":"","why_editor_text":"","why_team_title":"","why_team_text":"","why_service_title":"","why_service_text":"","template_catalog_visible":"","template_catalog_title":"","template_catalog_text":"","template_catalog_categories_visible":"","demo_title":"Crea tu widget de horario comercial","demo_caption":"\u00a1Configure su horario comercial y agr\u00e9guelo a su sitio web iFrame gratis!","default_faq_hidden":"","app_template_category":[],"platform":"2192","template_public_id":"","codecanyon_url":"","codecanyon_item_id":"","codecanyon_price":"","pricing_caption":"","pricing_elfsight_apps_hide_column":"","pricing_elfsight_apps_url":"","pricing_codecanyon_price_caption":"","integration_category":[],"integration_request_title":"","integration_request_cta":"","integration_platform":"","integrations":[],"platform_category":[],"video_schema_markup":"","price":"desde $0 \/ mes","trial":"","benefits":[{"text":"Asistencia de instalaci\u00f3n gratuita"},{"text":"Soporte premium"},{"text":"Garant\u00eda de devoluci\u00f3n de dinero de 14 d\u00edas"},{"text":"Mejoras continuas"}],"button_url":"#demo","button_target_blank":"","button_nofollow":"","attributes":[{"name":"Instalaciones","content":"10,000 - 100,000"},{"name":"Sensible","content":"S\u00ed"},{"name":"Navegadores compatibles","content":"Firefox, Safari, Opera, Chrome, Edge"}],"tags":[],"tags_disable_links":"","hide_more_platforms":"","video_object":"","demo_hide_cta":"","demo_hide_cloud_options":"","pricing_title":"","pricing":[{"pricing_icon":"platform","pricing_title":"Elfsight Apps","pricing_title_caption":"Soluci\u00f3n multiplataforma","pricing_price":"desde $0 \/ mes","pricing_price_caption":"comienza con un plan gratuito","pricing_benefits":[{"text":"Sitios web ilimitados"},{"text":"Soporte r\u00e1pido y puntual"},{"text":"Ayuda de instalaci\u00f3n gratuita"},{"text":"Totalmente personalizable"}],"pricing_button_text":"A\u00f1adir al sitio web","pricing_button_url":"#demo"}],"related_apps_title":"","related_apps_hidden":"","author":"","image":[],"title":"","job":"","social_networks":[]},"_links":{"self":[{"href":"https:\/\/elfsight.com\/es\/wp-json\/wp\/v2\/pages\/5538","targetHints":{"allow":["GET"]}}],"collection":[{"href":"https:\/\/elfsight.com\/es\/wp-json\/wp\/v2\/pages"}],"about":[{"href":"https:\/\/elfsight.com\/es\/wp-json\/wp\/v2\/types\/page"}],"author":[{"embeddable":true,"href":"https:\/\/elfsight.com\/es\/wp-json\/wp\/v2\/users\/9"}],"replies":[{"embeddable":true,"href":"https:\/\/elfsight.com\/es\/wp-json\/wp\/v2\/comments?post=5538"}],"version-history":[{"count":2,"href":"https:\/\/elfsight.com\/es\/wp-json\/wp\/v2\/pages\/5538\/revisions"}],"predecessor-version":[{"id":19442,"href":"https:\/\/elfsight.com\/es\/wp-json\/wp\/v2\/pages\/5538\/revisions\/19442"}],"up":[{"embeddable":true,"href":"https:\/\/elfsight.com\/es\/wp-json\/wp\/v2\/pages\/4922"}],"wp:attachment":[{"href":"https:\/\/elfsight.com\/es\/wp-json\/wp\/v2\/media?parent=5538"}],"curies":[{"name":"wp","href":"https:\/\/api.w.org\/{rel}","templated":true}]}}