{"id":5533,"date":"1970-01-01T00:00:00","date_gmt":"1970-01-01T00:00:00","guid":{"rendered":"https:\/\/elfsight.com\/es\/?page_id=5533"},"modified":"2025-02-06T16:16:55","modified_gmt":"2025-02-06T16:16:55","slug":"html","status":"publish","type":"page","link":"https:\/\/elfsight.com\/es\/business-hours-widget\/html\/","title":{"rendered":"Business Hours &#8211; HTML"},"content":{"rendered":"<div class=\"application-platform-content-item-description application-platform-content-item\" id=\"description\" data-nav-section=\"description\"> <h2>Integre el horario comercial en HTML con un widget de Elfsight<\/h2> <p>El horario comercial de Elfsight para HTML es un widget simple sin c\u00f3digo que le permite crear una tarjeta de presentaci\u00f3n atractiva con los datos m\u00e1s importantes sobre su actividad. Puede incluir informaci\u00f3n sobre su estado operativo actual y proporcionar contactos para sus clientes. El widget le permite inventar dise\u00f1os atractivos, para que los clientes puedan explorar f\u00e1cilmente todos los datos necesarios de forma breve o con m\u00e1s detalle. <\/p><p>El fant\u00e1stico widget tiene varias plantillas, por lo que puedes elegir la opci\u00f3n m\u00e1s eficiente para tu sitio. Cada plantilla contiene varias configuraciones para ayudarlo a crear un widget personalizado con los elementos necesarios, como botones de pedido y registro, que mejoran las ventas. Agregar el horario laboral y los datos de contacto de su empresa a las p\u00e1ginas de su sitio web es muy f\u00e1cil con Elfsight gracias a gu\u00edas y tutoriales sencillos. Cualquier usuario puede crear y agregar el widget de horario de atenci\u00f3n sin c\u00f3digo de forma gratuita<\/p> <p><b>Agregue detalles comerciales a su sitio web para aumentar las ventas y la lealtad de los clientes. Comparta informaci\u00f3n importante sobre su actividad laboral claramente con el widget. <\/b><\/p> <p>Con este widget integrado en su sitio web HTML, puede hacer que sus clientes sean m\u00e1s conscientes de sus procesos comerciales y realicen ventas regulares. Explore algunos de los principales resultados positivos para su sitio web al agregarle el widget de horas de trabajo sin c\u00f3digo.<\/p><ul><li><b>Permita que sus clientes lleguen siempre a tiempo.<\/b> Aumente las ventas al estar siempre presente en las horas de operaci\u00f3n indicadas. Los visitantes de su sitio web recordar\u00e1n su horario de atenci\u00f3n y tendr\u00e1n m\u00e1s confianza para realizar una compra exitosa cuando sea necesario. <\/li><li><b>Evite malentendidos sobre sus horarios de atenci\u00f3n.<\/b> Proporcionar sus horarios de trabajo claros a los clientes en el sitio web har\u00e1 que se dediquen m\u00e1s a su marca, ya que podr\u00e1n planificar una reserva o una visita. <\/li><li><b>Muestre los datos de contacto de forma visible.<\/b> Agregar los datos de contacto a su widget de Horario comercial sin c\u00f3digo le permite establecer una mejor comunicaci\u00f3n con los visitantes de su sitio web y acelerar las ventas. Demuestre que est\u00e1 aqu\u00ed para responder sus consultas sobre los productos y servicios de su empresa, lo que generar\u00e1 m\u00e1s confianza y mejores ventas. <\/li><\/ul><div class=\"faq\" data-component=\"FAQ\"><div class=\"faq-item\">\r\n\t\t\t\t\t<div class=\"faq-item-question\">\r\n\t\t\t\t\t\t<h3 class=\"faq-item-question-text\">\u00bfHay otros complementos para HTML que pueda agregar a mi sitio web?<\/h3>\r\n\r\n\t\t\t\t\t\t<div class=\"faq-item-question-icon\"><\/div>\r\n\t\t\t\t\t<\/div>\r\n\r\n\t\t\t\t\t<div class=\"faq-item-answer\">\r\n\t\t\t\t\t\t<div class=\"faq-item-answer-text\">Podemos proporcionarle muchos complementos para que pueda realizar cualquier tipo de tarea en su sitio web. Compru\u00e9balo t\u00fa mismo: <a href=\"https:\/\/elfsight.com\/google-reviews-widget\/html\/\" target=\"_blank\" rel=\"noopener\">Rese\u00f1as de Google<\/a>, <a href=\"https:\/\/elfsight.com\/whatsapp-chat-widget\/html\/\" target=\"_blank\" rel=\"noopener\">Chat de WhatsApp<\/a>, <a href=\"https:\/\/elfsight.com\/event-calendar-widget\/html\/\" target=\"_blank\" rel=\"noopener\">Calendario de eventos<\/a>, <a href=\"https:\/\/elfsight.com\/countdown-timer-widget\/html\/\" target=\"_blank\" rel=\"noopener\">Temporizador de cuenta regresiva<\/a>, <a href=\"https:\/\/elfsight.com\/qr-code-widget\/html\/\" target=\"_blank\" rel=\"noopener\">C\u00f3digo QR<\/a>.<\/div>\r\n\t\t\t\t\t<\/div>\r\n\t\t\t\t<\/div><div class=\"faq-item\">\r\n\t\t\t\t\t<div class=\"faq-item-question\">\r\n\t\t\t\t\t\t<h3 class=\"faq-item-question-text\">\u00bfC\u00f3mo puedo lograr resultados con el horario comercial en HTML?<\/h3>\r\n\r\n\t\t\t\t\t\t<div class=\"faq-item-question-icon\"><\/div>\r\n\t\t\t\t\t<\/div>\r\n\r\n\t\t\t\t\t<div class=\"faq-item-answer\">\r\n\t\t\t\t\t\t<div class=\"faq-item-answer-text\">Hay muchas maneras de mejorar las estad\u00edsticas de conversi\u00f3n y los resultados de ventas agregando un complemento de horario comercial. Con las plantillas de Elfsight para este interesante complemento para sitios web, es posible crear una estrategia comercial personal. Puede mostrar informaci\u00f3n sobre sus horarios de atenci\u00f3n y herramientas para contactarlo o simplemente insertar una peque\u00f1a ventana emergente de estado. Puede crear tarjetas de contacto con nuestro complemento de horario de atenci\u00f3n y agregarlas al sitio web para captar la atenci\u00f3n e informar a los clientes sobre su actividad.<\/div>\r\n\t\t\t\t\t<\/div>\r\n\t\t\t\t<\/div><div class=\"faq-item\">\r\n\t\t\t\t\t<div class=\"faq-item-question\">\r\n\t\t\t\t\t\t<h3 class=\"faq-item-question-text\">\u00bfC\u00f3mo integrar el horario comercial de forma gratuita en sitios web HTML?<\/h3>\r\n\r\n\t\t\t\t\t\t<div class=\"faq-item-question-icon\"><\/div>\r\n\t\t\t\t\t<\/div>\r\n\r\n\t\t\t\t\t<div class=\"faq-item-answer\">\r\n\t\t\t\t\t\t<div class=\"faq-item-answer-text\">Incorporar un complemento de horario comercial en su sitio web HTML es un m\u00e9todo excelente para involucrar a los visitantes en la comunicaci\u00f3n e informarles sobre su horario v\u00e1lido y estado para garantizar las ventas o prestar servicios. Ofrecemos algunos tutoriales sobre c\u00f3mo agregar el complemento de horario comercial sin c\u00f3digo a su sitio web.<ol><li>Para integrar el horario comercial de Elfsight de forma gratuita en HTML, vaya al sitio web de Elfsight y reg\u00edstrese.<\/li><li>Cree el complemento de horario comercial sin c\u00f3digo adaptando su apariencia y configuraci\u00f3n para que coincida con el tema de su sitio web.<\/li><li>Al formar su horario comercial, transporte el c\u00f3digo al HTML de su sitio web donde desea que est\u00e9 el complemento. funci\u00f3n.<\/li><\/ol>Al insertar su horario de atenci\u00f3n en su sitio web HTML, elevar\u00e1 su magnetismo visual y motivar\u00e1 la lealtad sostenible de los visitantes. \u00a1Sienta los beneficios del complemento Horario comercial de Elfsight sin costo alguno para usted!<\/div>\r\n\t\t\t\t\t<\/div>\r\n\t\t\t\t<\/div><\/div><\/div><div class=\"application-platform-content-item-features application-platform-content-item\" id=\"features\" data-nav-section=\"features\"> <h2>Ofrecemos funciones de widget \u00fatiles y convenientes, consulte algunas de ellas:<\/h2> <ul><li>Muestre el estado actual de su organizaci\u00f3n<\/li><li>Ajuste de horario simple<\/li><li>Ocasiones especiales configuraci\u00f3n<\/li><li>Estado de estado actual<\/li><li>Gr\u00e1fico insertable o estado de uso eficiente del espacio<\/li><\/ul><p><a href=\"#demo\">Pruebe todas las configuraciones en una demostraci\u00f3n totalmente funcional<\/a><\/p><\/div> <div class=\"application-platform-content-item-installation application-platform-content-item\" id=\"installation\" data-nav-section=\"installation\"> <h2>\u00bfC\u00f3mo puedo incrustar el horario comercial en mi sitio web HTML?<\/h2> <p>Simplemente cumpla con las pautas a continuaci\u00f3n para integrar el complemento en sus turnos de trabajo.<\/p> <ol><li><b>Emplee nuestro configurador y comience a crear su complemento \u00fanico.<\/b><br> Encuentre el aspecto y las especificaciones preferibles y guarde las ediciones. <\/li> <li><b>Copie el c\u00f3digo personal que se muestra en el formulario especial en Elfsight Apps.<\/b><br> Tan pronto como se complete la configuraci\u00f3n de su complemento personal, copie el c\u00f3digo personal en la ventana emergente que aparece y gu\u00e1rdelo para futuras ocasiones. <\/li> <li><b>Comience a usar el complemento en el sitio HTML.<\/b><br> Inserte el c\u00f3digo copiado recientemente en su p\u00e1gina de inicio y aplique las correcciones. <\/li> <li><b>La configuraci\u00f3n de su horario comercial sin c\u00f3digo se realiz\u00f3 con \u00e9xito.<\/b><br> Vaya a su sitio web para ver el rendimiento del complemento de horario comercial agregado. <\/li><\/ol> <p>En caso de encontrar alg\u00fan obst\u00e1culo, p\u00f3ngase en contacto con nuestro personal de atenci\u00f3n al cliente. Nuestros especialistas te ayudar\u00e1n con todas las dificultades que puedas tener con la aplicaci\u00f3n para HTML. <\/p> <\/div>","protected":false},"excerpt":{"rendered":"","protected":false},"author":9,"featured_media":0,"parent":4922,"menu_order":0,"comment_status":"closed","ping_status":"closed","template":"templates\/template-application-platform.php","meta":{"publish_to_discourse":"","publish_post_category":"","wpdc_auto_publish_overridden":"","wpdc_topic_tags":"","wpdc_pin_topic":"","wpdc_pin_until":"","discourse_post_id":"","discourse_permalink":"","wpdc_publishing_response":"","wpdc_publishing_error":"","footnotes":""},"class_list":["post-5533","page","type-page","status-publish","hentry"],"yoast_head":"<!-- This site is optimized with the Yoast SEO plugin v25.3.1 - https:\/\/yoast.com\/wordpress\/plugins\/seo\/ -->\n<title>Agregue horario comercial gratuito a HTML: incruste horarios de trabajo en sitios<\/title>\n<meta name=\"description\" content=\"Incorpore un widget de horario comercial personalizable en HTML para mostrar el estado de su negocio. Configure sus horas de trabajo personales en la demostraci\u00f3n.\" \/>\n<meta name=\"robots\" content=\"index, follow, max-snippet:-1, max-image-preview:large, max-video-preview:-1\" \/>\n<link rel=\"canonical\" href=\"https:\/\/elfsight.com\/es\/business-hours-widget\/html\/\" \/>\n<meta property=\"og:locale\" content=\"es_ES\" \/>\n<meta property=\"og:type\" content=\"article\" \/>\n<meta property=\"og:title\" content=\"Agregue horario comercial gratuito a HTML: incruste horarios de trabajo en sitios\" \/>\n<meta property=\"og:description\" content=\"Incorpore un widget de horario comercial personalizable en HTML para mostrar el estado de su negocio. Configure sus horas de trabajo personales en la demostraci\u00f3n.\" \/>\n<meta property=\"og:url\" content=\"https:\/\/elfsight.com\/es\/business-hours-widget\/html\/\" \/>\n<meta property=\"og:site_name\" content=\"Elfsight ES\" \/>\n<meta property=\"article:modified_time\" content=\"2025-02-06T16:16:55+00:00\" \/>\n<meta name=\"twitter:card\" content=\"summary_large_image\" \/>\n<meta name=\"twitter:label1\" content=\"Tiempo de lectura\" \/>\n\t<meta name=\"twitter:data1\" content=\"5 minutos\" \/>\n<!-- \/ Yoast SEO plugin. -->","yoast_head_json":{"title":"Agregue horario comercial gratuito a HTML: incruste horarios de trabajo en sitios","description":"Incorpore un widget de horario comercial personalizable en HTML para mostrar el estado de su negocio. Configure sus horas de trabajo personales en la demostraci\u00f3n.","robots":{"index":"index","follow":"follow","max-snippet":"max-snippet:-1","max-image-preview":"max-image-preview:large","max-video-preview":"max-video-preview:-1"},"canonical":"https:\/\/elfsight.com\/es\/business-hours-widget\/html\/","og_locale":"es_ES","og_type":"article","og_title":"Agregue horario comercial gratuito a HTML: incruste horarios de trabajo en sitios","og_description":"Incorpore un widget de horario comercial personalizable en HTML para mostrar el estado de su negocio. Configure sus horas de trabajo personales en la demostraci\u00f3n.","og_url":"https:\/\/elfsight.com\/es\/business-hours-widget\/html\/","og_site_name":"Elfsight ES","article_modified_time":"2025-02-06T16:16:55+00:00","twitter_card":"summary_large_image","twitter_misc":{"Tiempo de lectura":"5 minutos"},"schema":{"@context":"https:\/\/schema.org","@graph":[{"@type":"WebPage","@id":"https:\/\/elfsight.com\/es\/business-hours-widget\/html\/","url":"https:\/\/elfsight.com\/es\/business-hours-widget\/html\/","name":"Agregue horario comercial gratuito a HTML: incruste horarios de trabajo en sitios","isPartOf":{"@id":"https:\/\/elfsight.com\/es\/#website"},"datePublished":"1970-01-01T00:00:00+00:00","dateModified":"2025-02-06T16:16:55+00:00","description":"Incorpore un widget de horario comercial personalizable en HTML para mostrar el estado de su negocio. Configure sus horas de trabajo personales en la demostraci\u00f3n.","breadcrumb":{"@id":"https:\/\/elfsight.com\/es\/business-hours-widget\/html\/#breadcrumb"},"inLanguage":"es","potentialAction":[{"@type":"ReadAction","target":["https:\/\/elfsight.com\/es\/business-hours-widget\/html\/"]}]},{"@type":"BreadcrumbList","@id":"https:\/\/elfsight.com\/es\/business-hours-widget\/html\/#breadcrumb","itemListElement":[{"@type":"ListItem","position":1,"name":"Home","item":"https:\/\/elfsight.com\/es\/"},{"@type":"ListItem","position":2,"name":"Business Hours","item":"https:\/\/elfsight.com\/es\/business-hours-widget\/"},{"@type":"ListItem","position":3,"name":"Business Hours &#8211; HTML"}]},{"@type":"WebSite","@id":"https:\/\/elfsight.com\/es\/#website","url":"https:\/\/elfsight.com\/es\/","name":"Elfsight ES","description":"Just another Elfsight Sites site","potentialAction":[{"@type":"SearchAction","target":{"@type":"EntryPoint","urlTemplate":"https:\/\/elfsight.com\/es\/?s={search_term_string}"},"query-input":{"@type":"PropertyValueSpecification","valueRequired":true,"valueName":"search_term_string"}}],"inLanguage":"es"}]}},"meta_box":{"industry":"","seo_heading":"","heading":"","description":"","cta_heading":"","cta_description":"","application":"4888","h1":"Widget HTML de horario comercial","h1_caption":"Informar a los clientes sobre su agenda y proporcionar contactos.","application_category":[],"applications_title":"","applications_request_title":"","applications_request_button_text":"","hero_text":"","hero_video":"","hero_video_schema_markup":"","selling_points_title":"","selling_points_caption":"","selling_points":[],"selling_points_cta_text":"","features_title":"","features":"","ed_cta_examples_text":"","ed_cta_examples_hidden":"","ed_cta_demo_text":"","ed_cta_demo_hidden":"","why_caption":"","why_editor_title":"","why_editor_text":"","why_team_title":"","why_team_text":"","why_service_title":"","why_service_text":"","template_catalog_visible":"","template_catalog_title":"","template_catalog_text":"","template_catalog_categories_visible":"","demo_title":"Crea tu widget de horario comercial","demo_caption":"\u00a1Configure su horario comercial y agr\u00e9guelo a su sitio web HTML de forma gratuita!","default_faq_hidden":"","app_template_category":[],"platform":"70","template_public_id":"","codecanyon_url":"","codecanyon_item_id":"","codecanyon_price":"","pricing_caption":"","pricing_elfsight_apps_hide_column":"","pricing_elfsight_apps_url":"","pricing_codecanyon_price_caption":"","integration_category":[],"integration_request_title":"","integration_request_cta":"","integration_platform":"","integrations":[],"platform_category":[],"video_schema_markup":"","price":"desde $0 \/ mes","trial":"","benefits":[{"text":"Servicio de instalaci\u00f3n gratuito"},{"text":"Soporte premium"},{"text":"Garant\u00eda de devoluci\u00f3n de dinero de 14 d\u00edas"},{"text":"Actualizaciones gratuitas de por vida"}],"button_url":"#demo","button_target_blank":"","button_nofollow":"","attributes":[{"name":"Instalaciones","content":"10,000 - 100,000"},{"name":"Sensible","content":"S\u00ed"},{"name":"Navegadores compatibles","content":"Firefox, Safari, Opera, Chrome, Edge"}],"tags":[],"tags_disable_links":"","hide_more_platforms":"","video_object":"","demo_hide_cta":"","demo_hide_cloud_options":"","pricing_title":"","pricing":[{"pricing_icon":"platform","pricing_title":"Elfsight Apps","pricing_title_caption":"Software multiplataforma que funciona en cualquier sitio web","pricing_price":"desde $0 \/ mes","pricing_price_caption":"comienza con un plan gratuito","pricing_benefits":[{"text":"Sitios web ilimitados"},{"text":"Atenci\u00f3n al cliente premium"},{"text":"Servicio de instalaci\u00f3n gratuito"},{"text":"Dise\u00f1o flexible"}],"pricing_button_text":"A\u00f1adir al sitio web","pricing_button_url":"#demo"}],"related_apps_title":"","related_apps_hidden":"","author":"","image":[],"title":"","job":"","social_networks":[]},"_links":{"self":[{"href":"https:\/\/elfsight.com\/es\/wp-json\/wp\/v2\/pages\/5533","targetHints":{"allow":["GET"]}}],"collection":[{"href":"https:\/\/elfsight.com\/es\/wp-json\/wp\/v2\/pages"}],"about":[{"href":"https:\/\/elfsight.com\/es\/wp-json\/wp\/v2\/types\/page"}],"author":[{"embeddable":true,"href":"https:\/\/elfsight.com\/es\/wp-json\/wp\/v2\/users\/9"}],"replies":[{"embeddable":true,"href":"https:\/\/elfsight.com\/es\/wp-json\/wp\/v2\/comments?post=5533"}],"version-history":[{"count":2,"href":"https:\/\/elfsight.com\/es\/wp-json\/wp\/v2\/pages\/5533\/revisions"}],"predecessor-version":[{"id":19443,"href":"https:\/\/elfsight.com\/es\/wp-json\/wp\/v2\/pages\/5533\/revisions\/19443"}],"up":[{"embeddable":true,"href":"https:\/\/elfsight.com\/es\/wp-json\/wp\/v2\/pages\/4922"}],"wp:attachment":[{"href":"https:\/\/elfsight.com\/es\/wp-json\/wp\/v2\/media?parent=5533"}],"curies":[{"name":"wp","href":"https:\/\/api.w.org\/{rel}","templated":true}]}}