{"id":5532,"date":"1970-01-01T00:00:00","date_gmt":"1970-01-01T00:00:00","guid":{"rendered":"https:\/\/elfsight.com\/es\/?page_id=5532"},"modified":"2025-02-06T16:17:03","modified_gmt":"2025-02-06T16:17:03","slug":"google-sites","status":"publish","type":"page","link":"https:\/\/elfsight.com\/es\/business-hours-widget\/google-sites\/","title":{"rendered":"Business Hours &#8211; Google Sites"},"content":{"rendered":"<div class=\"application-platform-content-item-description application-platform-content-item\" id=\"description\" data-nav-section=\"description\"> <h2>Incorpore el horario comercial en Google Sites con un complemento de Elfsight<\/h2> <p>El horario comercial de Elfsight para Google Sites es un widget simple sin c\u00f3digo que le permite crear una tarjeta de presentaci\u00f3n atractiva que contiene los datos m\u00e1s importantes relacionados con su organizaci\u00f3n. Puede mostrar informaci\u00f3n sobre su estado operativo actual y habilitar contactos para sus clientes. El widget le permite crear dise\u00f1os f\u00e1ciles de usar, para que los visitantes puedan examinar f\u00e1cilmente toda la informaci\u00f3n necesaria brevemente o con m\u00e1s detalle. <\/p><p>El widget ofrece una serie de plantillas, para que puedas seleccionar la opci\u00f3n m\u00e1s eficiente para tu sitio web. Cada plantilla ofrece configuraciones para ayudarlo a formar un widget con las opciones requeridas que aumentan las ventas. Incorporar los per\u00edodos de trabajo y los datos de contacto de su organizaci\u00f3n en las p\u00e1ginas de su sitio web es extremadamente sencillo con Elfsight gracias a gu\u00edas y tutoriales f\u00e1ciles de seguir. Cualquier usuario puede crear y agregar el widget de Horario comercial sin c\u00f3digo de forma gratuita<\/p> <p><b>Agregue detalles comerciales a sus p\u00e1ginas para aumentar las tasas de ventas y la satisfacci\u00f3n del cliente. Muestre informaci\u00f3n importante sobre su actividad de forma clara con el widget de Elfsight.<\/b><\/p> <p>Utilice este widget integrado en el sitio web de Google Sites para que su audiencia conozca su negocio y obtenga ventas regulares. Conozca algunos de los resultados positivos m\u00e1s t\u00edpicos para su sitio web despu\u00e9s de incorporarle el widget de horas de trabajo sin c\u00f3digo. <\/p><ul><li><b>Deja que tus clientes est\u00e9n siempre puntuales.<\/b> Incrementa las ventas, estando constantemente ah\u00ed en el horario de trabajo correspondiente. Los visitantes de su sitio web notar\u00e1n su horario de atenci\u00f3n y se volver\u00e1n m\u00e1s decididos a realizar una compra exitosa cuando est\u00e9n listos. <\/li><li><b>Evite malentendidos sobre sus horas de trabajo.<\/b> Proporcionar sus horas de trabajo sencillas a los visitantes del sitio web los har\u00e1 m\u00e1s leales a su organizaci\u00f3n, ya que podr\u00e1n planificar una reserva o una visita. <\/li><li><b>Proporcione contactos de forma clara.<\/b> Agregar la informaci\u00f3n de contacto a su widget de horario de atenci\u00f3n sin c\u00f3digo crea comunicaci\u00f3n con su audiencia y acelera las ventas. Demuestre que est\u00e1 listo para responder a sus consultas sobre su negocio, lo que generar\u00e1 m\u00e1s confianza y respeto. <\/li><\/ul><div class=\"faq\" data-component=\"FAQ\"><div class=\"faq-item\">\r\n\t\t\t\t\t<div class=\"faq-item-question\">\r\n\t\t\t\t\t\t<h3 class=\"faq-item-question-text\">\u00bfTiene alg\u00fan otro complemento para Google Sites que pueda usar en mi sitio web para obtener mejores ventas?<\/h3>\r\n\r\n\t\t\t\t\t\t<div class=\"faq-item-question-icon\"><\/div>\r\n\t\t\t\t\t<\/div>\r\n\r\n\t\t\t\t\t<div class=\"faq-item-answer\">\r\n\t\t\t\t\t\t<div class=\"faq-item-answer-text\">Podemos otorgarle muchos complementos para que logre cualquier tipo de objetivo en su sitio web. Compru\u00e9balo t\u00fa mismo: <a href=\"https:\/\/elfsight.com\/google-reviews-widget\/google-sites\/\" target=\"_blank\" rel=\"noopener\">Rese\u00f1as de Google<\/a>, <a href=\"https:\/\/elfsight.com\/whatsapp-chat-widget\/google-sites\/\" target=\"_blank\" rel=\"noopener\">Chat de WhatsApp<\/a>, <a href=\"https:\/\/elfsight.com\/event-calendar-widget\/google-sites\/\" target=\"_blank\" rel=\"noopener\">Calendario de eventos<\/a>, <a href=\"https:\/\/elfsight.com\/countdown-timer-widget\/google-sites\/\" target=\"_blank\" rel=\"noopener\">Temporizador de cuenta atr\u00e1s<\/a>, <a href=\"https:\/\/elfsight.com\/qr-code-widget\/google-sites\/\" target=\"_blank\" rel=\"noopener\">C\u00f3digo QR<\/a>. <\/div>\r\n\t\t\t\t\t<\/div>\r\n\t\t\t\t<\/div><div class=\"faq-item\">\r\n\t\t\t\t\t<div class=\"faq-item-question\">\r\n\t\t\t\t\t\t<h3 class=\"faq-item-question-text\">\u00bfC\u00f3mo puedo utilizar el horario comercial en Google Sites?<\/h3>\r\n\r\n\t\t\t\t\t\t<div class=\"faq-item-question-icon\"><\/div>\r\n\t\t\t\t\t<\/div>\r\n\r\n\t\t\t\t\t<div class=\"faq-item-answer\">\r\n\t\t\t\t\t\t<div class=\"faq-item-answer-text\">Puede acceder a muchas formas de mejorar los resultados de ventas mediante la integraci\u00f3n de un complemento de horario comercial. Con las plantillas de Elfsight para este interesante complemento para sitios web, es posible crear t\u00e1cticas comerciales personalizadas. Puede mostrar informaci\u00f3n ampliada sobre sus horas de trabajo y herramientas para establecer comunicaci\u00f3n con usted o simplemente insertar una peque\u00f1a barra de estado actual. Puede crear tarjetas de contacto con su complemento de Horario comercial y agregarlas a las ubicaciones requeridas del sitio web para atraer la atenci\u00f3n e informar a los clientes sobre su actividad. <\/div>\r\n\t\t\t\t\t<\/div>\r\n\t\t\t\t<\/div><div class=\"faq-item\">\r\n\t\t\t\t\t<div class=\"faq-item-question\">\r\n\t\t\t\t\t\t<h3 class=\"faq-item-question-text\">\u00bfC\u00f3mo insertar el horario comercial de forma gratuita en los sitios web de Google Sites?<\/h3>\r\n\r\n\t\t\t\t\t\t<div class=\"faq-item-question-icon\"><\/div>\r\n\t\t\t\t\t<\/div>\r\n\r\n\t\t\t\t\t<div class=\"faq-item-answer\">\r\n\t\t\t\t\t\t<div class=\"faq-item-answer-text\">Incorporar un complemento de horario comercial en su sitio web de Google Sites es un m\u00e9todo perfecto para iniciar la comunicaci\u00f3n con los clientes e informarles sobre su horario y estado v\u00e1lidos para garantizar las ventas o brindar servicios. A continuaci\u00f3n encontrar\u00e1 breves tutoriales sobre c\u00f3mo instalar el complemento gratuito de horas de funcionamiento en su sitio web. <ol><li>Cuando necesite incorporar un horario comercial de Elfsight de forma gratuita en Google Sites, vaya al sitio web de Elfsight y cree una cuenta. <\/li><li>Crea un horario comercial gratuito adaptando su apariencia y configuraci\u00f3n al estilo de tu sitio web de Google Sites. <\/li><li>Al ajustar su horario comercial, copie el fragmento de c\u00f3digo generado y p\u00e9guelo en su sitio web de Google Sites donde desea que aparezca el complemento. <\/li><\/ol>Al insertar su horario comercial en su sitio web de Google Sites, aumentar\u00e1 su magnetismo visual y motivar\u00e1 la lealtad sostenible de sus clientes. \u00a1Siente los beneficios del Horario Comercial de Elfsight sin costo alguno para ti! <\/div>\r\n\t\t\t\t\t<\/div>\r\n\t\t\t\t<\/div><\/div><\/div><div class=\"application-platform-content-item-features application-platform-content-item\" id=\"features\" data-nav-section=\"features\"> <h2>Explora la lista de las funciones m\u00e1s \u00fatiles:<\/h2> <ul><li>Demuestra la disponibilidad de tu empresa en tiempo real<\/li><li>Ajuste claro de horarios <\/li><li>Configuraci\u00f3n de d\u00edas especiales<\/li><li>Estado de actividad actual<\/li><li>Grid integrable o compacto status<\/li><\/ul><p><a href=\"#demo\">Simplemente pruebe esta demostraci\u00f3n para tener una idea completa<\/a><\/p> <\/div> <div class=\"application-platform-content-item-installation application-platform-content-item\" id=\"installation\" data-nav-section=\"installation\"> <h2>\u00bfC\u00f3mo puedo agregar horario comercial a mi sitio web de Google Sites?<\/h2> <p>Simplemente siga un par de pasos que se describen a continuaci\u00f3n para agregar el complemento con sus turnos de trabajo.<\/p> <ol><li><b>Emplee nuestro configurador y comience a crear su complemento personalizado sin c\u00f3digo.<\/b><br> Elija la interfaz seleccionada y las especificaciones del complemento y guarde las modificaciones. <\/li> <li><b>Obtenga su c\u00f3digo personal que se muestra en el cuadro de Elfsight Apps.<\/b><br> Inmediatamente despu\u00e9s de finalizar el establecimiento de su widget personal de horas de operaci\u00f3n sin c\u00f3digo, copie el c\u00f3digo individual en la ventana que aparece y gu\u00e1rdelo para futuras necesidades. <\/li> <li><b>Inicie la utilizaci\u00f3n del complemento en su sitio web de Google Sites.<\/b><br> Inserte el c\u00f3digo que copi\u00f3 anteriormente en su p\u00e1gina y guarde las mejoras. <\/li> <li><b>\u00a1Listo! La incorporaci\u00f3n de su horario comercial sin c\u00f3digo se realiz\u00f3 correctamente.<\/b><br> Visite su sitio web para ver el rendimiento del widget de horario comercial agregado. <\/li><\/ol> <p>Si tiene alguna pregunta o encuentra alguna dificultad, comun\u00edquese con nuestro equipo de soporte. Nuestros especialistas est\u00e1n ansiosos por resolver todos los problemas que pueda tener con el complemento de Google Sites. <\/p><\/div>","protected":false},"excerpt":{"rendered":"","protected":false},"author":9,"featured_media":0,"parent":4922,"menu_order":0,"comment_status":"closed","ping_status":"closed","template":"templates\/template-application-platform.php","meta":{"publish_to_discourse":"","publish_post_category":"","wpdc_auto_publish_overridden":"","wpdc_topic_tags":"","wpdc_pin_topic":"","wpdc_pin_until":"","discourse_post_id":"","discourse_permalink":"","wpdc_publishing_response":"","wpdc_publishing_error":"","footnotes":""},"class_list":["post-5532","page","type-page","status-publish","hentry"],"yoast_head":"<!-- This site is optimized with the Yoast SEO plugin v25.3.1 - https:\/\/yoast.com\/wordpress\/plugins\/seo\/ -->\n<title>Agregar horarios comerciales a Google Sites: insertar horarios en el sitio web<\/title>\n<meta name=\"description\" content=\"Agregue una aplicaci\u00f3n de horario comercial ajustable a Google Sites para presentar el estado de su actividad. Cree su propio horario de trabajo con la demostraci\u00f3n.\" \/>\n<meta name=\"robots\" content=\"index, follow, max-snippet:-1, max-image-preview:large, max-video-preview:-1\" \/>\n<link rel=\"canonical\" href=\"https:\/\/elfsight.com\/es\/business-hours-widget\/google-sites\/\" \/>\n<meta property=\"og:locale\" content=\"es_ES\" \/>\n<meta property=\"og:type\" content=\"article\" \/>\n<meta property=\"og:title\" content=\"Agregar horarios comerciales a Google Sites: insertar horarios en el sitio web\" \/>\n<meta property=\"og:description\" content=\"Agregue una aplicaci\u00f3n de horario comercial ajustable a Google Sites para presentar el estado de su actividad. Cree su propio horario de trabajo con la demostraci\u00f3n.\" \/>\n<meta property=\"og:url\" content=\"https:\/\/elfsight.com\/es\/business-hours-widget\/google-sites\/\" \/>\n<meta property=\"og:site_name\" content=\"Elfsight ES\" \/>\n<meta property=\"article:modified_time\" content=\"2025-02-06T16:17:03+00:00\" \/>\n<meta name=\"twitter:card\" content=\"summary_large_image\" \/>\n<meta name=\"twitter:label1\" content=\"Tiempo de lectura\" \/>\n\t<meta name=\"twitter:data1\" content=\"5 minutos\" \/>\n<!-- \/ Yoast SEO plugin. -->","yoast_head_json":{"title":"Agregar horarios comerciales a Google Sites: insertar horarios en el sitio web","description":"Agregue una aplicaci\u00f3n de horario comercial ajustable a Google Sites para presentar el estado de su actividad. Cree su propio horario de trabajo con la demostraci\u00f3n.","robots":{"index":"index","follow":"follow","max-snippet":"max-snippet:-1","max-image-preview":"max-image-preview:large","max-video-preview":"max-video-preview:-1"},"canonical":"https:\/\/elfsight.com\/es\/business-hours-widget\/google-sites\/","og_locale":"es_ES","og_type":"article","og_title":"Agregar horarios comerciales a Google Sites: insertar horarios en el sitio web","og_description":"Agregue una aplicaci\u00f3n de horario comercial ajustable a Google Sites para presentar el estado de su actividad. Cree su propio horario de trabajo con la demostraci\u00f3n.","og_url":"https:\/\/elfsight.com\/es\/business-hours-widget\/google-sites\/","og_site_name":"Elfsight ES","article_modified_time":"2025-02-06T16:17:03+00:00","twitter_card":"summary_large_image","twitter_misc":{"Tiempo de lectura":"5 minutos"},"schema":{"@context":"https:\/\/schema.org","@graph":[{"@type":"WebPage","@id":"https:\/\/elfsight.com\/es\/business-hours-widget\/google-sites\/","url":"https:\/\/elfsight.com\/es\/business-hours-widget\/google-sites\/","name":"Agregar horarios comerciales a Google Sites: insertar horarios en el sitio web","isPartOf":{"@id":"https:\/\/elfsight.com\/es\/#website"},"datePublished":"1970-01-01T00:00:00+00:00","dateModified":"2025-02-06T16:17:03+00:00","description":"Agregue una aplicaci\u00f3n de horario comercial ajustable a Google Sites para presentar el estado de su actividad. Cree su propio horario de trabajo con la demostraci\u00f3n.","breadcrumb":{"@id":"https:\/\/elfsight.com\/es\/business-hours-widget\/google-sites\/#breadcrumb"},"inLanguage":"es","potentialAction":[{"@type":"ReadAction","target":["https:\/\/elfsight.com\/es\/business-hours-widget\/google-sites\/"]}]},{"@type":"BreadcrumbList","@id":"https:\/\/elfsight.com\/es\/business-hours-widget\/google-sites\/#breadcrumb","itemListElement":[{"@type":"ListItem","position":1,"name":"Home","item":"https:\/\/elfsight.com\/es\/"},{"@type":"ListItem","position":2,"name":"Business Hours","item":"https:\/\/elfsight.com\/es\/business-hours-widget\/"},{"@type":"ListItem","position":3,"name":"Business Hours &#8211; Google Sites"}]},{"@type":"WebSite","@id":"https:\/\/elfsight.com\/es\/#website","url":"https:\/\/elfsight.com\/es\/","name":"Elfsight ES","description":"Just another Elfsight Sites site","potentialAction":[{"@type":"SearchAction","target":{"@type":"EntryPoint","urlTemplate":"https:\/\/elfsight.com\/es\/?s={search_term_string}"},"query-input":{"@type":"PropertyValueSpecification","valueRequired":true,"valueName":"search_term_string"}}],"inLanguage":"es"}]}},"meta_box":{"industry":"","seo_heading":"","heading":"","description":"","cta_heading":"","cta_description":"","application":"4888","h1":"Complemento de horario comercial de Google Sites","h1_caption":"Informe a los clientes sobre sus marcos de trabajo y comparta contactos","application_category":[],"applications_title":"","applications_request_title":"","applications_request_button_text":"","hero_text":"","hero_video":"","hero_video_schema_markup":"","selling_points_title":"","selling_points_caption":"","selling_points":[],"selling_points_cta_text":"","features_title":"","features":"","ed_cta_examples_text":"","ed_cta_examples_hidden":"","ed_cta_demo_text":"","ed_cta_demo_hidden":"","why_caption":"","why_editor_title":"","why_editor_text":"","why_team_title":"","why_team_text":"","why_service_title":"","why_service_text":"","template_catalog_visible":"","template_catalog_title":"","template_catalog_text":"","template_catalog_categories_visible":"","demo_title":"Crea tu widget de horario comercial","demo_caption":"Configure su horario comercial y agr\u00e9guelo a su sitio web de Google Sites de forma gratuita.","default_faq_hidden":"","app_template_category":[],"platform":"67","template_public_id":"","codecanyon_url":"","codecanyon_item_id":"","codecanyon_price":"","pricing_caption":"","pricing_elfsight_apps_hide_column":"","pricing_elfsight_apps_url":"","pricing_codecanyon_price_caption":"","integration_category":[],"integration_request_title":"","integration_request_cta":"","integration_platform":"","integrations":[],"platform_category":[],"video_schema_markup":"","price":"desde $0 \/ mes","trial":"","benefits":[{"text":"Asistencia de instalaci\u00f3n gratuita"},{"text":"Servicio al cliente competente"},{"text":"Garant\u00eda de reembolso de 14 d\u00edas"},{"text":"Desarrollo continuo"}],"button_url":"#demo","button_target_blank":"","button_nofollow":"","attributes":[{"name":"Instalaciones","content":"10,000 - 100,000"},{"name":"Sensible","content":"S\u00ed"},{"name":"Navegadores compatibles","content":"Firefox, Safari, Opera, Chrome, Edge"}],"tags":[],"tags_disable_links":"","hide_more_platforms":"","video_object":"","demo_hide_cta":"","demo_hide_cloud_options":"","pricing_title":"","pricing":[{"pricing_icon":"platform","pricing_title":"Elfsight Apps","pricing_title_caption":"Versi\u00f3n multiplataforma que se adapta a cualquier sitio web.","pricing_price":"desde $0 \/ mes","pricing_price_caption":"comienza con un plan gratuito","pricing_benefits":[{"text":"Sitios web ilimitados"},{"text":"Atenci\u00f3n al cliente r\u00e1pida"},{"text":"Ayuda de instalaci\u00f3n gratuita"},{"text":"Dise\u00f1o flexible"}],"pricing_button_text":"A\u00f1adir al sitio web","pricing_button_url":"#demo"}],"related_apps_title":"","related_apps_hidden":"","author":"","image":[],"title":"","job":"","social_networks":[]},"_links":{"self":[{"href":"https:\/\/elfsight.com\/es\/wp-json\/wp\/v2\/pages\/5532","targetHints":{"allow":["GET"]}}],"collection":[{"href":"https:\/\/elfsight.com\/es\/wp-json\/wp\/v2\/pages"}],"about":[{"href":"https:\/\/elfsight.com\/es\/wp-json\/wp\/v2\/types\/page"}],"author":[{"embeddable":true,"href":"https:\/\/elfsight.com\/es\/wp-json\/wp\/v2\/users\/9"}],"replies":[{"embeddable":true,"href":"https:\/\/elfsight.com\/es\/wp-json\/wp\/v2\/comments?post=5532"}],"version-history":[{"count":2,"href":"https:\/\/elfsight.com\/es\/wp-json\/wp\/v2\/pages\/5532\/revisions"}],"predecessor-version":[{"id":19444,"href":"https:\/\/elfsight.com\/es\/wp-json\/wp\/v2\/pages\/5532\/revisions\/19444"}],"up":[{"embeddable":true,"href":"https:\/\/elfsight.com\/es\/wp-json\/wp\/v2\/pages\/4922"}],"wp:attachment":[{"href":"https:\/\/elfsight.com\/es\/wp-json\/wp\/v2\/media?parent=5532"}],"curies":[{"name":"wp","href":"https:\/\/api.w.org\/{rel}","templated":true}]}}