{"id":5531,"date":"1970-01-01T00:00:00","date_gmt":"1970-01-01T00:00:00","guid":{"rendered":"https:\/\/elfsight.com\/es\/?page_id=5531"},"modified":"2025-02-06T16:17:03","modified_gmt":"2025-02-06T16:17:03","slug":"godaddy","status":"publish","type":"page","link":"https:\/\/elfsight.com\/es\/business-hours-widget\/godaddy\/","title":{"rendered":"Business Hours &#8211; GoDaddy"},"content":{"rendered":"<div class=\"application-platform-content-item-description application-platform-content-item\" id=\"description\" data-nav-section=\"description\"> <h2>Incorpore el horario comercial en GoDaddy con un complemento de Elfsight<\/h2> <p>El horario comercial de Elfsight para GoDaddy es un widget simple sin c\u00f3digo que le permite crear una bonita tarjeta de presentaci\u00f3n que contiene los momentos principales de su actividad. Puede compartir informaci\u00f3n sobre el estado de su negocio y proporcionar contactos para sus clientes. El widget le permite crear dise\u00f1os convenientes, para que los clientes puedan examinar f\u00e1cilmente toda la informaci\u00f3n necesaria de manera breve o m\u00e1s detallada. <\/p><p>El fant\u00e1stico widget incluye algunas plantillas, para que puedas elegir la opci\u00f3n m\u00e1s adecuada para tu sitio web. Cada plantilla presenta configuraciones flexibles para ayudarlo a crear un widget personal con las opciones necesarias, como botones de chat y compartir, que aumentan las ventas. Integrar el horario laboral y sus contactos en las p\u00e1ginas de su sitio web es muy sencillo, ya que Elfsight ofrece tutoriales y pautas claras. Cualquier propietario de un sitio web puede desarrollar y agregar el widget de horario comercial sin c\u00f3digo de forma gratuita<\/p> <p><b>Agregue detalles comerciales a su sitio web para aumentar las tasas de ventas y la lealtad de los clientes. Comparta informaci\u00f3n significativa sobre sus per\u00edodos de trabajo de forma clara. <\/b><\/p> <p>Con este widget integrado en su sitio web de GoDaddy, puede hacer que su audiencia sea m\u00e1s consciente de su agenda comercial y obtener mejores ventas. Descubra algunas de las principales ventajas para su sitio web despu\u00e9s de incorporarle el widget de horas de trabajo sin c\u00f3digo. <\/p><ul><li><b>Permite que tus clientes sean siempre puntuales.<\/b> Impulsa las ventas, al estar en contacto constante en los periodos laborales indicados. A los visitantes de su sitio web les importar\u00e1 su disponibilidad y ser\u00e1n m\u00e1s decisivos para realizar una compra exitosa cuando lo necesiten. <\/li><li><b>Evite confusiones sobre sus horarios de trabajo.<\/b> Mostrar sus horarios de atenci\u00f3n sencillos a los clientes en el sitio web los har\u00e1 m\u00e1s leales a su empresa, ya que podr\u00e1n planificar una reserva o una visita. <\/li><li><b>Comparta contactos de forma clara.<\/b> Agregar la informaci\u00f3n de contacto a su widget de horario de atenci\u00f3n sin c\u00f3digo le permite establecer una mejor comunicaci\u00f3n con los visitantes de su sitio web y acelerar las ventas. Demuestre que est\u00e1 aqu\u00ed para responder sus preguntas sobre los productos y servicios de su empresa y generar m\u00e1s confianza y prestigio. <\/li><\/ul><div class=\"faq\" data-component=\"FAQ\"><div class=\"faq-item\">\r\n\t\t\t\t\t<div class=\"faq-item-question\">\r\n\t\t\t\t\t\t<h3 class=\"faq-item-question-text\">\u00bfHay otros complementos para GoDaddy que pueda insertar en mi sitio web?<\/h3>\r\n\r\n\t\t\t\t\t\t<div class=\"faq-item-question-icon\"><\/div>\r\n\t\t\t\t\t<\/div>\r\n\r\n\t\t\t\t\t<div class=\"faq-item-answer\">\r\n\t\t\t\t\t\t<div class=\"faq-item-answer-text\">Podemos ofrecerle una gran cantidad de complementos que se adaptan a cualquier tipo de tarea en su sitio web. A continuaci\u00f3n se muestran varios ejemplos: <a href=\"https:\/\/elfsight.com\/google-reviews-widget\/godaddy\/\" target=\"_blank\" rel=\"noopener\">Rese\u00f1as de Google<\/a>, <a href=\"https:\/\/elfsight.com\/whatsapp-chat-widget\/godaddy\/\" target=\"_blank\" rel=\"noopener\">Chat de WhatsApp<\/a>, <a href=\"https:\/\/elfsight.com\/event-calendar-widget\/godaddy\/\" target=\"_blank\" rel=\"noopener\">Calendario de eventos<\/a>, <a href=\"https:\/\/elfsight.com\/countdown-timer-widget\/godaddy\/\" target=\"_blank\" rel=\"noopener\">Temporizador de cuenta atr\u00e1s<\/a>, <a href=\"https:\/\/elfsight.com\/qr-code-widget\/godaddy\/\" target=\"_blank\" rel=\"noopener\">C\u00f3digo QR<\/a>. <\/div>\r\n\t\t\t\t\t<\/div>\r\n\t\t\t\t<\/div><div class=\"faq-item\">\r\n\t\t\t\t\t<div class=\"faq-item-question\">\r\n\t\t\t\t\t\t<h3 class=\"faq-item-question-text\">\u00bfC\u00f3mo puedo lograr resultados con el horario comercial en GoDaddy?<\/h3>\r\n\r\n\t\t\t\t\t\t<div class=\"faq-item-question-icon\"><\/div>\r\n\t\t\t\t\t<\/div>\r\n\r\n\t\t\t\t\t<div class=\"faq-item-answer\">\r\n\t\t\t\t\t\t<div class=\"faq-item-answer-text\">Puede acceder a muchas formas de mejorar las tasas de \u00e9xito y las ventas agregando un complemento de horario comercial. Con las plantillas de Elfsight para este interesante complemento para sitios web, uno puede descubrir una soluci\u00f3n personal. Puede mostrar informaci\u00f3n detallada sobre sus horarios de disponibilidad y formas de contactarlo o simplemente usar una barra de estado actual minimalista. Puede crear tarjetas de contacto con su complemento de Horario comercial y agregarlas a las ubicaciones requeridas del sitio web para captar la atenci\u00f3n e informar a los clientes sobre su actividad para inspirar las ventas. <\/div>\r\n\t\t\t\t\t<\/div>\r\n\t\t\t\t<\/div><div class=\"faq-item\">\r\n\t\t\t\t\t<div class=\"faq-item-question\">\r\n\t\t\t\t\t\t<h3 class=\"faq-item-question-text\">\u00bfC\u00f3mo incorporar horario comercial sin c\u00f3digo de forma gratuita en los sitios de GoDaddy?<\/h3>\r\n\r\n\t\t\t\t\t\t<div class=\"faq-item-question-icon\"><\/div>\r\n\t\t\t\t\t<\/div>\r\n\r\n\t\t\t\t\t<div class=\"faq-item-answer\">\r\n\t\t\t\t\t\t<div class=\"faq-item-answer-text\">Incorpore un complemento de horario comercial en su sitio web de GoDaddy para informar a los clientes sobre su disponibilidad y garantizar las ventas. Aqu\u00ed puede ver los tutoriales sobre c\u00f3mo agregar el complemento gratuito de horas de operaci\u00f3n a su sitio web. <ol><li>Para incorporar el horario comercial de Elfsight de forma gratuita en GoDaddy, vaya al sitio web de Elfsight y cree una cuenta. <\/li><li>Crea el horario comercial adaptando su apariencia y configuraci\u00f3n para combinar con el tema de tu sitio web de GoDaddy. <\/li><li>Al configurar su horario comercial, copie el fragmento de c\u00f3digo generado y p\u00e9guelo en su sitio web de GoDaddy donde desea que aparezca el complemento. <\/li><\/ol>Al agregar su horario comercial a su sitio web de GoDaddy, seguramente elevar\u00e1 su atractivo visual e inspirar\u00e1 la lealtad continua de sus clientes. \u00a1Siente los beneficios del Horario Comercial de Elfsight sin costo alguno para ti! <\/div>\r\n\t\t\t\t\t<\/div>\r\n\t\t\t\t<\/div><\/div><\/div><div class=\"application-platform-content-item-features application-platform-content-item\" id=\"features\" data-nav-section=\"features\"> <h2>El widget incluye funciones pr\u00e1cticas y sencillas, vea algunas de ellas:<\/h2> <ul><li>Muestre el estado de su empresa en tiempo real<\/li><li>F\u00e1cil ajuste del per\u00edodo de trabajo <\/li><li>Configuraci\u00f3n de ocasiones especiales<\/li><li>Indicaci\u00f3n de actividad en tiempo real<\/li><li>Gr\u00e1fico insertable o estado de uso eficiente del espacio<\/li><\/ul><p><a href=\"#demo\">Puedes conocer la funcionalidad completa del widget en la demostraci\u00f3n de esta p\u00e1gina<\/a><\/p><\/div> <div class=\"application-platform-content-item-installation application-platform-content-item\" id=\"installation\" data-nav-section=\"installation\"> <h2>\u00bfC\u00f3mo incorporo el horario comercial en mi sitio web de GoDaddy?<\/h2> <p>Simplemente sigue estos pasos que se describen a continuaci\u00f3n para activar el complemento con tu trabajo. tiempo.<\/p> <ol><li><b>Emplee nuestro configurador y comience a darle forma a su complemento \u00fanico.<\/b><br> Especifique la interfaz deseada y las caracter\u00edsticas de la aplicaci\u00f3n y aplique las correcciones. <\/li> <li><b>Obtenga el c\u00f3digo \u00fanico expuesto en el cuadro de Elfsight Apps.<\/b><br> Una vez realizada la configuraci\u00f3n de su complemento personal de horas de operaci\u00f3n sin c\u00f3digo, copie el c\u00f3digo personal en la ventana que aparece y gu\u00e1rdelo para su uso posterior. <\/li> <li><b>Comience a usar el complemento en su p\u00e1gina web de GoDaddy.<\/b><br> Pegue el c\u00f3digo copiado anteriormente en su p\u00e1gina web y guarde las mejoras. <\/li> <li><b>La configuraci\u00f3n de su horario comercial sin c\u00f3digo se realiz\u00f3 con \u00e9xito.<\/b><br> Visite su sitio web para inspeccionar el rendimiento de la aplicaci\u00f3n de horas de operaci\u00f3n agregadas. <\/li><\/ol> <p>Suponiendo que tenga algunas complicaciones, no dude en comunicarse con nuestro equipo de atenci\u00f3n al cliente. Nuestros consultores esperan resolver todos los problemas que pueda tener con el complemento de GoDaddy. <\/p> <\/div>","protected":false},"excerpt":{"rendered":"","protected":false},"author":9,"featured_media":0,"parent":4922,"menu_order":0,"comment_status":"closed","ping_status":"closed","template":"templates\/template-application-platform.php","meta":{"publish_to_discourse":"","publish_post_category":"","wpdc_auto_publish_overridden":"","wpdc_topic_tags":"","wpdc_pin_topic":"","wpdc_pin_until":"","discourse_post_id":"","discourse_permalink":"","wpdc_publishing_response":"","wpdc_publishing_error":"","footnotes":""},"class_list":["post-5531","page","type-page","status-publish","hentry"],"yoast_head":"<!-- This site is optimized with the Yoast SEO plugin v25.3.1 - https:\/\/yoast.com\/wordpress\/plugins\/seo\/ -->\n<title>Agregar horario comercial a GoDaddy: incorporar horario de atenci\u00f3n en el sitio<\/title>\n<meta name=\"description\" content=\"Incruste un widget de horario comercial personalizable en GoDaddy para presentar su estado. Cree sus horas de trabajo personales utilizando la demostraci\u00f3n.\" \/>\n<meta name=\"robots\" content=\"index, follow, max-snippet:-1, max-image-preview:large, max-video-preview:-1\" \/>\n<link rel=\"canonical\" href=\"https:\/\/elfsight.com\/es\/business-hours-widget\/godaddy\/\" \/>\n<meta property=\"og:locale\" content=\"es_ES\" \/>\n<meta property=\"og:type\" content=\"article\" \/>\n<meta property=\"og:title\" content=\"Agregar horario comercial a GoDaddy: incorporar horario de atenci\u00f3n en el sitio\" \/>\n<meta property=\"og:description\" content=\"Incruste un widget de horario comercial personalizable en GoDaddy para presentar su estado. Cree sus horas de trabajo personales utilizando la demostraci\u00f3n.\" \/>\n<meta property=\"og:url\" content=\"https:\/\/elfsight.com\/es\/business-hours-widget\/godaddy\/\" \/>\n<meta property=\"og:site_name\" content=\"Elfsight ES\" \/>\n<meta property=\"article:modified_time\" content=\"2025-02-06T16:17:03+00:00\" \/>\n<meta name=\"twitter:card\" content=\"summary_large_image\" \/>\n<meta name=\"twitter:label1\" content=\"Tiempo de lectura\" \/>\n\t<meta name=\"twitter:data1\" content=\"5 minutos\" \/>\n<!-- \/ Yoast SEO plugin. -->","yoast_head_json":{"title":"Agregar horario comercial a GoDaddy: incorporar horario de atenci\u00f3n en el sitio","description":"Incruste un widget de horario comercial personalizable en GoDaddy para presentar su estado. Cree sus horas de trabajo personales utilizando la demostraci\u00f3n.","robots":{"index":"index","follow":"follow","max-snippet":"max-snippet:-1","max-image-preview":"max-image-preview:large","max-video-preview":"max-video-preview:-1"},"canonical":"https:\/\/elfsight.com\/es\/business-hours-widget\/godaddy\/","og_locale":"es_ES","og_type":"article","og_title":"Agregar horario comercial a GoDaddy: incorporar horario de atenci\u00f3n en el sitio","og_description":"Incruste un widget de horario comercial personalizable en GoDaddy para presentar su estado. Cree sus horas de trabajo personales utilizando la demostraci\u00f3n.","og_url":"https:\/\/elfsight.com\/es\/business-hours-widget\/godaddy\/","og_site_name":"Elfsight ES","article_modified_time":"2025-02-06T16:17:03+00:00","twitter_card":"summary_large_image","twitter_misc":{"Tiempo de lectura":"5 minutos"},"schema":{"@context":"https:\/\/schema.org","@graph":[{"@type":"WebPage","@id":"https:\/\/elfsight.com\/es\/business-hours-widget\/godaddy\/","url":"https:\/\/elfsight.com\/es\/business-hours-widget\/godaddy\/","name":"Agregar horario comercial a GoDaddy: incorporar horario de atenci\u00f3n en el sitio","isPartOf":{"@id":"https:\/\/elfsight.com\/es\/#website"},"datePublished":"1970-01-01T00:00:00+00:00","dateModified":"2025-02-06T16:17:03+00:00","description":"Incruste un widget de horario comercial personalizable en GoDaddy para presentar su estado. Cree sus horas de trabajo personales utilizando la demostraci\u00f3n.","breadcrumb":{"@id":"https:\/\/elfsight.com\/es\/business-hours-widget\/godaddy\/#breadcrumb"},"inLanguage":"es","potentialAction":[{"@type":"ReadAction","target":["https:\/\/elfsight.com\/es\/business-hours-widget\/godaddy\/"]}]},{"@type":"BreadcrumbList","@id":"https:\/\/elfsight.com\/es\/business-hours-widget\/godaddy\/#breadcrumb","itemListElement":[{"@type":"ListItem","position":1,"name":"Home","item":"https:\/\/elfsight.com\/es\/"},{"@type":"ListItem","position":2,"name":"Business Hours","item":"https:\/\/elfsight.com\/es\/business-hours-widget\/"},{"@type":"ListItem","position":3,"name":"Business Hours &#8211; GoDaddy"}]},{"@type":"WebSite","@id":"https:\/\/elfsight.com\/es\/#website","url":"https:\/\/elfsight.com\/es\/","name":"Elfsight ES","description":"Just another Elfsight Sites site","potentialAction":[{"@type":"SearchAction","target":{"@type":"EntryPoint","urlTemplate":"https:\/\/elfsight.com\/es\/?s={search_term_string}"},"query-input":{"@type":"PropertyValueSpecification","valueRequired":true,"valueName":"search_term_string"}}],"inLanguage":"es"}]}},"meta_box":{"industry":"","seo_heading":"","heading":"","description":"","cta_heading":"","cta_description":"","application":"4888","h1":"Complemento de horario comercial de GoDaddy","h1_caption":"Informe a los visitantes sobre su disponibilidad y muestre los datos de contacto","application_category":[],"applications_title":"","applications_request_title":"","applications_request_button_text":"","hero_text":"","hero_video":"","hero_video_schema_markup":"","selling_points_title":"","selling_points_caption":"","selling_points":[],"selling_points_cta_text":"","features_title":"","features":"","ed_cta_examples_text":"","ed_cta_examples_hidden":"","ed_cta_demo_text":"","ed_cta_demo_hidden":"","why_caption":"","why_editor_title":"","why_editor_text":"","why_team_title":"","why_team_text":"","why_service_title":"","why_service_text":"","template_catalog_visible":"","template_catalog_title":"","template_catalog_text":"","template_catalog_categories_visible":"","demo_title":"Crea tu complemento de horario comercial","demo_caption":"\u00a1Configure su horario comercial y agr\u00e9guelo a su sitio web de GoDaddy gratis!","default_faq_hidden":"","app_template_category":[],"platform":"2183","template_public_id":"","codecanyon_url":"","codecanyon_item_id":"","codecanyon_price":"","pricing_caption":"","pricing_elfsight_apps_hide_column":"","pricing_elfsight_apps_url":"","pricing_codecanyon_price_caption":"","integration_category":[],"integration_request_title":"","integration_request_cta":"","integration_platform":"","integrations":[],"platform_category":[],"video_schema_markup":"","price":"desde $0 \/ mes","trial":"","benefits":[{"text":"Asistencia de instalaci\u00f3n gratuita"},{"text":"Servicio al cliente profesional"},{"text":"Garant\u00eda de devoluci\u00f3n de dinero de 14 d\u00edas"},{"text":"Actualizaciones futuras"}],"button_url":"#demo","button_target_blank":"","button_nofollow":"","attributes":[{"name":"Instalaciones","content":"10,000 - 100,000"},{"name":"Sensible","content":"S\u00ed"},{"name":"Navegadores compatibles","content":"Firefox, Safari, Opera, Chrome, Edge"}],"tags":[],"tags_disable_links":"","hide_more_platforms":"","video_object":"","demo_hide_cta":"","demo_hide_cloud_options":"","pricing_title":"","pricing":[{"pricing_icon":"platform","pricing_title":"Elfsight Apps","pricing_title_caption":"Versi\u00f3n multiplataforma que se adapta a cualquier sitio.","pricing_price":"desde $0 \/ mes","pricing_price_caption":"comienza con un plan gratuito","pricing_benefits":[{"text":"Sitios web ilimitados"},{"text":"Atenci\u00f3n al cliente profesional"},{"text":"Ayuda de instalaci\u00f3n gratuita"},{"text":"Totalmente personalizable"}],"pricing_button_text":"A\u00f1adir al sitio web","pricing_button_url":"#demo"}],"related_apps_title":"","related_apps_hidden":"","author":"","image":[],"title":"","job":"","social_networks":[]},"_links":{"self":[{"href":"https:\/\/elfsight.com\/es\/wp-json\/wp\/v2\/pages\/5531","targetHints":{"allow":["GET"]}}],"collection":[{"href":"https:\/\/elfsight.com\/es\/wp-json\/wp\/v2\/pages"}],"about":[{"href":"https:\/\/elfsight.com\/es\/wp-json\/wp\/v2\/types\/page"}],"author":[{"embeddable":true,"href":"https:\/\/elfsight.com\/es\/wp-json\/wp\/v2\/users\/9"}],"replies":[{"embeddable":true,"href":"https:\/\/elfsight.com\/es\/wp-json\/wp\/v2\/comments?post=5531"}],"version-history":[{"count":2,"href":"https:\/\/elfsight.com\/es\/wp-json\/wp\/v2\/pages\/5531\/revisions"}],"predecessor-version":[{"id":19445,"href":"https:\/\/elfsight.com\/es\/wp-json\/wp\/v2\/pages\/5531\/revisions\/19445"}],"up":[{"embeddable":true,"href":"https:\/\/elfsight.com\/es\/wp-json\/wp\/v2\/pages\/4922"}],"wp:attachment":[{"href":"https:\/\/elfsight.com\/es\/wp-json\/wp\/v2\/media?parent=5531"}],"curies":[{"name":"wp","href":"https:\/\/api.w.org\/{rel}","templated":true}]}}