{"id":5530,"date":"1970-01-01T00:00:00","date_gmt":"1970-01-01T00:00:00","guid":{"rendered":"https:\/\/elfsight.com\/es\/?page_id=5530"},"modified":"2025-02-06T16:17:03","modified_gmt":"2025-02-06T16:17:03","slug":"facebook","status":"publish","type":"page","link":"https:\/\/elfsight.com\/es\/business-hours-widget\/facebook\/","title":{"rendered":"Business Hours &#8211; Facebook Page"},"content":{"rendered":"<div class=\"application-platform-content-item-description application-platform-content-item\" id=\"description\" data-nav-section=\"description\"> <h2>Integre el horario comercial en la p\u00e1gina de Facebook con un widget de Elfsight<\/h2> <p>El horario comercial de Elfsight para la p\u00e1gina de Facebook es un widget simple sin c\u00f3digo que le permite crear una tarjeta de presentaci\u00f3n atractiva con los datos m\u00e1s importantes relacionados con su organizaci\u00f3n. Puede agregar informaci\u00f3n sobre su estado de disponibilidad actual y habilitar contactos para sus clientes. El widget le permite crear dise\u00f1os convenientes, para que los visitantes puedan explorar f\u00e1cilmente toda la informaci\u00f3n necesaria de manera breve o m\u00e1s detallada. <\/p><p>El notable widget ofrece muchas plantillas, para que puedas elegir la opci\u00f3n m\u00e1s adecuada para tu sitio web. Cada plantilla contiene configuraciones flexibles para ayudarlo a crear un widget personalizado con las opciones necesarias, como botones de CTA que aumentan las ventas. Incorporar el horario laboral en su sitio web es totalmente f\u00e1cil con Elfsight gracias a gu\u00edas y tutoriales f\u00e1ciles de seguir. Cualquier usuario puede crear y agregar el widget de horario comercial sin c\u00f3digo de forma gratuita<\/p> <p><b>Utilice los detalles comerciales en su sitio web para mejorar las ventas y la credibilidad del cliente. Comparta informaci\u00f3n clave sobre su actividad laboral sin esfuerzo. <\/b><\/p> <p>Con este widget integrado en el sitio web de tu p\u00e1gina de Facebook, informas a tus clientes y obtienes ventas regulares. Conozca algunos de los mejores resultados para su sitio web al incorporarle el widget de horas de trabajo sin c\u00f3digo. <\/p><ul><li><b>Permite que tus clientes lleguen siempre a tiempo. <\/b> Incrementar las ventas, al estar seguramente presentes en el horario laboral correspondiente. Los visitantes de su sitio web ver\u00e1n sus horarios de disponibilidad y tendr\u00e1n m\u00e1s confianza para realizar una compra exitosa cuando sea necesario. <\/li><li><b>Evita malentendidos sobre tus horarios de actividad. <\/b> Mostrar sus per\u00edodos de trabajo sencillos a los clientes en el sitio web har\u00e1 que se dediquen m\u00e1s a su organizaci\u00f3n, ya que podr\u00e1n planificar un pedido o una visita a usted. <\/li><li><b>Muestra los datos de contacto de forma c\u00f3moda. <\/b> Agregar la informaci\u00f3n de contacto a su widget de horario de atenci\u00f3n sin c\u00f3digo le permite crear comunicaci\u00f3n y mejorar las ventas. Demuestre que est\u00e1 aqu\u00ed para responder a sus consultas sobre los productos y servicios de su empresa, lo que generar\u00e1 m\u00e1s lealtad y aprobaci\u00f3n. <\/li><\/ul><div class=\"faq\" data-component=\"FAQ\"><div class=\"faq-item\">\r\n\t\t\t\t\t<div class=\"faq-item-question\">\r\n\t\t\t\t\t\t<h3 class=\"faq-item-question-text\">\u00bfExisten otros complementos para la p\u00e1gina de Facebook que pueda insertar en mi sitio para aumentar las ventas?<\/h3>\r\n\r\n\t\t\t\t\t\t<div class=\"faq-item-question-icon\"><\/div>\r\n\t\t\t\t\t<\/div>\r\n\r\n\t\t\t\t\t<div class=\"faq-item-answer\">\r\n\t\t\t\t\t\t<div class=\"faq-item-answer-text\">Podemos ofrecerle muchos complementos para lograr cualquier tipo de objetivo en su sitio. Compru\u00e9balo t\u00fa mismo: <a href=\"https:\/\/elfsight.com\/google-reviews-widget\/facebook\/\" target=\"_blank\" rel=\"noopener\">Rese\u00f1as de Google<\/a>, <a href=\"https:\/\/elfsight.com\/whatsapp-chat-widget\/facebook\/\" target=\"_blank\" rel=\"noopener\">Chat de WhatsApp<\/a>, <a href=\"https:\/\/elfsight.com\/event-calendar-widget\/facebook\/\" target=\"_blank\" rel=\"noopener\">Calendario de eventos<\/a>, <a href=\"https:\/\/elfsight.com\/countdown-timer-widget\/facebook\/\" target=\"_blank\" rel=\"noopener\">Temporizador de cuenta atr\u00e1s<\/a>, <a href=\"https:\/\/elfsight.com\/qr-code-widget\/facebook\/\" target=\"_blank\" rel=\"noopener\">C\u00f3digo QR<\/a>. <\/div>\r\n\t\t\t\t\t<\/div>\r\n\t\t\t\t<\/div><div class=\"faq-item\">\r\n\t\t\t\t\t<div class=\"faq-item-question\">\r\n\t\t\t\t\t\t<h3 class=\"faq-item-question-text\">\u00bfC\u00f3mo puedo utilizar el horario comercial en la p\u00e1gina de Facebook?<\/h3>\r\n\r\n\t\t\t\t\t\t<div class=\"faq-item-question-icon\"><\/div>\r\n\t\t\t\t\t<\/div>\r\n\r\n\t\t\t\t\t<div class=\"faq-item-answer\">\r\n\t\t\t\t\t\t<div class=\"faq-item-answer-text\">Hay muchas maneras de mejorar las tasas de conversi\u00f3n y las cifras de ventas mediante la adici\u00f3n de un complemento de horario comercial. Con las plantillas de Elfsight para este maravilloso complemento para sitios web, uno puede encontrar t\u00e1cticas personales. Puede mostrar informaci\u00f3n detallada sobre sus per\u00edodos de trabajo y las formas de hablar con usted o simplemente utilizar una barra de estado comercial minimalista. Puede crear tarjetas de contacto con nuestro complemento Horario comercial y colocarlas en las p\u00e1ginas requeridas del sitio web para atraer la atenci\u00f3n e informar a los visitantes sobre su actividad. <\/div>\r\n\t\t\t\t\t<\/div>\r\n\t\t\t\t<\/div><div class=\"faq-item\">\r\n\t\t\t\t\t<div class=\"faq-item-question\">\r\n\t\t\t\t\t\t<h3 class=\"faq-item-question-text\">\u00bfC\u00f3mo integrar el horario comercial de forma gratuita en los sitios web de la p\u00e1gina de Facebook?<\/h3>\r\n\r\n\t\t\t\t\t\t<div class=\"faq-item-question-icon\"><\/div>\r\n\t\t\t\t\t<\/div>\r\n\r\n\t\t\t\t\t<div class=\"faq-item-answer\">\r\n\t\t\t\t\t\t<div class=\"faq-item-answer-text\">Incorporar un complemento de horario comercial en el sitio web de su p\u00e1gina de Facebook es un m\u00e9todo excelente para iniciar la comunicaci\u00f3n con los clientes e informarles sobre su disponibilidad para garantizar las ventas o prestar servicios. Aqu\u00ed est\u00e1n los tutoriales sobre c\u00f3mo agregar el complemento de horario de atenci\u00f3n a su sitio web. <ol><li>Para insertar un complemento de horario comercial de Elfsight de forma gratuita en la p\u00e1gina de Facebook, vaya al sitio web de Elfsight y reg\u00edstrese. <\/li><li>Cree el complemento gratuito Business Hours adaptando su apariencia y configuraci\u00f3n para que coincida con el estilo del sitio web de su p\u00e1gina de Facebook. <\/li><li>Al ajustar su horario comercial sin c\u00f3digo, copie el c\u00f3digo generado y p\u00e9guelo en el sitio web de su p\u00e1gina de Facebook donde desea que se muestre el complemento. <\/li><\/ol>Al integrar su horario comercial en el sitio web de su p\u00e1gina de Facebook, definitivamente mejorar\u00e1 su apariencia visual y lograr\u00e1 una participaci\u00f3n estable del cliente. \u00a1Siente los beneficios del Horario Comercial de Elfsight sin costo alguno para ti! <\/div>\r\n\t\t\t\t\t<\/div>\r\n\t\t\t\t<\/div><\/div><\/div> <div class=\"application-platform-content-item-features application-platform-content-item\" id=\"features\" data-nav-section=\"features\"> <h2>Conozca la lista de las caracter\u00edsticas m\u00e1s \u00fatiles del widget:<\/h2> <ul><li>Muestre la disponibilidad de su empresa en tiempo real<\/li><li>Ajuste simple de los marcos de trabajo<\/li><li>Configuraci\u00f3n de eventos especiales<\/li><li>Situaci\u00f3n en tiempo real status<\/li><li>Tabla insertable o estado que ahorra espacio<\/li><\/ul><p><a href=\"#demo\">Puedes ver lo que vale la pena probar con la demostraci\u00f3n<\/a><\/p><\/div> <div class=\"application-platform-content-item-installation application-platform-content-item\" id=\"installation\" data-nav-section=\"installation\"> <h2>\u00bfC\u00f3mo puedo agregar el horario comercial al sitio web de mi p\u00e1gina de Facebook?<\/h2> <p>Simplemente sigue las instrucciones a continuaci\u00f3n para integrar el complemento. su tiempo de funcionamiento.<\/p> <ol><li><b>Inicie nuestra demostraci\u00f3n y comience a crear su complemento personalizado sin c\u00f3digo. <\/b><br> Determine la interfaz deseada y los par\u00e1metros del complemento y guarde las correcciones. <\/li> <li><b>Reciba el c\u00f3digo individual expuesto en la ventana de Elfsight Apps. <\/b><br>Cuando finalice la generaci\u00f3n de tu aplicaci\u00f3n personal de horas de actividad sin c\u00f3digo, copia el c\u00f3digo exclusivo del cuadro que aparece y gu\u00e1rdalo para futuras ocasiones. <\/li> <li><b>Iniciar el uso de la aplicaci\u00f3n en el sitio de la p\u00e1gina de Facebook. <\/b><br>Integre el c\u00f3digo guardado recientemente en su p\u00e1gina web y guarde las ediciones. <\/li> <li><b>La instalaci\u00f3n de sus horas de operaci\u00f3n sin c\u00f3digo se realiz\u00f3 exitosamente. <\/b><br>Visite su sitio web para comprobar c\u00f3mo se est\u00e1 ejecutando la aplicaci\u00f3n de horarios de atenci\u00f3n. <\/li><\/ol> <p>Si tienes alguna dificultad, no dudes en ponerte en contacto con nuestro equipo de atenci\u00f3n al cliente. Nuestros consultores est\u00e1n deseando ayudarte con todas las dudas que puedas tener con el complemento para la p\u00e1gina de Facebook. <\/p> <\/div>","protected":false},"excerpt":{"rendered":"","protected":false},"author":9,"featured_media":0,"parent":4922,"menu_order":0,"comment_status":"closed","ping_status":"closed","template":"templates\/template-application-platform.php","meta":{"publish_to_discourse":"","publish_post_category":"","wpdc_auto_publish_overridden":"","wpdc_topic_tags":"","wpdc_pin_topic":"","wpdc_pin_until":"","discourse_post_id":"","discourse_permalink":"","wpdc_publishing_response":"","wpdc_publishing_error":"","footnotes":""},"class_list":["post-5530","page","type-page","status-publish","hentry"],"yoast_head":"<!-- This site is optimized with the Yoast SEO plugin v25.3.1 - https:\/\/yoast.com\/wordpress\/plugins\/seo\/ -->\n<title>Agregar horario comercial a la p\u00e1gina de Facebook: insertar widget sin c\u00f3digo<\/title>\n<meta name=\"description\" content=\"Agregue una aplicaci\u00f3n de horario comercial ajustable a la p\u00e1gina de Facebook para mostrar el estado de su negocio. Cree su horario de trabajo personal en la demostraci\u00f3n.\" \/>\n<meta name=\"robots\" content=\"index, follow, max-snippet:-1, max-image-preview:large, max-video-preview:-1\" \/>\n<link rel=\"canonical\" href=\"https:\/\/elfsight.com\/es\/business-hours-widget\/facebook\/\" \/>\n<meta property=\"og:locale\" content=\"es_ES\" \/>\n<meta property=\"og:type\" content=\"article\" \/>\n<meta property=\"og:title\" content=\"Agregar horario comercial a la p\u00e1gina de Facebook: insertar widget sin c\u00f3digo\" \/>\n<meta property=\"og:description\" content=\"Agregue una aplicaci\u00f3n de horario comercial ajustable a la p\u00e1gina de Facebook para mostrar el estado de su negocio. Cree su horario de trabajo personal en la demostraci\u00f3n.\" \/>\n<meta property=\"og:url\" content=\"https:\/\/elfsight.com\/es\/business-hours-widget\/facebook\/\" \/>\n<meta property=\"og:site_name\" content=\"Elfsight ES\" \/>\n<meta property=\"article:modified_time\" content=\"2025-02-06T16:17:03+00:00\" \/>\n<meta name=\"twitter:card\" content=\"summary_large_image\" \/>\n<meta name=\"twitter:label1\" content=\"Tiempo de lectura\" \/>\n\t<meta name=\"twitter:data1\" content=\"5 minutos\" \/>\n<!-- \/ Yoast SEO plugin. -->","yoast_head_json":{"title":"Agregar horario comercial a la p\u00e1gina de Facebook: insertar widget sin c\u00f3digo","description":"Agregue una aplicaci\u00f3n de horario comercial ajustable a la p\u00e1gina de Facebook para mostrar el estado de su negocio. Cree su horario de trabajo personal en la demostraci\u00f3n.","robots":{"index":"index","follow":"follow","max-snippet":"max-snippet:-1","max-image-preview":"max-image-preview:large","max-video-preview":"max-video-preview:-1"},"canonical":"https:\/\/elfsight.com\/es\/business-hours-widget\/facebook\/","og_locale":"es_ES","og_type":"article","og_title":"Agregar horario comercial a la p\u00e1gina de Facebook: insertar widget sin c\u00f3digo","og_description":"Agregue una aplicaci\u00f3n de horario comercial ajustable a la p\u00e1gina de Facebook para mostrar el estado de su negocio. Cree su horario de trabajo personal en la demostraci\u00f3n.","og_url":"https:\/\/elfsight.com\/es\/business-hours-widget\/facebook\/","og_site_name":"Elfsight ES","article_modified_time":"2025-02-06T16:17:03+00:00","twitter_card":"summary_large_image","twitter_misc":{"Tiempo de lectura":"5 minutos"},"schema":{"@context":"https:\/\/schema.org","@graph":[{"@type":"WebPage","@id":"https:\/\/elfsight.com\/es\/business-hours-widget\/facebook\/","url":"https:\/\/elfsight.com\/es\/business-hours-widget\/facebook\/","name":"Agregar horario comercial a la p\u00e1gina de Facebook: insertar widget sin c\u00f3digo","isPartOf":{"@id":"https:\/\/elfsight.com\/es\/#website"},"datePublished":"1970-01-01T00:00:00+00:00","dateModified":"2025-02-06T16:17:03+00:00","description":"Agregue una aplicaci\u00f3n de horario comercial ajustable a la p\u00e1gina de Facebook para mostrar el estado de su negocio. Cree su horario de trabajo personal en la demostraci\u00f3n.","breadcrumb":{"@id":"https:\/\/elfsight.com\/es\/business-hours-widget\/facebook\/#breadcrumb"},"inLanguage":"es","potentialAction":[{"@type":"ReadAction","target":["https:\/\/elfsight.com\/es\/business-hours-widget\/facebook\/"]}]},{"@type":"BreadcrumbList","@id":"https:\/\/elfsight.com\/es\/business-hours-widget\/facebook\/#breadcrumb","itemListElement":[{"@type":"ListItem","position":1,"name":"Home","item":"https:\/\/elfsight.com\/es\/"},{"@type":"ListItem","position":2,"name":"Business Hours","item":"https:\/\/elfsight.com\/es\/business-hours-widget\/"},{"@type":"ListItem","position":3,"name":"Business Hours &#8211; Facebook Page"}]},{"@type":"WebSite","@id":"https:\/\/elfsight.com\/es\/#website","url":"https:\/\/elfsight.com\/es\/","name":"Elfsight ES","description":"Just another Elfsight Sites site","potentialAction":[{"@type":"SearchAction","target":{"@type":"EntryPoint","urlTemplate":"https:\/\/elfsight.com\/es\/?s={search_term_string}"},"query-input":{"@type":"PropertyValueSpecification","valueRequired":true,"valueName":"search_term_string"}}],"inLanguage":"es"}]}},"meta_box":{"industry":"","seo_heading":"","heading":"","description":"","cta_heading":"","cta_description":"","application":"4888","h1":"Widget de horario comercial de la p\u00e1gina de Facebook","h1_caption":"Informe a los clientes sobre su accesibilidad y proporcione datos de contacto.","application_category":[],"applications_title":"","applications_request_title":"","applications_request_button_text":"","hero_text":"","hero_video":"","hero_video_schema_markup":"","selling_points_title":"","selling_points_caption":"","selling_points":[],"selling_points_cta_text":"","features_title":"","features":"","ed_cta_examples_text":"","ed_cta_examples_hidden":"","ed_cta_demo_text":"","ed_cta_demo_hidden":"","why_caption":"","why_editor_title":"","why_editor_text":"","why_team_title":"","why_team_text":"","why_service_title":"","why_service_text":"","template_catalog_visible":"","template_catalog_title":"","template_catalog_text":"","template_catalog_categories_visible":"","demo_title":"Crea tu widget de horario comercial","demo_caption":"\u00a1Configure su horario comercial y agr\u00e9guelo al sitio web de su p\u00e1gina de Facebook de forma gratuita!","default_faq_hidden":"","app_template_category":[],"platform":"64","template_public_id":"","codecanyon_url":"","codecanyon_item_id":"","codecanyon_price":"","pricing_caption":"","pricing_elfsight_apps_hide_column":"","pricing_elfsight_apps_url":"","pricing_codecanyon_price_caption":"","integration_category":[],"integration_request_title":"","integration_request_cta":"","integration_platform":"","integrations":[],"platform_category":[],"video_schema_markup":"","price":"desde $0 \/ mes","trial":"","benefits":[{"text":"Ayuda de instalaci\u00f3n gratuita"},{"text":"Soporte premium"},{"text":"Garant\u00eda de reembolso de 14 d\u00edas"},{"text":"Desarrollo continuo"}],"button_url":"#demo","button_target_blank":"","button_nofollow":"","attributes":[{"name":"Instalaciones","content":"10,000 - 100,000"},{"name":"Sensible","content":"S\u00ed"},{"name":"Navegadores compatibles","content":"Firefox, Safari, Opera, Chrome, Edge"}],"tags":[],"tags_disable_links":"","hide_more_platforms":"","video_object":"","demo_hide_cta":"","demo_hide_cloud_options":"","pricing_title":"","pricing":[{"pricing_icon":"platform","pricing_title":"Elfsight Apps","pricing_title_caption":"Versi\u00f3n multiplataforma que funciona en cualquier sitio web","pricing_price":"desde $0 \/ mes","pricing_price_caption":"comienza con un plan gratuito","pricing_benefits":[{"text":"Sitios web ilimitados"},{"text":"Soporte empresarial premium"},{"text":"Soporte de instalaci\u00f3n gratuito"},{"text":"Dise\u00f1o flexible"}],"pricing_button_text":"A\u00f1adir al sitio web","pricing_button_url":"#demo"}],"related_apps_title":"","related_apps_hidden":"","author":"","image":[],"title":"","job":"","social_networks":[]},"_links":{"self":[{"href":"https:\/\/elfsight.com\/es\/wp-json\/wp\/v2\/pages\/5530","targetHints":{"allow":["GET"]}}],"collection":[{"href":"https:\/\/elfsight.com\/es\/wp-json\/wp\/v2\/pages"}],"about":[{"href":"https:\/\/elfsight.com\/es\/wp-json\/wp\/v2\/types\/page"}],"author":[{"embeddable":true,"href":"https:\/\/elfsight.com\/es\/wp-json\/wp\/v2\/users\/9"}],"replies":[{"embeddable":true,"href":"https:\/\/elfsight.com\/es\/wp-json\/wp\/v2\/comments?post=5530"}],"version-history":[{"count":2,"href":"https:\/\/elfsight.com\/es\/wp-json\/wp\/v2\/pages\/5530\/revisions"}],"predecessor-version":[{"id":19446,"href":"https:\/\/elfsight.com\/es\/wp-json\/wp\/v2\/pages\/5530\/revisions\/19446"}],"up":[{"embeddable":true,"href":"https:\/\/elfsight.com\/es\/wp-json\/wp\/v2\/pages\/4922"}],"wp:attachment":[{"href":"https:\/\/elfsight.com\/es\/wp-json\/wp\/v2\/media?parent=5530"}],"curies":[{"name":"wp","href":"https:\/\/api.w.org\/{rel}","templated":true}]}}