{"id":5525,"date":"1970-01-01T00:00:00","date_gmt":"1970-01-01T00:00:00","guid":{"rendered":"https:\/\/elfsight.com\/es\/?page_id=5525"},"modified":"2025-02-06T16:17:03","modified_gmt":"2025-02-06T16:17:03","slug":"elementor","status":"publish","type":"page","link":"https:\/\/elfsight.com\/es\/business-hours-widget\/elementor\/","title":{"rendered":"Business Hours &#8211; Elementor"},"content":{"rendered":"<div class=\"application-platform-content-item-description application-platform-content-item\" id=\"description\" data-nav-section=\"description\"> <h2>Integre el horario comercial en Elementor con un widget de Elfsight<\/h2> <p>El horario comercial de Elfsight para Elementor es un widget simple sin c\u00f3digo que le permite crear una tarjeta de presentaci\u00f3n llamativa que contiene los detalles m\u00e1s importantes sobre su trabajo. Puede compartir informaci\u00f3n sobre el estado actual de su negocio y proporcionar contactos para sus clientes. El widget le permite proyectar dise\u00f1os f\u00e1ciles de usar, para que los clientes puedan encontrar f\u00e1cilmente toda la informaci\u00f3n requerida de forma breve o m\u00e1s detallada. <\/p><p>El excelente widget ofrece varias plantillas, para que puedas seleccionar la opci\u00f3n m\u00e1s eficiente para tu sitio web. Cada plantilla tiene configuraciones flexibles para ayudarlo a crear un widget personal con elementos necesarios, como botones de pedido y registro, que aumentan las ventas. Agregar los per\u00edodos de trabajo y los datos de contacto de su empresa a su sitio web es absolutamente f\u00e1cil con Elfsight gracias a tutoriales e instrucciones claras. Cualquier usuario puede desarrollar e incrustar el widget de horario comercial sin c\u00f3digo<\/p> <p><b>Integre detalles comerciales en su sitio web para aumentar las ventas y la lealtad de los clientes. Proporcione informaci\u00f3n importante sobre sus per\u00edodos de trabajo de manera clara.<\/b><\/p> <p>Con esta soluci\u00f3n integrada en su sitio web de Elementor, puede hacer que su audiencia sea m\u00e1s consciente de sus procesos y asegurar mejores ventas. Descubra algunos de los mayores resultados positivos para su sitio web al agregarle el widget gratuito de horas de trabajo. <\/p><ul><li><b>Permitir que los clientes lleguen siempre puntuales.<\/b> Incrementar las ventas, por estar constantemente presentes dentro de los periodos laborales establecidos. Los visitantes de su sitio web recordar\u00e1n sus horas de disponibilidad y tendr\u00e1n m\u00e1s confianza para realizar una compra exitosa cuando est\u00e9n listos. <\/li><li><b>Evite la confusi\u00f3n sobre su horario de trabajo.<\/b> Mostrar su horario de trabajo decente a los clientes en el sitio web los har\u00e1 m\u00e1s leales a su organizaci\u00f3n, ya que podr\u00e1n planificar una reserva o una visita. <\/li><li><b>Proporcione informaci\u00f3n de contacto de manera conveniente.<\/b> Agregar la informaci\u00f3n de contacto a su widget de horario de atenci\u00f3n sin c\u00f3digo le permite realizar ventas m\u00e1s r\u00e1pido. Demuestre que est\u00e1 aqu\u00ed para responder a sus inquietudes sobre los productos y servicios de su empresa y generar m\u00e1s lealtad y respeto. <\/li><\/ul><div class=\"faq\" data-component=\"FAQ\"><div class=\"faq-item\">\r\n\t\t\t\t\t<div class=\"faq-item-question\">\r\n\t\t\t\t\t\t<h3 class=\"faq-item-question-text\">\u00bfHay otros complementos para Elementor que pueda insertar en mi sitio web?<\/h3>\r\n\r\n\t\t\t\t\t\t<div class=\"faq-item-question-icon\"><\/div>\r\n\t\t\t\t\t<\/div>\r\n\r\n\t\t\t\t\t<div class=\"faq-item-answer\">\r\n\t\t\t\t\t\t<div class=\"faq-item-answer-text\">Podemos otorgarle muchos complementos para que pueda lograr cualquier tipo de objetivo en su sitio web. A continuaci\u00f3n se muestran algunos ejemplos: <a href=\"https:\/\/elfsight.com\/google-reviews-widget\/elementor\/\" target=\"_blank\" rel=\"noopener\">Rese\u00f1as de Google<\/a>, <a href=\"https:\/\/elfsight.com\/whatsapp-chat-widget\/elementor\/\" target=\"_blank\" rel=\"noopener\">Chat de WhatsApp<\/a>, <a href=\"https:\/\/elfsight.com\/event-calendar-widget\/elementor\/\" target=\"_blank\" rel=\"noopener\">Calendario de eventos<\/a>, <a href=\"https:\/\/elfsight.com\/countdown-timer-widget\/elementor\/\" target=\"_blank\" rel=\"noopener\">Temporizador de cuenta atr\u00e1s<\/a>, <a href=\"https:\/\/elfsight.com\/qr-code-widget\/elementor\/\" target=\"_blank\" rel=\"noopener\">C\u00f3digo QR<\/a>. <\/div>\r\n\t\t\t\t\t<\/div>\r\n\t\t\t\t<\/div><div class=\"faq-item\">\r\n\t\t\t\t\t<div class=\"faq-item-question\">\r\n\t\t\t\t\t\t<h3 class=\"faq-item-question-text\">\u00bfC\u00f3mo puedo lograr resultados con el horario comercial en Elementor?<\/h3>\r\n\r\n\t\t\t\t\t\t<div class=\"faq-item-question-icon\"><\/div>\r\n\t\t\t\t\t<\/div>\r\n\r\n\t\t\t\t\t<div class=\"faq-item-answer\">\r\n\t\t\t\t\t\t<div class=\"faq-item-answer-text\">Accede a muchas formas de mejorar las tasas de conversi\u00f3n y los resultados de ventas agregando un complemento de horario comercial. Con las plantillas de Elfsight para este maravilloso complemento para sitios web, uno puede elegir una estrategia comercial individual. Puede mostrar informaci\u00f3n detallada sobre sus horas de trabajo y las formas de contactarlo o simplemente colocar una barra de estado operativo minimalista. Puede crear tarjetas de contacto con su complemento de horario de atenci\u00f3n y agregarlas a las ubicaciones deseadas del sitio web para atraer la atenci\u00f3n e informar a los clientes sobre su actividad comercial para inspirar las ventas. <\/div>\r\n\t\t\t\t\t<\/div>\r\n\t\t\t\t<\/div><div class=\"faq-item\">\r\n\t\t\t\t\t<div class=\"faq-item-question\">\r\n\t\t\t\t\t\t<h3 class=\"faq-item-question-text\">\u00bfC\u00f3mo insertar un horario comercial de forma gratuita en los sitios web de Elementor?<\/h3>\r\n\r\n\t\t\t\t\t\t<div class=\"faq-item-question-icon\"><\/div>\r\n\t\t\t\t\t<\/div>\r\n\r\n\t\t\t\t\t<div class=\"faq-item-answer\">\r\n\t\t\t\t\t\t<div class=\"faq-item-answer-text\">Incorporar un horario comercial en su sitio web de Elementor es un m\u00e9todo perfecto para iniciar la comunicaci\u00f3n con los visitantes e informarles sobre su horario y estado v\u00e1lidos para realizar ventas u ofrecer servicios. A continuaci\u00f3n se encuentran los tutoriales sobre c\u00f3mo agregar el complemento de horario de atenci\u00f3n sin c\u00f3digo a su sitio web. <ol><li>Cuando necesite incorporar un horario comercial de Elfsight de forma gratuita en Elementor, vaya al sitio web de Elfsight y reg\u00edstrese. <\/li><li>Cree el complemento de horas de actividad gratuito adaptando su apariencia y configuraci\u00f3n para que se adapte al dise\u00f1o de su sitio web Elementor. <\/li><li>Al ajustar su horario comercial, copie el c\u00f3digo generado y p\u00e9guelo en su sitio web de Elementor donde desea que aparezca el complemento. <\/li><\/ol>Al agregar su horario comercial a su sitio web de Elementor, definitivamente mejorar\u00e1 su atractivo visual e inspirar\u00e1 una participaci\u00f3n sostenible del cliente. \u00a1Experimente los beneficios del complemento Horario comercial de Elfsight sin costo alguno para usted! <\/div>\r\n\t\t\t\t\t<\/div>\r\n\t\t\t\t<\/div><\/div><\/div><div class=\"application-platform-content-item-features application-platform-content-item\" id=\"features\" data-nav-section=\"features\"> <h2>El widget ofrece funciones pr\u00e1cticas y sencillas, estas son algunas de ellas:<\/h2> <ul><li>Muestre el estado de su negocio en tiempo real<\/li><li>Ajuste simple del per\u00edodo de trabajo <\/li><li>Configuraci\u00f3n de d\u00edas especiales<\/li><li>Actividad en tiempo real indicaci\u00f3n<\/li><li>Tabla incrustable o estado compacto<\/li><\/ul><p><a href=\"#demo\">Simplemente pruebe esta demostraci\u00f3n para ver cu\u00e1nto vale el widget<\/a><\/p><\/div> <div class=\"application-platform-content-item-installation application-platform-content-item\" id=\"installation\" data-nav-section=\"installation\"> <h2>\u00bfC\u00f3mo incorporo el horario comercial en mi sitio web de Elementor?<\/h2> <p>Simplemente aplique las instrucciones a continuaci\u00f3n para integrar el complemento con sus per\u00edodos de disponibilidad.<\/p> <ol><li><b>Emplee nuestra demostraci\u00f3n y comience a crear su complemento personalizado sin c\u00f3digo.<\/b><br> Especifique el dise\u00f1o preferible y las especificaciones del complemento y guarde las modificaciones. <\/li> <li><b>Reciba el c\u00f3digo individual que aparece en la ventana de Elfsight Apps.<\/b><br> Cuando finalice su widget de horas de operaci\u00f3n sin c\u00f3digo, copie el c\u00f3digo de la ventana que aparece y gu\u00e1rdelo. <\/li> <li><b>Comience a usar el complemento en su sitio Elementor.<\/b><br> Integre el c\u00f3digo que copi\u00f3 recientemente en su p\u00e1gina de inicio y guarde los ajustes. <\/li> <li><b>\u00a1Listo! La incorporaci\u00f3n de su horario comercial sin c\u00f3digo se realiz\u00f3 correctamente.<\/b><br> Visite su sitio web para ver c\u00f3mo funciona la aplicaci\u00f3n de horario comercial agregado. <\/li><\/ol> <p>En caso de que encuentre algunas complicaciones, no dude en ponerse en contacto con nuestro equipo de atenci\u00f3n al cliente. Nuestros consultores estar\u00e1n encantados de ayudarle con todas las preguntas que pueda tener sobre el complemento para Elementor. <\/p><\/div>","protected":false},"excerpt":{"rendered":"","protected":false},"author":9,"featured_media":0,"parent":4922,"menu_order":0,"comment_status":"closed","ping_status":"closed","template":"templates\/template-application-platform.php","meta":{"publish_to_discourse":"","publish_post_category":"","wpdc_auto_publish_overridden":"","wpdc_topic_tags":"","wpdc_pin_topic":"","wpdc_pin_until":"","discourse_post_id":"","discourse_permalink":"","wpdc_publishing_response":"","wpdc_publishing_error":"","footnotes":""},"class_list":["post-5525","page","type-page","status-publish","hentry"],"yoast_head":"<!-- This site is optimized with the Yoast SEO plugin v25.3.1 - https:\/\/yoast.com\/wordpress\/plugins\/seo\/ -->\n<title>Agregar horario comercial a Elementor: insertar detalles de contacto en el sitio<\/title>\n<meta name=\"description\" content=\"Integre una aplicaci\u00f3n de horario comercial ajustable en Elementor para mostrar el estado de su actividad. Cree su horario de atenci\u00f3n personal en la demostraci\u00f3n.\" \/>\n<meta name=\"robots\" content=\"index, follow, max-snippet:-1, max-image-preview:large, max-video-preview:-1\" \/>\n<link rel=\"canonical\" href=\"https:\/\/elfsight.com\/es\/business-hours-widget\/elementor\/\" \/>\n<meta property=\"og:locale\" content=\"es_ES\" \/>\n<meta property=\"og:type\" content=\"article\" \/>\n<meta property=\"og:title\" content=\"Agregar horario comercial a Elementor: insertar detalles de contacto en el sitio\" \/>\n<meta property=\"og:description\" content=\"Integre una aplicaci\u00f3n de horario comercial ajustable en Elementor para mostrar el estado de su actividad. Cree su horario de atenci\u00f3n personal en la demostraci\u00f3n.\" \/>\n<meta property=\"og:url\" content=\"https:\/\/elfsight.com\/es\/business-hours-widget\/elementor\/\" \/>\n<meta property=\"og:site_name\" content=\"Elfsight ES\" \/>\n<meta property=\"article:modified_time\" content=\"2025-02-06T16:17:03+00:00\" \/>\n<meta name=\"twitter:card\" content=\"summary_large_image\" \/>\n<meta name=\"twitter:label1\" content=\"Tiempo de lectura\" \/>\n\t<meta name=\"twitter:data1\" content=\"5 minutos\" \/>\n<!-- \/ Yoast SEO plugin. -->","yoast_head_json":{"title":"Agregar horario comercial a Elementor: insertar detalles de contacto en el sitio","description":"Integre una aplicaci\u00f3n de horario comercial ajustable en Elementor para mostrar el estado de su actividad. Cree su horario de atenci\u00f3n personal en la demostraci\u00f3n.","robots":{"index":"index","follow":"follow","max-snippet":"max-snippet:-1","max-image-preview":"max-image-preview:large","max-video-preview":"max-video-preview:-1"},"canonical":"https:\/\/elfsight.com\/es\/business-hours-widget\/elementor\/","og_locale":"es_ES","og_type":"article","og_title":"Agregar horario comercial a Elementor: insertar detalles de contacto en el sitio","og_description":"Integre una aplicaci\u00f3n de horario comercial ajustable en Elementor para mostrar el estado de su actividad. Cree su horario de atenci\u00f3n personal en la demostraci\u00f3n.","og_url":"https:\/\/elfsight.com\/es\/business-hours-widget\/elementor\/","og_site_name":"Elfsight ES","article_modified_time":"2025-02-06T16:17:03+00:00","twitter_card":"summary_large_image","twitter_misc":{"Tiempo de lectura":"5 minutos"},"schema":{"@context":"https:\/\/schema.org","@graph":[{"@type":"WebPage","@id":"https:\/\/elfsight.com\/es\/business-hours-widget\/elementor\/","url":"https:\/\/elfsight.com\/es\/business-hours-widget\/elementor\/","name":"Agregar horario comercial a Elementor: insertar detalles de contacto en el sitio","isPartOf":{"@id":"https:\/\/elfsight.com\/es\/#website"},"datePublished":"1970-01-01T00:00:00+00:00","dateModified":"2025-02-06T16:17:03+00:00","description":"Integre una aplicaci\u00f3n de horario comercial ajustable en Elementor para mostrar el estado de su actividad. Cree su horario de atenci\u00f3n personal en la demostraci\u00f3n.","breadcrumb":{"@id":"https:\/\/elfsight.com\/es\/business-hours-widget\/elementor\/#breadcrumb"},"inLanguage":"es","potentialAction":[{"@type":"ReadAction","target":["https:\/\/elfsight.com\/es\/business-hours-widget\/elementor\/"]}]},{"@type":"BreadcrumbList","@id":"https:\/\/elfsight.com\/es\/business-hours-widget\/elementor\/#breadcrumb","itemListElement":[{"@type":"ListItem","position":1,"name":"Home","item":"https:\/\/elfsight.com\/es\/"},{"@type":"ListItem","position":2,"name":"Business Hours","item":"https:\/\/elfsight.com\/es\/business-hours-widget\/"},{"@type":"ListItem","position":3,"name":"Business Hours &#8211; Elementor"}]},{"@type":"WebSite","@id":"https:\/\/elfsight.com\/es\/#website","url":"https:\/\/elfsight.com\/es\/","name":"Elfsight ES","description":"Just another Elfsight Sites site","potentialAction":[{"@type":"SearchAction","target":{"@type":"EntryPoint","urlTemplate":"https:\/\/elfsight.com\/es\/?s={search_term_string}"},"query-input":{"@type":"PropertyValueSpecification","valueRequired":true,"valueName":"search_term_string"}}],"inLanguage":"es"}]}},"meta_box":{"industry":"","seo_heading":"","heading":"","description":"","cta_heading":"","cta_description":"","application":"4888","h1":"Widget de horario comercial de Elementor","h1_caption":"Informe a los clientes sobre su horario y proporcione datos de contacto.","application_category":[],"applications_title":"","applications_request_title":"","applications_request_button_text":"","hero_text":"","hero_video":"","hero_video_schema_markup":"","selling_points_title":"","selling_points_caption":"","selling_points":[],"selling_points_cta_text":"","features_title":"","features":"","ed_cta_examples_text":"","ed_cta_examples_hidden":"","ed_cta_demo_text":"","ed_cta_demo_hidden":"","why_caption":"","why_editor_title":"","why_editor_text":"","why_team_title":"","why_team_text":"","why_service_title":"","why_service_text":"","template_catalog_visible":"","template_catalog_title":"","template_catalog_text":"","template_catalog_categories_visible":"","demo_title":"Crea tu widget de horario comercial","demo_caption":"\u00a1Configure su horario comercial y agr\u00e9guelo a su sitio web de Elementor gratis!","default_faq_hidden":"","app_template_category":[],"platform":"58","template_public_id":"","codecanyon_url":"","codecanyon_item_id":"","codecanyon_price":"","pricing_caption":"","pricing_elfsight_apps_hide_column":"","pricing_elfsight_apps_url":"","pricing_codecanyon_price_caption":"","integration_category":[],"integration_request_title":"","integration_request_cta":"","integration_platform":"","integrations":[],"platform_category":[],"video_schema_markup":"","price":"desde $0 \/ mes","trial":"","benefits":[{"text":"Ayuda de instalaci\u00f3n gratuita"},{"text":"Soporte premium"},{"text":"Garant\u00eda de devoluci\u00f3n de dinero de 14 d\u00edas"},{"text":"Actualizando constantemente"}],"button_url":"#demo","button_target_blank":"","button_nofollow":"","attributes":[{"name":"Instalaciones","content":"10,000 - 100,000"},{"name":"Sensible","content":"S\u00ed"},{"name":"Navegadores compatibles","content":"Firefox, Safari, Opera, Chrome, Edge"}],"tags":[],"tags_disable_links":"","hide_more_platforms":"","video_object":"","demo_hide_cta":"","demo_hide_cloud_options":"","pricing_title":"","pricing":[{"pricing_icon":"platform","pricing_title":"Elfsight Apps","pricing_title_caption":"Software independiente de la plataforma que funciona en cualquier sitio","pricing_price":"desde $0 \/ mes","pricing_price_caption":"comienza con un plan gratuito","pricing_benefits":[{"text":"Sitios web ilimitados"},{"text":"Soporte premium y puntual"},{"text":"Servicio de instalaci\u00f3n gratuito"},{"text":"Totalmente personalizable"}],"pricing_button_text":"A\u00f1adir al sitio web","pricing_button_url":"#demo"}],"related_apps_title":"","related_apps_hidden":"","author":"","image":[],"title":"","job":"","social_networks":[]},"_links":{"self":[{"href":"https:\/\/elfsight.com\/es\/wp-json\/wp\/v2\/pages\/5525","targetHints":{"allow":["GET"]}}],"collection":[{"href":"https:\/\/elfsight.com\/es\/wp-json\/wp\/v2\/pages"}],"about":[{"href":"https:\/\/elfsight.com\/es\/wp-json\/wp\/v2\/types\/page"}],"author":[{"embeddable":true,"href":"https:\/\/elfsight.com\/es\/wp-json\/wp\/v2\/users\/9"}],"replies":[{"embeddable":true,"href":"https:\/\/elfsight.com\/es\/wp-json\/wp\/v2\/comments?post=5525"}],"version-history":[{"count":2,"href":"https:\/\/elfsight.com\/es\/wp-json\/wp\/v2\/pages\/5525\/revisions"}],"predecessor-version":[{"id":19447,"href":"https:\/\/elfsight.com\/es\/wp-json\/wp\/v2\/pages\/5525\/revisions\/19447"}],"up":[{"embeddable":true,"href":"https:\/\/elfsight.com\/es\/wp-json\/wp\/v2\/pages\/4922"}],"wp:attachment":[{"href":"https:\/\/elfsight.com\/es\/wp-json\/wp\/v2\/media?parent=5525"}],"curies":[{"name":"wp","href":"https:\/\/api.w.org\/{rel}","templated":true}]}}