{"id":5523,"date":"1970-01-01T00:00:00","date_gmt":"1970-01-01T00:00:00","guid":{"rendered":"https:\/\/elfsight.com\/es\/?page_id=5523"},"modified":"2025-02-06T16:17:12","modified_gmt":"2025-02-06T16:17:12","slug":"blogger","status":"publish","type":"page","link":"https:\/\/elfsight.com\/es\/business-hours-widget\/blogger\/","title":{"rendered":"Business Hours &#8211; Blogger"},"content":{"rendered":"<div class=\"application-platform-content-item-description application-platform-content-item\" id=\"description\" data-nav-section=\"description\"> <h2>Integre el horario comercial en Blogger con un widget de Elfsight<\/h2> <p>El horario comercial de Elfsight para Blogger es un widget simple sin c\u00f3digo que le permite proyectar una tarjeta de presentaci\u00f3n llamativa que contiene la informaci\u00f3n principal sobre su trabajo. Puede mostrar informaci\u00f3n sobre su estado laboral actual y habilitar contactos para su audiencia. El widget le permite inventar dise\u00f1os f\u00e1ciles de usar, para que los clientes puedan encontrar f\u00e1cilmente todos los datos requeridos en breve o con m\u00e1s detalle. <\/p><p>El fant\u00e1stico widget ofrece algunas plantillas para que puedas seleccionar la mejor opci\u00f3n para tu sitio web. Cada plantilla contiene configuraciones para ayudarlo a formar un widget con los elementos necesarios que aumentan las ventas. Integrar el horario laboral y la informaci\u00f3n de contacto de su empresa en su sitio web es muy f\u00e1cil con Elfsight gracias a tutoriales y pautas sencillos. Cualquier propietario de un sitio web puede crear y agregar el widget de horario comercial sin c\u00f3digo de forma gratuita<\/p> <p><b>Incorpore detalles comerciales en su sitio web para aumentar las tasas de ventas y la credibilidad del cliente. Muestra informaci\u00f3n importante sobre tus periodos de trabajo f\u00e1cilmente. <\/b><\/p> <p>Con este widget en tu sitio web de Blogger, puedes hacer que tus clientes conozcan mejor tu negocio y obtengan m\u00e1s ventas. Vea algunos beneficios clave para su sitio web al agregarle el widget de marcos de trabajo gratuito. <\/p><ul><li><b>Que los clientes lleguen siempre a tiempo. <\/b> Potenciar las ventas, al estar seguramente en contacto en el horario laboral indicado. Los visitantes de su sitio web tendr\u00e1n en cuenta su horario comercial y tendr\u00e1n m\u00e1s confianza para realizar una compra exitosa cuando sea necesario. <\/li><li><b>Evite malentendidos sobre sus horarios de atenci\u00f3n. <\/b> Mostrar sus per\u00edodos de trabajo claros a los clientes en el sitio web har\u00e1 que se dediquen m\u00e1s a su marca, ya que podr\u00e1n planificar un pedido o una visita. <\/li><li><b>Proporcionar contactos de manera visible. <\/b> Agregar los datos de contacto a su widget de horas de operaci\u00f3n sin c\u00f3digo le permite establecer comunicaci\u00f3n y mejorar las ventas. Demuestre que est\u00e1 aqu\u00ed para responder a sus preguntas sobre los productos y servicios de su empresa, lo que generar\u00e1 m\u00e1s confianza y respeto. <\/li><\/ul><div class=\"faq\" data-component=\"FAQ\"><div class=\"faq-item\">\r\n\t\t\t\t\t<div class=\"faq-item-question\">\r\n\t\t\t\t\t\t<h3 class=\"faq-item-question-text\">\u00bfTiene alg\u00fan otro complemento para Blogger que pueda tener en mi sitio web para obtener m\u00e1s ventas?<\/h3>\r\n\r\n\t\t\t\t\t\t<div class=\"faq-item-question-icon\"><\/div>\r\n\t\t\t\t\t<\/div>\r\n\r\n\t\t\t\t\t<div class=\"faq-item-answer\">\r\n\t\t\t\t\t\t<div class=\"faq-item-answer-text\">Podemos otorgarle muchos complementos que se adaptan a cualquier tipo de tarea en su sitio. Estos son solo algunos ejemplos: <a href=\"https:\/\/elfsight.com\/google-reviews-widget\/blogger\/\" target=\"_blank\" rel=\"noopener\">Rese\u00f1as de Google<\/a>, <a href=\"https:\/\/elfsight.com\/whatsapp-chat-widget\/blogger\/\" target=\"_blank\" rel=\"noopener\">Chat de WhatsApp<\/a>, <a href=\"https:\/\/elfsight.com\/event-calendar-widget\/blogger\/\" target=\"_blank\" rel=\"noopener\">Calendario de eventos<\/a>, <a href=\"https:\/\/elfsight.com\/countdown-timer-widget\/blogger\/\" target=\"_blank\" rel=\"noopener\">Temporizador de cuenta atr\u00e1s<\/a>, <a href=\"https:\/\/elfsight.com\/qr-code-widget\/blogger\/\" target=\"_blank\" rel=\"noopener\">C\u00f3digo QR<\/a>. <\/div>\r\n\t\t\t\t\t<\/div>\r\n\t\t\t\t<\/div><div class=\"faq-item\">\r\n\t\t\t\t\t<div class=\"faq-item-question\">\r\n\t\t\t\t\t\t<h3 class=\"faq-item-question-text\">\u00bfC\u00f3mo puedo lograr resultados con el horario comercial en el sitio web de Blogger?<\/h3>\r\n\r\n\t\t\t\t\t\t<div class=\"faq-item-question-icon\"><\/div>\r\n\t\t\t\t\t<\/div>\r\n\r\n\t\t\t\t\t<div class=\"faq-item-answer\">\r\n\t\t\t\t\t\t<div class=\"faq-item-answer-text\">Tienes muchas formas de mejorar las tasas de conversi\u00f3n y las cifras de ventas agregando un complemento de horario comercial. Con las plantillas de Elfsight para este extraordinario complemento para sitios, puede crear una estrategia comercial individual. Puede mostrar informaci\u00f3n ampliada sobre sus horas de operaci\u00f3n y herramientas para hablar con usted o simplemente incorporar una barra de estado operativo minimalista. Puede crear tarjetas de contacto con su complemento de Horario comercial y agregarlas a \u00e1reas preferibles del sitio web para captar la atenci\u00f3n e informar a la audiencia sobre su actividad. <\/div>\r\n\t\t\t\t\t<\/div>\r\n\t\t\t\t<\/div><div class=\"faq-item\">\r\n\t\t\t\t\t<div class=\"faq-item-question\">\r\n\t\t\t\t\t\t<h3 class=\"faq-item-question-text\">\u00bfC\u00f3mo insertar el complemento de Horario comercial de forma gratuita en los sitios web de Blogger?<\/h3>\r\n\r\n\t\t\t\t\t\t<div class=\"faq-item-question-icon\"><\/div>\r\n\t\t\t\t\t<\/div>\r\n\r\n\t\t\t\t\t<div class=\"faq-item-answer\">\r\n\t\t\t\t\t\t<div class=\"faq-item-answer-text\">Incorporar un complemento de Horario comercial en su sitio web de Blogger es una manera f\u00e1cil de iniciar la comunicaci\u00f3n con los clientes e informarles sobre su disposici\u00f3n para garantizar ventas o brindar servicios. Ofrecemos algunos tutoriales sobre c\u00f3mo agregar el complemento de horas de operaci\u00f3n sin c\u00f3digo a su sitio web. <ol><li>Para integrar un horario comercial de Elfsight en Blogger, vaya al sitio web de Elfsight y reg\u00edstrese. <\/li><li>Cree el horario comercial gratuito y sin c\u00f3digo adaptando su apariencia y configuraci\u00f3n para que se adapte al dise\u00f1o de su sitio web de Blogger. <\/li><li>Despu\u00e9s de configurar su horario comercial, copie el fragmento de c\u00f3digo especial y p\u00e9guelo en el HTML de su sitio web de Blogger donde desea que aparezca el complemento. <\/li><\/ol>Al insertar su horario comercial en su sitio web de Blogger, aumentar\u00e1 su magnetismo visual y aumentar\u00e1 la participaci\u00f3n continua del cliente. \u00a1Descubre las ventajas del Horario Comercial de Elfsight sin coste alguno para ti! <\/div>\r\n\t\t\t\t\t<\/div>\r\n\t\t\t\t<\/div><\/div><\/div> <div class=\"application-platform-content-item-features application-platform-content-item\" id=\"features\" data-nav-section=\"features\"> <h2>Consulta la lista de las funciones m\u00e1s potentes:<\/h2> <ul><li>Muestra la disponibilidad en tiempo real de tu empresa<\/li><li>F\u00e1cil ajuste de marcos de operaci\u00f3n<\/li><li>Configuraci\u00f3n de d\u00edas especiales<\/li><li>Indicaci\u00f3n de actividad comercial actual<\/li><li>Gr\u00e1fico insertable o estado de uso eficiente del espacio<\/li><\/ul><p><a href=\"#demo\">Puedes descubrir la funcionalidad completa del widget en la demostraci\u00f3n ahora mismo<\/a><\/p><\/div> <div class=\"application-platform-content-item-installation application-platform-content-item\" id=\"installation\" data-nav-section=\"installation\"> <h2>\u00bfC\u00f3mo puedo incorporar el horario comercial en mi sitio web de Blogger?<\/h2> <p>Simplemente sigue las instrucciones a continuaci\u00f3n para el complemento con tus turnos de trabajo. <\/p> <ol><li><b>Utilice nuestra demostraci\u00f3n y comience a crear su complemento personalizado sin c\u00f3digo. <\/b><br> Determine el aspecto y las caracter\u00edsticas preferidas del complemento y guarde las correcciones. <\/li> <li><b>Adquiera su c\u00f3digo de inserci\u00f3n personal que aparece en el cuadro de Elfsight Apps. <\/b><br> Inmediatamente despu\u00e9s de configurar su soluci\u00f3n de horas de actividad sin c\u00f3digo, copie el c\u00f3digo exclusivo de la ventana que aparece y gu\u00e1rdelo para futuras necesidades. <\/li> <li><b>Iniciar la inserci\u00f3n del complemento en la p\u00e1gina web de Blogger. <\/b><br>Coloque el c\u00f3digo copiado recientemente en su sitio y aplique las ediciones. <\/li> <li><b>La configuraci\u00f3n de su horario de atenci\u00f3n ha finalizado por completo. <\/b><br> Vaya a su sitio web para ver en acci\u00f3n c\u00f3mo se ejecuta el complemento de horas de operaci\u00f3n agregadas. <\/li><\/ol> <p>Si tiene alguna consulta o tiene alg\u00fan problema, comun\u00edquese con nuestro personal de servicio al cliente. Nuestros consultores est\u00e1n deseando resolver todos los problemas que puedas tener con el producto para Blogger. <\/p> <\/div>","protected":false},"excerpt":{"rendered":"","protected":false},"author":9,"featured_media":0,"parent":4922,"menu_order":0,"comment_status":"closed","ping_status":"closed","template":"templates\/template-application-platform.php","meta":{"publish_to_discourse":"","publish_post_category":"","wpdc_auto_publish_overridden":"","wpdc_topic_tags":"","wpdc_pin_topic":"","wpdc_pin_until":"","discourse_post_id":"","discourse_permalink":"","wpdc_publishing_response":"","wpdc_publishing_error":"","footnotes":""},"class_list":["post-5523","page","type-page","status-publish","hentry"],"yoast_head":"<!-- This site is optimized with the Yoast SEO plugin v25.3.1 - https:\/\/yoast.com\/wordpress\/plugins\/seo\/ -->\n<title>Agregar horario comercial a Blogger: insertar horario laboral en el sitio web<\/title>\n<meta name=\"description\" content=\"Coloque un widget de horario comercial personalizable en Blogger para compartir su estado laboral. Crea tu propio horario de trabajo usando la demostraci\u00f3n.\" \/>\n<meta name=\"robots\" content=\"index, follow, max-snippet:-1, max-image-preview:large, max-video-preview:-1\" \/>\n<link rel=\"canonical\" href=\"https:\/\/elfsight.com\/es\/business-hours-widget\/blogger\/\" \/>\n<meta property=\"og:locale\" content=\"es_ES\" \/>\n<meta property=\"og:type\" content=\"article\" \/>\n<meta property=\"og:title\" content=\"Agregar horario comercial a Blogger: insertar horario laboral en el sitio web\" \/>\n<meta property=\"og:description\" content=\"Coloque un widget de horario comercial personalizable en Blogger para compartir su estado laboral. Crea tu propio horario de trabajo usando la demostraci\u00f3n.\" \/>\n<meta property=\"og:url\" content=\"https:\/\/elfsight.com\/es\/business-hours-widget\/blogger\/\" \/>\n<meta property=\"og:site_name\" content=\"Elfsight ES\" \/>\n<meta property=\"article:modified_time\" content=\"2025-02-06T16:17:12+00:00\" \/>\n<meta name=\"twitter:card\" content=\"summary_large_image\" \/>\n<meta name=\"twitter:label1\" content=\"Tiempo de lectura\" \/>\n\t<meta name=\"twitter:data1\" content=\"5 minutos\" \/>\n<!-- \/ Yoast SEO plugin. -->","yoast_head_json":{"title":"Agregar horario comercial a Blogger: insertar horario laboral en el sitio web","description":"Coloque un widget de horario comercial personalizable en Blogger para compartir su estado laboral. Crea tu propio horario de trabajo usando la demostraci\u00f3n.","robots":{"index":"index","follow":"follow","max-snippet":"max-snippet:-1","max-image-preview":"max-image-preview:large","max-video-preview":"max-video-preview:-1"},"canonical":"https:\/\/elfsight.com\/es\/business-hours-widget\/blogger\/","og_locale":"es_ES","og_type":"article","og_title":"Agregar horario comercial a Blogger: insertar horario laboral en el sitio web","og_description":"Coloque un widget de horario comercial personalizable en Blogger para compartir su estado laboral. Crea tu propio horario de trabajo usando la demostraci\u00f3n.","og_url":"https:\/\/elfsight.com\/es\/business-hours-widget\/blogger\/","og_site_name":"Elfsight ES","article_modified_time":"2025-02-06T16:17:12+00:00","twitter_card":"summary_large_image","twitter_misc":{"Tiempo de lectura":"5 minutos"},"schema":{"@context":"https:\/\/schema.org","@graph":[{"@type":"WebPage","@id":"https:\/\/elfsight.com\/es\/business-hours-widget\/blogger\/","url":"https:\/\/elfsight.com\/es\/business-hours-widget\/blogger\/","name":"Agregar horario comercial a Blogger: insertar horario laboral en el sitio web","isPartOf":{"@id":"https:\/\/elfsight.com\/es\/#website"},"datePublished":"1970-01-01T00:00:00+00:00","dateModified":"2025-02-06T16:17:12+00:00","description":"Coloque un widget de horario comercial personalizable en Blogger para compartir su estado laboral. Crea tu propio horario de trabajo usando la demostraci\u00f3n.","breadcrumb":{"@id":"https:\/\/elfsight.com\/es\/business-hours-widget\/blogger\/#breadcrumb"},"inLanguage":"es","potentialAction":[{"@type":"ReadAction","target":["https:\/\/elfsight.com\/es\/business-hours-widget\/blogger\/"]}]},{"@type":"BreadcrumbList","@id":"https:\/\/elfsight.com\/es\/business-hours-widget\/blogger\/#breadcrumb","itemListElement":[{"@type":"ListItem","position":1,"name":"Home","item":"https:\/\/elfsight.com\/es\/"},{"@type":"ListItem","position":2,"name":"Business Hours","item":"https:\/\/elfsight.com\/es\/business-hours-widget\/"},{"@type":"ListItem","position":3,"name":"Business Hours &#8211; Blogger"}]},{"@type":"WebSite","@id":"https:\/\/elfsight.com\/es\/#website","url":"https:\/\/elfsight.com\/es\/","name":"Elfsight ES","description":"Just another Elfsight Sites site","potentialAction":[{"@type":"SearchAction","target":{"@type":"EntryPoint","urlTemplate":"https:\/\/elfsight.com\/es\/?s={search_term_string}"},"query-input":{"@type":"PropertyValueSpecification","valueRequired":true,"valueName":"search_term_string"}}],"inLanguage":"es"}]}},"meta_box":{"industry":"","seo_heading":"","heading":"","description":"","cta_heading":"","cta_description":"","application":"4888","h1":"Widget de horario comercial de BigCommerce","h1_caption":"Informe a los clientes sobre su accesibilidad y proporcione contactos","application_category":[],"applications_title":"","applications_request_title":"","applications_request_button_text":"","hero_text":"","hero_video":"","hero_video_schema_markup":"","selling_points_title":"","selling_points_caption":"","selling_points":[],"selling_points_cta_text":"","features_title":"","features":"","ed_cta_examples_text":"","ed_cta_examples_hidden":"","ed_cta_demo_text":"","ed_cta_demo_hidden":"","why_caption":"","why_editor_title":"","why_editor_text":"","why_team_title":"","why_team_text":"","why_service_title":"","why_service_text":"","template_catalog_visible":"","template_catalog_title":"","template_catalog_text":"","template_catalog_categories_visible":"","demo_title":"Crea tu widget de horario comercial","demo_caption":"Configure su horario comercial y agr\u00e9guelo a su sitio web de Blogger de forma gratuita.","default_faq_hidden":"","app_template_category":[],"platform":"39","template_public_id":"","codecanyon_url":"","codecanyon_item_id":"","codecanyon_price":"","pricing_caption":"","pricing_elfsight_apps_hide_column":"","pricing_elfsight_apps_url":"","pricing_codecanyon_price_caption":"","integration_category":[],"integration_request_title":"","integration_request_cta":"","integration_platform":"","integrations":[],"platform_category":[],"video_schema_markup":"","price":"desde $0 \/ mes","trial":"","benefits":[{"text":"Servicio de instalaci\u00f3n gratuito"},{"text":"Soporte excepcional"},{"text":"Garant\u00eda de devoluci\u00f3n de dinero de 14 d\u00edas"},{"text":"Actualizando constantemente"}],"button_url":"#demo","button_target_blank":"","button_nofollow":"","attributes":[{"name":"Instalaciones","content":"10,000 - 100,000"},{"name":"Sensible","content":"S\u00ed"},{"name":"Navegadores compatibles","content":"Firefox, Safari, Opera, Chrome, Edge"}],"tags":[],"tags_disable_links":"","hide_more_platforms":"","video_object":"","demo_hide_cta":"","demo_hide_cloud_options":"","pricing_title":"","pricing":[{"pricing_icon":"platform","pricing_title":"Elfsight Apps","pricing_title_caption":"Soluci\u00f3n digital independiente de plataforma que funciona en cualquier sitio web","pricing_price":"desde $0 \/ mes","pricing_price_caption":"comienza con un plan gratuito","pricing_benefits":[{"text":"Dominios ilimitados"},{"text":"Soporte gratuito"},{"text":"Ayuda de instalaci\u00f3n gratuita"},{"text":"100% personalizable"}],"pricing_button_text":"A\u00f1adir al sitio web","pricing_button_url":"#demo"}],"related_apps_title":"","related_apps_hidden":"","author":"","image":[],"title":"","job":"","social_networks":[]},"_links":{"self":[{"href":"https:\/\/elfsight.com\/es\/wp-json\/wp\/v2\/pages\/5523","targetHints":{"allow":["GET"]}}],"collection":[{"href":"https:\/\/elfsight.com\/es\/wp-json\/wp\/v2\/pages"}],"about":[{"href":"https:\/\/elfsight.com\/es\/wp-json\/wp\/v2\/types\/page"}],"author":[{"embeddable":true,"href":"https:\/\/elfsight.com\/es\/wp-json\/wp\/v2\/users\/9"}],"replies":[{"embeddable":true,"href":"https:\/\/elfsight.com\/es\/wp-json\/wp\/v2\/comments?post=5523"}],"version-history":[{"count":2,"href":"https:\/\/elfsight.com\/es\/wp-json\/wp\/v2\/pages\/5523\/revisions"}],"predecessor-version":[{"id":19449,"href":"https:\/\/elfsight.com\/es\/wp-json\/wp\/v2\/pages\/5523\/revisions\/19449"}],"up":[{"embeddable":true,"href":"https:\/\/elfsight.com\/es\/wp-json\/wp\/v2\/pages\/4922"}],"wp:attachment":[{"href":"https:\/\/elfsight.com\/es\/wp-json\/wp\/v2\/media?parent=5523"}],"curies":[{"name":"wp","href":"https:\/\/api.w.org\/{rel}","templated":true}]}}