{"id":5515,"date":"1970-01-01T00:00:00","date_gmt":"1970-01-01T00:00:00","guid":{"rendered":"https:\/\/elfsight.com\/es\/?page_id=5515"},"modified":"2025-02-06T16:17:21","modified_gmt":"2025-02-06T16:17:21","slug":"wix","status":"publish","type":"page","link":"https:\/\/elfsight.com\/es\/tripadvisor-reviews-widget\/wix\/","title":{"rendered":"Tripadvisor Reviews &#8211; Wix"},"content":{"rendered":"<div class=\"application-platform-content-item-description application-platform-content-item\" id=\"description\" data-nav-section=\"description\"> <h2>Descripci\u00f3n<\/h2> <p>Si necesita demostrar su aprecio por parte de los clientes y convencer a los visitantes del sitio web de que vale la pena gastar dinero en sus ofertas, Elfsight Tripadvisor Reviews se adapta perfectamente a sus necesidades. Con este widget, podr\u00e1 insertar r\u00e1pidamente rese\u00f1as de clientes de Tripadvisor en su sitio web con informaci\u00f3n sobre sus autores, ordenarlas para mostrar solo positivas, mostrar calificaciones y un bot\u00f3n de solicitud de rese\u00f1a que llevar\u00e1 a los usuarios a su p\u00e1gina de Tripadvisor, donde podr\u00e1n escribir una rese\u00f1a nueva. <\/p><div class=\"faq\" data-component=\"FAQ\"> <div class=\"faq-item\">\r\n\t\t\t\t\t<div class=\"faq-item-question\">\r\n\t\t\t\t\t\t<h3 class=\"faq-item-question-text\">\u00bfD\u00f3nde puedo insertar el widget en mi sitio web?<\/h3>\r\n\r\n\t\t\t\t\t\t<div class=\"faq-item-question-icon\"><\/div>\r\n\t\t\t\t\t<\/div>\r\n\r\n\t\t\t\t\t<div class=\"faq-item-answer\">\r\n\t\t\t\t\t\t<div class=\"faq-item-answer-text\"> <p>El widget se puede configurar en cualquier p\u00e1gina en la que desee demostrar su alta calificaci\u00f3n y popularidad entre los clientes. Si lo necesita en todas las p\u00e1ginas del sitio, simplemente puede introducirlo en la plantilla del sitio web. <\/p><\/div>\r\n\t\t\t\t\t<\/div>\r\n\t\t\t\t<\/div> <div class=\"faq-item\">\r\n\t\t\t\t\t<div class=\"faq-item-question\">\r\n\t\t\t\t\t\t<h3 class=\"faq-item-question-text\">\u00bfC\u00f3mo podr\u00eda beneficiarme de este complemento? <\/h3>\r\n\r\n\t\t\t\t\t\t<div class=\"faq-item-question-icon\"><\/div>\r\n\t\t\t\t\t<\/div>\r\n\r\n\t\t\t\t\t<div class=\"faq-item-answer\">\r\n\t\t\t\t\t\t<div class=\"faq-item-answer-text\"> <p>Las rese\u00f1as agregadas por personas reales parecen realmente cre\u00edbles para los usuarios de su sitio y les muestran que su empresa es un socio confiable. Una calificaci\u00f3n alta y unas impresiones excelentes pueden ayudar a aumentar el nivel de compras en su sitio. Adem\u00e1s, el bot\u00f3n de redireccionamiento puede contribuir a aumentar la cantidad de opiniones de clientes sobre su empresa en Tripadvisor. <\/p> <\/div>\r\n\t\t\t\t\t<\/div>\r\n\t\t\t\t<\/div> <div class=\"faq-item\">\r\n\t\t\t\t\t<div class=\"faq-item-question\">\r\n\t\t\t\t\t\t<h3 class=\"faq-item-question-text\">\u00bfC\u00f3mo puedo agregar rese\u00f1as del widget de Tripadvisor a mi sitio web Wix? <\/h3>\r\n\r\n\t\t\t\t\t\t<div class=\"faq-item-question-icon\"><\/div>\r\n\t\t\t\t\t<\/div>\r\n\r\n\t\t\t\t\t<div class=\"faq-item-answer\">\r\n\t\t\t\t\t\t<div class=\"faq-item-answer-text\"> <p>Solo necesitas tres minutos para comenzar a usar el widget. La integraci\u00f3n es realmente r\u00e1pida, gratuita y no incluye codificaci\u00f3n. <\/p> <p>El widget se puede configurar directamente en nuestro servicio o a trav\u00e9s del mercado. Aqu\u00ed puedes comparar estas variantes y elegir la tuya. <\/p><\/div>\r\n\t\t\t\t\t<\/div>\r\n\t\t\t\t<\/div> <\/div> <\/div> <div class=\"application-platform-content-item-features application-platform-content-item\" id=\"features\" data-nav-section=\"features\"> <h2>Caracter\u00edsticas<\/h2> <p>Para conocer mejor el widget de Rese\u00f1as, puede consultar la lista de las caracter\u00edsticas m\u00e1s valiosas. Hacen que este widget sea incre\u00edblemente efectivo para su promoci\u00f3n: <\/p> <ul> <li>3 filtros listos para usar: por tipo, excluir por y cantidad de rese\u00f1as para mostrar; <\/li> <li>4 dise\u00f1os predefinidos: Lista, Cuadr\u00edcula, Mamposter\u00eda y Control deslizante; <\/li> <li>Una oportunidad para activar\/desactivar el encabezado del widget; <\/li> <li>El bot\u00f3n para solicitar una rese\u00f1a dirige a los clientes a la p\u00e1gina de Tripadvisor; <\/li> <li>Seis elementos personalizables del widget: nombre y foto del autor, texto de recomendaci\u00f3n, fecha, \u00edcono de Tripadvisor y calificaci\u00f3n de estrellas; <\/li> <li>Dos escenarios alternativos despu\u00e9s del rechazo de la solicitud de revisi\u00f3n: mostrar su mensaje o eliminar el bot\u00f3n. <\/li> <\/ul><p><a href=\"#demo\">Verifique todas las funciones en una demostraci\u00f3n en vivo<\/a><\/p> <\/div> <div class=\"application-platform-content-item-installation application-platform-content-item\" id=\"installation\" data-nav-section=\"installation\"> <h2>Aqu\u00ed se explica c\u00f3mo introducir las rese\u00f1as de Tripadvisor en su p\u00e1gina de Wix. Es f\u00e1cil y simple.<\/h2> <div class=\"video-container\"><iframe width=\"560\" height=\"315\" src=\"https:\/\/www.youtube.com\/embed\/pnRA0sAeASY\" frameborder=\"0\"><\/iframe><\/div><p>Para agregar el complemento a su sitio, solo necesita realizar un par de sencillos pasos: <\/p> <ul><li><b>Configurar el aplicaci\u00f3n<\/b><br> Abre la tienda Shopify y busca la p\u00e1gina de la aplicaci\u00f3n. Presione el bot\u00f3n \u00abObtener\u00bb para insertar la aplicaci\u00f3n en su sitio. <\/li> <li><b>Configurar los par\u00e1metros de la aplicaci\u00f3n<\/b><br> Establecer los par\u00e1metros de la aplicaci\u00f3n: contenido y configuraciones de la interfaz. Despu\u00e9s del ajuste, adquirir\u00e1 su c\u00f3digo de instalaci\u00f3n personal. Guarde el c\u00f3digo para su uso posterior. <\/li> <li><b>Incrustar la aplicaci\u00f3n en la p\u00e1gina web<\/b><br> Abra la categor\u00eda \u00abP\u00e1ginas\u00bb y vaya a la p\u00e1gina donde desea mostrar la aplicaci\u00f3n. Despu\u00e9s de eso, coloque all\u00ed el c\u00f3digo en modo HTML y publique los cambios. <\/li> <li><b>Realizaste completamente la instalaci\u00f3n<\/b><br> \u00a1Vaya al sitio web para ver sus rese\u00f1as! <\/li><\/ul><p>\u00bfA\u00fan tienes algo que te hace sentir inseguro? \u00bfO tienes consultas? Simplemente env\u00ede una solicitud a nuestro equipo de soporte para obtener ayuda profesional con cualquier asunto. <\/p> <\/div>","protected":false},"excerpt":{"rendered":"","protected":false},"author":9,"featured_media":0,"parent":1633,"menu_order":0,"comment_status":"closed","ping_status":"closed","template":"templates\/template-application-platform.php","meta":{"publish_to_discourse":"","publish_post_category":"","wpdc_auto_publish_overridden":"","wpdc_topic_tags":"","wpdc_pin_topic":"","wpdc_pin_until":"","discourse_post_id":"","discourse_permalink":"","wpdc_publishing_response":"","wpdc_publishing_error":"","footnotes":""},"class_list":["post-5515","page","type-page","status-publish","hentry"],"yoast_head":"<!-- This site is optimized with the Yoast SEO plugin v25.3.1 - https:\/\/yoast.com\/wordpress\/plugins\/seo\/ -->\n<title>Inserta la aplicaci\u00f3n Tripadvisor Reviews en tu sitio web Wix (en 2 minutos)<\/title>\n<meta name=\"description\" content=\"Es muy f\u00e1cil crear tu aplicaci\u00f3n Tripadvisor Reviews y publicarla en tu sitio web Wix. El servicio de atenci\u00f3n al cliente de Elfsight es gratuito.\" \/>\n<meta name=\"robots\" content=\"index, follow, max-snippet:-1, max-image-preview:large, max-video-preview:-1\" \/>\n<link rel=\"canonical\" href=\"https:\/\/elfsight.com\/es\/tripadvisor-reviews-widget\/wix\/\" \/>\n<meta property=\"og:locale\" content=\"es_ES\" \/>\n<meta property=\"og:type\" content=\"article\" \/>\n<meta property=\"og:title\" content=\"Inserta la aplicaci\u00f3n Tripadvisor Reviews en tu sitio web Wix (en 2 minutos)\" \/>\n<meta property=\"og:description\" content=\"Es muy f\u00e1cil crear tu aplicaci\u00f3n Tripadvisor Reviews y publicarla en tu sitio web Wix. El servicio de atenci\u00f3n al cliente de Elfsight es gratuito.\" \/>\n<meta property=\"og:url\" content=\"https:\/\/elfsight.com\/es\/tripadvisor-reviews-widget\/wix\/\" \/>\n<meta property=\"og:site_name\" content=\"Elfsight ES\" \/>\n<meta property=\"article:modified_time\" content=\"2025-02-06T16:17:21+00:00\" \/>\n<meta name=\"twitter:card\" content=\"summary_large_image\" \/>\n<meta name=\"twitter:label1\" content=\"Tiempo de lectura\" \/>\n\t<meta name=\"twitter:data1\" content=\"3 minutos\" \/>\n<!-- \/ Yoast SEO plugin. -->","yoast_head_json":{"title":"Inserta la aplicaci\u00f3n Tripadvisor Reviews en tu sitio web Wix (en 2 minutos)","description":"Es muy f\u00e1cil crear tu aplicaci\u00f3n Tripadvisor Reviews y publicarla en tu sitio web Wix. El servicio de atenci\u00f3n al cliente de Elfsight es gratuito.","robots":{"index":"index","follow":"follow","max-snippet":"max-snippet:-1","max-image-preview":"max-image-preview:large","max-video-preview":"max-video-preview:-1"},"canonical":"https:\/\/elfsight.com\/es\/tripadvisor-reviews-widget\/wix\/","og_locale":"es_ES","og_type":"article","og_title":"Inserta la aplicaci\u00f3n Tripadvisor Reviews en tu sitio web Wix (en 2 minutos)","og_description":"Es muy f\u00e1cil crear tu aplicaci\u00f3n Tripadvisor Reviews y publicarla en tu sitio web Wix. El servicio de atenci\u00f3n al cliente de Elfsight es gratuito.","og_url":"https:\/\/elfsight.com\/es\/tripadvisor-reviews-widget\/wix\/","og_site_name":"Elfsight ES","article_modified_time":"2025-02-06T16:17:21+00:00","twitter_card":"summary_large_image","twitter_misc":{"Tiempo de lectura":"3 minutos"},"schema":{"@context":"https:\/\/schema.org","@graph":[{"@type":"WebPage","@id":"https:\/\/elfsight.com\/es\/tripadvisor-reviews-widget\/wix\/","url":"https:\/\/elfsight.com\/es\/tripadvisor-reviews-widget\/wix\/","name":"Inserta la aplicaci\u00f3n Tripadvisor Reviews en tu sitio web Wix (en 2 minutos)","isPartOf":{"@id":"https:\/\/elfsight.com\/es\/#website"},"datePublished":"1970-01-01T00:00:00+00:00","dateModified":"2025-02-06T16:17:21+00:00","description":"Es muy f\u00e1cil crear tu aplicaci\u00f3n Tripadvisor Reviews y publicarla en tu sitio web Wix. El servicio de atenci\u00f3n al cliente de Elfsight es gratuito.","breadcrumb":{"@id":"https:\/\/elfsight.com\/es\/tripadvisor-reviews-widget\/wix\/#breadcrumb"},"inLanguage":"es","potentialAction":[{"@type":"ReadAction","target":["https:\/\/elfsight.com\/es\/tripadvisor-reviews-widget\/wix\/"]}]},{"@type":"BreadcrumbList","@id":"https:\/\/elfsight.com\/es\/tripadvisor-reviews-widget\/wix\/#breadcrumb","itemListElement":[{"@type":"ListItem","position":1,"name":"Home","item":"https:\/\/elfsight.com\/es\/"},{"@type":"ListItem","position":2,"name":"Tripadvisor Reviews","item":"https:\/\/elfsight.com\/es\/tripadvisor-reviews-widget\/"},{"@type":"ListItem","position":3,"name":"Tripadvisor Reviews &#8211; Wix"}]},{"@type":"WebSite","@id":"https:\/\/elfsight.com\/es\/#website","url":"https:\/\/elfsight.com\/es\/","name":"Elfsight ES","description":"Just another Elfsight Sites site","potentialAction":[{"@type":"SearchAction","target":{"@type":"EntryPoint","urlTemplate":"https:\/\/elfsight.com\/es\/?s={search_term_string}"},"query-input":{"@type":"PropertyValueSpecification","valueRequired":true,"valueName":"search_term_string"}}],"inLanguage":"es"}]}},"meta_box":{"industry":"","seo_heading":"","heading":"","description":"","cta_heading":"","cta_description":"","application":"1632","h1":"Aplicaci\u00f3n Wix Tripadvisor Rese\u00f1as","h1_caption":"Inserte las mejores publicaciones de rese\u00f1as de clientes de Tripadvisor en su sitio web","application_category":[],"applications_title":"","applications_request_title":"","applications_request_button_text":"","hero_text":"","hero_video":"","hero_video_schema_markup":"","selling_points_title":"","selling_points_caption":"","selling_points":[],"selling_points_cta_text":"","features_title":"","features":"","ed_cta_examples_text":"","ed_cta_examples_hidden":"","ed_cta_demo_text":"","ed_cta_demo_hidden":"","why_caption":"","why_editor_title":"","why_editor_text":"","why_team_title":"","why_team_text":"","why_service_title":"","why_service_text":"","template_catalog_visible":"","template_catalog_title":"","template_catalog_text":"","template_catalog_categories_visible":"","demo_title":"Crea tu aplicaci\u00f3n de Opiniones de Tripadvisor","demo_caption":"\u00a1Configura tus rese\u00f1as de Tripadvisor y agr\u00e9galas a tu sitio web Wix gratis!","default_faq_hidden":"","app_template_category":[],"platform":"112","template_public_id":"","codecanyon_url":"","codecanyon_item_id":"","codecanyon_price":"","pricing_caption":"","pricing_elfsight_apps_hide_column":"","pricing_elfsight_apps_url":"","pricing_codecanyon_price_caption":"","integration_category":[],"integration_request_title":"","integration_request_cta":"","integration_platform":"","integrations":[],"platform_category":[],"video_schema_markup":"","price":"desde $0 \/ mes","trial":"","benefits":[{"text":"Asistencia de instalaci\u00f3n gratuita"},{"text":"Servicio al cliente competente"},{"text":"Garant\u00eda de devoluci\u00f3n de dinero de 14 d\u00edas"},{"text":"Actualizando constantemente"}],"button_url":"#demo","button_target_blank":"","button_nofollow":"","attributes":[{"name":"Instalaciones","content":"10,000 - 100,000"},{"name":"Sensible","content":"S\u00ed"},{"name":"Navegadores compatibles","content":"Safari, Edge, Firefox, Chrome, Opera"}],"tags":[],"tags_disable_links":"","hide_more_platforms":"","video_object":"","demo_hide_cta":"","demo_hide_cloud_options":"","pricing_title":"","pricing":[{"pricing_icon":"platform","pricing_title":"Elfsight Apps","pricing_title_caption":"Software multiplataforma que funciona en cualquier sitio","pricing_price":"desde $0 \/ mes","pricing_price_caption":"comienza con el plan gratuito","pricing_benefits":[{"text":"N\u00famero ilimitado de dominios"},{"text":"Atenci\u00f3n al cliente dedicada"},{"text":"Ayuda de instalaci\u00f3n gratuita"},{"text":"Precio especial para m\u00faltiples aplicaciones"}],"pricing_button_text":"A\u00f1adir al sitio web","pricing_button_url":"#demo"}],"related_apps_title":"","related_apps_hidden":"","author":"","image":[],"title":"","job":"","social_networks":[]},"_links":{"self":[{"href":"https:\/\/elfsight.com\/es\/wp-json\/wp\/v2\/pages\/5515","targetHints":{"allow":["GET"]}}],"collection":[{"href":"https:\/\/elfsight.com\/es\/wp-json\/wp\/v2\/pages"}],"about":[{"href":"https:\/\/elfsight.com\/es\/wp-json\/wp\/v2\/types\/page"}],"author":[{"embeddable":true,"href":"https:\/\/elfsight.com\/es\/wp-json\/wp\/v2\/users\/9"}],"replies":[{"embeddable":true,"href":"https:\/\/elfsight.com\/es\/wp-json\/wp\/v2\/comments?post=5515"}],"version-history":[{"count":2,"href":"https:\/\/elfsight.com\/es\/wp-json\/wp\/v2\/pages\/5515\/revisions"}],"predecessor-version":[{"id":19452,"href":"https:\/\/elfsight.com\/es\/wp-json\/wp\/v2\/pages\/5515\/revisions\/19452"}],"up":[{"embeddable":true,"href":"https:\/\/elfsight.com\/es\/wp-json\/wp\/v2\/pages\/1633"}],"wp:attachment":[{"href":"https:\/\/elfsight.com\/es\/wp-json\/wp\/v2\/media?parent=5515"}],"curies":[{"name":"wp","href":"https:\/\/api.w.org\/{rel}","templated":true}]}}