{"id":5514,"date":"1970-01-01T00:00:00","date_gmt":"1970-01-01T00:00:00","guid":{"rendered":"https:\/\/elfsight.com\/es\/?page_id=5514"},"modified":"2025-02-06T16:17:21","modified_gmt":"2025-02-06T16:17:21","slug":"weebly","status":"publish","type":"page","link":"https:\/\/elfsight.com\/es\/tripadvisor-reviews-widget\/weebly\/","title":{"rendered":"Tripadvisor Reviews &#8211; Weebly"},"content":{"rendered":"<div class=\"application-platform-content-item-description application-platform-content-item\" id=\"description\" data-nav-section=\"description\"> <h2>Descripci\u00f3n<\/h2> <p>Elfsight Tripadvisor Reviews es un widget sencillo que le permite publicar en su sitio web opiniones sobre sus ofertas de los usuarios de Tripadvisor. Nuestro widget le permite aplicar filtros para ocultar rese\u00f1as no deseadas, revelar sus calificaciones de estrellas y n\u00fameros de Tripadvisor, proporcionar detalles sobre los autores y mostrar un bot\u00f3n que ayudar\u00e1 a los visitantes a publicar su rese\u00f1a en Tripadvisor. El widget Elfsight Tripadvisor Reviews le ayudar\u00e1 a mostrar su prueba social perfecta en su sitio y atraer nuevas ventas. <\/p><div class=\"faq\" data-component=\"FAQ\"> <div class=\"faq-item\">\r\n\t\t\t\t\t<div class=\"faq-item-question\">\r\n\t\t\t\t\t\t<h3 class=\"faq-item-question-text\">\u00bfD\u00f3nde puedo incrustarlo<\/h3>\r\n\r\n\t\t\t\t\t\t<div class=\"faq-item-question-icon\"><\/div>\r\n\t\t\t\t\t<\/div>\r\n\r\n\t\t\t\t\t<div class=\"faq-item-answer\">\r\n\t\t\t\t\t\t<div class=\"faq-item-answer-text\"> <p>Puedes agregar el widget de rese\u00f1a a cualquier p\u00e1gina del sitio web o insertarlo en la plantilla del sitio web; en este caso aparecer\u00e1 en todas las p\u00e1ginas. Las rese\u00f1as son efectivas en las p\u00e1ginas de productos o en la p\u00e1gina Acerca de nosotros, donde debe mostrar su alta valoraci\u00f3n. <\/p><\/div>\r\n\t\t\t\t\t<\/div>\r\n\t\t\t\t<\/div> <div class=\"faq-item\">\r\n\t\t\t\t\t<div class=\"faq-item-question\">\r\n\t\t\t\t\t\t<h3 class=\"faq-item-question-text\">\u00bfCu\u00e1les son las ventajas de tener el widget para m\u00ed? <\/h3>\r\n\r\n\t\t\t\t\t\t<div class=\"faq-item-question-icon\"><\/div>\r\n\t\t\t\t\t<\/div>\r\n\r\n\t\t\t\t\t<div class=\"faq-item-answer\">\r\n\t\t\t\t\t\t<div class=\"faq-item-answer-text\"> <p>Las rese\u00f1as publicadas por personas reales son de m\u00e1xima confianza para los clientes de su sitio y les indican que se puede confiar en su empresa. Las calificaciones altas y las impresiones positivas pueden ayudar a aumentar el nivel de compras en su sitio. Adem\u00e1s, el bot\u00f3n Activo puede contribuir a aumentar la cantidad de opiniones de clientes relacionadas con sus ofertas o servicios en Tripadvisor. <\/p> <\/div>\r\n\t\t\t\t\t<\/div>\r\n\t\t\t\t<\/div> <div class=\"faq-item\">\r\n\t\t\t\t\t<div class=\"faq-item-question\">\r\n\t\t\t\t\t\t<h3 class=\"faq-item-question-text\">\u00bfC\u00f3mo incorporo el widget de rese\u00f1as de Tripadvisor en mi sitio web Weebly? <\/h3>\r\n\r\n\t\t\t\t\t\t<div class=\"faq-item-question-icon\"><\/div>\r\n\t\t\t\t\t<\/div>\r\n\r\n\t\t\t\t\t<div class=\"faq-item-answer\">\r\n\t\t\t\t\t\t<div class=\"faq-item-answer-text\"> <p>Solo toma un par de minutos comenzar a usar el widget. Agregar es muy r\u00e1pido, gratuito y sin codificaci\u00f3n. <\/p> <p>El widget se puede configurar a trav\u00e9s de nuestro servicio o a trav\u00e9s del mercado. Puede ver m\u00e1s detalles sobre ambas variantes y elegir una m\u00e1s adecuada. <\/p><\/div>\r\n\t\t\t\t\t<\/div>\r\n\t\t\t\t<\/div> <\/div> <\/div> <div class=\"application-platform-content-item-features application-platform-content-item\" id=\"features\" data-nav-section=\"features\"> <h2>Caracter\u00edsticas<\/h2> <p>Para tener una idea m\u00e1s clara del widget, consulte la lista de funciones principales. Hacen que el widget sea incre\u00edblemente beneficioso para usted: <\/p> <ul> <li>Tres tipos de filtros: por tipo, excluido por y cantidad de rese\u00f1as para mostrar; <\/li> <li>4 opciones de dise\u00f1os disponibles: Lista, Cuadr\u00edcula, Mamposter\u00eda y Control deslizante; <\/li> <li> Encabezado totalmente flexible del widget; <\/li> <li>El bot\u00f3n de solicitud de rese\u00f1a lleva a los clientes a su p\u00e1gina de Tripadvisor; <\/li> <li>Seis elementos ajustables de las rese\u00f1as: nombre del autor e imagen, recomendaci\u00f3n, fecha, \u00edcono de Tripadvisor y calificaci\u00f3n de estrellas; <\/li> <li>Dos variantes de escenarios de rechazo de solicitud de revisi\u00f3n: mostrar un mensaje personalizado u ocultar el bot\u00f3n. <\/li> <\/ul><p><a href=\"#demo\">Para descubrir m\u00e1s funciones, vea nuestra demostraci\u00f3n<\/a><\/p> <\/div> <div class=\"application-platform-content-item-installation application-platform-content-item\" id=\"installation\" data-nav-section=\"installation\"> <h2>A continuaci\u00f3n se explica c\u00f3mo colocar las rese\u00f1as de Tripadvisor en su tienda Weebly. Es incre\u00edblemente simple y solo le llevar\u00e1 un par de minutos.<\/h2> <div class=\"video-container\"><iframe width=\"720\" height=\"405\" src=\"https:\/\/www.youtube.com\/embed\/V0E962WDPUc\" frameborder=\"0\"><\/iframe><\/div><p>Los pasos siguientes son lo \u00fanico que debe hacer para mostrar el widget. <\/p> <ol><li><b>Abre nuestro editor gratuito y comienza a crear tu aplicaci\u00f3n personalizada. <\/b><br> Especifique la forma personalizada y los aspectos de la aplicaci\u00f3n y guarde todas las correcciones. <\/li> <li><b>Reciba el c\u00f3digo \u00fanico que aparece en el cuadro de Elfsight Apps. <\/b><br> Cuando finalice la configuraci\u00f3n de su aplicaci\u00f3n, copie el c\u00f3digo individual de la ventana que aparece y gu\u00e1rdelo para ocasiones posteriores. <\/li> <li><b>Comience a usar la aplicaci\u00f3n en su sitio Weebly. <\/b><br>Coloca el c\u00f3digo copiado anteriormente en tu p\u00e1gina web y aplica los ajustes. <\/li> <li><b>La instalaci\u00f3n est\u00e1 completamente realizada. <\/b><br>Vaya a su p\u00e1gina web para ver en acci\u00f3n el trabajo de la aplicaci\u00f3n. <\/li><\/ol><p>\u00bfA\u00fan no puedes decidirte? \u00bfO tener problemas? Simplemente env\u00ede una solicitud a nuestro servicio de atenci\u00f3n al cliente y le ayudar\u00e1 con cualquier problema. <\/p> <\/div>","protected":false},"excerpt":{"rendered":"","protected":false},"author":9,"featured_media":0,"parent":1633,"menu_order":0,"comment_status":"closed","ping_status":"closed","template":"templates\/template-application-platform.php","meta":{"publish_to_discourse":"","publish_post_category":"","wpdc_auto_publish_overridden":"","wpdc_topic_tags":"","wpdc_pin_topic":"","wpdc_pin_until":"","discourse_post_id":"","discourse_permalink":"","wpdc_publishing_response":"","wpdc_publishing_error":"","footnotes":""},"class_list":["post-5514","page","type-page","status-publish","hentry"],"yoast_head":"<!-- This site is optimized with the Yoast SEO plugin v25.3.1 - https:\/\/yoast.com\/wordpress\/plugins\/seo\/ -->\n<title>Inserte la aplicaci\u00f3n Tripadvisor Reviews en su sitio web Weebly (2025)<\/title>\n<meta name=\"description\" content=\"Con Elfsight, dise\u00f1e su aplicaci\u00f3n Tripadvisor Reviews y mu\u00e9strela en su sitio web Weebly r\u00e1pidamente. Contamos con atenci\u00f3n al cliente gratuita y m\u00e1s bonos.\" \/>\n<meta name=\"robots\" content=\"index, follow, max-snippet:-1, max-image-preview:large, max-video-preview:-1\" \/>\n<link rel=\"canonical\" href=\"https:\/\/elfsight.com\/es\/tripadvisor-reviews-widget\/weebly\/\" \/>\n<meta property=\"og:locale\" content=\"es_ES\" \/>\n<meta property=\"og:type\" content=\"article\" \/>\n<meta property=\"og:title\" content=\"Inserte la aplicaci\u00f3n Tripadvisor Reviews en su sitio web Weebly (2025)\" \/>\n<meta property=\"og:description\" content=\"Con Elfsight, dise\u00f1e su aplicaci\u00f3n Tripadvisor Reviews y mu\u00e9strela en su sitio web Weebly r\u00e1pidamente. Contamos con atenci\u00f3n al cliente gratuita y m\u00e1s bonos.\" \/>\n<meta property=\"og:url\" content=\"https:\/\/elfsight.com\/es\/tripadvisor-reviews-widget\/weebly\/\" \/>\n<meta property=\"og:site_name\" content=\"Elfsight ES\" \/>\n<meta property=\"article:modified_time\" content=\"2025-02-06T16:17:21+00:00\" \/>\n<meta name=\"twitter:card\" content=\"summary_large_image\" \/>\n<meta name=\"twitter:label1\" content=\"Tiempo de lectura\" \/>\n\t<meta name=\"twitter:data1\" content=\"3 minutos\" \/>\n<!-- \/ Yoast SEO plugin. -->","yoast_head_json":{"title":"Inserte la aplicaci\u00f3n Tripadvisor Reviews en su sitio web Weebly (2025)","description":"Con Elfsight, dise\u00f1e su aplicaci\u00f3n Tripadvisor Reviews y mu\u00e9strela en su sitio web Weebly r\u00e1pidamente. Contamos con atenci\u00f3n al cliente gratuita y m\u00e1s bonos.","robots":{"index":"index","follow":"follow","max-snippet":"max-snippet:-1","max-image-preview":"max-image-preview:large","max-video-preview":"max-video-preview:-1"},"canonical":"https:\/\/elfsight.com\/es\/tripadvisor-reviews-widget\/weebly\/","og_locale":"es_ES","og_type":"article","og_title":"Inserte la aplicaci\u00f3n Tripadvisor Reviews en su sitio web Weebly (2025)","og_description":"Con Elfsight, dise\u00f1e su aplicaci\u00f3n Tripadvisor Reviews y mu\u00e9strela en su sitio web Weebly r\u00e1pidamente. Contamos con atenci\u00f3n al cliente gratuita y m\u00e1s bonos.","og_url":"https:\/\/elfsight.com\/es\/tripadvisor-reviews-widget\/weebly\/","og_site_name":"Elfsight ES","article_modified_time":"2025-02-06T16:17:21+00:00","twitter_card":"summary_large_image","twitter_misc":{"Tiempo de lectura":"3 minutos"},"schema":{"@context":"https:\/\/schema.org","@graph":[{"@type":"WebPage","@id":"https:\/\/elfsight.com\/es\/tripadvisor-reviews-widget\/weebly\/","url":"https:\/\/elfsight.com\/es\/tripadvisor-reviews-widget\/weebly\/","name":"Inserte la aplicaci\u00f3n Tripadvisor Reviews en su sitio web Weebly (2025)","isPartOf":{"@id":"https:\/\/elfsight.com\/es\/#website"},"datePublished":"1970-01-01T00:00:00+00:00","dateModified":"2025-02-06T16:17:21+00:00","description":"Con Elfsight, dise\u00f1e su aplicaci\u00f3n Tripadvisor Reviews y mu\u00e9strela en su sitio web Weebly r\u00e1pidamente. Contamos con atenci\u00f3n al cliente gratuita y m\u00e1s bonos.","breadcrumb":{"@id":"https:\/\/elfsight.com\/es\/tripadvisor-reviews-widget\/weebly\/#breadcrumb"},"inLanguage":"es","potentialAction":[{"@type":"ReadAction","target":["https:\/\/elfsight.com\/es\/tripadvisor-reviews-widget\/weebly\/"]}]},{"@type":"BreadcrumbList","@id":"https:\/\/elfsight.com\/es\/tripadvisor-reviews-widget\/weebly\/#breadcrumb","itemListElement":[{"@type":"ListItem","position":1,"name":"Home","item":"https:\/\/elfsight.com\/es\/"},{"@type":"ListItem","position":2,"name":"Tripadvisor Reviews","item":"https:\/\/elfsight.com\/es\/tripadvisor-reviews-widget\/"},{"@type":"ListItem","position":3,"name":"Tripadvisor Reviews &#8211; Weebly"}]},{"@type":"WebSite","@id":"https:\/\/elfsight.com\/es\/#website","url":"https:\/\/elfsight.com\/es\/","name":"Elfsight ES","description":"Just another Elfsight Sites site","potentialAction":[{"@type":"SearchAction","target":{"@type":"EntryPoint","urlTemplate":"https:\/\/elfsight.com\/es\/?s={search_term_string}"},"query-input":{"@type":"PropertyValueSpecification","valueRequired":true,"valueName":"search_term_string"}}],"inLanguage":"es"}]}},"meta_box":{"industry":"","seo_heading":"","heading":"","description":"","cta_heading":"","cta_description":"","application":"1632","h1":"Aplicaci\u00f3n Weebly Tripadvisor Opiniones","h1_caption":"Agregue las opiniones de usuarios m\u00e1s atractivas de Tripadvisor en su sitio web","application_category":[],"applications_title":"","applications_request_title":"","applications_request_button_text":"","hero_text":"","hero_video":"","hero_video_schema_markup":"","selling_points_title":"","selling_points_caption":"","selling_points":[],"selling_points_cta_text":"","features_title":"","features":"","ed_cta_examples_text":"","ed_cta_examples_hidden":"","ed_cta_demo_text":"","ed_cta_demo_hidden":"","why_caption":"","why_editor_title":"","why_editor_text":"","why_team_title":"","why_team_text":"","why_service_title":"","why_service_text":"","template_catalog_visible":"","template_catalog_title":"","template_catalog_text":"","template_catalog_categories_visible":"","demo_title":"Crea tu aplicaci\u00f3n de Opiniones de Tripadvisor","demo_caption":"\u00a1Configure sus rese\u00f1as de Tripadvisor y agr\u00e9guelas a su sitio web Weebly gratis!","default_faq_hidden":"","app_template_category":[],"platform":"109","template_public_id":"","codecanyon_url":"","codecanyon_item_id":"","codecanyon_price":"","pricing_caption":"","pricing_elfsight_apps_hide_column":"","pricing_elfsight_apps_url":"","pricing_codecanyon_price_caption":"","integration_category":[],"integration_request_title":"","integration_request_cta":"","integration_platform":"","integrations":[],"platform_category":[],"video_schema_markup":"","price":"desde $0 \/ mes","trial":"","benefits":[{"text":"Asistencia de instalaci\u00f3n gratuita"},{"text":"Atenci\u00f3n al cliente experimentada"},{"text":"Garant\u00eda de reembolso de 14 d\u00edas"},{"text":"Mejoras peri\u00f3dicas"}],"button_url":"#demo","button_target_blank":"","button_nofollow":"","attributes":[{"name":"Instalaciones","content":"10,000 - 100,000"},{"name":"Sensible","content":"S\u00ed"},{"name":"Navegadores compatibles","content":"Firefox, Safari, Opera, Chrome, Edge"}],"tags":[],"tags_disable_links":"","hide_more_platforms":"","video_object":"","demo_hide_cta":"","demo_hide_cloud_options":"","pricing_title":"","pricing":[{"pricing_icon":"cloud","pricing_title":"Elfsight Apps","pricing_title_caption":"Soluci\u00f3n digital multiplataforma","pricing_price":"desde $0 \/ mes","pricing_price_caption":"comienza con un plan gratuito","pricing_benefits":[{"text":"Sitios web ilimitados"},{"text":"Atenci\u00f3n al cliente r\u00e1pida y bien documentada."},{"text":"Asistencia de instalaci\u00f3n gratuita"},{"text":"Dise\u00f1o flexible"}],"pricing_button_text":"A\u00f1adir al sitio web","pricing_button_url":"#demo"}],"related_apps_title":"","related_apps_hidden":"","author":"","image":[],"title":"","job":"","social_networks":[]},"_links":{"self":[{"href":"https:\/\/elfsight.com\/es\/wp-json\/wp\/v2\/pages\/5514","targetHints":{"allow":["GET"]}}],"collection":[{"href":"https:\/\/elfsight.com\/es\/wp-json\/wp\/v2\/pages"}],"about":[{"href":"https:\/\/elfsight.com\/es\/wp-json\/wp\/v2\/types\/page"}],"author":[{"embeddable":true,"href":"https:\/\/elfsight.com\/es\/wp-json\/wp\/v2\/users\/9"}],"replies":[{"embeddable":true,"href":"https:\/\/elfsight.com\/es\/wp-json\/wp\/v2\/comments?post=5514"}],"version-history":[{"count":2,"href":"https:\/\/elfsight.com\/es\/wp-json\/wp\/v2\/pages\/5514\/revisions"}],"predecessor-version":[{"id":19453,"href":"https:\/\/elfsight.com\/es\/wp-json\/wp\/v2\/pages\/5514\/revisions\/19453"}],"up":[{"embeddable":true,"href":"https:\/\/elfsight.com\/es\/wp-json\/wp\/v2\/pages\/1633"}],"wp:attachment":[{"href":"https:\/\/elfsight.com\/es\/wp-json\/wp\/v2\/media?parent=5514"}],"curies":[{"name":"wp","href":"https:\/\/api.w.org\/{rel}","templated":true}]}}