{"id":5509,"date":"1970-01-01T00:00:00","date_gmt":"1970-01-01T00:00:00","guid":{"rendered":"https:\/\/elfsight.com\/es\/?page_id=5509"},"modified":"2025-02-06T16:17:21","modified_gmt":"2025-02-06T16:17:21","slug":"webnode","status":"publish","type":"page","link":"https:\/\/elfsight.com\/es\/tripadvisor-reviews-widget\/webnode\/","title":{"rendered":"Tripadvisor Reviews &#8211; Webnode"},"content":{"rendered":"<div class=\"application-platform-content-item-description application-platform-content-item\" id=\"description\" data-nav-section=\"description\"> <h2>Descripci\u00f3n<\/h2> <p>Si desea demostrar su aprecio por parte de los clientes y convencer a los visitantes del sitio web de que vale la pena comprar sus ofertas, el widget Elfsight Tripadvisor Reviews se adapta perfectamente a sus necesidades. Con nuestra herramienta, puede mostrar las rese\u00f1as de los usuarios de Tripadvisor en su sitio web con detalles sobre sus autores, ordenarlas para revelar solo las mejores, mostrar calificaciones y un bot\u00f3n de solicitud de rese\u00f1a que llevar\u00e1 a las personas a su p\u00e1gina de Tripadvisor, donde podr\u00e1n agregar su rese\u00f1a. <\/p><div class=\"faq\" data-component=\"FAQ\"> <div class=\"faq-item\">\r\n\t\t\t\t\t<div class=\"faq-item-question\">\r\n\t\t\t\t\t\t<h3 class=\"faq-item-question-text\">\u00bfD\u00f3nde puedo publicarlo en mi sitio?<\/h3>\r\n\r\n\t\t\t\t\t\t<div class=\"faq-item-question-icon\"><\/div>\r\n\t\t\t\t\t<\/div>\r\n\r\n\t\t\t\t\t<div class=\"faq-item-answer\">\r\n\t\t\t\t\t\t<div class=\"faq-item-answer-text\"> <p>Puede pegar el widget de revisi\u00f3n en cualquier p\u00e1gina del sitio o pegarlo en la plantilla del sitio, para que se revele en todas las p\u00e1ginas. Las rese\u00f1as pueden funcionar bien en las p\u00e1ginas de productos o en la p\u00e1gina Acerca de nosotros, donde le gustar\u00eda presumir de su alta calificaci\u00f3n. <\/p><\/div>\r\n\t\t\t\t\t<\/div>\r\n\t\t\t\t<\/div> <div class=\"faq-item\">\r\n\t\t\t\t\t<div class=\"faq-item-question\">\r\n\t\t\t\t\t\t<h3 class=\"faq-item-question-text\">\u00bfCu\u00e1les son los beneficios de tenerlo para m\u00ed? <\/h3>\r\n\r\n\t\t\t\t\t\t<div class=\"faq-item-question-icon\"><\/div>\r\n\t\t\t\t\t<\/div>\r\n\r\n\t\t\t\t\t<div class=\"faq-item-answer\">\r\n\t\t\t\t\t\t<div class=\"faq-item-answer-text\"> <p>Las rese\u00f1as compartidas por personas reales son perfectamente confiables para los visitantes de su sitio web y les demuestran que su empresa es confiable. Las calificaciones altas y las rese\u00f1as excelentes pueden ayudar a fortalecer las compras en su sitio. Adem\u00e1s, el bot\u00f3n de redireccionamiento puede contribuir a generar m\u00e1s opiniones de clientes sobre sus ofertas o servicios en Tripadvisor. <\/p> <\/div>\r\n\t\t\t\t\t<\/div>\r\n\t\t\t\t<\/div> <div class=\"faq-item\">\r\n\t\t\t\t\t<div class=\"faq-item-question\">\r\n\t\t\t\t\t\t<h3 class=\"faq-item-question-text\">\u00bfQu\u00e9 necesito para insertar el widget de Rese\u00f1as en mi sitio web? <\/h3>\r\n\r\n\t\t\t\t\t\t<div class=\"faq-item-question-icon\"><\/div>\r\n\t\t\t\t\t<\/div>\r\n\r\n\t\t\t\t\t<div class=\"faq-item-answer\">\r\n\t\t\t\t\t\t<div class=\"faq-item-answer-text\"> <p>Solo toma un minuto activarlo. La integraci\u00f3n es extremadamente r\u00e1pida, gratuita y sin codificaci\u00f3n. <\/p> <p>Puedes integrar el widget en tu p\u00e1gina web a trav\u00e9s de nuestro servicio. Simplemente siga nuestras breves instrucciones a continuaci\u00f3n en esta p\u00e1gina. <\/p> <\/div>\r\n\t\t\t\t\t<\/div>\r\n\t\t\t\t<\/div> <\/div> <\/div> <div class=\"application-platform-content-item-features application-platform-content-item\" id=\"features\" data-nav-section=\"features\"> <h2>Caracter\u00edsticas<\/h2> <p>Para revelar m\u00e1s informaci\u00f3n sobre la funcionalidad del widget Rese\u00f1as, consulte la lista de las caracter\u00edsticas principales. Hacen que nuestro widget sea realmente eficiente para su promoci\u00f3n: <\/p> <ul> <li>3 opciones de filtros: por tipo, excluir por y cantidad de rese\u00f1as para mostrar; <\/li> <li>4 dise\u00f1os listos para usar: Lista, Cuadr\u00edcula, Mamposter\u00eda y Control deslizante; <\/li> <li> Encabezado intercambiable del widget; <\/li> <li>El bot\u00f3n activo para compartir una nueva rese\u00f1a lleva a los clientes a la p\u00e1gina de Tripadvisor; <\/li> <li>6 elementos ajustables del widget: el nombre del autor y la foto, texto de recomendaci\u00f3n, fecha, \u00edcono de Tripadvisor y calificaci\u00f3n de estrellas; <\/li> <li>Dos variantes de escenarios despu\u00e9s del rechazo de la solicitud de revisi\u00f3n: mostrar su mensaje o eliminar el bot\u00f3n. <\/li> <\/ul><p><a href=\"#demo\">Conoce m\u00e1s funciones en la demostraci\u00f3n<\/a><\/p> <\/div> <div class=\"application-platform-content-item-installation application-platform-content-item\" id=\"installation\" data-nav-section=\"installation\"> <h2>Descubre c\u00f3mo introducir las rese\u00f1as de Tripadvisor en tu p\u00e1gina de Webnode. Es f\u00e1cil<\/h2> <p> Un par de acciones simples es lo \u00fanico que necesitas hacer para agregar el widget. <\/p> <ul><li><b>Dise\u00f1e su complemento de Tripadvisor personalizado<\/b><br> Mediante nuestra demostraci\u00f3n gratuita, cree un complemento con un dise\u00f1o seleccionado y caracter\u00edsticas funcionales. <\/li><li><b>Obtenga el c\u00f3digo individual para configurar el complemento<\/b><br> Despu\u00e9s de haber generado su widget, obtendr\u00e1 el c\u00f3digo de instalaci\u00f3n en la ventana que aparece en Elfsight Apps. Copia este c\u00f3digo. <\/li> <li><b>Incruste el complemento en su sitio<\/b><br> Seleccione el lugar donde desea integrar el complemento y pegue all\u00ed el c\u00f3digo copiado. Publicar los resultados. <\/li> <li><b>\u00a1Listo! <\/b><br>Entra en la tienda, para ver tus rese\u00f1as. <\/li> <\/ul><p>\u00bfA\u00fan no puedes decidirte? \u00bfO tener problemas? Una sola solicitud a nuestro departamento de atenci\u00f3n al cliente le ayudar\u00e1 con cualquier asunto. <\/p> <\/div>","protected":false},"excerpt":{"rendered":"","protected":false},"author":9,"featured_media":0,"parent":1633,"menu_order":0,"comment_status":"closed","ping_status":"closed","template":"templates\/template-application-platform.php","meta":{"publish_to_discourse":"","publish_post_category":"","wpdc_auto_publish_overridden":"","wpdc_topic_tags":"","wpdc_pin_topic":"","wpdc_pin_until":"","discourse_post_id":"","discourse_permalink":"","wpdc_publishing_response":"","wpdc_publishing_error":"","footnotes":""},"class_list":["post-5509","page","type-page","status-publish","hentry"],"yoast_head":"<!-- This site is optimized with the Yoast SEO plugin v25.3.1 - https:\/\/yoast.com\/wordpress\/plugins\/seo\/ -->\n<title>Inserta el widget de Opiniones de Tripadvisor en tu sitio web Webnode (2025)<\/title>\n<meta name=\"description\" content=\"Es muy f\u00e1cil crear tu widget de Rese\u00f1as de Tripadvisor y mostrarlo en la p\u00e1gina web de Webnode. El servicio de atenci\u00f3n al cliente de Elfsight es gratuito.\" \/>\n<meta name=\"robots\" content=\"index, follow, max-snippet:-1, max-image-preview:large, max-video-preview:-1\" \/>\n<link rel=\"canonical\" href=\"https:\/\/elfsight.com\/es\/tripadvisor-reviews-widget\/webnode\/\" \/>\n<meta property=\"og:locale\" content=\"es_ES\" \/>\n<meta property=\"og:type\" content=\"article\" \/>\n<meta property=\"og:title\" content=\"Inserta el widget de Opiniones de Tripadvisor en tu sitio web Webnode (2025)\" \/>\n<meta property=\"og:description\" content=\"Es muy f\u00e1cil crear tu widget de Rese\u00f1as de Tripadvisor y mostrarlo en la p\u00e1gina web de Webnode. El servicio de atenci\u00f3n al cliente de Elfsight es gratuito.\" \/>\n<meta property=\"og:url\" content=\"https:\/\/elfsight.com\/es\/tripadvisor-reviews-widget\/webnode\/\" \/>\n<meta property=\"og:site_name\" content=\"Elfsight ES\" \/>\n<meta property=\"article:modified_time\" content=\"2025-02-06T16:17:21+00:00\" \/>\n<meta name=\"twitter:card\" content=\"summary_large_image\" \/>\n<meta name=\"twitter:label1\" content=\"Tiempo de lectura\" \/>\n\t<meta name=\"twitter:data1\" content=\"3 minutos\" \/>\n<!-- \/ Yoast SEO plugin. -->","yoast_head_json":{"title":"Inserta el widget de Opiniones de Tripadvisor en tu sitio web Webnode (2025)","description":"Es muy f\u00e1cil crear tu widget de Rese\u00f1as de Tripadvisor y mostrarlo en la p\u00e1gina web de Webnode. El servicio de atenci\u00f3n al cliente de Elfsight es gratuito.","robots":{"index":"index","follow":"follow","max-snippet":"max-snippet:-1","max-image-preview":"max-image-preview:large","max-video-preview":"max-video-preview:-1"},"canonical":"https:\/\/elfsight.com\/es\/tripadvisor-reviews-widget\/webnode\/","og_locale":"es_ES","og_type":"article","og_title":"Inserta el widget de Opiniones de Tripadvisor en tu sitio web Webnode (2025)","og_description":"Es muy f\u00e1cil crear tu widget de Rese\u00f1as de Tripadvisor y mostrarlo en la p\u00e1gina web de Webnode. El servicio de atenci\u00f3n al cliente de Elfsight es gratuito.","og_url":"https:\/\/elfsight.com\/es\/tripadvisor-reviews-widget\/webnode\/","og_site_name":"Elfsight ES","article_modified_time":"2025-02-06T16:17:21+00:00","twitter_card":"summary_large_image","twitter_misc":{"Tiempo de lectura":"3 minutos"},"schema":{"@context":"https:\/\/schema.org","@graph":[{"@type":"WebPage","@id":"https:\/\/elfsight.com\/es\/tripadvisor-reviews-widget\/webnode\/","url":"https:\/\/elfsight.com\/es\/tripadvisor-reviews-widget\/webnode\/","name":"Inserta el widget de Opiniones de Tripadvisor en tu sitio web Webnode (2025)","isPartOf":{"@id":"https:\/\/elfsight.com\/es\/#website"},"datePublished":"1970-01-01T00:00:00+00:00","dateModified":"2025-02-06T16:17:21+00:00","description":"Es muy f\u00e1cil crear tu widget de Rese\u00f1as de Tripadvisor y mostrarlo en la p\u00e1gina web de Webnode. El servicio de atenci\u00f3n al cliente de Elfsight es gratuito.","breadcrumb":{"@id":"https:\/\/elfsight.com\/es\/tripadvisor-reviews-widget\/webnode\/#breadcrumb"},"inLanguage":"es","potentialAction":[{"@type":"ReadAction","target":["https:\/\/elfsight.com\/es\/tripadvisor-reviews-widget\/webnode\/"]}]},{"@type":"BreadcrumbList","@id":"https:\/\/elfsight.com\/es\/tripadvisor-reviews-widget\/webnode\/#breadcrumb","itemListElement":[{"@type":"ListItem","position":1,"name":"Home","item":"https:\/\/elfsight.com\/es\/"},{"@type":"ListItem","position":2,"name":"Tripadvisor Reviews","item":"https:\/\/elfsight.com\/es\/tripadvisor-reviews-widget\/"},{"@type":"ListItem","position":3,"name":"Tripadvisor Reviews &#8211; Webnode"}]},{"@type":"WebSite","@id":"https:\/\/elfsight.com\/es\/#website","url":"https:\/\/elfsight.com\/es\/","name":"Elfsight ES","description":"Just another Elfsight Sites site","potentialAction":[{"@type":"SearchAction","target":{"@type":"EntryPoint","urlTemplate":"https:\/\/elfsight.com\/es\/?s={search_term_string}"},"query-input":{"@type":"PropertyValueSpecification","valueRequired":true,"valueName":"search_term_string"}}],"inLanguage":"es"}]}},"meta_box":{"industry":"","seo_heading":"","heading":"","description":"","cta_heading":"","cta_description":"","application":"1632","h1":"Widget de opiniones de Tripadvisor de Webnode","h1_caption":"Muestre las mejores impresiones de los clientes de Tripadvisor en su sitio","application_category":[],"applications_title":"","applications_request_title":"","applications_request_button_text":"","hero_text":"","hero_video":"","hero_video_schema_markup":"","selling_points_title":"","selling_points_caption":"","selling_points":[],"selling_points_cta_text":"","features_title":"","features":"","ed_cta_examples_text":"","ed_cta_examples_hidden":"","ed_cta_demo_text":"","ed_cta_demo_hidden":"","why_caption":"","why_editor_title":"","why_editor_text":"","why_team_title":"","why_team_text":"","why_service_title":"","why_service_text":"","template_catalog_visible":"","template_catalog_title":"","template_catalog_text":"","template_catalog_categories_visible":"","demo_title":"Cree su widget de Rese\u00f1as de Tripadvisor","demo_caption":"\u00a1Configura tus Rese\u00f1as de Tripadvisor y a\u00f1\u00e1delas a tu sitio web de Webnode gratis!","default_faq_hidden":"","app_template_category":[],"platform":"2302","template_public_id":"","codecanyon_url":"","codecanyon_item_id":"","codecanyon_price":"","pricing_caption":"","pricing_elfsight_apps_hide_column":"","pricing_elfsight_apps_url":"","pricing_codecanyon_price_caption":"","integration_category":[],"integration_request_title":"","integration_request_cta":"","integration_platform":"","integrations":[],"platform_category":[],"video_schema_markup":"","price":"desde $0 \/ mes","trial":"","benefits":[{"text":"Servicio de instalaci\u00f3n gratuito"},{"text":"Atenci\u00f3n al cliente experimentada"},{"text":"Garant\u00eda de reembolso de 14 d\u00edas"},{"text":"Mejoras futuras"}],"button_url":"#demo","button_target_blank":"","button_nofollow":"","attributes":[{"name":"Instalaciones","content":"10,000 - 100,000"},{"name":"Sensible","content":"S\u00ed"},{"name":"Navegadores compatibles","content":"Firefox, Safari, Opera, Chrome, Edge"}],"tags":[],"tags_disable_links":"","hide_more_platforms":"","video_object":"","demo_hide_cta":"","demo_hide_cloud_options":"","pricing_title":"","pricing":[{"pricing_icon":"platform","pricing_title":"Elfsight Apps","pricing_title_caption":"Soluci\u00f3n digital independiente de la plataforma","pricing_price":"desde $0 \/ mes","pricing_price_caption":"comienza con el plan gratuito","pricing_benefits":[{"text":"Dominios ilimitados"},{"text":"Soporte gratuito y puntual"},{"text":"Asistencia de instalaci\u00f3n gratuita"},{"text":"Precio especial para m\u00faltiples aplicaciones"}],"pricing_button_text":"A\u00f1adir al sitio web","pricing_button_url":"#demo"}],"related_apps_title":"","related_apps_hidden":"","author":"","image":[],"title":"","job":"","social_networks":[]},"_links":{"self":[{"href":"https:\/\/elfsight.com\/es\/wp-json\/wp\/v2\/pages\/5509","targetHints":{"allow":["GET"]}}],"collection":[{"href":"https:\/\/elfsight.com\/es\/wp-json\/wp\/v2\/pages"}],"about":[{"href":"https:\/\/elfsight.com\/es\/wp-json\/wp\/v2\/types\/page"}],"author":[{"embeddable":true,"href":"https:\/\/elfsight.com\/es\/wp-json\/wp\/v2\/users\/9"}],"replies":[{"embeddable":true,"href":"https:\/\/elfsight.com\/es\/wp-json\/wp\/v2\/comments?post=5509"}],"version-history":[{"count":2,"href":"https:\/\/elfsight.com\/es\/wp-json\/wp\/v2\/pages\/5509\/revisions"}],"predecessor-version":[{"id":19454,"href":"https:\/\/elfsight.com\/es\/wp-json\/wp\/v2\/pages\/5509\/revisions\/19454"}],"up":[{"embeddable":true,"href":"https:\/\/elfsight.com\/es\/wp-json\/wp\/v2\/pages\/1633"}],"wp:attachment":[{"href":"https:\/\/elfsight.com\/es\/wp-json\/wp\/v2\/media?parent=5509"}],"curies":[{"name":"wp","href":"https:\/\/api.w.org\/{rel}","templated":true}]}}