{"id":5508,"date":"1970-01-01T00:00:00","date_gmt":"1970-01-01T00:00:00","guid":{"rendered":"https:\/\/elfsight.com\/es\/?page_id=5508"},"modified":"2025-02-06T16:17:21","modified_gmt":"2025-02-06T16:17:21","slug":"webflow","status":"publish","type":"page","link":"https:\/\/elfsight.com\/es\/tripadvisor-reviews-widget\/webflow\/","title":{"rendered":"Tripadvisor Reviews &#8211; Webflow"},"content":{"rendered":"<div class=\"application-platform-content-item-description application-platform-content-item\" id=\"description\" data-nav-section=\"description\"> <h2>Incorpore Rese\u00f1as de Tripadvisor en Webflow con el widget de Elfsight<\/h2><p>Si est\u00e1 buscando una forma de mostrar la alta valoraci\u00f3n que tiene por parte de los clientes y convencer a los visitantes del sitio web de que vale la pena comprar sus productos o servicios, entonces el widget de Rese\u00f1as de Tripadvisor de Elfsight har\u00e1 el trabajo. Con la ayuda de este widget, puede insertar rese\u00f1as de usuarios de Tripadvisor en su sitio, mostrar informaci\u00f3n sobre sus autores, filtrarlas para revelar solo positivas, mostrar calificaciones y un bot\u00f3n activo que llevar\u00e1 a las personas a su p\u00e1gina de Tripadvisor, para que puedan dejar una rese\u00f1a nueva. <\/p><div class=\"faq\" data-component=\"FAQ\"> <div class=\"faq-item\">\r\n\t\t\t\t\t<div class=\"faq-item-question\">\r\n\t\t\t\t\t\t<h3 class=\"faq-item-question-text\">\u00bfD\u00f3nde puedo mostrar el widget de rese\u00f1as?<\/h3>\r\n\r\n\t\t\t\t\t\t<div class=\"faq-item-question-icon\"><\/div>\r\n\t\t\t\t\t<\/div>\r\n\r\n\t\t\t\t\t<div class=\"faq-item-answer\">\r\n\t\t\t\t\t\t<div class=\"faq-item-answer-text\"> <p>Puede mostrar el widget de rese\u00f1a en cualquier p\u00e1gina del sitio o colocarlo en la plantilla; en este caso, se mostrar\u00e1 en todas las p\u00e1ginas. Las rese\u00f1as pueden ser efectivas en las p\u00e1ginas de productos o en la p\u00e1gina Acerca de nosotros, donde le gustar\u00eda impresionar a los usuarios con su alta calificaci\u00f3n. <\/p><\/div>\r\n\t\t\t\t\t<\/div>\r\n\t\t\t\t<\/div> <div class=\"faq-item\">\r\n\t\t\t\t\t<div class=\"faq-item-question\">\r\n\t\t\t\t\t\t<h3 class=\"faq-item-question-text\">\u00bfCu\u00e1les son los beneficios de tener el widget de Rese\u00f1as para m\u00ed? <\/h3>\r\n\r\n\t\t\t\t\t\t<div class=\"faq-item-question-icon\"><\/div>\r\n\t\t\t\t\t<\/div>\r\n\r\n\t\t\t\t\t<div class=\"faq-item-answer\">\r\n\t\t\t\t\t\t<div class=\"faq-item-answer-text\"> <p>Las rese\u00f1as de personas reales parecen perfectamente cre\u00edbles para los usuarios de su sitio y les indican que su empresa es un socio confiable. Las calificaciones altas y las impresiones positivas pueden ayudar a aumentar las compras en su sitio web. Adem\u00e1s, el bot\u00f3n de redireccionamiento puede contribuir a aumentar la cantidad de opiniones de los usuarios sobre sus ofertas o servicios en Tripadvisor. <\/p> <\/div>\r\n\t\t\t\t\t<\/div>\r\n\t\t\t\t<\/div> <div class=\"faq-item\">\r\n\t\t\t\t\t<div class=\"faq-item-question\">\r\n\t\t\t\t\t\t<h3 class=\"faq-item-question-text\">\u00bfC\u00f3mo puedo agregar el widget Rese\u00f1as de Tripadvisor a mi sitio web Webflow? <\/h3>\r\n\r\n\t\t\t\t\t\t<div class=\"faq-item-question-icon\"><\/div>\r\n\t\t\t\t\t<\/div>\r\n\r\n\t\t\t\t\t<div class=\"faq-item-answer\">\r\n\t\t\t\t\t\t<div class=\"faq-item-answer-text\"> <p>Solo necesitar\u00e1 tres minutos para configurarlo. La integraci\u00f3n es muy r\u00e1pida, gratuita y sin codificaci\u00f3n. <\/p> <p>Existe una opci\u00f3n para insertar el widget de Rese\u00f1as en la p\u00e1gina web a trav\u00e9s de nuestro servicio. Simplemente siga las instrucciones que aparecen a continuaci\u00f3n en esta p\u00e1gina. <\/p> <\/div>\r\n\t\t\t\t\t<\/div>\r\n\t\t\t\t<\/div> <\/div> <\/div> <div class=\"application-platform-content-item-features application-platform-content-item\" id=\"features\" data-nav-section=\"features\"> <h2>Caracter\u00edsticas principales del widget de Rese\u00f1as de Tripadvisor<\/h2> <p>Para comprender mejor el funcionamiento del widget, consulte la lista de caracter\u00edsticas principales. Lo hacen m\u00e1s efectivo para usted: <\/p> <ul> <li>Tres filtros disponibles: por tipo, excluir por y cantidad de rese\u00f1as para mostrar; <\/li> <li>4 dise\u00f1os predefinidos: Lista, Cuadr\u00edcula, Mamposter\u00eda y Control deslizante; <\/li> <li>Una oportunidad para mostrar u ocultar el encabezado del widget; <\/li> <li>El bot\u00f3n de solicitud de rese\u00f1a lleva a los usuarios a su p\u00e1gina de Tripadvisor; <\/li> <li>Seis elementos personalizables de la interfaz: nombre e imagen del autor, texto de recomendaci\u00f3n, fecha, \u00edcono de Tripadvisor y calificaci\u00f3n de estrellas; <\/li> <li>Dos posibles escenarios de rechazo de solicitud de revisi\u00f3n: mostrar su mensaje u ocultar el bot\u00f3n. <\/li> <\/ul><p><a href=\"#demo\">Vea una lista completa de funciones en una demostraci\u00f3n en vivo<\/a><\/p> <\/div> <div class=\"application-platform-content-item-installation application-platform-content-item\" id=\"installation\" data-nav-section=\"installation\"> <h2>Descubra c\u00f3mo integrar las rese\u00f1as de Tripadvisor en su sitio web Webflow. Es r\u00e1pido y f\u00e1cil. <\/h2> <div class=\"video-container\"><iframe width=\"720\" height=\"405\" src=\"https:\/\/www.youtube.com\/embed\/Grd1Y4OM59k\" frameborder=\"0\"><\/iframe><\/div><p>Los pasos siguientes son lo \u00fanico que necesita para mostrar. <\/p> <ul><li><b>Crea tu widget personal de Tripadvisor<\/b><br> Administra la configuraci\u00f3n en nuestro configurador gratuito y crea un complemento con opciones de dise\u00f1o y interfaz adecuadas. <\/li><li><b>Obtenga el c\u00f3digo individual para insertar el complemento<\/b><br> Despu\u00e9s de haber generado su widget, obtendr\u00e1 su c\u00f3digo de instalaci\u00f3n desde la ventana emergente en Elfsight Apps. C\u00f3pialo. <\/li> <li><b>Incruste el complemento en su sitio<\/b><br> Busque la p\u00e1gina y el \u00e1rea donde desea revelar el complemento y agregue el c\u00f3digo copiado all\u00ed. Publicar los cambios. <\/li> <li><b>Realizaste completamente la instalaci\u00f3n<\/b><br> Visita tu sitio para ver tu trabajo. <\/li> <\/ul><p>\u00bfA\u00fan no te decides? \u00bfO tener problemas? Simplemente env\u00ede una solicitud a nuestro equipo de soporte y resolveremos cualquier asunto. <\/p> <\/div>","protected":false},"excerpt":{"rendered":"","protected":false},"author":9,"featured_media":0,"parent":1633,"menu_order":0,"comment_status":"closed","ping_status":"closed","template":"templates\/template-application-platform.php","meta":{"publish_to_discourse":"","publish_post_category":"","wpdc_auto_publish_overridden":"","wpdc_topic_tags":"","wpdc_pin_topic":"","wpdc_pin_until":"","discourse_post_id":"","discourse_permalink":"","wpdc_publishing_response":"","wpdc_publishing_error":"","footnotes":""},"class_list":["post-5508","page","type-page","status-publish","hentry"],"yoast_head":"<!-- This site is optimized with the Yoast SEO plugin v25.3.1 - https:\/\/yoast.com\/wordpress\/plugins\/seo\/ -->\n<title>Inserte el widget de Rese\u00f1as de Tripadvisor en su sitio web Webflow (en 2 minutos)<\/title>\n<meta name=\"description\" content=\"Con Elfsight, cree su widget de Rese\u00f1as de Tripadvisor y publ\u00edquelo en la p\u00e1gina web de Webflow r\u00e1pidamente. Ofrecemos atenci\u00f3n al cliente gratuita y otras bonificaciones.\" \/>\n<meta name=\"robots\" content=\"index, follow, max-snippet:-1, max-image-preview:large, max-video-preview:-1\" \/>\n<link rel=\"canonical\" href=\"https:\/\/elfsight.com\/es\/tripadvisor-reviews-widget\/webflow\/\" \/>\n<meta property=\"og:locale\" content=\"es_ES\" \/>\n<meta property=\"og:type\" content=\"article\" \/>\n<meta property=\"og:title\" content=\"Inserte el widget de Rese\u00f1as de Tripadvisor en su sitio web Webflow (en 2 minutos)\" \/>\n<meta property=\"og:description\" content=\"Con Elfsight, cree su widget de Rese\u00f1as de Tripadvisor y publ\u00edquelo en la p\u00e1gina web de Webflow r\u00e1pidamente. Ofrecemos atenci\u00f3n al cliente gratuita y otras bonificaciones.\" \/>\n<meta property=\"og:url\" content=\"https:\/\/elfsight.com\/es\/tripadvisor-reviews-widget\/webflow\/\" \/>\n<meta property=\"og:site_name\" content=\"Elfsight ES\" \/>\n<meta property=\"article:modified_time\" content=\"2025-02-06T16:17:21+00:00\" \/>\n<meta name=\"twitter:card\" content=\"summary_large_image\" \/>\n<meta name=\"twitter:label1\" content=\"Tiempo de lectura\" \/>\n\t<meta name=\"twitter:data1\" content=\"3 minutos\" \/>\n<!-- \/ Yoast SEO plugin. -->","yoast_head_json":{"title":"Inserte el widget de Rese\u00f1as de Tripadvisor en su sitio web Webflow (en 2 minutos)","description":"Con Elfsight, cree su widget de Rese\u00f1as de Tripadvisor y publ\u00edquelo en la p\u00e1gina web de Webflow r\u00e1pidamente. Ofrecemos atenci\u00f3n al cliente gratuita y otras bonificaciones.","robots":{"index":"index","follow":"follow","max-snippet":"max-snippet:-1","max-image-preview":"max-image-preview:large","max-video-preview":"max-video-preview:-1"},"canonical":"https:\/\/elfsight.com\/es\/tripadvisor-reviews-widget\/webflow\/","og_locale":"es_ES","og_type":"article","og_title":"Inserte el widget de Rese\u00f1as de Tripadvisor en su sitio web Webflow (en 2 minutos)","og_description":"Con Elfsight, cree su widget de Rese\u00f1as de Tripadvisor y publ\u00edquelo en la p\u00e1gina web de Webflow r\u00e1pidamente. Ofrecemos atenci\u00f3n al cliente gratuita y otras bonificaciones.","og_url":"https:\/\/elfsight.com\/es\/tripadvisor-reviews-widget\/webflow\/","og_site_name":"Elfsight ES","article_modified_time":"2025-02-06T16:17:21+00:00","twitter_card":"summary_large_image","twitter_misc":{"Tiempo de lectura":"3 minutos"},"schema":{"@context":"https:\/\/schema.org","@graph":[{"@type":"WebPage","@id":"https:\/\/elfsight.com\/es\/tripadvisor-reviews-widget\/webflow\/","url":"https:\/\/elfsight.com\/es\/tripadvisor-reviews-widget\/webflow\/","name":"Inserte el widget de Rese\u00f1as de Tripadvisor en su sitio web Webflow (en 2 minutos)","isPartOf":{"@id":"https:\/\/elfsight.com\/es\/#website"},"datePublished":"1970-01-01T00:00:00+00:00","dateModified":"2025-02-06T16:17:21+00:00","description":"Con Elfsight, cree su widget de Rese\u00f1as de Tripadvisor y publ\u00edquelo en la p\u00e1gina web de Webflow r\u00e1pidamente. Ofrecemos atenci\u00f3n al cliente gratuita y otras bonificaciones.","breadcrumb":{"@id":"https:\/\/elfsight.com\/es\/tripadvisor-reviews-widget\/webflow\/#breadcrumb"},"inLanguage":"es","potentialAction":[{"@type":"ReadAction","target":["https:\/\/elfsight.com\/es\/tripadvisor-reviews-widget\/webflow\/"]}]},{"@type":"BreadcrumbList","@id":"https:\/\/elfsight.com\/es\/tripadvisor-reviews-widget\/webflow\/#breadcrumb","itemListElement":[{"@type":"ListItem","position":1,"name":"Home","item":"https:\/\/elfsight.com\/es\/"},{"@type":"ListItem","position":2,"name":"Tripadvisor Reviews","item":"https:\/\/elfsight.com\/es\/tripadvisor-reviews-widget\/"},{"@type":"ListItem","position":3,"name":"Tripadvisor Reviews &#8211; Webflow"}]},{"@type":"WebSite","@id":"https:\/\/elfsight.com\/es\/#website","url":"https:\/\/elfsight.com\/es\/","name":"Elfsight ES","description":"Just another Elfsight Sites site","potentialAction":[{"@type":"SearchAction","target":{"@type":"EntryPoint","urlTemplate":"https:\/\/elfsight.com\/es\/?s={search_term_string}"},"query-input":{"@type":"PropertyValueSpecification","valueRequired":true,"valueName":"search_term_string"}}],"inLanguage":"es"}]}},"meta_box":{"industry":"","seo_heading":"","heading":"","description":"","cta_heading":"","cta_description":"","application":"1632","h1":"Widget de rese\u00f1as de Tripadvisor de flujo web","h1_caption":"Integre las opiniones de sus clientes de Tripadvisor en su sitio","application_category":[],"applications_title":"","applications_request_title":"","applications_request_button_text":"","hero_text":"","hero_video":"","hero_video_schema_markup":"","selling_points_title":"","selling_points_caption":"","selling_points":[],"selling_points_cta_text":"","features_title":"","features":"","ed_cta_examples_text":"","ed_cta_examples_hidden":"","ed_cta_demo_text":"","ed_cta_demo_hidden":"","why_caption":"","why_editor_title":"","why_editor_text":"","why_team_title":"","why_team_text":"","why_service_title":"","why_service_text":"","template_catalog_visible":"","template_catalog_title":"","template_catalog_text":"","template_catalog_categories_visible":"","demo_title":"Cree su widget de Rese\u00f1as de Tripadvisor","demo_caption":"Configure sus rese\u00f1as de Tripadvisor y agr\u00e9guelas a su sitio web Webflow de forma gratuita.","default_faq_hidden":"","app_template_category":[],"platform":"106","template_public_id":"","codecanyon_url":"","codecanyon_item_id":"","codecanyon_price":"","pricing_caption":"","pricing_elfsight_apps_hide_column":"","pricing_elfsight_apps_url":"","pricing_codecanyon_price_caption":"","integration_category":[],"integration_request_title":"","integration_request_cta":"","integration_platform":"","integrations":[],"platform_category":[],"video_schema_markup":"","price":"desde $0 \/ mes","trial":"","benefits":[{"text":"Ayuda de instalaci\u00f3n gratuita"},{"text":"Soporte premium"},{"text":"Garant\u00eda de devoluci\u00f3n de dinero de 14 d\u00edas"},{"text":"Mejoras gratuitas continuas"}],"button_url":"#demo","button_target_blank":"","button_nofollow":"","attributes":[{"name":"Instalaciones","content":"10,000 - 100,000"},{"name":"Sensible","content":"S\u00ed"},{"name":"Navegadores compatibles","content":"Safari, Opera, Chrome, Firefox, Edge"}],"tags":[],"tags_disable_links":"","hide_more_platforms":"","video_object":"","demo_hide_cta":"","demo_hide_cloud_options":"","pricing_title":"","pricing":[{"pricing_icon":"platform","pricing_title":"Elfsight Apps","pricing_title_caption":"Versi\u00f3n multiplataforma que funciona en cualquier sitio.","pricing_price":"desde $0 \/ mes","pricing_price_caption":"comienza con el plan gratuito","pricing_benefits":[{"text":"N\u00famero ilimitado de dominios"},{"text":"Atenci\u00f3n al cliente profesional"},{"text":"Servicio de instalaci\u00f3n gratuito"},{"text":"Oferta especial para m\u00faltiples aplicaciones"}],"pricing_button_text":"A\u00f1adir al sitio web","pricing_button_url":"#demo"}],"related_apps_title":"","related_apps_hidden":"","author":"","image":[],"title":"","job":"","social_networks":[]},"_links":{"self":[{"href":"https:\/\/elfsight.com\/es\/wp-json\/wp\/v2\/pages\/5508","targetHints":{"allow":["GET"]}}],"collection":[{"href":"https:\/\/elfsight.com\/es\/wp-json\/wp\/v2\/pages"}],"about":[{"href":"https:\/\/elfsight.com\/es\/wp-json\/wp\/v2\/types\/page"}],"author":[{"embeddable":true,"href":"https:\/\/elfsight.com\/es\/wp-json\/wp\/v2\/users\/9"}],"replies":[{"embeddable":true,"href":"https:\/\/elfsight.com\/es\/wp-json\/wp\/v2\/comments?post=5508"}],"version-history":[{"count":2,"href":"https:\/\/elfsight.com\/es\/wp-json\/wp\/v2\/pages\/5508\/revisions"}],"predecessor-version":[{"id":19455,"href":"https:\/\/elfsight.com\/es\/wp-json\/wp\/v2\/pages\/5508\/revisions\/19455"}],"up":[{"embeddable":true,"href":"https:\/\/elfsight.com\/es\/wp-json\/wp\/v2\/pages\/1633"}],"wp:attachment":[{"href":"https:\/\/elfsight.com\/es\/wp-json\/wp\/v2\/media?parent=5508"}],"curies":[{"name":"wp","href":"https:\/\/api.w.org\/{rel}","templated":true}]}}