{"id":5507,"date":"1970-01-01T00:00:00","date_gmt":"1970-01-01T00:00:00","guid":{"rendered":"https:\/\/elfsight.com\/es\/?page_id=5507"},"modified":"2025-02-06T16:17:29","modified_gmt":"2025-02-06T16:17:29","slug":"squarespace","status":"publish","type":"page","link":"https:\/\/elfsight.com\/es\/tripadvisor-reviews-widget\/squarespace\/","title":{"rendered":"Tripadvisor Reviews &#8211; Squarespace"},"content":{"rendered":"<div class=\"application-platform-content-item-description application-platform-content-item\" id=\"description\" data-nav-section=\"description\"> <h2>Incorpore Rese\u00f1as de Tripadvisor en Squarespace con el widget de Elfsight<\/h2> <p>Si desea demostrar su alta calificaci\u00f3n y convencer a los visitantes de que vale la pena gastar dinero en sus productos o servicios, Rese\u00f1as de Elfsight Tripadvisor se adapta perfectamente a sus necesidades. Con la ayuda de nuestra herramienta, podr\u00e1 colocar las rese\u00f1as de los usuarios de Tripadvisor en su sitio con informaci\u00f3n sobre sus autores, usar filtros para revelar solo lo mejor de ellos, agregar calificaciones y un bot\u00f3n de redireccionamiento que llevar\u00e1 a las personas a su p\u00e1gina de Tripadvisor, para que puedan escribir una rese\u00f1a nueva. <\/p><div class=\"faq\" data-component=\"FAQ\"> <div class=\"faq-item\">\r\n\t\t\t\t\t<div class=\"faq-item-question\">\r\n\t\t\t\t\t\t<h3 class=\"faq-item-question-text\">\u00bfD\u00f3nde puedo agregar el widget de Rese\u00f1as?<\/h3>\r\n\r\n\t\t\t\t\t\t<div class=\"faq-item-question-icon\"><\/div>\r\n\t\t\t\t\t<\/div>\r\n\r\n\t\t\t\t\t<div class=\"faq-item-answer\">\r\n\t\t\t\t\t\t<div class=\"faq-item-answer-text\"> <p>Este widget se puede colocar en cualquier p\u00e1gina donde necesite demostrar su gran aprecio y popularidad entre los clientes. Si lo necesita en todas las p\u00e1ginas de su sitio, simplemente puede pegarlo en la plantilla del sitio web. <\/p><\/div>\r\n\t\t\t\t\t<\/div>\r\n\t\t\t\t<\/div> <div class=\"faq-item\">\r\n\t\t\t\t\t<div class=\"faq-item-question\">\r\n\t\t\t\t\t\t<h3 class=\"faq-item-question-text\">\u00bfC\u00f3mo me beneficio de este complemento? <\/h3>\r\n\r\n\t\t\t\t\t\t<div class=\"faq-item-question-icon\"><\/div>\r\n\t\t\t\t\t<\/div>\r\n\r\n\t\t\t\t\t<div class=\"faq-item-answer\">\r\n\t\t\t\t\t\t<div class=\"faq-item-answer-text\"> <p>Las rese\u00f1as de personas reales son absolutamente confiables para los visitantes de su sitio web y les indican que su empresa es confiable. Una calificaci\u00f3n alta y excelentes impresiones pueden ayudar a aumentar las ventas de su sitio. Adem\u00e1s, el bot\u00f3n de redireccionamiento puede contribuir a aumentar la cantidad de opiniones de clientes sobre su empresa en Tripadvisor. <\/p> <\/div>\r\n\t\t\t\t\t<\/div>\r\n\t\t\t\t<\/div> <div class=\"faq-item\">\r\n\t\t\t\t\t<div class=\"faq-item-question\">\r\n\t\t\t\t\t\t<h3 class=\"faq-item-question-text\">\u00bfQu\u00e9 necesito para agregar el widget de Rese\u00f1as de Tripadvisor a mi sitio web de Squarespace? <\/h3>\r\n\r\n\t\t\t\t\t\t<div class=\"faq-item-question-icon\"><\/div>\r\n\t\t\t\t\t<\/div>\r\n\r\n\t\t\t\t\t<div class=\"faq-item-answer\">\r\n\t\t\t\t\t\t<div class=\"faq-item-answer-text\"> <p>Le tomar\u00e1 tres minutos de su tiempo comenzar a usar el widget. La integraci\u00f3n es s\u00faper r\u00e1pida, gratuita y no requiere codificaci\u00f3n. <\/p> <p>Puedes agregar el widget a tu sitio a trav\u00e9s de nuestro servicio. Para ello necesitar\u00e1s consultar una breve descripci\u00f3n m\u00e1s adelante en esta p\u00e1gina. <\/p> <\/div>\r\n\t\t\t\t\t<\/div>\r\n\t\t\t\t<\/div> <\/div> <\/div> <div class=\"application-platform-content-item-features application-platform-content-item\" id=\"features\" data-nav-section=\"features\"> <h2>Caracter\u00edsticas principales del widget de Rese\u00f1as de Tripadvisor<\/h2> <p>Para comprender mejor el widget, consulte la lista de sus funciones m\u00e1s valiosas. Hacen que el widget sea realmente efectivo para su negocio: <\/p> <ul> <li>3 filtros listos para usar: por tipo, excluir por y cantidad de rese\u00f1as para mostrar; <\/li> <li>4 tipos de dise\u00f1os: lista, cuadr\u00edcula, mamposter\u00eda y control deslizante; <\/li> <li> Encabezado totalmente flexible del widget; <\/li> <li>El bot\u00f3n para solicitar una rese\u00f1a lleva a las personas a su p\u00e1gina de Tripadvisor; <\/li> <li>6 elementos personalizables del widget: el nombre del autor y la foto, recomendaci\u00f3n, fecha de uso compartido, \u00edcono de Tripadvisor y calificaci\u00f3n de estrellas; <\/li> <li>Dos escenarios alternativos despu\u00e9s del rechazo de la solicitud de revisi\u00f3n: mostrar un mensaje personalizado u ocultar el bot\u00f3n. <\/li> <\/ul><p><a href=\"#demo\">Explore todas las funciones en una demostraci\u00f3n en vivo<\/a><\/p> <\/div> <div class=\"application-platform-content-item-installation application-platform-content-item\" id=\"installation\" data-nav-section=\"installation\"> <h2>Descubra c\u00f3mo insertar rese\u00f1as de Tripadvisor en su sitio web de Squarespace. Es un proceso sencillo y sin complicaciones.<\/h2> <div class=\"video-container\"><iframe width=\"720\" height=\"405\" src=\"https:\/\/www.youtube.com\/embed\/Xnng2poWksM\" frameborder=\"0\"><\/iframe><\/div><p>Las siguientes acciones son lo \u00fanico que necesita mostrar. <\/p> <ul><li><b>Cree su complemento personal de Tripadvisor<\/b><br> En nuestra demostraci\u00f3n gratuita, obtenga un complemento con su dise\u00f1o y funcionalidad preferidos. <\/li><li><b>Copia el c\u00f3digo individual para integrar el complemento<\/b><br> Despu\u00e9s de haber configurado tu widget, obtendr\u00e1s el c\u00f3digo \u00fanico en la ventana emergente de Elfsight Apps. C\u00f3pialo. <\/li> <li><b> El complemento en su sitio web<\/b><br> Defina el lugar donde desea incrustar el complemento y agregue el c\u00f3digo copiado all\u00ed. Aplicar los cambios. <\/li> <li><b>\u00a1Felicitaciones! \u00a1Acabas de agregar el widget! <\/b><br>Visita la p\u00e1gina, para ver tu trabajo. <\/li> <\/ul><p>\u00bfA\u00fan est\u00e1s inquieto? \u00bfO tener problemas? Simplemente env\u00ede una solicitud a nuestro departamento de atenci\u00f3n al cliente y le ayudar\u00e1 con todos los problemas. <\/p> <\/div>","protected":false},"excerpt":{"rendered":"","protected":false},"author":9,"featured_media":0,"parent":1633,"menu_order":0,"comment_status":"closed","ping_status":"closed","template":"templates\/template-application-platform.php","meta":{"publish_to_discourse":"","publish_post_category":"","wpdc_auto_publish_overridden":"","wpdc_topic_tags":"","wpdc_pin_topic":"","wpdc_pin_until":"","discourse_post_id":"","discourse_permalink":"","wpdc_publishing_response":"","wpdc_publishing_error":"","footnotes":""},"class_list":["post-5507","page","type-page","status-publish","hentry"],"yoast_head":"<!-- This site is optimized with the Yoast SEO plugin v25.3.1 - https:\/\/yoast.com\/wordpress\/plugins\/seo\/ -->\n<title>Agregue el complemento Rese\u00f1as de Tripadvisor en su sitio web de Squarespace (2025)<\/title>\n<meta name=\"description\" content=\"Es perfectamente sencillo crear su complemento de Rese\u00f1as de Tripadvisor y colocarlo en su sitio web de Squarespace. La atenci\u00f3n al cliente de Elfsight es gratuita.\" \/>\n<meta name=\"robots\" content=\"index, follow, max-snippet:-1, max-image-preview:large, max-video-preview:-1\" \/>\n<link rel=\"canonical\" href=\"https:\/\/elfsight.com\/es\/tripadvisor-reviews-widget\/squarespace\/\" \/>\n<meta property=\"og:locale\" content=\"es_ES\" \/>\n<meta property=\"og:type\" content=\"article\" \/>\n<meta property=\"og:title\" content=\"Agregue el complemento Rese\u00f1as de Tripadvisor en su sitio web de Squarespace (2025)\" \/>\n<meta property=\"og:description\" content=\"Es perfectamente sencillo crear su complemento de Rese\u00f1as de Tripadvisor y colocarlo en su sitio web de Squarespace. La atenci\u00f3n al cliente de Elfsight es gratuita.\" \/>\n<meta property=\"og:url\" content=\"https:\/\/elfsight.com\/es\/tripadvisor-reviews-widget\/squarespace\/\" \/>\n<meta property=\"og:site_name\" content=\"Elfsight ES\" \/>\n<meta property=\"article:modified_time\" content=\"2025-02-06T16:17:29+00:00\" \/>\n<meta name=\"twitter:card\" content=\"summary_large_image\" \/>\n<meta name=\"twitter:label1\" content=\"Tiempo de lectura\" \/>\n\t<meta name=\"twitter:data1\" content=\"3 minutos\" \/>\n<!-- \/ Yoast SEO plugin. -->","yoast_head_json":{"title":"Agregue el complemento Rese\u00f1as de Tripadvisor en su sitio web de Squarespace (2025)","description":"Es perfectamente sencillo crear su complemento de Rese\u00f1as de Tripadvisor y colocarlo en su sitio web de Squarespace. La atenci\u00f3n al cliente de Elfsight es gratuita.","robots":{"index":"index","follow":"follow","max-snippet":"max-snippet:-1","max-image-preview":"max-image-preview:large","max-video-preview":"max-video-preview:-1"},"canonical":"https:\/\/elfsight.com\/es\/tripadvisor-reviews-widget\/squarespace\/","og_locale":"es_ES","og_type":"article","og_title":"Agregue el complemento Rese\u00f1as de Tripadvisor en su sitio web de Squarespace (2025)","og_description":"Es perfectamente sencillo crear su complemento de Rese\u00f1as de Tripadvisor y colocarlo en su sitio web de Squarespace. La atenci\u00f3n al cliente de Elfsight es gratuita.","og_url":"https:\/\/elfsight.com\/es\/tripadvisor-reviews-widget\/squarespace\/","og_site_name":"Elfsight ES","article_modified_time":"2025-02-06T16:17:29+00:00","twitter_card":"summary_large_image","twitter_misc":{"Tiempo de lectura":"3 minutos"},"schema":{"@context":"https:\/\/schema.org","@graph":[{"@type":"WebPage","@id":"https:\/\/elfsight.com\/es\/tripadvisor-reviews-widget\/squarespace\/","url":"https:\/\/elfsight.com\/es\/tripadvisor-reviews-widget\/squarespace\/","name":"Agregue el complemento Rese\u00f1as de Tripadvisor en su sitio web de Squarespace (2025)","isPartOf":{"@id":"https:\/\/elfsight.com\/es\/#website"},"datePublished":"1970-01-01T00:00:00+00:00","dateModified":"2025-02-06T16:17:29+00:00","description":"Es perfectamente sencillo crear su complemento de Rese\u00f1as de Tripadvisor y colocarlo en su sitio web de Squarespace. La atenci\u00f3n al cliente de Elfsight es gratuita.","breadcrumb":{"@id":"https:\/\/elfsight.com\/es\/tripadvisor-reviews-widget\/squarespace\/#breadcrumb"},"inLanguage":"es","potentialAction":[{"@type":"ReadAction","target":["https:\/\/elfsight.com\/es\/tripadvisor-reviews-widget\/squarespace\/"]}]},{"@type":"BreadcrumbList","@id":"https:\/\/elfsight.com\/es\/tripadvisor-reviews-widget\/squarespace\/#breadcrumb","itemListElement":[{"@type":"ListItem","position":1,"name":"Home","item":"https:\/\/elfsight.com\/es\/"},{"@type":"ListItem","position":2,"name":"Tripadvisor Reviews","item":"https:\/\/elfsight.com\/es\/tripadvisor-reviews-widget\/"},{"@type":"ListItem","position":3,"name":"Tripadvisor Reviews &#8211; Squarespace"}]},{"@type":"WebSite","@id":"https:\/\/elfsight.com\/es\/#website","url":"https:\/\/elfsight.com\/es\/","name":"Elfsight ES","description":"Just another Elfsight Sites site","potentialAction":[{"@type":"SearchAction","target":{"@type":"EntryPoint","urlTemplate":"https:\/\/elfsight.com\/es\/?s={search_term_string}"},"query-input":{"@type":"PropertyValueSpecification","valueRequired":true,"valueName":"search_term_string"}}],"inLanguage":"es"}]}},"meta_box":{"industry":"","seo_heading":"","heading":"","description":"","cta_heading":"","cta_description":"","application":"1632","h1":"Complemento de rese\u00f1as de Tripadvisor de Squarespace","h1_caption":"Demostrar las opiniones que los usuarios dejan sobre usted en Tripadvisor","application_category":[],"applications_title":"","applications_request_title":"","applications_request_button_text":"","hero_text":"","hero_video":"","hero_video_schema_markup":"","selling_points_title":"","selling_points_caption":"","selling_points":[],"selling_points_cta_text":"","features_title":"","features":"","ed_cta_examples_text":"","ed_cta_examples_hidden":"","ed_cta_demo_text":"","ed_cta_demo_hidden":"","why_caption":"","why_editor_title":"","why_editor_text":"","why_team_title":"","why_team_text":"","why_service_title":"","why_service_text":"","template_catalog_visible":"","template_catalog_title":"","template_catalog_text":"","template_catalog_categories_visible":"","demo_title":"Crea tu complemento de Rese\u00f1as de Tripadvisor","demo_caption":"Configure sus rese\u00f1as de Tripadvisor y agr\u00e9guelas a su sitio web de Squarespace de forma gratuita.","default_faq_hidden":"","app_template_category":[],"platform":"100","template_public_id":"","codecanyon_url":"","codecanyon_item_id":"","codecanyon_price":"","pricing_caption":"","pricing_elfsight_apps_hide_column":"","pricing_elfsight_apps_url":"","pricing_codecanyon_price_caption":"","integration_category":[],"integration_request_title":"","integration_request_cta":"","integration_platform":"","integrations":[],"platform_category":[],"video_schema_markup":"","price":"desde $0 \/ mes","trial":"","benefits":[{"text":"Servicio de instalaci\u00f3n gratuito"},{"text":"Servicio al cliente eficaz"},{"text":"Garant\u00eda de reembolso de 14 d\u00edas"},{"text":"Mejoras continuas"}],"button_url":"#demo","button_target_blank":"","button_nofollow":"","attributes":[{"name":"Instalaciones","content":"10,000 - 100,000"},{"name":"Sensible","content":"S\u00ed"},{"name":"Navegadores compatibles","content":"Firefox, Safari, Opera, Chrome, Edge"}],"tags":[],"tags_disable_links":"","hide_more_platforms":"","video_object":"","demo_hide_cta":"","demo_hide_cloud_options":"","pricing_title":"","pricing":[{"pricing_icon":"platform","pricing_title":"Elfsight Apps","pricing_title_caption":"Soluci\u00f3n digital independiente de plataforma que funciona en cualquier sitio web","pricing_price":"desde $0 \/ mes","pricing_price_caption":"comienza con un plan gratuito","pricing_benefits":[{"text":"Sitios web ilimitados"},{"text":"Atenci\u00f3n al cliente premium"},{"text":"Asistencia de instalaci\u00f3n gratuita"},{"text":"Dise\u00f1o flexible"}],"pricing_button_text":"A\u00f1adir al sitio web","pricing_button_url":"#demo"}],"related_apps_title":"","related_apps_hidden":"","author":"","image":[],"title":"","job":"","social_networks":[]},"_links":{"self":[{"href":"https:\/\/elfsight.com\/es\/wp-json\/wp\/v2\/pages\/5507","targetHints":{"allow":["GET"]}}],"collection":[{"href":"https:\/\/elfsight.com\/es\/wp-json\/wp\/v2\/pages"}],"about":[{"href":"https:\/\/elfsight.com\/es\/wp-json\/wp\/v2\/types\/page"}],"author":[{"embeddable":true,"href":"https:\/\/elfsight.com\/es\/wp-json\/wp\/v2\/users\/9"}],"replies":[{"embeddable":true,"href":"https:\/\/elfsight.com\/es\/wp-json\/wp\/v2\/comments?post=5507"}],"version-history":[{"count":2,"href":"https:\/\/elfsight.com\/es\/wp-json\/wp\/v2\/pages\/5507\/revisions"}],"predecessor-version":[{"id":19456,"href":"https:\/\/elfsight.com\/es\/wp-json\/wp\/v2\/pages\/5507\/revisions\/19456"}],"up":[{"embeddable":true,"href":"https:\/\/elfsight.com\/es\/wp-json\/wp\/v2\/pages\/1633"}],"wp:attachment":[{"href":"https:\/\/elfsight.com\/es\/wp-json\/wp\/v2\/media?parent=5507"}],"curies":[{"name":"wp","href":"https:\/\/api.w.org\/{rel}","templated":true}]}}