{"id":5506,"date":"1970-01-01T00:00:00","date_gmt":"1970-01-01T00:00:00","guid":{"rendered":"https:\/\/elfsight.com\/es\/?page_id=5506"},"modified":"2025-02-06T16:17:29","modified_gmt":"2025-02-06T16:17:29","slug":"shopify","status":"publish","type":"page","link":"https:\/\/elfsight.com\/es\/tripadvisor-reviews-widget\/shopify\/","title":{"rendered":"Tripadvisor Reviews &#8211; Shopify"},"content":{"rendered":"<div class=\"application-platform-content-item-description application-platform-content-item\" id=\"description\" data-nav-section=\"description\"> <h2>Incorpore Rese\u00f1as de Tripadvisor en Shopify con el widget de Elfsight<\/h2> <p>Si necesita demostrar su aprecio entre los clientes y convencer a los visitantes del sitio web de que vale la pena comprar sus ofertas, Rese\u00f1as de Elfsight Tripadvisor har\u00e1 el trabajo. Con la ayuda de este widget, puede mostrar las opiniones de los clientes de Tripadvisor en su sitio web con detalles sobre sus autores, usar filtros para revelar solo las buenas, mostrar calificaciones y un bot\u00f3n activo, que llevar\u00e1 a las personas a su cuenta de Tripadvisor, donde podr\u00e1n dejar una nueva opini\u00f3n. <\/p><div class=\"faq\" data-component=\"FAQ\"> <div class=\"faq-item\">\r\n\t\t\t\t\t<div class=\"faq-item-question\">\r\n\t\t\t\t\t\t<h3 class=\"faq-item-question-text\">\u00bfD\u00f3nde puedo integrar el widget de Rese\u00f1as?<\/h3>\r\n\r\n\t\t\t\t\t\t<div class=\"faq-item-question-icon\"><\/div>\r\n\t\t\t\t\t<\/div>\r\n\r\n\t\t\t\t\t<div class=\"faq-item-answer\">\r\n\t\t\t\t\t\t<div class=\"faq-item-answer-text\"> <p>Este widget se puede incrustar en cualquier p\u00e1gina web donde desee demostrar su alta valoraci\u00f3n y popularidad entre los clientes. Si desea mostrar el widget en todas las p\u00e1ginas del sitio, simplemente puede introducirlo en la plantilla del sitio web. <\/p><\/div>\r\n\t\t\t\t\t<\/div>\r\n\t\t\t\t<\/div> <div class=\"faq-item\">\r\n\t\t\t\t\t<div class=\"faq-item-question\">\r\n\t\t\t\t\t\t<h3 class=\"faq-item-question-text\">\u00bfC\u00f3mo me beneficio del widget de Rese\u00f1as? <\/h3>\r\n\r\n\t\t\t\t\t\t<div class=\"faq-item-question-icon\"><\/div>\r\n\t\t\t\t\t<\/div>\r\n\r\n\t\t\t\t\t<div class=\"faq-item-answer\">\r\n\t\t\t\t\t\t<div class=\"faq-item-answer-text\"> <p>Las rese\u00f1as de personas reales parecen m\u00e1ximamente cre\u00edbles para los visitantes de su sitio web y les demuestran que se puede confiar en su empresa. Las calificaciones altas y las impresiones positivas pueden ayudar a aumentar las compras en su sitio web. M\u00e1s a\u00fan, el bot\u00f3n de redireccionamiento puede contribuir a aumentar la cantidad de opiniones de clientes relacionadas con sus ofertas o servicios en Tripadvisor. <\/p> <\/div>\r\n\t\t\t\t\t<\/div>\r\n\t\t\t\t<\/div> <div class=\"faq-item\">\r\n\t\t\t\t\t<div class=\"faq-item-question\">\r\n\t\t\t\t\t\t<h3 class=\"faq-item-question-text\">\u00bfC\u00f3mo incorporo el widget de Rese\u00f1as de Tripadvisor en mi sitio Shopify? <\/h3>\r\n\r\n\t\t\t\t\t\t<div class=\"faq-item-question-icon\"><\/div>\r\n\t\t\t\t\t<\/div>\r\n\r\n\t\t\t\t\t<div class=\"faq-item-answer\">\r\n\t\t\t\t\t\t<div class=\"faq-item-answer-text\"> <p>Se necesitan dos minutos para activar el widget en cualquier p\u00e1gina de su sitio. Este proceso es realmente r\u00e1pido, gratuito y sin codificaci\u00f3n. <\/p> <p>Existe una opci\u00f3n para colocar el widget en la p\u00e1gina web a trav\u00e9s de nuestro servicio. Para ello, consulte la breve descripci\u00f3n que aparece a continuaci\u00f3n en esta p\u00e1gina. <\/p> <\/div>\r\n\t\t\t\t\t<\/div>\r\n\t\t\t\t<\/div> <\/div> <\/div> <div class=\"application-platform-content-item-features application-platform-content-item\" id=\"features\" data-nav-section=\"features\"> <h2>Principales caracter\u00edsticas del widget de Rese\u00f1as de Tripadvisor<\/h2> <div class=\"video-container\"><iframe width=\"720\" height=\"405\" src=\"https:\/\/www.youtube.com\/embed\/HZ5JxcMdXL8\" frameborder=\"0\"><\/iframe><\/div><p>Para tener una idea del widget, consulte la lista de sus caracter\u00edsticas principales. Hacen que nuestro widget sea incre\u00edblemente eficiente para su promoci\u00f3n: <\/p> <ul> <li>3 filtros disponibles: por tipo, excluir por y cantidad de rese\u00f1as para mostrar; <\/li> <li>4 tipos de dise\u00f1os: lista, cuadr\u00edcula, mamposter\u00eda y control deslizante; <\/li> <li> Encabezado totalmente flexible del widget; <\/li> <li>El bot\u00f3n para solicitar una rese\u00f1a lleva a los clientes a la p\u00e1gina de Tripadvisor; <\/li> <li>Seis elementos ajustables de la interfaz: el nombre del autor y la imagen, texto de recomendaci\u00f3n, fecha, \u00edcono de Tripadvisor y calificaci\u00f3n de estrellas; <\/li> <li>Dos variantes del escenario despu\u00e9s del rechazo de la solicitud de revisi\u00f3n: mostrar su mensaje u ocultar el bot\u00f3n. <\/li> <ol><li><b>Utilice nuestra demostraci\u00f3n gratuita y comience a crear su propia aplicaci\u00f3n. <\/b><br> Encuentre la interfaz y los aspectos deseados de la aplicaci\u00f3n y guarde todas las correcciones. <\/li> <li><b>Adquiera su c\u00f3digo \u00fanico revelado en el formulario especial en Elfsight Apps. <\/b><br> Una vez completada la configuraci\u00f3n de su aplicaci\u00f3n personal, copie su c\u00f3digo en la ventana que aparece y gu\u00e1rdelo para futuras ocasiones. <\/li> <li><b>Iniciar la aplicaci\u00f3n de la aplicaci\u00f3n en el sitio web de Shopify. <\/b><br> Incruste el c\u00f3digo guardado anteriormente en su sitio y guarde las ediciones. <\/li> <li><b>La configuraci\u00f3n se realiz\u00f3 exitosamente. <\/b><br>Visita su p\u00e1gina web para ver el funcionamiento de la aplicaci\u00f3n. <\/li><\/ol><p>\u00bfA\u00fan tienes algo que te hace sentir inseguro? \u00bfO est\u00e1 experimentando alg\u00fan problema? Una sola solicitud a nuestro equipo de soporte resolver\u00e1 todos los problemas. <\/p> <\/div><\/ul>","protected":false},"excerpt":{"rendered":"","protected":false},"author":9,"featured_media":0,"parent":1633,"menu_order":0,"comment_status":"closed","ping_status":"closed","template":"templates\/template-application-platform.php","meta":{"publish_to_discourse":"","publish_post_category":"","wpdc_auto_publish_overridden":"","wpdc_topic_tags":"","wpdc_pin_topic":"","wpdc_pin_until":"","discourse_post_id":"","discourse_permalink":"","wpdc_publishing_response":"","wpdc_publishing_error":"","footnotes":""},"class_list":["post-5506","page","type-page","status-publish","hentry"],"yoast_head":"<!-- This site is optimized with the Yoast SEO plugin v25.3.1 - https:\/\/yoast.com\/wordpress\/plugins\/seo\/ -->\n<title>Inserta la aplicaci\u00f3n Tripadvisor Reviews en tu sitio web Shopify (2026)<\/title>\n<meta name=\"description\" content=\"Con Elfsight, cree su aplicaci\u00f3n Tripadvisor Reviews y col\u00f3quela en su tienda Shopify en poco tiempo. Contamos con atenci\u00f3n al cliente gratuita y m\u00e1s bonos.\" \/>\n<meta name=\"robots\" content=\"index, follow, max-snippet:-1, max-image-preview:large, max-video-preview:-1\" \/>\n<link rel=\"canonical\" href=\"https:\/\/elfsight.com\/es\/tripadvisor-reviews-widget\/shopify\/\" \/>\n<meta property=\"og:locale\" content=\"es_ES\" \/>\n<meta property=\"og:type\" content=\"article\" \/>\n<meta property=\"og:title\" content=\"Inserta la aplicaci\u00f3n Tripadvisor Reviews en tu sitio web Shopify (2026)\" \/>\n<meta property=\"og:description\" content=\"Con Elfsight, cree su aplicaci\u00f3n Tripadvisor Reviews y col\u00f3quela en su tienda Shopify en poco tiempo. Contamos con atenci\u00f3n al cliente gratuita y m\u00e1s bonos.\" \/>\n<meta property=\"og:url\" content=\"https:\/\/elfsight.com\/es\/tripadvisor-reviews-widget\/shopify\/\" \/>\n<meta property=\"og:site_name\" content=\"Elfsight ES\" \/>\n<meta property=\"article:modified_time\" content=\"2025-02-06T16:17:29+00:00\" \/>\n<meta name=\"twitter:card\" content=\"summary_large_image\" \/>\n<meta name=\"twitter:label1\" content=\"Tiempo de lectura\" \/>\n\t<meta name=\"twitter:data1\" content=\"3 minutos\" \/>\n<!-- \/ Yoast SEO plugin. -->","yoast_head_json":{"title":"Inserta la aplicaci\u00f3n Tripadvisor Reviews en tu sitio web Shopify (2026)","description":"Con Elfsight, cree su aplicaci\u00f3n Tripadvisor Reviews y col\u00f3quela en su tienda Shopify en poco tiempo. Contamos con atenci\u00f3n al cliente gratuita y m\u00e1s bonos.","robots":{"index":"index","follow":"follow","max-snippet":"max-snippet:-1","max-image-preview":"max-image-preview:large","max-video-preview":"max-video-preview:-1"},"canonical":"https:\/\/elfsight.com\/es\/tripadvisor-reviews-widget\/shopify\/","og_locale":"es_ES","og_type":"article","og_title":"Inserta la aplicaci\u00f3n Tripadvisor Reviews en tu sitio web Shopify (2026)","og_description":"Con Elfsight, cree su aplicaci\u00f3n Tripadvisor Reviews y col\u00f3quela en su tienda Shopify en poco tiempo. Contamos con atenci\u00f3n al cliente gratuita y m\u00e1s bonos.","og_url":"https:\/\/elfsight.com\/es\/tripadvisor-reviews-widget\/shopify\/","og_site_name":"Elfsight ES","article_modified_time":"2025-02-06T16:17:29+00:00","twitter_card":"summary_large_image","twitter_misc":{"Tiempo de lectura":"3 minutos"},"schema":{"@context":"https:\/\/schema.org","@graph":[{"@type":"WebPage","@id":"https:\/\/elfsight.com\/es\/tripadvisor-reviews-widget\/shopify\/","url":"https:\/\/elfsight.com\/es\/tripadvisor-reviews-widget\/shopify\/","name":"Inserta la aplicaci\u00f3n Tripadvisor Reviews en tu sitio web Shopify (2026)","isPartOf":{"@id":"https:\/\/elfsight.com\/es\/#website"},"datePublished":"1970-01-01T00:00:00+00:00","dateModified":"2025-02-06T16:17:29+00:00","description":"Con Elfsight, cree su aplicaci\u00f3n Tripadvisor Reviews y col\u00f3quela en su tienda Shopify en poco tiempo. Contamos con atenci\u00f3n al cliente gratuita y m\u00e1s bonos.","breadcrumb":{"@id":"https:\/\/elfsight.com\/es\/tripadvisor-reviews-widget\/shopify\/#breadcrumb"},"inLanguage":"es","potentialAction":[{"@type":"ReadAction","target":["https:\/\/elfsight.com\/es\/tripadvisor-reviews-widget\/shopify\/"]}]},{"@type":"BreadcrumbList","@id":"https:\/\/elfsight.com\/es\/tripadvisor-reviews-widget\/shopify\/#breadcrumb","itemListElement":[{"@type":"ListItem","position":1,"name":"Home","item":"https:\/\/elfsight.com\/es\/"},{"@type":"ListItem","position":2,"name":"Tripadvisor Reviews","item":"https:\/\/elfsight.com\/es\/tripadvisor-reviews-widget\/"},{"@type":"ListItem","position":3,"name":"Tripadvisor Reviews &#8211; Shopify"}]},{"@type":"WebSite","@id":"https:\/\/elfsight.com\/es\/#website","url":"https:\/\/elfsight.com\/es\/","name":"Elfsight ES","description":"Just another Elfsight Sites site","potentialAction":[{"@type":"SearchAction","target":{"@type":"EntryPoint","urlTemplate":"https:\/\/elfsight.com\/es\/?s={search_term_string}"},"query-input":{"@type":"PropertyValueSpecification","valueRequired":true,"valueName":"search_term_string"}}],"inLanguage":"es"}]}},"meta_box":{"industry":"","seo_heading":"","heading":"","description":"","cta_heading":"","cta_description":"","application":"1632","h1":"Aplicaci\u00f3n Shopify Tripadvisor Rese\u00f1as","h1_caption":"Muestre rese\u00f1as de Tripadvisor en su sitio web","application_category":[],"applications_title":"","applications_request_title":"","applications_request_button_text":"","hero_text":"","hero_video":"","hero_video_schema_markup":"","selling_points_title":"","selling_points_caption":"","selling_points":[],"selling_points_cta_text":"","features_title":"","features":"","ed_cta_examples_text":"","ed_cta_examples_hidden":"","ed_cta_demo_text":"","ed_cta_demo_hidden":"","why_caption":"","why_editor_title":"","why_editor_text":"","why_team_title":"","why_team_text":"","why_service_title":"","why_service_text":"","template_catalog_visible":"","template_catalog_title":"","template_catalog_text":"","template_catalog_categories_visible":"","demo_title":"Crea tu aplicaci\u00f3n de Opiniones de Tripadvisor","demo_caption":"\u00a1Configura tus rese\u00f1as de Tripadvisor y agr\u00e9galas a tu sitio web de Shopify gratis!","default_faq_hidden":"","app_template_category":[],"platform":"91","template_public_id":"","codecanyon_url":"","codecanyon_item_id":"","codecanyon_price":"","pricing_caption":"","pricing_elfsight_apps_hide_column":"","pricing_elfsight_apps_url":"","pricing_codecanyon_price_caption":"","integration_category":[],"integration_request_title":"","integration_request_cta":"","integration_platform":"","integrations":[],"platform_category":[],"video_schema_markup":"","price":"desde $0 \/ mes","trial":"","benefits":[{"text":"Servicio de instalaci\u00f3n gratuito"},{"text":"Soporte premium"},{"text":"Garant\u00eda de devoluci\u00f3n de dinero de 14 d\u00edas"},{"text":"Actualizaciones gratuitas continuas"}],"button_url":"#demo","button_target_blank":"","button_nofollow":"","attributes":[{"name":"Instalaciones","content":"10,000 - 100,000"},{"name":"Sensible","content":"S\u00ed"},{"name":"Navegadores compatibles","content":"Firefox, Safari, Opera, Chrome, Edge"}],"tags":[],"tags_disable_links":"","hide_more_platforms":"","video_object":"","demo_hide_cta":"","demo_hide_cloud_options":"","pricing_title":"","pricing":[{"pricing_icon":"cloud","pricing_title":"Elfsight Apps","pricing_title_caption":"Versi\u00f3n multiplataforma que funciona en cualquier sitio web.","pricing_price":"desde $0 \/ mes","pricing_price_caption":"comienza con el plan gratuito","pricing_benefits":[{"text":"Sitios web ilimitados"},{"text":"Soporte premium"},{"text":"Servicio de instalaci\u00f3n gratuito"},{"text":"Oferta especial para m\u00faltiples aplicaciones."}],"pricing_button_text":"A\u00f1adir al sitio web","pricing_button_url":"#demo"}],"related_apps_title":"","related_apps_hidden":"","author":"","image":[],"title":"","job":"","social_networks":[]},"_links":{"self":[{"href":"https:\/\/elfsight.com\/es\/wp-json\/wp\/v2\/pages\/5506","targetHints":{"allow":["GET"]}}],"collection":[{"href":"https:\/\/elfsight.com\/es\/wp-json\/wp\/v2\/pages"}],"about":[{"href":"https:\/\/elfsight.com\/es\/wp-json\/wp\/v2\/types\/page"}],"author":[{"embeddable":true,"href":"https:\/\/elfsight.com\/es\/wp-json\/wp\/v2\/users\/9"}],"replies":[{"embeddable":true,"href":"https:\/\/elfsight.com\/es\/wp-json\/wp\/v2\/comments?post=5506"}],"version-history":[{"count":2,"href":"https:\/\/elfsight.com\/es\/wp-json\/wp\/v2\/pages\/5506\/revisions"}],"predecessor-version":[{"id":19457,"href":"https:\/\/elfsight.com\/es\/wp-json\/wp\/v2\/pages\/5506\/revisions\/19457"}],"up":[{"embeddable":true,"href":"https:\/\/elfsight.com\/es\/wp-json\/wp\/v2\/pages\/1633"}],"wp:attachment":[{"href":"https:\/\/elfsight.com\/es\/wp-json\/wp\/v2\/media?parent=5506"}],"curies":[{"name":"wp","href":"https:\/\/api.w.org\/{rel}","templated":true}]}}