{"id":5501,"date":"1970-01-01T00:00:00","date_gmt":"1970-01-01T00:00:00","guid":{"rendered":"https:\/\/elfsight.com\/es\/?page_id=5501"},"modified":"2025-02-06T16:17:29","modified_gmt":"2025-02-06T16:17:29","slug":"prestashop","status":"publish","type":"page","link":"https:\/\/elfsight.com\/es\/tripadvisor-reviews-widget\/prestashop\/","title":{"rendered":"Tripadvisor Reviews &#8211; PrestaShop"},"content":{"rendered":"<div class=\"application-platform-content-item-description application-platform-content-item\" id=\"description\" data-nav-section=\"description\"> <h2>Descripci\u00f3n<\/h2> <p>Tripadvisor Reviews es un instrumento \u00fatil que le brinda la oportunidad de mostrar las rese\u00f1as de su mercanc\u00eda directamente en su p\u00e1gina web desde todos los sitios de rese\u00f1as de negocios conocidos. Al utilizar nuestra herramienta, tendr\u00e1 la oportunidad de utilizar filtros para ocultar los comentarios no deseados, exponer su calificaci\u00f3n de estrellas y n\u00fameros de su p\u00e1gina en cualquier sitio web de rese\u00f1as de negocios, agregar informaci\u00f3n sobre los creadores de las rese\u00f1as y adjuntar un bot\u00f3n de llamado a la acci\u00f3n que inspirar\u00e1 a los usuarios a dejar su opini\u00f3n. La herramienta de Rese\u00f1as de Tripadvisor lo estimular\u00e1 a mostrar su excelente prueba social en la p\u00e1gina web y comenzar a recibir m\u00e1s ventas nuevas. <\/p><p><b>Pruebe Opiniones de Tripadvisor para alcanzar sus picos de comercio electr\u00f3nico m\u00e1s f\u00e1cilmente. <\/b><\/p> <\/div> <div class=\"application-platform-content-item-features application-platform-content-item\" id=\"features\" data-nav-section=\"features\"> <h2>Ver la lista de las funciones m\u00e1s valiosas: <\/h2> <ul><li>Agregar rese\u00f1as de clientes de Tripadvisor<\/li><li>Tres tipos de filtros: cantidad de rese\u00f1as, excluir por y por tipo<\/li><li>Cuatro tipos de dise\u00f1o: control deslizante, lista, cuadr\u00edcula y mamposter\u00eda<\/li><li>flechas y arrastra tipos de navegaci\u00f3n en el dise\u00f1o del control deslizante<\/li><li>Establece la velocidad de la diapositiva y la velocidad de reproducci\u00f3n autom\u00e1tica<\/li><li>Selecciona el tipo de paginaci\u00f3n en el dise\u00f1o del control deslizante<\/li><li>Bot\u00f3n CTA para obtener rese\u00f1as de nuevos usuarios en la p\u00e1gina de Tripadvisor<\/li><li>Tres plantillas de rese\u00f1as: Spotlight, Classic, Bubble<\/li><li>6 elementos flexibles de las rese\u00f1as: foto y recomendaci\u00f3n, \u00edcono de Tripadvisor, nombre del autor, calificaci\u00f3n de estrellas y fecha<\/li><li>Una opci\u00f3n para cambiar el tama\u00f1o de fuente del texto de la rese\u00f1a<\/li><\/ul><p><a href=\"#demo\">Puede explorar la funcionalidad completa del widget en la demostraci\u00f3n siguiente<\/a><\/p> <\/div> <div class=\"application-platform-content-item-installation application-platform-content-item\" id=\"installation\" data-nav-section=\"installation\"> <h2>\u00bfC\u00f3mo insertar rese\u00f1as de Tripadvisor en mi sitio PrestaShop? <\/h2> <p>Simplemente siga los pasos que se indican a continuaci\u00f3n para integrar la herramienta. <\/p> <ol><li><b>Utilice nuestra demostraci\u00f3n gratuita y comience a crear su complemento \u00fanico. <\/b><br> Elija el dise\u00f1o y las especificaciones preferibles de la herramienta y aplique las correcciones. <\/li> <li><b>Copia tu c\u00f3digo personal que aparece en el formulario especial en Elfsight Apps. <\/b><br> Inmediatamente despu\u00e9s de completar el establecimiento de su herramienta personal, copie el c\u00f3digo individual de la ventana emergente que aparece y gu\u00e1rdelo para futuras necesidades. <\/li> <li><b>Inicie la utilizaci\u00f3n del complemento en su p\u00e1gina de inicio de PrestaShop. <\/b><br> Inserta el c\u00f3digo guardado recientemente en tu p\u00e1gina de inicio y guarda las modificaciones. <\/li> <li><b>La instalaci\u00f3n ha finalizado por completo. <\/b><br> Vaya a su sitio para examinar el rendimiento del widget. <\/li><\/ol> <p>Si encuentra alg\u00fan obst\u00e1culo, no dude en buscar ayuda de nuestro personal de atenci\u00f3n al cliente. Nuestra gente estar\u00e1 encantada de resolver todos los problemas que pueda tener con el widget. <\/p> <div class=\"faq\" data-component=\"FAQ\"> <div class=\"faq-item\">\r\n\t\t\t\t\t<div class=\"faq-item-question\">\r\n\t\t\t\t\t\t<h3 class=\"faq-item-question-text\">\u00bfC\u00f3mo puedo agregar Rese\u00f1as de Tripadvisor a mi sitio web PrestaShop sin conocimientos de codificaci\u00f3n?<\/h3>\r\n\r\n\t\t\t\t\t\t<div class=\"faq-item-question-icon\"><\/div>\r\n\t\t\t\t\t<\/div>\r\n\r\n\t\t\t\t\t<div class=\"faq-item-answer\">\r\n\t\t\t\t\t\t<div class=\"faq-item-answer-text\"> <p>Elfsight proporciona una soluci\u00f3n SaaS que le permite crear un widget de Rese\u00f1as de Tripadvisor usted mismo. Vea lo f\u00e1cil que es el proceso: trabaje directamente en el editor en l\u00ednea para crear un widget de Rese\u00f1as de Tripadvisor que le gustar\u00eda ver en su sitio web de PrestaShop. Elija una de las plantillas predise\u00f1adas y ajuste la configuraci\u00f3n de Rese\u00f1as de Tripadvisor, agregue su contenido, cambie el dise\u00f1o y los colores sin conocimientos de codificaci\u00f3n. Guarde las Rese\u00f1as de Tripadvisor y copie su c\u00f3digo de instalaci\u00f3n, que podr\u00e1 incluir f\u00e1cilmente en su sitio web PrestaShop sin comprar una versi\u00f3n paga. Con nuestro editor intuitivo, cualquier usuario de Internet puede crear un widget de rese\u00f1as de Tripadvisor en l\u00ednea e incrustarlo f\u00e1cilmente en su sitio web PrestaShop. No es necesario pagar ni ingresar las credenciales de su tarjeta para acceder al servicio. Si tiene alg\u00fan problema en cualquier paso, no dude en ponerse en contacto con nuestro equipo de soporte t\u00e9cnico.<\/p> <\/div>\r\n\t\t\t\t\t<\/div>\r\n\t\t\t\t<\/div> <\/div> <\/div>","protected":false},"excerpt":{"rendered":"","protected":false},"author":9,"featured_media":0,"parent":1633,"menu_order":0,"comment_status":"closed","ping_status":"closed","template":"templates\/template-application-platform.php","meta":{"publish_to_discourse":"","publish_post_category":"","wpdc_auto_publish_overridden":"","wpdc_topic_tags":"","wpdc_pin_topic":"","wpdc_pin_until":"","discourse_post_id":"","discourse_permalink":"","wpdc_publishing_response":"","wpdc_publishing_error":"","footnotes":""},"class_list":["post-5501","page","type-page","status-publish","hentry"],"yoast_head":"<!-- This site is optimized with the Yoast SEO plugin v25.3.1 - https:\/\/yoast.com\/wordpress\/plugins\/seo\/ -->\n<title>Agregue el complemento Tripadvisor Reviews en su sitio web PrestaShop (2026)<\/title>\n<meta name=\"description\" content=\"Es perfectamente sencillo crear su complemento de Rese\u00f1as de Tripadvisor y colocarlo en su sitio web PrestaShop. La atenci\u00f3n al cliente de Elfsight es gratuita.\" \/>\n<meta name=\"robots\" content=\"index, follow, max-snippet:-1, max-image-preview:large, max-video-preview:-1\" \/>\n<link rel=\"canonical\" href=\"https:\/\/elfsight.com\/es\/tripadvisor-reviews-widget\/prestashop\/\" \/>\n<meta property=\"og:locale\" content=\"es_ES\" \/>\n<meta property=\"og:type\" content=\"article\" \/>\n<meta property=\"og:title\" content=\"Agregue el complemento Tripadvisor Reviews en su sitio web PrestaShop (2026)\" \/>\n<meta property=\"og:description\" content=\"Es perfectamente sencillo crear su complemento de Rese\u00f1as de Tripadvisor y colocarlo en su sitio web PrestaShop. La atenci\u00f3n al cliente de Elfsight es gratuita.\" \/>\n<meta property=\"og:url\" content=\"https:\/\/elfsight.com\/es\/tripadvisor-reviews-widget\/prestashop\/\" \/>\n<meta property=\"og:site_name\" content=\"Elfsight ES\" \/>\n<meta property=\"article:modified_time\" content=\"2025-02-06T16:17:29+00:00\" \/>\n<meta name=\"twitter:card\" content=\"summary_large_image\" \/>\n<meta name=\"twitter:label1\" content=\"Tiempo de lectura\" \/>\n\t<meta name=\"twitter:data1\" content=\"4 minutos\" \/>\n<!-- \/ Yoast SEO plugin. -->","yoast_head_json":{"title":"Agregue el complemento Tripadvisor Reviews en su sitio web PrestaShop (2026)","description":"Es perfectamente sencillo crear su complemento de Rese\u00f1as de Tripadvisor y colocarlo en su sitio web PrestaShop. La atenci\u00f3n al cliente de Elfsight es gratuita.","robots":{"index":"index","follow":"follow","max-snippet":"max-snippet:-1","max-image-preview":"max-image-preview:large","max-video-preview":"max-video-preview:-1"},"canonical":"https:\/\/elfsight.com\/es\/tripadvisor-reviews-widget\/prestashop\/","og_locale":"es_ES","og_type":"article","og_title":"Agregue el complemento Tripadvisor Reviews en su sitio web PrestaShop (2026)","og_description":"Es perfectamente sencillo crear su complemento de Rese\u00f1as de Tripadvisor y colocarlo en su sitio web PrestaShop. La atenci\u00f3n al cliente de Elfsight es gratuita.","og_url":"https:\/\/elfsight.com\/es\/tripadvisor-reviews-widget\/prestashop\/","og_site_name":"Elfsight ES","article_modified_time":"2025-02-06T16:17:29+00:00","twitter_card":"summary_large_image","twitter_misc":{"Tiempo de lectura":"4 minutos"},"schema":{"@context":"https:\/\/schema.org","@graph":[{"@type":"WebPage","@id":"https:\/\/elfsight.com\/es\/tripadvisor-reviews-widget\/prestashop\/","url":"https:\/\/elfsight.com\/es\/tripadvisor-reviews-widget\/prestashop\/","name":"Agregue el complemento Tripadvisor Reviews en su sitio web PrestaShop (2026)","isPartOf":{"@id":"https:\/\/elfsight.com\/es\/#website"},"datePublished":"1970-01-01T00:00:00+00:00","dateModified":"2025-02-06T16:17:29+00:00","description":"Es perfectamente sencillo crear su complemento de Rese\u00f1as de Tripadvisor y colocarlo en su sitio web PrestaShop. La atenci\u00f3n al cliente de Elfsight es gratuita.","breadcrumb":{"@id":"https:\/\/elfsight.com\/es\/tripadvisor-reviews-widget\/prestashop\/#breadcrumb"},"inLanguage":"es","potentialAction":[{"@type":"ReadAction","target":["https:\/\/elfsight.com\/es\/tripadvisor-reviews-widget\/prestashop\/"]}]},{"@type":"BreadcrumbList","@id":"https:\/\/elfsight.com\/es\/tripadvisor-reviews-widget\/prestashop\/#breadcrumb","itemListElement":[{"@type":"ListItem","position":1,"name":"Home","item":"https:\/\/elfsight.com\/es\/"},{"@type":"ListItem","position":2,"name":"Tripadvisor Reviews","item":"https:\/\/elfsight.com\/es\/tripadvisor-reviews-widget\/"},{"@type":"ListItem","position":3,"name":"Tripadvisor Reviews &#8211; PrestaShop"}]},{"@type":"WebSite","@id":"https:\/\/elfsight.com\/es\/#website","url":"https:\/\/elfsight.com\/es\/","name":"Elfsight ES","description":"Just another Elfsight Sites site","potentialAction":[{"@type":"SearchAction","target":{"@type":"EntryPoint","urlTemplate":"https:\/\/elfsight.com\/es\/?s={search_term_string}"},"query-input":{"@type":"PropertyValueSpecification","valueRequired":true,"valueName":"search_term_string"}}],"inLanguage":"es"}]}},"meta_box":{"industry":"","seo_heading":"","heading":"","description":"","cta_heading":"","cta_description":"","application":"1632","h1":"Complemento de rese\u00f1as de Tripadvisor para PrestaShop","h1_caption":"Aumente la confianza de los clientes mostrando opiniones de Tripadvisor sobre su negocio directamente en su sitio web","application_category":[],"applications_title":"","applications_request_title":"","applications_request_button_text":"","hero_text":"","hero_video":"","hero_video_schema_markup":"","selling_points_title":"","selling_points_caption":"","selling_points":[],"selling_points_cta_text":"","features_title":"","features":"","ed_cta_examples_text":"","ed_cta_examples_hidden":"","ed_cta_demo_text":"","ed_cta_demo_hidden":"","why_caption":"","why_editor_title":"","why_editor_text":"","why_team_title":"","why_team_text":"","why_service_title":"","why_service_text":"","template_catalog_visible":"","template_catalog_title":"","template_catalog_text":"","template_catalog_categories_visible":"","demo_title":"Crea tu complemento de Rese\u00f1as de Tripadvisor","demo_caption":"\u00a1Configura tus Rese\u00f1as de Tripadvisor y agr\u00e9galas a tu sitio web PrestaShop gratis!","default_faq_hidden":"","app_template_category":[],"platform":"2250","template_public_id":"","codecanyon_url":"","codecanyon_item_id":"","codecanyon_price":"","pricing_caption":"","pricing_elfsight_apps_hide_column":"","pricing_elfsight_apps_url":"","pricing_codecanyon_price_caption":"","integration_category":[],"integration_request_title":"","integration_request_cta":"","integration_platform":"","integrations":[],"platform_category":[],"video_schema_markup":"","price":"desde $0 \/ mes","trial":"","benefits":[{"text":"Asistencia de instalaci\u00f3n gratuita"},{"text":"Servicio al cliente excepcional"},{"text":"Garant\u00eda de devoluci\u00f3n de dinero de 14 d\u00edas"},{"text":"Actualizando constantemente"}],"button_url":"#demo","button_target_blank":"","button_nofollow":"","attributes":[{"name":"Instalaciones","content":"10,000 - 100,000"},{"name":"Sensible","content":"S\u00ed"},{"name":"Navegadores compatibles","content":"Firefox, Safari, Opera, Chrome, Edge"}],"tags":[],"tags_disable_links":"","hide_more_platforms":"","video_object":"","demo_hide_cta":"","demo_hide_cloud_options":"","pricing_title":"","pricing":[{"pricing_icon":"platform","pricing_title":"Elfsight Apps","pricing_title_caption":"Soluci\u00f3n independiente de la plataforma","pricing_price":"desde $0 \/ mes","pricing_price_caption":"comienza con un plan gratuito","pricing_benefits":[{"text":"Dominios ilimitados"},{"text":"Atenci\u00f3n al cliente premium"},{"text":"Soporte de instalaci\u00f3n gratuito"},{"text":"100% personalizable"}],"pricing_button_text":"A\u00f1adir al sitio web","pricing_button_url":"#demo"}],"related_apps_title":"","related_apps_hidden":"","author":"","image":[],"title":"","job":"","social_networks":[]},"_links":{"self":[{"href":"https:\/\/elfsight.com\/es\/wp-json\/wp\/v2\/pages\/5501","targetHints":{"allow":["GET"]}}],"collection":[{"href":"https:\/\/elfsight.com\/es\/wp-json\/wp\/v2\/pages"}],"about":[{"href":"https:\/\/elfsight.com\/es\/wp-json\/wp\/v2\/types\/page"}],"author":[{"embeddable":true,"href":"https:\/\/elfsight.com\/es\/wp-json\/wp\/v2\/users\/9"}],"replies":[{"embeddable":true,"href":"https:\/\/elfsight.com\/es\/wp-json\/wp\/v2\/comments?post=5501"}],"version-history":[{"count":2,"href":"https:\/\/elfsight.com\/es\/wp-json\/wp\/v2\/pages\/5501\/revisions"}],"predecessor-version":[{"id":19458,"href":"https:\/\/elfsight.com\/es\/wp-json\/wp\/v2\/pages\/5501\/revisions\/19458"}],"up":[{"embeddable":true,"href":"https:\/\/elfsight.com\/es\/wp-json\/wp\/v2\/pages\/1633"}],"wp:attachment":[{"href":"https:\/\/elfsight.com\/es\/wp-json\/wp\/v2\/media?parent=5501"}],"curies":[{"name":"wp","href":"https:\/\/api.w.org\/{rel}","templated":true}]}}