{"id":5500,"date":"1970-01-01T00:00:00","date_gmt":"1970-01-01T00:00:00","guid":{"rendered":"https:\/\/elfsight.com\/es\/?page_id=5500"},"modified":"2025-02-06T16:17:29","modified_gmt":"2025-02-06T16:17:29","slug":"opencart","status":"publish","type":"page","link":"https:\/\/elfsight.com\/es\/tripadvisor-reviews-widget\/opencart\/","title":{"rendered":"Tripadvisor Reviews &#8211; OpenCart"},"content":{"rendered":"<div class=\"application-platform-content-item-description application-platform-content-item\" id=\"description\" data-nav-section=\"description\"> <h2>Descripci\u00f3n<\/h2> <p>Si necesita demostrar su aprecio entre los clientes y convencer a los visitantes de que sus productos o servicios tienen una buena relaci\u00f3n calidad-precio, Elfsight Tripadvisor Reviews har\u00e1 el trabajo. Con esta herramienta, podr\u00e1 colocar f\u00e1cilmente rese\u00f1as de clientes de Tripadvisor en su sitio web con informaci\u00f3n sobre sus autores, filtrarlas para revelar solo las buenas, mostrar calificaciones y un bot\u00f3n de redireccionamiento que llevar\u00e1 a las personas a su cuenta de Tripadvisor para obtener una nueva rese\u00f1a. <\/p><div class=\"faq\" data-component=\"FAQ\"> <div class=\"faq-item\">\r\n\t\t\t\t\t<div class=\"faq-item-question\">\r\n\t\t\t\t\t\t<h3 class=\"faq-item-question-text\">\u00bfD\u00f3nde puedo insertar este complemento?<\/h3>\r\n\r\n\t\t\t\t\t\t<div class=\"faq-item-question-icon\"><\/div>\r\n\t\t\t\t\t<\/div>\r\n\r\n\t\t\t\t\t<div class=\"faq-item-answer\">\r\n\t\t\t\t\t\t<div class=\"faq-item-answer-text\"> <p>Nuestro widget se puede agregar a cualquier p\u00e1gina web donde desee demostrar su alta calificaci\u00f3n y popularidad entre los clientes. Si desea mostrar el widget en todas las p\u00e1ginas del sitio, puede agregarlo f\u00e1cilmente a la plantilla del sitio web. <\/p><\/div>\r\n\t\t\t\t\t<\/div>\r\n\t\t\t\t<\/div> <div class=\"faq-item\">\r\n\t\t\t\t\t<div class=\"faq-item-question\">\r\n\t\t\t\t\t\t<h3 class=\"faq-item-question-text\">\u00bfCu\u00e1les son las ventajas de tener el widget de Rese\u00f1as para m\u00ed? <\/h3>\r\n\r\n\t\t\t\t\t\t<div class=\"faq-item-question-icon\"><\/div>\r\n\t\t\t\t\t<\/div>\r\n\r\n\t\t\t\t\t<div class=\"faq-item-answer\">\r\n\t\t\t\t\t\t<div class=\"faq-item-answer-text\"> <p>Las rese\u00f1as de personas reales parecen perfectamente cre\u00edbles para los clientes de su sitio web y les muestran que su empresa es confiable. Las calificaciones altas y las rese\u00f1as excelentes pueden ayudar a aumentar las compras en su sitio. Adem\u00e1s, el bot\u00f3n activo puede contribuir a que m\u00e1s usuarios escriban opiniones sobre sus ofertas o servicios en Tripadvisor. <\/p> <\/div>\r\n\t\t\t\t\t<\/div>\r\n\t\t\t\t<\/div> <div class=\"faq-item\">\r\n\t\t\t\t\t<div class=\"faq-item-question\">\r\n\t\t\t\t\t\t<h3 class=\"faq-item-question-text\">\u00bfC\u00f3mo puedo agregar rese\u00f1as del widget de Tripadvisor a mi sitio web OpenCart? <\/h3>\r\n\r\n\t\t\t\t\t\t<div class=\"faq-item-question-icon\"><\/div>\r\n\t\t\t\t\t<\/div>\r\n\r\n\t\t\t\t\t<div class=\"faq-item-answer\">\r\n\t\t\t\t\t\t<div class=\"faq-item-answer-text\"> <p>Solo le tomar\u00e1 tres minutos de su tiempo comenzar a usar el widget. Este proceso es s\u00faper r\u00e1pido, gratuito y no implica codificaci\u00f3n. <\/p> <p>El widget se puede introducir a trav\u00e9s de nuestro servicio o a trav\u00e9s del mercado. Puedes conocer m\u00e1s detalles sobre estas variantes y elegir la tuya. <\/p><\/div>\r\n\t\t\t\t\t<\/div>\r\n\t\t\t\t<\/div> <\/div> <\/div> <div class=\"application-platform-content-item-features application-platform-content-item\" id=\"features\" data-nav-section=\"features\"> <h2>Caracter\u00edsticas<\/h2> <p>Para tener una percepci\u00f3n clara del widget de Rese\u00f1as, aqu\u00ed est\u00e1 la lista de las caracter\u00edsticas principales. Hacen que nuestro widget sea m\u00e1s efectivo para usted: <\/p> <ul> <li>3 filtros predefinidos: por tipo, excluir por y cantidad de rese\u00f1as para mostrar; <\/li> <li>Cuatro tipos de dise\u00f1o: lista, cuadr\u00edcula, mamposter\u00eda y control deslizante; <\/li> <li> Encabezado intercambiable del widget; <\/li> <li>El bot\u00f3n activo para agregar otra rese\u00f1a dirige a los visitantes a la p\u00e1gina de Tripadvisor; <\/li> <li>6 elementos flexibles del widget: el nombre del autor y la imagen, recomendaci\u00f3n, fecha de salida, \u00edcono de Tripadvisor y calificaci\u00f3n de estrellas; <\/li> <li>Dos opciones de escenarios de rechazo de solicitud de revisi\u00f3n: mostrar un mensaje de texto u ocultar el bot\u00f3n. <\/li> <\/ul><p><a href=\"#demo\">Para ver m\u00e1s funciones, vea nuestra demostraci\u00f3n<\/a><\/p> <\/div> <div class=\"application-platform-content-item-installation application-platform-content-item\" id=\"installation\" data-nav-section=\"installation\"> <h2>Veamos c\u00f3mo agregar las rese\u00f1as de Tripadvisor a su sitio web OpenCart<\/h2> <p>Simplemente siga las pautas a continuaci\u00f3n para activar la herramienta en OpenCart.<\/p> <ol><li><b>Inicie nuestra demostraci\u00f3n gratuita y comience a formar su extensi\u00f3n personalizada. <\/b><br> Busque el formulario personalizado y los par\u00e1metros de la extensi\u00f3n de Tripadvisor y aplique las modificaciones. <\/li> <li><b>Adquiera el c\u00f3digo personal que aparece en la ventana de Elfsight Apps. <\/b><br> Tan pronto como finalice la personalizaci\u00f3n de su extensi\u00f3n, copie el c\u00f3digo personal en la ventana emergente que aparece y gu\u00e1rdelo para ocasiones posteriores. <\/li> <li><b>Comience a utilizar la herramienta en su sitio web OpenCart. <\/b><br>Incrusta el c\u00f3digo que has copiado recientemente en tu sitio web y guarda las correcciones. <\/li> <li><b>La configuraci\u00f3n se realiz\u00f3 por completo. <\/b><br> Vaya a su sitio para inspeccionar el funcionamiento de la herramienta. <\/li><\/ol> <p>\u00bfA\u00fan no te decides? \u00bfO tienes consultas? Simplemente env\u00ede una solicitud a nuestro equipo de soporte. Haremos todo lo posible para resolver cualquier tipo de problema. <\/p> <\/div>","protected":false},"excerpt":{"rendered":"","protected":false},"author":9,"featured_media":0,"parent":1633,"menu_order":0,"comment_status":"closed","ping_status":"closed","template":"templates\/template-application-platform.php","meta":{"publish_to_discourse":"","publish_post_category":"","wpdc_auto_publish_overridden":"","wpdc_topic_tags":"","wpdc_pin_topic":"","wpdc_pin_until":"","discourse_post_id":"","discourse_permalink":"","wpdc_publishing_response":"","wpdc_publishing_error":"","footnotes":""},"class_list":["post-5500","page","type-page","status-publish","hentry"],"yoast_head":"<!-- This site is optimized with the Yoast SEO plugin v25.3.1 - https:\/\/yoast.com\/wordpress\/plugins\/seo\/ -->\n<title>Agregue la extensi\u00f3n Tripadvisor Reviews al sitio web OpenCart (f\u00e1cil y r\u00e1pido)<\/title>\n<meta name=\"description\" content=\"Con Elfsight, d\u00e9 forma a su extensi\u00f3n de Comentarios de Tripadvisor e ins\u00e9rtela en su sitio web OpenCart en poco tiempo. Contamos con atenci\u00f3n al cliente gratuita y otras bonificaciones.\" \/>\n<meta name=\"robots\" content=\"index, follow, max-snippet:-1, max-image-preview:large, max-video-preview:-1\" \/>\n<link rel=\"canonical\" href=\"https:\/\/elfsight.com\/es\/tripadvisor-reviews-widget\/opencart\/\" \/>\n<meta property=\"og:locale\" content=\"es_ES\" \/>\n<meta property=\"og:type\" content=\"article\" \/>\n<meta property=\"og:title\" content=\"Agregue la extensi\u00f3n Tripadvisor Reviews al sitio web OpenCart (f\u00e1cil y r\u00e1pido)\" \/>\n<meta property=\"og:description\" content=\"Con Elfsight, d\u00e9 forma a su extensi\u00f3n de Comentarios de Tripadvisor e ins\u00e9rtela en su sitio web OpenCart en poco tiempo. Contamos con atenci\u00f3n al cliente gratuita y otras bonificaciones.\" \/>\n<meta property=\"og:url\" content=\"https:\/\/elfsight.com\/es\/tripadvisor-reviews-widget\/opencart\/\" \/>\n<meta property=\"og:site_name\" content=\"Elfsight ES\" \/>\n<meta property=\"article:modified_time\" content=\"2025-02-06T16:17:29+00:00\" \/>\n<meta name=\"twitter:card\" content=\"summary_large_image\" \/>\n<meta name=\"twitter:label1\" content=\"Tiempo de lectura\" \/>\n\t<meta name=\"twitter:data1\" content=\"3 minutos\" \/>\n<!-- \/ Yoast SEO plugin. -->","yoast_head_json":{"title":"Agregue la extensi\u00f3n Tripadvisor Reviews al sitio web OpenCart (f\u00e1cil y r\u00e1pido)","description":"Con Elfsight, d\u00e9 forma a su extensi\u00f3n de Comentarios de Tripadvisor e ins\u00e9rtela en su sitio web OpenCart en poco tiempo. Contamos con atenci\u00f3n al cliente gratuita y otras bonificaciones.","robots":{"index":"index","follow":"follow","max-snippet":"max-snippet:-1","max-image-preview":"max-image-preview:large","max-video-preview":"max-video-preview:-1"},"canonical":"https:\/\/elfsight.com\/es\/tripadvisor-reviews-widget\/opencart\/","og_locale":"es_ES","og_type":"article","og_title":"Agregue la extensi\u00f3n Tripadvisor Reviews al sitio web OpenCart (f\u00e1cil y r\u00e1pido)","og_description":"Con Elfsight, d\u00e9 forma a su extensi\u00f3n de Comentarios de Tripadvisor e ins\u00e9rtela en su sitio web OpenCart en poco tiempo. Contamos con atenci\u00f3n al cliente gratuita y otras bonificaciones.","og_url":"https:\/\/elfsight.com\/es\/tripadvisor-reviews-widget\/opencart\/","og_site_name":"Elfsight ES","article_modified_time":"2025-02-06T16:17:29+00:00","twitter_card":"summary_large_image","twitter_misc":{"Tiempo de lectura":"3 minutos"},"schema":{"@context":"https:\/\/schema.org","@graph":[{"@type":"WebPage","@id":"https:\/\/elfsight.com\/es\/tripadvisor-reviews-widget\/opencart\/","url":"https:\/\/elfsight.com\/es\/tripadvisor-reviews-widget\/opencart\/","name":"Agregue la extensi\u00f3n Tripadvisor Reviews al sitio web OpenCart (f\u00e1cil y r\u00e1pido)","isPartOf":{"@id":"https:\/\/elfsight.com\/es\/#website"},"datePublished":"1970-01-01T00:00:00+00:00","dateModified":"2025-02-06T16:17:29+00:00","description":"Con Elfsight, d\u00e9 forma a su extensi\u00f3n de Comentarios de Tripadvisor e ins\u00e9rtela en su sitio web OpenCart en poco tiempo. Contamos con atenci\u00f3n al cliente gratuita y otras bonificaciones.","breadcrumb":{"@id":"https:\/\/elfsight.com\/es\/tripadvisor-reviews-widget\/opencart\/#breadcrumb"},"inLanguage":"es","potentialAction":[{"@type":"ReadAction","target":["https:\/\/elfsight.com\/es\/tripadvisor-reviews-widget\/opencart\/"]}]},{"@type":"BreadcrumbList","@id":"https:\/\/elfsight.com\/es\/tripadvisor-reviews-widget\/opencart\/#breadcrumb","itemListElement":[{"@type":"ListItem","position":1,"name":"Home","item":"https:\/\/elfsight.com\/es\/"},{"@type":"ListItem","position":2,"name":"Tripadvisor Reviews","item":"https:\/\/elfsight.com\/es\/tripadvisor-reviews-widget\/"},{"@type":"ListItem","position":3,"name":"Tripadvisor Reviews &#8211; OpenCart"}]},{"@type":"WebSite","@id":"https:\/\/elfsight.com\/es\/#website","url":"https:\/\/elfsight.com\/es\/","name":"Elfsight ES","description":"Just another Elfsight Sites site","potentialAction":[{"@type":"SearchAction","target":{"@type":"EntryPoint","urlTemplate":"https:\/\/elfsight.com\/es\/?s={search_term_string}"},"query-input":{"@type":"PropertyValueSpecification","valueRequired":true,"valueName":"search_term_string"}}],"inLanguage":"es"}]}},"meta_box":{"industry":"","seo_heading":"","heading":"","description":"","cta_heading":"","cta_description":"","application":"1632","h1":"Extensi\u00f3n OpenCart Tripadvisor Reviews","h1_caption":"A\u00f1ade las opiniones perfectas de tus clientes de Tripadvisor en tu sitio web","application_category":[],"applications_title":"","applications_request_title":"","applications_request_button_text":"","hero_text":"","hero_video":"","hero_video_schema_markup":"","selling_points_title":"","selling_points_caption":"","selling_points":[],"selling_points_cta_text":"","features_title":"","features":"","ed_cta_examples_text":"","ed_cta_examples_hidden":"","ed_cta_demo_text":"","ed_cta_demo_hidden":"","why_caption":"","why_editor_title":"","why_editor_text":"","why_team_title":"","why_team_text":"","why_service_title":"","why_service_text":"","template_catalog_visible":"","template_catalog_title":"","template_catalog_text":"","template_catalog_categories_visible":"","demo_title":"Crea tu extensi\u00f3n de Opiniones de Tripadvisor","demo_caption":"\u00a1Configure sus rese\u00f1as de Tripadvisor y agr\u00e9guelas a su sitio web OpenCart de forma gratuita!","default_faq_hidden":"","app_template_category":[],"platform":"88","template_public_id":"","codecanyon_url":"","codecanyon_item_id":"","codecanyon_price":"","pricing_caption":"","pricing_elfsight_apps_hide_column":"","pricing_elfsight_apps_url":"","pricing_codecanyon_price_caption":"","integration_category":[],"integration_request_title":"","integration_request_cta":"","integration_platform":"","integrations":[],"platform_category":[],"video_schema_markup":"","price":"desde $0 \/ mes","trial":"","benefits":[{"text":"Servicio de instalaci\u00f3n gratuito"},{"text":"Servicio al cliente competente"},{"text":"Garant\u00eda de devoluci\u00f3n de dinero de 14 d\u00edas"},{"text":"Actualizaciones gratuitas de por vida"}],"button_url":"#demo","button_target_blank":"","button_nofollow":"","attributes":[{"name":"Instalaciones","content":"10,000 - 100,000"},{"name":"Sensible","content":"S\u00ed"},{"name":"Navegadores compatibles","content":"Safari, Edge, Opera, Firefox, Chrome"}],"tags":[],"tags_disable_links":"","hide_more_platforms":"","video_object":"","demo_hide_cta":"","demo_hide_cloud_options":"","pricing_title":"","pricing":[{"pricing_icon":"platform","pricing_title":"Elfsight Apps","pricing_title_caption":"Versi\u00f3n multiplataforma","pricing_price":"desde $0 \/ mes","pricing_price_caption":"comienza con el plan gratuito","pricing_benefits":[{"text":"Sitios web ilimitados"},{"text":"Soporte profesional y puntual"},{"text":"Soporte de instalaci\u00f3n gratuito"},{"text":"Dise\u00f1o flexible"}],"pricing_button_text":"A\u00f1adir al sitio web","pricing_button_url":"#demo"}],"related_apps_title":"","related_apps_hidden":"","author":"","image":[],"title":"","job":"","social_networks":[]},"_links":{"self":[{"href":"https:\/\/elfsight.com\/es\/wp-json\/wp\/v2\/pages\/5500","targetHints":{"allow":["GET"]}}],"collection":[{"href":"https:\/\/elfsight.com\/es\/wp-json\/wp\/v2\/pages"}],"about":[{"href":"https:\/\/elfsight.com\/es\/wp-json\/wp\/v2\/types\/page"}],"author":[{"embeddable":true,"href":"https:\/\/elfsight.com\/es\/wp-json\/wp\/v2\/users\/9"}],"replies":[{"embeddable":true,"href":"https:\/\/elfsight.com\/es\/wp-json\/wp\/v2\/comments?post=5500"}],"version-history":[{"count":2,"href":"https:\/\/elfsight.com\/es\/wp-json\/wp\/v2\/pages\/5500\/revisions"}],"predecessor-version":[{"id":19459,"href":"https:\/\/elfsight.com\/es\/wp-json\/wp\/v2\/pages\/5500\/revisions\/19459"}],"up":[{"embeddable":true,"href":"https:\/\/elfsight.com\/es\/wp-json\/wp\/v2\/pages\/1633"}],"wp:attachment":[{"href":"https:\/\/elfsight.com\/es\/wp-json\/wp\/v2\/media?parent=5500"}],"curies":[{"name":"wp","href":"https:\/\/api.w.org\/{rel}","templated":true}]}}