{"id":5498,"date":"1970-01-01T00:00:00","date_gmt":"1970-01-01T00:00:00","guid":{"rendered":"https:\/\/elfsight.com\/es\/?page_id=5498"},"modified":"2025-02-06T16:17:38","modified_gmt":"2025-02-06T16:17:38","slug":"magento","status":"publish","type":"page","link":"https:\/\/elfsight.com\/es\/tripadvisor-reviews-widget\/magento\/","title":{"rendered":"Tripadvisor Reviews &#8211; Magento"},"content":{"rendered":"<div class=\"application-platform-content-item-description application-platform-content-item\" id=\"description\" data-nav-section=\"description\"> <h2>Descripci\u00f3n<\/h2> <p>Si desea mostrar su alta calificaci\u00f3n y convencer a los visitantes del sitio de que sus ofertas tienen una buena relaci\u00f3n calidad-precio, Elfsight Tripadvisor Reviews ser\u00e1 la elecci\u00f3n correcta. Con nuestra herramienta, podr\u00e1 incorporar r\u00e1pidamente rese\u00f1as de clientes de Tripadvisor en su sitio web con detalles sobre sus autores, utilizar filtros para ocultar rese\u00f1as negativas, mostrar calificaciones y un bot\u00f3n de redireccionamiento que llevar\u00e1 a los usuarios a su cuenta de Tripadvisor para que puedan agregar una rese\u00f1a nueva. <\/p><div class=\"faq\" data-component=\"FAQ\"> <div class=\"faq-item\">\r\n\t\t\t\t\t<div class=\"faq-item-question\">\r\n\t\t\t\t\t\t<h3 class=\"faq-item-question-text\">\u00bfD\u00f3nde puedo incrustar el widget<\/h3>\r\n\r\n\t\t\t\t\t\t<div class=\"faq-item-question-icon\"><\/div>\r\n\t\t\t\t\t<\/div>\r\n\r\n\t\t\t\t\t<div class=\"faq-item-answer\">\r\n\t\t\t\t\t\t<div class=\"faq-item-answer-text\"> <p>Puede incrustar el widget en cualquier p\u00e1gina de su sitio o insertarlo en la plantilla y se mostrar\u00e1 en todas las p\u00e1ginas. Las rese\u00f1as funcionar\u00e1n bien en las p\u00e1ginas de productos o en la p\u00e1gina Acerca de nosotros, donde desea mostrar su alta calificaci\u00f3n. <\/p><\/div>\r\n\t\t\t\t\t<\/div>\r\n\t\t\t\t<\/div> <div class=\"faq-item\">\r\n\t\t\t\t\t<div class=\"faq-item-question\">\r\n\t\t\t\t\t\t<h3 class=\"faq-item-question-text\">\u00bfQu\u00e9 ventajas me puede dar? <\/h3>\r\n\r\n\t\t\t\t\t\t<div class=\"faq-item-question-icon\"><\/div>\r\n\t\t\t\t\t<\/div>\r\n\r\n\t\t\t\t\t<div class=\"faq-item-answer\">\r\n\t\t\t\t\t\t<div class=\"faq-item-answer-text\"> <p>Las rese\u00f1as escritas por personas reales son absolutamente confiables para los usuarios de su sitio y les demuestran que su empresa es confiable. Las calificaciones altas y las rese\u00f1as excelentes pueden ayudar a incrementar las compras en su sitio web. M\u00e1s a\u00fan, el bot\u00f3n de redireccionamiento puede contribuir a aumentar la cantidad de rese\u00f1as en Tripadvisor relacionadas con sus ofertas o servicios. <\/p> <\/div>\r\n\t\t\t\t\t<\/div>\r\n\t\t\t\t<\/div> <div class=\"faq-item\">\r\n\t\t\t\t\t<div class=\"faq-item-question\">\r\n\t\t\t\t\t\t<h3 class=\"faq-item-question-text\">\u00bfC\u00f3mo puedo instalar el widget de Rese\u00f1as de Tripadvisor en mi sitio web Magento? <\/h3>\r\n\r\n\t\t\t\t\t\t<div class=\"faq-item-question-icon\"><\/div>\r\n\t\t\t\t\t<\/div>\r\n\r\n\t\t\t\t\t<div class=\"faq-item-answer\">\r\n\t\t\t\t\t\t<div class=\"faq-item-answer-text\"> <p>Solo toma un par de minutos comenzar a usar el widget. La integraci\u00f3n es extremadamente r\u00e1pida, gratuita y no requiere codificaci\u00f3n. <\/p> <p>El widget puede integrarse en nuestro servicio o a trav\u00e9s del mercado. Puedes comparar todos los detalles de ambas opciones y seleccionar la tuya. <\/p><\/div>\r\n\t\t\t\t\t<\/div>\r\n\t\t\t\t<\/div> <\/div> <\/div> <div class=\"application-platform-content-item-features application-platform-content-item\" id=\"features\" data-nav-section=\"features\"> <h2>Caracter\u00edsticas<\/h2> <p>Para formarse una percepci\u00f3n clara del widget de Rese\u00f1as, puede echar un vistazo a la lista de las caracter\u00edsticas m\u00e1s destacadas. Hacen que este widget sea realmente eficiente para usted: <\/p> <ul> <li>3 opciones de filtros: por tipo, excluir por y cantidad de rese\u00f1as para mostrar; <\/li> <li>4 dise\u00f1os listos para usar: Lista, Cuadr\u00edcula, Mamposter\u00eda y Control deslizante; <\/li> <li> Encabezado totalmente flexible del widget; <\/li> <li>El bot\u00f3n de solicitud de rese\u00f1a lleva a los usuarios a su p\u00e1gina de Tripadvisor; <\/li> <li>6 elementos personalizables de las rese\u00f1as: nombre y foto del autor, recomendaci\u00f3n, fecha de publicaci\u00f3n, \u00edcono de Tripadvisor y calificaci\u00f3n de estrellas; <\/li> <li>Dos variantes de escenarios de denegaci\u00f3n de solicitud de revisi\u00f3n: mostrar un mensaje de texto o eliminar el bot\u00f3n. <\/li> <\/ul><p><a href=\"#demo\">Para descubrir m\u00e1s funciones, vea nuestra demostraci\u00f3n<\/a><\/p> <\/div> <div class=\"application-platform-content-item-installation application-platform-content-item\" id=\"installation\" data-nav-section=\"installation\"> <h2>Veamos c\u00f3mo agregar las rese\u00f1as de Tripadvisor a su sitio web Magento<\/h2> <p>Simplemente siga un par de pasos que se describen a continuaci\u00f3n para activar la herramienta en Magento.<\/p> <ol><li><b>Realice nuestro configurador gratuito y comience a crear su extensi\u00f3n personalizada. <\/b><br> Elija la interfaz preferible y las caracter\u00edsticas de la extensi\u00f3n y guarde las correcciones. <\/li> <li><b>Obtenga el c\u00f3digo personal que aparece en la ventana de Elfsight Apps. <\/b><br> Cuando finalice la configuraci\u00f3n de su widget personal de Rese\u00f1as de Tripadvisor, copie el c\u00f3digo exclusivo en la ventana que aparece y gu\u00e1rdelo para futuras necesidades. <\/li> <li><b>Iniciar el uso del widget en la p\u00e1gina de inicio de Magento. <\/b><br>Integre el c\u00f3digo guardado recientemente en su sitio web y guarde las correcciones. <\/li> <li><b>La configuraci\u00f3n se realiz\u00f3 exitosamente. <\/b><br>Vaya a su p\u00e1gina web para revisar c\u00f3mo est\u00e1 funcionando la herramienta. <\/li><\/ol><p>\u00bfA\u00fan no est\u00e1s seguro? \u00bfO tienes preguntas? Una sola solicitud a nuestro servicio de atenci\u00f3n al cliente le ayudar\u00e1 con cualquier pregunta. <\/p> <\/div>","protected":false},"excerpt":{"rendered":"","protected":false},"author":9,"featured_media":0,"parent":1633,"menu_order":0,"comment_status":"closed","ping_status":"closed","template":"templates\/template-application-platform.php","meta":{"publish_to_discourse":"","publish_post_category":"","wpdc_auto_publish_overridden":"","wpdc_topic_tags":"","wpdc_pin_topic":"","wpdc_pin_until":"","discourse_post_id":"","discourse_permalink":"","wpdc_publishing_response":"","wpdc_publishing_error":"","footnotes":""},"class_list":["post-5498","page","type-page","status-publish","hentry"],"yoast_head":"<!-- This site is optimized with the Yoast SEO plugin v25.3.1 - https:\/\/yoast.com\/wordpress\/plugins\/seo\/ -->\n<title>Insertar la extensi\u00f3n Tripadvisor Reviews en el sitio web de Magento (en 2 minutos)<\/title>\n<meta name=\"description\" content=\"Esta es una oportunidad para crear una extensi\u00f3n de Rese\u00f1as de Tripadvisor e integrarla en su sitio Magento. Obtenga servicio al cliente gratuito y otras ventajas de Elfsight.\" \/>\n<meta name=\"robots\" content=\"index, follow, max-snippet:-1, max-image-preview:large, max-video-preview:-1\" \/>\n<link rel=\"canonical\" href=\"https:\/\/elfsight.com\/es\/tripadvisor-reviews-widget\/magento\/\" \/>\n<meta property=\"og:locale\" content=\"es_ES\" \/>\n<meta property=\"og:type\" content=\"article\" \/>\n<meta property=\"og:title\" content=\"Insertar la extensi\u00f3n Tripadvisor Reviews en el sitio web de Magento (en 2 minutos)\" \/>\n<meta property=\"og:description\" content=\"Esta es una oportunidad para crear una extensi\u00f3n de Rese\u00f1as de Tripadvisor e integrarla en su sitio Magento. Obtenga servicio al cliente gratuito y otras ventajas de Elfsight.\" \/>\n<meta property=\"og:url\" content=\"https:\/\/elfsight.com\/es\/tripadvisor-reviews-widget\/magento\/\" \/>\n<meta property=\"og:site_name\" content=\"Elfsight ES\" \/>\n<meta property=\"article:modified_time\" content=\"2025-02-06T16:17:38+00:00\" \/>\n<meta name=\"twitter:card\" content=\"summary_large_image\" \/>\n<meta name=\"twitter:label1\" content=\"Tiempo de lectura\" \/>\n\t<meta name=\"twitter:data1\" content=\"3 minutos\" \/>\n<!-- \/ Yoast SEO plugin. -->","yoast_head_json":{"title":"Insertar la extensi\u00f3n Tripadvisor Reviews en el sitio web de Magento (en 2 minutos)","description":"Esta es una oportunidad para crear una extensi\u00f3n de Rese\u00f1as de Tripadvisor e integrarla en su sitio Magento. Obtenga servicio al cliente gratuito y otras ventajas de Elfsight.","robots":{"index":"index","follow":"follow","max-snippet":"max-snippet:-1","max-image-preview":"max-image-preview:large","max-video-preview":"max-video-preview:-1"},"canonical":"https:\/\/elfsight.com\/es\/tripadvisor-reviews-widget\/magento\/","og_locale":"es_ES","og_type":"article","og_title":"Insertar la extensi\u00f3n Tripadvisor Reviews en el sitio web de Magento (en 2 minutos)","og_description":"Esta es una oportunidad para crear una extensi\u00f3n de Rese\u00f1as de Tripadvisor e integrarla en su sitio Magento. Obtenga servicio al cliente gratuito y otras ventajas de Elfsight.","og_url":"https:\/\/elfsight.com\/es\/tripadvisor-reviews-widget\/magento\/","og_site_name":"Elfsight ES","article_modified_time":"2025-02-06T16:17:38+00:00","twitter_card":"summary_large_image","twitter_misc":{"Tiempo de lectura":"3 minutos"},"schema":{"@context":"https:\/\/schema.org","@graph":[{"@type":"WebPage","@id":"https:\/\/elfsight.com\/es\/tripadvisor-reviews-widget\/magento\/","url":"https:\/\/elfsight.com\/es\/tripadvisor-reviews-widget\/magento\/","name":"Insertar la extensi\u00f3n Tripadvisor Reviews en el sitio web de Magento (en 2 minutos)","isPartOf":{"@id":"https:\/\/elfsight.com\/es\/#website"},"datePublished":"1970-01-01T00:00:00+00:00","dateModified":"2025-02-06T16:17:38+00:00","description":"Esta es una oportunidad para crear una extensi\u00f3n de Rese\u00f1as de Tripadvisor e integrarla en su sitio Magento. Obtenga servicio al cliente gratuito y otras ventajas de Elfsight.","breadcrumb":{"@id":"https:\/\/elfsight.com\/es\/tripadvisor-reviews-widget\/magento\/#breadcrumb"},"inLanguage":"es","potentialAction":[{"@type":"ReadAction","target":["https:\/\/elfsight.com\/es\/tripadvisor-reviews-widget\/magento\/"]}]},{"@type":"BreadcrumbList","@id":"https:\/\/elfsight.com\/es\/tripadvisor-reviews-widget\/magento\/#breadcrumb","itemListElement":[{"@type":"ListItem","position":1,"name":"Home","item":"https:\/\/elfsight.com\/es\/"},{"@type":"ListItem","position":2,"name":"Tripadvisor Reviews","item":"https:\/\/elfsight.com\/es\/tripadvisor-reviews-widget\/"},{"@type":"ListItem","position":3,"name":"Tripadvisor Reviews &#8211; Magento"}]},{"@type":"WebSite","@id":"https:\/\/elfsight.com\/es\/#website","url":"https:\/\/elfsight.com\/es\/","name":"Elfsight ES","description":"Just another Elfsight Sites site","potentialAction":[{"@type":"SearchAction","target":{"@type":"EntryPoint","urlTemplate":"https:\/\/elfsight.com\/es\/?s={search_term_string}"},"query-input":{"@type":"PropertyValueSpecification","valueRequired":true,"valueName":"search_term_string"}}],"inLanguage":"es"}]}},"meta_box":{"industry":"","seo_heading":"","heading":"","description":"","cta_heading":"","cta_description":"","application":"1632","h1":"Extensi\u00f3n Magento Tripadvisor Rese\u00f1as","h1_caption":"Incorpore las mejores opiniones de clientes de Tripadvisor en su sitio web","application_category":[],"applications_title":"","applications_request_title":"","applications_request_button_text":"","hero_text":"","hero_video":"","hero_video_schema_markup":"","selling_points_title":"","selling_points_caption":"","selling_points":[],"selling_points_cta_text":"","features_title":"","features":"","ed_cta_examples_text":"","ed_cta_examples_hidden":"","ed_cta_demo_text":"","ed_cta_demo_hidden":"","why_caption":"","why_editor_title":"","why_editor_text":"","why_team_title":"","why_team_text":"","why_service_title":"","why_service_text":"","template_catalog_visible":"","template_catalog_title":"","template_catalog_text":"","template_catalog_categories_visible":"","demo_title":"Crea tu extensi\u00f3n de Opiniones de Tripadvisor","demo_caption":"Configure sus rese\u00f1as de Tripadvisor y agr\u00e9guelas a su sitio web Magento de forma gratuita.","default_faq_hidden":"","app_template_category":[],"platform":"82","template_public_id":"","codecanyon_url":"","codecanyon_item_id":"","codecanyon_price":"","pricing_caption":"","pricing_elfsight_apps_hide_column":"","pricing_elfsight_apps_url":"","pricing_codecanyon_price_caption":"","integration_category":[],"integration_request_title":"","integration_request_cta":"","integration_platform":"","integrations":[],"platform_category":[],"video_schema_markup":"","price":"desde $0 \/ mes","trial":"","benefits":[{"text":"Ayuda de instalaci\u00f3n gratuita"},{"text":"Servicio al cliente competente"},{"text":"Garant\u00eda de devoluci\u00f3n de dinero de 14 d\u00edas"},{"text":"Mejoras continuas y gratuitas"}],"button_url":"#demo","button_target_blank":"","button_nofollow":"","attributes":[{"name":"Instalaciones","content":"10,000 - 100,000"},{"name":"Sensible","content":"Optimizado para dispositivos m\u00f3viles"},{"name":"Navegadores compatibles","content":"Firefox, Safari, Opera, Chrome, Edge"}],"tags":[],"tags_disable_links":"","hide_more_platforms":"","video_object":"","demo_hide_cta":"","demo_hide_cloud_options":"","pricing_title":"","pricing":[{"pricing_icon":"platform","pricing_title":"Elfsight Apps","pricing_title_caption":"Soluci\u00f3n multiplataforma que funciona en cualquier sitio","pricing_price":"desde $0 \/ mes","pricing_price_caption":"comienza con un plan gratuito","pricing_benefits":[{"text":"Dominios ilimitados"},{"text":"Soporte empresarial dedicado y bien documentado."},{"text":"Servicio de instalaci\u00f3n gratuito"},{"text":"Dise\u00f1o flexible"}],"pricing_button_text":"A\u00f1adir al sitio web","pricing_button_url":"#demo"}],"related_apps_title":"","related_apps_hidden":"","author":"","image":[],"title":"","job":"","social_networks":[]},"_links":{"self":[{"href":"https:\/\/elfsight.com\/es\/wp-json\/wp\/v2\/pages\/5498","targetHints":{"allow":["GET"]}}],"collection":[{"href":"https:\/\/elfsight.com\/es\/wp-json\/wp\/v2\/pages"}],"about":[{"href":"https:\/\/elfsight.com\/es\/wp-json\/wp\/v2\/types\/page"}],"author":[{"embeddable":true,"href":"https:\/\/elfsight.com\/es\/wp-json\/wp\/v2\/users\/9"}],"replies":[{"embeddable":true,"href":"https:\/\/elfsight.com\/es\/wp-json\/wp\/v2\/comments?post=5498"}],"version-history":[{"count":2,"href":"https:\/\/elfsight.com\/es\/wp-json\/wp\/v2\/pages\/5498\/revisions"}],"predecessor-version":[{"id":19461,"href":"https:\/\/elfsight.com\/es\/wp-json\/wp\/v2\/pages\/5498\/revisions\/19461"}],"up":[{"embeddable":true,"href":"https:\/\/elfsight.com\/es\/wp-json\/wp\/v2\/pages\/1633"}],"wp:attachment":[{"href":"https:\/\/elfsight.com\/es\/wp-json\/wp\/v2\/media?parent=5498"}],"curies":[{"name":"wp","href":"https:\/\/api.w.org\/{rel}","templated":true}]}}