{"id":5493,"date":"1970-01-01T00:00:00","date_gmt":"1970-01-01T00:00:00","guid":{"rendered":"https:\/\/elfsight.com\/es\/?page_id=5493"},"modified":"2025-02-06T16:17:38","modified_gmt":"2025-02-06T16:17:38","slug":"jquery","status":"publish","type":"page","link":"https:\/\/elfsight.com\/es\/tripadvisor-reviews-widget\/jquery\/","title":{"rendered":"Tripadvisor Reviews &#8211; jQuery"},"content":{"rendered":"<div class=\"application-platform-content-item-description application-platform-content-item\" id=\"description\" data-nav-section=\"description\"> <h2>Descripci\u00f3n<\/h2> <p>Si necesita presumir de su alta valoraci\u00f3n por parte de los clientes y convencer a los visitantes de su sitio web de que vale la pena comprar sus ofertas, Elfsight Tripadvisor Reviews ser\u00e1 la elecci\u00f3n correcta. Con la ayuda de este widget, puede insertar rese\u00f1as de usuarios de Tripadvisor en su sitio con informaci\u00f3n sobre sus autores; utilice filtros para ocultar cr\u00edticas negativas; muestra calificaciones y un bot\u00f3n de redireccionamiento que llevar\u00e1 a los usuarios a su p\u00e1gina de Tripadvisor, donde podr\u00e1n publicar una rese\u00f1a m\u00e1s. <\/p><div class=\"faq\" data-component=\"FAQ\"> <div class=\"faq-item\">\r\n\t\t\t\t\t<div class=\"faq-item-question\">\r\n\t\t\t\t\t\t<h3 class=\"faq-item-question-text\">\u00bfD\u00f3nde puedo mostrar este complemento?<\/h3>\r\n\r\n\t\t\t\t\t\t<div class=\"faq-item-question-icon\"><\/div>\r\n\t\t\t\t\t<\/div>\r\n\r\n\t\t\t\t\t<div class=\"faq-item-answer\">\r\n\t\t\t\t\t\t<div class=\"faq-item-answer-text\"> <p>Nuestro widget se puede agregar en cualquier p\u00e1gina web donde desee impresionar a los usuarios con su alta valoraci\u00f3n y popularidad entre los clientes. Si lo necesita en todas las p\u00e1ginas de su sitio, puede agregarlo f\u00e1cilmente a la plantilla del sitio web. <\/p><\/div>\r\n\t\t\t\t\t<\/div>\r\n\t\t\t\t<\/div> <div class=\"faq-item\">\r\n\t\t\t\t\t<div class=\"faq-item-question\">\r\n\t\t\t\t\t\t<h3 class=\"faq-item-question-text\">\u00bfC\u00f3mo puedo beneficiarme del widget? <\/h3>\r\n\r\n\t\t\t\t\t\t<div class=\"faq-item-question-icon\"><\/div>\r\n\t\t\t\t\t<\/div>\r\n\r\n\t\t\t\t\t<div class=\"faq-item-answer\">\r\n\t\t\t\t\t\t<div class=\"faq-item-answer-text\"> <p>Las rese\u00f1as dejadas por personas reales son absolutamente confiables para los clientes de su sitio web y les demuestran que su negocio es confiable. Las calificaciones altas y las rese\u00f1as positivas pueden ayudar a aumentar las compras en su sitio. Adem\u00e1s, el bot\u00f3n Activo puede contribuir a aumentar la cantidad de opiniones de clientes relacionadas con sus ofertas o servicios en Tripadvisor. <\/p> <\/div>\r\n\t\t\t\t\t<\/div>\r\n\t\t\t\t<\/div> <div class=\"faq-item\">\r\n\t\t\t\t\t<div class=\"faq-item-question\">\r\n\t\t\t\t\t\t<h3 class=\"faq-item-question-text\">\u00bfC\u00f3mo instalo el widget de Rese\u00f1as de Tripadvisor en el sitio web jQuery? <\/h3>\r\n\r\n\t\t\t\t\t\t<div class=\"faq-item-question-icon\"><\/div>\r\n\t\t\t\t\t<\/div>\r\n\r\n\t\t\t\t\t<div class=\"faq-item-answer\">\r\n\t\t\t\t\t\t<div class=\"faq-item-answer-text\"> <p>Solo le llevar\u00e1 un minuto de su tiempo configurar el widget. La integraci\u00f3n es realmente r\u00e1pida, gratuita y sin codificaci\u00f3n. <\/p> <p>Existe una opci\u00f3n para insertar el widget de Rese\u00f1as en el sitio directamente a trav\u00e9s de nuestro servicio. Simplemente consulte la breve descripci\u00f3n que aparece a continuaci\u00f3n en esta p\u00e1gina. <\/p> <\/div>\r\n\t\t\t\t\t<\/div>\r\n\t\t\t\t<\/div> <\/div> <\/div> <div class=\"application-platform-content-item-features application-platform-content-item\" id=\"features\" data-nav-section=\"features\"> <h2>Caracter\u00edsticas<\/h2> <p>Para obtener una comprensi\u00f3n m\u00e1s clara del widget de Rese\u00f1as, consulte la lista de sus caracter\u00edsticas principales. Lo hacen incre\u00edblemente eficiente para usted: <\/p> <ul> <li>Tres filtros disponibles: por tipo, excluir por y cantidad de rese\u00f1as para mostrar; <\/li> <li>Cuatro variantes de dise\u00f1os: lista, cuadr\u00edcula, mamposter\u00eda y control deslizante; <\/li> <li> Encabezado totalmente flexible del widget; <\/li> <li>El bot\u00f3n activo para agregar una rese\u00f1a m\u00e1s lleva a los usuarios a su p\u00e1gina de Tripadvisor; <\/li> <li>Seis elementos flexibles del widget: el nombre del autor y la foto, texto de recomendaci\u00f3n, fecha, \u00edcono de Tripadvisor y calificaci\u00f3n de estrellas; <\/li> <li>Dos alternativas de escenarios de rechazo de solicitud de revisi\u00f3n: revelar su mensaje o eliminar el bot\u00f3n. <\/li> <\/ul><p><a href=\"#demo\">Conozca m\u00e1s funciones en nuestra demostraci\u00f3n en vivo<\/a><\/p> <\/div> <div class=\"application-platform-content-item-installation application-platform-content-item\" id=\"installation\" data-nav-section=\"installation\"> <h2>Aqu\u00ed se explica c\u00f3mo agregar las rese\u00f1as de Tripadvisor a su p\u00e1gina jQuery. Es realmente simple.<\/h2> <p>Estas acciones son lo \u00fanico que necesita hacer para completar la instalaci\u00f3n. Es r\u00e1pido y sin codificaci\u00f3n.  <\/p> <ul><li><b>Cree su complemento personalizado de Tripadvisor<\/b><br> En nuestro editor gratuito, configure un complemento con una composici\u00f3n preferida y caracter\u00edsticas funcionales. <\/li><li><b>Adquiera el c\u00f3digo personal para insertar el complemento<\/b><br> Despu\u00e9s de haber generado su widget, adquirir\u00e1 su c\u00f3digo personal en la ventana emergente de Elfsight Apps. C\u00f3pialo para usarlo m\u00e1s adelante. <\/li> <li><b> Agregue el complemento a su sitio web<\/b><br> Elija el \u00e1rea donde desea mostrar el complemento e inserte el c\u00f3digo copiado all\u00ed. Aplicar los cambios. <\/li> <li><b>\u00a1Felicitaciones! \u00a1Acabas de insertar el widget! <\/b><br>Visita la tienda para ver tu trabajo. <\/li> <\/ul><p>\u00bfA\u00fan no puedes tomar una decisi\u00f3n? \u00bfO tener problemas? Una sola solicitud a nuestro servicio de atenci\u00f3n al cliente resolver\u00e1 todos los problemas. <\/p> <\/div>","protected":false},"excerpt":{"rendered":"","protected":false},"author":9,"featured_media":0,"parent":1633,"menu_order":0,"comment_status":"closed","ping_status":"closed","template":"templates\/template-application-platform.php","meta":{"publish_to_discourse":"","publish_post_category":"","wpdc_auto_publish_overridden":"","wpdc_topic_tags":"","wpdc_pin_topic":"","wpdc_pin_until":"","discourse_post_id":"","discourse_permalink":"","wpdc_publishing_response":"","wpdc_publishing_error":"","footnotes":""},"class_list":["post-5493","page","type-page","status-publish","hentry"],"yoast_head":"<!-- This site is optimized with the Yoast SEO plugin v25.3.1 - https:\/\/yoast.com\/wordpress\/plugins\/seo\/ -->\n<title>Agregue el complemento Tripadvisor Reviews en su sitio web jQuery (f\u00e1cil y r\u00e1pido)<\/title>\n<meta name=\"description\" content=\"Con Elfsight, dise\u00f1e su complemento de Rese\u00f1as de Tripadvisor e ins\u00e9rtelo en su sitio web jQuery de forma r\u00e1pida y sencilla. Disponemos de atenci\u00f3n al cliente gratuita y otros bonos.\" \/>\n<meta name=\"robots\" content=\"index, follow, max-snippet:-1, max-image-preview:large, max-video-preview:-1\" \/>\n<link rel=\"canonical\" href=\"https:\/\/elfsight.com\/es\/tripadvisor-reviews-widget\/jquery\/\" \/>\n<meta property=\"og:locale\" content=\"es_ES\" \/>\n<meta property=\"og:type\" content=\"article\" \/>\n<meta property=\"og:title\" content=\"Agregue el complemento Tripadvisor Reviews en su sitio web jQuery (f\u00e1cil y r\u00e1pido)\" \/>\n<meta property=\"og:description\" content=\"Con Elfsight, dise\u00f1e su complemento de Rese\u00f1as de Tripadvisor e ins\u00e9rtelo en su sitio web jQuery de forma r\u00e1pida y sencilla. Disponemos de atenci\u00f3n al cliente gratuita y otros bonos.\" \/>\n<meta property=\"og:url\" content=\"https:\/\/elfsight.com\/es\/tripadvisor-reviews-widget\/jquery\/\" \/>\n<meta property=\"og:site_name\" content=\"Elfsight ES\" \/>\n<meta property=\"article:modified_time\" content=\"2025-02-06T16:17:38+00:00\" \/>\n<meta name=\"twitter:card\" content=\"summary_large_image\" \/>\n<meta name=\"twitter:label1\" content=\"Tiempo de lectura\" \/>\n\t<meta name=\"twitter:data1\" content=\"3 minutos\" \/>\n<!-- \/ Yoast SEO plugin. -->","yoast_head_json":{"title":"Agregue el complemento Tripadvisor Reviews en su sitio web jQuery (f\u00e1cil y r\u00e1pido)","description":"Con Elfsight, dise\u00f1e su complemento de Rese\u00f1as de Tripadvisor e ins\u00e9rtelo en su sitio web jQuery de forma r\u00e1pida y sencilla. Disponemos de atenci\u00f3n al cliente gratuita y otros bonos.","robots":{"index":"index","follow":"follow","max-snippet":"max-snippet:-1","max-image-preview":"max-image-preview:large","max-video-preview":"max-video-preview:-1"},"canonical":"https:\/\/elfsight.com\/es\/tripadvisor-reviews-widget\/jquery\/","og_locale":"es_ES","og_type":"article","og_title":"Agregue el complemento Tripadvisor Reviews en su sitio web jQuery (f\u00e1cil y r\u00e1pido)","og_description":"Con Elfsight, dise\u00f1e su complemento de Rese\u00f1as de Tripadvisor e ins\u00e9rtelo en su sitio web jQuery de forma r\u00e1pida y sencilla. Disponemos de atenci\u00f3n al cliente gratuita y otros bonos.","og_url":"https:\/\/elfsight.com\/es\/tripadvisor-reviews-widget\/jquery\/","og_site_name":"Elfsight ES","article_modified_time":"2025-02-06T16:17:38+00:00","twitter_card":"summary_large_image","twitter_misc":{"Tiempo de lectura":"3 minutos"},"schema":{"@context":"https:\/\/schema.org","@graph":[{"@type":"WebPage","@id":"https:\/\/elfsight.com\/es\/tripadvisor-reviews-widget\/jquery\/","url":"https:\/\/elfsight.com\/es\/tripadvisor-reviews-widget\/jquery\/","name":"Agregue el complemento Tripadvisor Reviews en su sitio web jQuery (f\u00e1cil y r\u00e1pido)","isPartOf":{"@id":"https:\/\/elfsight.com\/es\/#website"},"datePublished":"1970-01-01T00:00:00+00:00","dateModified":"2025-02-06T16:17:38+00:00","description":"Con Elfsight, dise\u00f1e su complemento de Rese\u00f1as de Tripadvisor e ins\u00e9rtelo en su sitio web jQuery de forma r\u00e1pida y sencilla. Disponemos de atenci\u00f3n al cliente gratuita y otros bonos.","breadcrumb":{"@id":"https:\/\/elfsight.com\/es\/tripadvisor-reviews-widget\/jquery\/#breadcrumb"},"inLanguage":"es","potentialAction":[{"@type":"ReadAction","target":["https:\/\/elfsight.com\/es\/tripadvisor-reviews-widget\/jquery\/"]}]},{"@type":"BreadcrumbList","@id":"https:\/\/elfsight.com\/es\/tripadvisor-reviews-widget\/jquery\/#breadcrumb","itemListElement":[{"@type":"ListItem","position":1,"name":"Home","item":"https:\/\/elfsight.com\/es\/"},{"@type":"ListItem","position":2,"name":"Tripadvisor Reviews","item":"https:\/\/elfsight.com\/es\/tripadvisor-reviews-widget\/"},{"@type":"ListItem","position":3,"name":"Tripadvisor Reviews &#8211; jQuery"}]},{"@type":"WebSite","@id":"https:\/\/elfsight.com\/es\/#website","url":"https:\/\/elfsight.com\/es\/","name":"Elfsight ES","description":"Just another Elfsight Sites site","potentialAction":[{"@type":"SearchAction","target":{"@type":"EntryPoint","urlTemplate":"https:\/\/elfsight.com\/es\/?s={search_term_string}"},"query-input":{"@type":"PropertyValueSpecification","valueRequired":true,"valueName":"search_term_string"}}],"inLanguage":"es"}]}},"meta_box":{"industry":"","seo_heading":"","heading":"","description":"","cta_heading":"","cta_description":"","application":"1632","h1":"Complemento jQuery para rese\u00f1as de Tripadvisor","h1_caption":"Incorpore las mejores impresiones de los clientes de Tripadvisor en su sitio","application_category":[],"applications_title":"","applications_request_title":"","applications_request_button_text":"","hero_text":"","hero_video":"","hero_video_schema_markup":"","selling_points_title":"","selling_points_caption":"","selling_points":[],"selling_points_cta_text":"","features_title":"","features":"","ed_cta_examples_text":"","ed_cta_examples_hidden":"","ed_cta_demo_text":"","ed_cta_demo_hidden":"","why_caption":"","why_editor_title":"","why_editor_text":"","why_team_title":"","why_team_text":"","why_service_title":"","why_service_text":"","template_catalog_visible":"","template_catalog_title":"","template_catalog_text":"","template_catalog_categories_visible":"","demo_title":"Crea tu complemento de Rese\u00f1as de Tripadvisor","demo_caption":"\u00a1Configure sus rese\u00f1as de Tripadvisor y agr\u00e9guelas a su sitio web jQuery de forma gratuita!","default_faq_hidden":"","app_template_category":[],"platform":"76","template_public_id":"","codecanyon_url":"","codecanyon_item_id":"","codecanyon_price":"","pricing_caption":"","pricing_elfsight_apps_hide_column":"","pricing_elfsight_apps_url":"","pricing_codecanyon_price_caption":"","integration_category":[],"integration_request_title":"","integration_request_cta":"","integration_platform":"","integrations":[],"platform_category":[],"video_schema_markup":"","price":"desde $0 \/ mes","trial":"","benefits":[{"text":"Asistencia de instalaci\u00f3n gratuita"},{"text":"Atenci\u00f3n al cliente experimentada"},{"text":"Garant\u00eda de reembolso de 14 d\u00edas"},{"text":"Desarrollo continuo"}],"button_url":"#demo","button_target_blank":"","button_nofollow":"","attributes":[{"name":"Instalaciones","content":"10,000 - 100,000"},{"name":"Sensible","content":"S\u00ed"},{"name":"Navegadores compatibles","content":"Firefox, Safari, Opera, Chrome, Edge"}],"tags":[],"tags_disable_links":"","hide_more_platforms":"","video_object":"","demo_hide_cta":"","demo_hide_cloud_options":"","pricing_title":"","pricing":[{"pricing_icon":"platform","pricing_title":"Elfsight Apps","pricing_title_caption":"Soluci\u00f3n digital independiente de la plataforma que se adapta a cualquier sitio","pricing_price":"desde $0 \/ mes","pricing_price_caption":"comienza con el plan gratuito","pricing_benefits":[{"text":"Sitios web ilimitados"},{"text":"Atenci\u00f3n al cliente gratuita y bien documentada."},{"text":"Servicio de instalaci\u00f3n gratuito"},{"text":"Totalmente personalizable"}],"pricing_button_text":"A\u00f1adir al sitio web","pricing_button_url":"#demo"}],"related_apps_title":"","related_apps_hidden":"","author":"","image":[],"title":"","job":"","social_networks":[]},"_links":{"self":[{"href":"https:\/\/elfsight.com\/es\/wp-json\/wp\/v2\/pages\/5493","targetHints":{"allow":["GET"]}}],"collection":[{"href":"https:\/\/elfsight.com\/es\/wp-json\/wp\/v2\/pages"}],"about":[{"href":"https:\/\/elfsight.com\/es\/wp-json\/wp\/v2\/types\/page"}],"author":[{"embeddable":true,"href":"https:\/\/elfsight.com\/es\/wp-json\/wp\/v2\/users\/9"}],"replies":[{"embeddable":true,"href":"https:\/\/elfsight.com\/es\/wp-json\/wp\/v2\/comments?post=5493"}],"version-history":[{"count":2,"href":"https:\/\/elfsight.com\/es\/wp-json\/wp\/v2\/pages\/5493\/revisions"}],"predecessor-version":[{"id":19462,"href":"https:\/\/elfsight.com\/es\/wp-json\/wp\/v2\/pages\/5493\/revisions\/19462"}],"up":[{"embeddable":true,"href":"https:\/\/elfsight.com\/es\/wp-json\/wp\/v2\/pages\/1633"}],"wp:attachment":[{"href":"https:\/\/elfsight.com\/es\/wp-json\/wp\/v2\/media?parent=5493"}],"curies":[{"name":"wp","href":"https:\/\/api.w.org\/{rel}","templated":true}]}}