{"id":5491,"date":"1970-01-01T00:00:00","date_gmt":"1970-01-01T00:00:00","guid":{"rendered":"https:\/\/elfsight.com\/es\/?page_id=5491"},"modified":"2025-02-06T16:17:46","modified_gmt":"2025-02-06T16:17:46","slug":"jimdo","status":"publish","type":"page","link":"https:\/\/elfsight.com\/es\/tripadvisor-reviews-widget\/jimdo\/","title":{"rendered":"Tripadvisor Reviews &#8211; Jimdo"},"content":{"rendered":"<div class=\"application-platform-content-item-description application-platform-content-item\" id=\"description\" data-nav-section=\"description\"><h2>Descripci\u00f3n<\/h2> <p>Elfsight Reviews for Tripadvisor para Jimdo es un instrumento sencillo que te permite captar la atenci\u00f3n de los usuarios mostr\u00e1ndoles diferentes im\u00e1genes, v\u00eddeos o las mejores ofertas de tu sitio. Si\u00e9ntase libre de utilizar cualquier cantidad de diapositivas, lo cual es esencial para mostrar sus productos y marcar ofertas destacadas. Agregue efectos especiales y escale el tama\u00f1o de la imagen\/video como necesite. Con nuestra herramienta, podr\u00e1 crear un control deslizante destacado que atraer\u00e1 la atenci\u00f3n de los visitantes del sitio y no les permitir\u00e1 abandonar su sitio web demasiado pronto. <\/p> <p><b>Con %\u043f\u0440\u043e\u0434\u0443\u043a\u0442%, tenga un crecimiento empresarial activo y m\u00e1s ventas <\/b><\/p> <\/div> <div class=\"application-platform-content-item-features application-platform-content-item\" id=\"features\" data-nav-section=\"features\"> <h2>Las funciones esenciales del widget contienen<\/h2> <ul><li>Agregue CTA para guiar a los visitantes del sitio hacia la conversi\u00f3n. <\/li><li>Regula la duraci\u00f3n del cambio de diapositiva. <\/li><li>Elige entre numerosas opciones. <\/li><li>Colocar el texto en cualquier lugar de la p\u00e1gina mediante posici\u00f3n avanzada. <\/li><li>Adaptar 5 opciones de contenido. <\/li><\/ul><p><a href=\"#demo\">Simplemente prueba esta demostraci\u00f3n para tener una idea completa<\/a><\/p> <\/div> <div class=\"application-platform-content-item-installation application-platform-content-item\" id=\"installation\" data-nav-section=\"installation\"> <h2>\u00bfC\u00f3mo insertar %\u043f\u0440\u043e\u0434\u0443\u043a\u0442% en mi sitio Jimdo? <\/h2> <p>Simplemente siga varios pasos que se presentan a continuaci\u00f3n para activar el widget. <\/p> <ol><li><b>Emplea nuestro editor gratuito y comienza a crear tu propio widget. <\/b><br> Elija el dise\u00f1o y la funcionalidad preferibles de la herramienta y guarde las ediciones. <\/li> <li><b>Adquiera el c\u00f3digo individual que se muestra en el cuadro de Elfsight Apps. <\/b><br> Una vez finalizada la configuraci\u00f3n de tu widget, copia el c\u00f3digo exclusivo en la ventana que aparece y gu\u00e1rdalo para ocasiones posteriores. <\/li> <li><b>Comience a utilizar la herramienta en el sitio de Jimdo. <\/b><br>Integre el c\u00f3digo que ha copiado anteriormente en su sitio web y aplique las ediciones. <\/li> <li><b>La configuraci\u00f3n est\u00e1 completamente realizada. <\/b><br>Vaya a su p\u00e1gina web para revisar c\u00f3mo se est\u00e1 ejecutando el widget. <\/li><\/ol> <p>Con la condici\u00f3n de atender consultas o enfrentar algunas dificultades, no dude en buscar ayuda de nuestro personal de atenci\u00f3n al cliente. Nuestros especialistas estar\u00e1n encantados de ayudarte con todos los problemas que puedas tener con el producto. <\/p> <div class=\"faq\" data-component=\"FAQ\"> <div class=\"faq-item\">\r\n\t\t\t\t\t<div class=\"faq-item-question\">\r\n\t\t\t\t\t\t<h3 class=\"faq-item-question-text\">\u00bfC\u00f3mo agregar Rese\u00f1as de Tripadvisor a mi sitio web Jimdo sin conocimientos de codificaci\u00f3n?<\/h3>\r\n\r\n\t\t\t\t\t\t<div class=\"faq-item-question-icon\"><\/div>\r\n\t\t\t\t\t<\/div>\r\n\r\n\t\t\t\t\t<div class=\"faq-item-answer\">\r\n\t\t\t\t\t\t<div class=\"faq-item-answer-text\"> <p>Elfsight proporciona una soluci\u00f3n SaaS que le permite crear un widget de Rese\u00f1as de Tripadvisor usted mismo. Vea lo f\u00e1cil que es el proceso: trabaje directamente en el editor en l\u00ednea para crear un widget de Rese\u00f1as de Tripadvisor que le gustar\u00eda ver en su sitio web Jimdo. Elija una de las plantillas predise\u00f1adas y ajuste la configuraci\u00f3n de Rese\u00f1as de Tripadvisor, agregue su contenido, cambie el dise\u00f1o y los colores sin conocimientos de codificaci\u00f3n. Guarda las Rese\u00f1as de Tripadvisor y copia su c\u00f3digo de instalaci\u00f3n, que podr\u00e1s pegar en tu web Jimdo sin comprar una versi\u00f3n de pago. Con nuestro editor intuitivo, cualquier usuario de Internet puede crear un widget de rese\u00f1as de Tripadvisor online e incrustarlo f\u00e1cilmente en su sitio web Jimdo. No es necesario pagar ni ingresar las credenciales de su tarjeta para acceder al servicio. Si tiene alg\u00fan problema en cualquier paso, no dude en ponerse en contacto con nuestro equipo de soporte t\u00e9cnico.<\/p> <\/div>\r\n\t\t\t\t\t<\/div>\r\n\t\t\t\t<\/div> <\/div> <\/div>","protected":false},"excerpt":{"rendered":"","protected":false},"author":9,"featured_media":0,"parent":1633,"menu_order":0,"comment_status":"closed","ping_status":"closed","template":"templates\/template-application-platform.php","meta":{"publish_to_discourse":"","publish_post_category":"","wpdc_auto_publish_overridden":"","wpdc_topic_tags":"","wpdc_pin_topic":"","wpdc_pin_until":"","discourse_post_id":"","discourse_permalink":"","wpdc_publishing_response":"","wpdc_publishing_error":"","footnotes":""},"class_list":["post-5491","page","type-page","status-publish","hentry"],"yoast_head":"<!-- This site is optimized with the Yoast SEO plugin v25.3.1 - https:\/\/yoast.com\/wordpress\/plugins\/seo\/ -->\n<title>A\u00f1ade el widget de Rese\u00f1as de Tripadvisor en tu sitio web Jimdo (2025)<\/title>\n<meta name=\"description\" content=\"Es perfectamente sencillo crear tu widget de Rese\u00f1as de Tripadvisor y colocarlo en tu sitio web Jimdo. La atenci\u00f3n al cliente de Elfsight es gratuita.\" \/>\n<meta name=\"robots\" content=\"index, follow, max-snippet:-1, max-image-preview:large, max-video-preview:-1\" \/>\n<link rel=\"canonical\" href=\"https:\/\/elfsight.com\/es\/tripadvisor-reviews-widget\/jimdo\/\" \/>\n<meta property=\"og:locale\" content=\"es_ES\" \/>\n<meta property=\"og:type\" content=\"article\" \/>\n<meta property=\"og:title\" content=\"A\u00f1ade el widget de Rese\u00f1as de Tripadvisor en tu sitio web Jimdo (2025)\" \/>\n<meta property=\"og:description\" content=\"Es perfectamente sencillo crear tu widget de Rese\u00f1as de Tripadvisor y colocarlo en tu sitio web Jimdo. La atenci\u00f3n al cliente de Elfsight es gratuita.\" \/>\n<meta property=\"og:url\" content=\"https:\/\/elfsight.com\/es\/tripadvisor-reviews-widget\/jimdo\/\" \/>\n<meta property=\"og:site_name\" content=\"Elfsight ES\" \/>\n<meta property=\"article:modified_time\" content=\"2025-02-06T16:17:46+00:00\" \/>\n<meta name=\"twitter:card\" content=\"summary_large_image\" \/>\n<meta name=\"twitter:label1\" content=\"Tiempo de lectura\" \/>\n\t<meta name=\"twitter:data1\" content=\"3 minutos\" \/>\n<!-- \/ Yoast SEO plugin. -->","yoast_head_json":{"title":"A\u00f1ade el widget de Rese\u00f1as de Tripadvisor en tu sitio web Jimdo (2025)","description":"Es perfectamente sencillo crear tu widget de Rese\u00f1as de Tripadvisor y colocarlo en tu sitio web Jimdo. La atenci\u00f3n al cliente de Elfsight es gratuita.","robots":{"index":"index","follow":"follow","max-snippet":"max-snippet:-1","max-image-preview":"max-image-preview:large","max-video-preview":"max-video-preview:-1"},"canonical":"https:\/\/elfsight.com\/es\/tripadvisor-reviews-widget\/jimdo\/","og_locale":"es_ES","og_type":"article","og_title":"A\u00f1ade el widget de Rese\u00f1as de Tripadvisor en tu sitio web Jimdo (2025)","og_description":"Es perfectamente sencillo crear tu widget de Rese\u00f1as de Tripadvisor y colocarlo en tu sitio web Jimdo. La atenci\u00f3n al cliente de Elfsight es gratuita.","og_url":"https:\/\/elfsight.com\/es\/tripadvisor-reviews-widget\/jimdo\/","og_site_name":"Elfsight ES","article_modified_time":"2025-02-06T16:17:46+00:00","twitter_card":"summary_large_image","twitter_misc":{"Tiempo de lectura":"3 minutos"},"schema":{"@context":"https:\/\/schema.org","@graph":[{"@type":"WebPage","@id":"https:\/\/elfsight.com\/es\/tripadvisor-reviews-widget\/jimdo\/","url":"https:\/\/elfsight.com\/es\/tripadvisor-reviews-widget\/jimdo\/","name":"A\u00f1ade el widget de Rese\u00f1as de Tripadvisor en tu sitio web Jimdo (2025)","isPartOf":{"@id":"https:\/\/elfsight.com\/es\/#website"},"datePublished":"1970-01-01T00:00:00+00:00","dateModified":"2025-02-06T16:17:46+00:00","description":"Es perfectamente sencillo crear tu widget de Rese\u00f1as de Tripadvisor y colocarlo en tu sitio web Jimdo. La atenci\u00f3n al cliente de Elfsight es gratuita.","breadcrumb":{"@id":"https:\/\/elfsight.com\/es\/tripadvisor-reviews-widget\/jimdo\/#breadcrumb"},"inLanguage":"es","potentialAction":[{"@type":"ReadAction","target":["https:\/\/elfsight.com\/es\/tripadvisor-reviews-widget\/jimdo\/"]}]},{"@type":"BreadcrumbList","@id":"https:\/\/elfsight.com\/es\/tripadvisor-reviews-widget\/jimdo\/#breadcrumb","itemListElement":[{"@type":"ListItem","position":1,"name":"Home","item":"https:\/\/elfsight.com\/es\/"},{"@type":"ListItem","position":2,"name":"Tripadvisor Reviews","item":"https:\/\/elfsight.com\/es\/tripadvisor-reviews-widget\/"},{"@type":"ListItem","position":3,"name":"Tripadvisor Reviews &#8211; Jimdo"}]},{"@type":"WebSite","@id":"https:\/\/elfsight.com\/es\/#website","url":"https:\/\/elfsight.com\/es\/","name":"Elfsight ES","description":"Just another Elfsight Sites site","potentialAction":[{"@type":"SearchAction","target":{"@type":"EntryPoint","urlTemplate":"https:\/\/elfsight.com\/es\/?s={search_term_string}"},"query-input":{"@type":"PropertyValueSpecification","valueRequired":true,"valueName":"search_term_string"}}],"inLanguage":"es"}]}},"meta_box":{"industry":"","seo_heading":"","heading":"","description":"","cta_heading":"","cta_description":"","application":"1632","h1":"Widget de rese\u00f1as de Jimdo Tripadvisor","h1_caption":"Demostrar las opiniones que los usuarios dejan sobre usted en Tripadvisor","application_category":[],"applications_title":"","applications_request_title":"","applications_request_button_text":"","hero_text":"","hero_video":"","hero_video_schema_markup":"","selling_points_title":"","selling_points_caption":"","selling_points":[],"selling_points_cta_text":"","features_title":"","features":"","ed_cta_examples_text":"","ed_cta_examples_hidden":"","ed_cta_demo_text":"","ed_cta_demo_hidden":"","why_caption":"","why_editor_title":"","why_editor_text":"","why_team_title":"","why_team_text":"","why_service_title":"","why_service_text":"","template_catalog_visible":"","template_catalog_title":"","template_catalog_text":"","template_catalog_categories_visible":"","demo_title":"Cree su widget de Rese\u00f1as de Tripadvisor","demo_caption":"\u00a1Configura tus rese\u00f1as de Tripadvisor y a\u00f1\u00e1delas a tu sitio web Jimdo gratis!","default_faq_hidden":"","app_template_category":[],"platform":"2198","template_public_id":"","codecanyon_url":"","codecanyon_item_id":"","codecanyon_price":"","pricing_caption":"","pricing_elfsight_apps_hide_column":"","pricing_elfsight_apps_url":"","pricing_codecanyon_price_caption":"","integration_category":[],"integration_request_title":"","integration_request_cta":"","integration_platform":"","integrations":[],"platform_category":[],"video_schema_markup":"","price":"desde $0 \/ mes","trial":"","benefits":[{"text":"Asistencia de instalaci\u00f3n gratuita"},{"text":"Atenci\u00f3n al cliente experimentada"},{"text":"Garant\u00eda de reembolso de 14 d\u00edas"},{"text":"Desarrollo continuo"}],"button_url":"#demo","button_target_blank":"","button_nofollow":"","attributes":[{"name":"Instalaciones","content":"10,000 - 100,000"},{"name":"Sensible","content":"S\u00ed"},{"name":"Navegadores compatibles","content":"Firefox, Safari, Opera, Chrome, Edge"}],"tags":[],"tags_disable_links":"","hide_more_platforms":"","video_object":"","demo_hide_cta":"","demo_hide_cloud_options":"","pricing_title":"","pricing":[{"pricing_icon":"platform","pricing_title":"Elfsight Apps","pricing_title_caption":"Versi\u00f3n independiente de la plataforma que funciona en cualquier sitio web","pricing_price":"desde $0 \/ mes","pricing_price_caption":"comienza con un plan gratuito","pricing_benefits":[{"text":"N\u00famero ilimitado de sitios web"},{"text":"Soporte empresarial 24 horas al d\u00eda, 7 d\u00edas a la semana"},{"text":"Asistencia de instalaci\u00f3n gratuita"},{"text":"Totalmente personalizable"}],"pricing_button_text":"A\u00f1adir al sitio web","pricing_button_url":"#demo"}],"related_apps_title":"","related_apps_hidden":"","author":"","image":[],"title":"","job":"","social_networks":[]},"_links":{"self":[{"href":"https:\/\/elfsight.com\/es\/wp-json\/wp\/v2\/pages\/5491","targetHints":{"allow":["GET"]}}],"collection":[{"href":"https:\/\/elfsight.com\/es\/wp-json\/wp\/v2\/pages"}],"about":[{"href":"https:\/\/elfsight.com\/es\/wp-json\/wp\/v2\/types\/page"}],"author":[{"embeddable":true,"href":"https:\/\/elfsight.com\/es\/wp-json\/wp\/v2\/users\/9"}],"replies":[{"embeddable":true,"href":"https:\/\/elfsight.com\/es\/wp-json\/wp\/v2\/comments?post=5491"}],"version-history":[{"count":2,"href":"https:\/\/elfsight.com\/es\/wp-json\/wp\/v2\/pages\/5491\/revisions"}],"predecessor-version":[{"id":19464,"href":"https:\/\/elfsight.com\/es\/wp-json\/wp\/v2\/pages\/5491\/revisions\/19464"}],"up":[{"embeddable":true,"href":"https:\/\/elfsight.com\/es\/wp-json\/wp\/v2\/pages\/1633"}],"wp:attachment":[{"href":"https:\/\/elfsight.com\/es\/wp-json\/wp\/v2\/media?parent=5491"}],"curies":[{"name":"wp","href":"https:\/\/api.w.org\/{rel}","templated":true}]}}