{"id":5490,"date":"1970-01-01T00:00:00","date_gmt":"1970-01-01T00:00:00","guid":{"rendered":"https:\/\/elfsight.com\/es\/?page_id=5490"},"modified":"2025-02-06T16:17:46","modified_gmt":"2025-02-06T16:17:46","slug":"iframe","status":"publish","type":"page","link":"https:\/\/elfsight.com\/es\/tripadvisor-reviews-widget\/iframe\/","title":{"rendered":"Tripadvisor Reviews &#8211; iFrame"},"content":{"rendered":"<div class=\"application-platform-content-item-description application-platform-content-item\" id=\"description\" data-nav-section=\"description\"><h2>Incorpore Rese\u00f1as de Tripadvisor en iFrame con el widget de Elfsight<\/h2><p>Si necesita mostrar la alta valoraci\u00f3n que tiene por parte de los clientes y convencer a los visitantes del sitio de que vale la pena comprar sus ofertas, las Rese\u00f1as de Elfsight Tripadvisor se adaptan perfectamente a sus necesidades. Con nuestro complemento, mostrar\u00e1 f\u00e1cilmente las opiniones de los clientes de Tripadvisor en su sitio web con informaci\u00f3n sobre sus autores, las clasificar\u00e1 para mostrar solo las mejores, agregar\u00e1 calificaciones y un bot\u00f3n activo, que llevar\u00e1 a los usuarios a su cuenta de Tripadvisor, para que puedan dejar una nueva opini\u00f3n. <\/p> <p><b>\u00a1Empiece a mostrar los mejores testimonios de Tripadvisor ahora mismo y aumente la confianza!<\/b><\/p> <\/div><div class=\"application-platform-content-item-features application-platform-content-item\" id=\"features\" data-nav-section=\"features\"><h2>Caracter\u00edsticas principales del widget de Rese\u00f1as de Tripadvisor<\/h2><p>Compruebe lo que pueden hacer nuestros widgets. Aqu\u00ed hay una lista de las caracter\u00edsticas m\u00e1s importantes: <\/p> <ul> <li>4 dise\u00f1os predefinidos: Lista, Cuadr\u00edcula, Mamposter\u00eda y Control deslizante; <\/li> <li>El bot\u00f3n de solicitud de rese\u00f1a dirige a los visitantes a su p\u00e1gina de Tripadvisor; <\/li> <li>6 elementos ajustables de la interfaz: nombre e imagen del autor, recomendaci\u00f3n, fecha, \u00edcono de Tripadvisor y calificaci\u00f3n de estrellas; <\/li> <\/ul><p><a href=\"#demo\">Pruebe estas y m\u00e1s funciones en la demostraci\u00f3n<\/a><\/p><\/div><div class=\"application-platform-content-item-installation application-platform-content-item\" id=\"installation\" data-nav-section=\"installation\"><h2>C\u00f3mo agregar el complemento de Rese\u00f1as de Tripadvisor al sitio web iFrame<\/h2><p>Es muy f\u00e1cil configurar y ejecutar el widget en su sitio. Simplemente siga los pasos a continuaci\u00f3n:. <\/p> <ol><li><b>Cree su complemento de Tripadvisor personalizado<\/b><br> Con la ayuda de nuestro configurador gratuito, cree un complemento con una apariencia y funciones seleccionadas. <\/li><li><b>Obtenga el c\u00f3digo personal para insertar el complemento<\/b><br> Despu\u00e9s de haber configurado su complemento, obtendr\u00e1 el c\u00f3digo de configuraci\u00f3n de la notificaci\u00f3n que aparece en Elfsight Apps. Copia el c\u00f3digo. <\/li> <li><b>Integre el complemento en su sitio web iFrame<\/b><br> Defina el lugar donde desea integrar el complemento y pegue all\u00ed el c\u00f3digo copiado. Guarde los cambios. <\/li> <li><b>La configuraci\u00f3n se realiz\u00f3 correctamente<\/b><br> Vaya al sitio para consultar sus rese\u00f1as.<\/li> <\/ol><p>Si tiene preguntas sobre las rese\u00f1as de Elfsight Tripadvisor o desea que le ayudemos, no dude en escribirnos. \u00a1Nuestro servicio de atenci\u00f3n al cliente est\u00e1 aqu\u00ed para ayudarle! <\/p><div class=\"faq\" data-component=\"FAQ\"> <div class=\"faq-item\">\r\n\t\t\t\t\t<div class=\"faq-item-question\">\r\n\t\t\t\t\t\t<h3 class=\"faq-item-question-text\">\u00bfC\u00f3mo puedo agregar rese\u00f1as de Tripadvisor a mi sitio web iFrame sin conocimientos de codificaci\u00f3n?<\/h3>\r\n\r\n\t\t\t\t\t\t<div class=\"faq-item-question-icon\"><\/div>\r\n\t\t\t\t\t<\/div>\r\n\r\n\t\t\t\t\t<div class=\"faq-item-answer\">\r\n\t\t\t\t\t\t<div class=\"faq-item-answer-text\"> <p>Elfsight proporciona una soluci\u00f3n SaaS que le permite crear un widget de rese\u00f1as de Tripadvisor usted mismo. Vea lo f\u00e1cil que es el proceso: trabaje directamente en el editor en l\u00ednea para crear un widget de rese\u00f1as de Tripadvisor que le gustar\u00eda ver en su sitio web iFrame. Elija una de las plantillas predise\u00f1adas y ajuste la configuraci\u00f3n de Rese\u00f1as de Tripadvisor, agregue su contenido, cambie el dise\u00f1o y los colores sin conocimientos de codificaci\u00f3n. Guarde las rese\u00f1as de Tripadvisor y copie su c\u00f3digo de instalaci\u00f3n, que puede agregar f\u00e1cilmente en su sitio web iFrame sin comprar una suscripci\u00f3n paga. Con nuestro editor intuitivo, cualquier usuario de Internet puede crear un widget de rese\u00f1as de Tripadvisor en l\u00ednea e incrustarlo f\u00e1cilmente en su sitio web iFrame. No es necesario pagar ni ingresar las credenciales de su tarjeta para acceder al servicio. Si tiene alg\u00fan problema en cualquier paso, no dude en ponerse en contacto con nuestro equipo de soporte t\u00e9cnico.<\/p> <\/div>\r\n\t\t\t\t\t<\/div>\r\n\t\t\t\t<\/div> <\/div> <\/div>","protected":false},"excerpt":{"rendered":"","protected":false},"author":9,"featured_media":0,"parent":1633,"menu_order":0,"comment_status":"closed","ping_status":"closed","template":"templates\/template-application-platform.php","meta":{"publish_to_discourse":"","publish_post_category":"","wpdc_auto_publish_overridden":"","wpdc_topic_tags":"","wpdc_pin_topic":"","wpdc_pin_until":"","discourse_post_id":"","discourse_permalink":"","wpdc_publishing_response":"","wpdc_publishing_error":"","footnotes":""},"class_list":["post-5490","page","type-page","status-publish","hentry"],"yoast_head":"<!-- This site is optimized with the Yoast SEO plugin v25.3.1 - https:\/\/yoast.com\/wordpress\/plugins\/seo\/ -->\n<title>Complemento iFrame Facebook Reviews para su sitio web (gratis y r\u00e1pido)<\/title>\n<meta name=\"description\" content=\"Aqu\u00ed tienes la oportunidad de dise\u00f1ar el complemento de Rese\u00f1as de Tripadvisor y agregarlo a tu sitio web iFrame. Obtenga servicio al cliente gratuito y otras bonificaciones de Elfsight.\" \/>\n<meta name=\"robots\" content=\"index, follow, max-snippet:-1, max-image-preview:large, max-video-preview:-1\" \/>\n<link rel=\"canonical\" href=\"https:\/\/elfsight.com\/es\/tripadvisor-reviews-widget\/iframe\/\" \/>\n<meta property=\"og:locale\" content=\"es_ES\" \/>\n<meta property=\"og:type\" content=\"article\" \/>\n<meta property=\"og:title\" content=\"Complemento iFrame Facebook Reviews para su sitio web (gratis y r\u00e1pido)\" \/>\n<meta property=\"og:description\" content=\"Aqu\u00ed tienes la oportunidad de dise\u00f1ar el complemento de Rese\u00f1as de Tripadvisor y agregarlo a tu sitio web iFrame. Obtenga servicio al cliente gratuito y otras bonificaciones de Elfsight.\" \/>\n<meta property=\"og:url\" content=\"https:\/\/elfsight.com\/es\/tripadvisor-reviews-widget\/iframe\/\" \/>\n<meta property=\"og:site_name\" content=\"Elfsight ES\" \/>\n<meta property=\"article:modified_time\" content=\"2025-02-06T16:17:46+00:00\" \/>\n<meta name=\"twitter:card\" content=\"summary_large_image\" \/>\n<meta name=\"twitter:label1\" content=\"Tiempo de lectura\" \/>\n\t<meta name=\"twitter:data1\" content=\"3 minutos\" \/>\n<!-- \/ Yoast SEO plugin. -->","yoast_head_json":{"title":"Complemento iFrame Facebook Reviews para su sitio web (gratis y r\u00e1pido)","description":"Aqu\u00ed tienes la oportunidad de dise\u00f1ar el complemento de Rese\u00f1as de Tripadvisor y agregarlo a tu sitio web iFrame. Obtenga servicio al cliente gratuito y otras bonificaciones de Elfsight.","robots":{"index":"index","follow":"follow","max-snippet":"max-snippet:-1","max-image-preview":"max-image-preview:large","max-video-preview":"max-video-preview:-1"},"canonical":"https:\/\/elfsight.com\/es\/tripadvisor-reviews-widget\/iframe\/","og_locale":"es_ES","og_type":"article","og_title":"Complemento iFrame Facebook Reviews para su sitio web (gratis y r\u00e1pido)","og_description":"Aqu\u00ed tienes la oportunidad de dise\u00f1ar el complemento de Rese\u00f1as de Tripadvisor y agregarlo a tu sitio web iFrame. Obtenga servicio al cliente gratuito y otras bonificaciones de Elfsight.","og_url":"https:\/\/elfsight.com\/es\/tripadvisor-reviews-widget\/iframe\/","og_site_name":"Elfsight ES","article_modified_time":"2025-02-06T16:17:46+00:00","twitter_card":"summary_large_image","twitter_misc":{"Tiempo de lectura":"3 minutos"},"schema":{"@context":"https:\/\/schema.org","@graph":[{"@type":"WebPage","@id":"https:\/\/elfsight.com\/es\/tripadvisor-reviews-widget\/iframe\/","url":"https:\/\/elfsight.com\/es\/tripadvisor-reviews-widget\/iframe\/","name":"Complemento iFrame Facebook Reviews para su sitio web (gratis y r\u00e1pido)","isPartOf":{"@id":"https:\/\/elfsight.com\/es\/#website"},"datePublished":"1970-01-01T00:00:00+00:00","dateModified":"2025-02-06T16:17:46+00:00","description":"Aqu\u00ed tienes la oportunidad de dise\u00f1ar el complemento de Rese\u00f1as de Tripadvisor y agregarlo a tu sitio web iFrame. Obtenga servicio al cliente gratuito y otras bonificaciones de Elfsight.","breadcrumb":{"@id":"https:\/\/elfsight.com\/es\/tripadvisor-reviews-widget\/iframe\/#breadcrumb"},"inLanguage":"es","potentialAction":[{"@type":"ReadAction","target":["https:\/\/elfsight.com\/es\/tripadvisor-reviews-widget\/iframe\/"]}]},{"@type":"BreadcrumbList","@id":"https:\/\/elfsight.com\/es\/tripadvisor-reviews-widget\/iframe\/#breadcrumb","itemListElement":[{"@type":"ListItem","position":1,"name":"Home","item":"https:\/\/elfsight.com\/es\/"},{"@type":"ListItem","position":2,"name":"Tripadvisor Reviews","item":"https:\/\/elfsight.com\/es\/tripadvisor-reviews-widget\/"},{"@type":"ListItem","position":3,"name":"Tripadvisor Reviews &#8211; iFrame"}]},{"@type":"WebSite","@id":"https:\/\/elfsight.com\/es\/#website","url":"https:\/\/elfsight.com\/es\/","name":"Elfsight ES","description":"Just another Elfsight Sites site","potentialAction":[{"@type":"SearchAction","target":{"@type":"EntryPoint","urlTemplate":"https:\/\/elfsight.com\/es\/?s={search_term_string}"},"query-input":{"@type":"PropertyValueSpecification","valueRequired":true,"valueName":"search_term_string"}}],"inLanguage":"es"}]}},"meta_box":{"industry":"","seo_heading":"","heading":"","description":"","cta_heading":"","cta_description":"","application":"1632","h1":"Rese\u00f1as de Tripadvisor sobre iFrame","h1_caption":"Integra las mejores impresiones de tus clientes de Tripadvisor en tu web","application_category":[],"applications_title":"","applications_request_title":"","applications_request_button_text":"","hero_text":"","hero_video":"","hero_video_schema_markup":"","selling_points_title":"","selling_points_caption":"","selling_points":[],"selling_points_cta_text":"","features_title":"","features":"","ed_cta_examples_text":"","ed_cta_examples_hidden":"","ed_cta_demo_text":"","ed_cta_demo_hidden":"","why_caption":"","why_editor_title":"","why_editor_text":"","why_team_title":"","why_team_text":"","why_service_title":"","why_service_text":"","template_catalog_visible":"","template_catalog_title":"","template_catalog_text":"","template_catalog_categories_visible":"","demo_title":"Cree su widget de Rese\u00f1as de Tripadvisor","demo_caption":"Configure sus rese\u00f1as de Tripadvisor y agr\u00e9guelas a su sitio web iFrame de forma gratuita.","default_faq_hidden":"","app_template_category":[],"platform":"2192","template_public_id":"","codecanyon_url":"","codecanyon_item_id":"","codecanyon_price":"","pricing_caption":"","pricing_elfsight_apps_hide_column":"","pricing_elfsight_apps_url":"","pricing_codecanyon_price_caption":"","integration_category":[],"integration_request_title":"","integration_request_cta":"","integration_platform":"","integrations":[],"platform_category":[],"video_schema_markup":"","price":"desde $0 \/ mes","trial":"","benefits":[{"text":"Asistencia de instalaci\u00f3n gratuita"},{"text":"Soporte premium"},{"text":"Garant\u00eda de reembolso de 14 d\u00edas"},{"text":"Actualizaciones gratuitas peri\u00f3dicas"}],"button_url":"#demo","button_target_blank":"","button_nofollow":"","attributes":[{"name":"Instalaciones","content":"10,000 - 100,000"},{"name":"Sensible","content":"S\u00ed"},{"name":"Navegadores compatibles","content":"Firefox, Safari, Opera, Edge, Chrome"}],"tags":[],"tags_disable_links":"","hide_more_platforms":"","video_object":"","demo_hide_cta":"","demo_hide_cloud_options":"","pricing_title":"","pricing":[{"pricing_icon":"platform","pricing_title":"Elfsight Apps","pricing_title_caption":"Versi\u00f3n multiplataforma que funciona en cualquier sitio web.","pricing_price":"desde $0 \/ mes","pricing_price_caption":"comienza con el plan gratuito","pricing_benefits":[{"text":"Sitios web ilimitados"},{"text":"Atenci\u00f3n al cliente premium"},{"text":"Asistencia de instalaci\u00f3n gratuita"},{"text":"Oferta especial para m\u00faltiples aplicaciones."}],"pricing_button_text":"A\u00f1adir al sitio web","pricing_button_url":"#demo"}],"related_apps_title":"","related_apps_hidden":"","author":"","image":[],"title":"","job":"","social_networks":[]},"_links":{"self":[{"href":"https:\/\/elfsight.com\/es\/wp-json\/wp\/v2\/pages\/5490","targetHints":{"allow":["GET"]}}],"collection":[{"href":"https:\/\/elfsight.com\/es\/wp-json\/wp\/v2\/pages"}],"about":[{"href":"https:\/\/elfsight.com\/es\/wp-json\/wp\/v2\/types\/page"}],"author":[{"embeddable":true,"href":"https:\/\/elfsight.com\/es\/wp-json\/wp\/v2\/users\/9"}],"replies":[{"embeddable":true,"href":"https:\/\/elfsight.com\/es\/wp-json\/wp\/v2\/comments?post=5490"}],"version-history":[{"count":2,"href":"https:\/\/elfsight.com\/es\/wp-json\/wp\/v2\/pages\/5490\/revisions"}],"predecessor-version":[{"id":19465,"href":"https:\/\/elfsight.com\/es\/wp-json\/wp\/v2\/pages\/5490\/revisions\/19465"}],"up":[{"embeddable":true,"href":"https:\/\/elfsight.com\/es\/wp-json\/wp\/v2\/pages\/1633"}],"wp:attachment":[{"href":"https:\/\/elfsight.com\/es\/wp-json\/wp\/v2\/media?parent=5490"}],"curies":[{"name":"wp","href":"https:\/\/api.w.org\/{rel}","templated":true}]}}