{"id":5484,"date":"1970-01-01T00:00:00","date_gmt":"1970-01-01T00:00:00","guid":{"rendered":"https:\/\/elfsight.com\/es\/?page_id=5484"},"modified":"2025-02-06T16:17:46","modified_gmt":"2025-02-06T16:17:46","slug":"facebook","status":"publish","type":"page","link":"https:\/\/elfsight.com\/es\/tripadvisor-reviews-widget\/facebook\/","title":{"rendered":"Tripadvisor Reviews &#8211; Facebook Page"},"content":{"rendered":"<div class=\"application-platform-content-item-description application-platform-content-item\" id=\"description\" data-nav-section=\"description\"><h2>Descripci\u00f3n<\/h2><p>Si est\u00e1 buscando una manera de presumir de su aprecio entre los clientes y desea convencer a los visitantes de su p\u00e1gina de que vale la pena comprar sus productos o servicios, el widget Elfsight Tripadvisor har\u00e1 el trabajo. Con nuestro widget, podr\u00e1 colocar f\u00e1cilmente rese\u00f1as de clientes del popular servicio en su p\u00e1gina con informaci\u00f3n sobre sus autores. Utilice filtros para mostrar solo los buenos, agregue calificaciones y un bot\u00f3n activo que llevar\u00e1 a las personas a su p\u00e1gina de Tripadvisor, donde podr\u00e1n escribir una nueva rese\u00f1a. <\/p> <p><b>\u00a1Mejora la percepci\u00f3n de tu marca entre tu audiencia con excelentes cr\u00edticas de Tripadvisor!<\/b><\/p><\/div> <div class=\"application-platform-content-item-features application-platform-content-item\" id=\"features\" data-nav-section=\"features\"><h2>Caracter\u00edsticas<\/h2><p>Vea todas las funciones del widget en esta lista. Est\u00e1n disponibles directamente en el editor y le ayudar\u00e1n a darle forma al widget adecuado para su caso.<\/p><ul><li>3 variantes de filtros: por tipo, excluir por y cantidad de rese\u00f1as para mostrar; <\/li><li>4 tipos de dise\u00f1os: lista, cuadr\u00edcula, mamposter\u00eda y control deslizante; <\/li><li>Una opci\u00f3n para activar\/desactivar el encabezado del widget; <\/li><li>El bot\u00f3n para solicitar una rese\u00f1a dirige a los clientes a su p\u00e1gina de Tripadvisor; <\/li><li>Seis elementos flexibles de la interfaz: el nombre del autor y la imagen, recomendaci\u00f3n, fecha, \u00edcono de Tripadvisor y calificaci\u00f3n de estrellas; <\/li><li>Dos variantes de escenarios despu\u00e9s del rechazo de la solicitud de revisi\u00f3n: mostrar un mensaje personalizado u ocultar el bot\u00f3n. <\/li><\/ul><p><a href=\"#demo\">Pruebe todas las dem\u00e1s funciones en la demostraci\u00f3n<\/a><\/p><\/div> <div class=\"application-platform-content-item-installation application-platform-content-item\" id=\"installation\" data-nav-section=\"installation\"><h2>C\u00f3mo agregar la pesta\u00f1a Rese\u00f1as de Tripadvisor a su p\u00e1gina comercial de Facebook<\/h2><p>Para activar el widget, siga los siguientes pasos.<\/p><ul><li><b>Dise\u00f1e su propio widget de Tripadvisor<\/b><br>Con el Con la ayuda de nuestro configurador gratuito, cree un complemento con el dise\u00f1o y la funcionalidad preferidos. <\/li><li><b>Obtenga el c\u00f3digo individual para publicar el complemento<\/b><br>Despu\u00e9s de crear su widget, obtendr\u00e1 un c\u00f3digo individual de la ventana que aparece en Elfsight Apps. Copie el c\u00f3digo para su uso posterior. <\/li><li><b>Agregue el widget de Tripadvisor a la p\u00e1gina de Facebook<\/b><br> Cree su pesta\u00f1a personalizada de Facebook. Inserte el c\u00f3digo que recibi\u00f3 en las aplicaciones de elfsight en la pesta\u00f1a. Si tiene alg\u00fan problema, consulte nuestra gu\u00eda sobre <a href=\"https:\/\/elfsight.com\/blog\/how-to-add-custom-tab-to-facebook-page\/\" target=\"_blank\" rel=\"noopener noreferrer\">creaci\u00f3n de una pesta\u00f1a personalizada de Facebook<\/a><\/li><li><b>\u00a1La integraci\u00f3n se realiz\u00f3 correctamente!<\/b><br>Vaya a la p\u00e1gina para ver su trabajo.<\/li><\/ul><p>Le invitamos a ponerse en contacto con el servicio de atenci\u00f3n al cliente cuando necesites ayuda o tengas algo que preguntar. Nuestros especialistas estar\u00e1n encantados de ayudarle con cada solicitud. <\/p><div class=\"faq\" data-component=\"FAQ\"> <div class=\"faq-item\">\r\n\t\t\t\t\t<div class=\"faq-item-question\">\r\n\t\t\t\t\t\t<h3 class=\"faq-item-question-text\">\u00bfC\u00f3mo agregar rese\u00f1as de Tripadvisor al sitio web de mi p\u00e1gina de Facebook sin conocimientos de codificaci\u00f3n?<\/h3>\r\n\r\n\t\t\t\t\t\t<div class=\"faq-item-question-icon\"><\/div>\r\n\t\t\t\t\t<\/div>\r\n\r\n\t\t\t\t\t<div class=\"faq-item-answer\">\r\n\t\t\t\t\t\t<div class=\"faq-item-answer-text\"> <p>Elfsight proporciona una soluci\u00f3n SaaS que le permite crear un widget de rese\u00f1as de Tripadvisor usted mismo. Vea lo f\u00e1cil que es el proceso: trabaje directamente en el editor en l\u00ednea para crear un widget de rese\u00f1as de Tripadvisor que le gustar\u00eda ver en el sitio web de su p\u00e1gina de Facebook. Elija una de las plantillas predise\u00f1adas y ajuste la configuraci\u00f3n de Rese\u00f1as de Tripadvisor, agregue su contenido, cambie el dise\u00f1o y los colores sin conocimientos de codificaci\u00f3n. Guarde las rese\u00f1as de Tripadvisor y copie su c\u00f3digo de instalaci\u00f3n, que puede simplemente agregar en el sitio web de su p\u00e1gina de Facebook sin comprar una suscripci\u00f3n paga. Con nuestro editor intuitivo, cualquier usuario de Internet puede crear un widget de rese\u00f1as de Tripadvisor en l\u00ednea e incrustarlo f\u00e1cilmente en el sitio web de su p\u00e1gina de Facebook. No es necesario pagar ni ingresar las credenciales de su tarjeta para acceder al servicio. Si tiene alg\u00fan problema en cualquier paso, no dude en ponerse en contacto con nuestro equipo de soporte t\u00e9cnico.<\/p> <\/div>\r\n\t\t\t\t\t<\/div>\r\n\t\t\t\t<\/div> <\/div> <\/div>","protected":false},"excerpt":{"rendered":"","protected":false},"author":9,"featured_media":0,"parent":1633,"menu_order":0,"comment_status":"closed","ping_status":"closed","template":"templates\/template-application-platform.php","meta":{"publish_to_discourse":"","publish_post_category":"","wpdc_auto_publish_overridden":"","wpdc_topic_tags":"","wpdc_pin_topic":"","wpdc_pin_until":"","discourse_post_id":"","discourse_permalink":"","wpdc_publishing_response":"","wpdc_publishing_error":"","footnotes":""},"class_list":["post-5484","page","type-page","status-publish","hentry"],"yoast_head":"<!-- This site is optimized with the Yoast SEO plugin v25.3.1 - https:\/\/yoast.com\/wordpress\/plugins\/seo\/ -->\n<title>Agregue la pesta\u00f1a Rese\u00f1as de Tripadvisor a la p\u00e1gina comercial de Facebook (2025)<\/title>\n<meta name=\"description\" content=\"Con Elfsight, cree sus rese\u00f1as de Tripadvisor y agr\u00e9guelas r\u00e1pidamente a la p\u00e1gina comercial de Facebook. Contamos con atenci\u00f3n al cliente gratuita y m\u00e1s bonos.\" \/>\n<meta name=\"robots\" content=\"index, follow, max-snippet:-1, max-image-preview:large, max-video-preview:-1\" \/>\n<link rel=\"canonical\" href=\"https:\/\/elfsight.com\/es\/tripadvisor-reviews-widget\/facebook\/\" \/>\n<meta property=\"og:locale\" content=\"es_ES\" \/>\n<meta property=\"og:type\" content=\"article\" \/>\n<meta property=\"og:title\" content=\"Agregue la pesta\u00f1a Rese\u00f1as de Tripadvisor a la p\u00e1gina comercial de Facebook (2025)\" \/>\n<meta property=\"og:description\" content=\"Con Elfsight, cree sus rese\u00f1as de Tripadvisor y agr\u00e9guelas r\u00e1pidamente a la p\u00e1gina comercial de Facebook. Contamos con atenci\u00f3n al cliente gratuita y m\u00e1s bonos.\" \/>\n<meta property=\"og:url\" content=\"https:\/\/elfsight.com\/es\/tripadvisor-reviews-widget\/facebook\/\" \/>\n<meta property=\"og:site_name\" content=\"Elfsight ES\" \/>\n<meta property=\"article:modified_time\" content=\"2025-02-06T16:17:46+00:00\" \/>\n<meta name=\"twitter:card\" content=\"summary_large_image\" \/>\n<meta name=\"twitter:label1\" content=\"Tiempo de lectura\" \/>\n\t<meta name=\"twitter:data1\" content=\"3 minutos\" \/>\n<!-- \/ Yoast SEO plugin. -->","yoast_head_json":{"title":"Agregue la pesta\u00f1a Rese\u00f1as de Tripadvisor a la p\u00e1gina comercial de Facebook (2025)","description":"Con Elfsight, cree sus rese\u00f1as de Tripadvisor y agr\u00e9guelas r\u00e1pidamente a la p\u00e1gina comercial de Facebook. Contamos con atenci\u00f3n al cliente gratuita y m\u00e1s bonos.","robots":{"index":"index","follow":"follow","max-snippet":"max-snippet:-1","max-image-preview":"max-image-preview:large","max-video-preview":"max-video-preview:-1"},"canonical":"https:\/\/elfsight.com\/es\/tripadvisor-reviews-widget\/facebook\/","og_locale":"es_ES","og_type":"article","og_title":"Agregue la pesta\u00f1a Rese\u00f1as de Tripadvisor a la p\u00e1gina comercial de Facebook (2025)","og_description":"Con Elfsight, cree sus rese\u00f1as de Tripadvisor y agr\u00e9guelas r\u00e1pidamente a la p\u00e1gina comercial de Facebook. Contamos con atenci\u00f3n al cliente gratuita y m\u00e1s bonos.","og_url":"https:\/\/elfsight.com\/es\/tripadvisor-reviews-widget\/facebook\/","og_site_name":"Elfsight ES","article_modified_time":"2025-02-06T16:17:46+00:00","twitter_card":"summary_large_image","twitter_misc":{"Tiempo de lectura":"3 minutos"},"schema":{"@context":"https:\/\/schema.org","@graph":[{"@type":"WebPage","@id":"https:\/\/elfsight.com\/es\/tripadvisor-reviews-widget\/facebook\/","url":"https:\/\/elfsight.com\/es\/tripadvisor-reviews-widget\/facebook\/","name":"Agregue la pesta\u00f1a Rese\u00f1as de Tripadvisor a la p\u00e1gina comercial de Facebook (2025)","isPartOf":{"@id":"https:\/\/elfsight.com\/es\/#website"},"datePublished":"1970-01-01T00:00:00+00:00","dateModified":"2025-02-06T16:17:46+00:00","description":"Con Elfsight, cree sus rese\u00f1as de Tripadvisor y agr\u00e9guelas r\u00e1pidamente a la p\u00e1gina comercial de Facebook. Contamos con atenci\u00f3n al cliente gratuita y m\u00e1s bonos.","breadcrumb":{"@id":"https:\/\/elfsight.com\/es\/tripadvisor-reviews-widget\/facebook\/#breadcrumb"},"inLanguage":"es","potentialAction":[{"@type":"ReadAction","target":["https:\/\/elfsight.com\/es\/tripadvisor-reviews-widget\/facebook\/"]}]},{"@type":"BreadcrumbList","@id":"https:\/\/elfsight.com\/es\/tripadvisor-reviews-widget\/facebook\/#breadcrumb","itemListElement":[{"@type":"ListItem","position":1,"name":"Home","item":"https:\/\/elfsight.com\/es\/"},{"@type":"ListItem","position":2,"name":"Tripadvisor Reviews","item":"https:\/\/elfsight.com\/es\/tripadvisor-reviews-widget\/"},{"@type":"ListItem","position":3,"name":"Tripadvisor Reviews &#8211; Facebook Page"}]},{"@type":"WebSite","@id":"https:\/\/elfsight.com\/es\/#website","url":"https:\/\/elfsight.com\/es\/","name":"Elfsight ES","description":"Just another Elfsight Sites site","potentialAction":[{"@type":"SearchAction","target":{"@type":"EntryPoint","urlTemplate":"https:\/\/elfsight.com\/es\/?s={search_term_string}"},"query-input":{"@type":"PropertyValueSpecification","valueRequired":true,"valueName":"search_term_string"}}],"inLanguage":"es"}]}},"meta_box":{"industry":"","seo_heading":"","heading":"","description":"","cta_heading":"","cta_description":"","application":"1632","h1":"Rese\u00f1as de Tripadvisor para la p\u00e1gina de Facebook","h1_caption":"Incorpore las opiniones perfectas de sus clientes de Tripadvisor en la p\u00e1gina de su empresa","application_category":[],"applications_title":"","applications_request_title":"","applications_request_button_text":"","hero_text":"","hero_video":"","hero_video_schema_markup":"","selling_points_title":"","selling_points_caption":"","selling_points":[],"selling_points_cta_text":"","features_title":"","features":"","ed_cta_examples_text":"","ed_cta_examples_hidden":"","ed_cta_demo_text":"","ed_cta_demo_hidden":"","why_caption":"","why_editor_title":"","why_editor_text":"","why_team_title":"","why_team_text":"","why_service_title":"","why_service_text":"","template_catalog_visible":"","template_catalog_title":"","template_catalog_text":"","template_catalog_categories_visible":"","demo_title":"Cree su widget de Rese\u00f1as de Tripadvisor","demo_caption":"\u00a1Configure sus rese\u00f1as de Tripadvisor y agr\u00e9guelas al sitio web de su p\u00e1gina de Facebook de forma gratuita!","default_faq_hidden":"","app_template_category":[],"platform":"64","template_public_id":"","codecanyon_url":"","codecanyon_item_id":"","codecanyon_price":"","pricing_caption":"","pricing_elfsight_apps_hide_column":"","pricing_elfsight_apps_url":"","pricing_codecanyon_price_caption":"","integration_category":[],"integration_request_title":"","integration_request_cta":"","integration_platform":"","integrations":[],"platform_category":[],"video_schema_markup":"","price":"desde $0 \/ mes","trial":"","benefits":[{"text":"Asistencia de instalaci\u00f3n gratuita"},{"text":"Servicio al cliente profesional"},{"text":"Garant\u00eda de reembolso de 14 d\u00edas"},{"text":"Mejoras continuas y gratuitas"}],"button_url":"#demo","button_target_blank":"","button_nofollow":"","attributes":[{"name":"Instalaciones","content":"10,000 - 100,000"},{"name":"Sensible","content":"S\u00ed"},{"name":"Navegadores compatibles","content":"Safari, Opera, Chrome, Edge, Firefox"}],"tags":[],"tags_disable_links":"","hide_more_platforms":"","video_object":"","demo_hide_cta":"","demo_hide_cloud_options":"","pricing_title":"","pricing":[{"pricing_icon":"platform","pricing_title":"Elfsight Apps","pricing_title_caption":"Soluci\u00f3n digital independiente de la plataforma","pricing_price":"desde $0 \/ mes","pricing_price_caption":"comienza con el plan gratuito","pricing_benefits":[{"text":"Sitios web ilimitados"},{"text":"Atenci\u00f3n al cliente premium"},{"text":"Servicio de instalaci\u00f3n gratuito"},{"text":"Dise\u00f1o flexible"}],"pricing_button_text":"A\u00f1adir al sitio web","pricing_button_url":"#demo"}],"related_apps_title":"","related_apps_hidden":"","author":"","image":[],"title":"","job":"","social_networks":[]},"_links":{"self":[{"href":"https:\/\/elfsight.com\/es\/wp-json\/wp\/v2\/pages\/5484","targetHints":{"allow":["GET"]}}],"collection":[{"href":"https:\/\/elfsight.com\/es\/wp-json\/wp\/v2\/pages"}],"about":[{"href":"https:\/\/elfsight.com\/es\/wp-json\/wp\/v2\/types\/page"}],"author":[{"embeddable":true,"href":"https:\/\/elfsight.com\/es\/wp-json\/wp\/v2\/users\/9"}],"replies":[{"embeddable":true,"href":"https:\/\/elfsight.com\/es\/wp-json\/wp\/v2\/comments?post=5484"}],"version-history":[{"count":2,"href":"https:\/\/elfsight.com\/es\/wp-json\/wp\/v2\/pages\/5484\/revisions"}],"predecessor-version":[{"id":19467,"href":"https:\/\/elfsight.com\/es\/wp-json\/wp\/v2\/pages\/5484\/revisions\/19467"}],"up":[{"embeddable":true,"href":"https:\/\/elfsight.com\/es\/wp-json\/wp\/v2\/pages\/1633"}],"wp:attachment":[{"href":"https:\/\/elfsight.com\/es\/wp-json\/wp\/v2\/media?parent=5484"}],"curies":[{"name":"wp","href":"https:\/\/api.w.org\/{rel}","templated":true}]}}