{"id":5476,"date":"1970-01-01T00:00:00","date_gmt":"1970-01-01T00:00:00","guid":{"rendered":"https:\/\/elfsight.com\/es\/?page_id=5476"},"modified":"2025-02-06T16:17:54","modified_gmt":"2025-02-06T16:17:54","slug":"bigcommerce","status":"publish","type":"page","link":"https:\/\/elfsight.com\/es\/tripadvisor-reviews-widget\/bigcommerce\/","title":{"rendered":"Tripadvisor Reviews &#8211; BigCommerce"},"content":{"rendered":"<div class=\"application-platform-content-item-description application-platform-content-item\" id=\"description\" data-nav-section=\"description\"> <h2>Descripci\u00f3n<\/h2> <p>Si est\u00e1 buscando una manera de presumir de su alta calificaci\u00f3n y convencer a los visitantes del sitio de que vale la pena comprar sus productos o servicios, el widget Elfsight TripAdvisor Reviews es la elecci\u00f3n correcta. Con la ayuda de nuestra herramienta, puede insertar opiniones de clientes de TripAdvisor en cualquier p\u00e1gina de su sitio; clasif\u00edquelos para mostrar solo lo mejor; agregue calificaciones y un bot\u00f3n de redireccionamiento que llevar\u00e1 a las personas a su cuenta de TripAdvisor, donde podr\u00e1n agregar una rese\u00f1a nueva. <\/p><div class=\"faq\" data-component=\"FAQ\"> <div class=\"faq-item\">\r\n\t\t\t\t\t<div class=\"faq-item-question\">\r\n\t\t\t\t\t\t<h3 class=\"faq-item-question-text\">\u00bfD\u00f3nde puedo integrar el widget<\/h3>\r\n\r\n\t\t\t\t\t\t<div class=\"faq-item-question-icon\"><\/div>\r\n\t\t\t\t\t<\/div>\r\n\r\n\t\t\t\t\t<div class=\"faq-item-answer\">\r\n\t\t\t\t\t\t<div class=\"faq-item-answer-text\"> <p>El widget se puede mostrar en cualquier p\u00e1gina donde desee demostrar su alta valoraci\u00f3n y popularidad entre los clientes. Si necesita publicar el widget en todas las p\u00e1ginas del sitio, simplemente p\u00e9guelo en la plantilla del sitio web. <\/p><\/div>\r\n\t\t\t\t\t<\/div>\r\n\t\t\t\t<\/div> <div class=\"faq-item\">\r\n\t\t\t\t\t<div class=\"faq-item-question\">\r\n\t\t\t\t\t\t<h3 class=\"faq-item-question-text\">\u00bfQu\u00e9 ventajas me ofrece? <\/h3>\r\n\r\n\t\t\t\t\t\t<div class=\"faq-item-question-icon\"><\/div>\r\n\t\t\t\t\t<\/div>\r\n\r\n\t\t\t\t\t<div class=\"faq-item-answer\">\r\n\t\t\t\t\t\t<div class=\"faq-item-answer-text\"> <p>Las rese\u00f1as escritas por personas reales parecen m\u00e1ximamente cre\u00edbles para los usuarios de su sitio web y les indican que su empresa es un socio confiable. Las calificaciones altas y las cr\u00edticas positivas pueden ayudar a aumentar las compras en su sitio. Adem\u00e1s, el bot\u00f3n activo contribuir\u00e1 a generar m\u00e1s opiniones de clientes sobre sus ofertas o servicios en Tripadvisor. <\/p> <\/div>\r\n\t\t\t\t\t<\/div>\r\n\t\t\t\t<\/div> <div class=\"faq-item\">\r\n\t\t\t\t\t<div class=\"faq-item-question\">\r\n\t\t\t\t\t\t<h3 class=\"faq-item-question-text\">\u00bfC\u00f3mo incorporo el widget de rese\u00f1as de Tripadvisor en mi sitio de BigCommerce? <\/h3>\r\n\r\n\t\t\t\t\t\t<div class=\"faq-item-question-icon\"><\/div>\r\n\t\t\t\t\t<\/div>\r\n\r\n\t\t\t\t\t<div class=\"faq-item-answer\">\r\n\t\t\t\t\t\t<div class=\"faq-item-answer-text\"> <p>La activaci\u00f3n tardar\u00e1 un par de minutos. Agregar es extremadamente r\u00e1pido, gratuito y no implica codificaci\u00f3n. <\/p> <p>El widget de Rese\u00f1as de Elfsight se puede introducir directamente en nuestro servicio o a trav\u00e9s del mercado. Podr\u00e1s ver ambas opciones y decidir cu\u00e1l es m\u00e1s adecuada. <\/p> <\/div>\r\n\t\t\t\t\t<\/div>\r\n\t\t\t\t<\/div> <\/div> <\/div> <div class=\"application-platform-content-item-features application-platform-content-item\" id=\"features\" data-nav-section=\"features\"> <h2>Caracter\u00edsticas<\/h2> <p>Para tener una idea m\u00e1s clara del widget, consulte la lista de sus caracter\u00edsticas principales. Hacen que el widget sea realmente beneficioso para usted: <\/p> <ul> <li>3 filtros predefinidos: por tipo, excluir por y cantidad de rese\u00f1as para mostrar; <\/li> <li>4 opciones de dise\u00f1os disponibles: Lista, Cuadr\u00edcula, Mamposter\u00eda y Control deslizante; <\/li> <li>Una oportunidad para mostrar u ocultar el encabezado del widget; <\/li> <li>El bot\u00f3n activo para dejar una rese\u00f1a m\u00e1s dirige a las personas a la p\u00e1gina de Tripadvisor; <\/li> <li>Seis elementos personalizables del widget: nombre y foto del autor, texto de recomendaci\u00f3n, fecha de uso compartido, \u00edcono de Tripadvisor y calificaci\u00f3n de estrellas; <\/li> <li>Dos opciones del escenario de rechazo de solicitud de revisi\u00f3n: mostrar un mensaje personalizado o eliminar el bot\u00f3n. <\/li> <\/ul><p><a href=\"#demo\">Conozca m\u00e1s funciones en la demostraci\u00f3n<\/a><\/p> <\/div> <div class=\"application-platform-content-item-installation application-platform-content-item\" id=\"installation\" data-nav-section=\"installation\"> <h2>Veamos c\u00f3mo agregar las rese\u00f1as de Tripadvisor a su tienda BigCommerce<\/h2> <div class=\"video-container\"><iframe width=\"720\" height=\"405\" src=\"https:\/\/www.youtube.com\/embed\/nuJMEaGxIXM\" frameborder=\"0\"><\/iframe><\/div><p>Simplemente siga las pautas a continuaci\u00f3n para comenzar a trabajar con la aplicaci\u00f3n en BigCommerce.<\/p> <ol><li><b>Emplee nuestra demostraci\u00f3n gratuita y comience a darle forma a su widget personalizado. <\/b><br> Determine la forma y las opciones preferibles del widget y aplique las ediciones. <\/li> <li><b>Copia tu c\u00f3digo individual que se muestra en la ventana de Elfsight Apps. <\/b><br> Cuando finalice la configuraci\u00f3n de su aplicaci\u00f3n, copie el c\u00f3digo personal en la ventana emergente que aparece y gu\u00e1rdelo para usarlo m\u00e1s adelante. <\/li> <li><b>Inicie la aplicaci\u00f3n del widget de Rese\u00f1as de Tripadvisor en su sitio de BigCommerce. <\/b><br> Inserta el c\u00f3digo que has copiado recientemente en tu sitio web y guarda los ajustes. <\/li> <li><b>La instalaci\u00f3n finaliz\u00f3 exitosamente. <\/b><br>Visita su p\u00e1gina para observar el trabajo de la herramienta. <\/li><\/ol><p>\u00bfA\u00fan no puedes tomar una decisi\u00f3n? \u00bfO tropez\u00f3 con algo? Simplemente escriba una solicitud a nuestro departamento de atenci\u00f3n al cliente, resolveremos cualquier problema. <\/p> <\/div>","protected":false},"excerpt":{"rendered":"","protected":false},"author":9,"featured_media":0,"parent":1633,"menu_order":0,"comment_status":"closed","ping_status":"closed","template":"templates\/template-application-platform.php","meta":{"publish_to_discourse":"","publish_post_category":"","wpdc_auto_publish_overridden":"","wpdc_topic_tags":"","wpdc_pin_topic":"","wpdc_pin_until":"","discourse_post_id":"","discourse_permalink":"","wpdc_publishing_response":"","wpdc_publishing_error":"","footnotes":""},"class_list":["post-5476","page","type-page","status-publish","hentry"],"yoast_head":"<!-- This site is optimized with the Yoast SEO plugin v25.3.1 - https:\/\/yoast.com\/wordpress\/plugins\/seo\/ -->\n<title>Incruste la aplicaci\u00f3n Tripadvisor Reviews en su sitio web BigCommerce (2025)<\/title>\n<meta name=\"description\" content=\"Aqu\u00ed existe la posibilidad de dise\u00f1ar la aplicaci\u00f3n Tripadvisor Reviews e integrarla a su tienda BigCommerce. Disfrutar\u00e1 de servicio al cliente gratuito y otros beneficios.\" \/>\n<meta name=\"robots\" content=\"index, follow, max-snippet:-1, max-image-preview:large, max-video-preview:-1\" \/>\n<link rel=\"canonical\" href=\"https:\/\/elfsight.com\/es\/tripadvisor-reviews-widget\/bigcommerce\/\" \/>\n<meta property=\"og:locale\" content=\"es_ES\" \/>\n<meta property=\"og:type\" content=\"article\" \/>\n<meta property=\"og:title\" content=\"Incruste la aplicaci\u00f3n Tripadvisor Reviews en su sitio web BigCommerce (2025)\" \/>\n<meta property=\"og:description\" content=\"Aqu\u00ed existe la posibilidad de dise\u00f1ar la aplicaci\u00f3n Tripadvisor Reviews e integrarla a su tienda BigCommerce. Disfrutar\u00e1 de servicio al cliente gratuito y otros beneficios.\" \/>\n<meta property=\"og:url\" content=\"https:\/\/elfsight.com\/es\/tripadvisor-reviews-widget\/bigcommerce\/\" \/>\n<meta property=\"og:site_name\" content=\"Elfsight ES\" \/>\n<meta property=\"article:modified_time\" content=\"2025-02-06T16:17:54+00:00\" \/>\n<meta name=\"twitter:card\" content=\"summary_large_image\" \/>\n<meta name=\"twitter:label1\" content=\"Tiempo de lectura\" \/>\n\t<meta name=\"twitter:data1\" content=\"3 minutos\" \/>\n<!-- \/ Yoast SEO plugin. -->","yoast_head_json":{"title":"Incruste la aplicaci\u00f3n Tripadvisor Reviews en su sitio web BigCommerce (2025)","description":"Aqu\u00ed existe la posibilidad de dise\u00f1ar la aplicaci\u00f3n Tripadvisor Reviews e integrarla a su tienda BigCommerce. Disfrutar\u00e1 de servicio al cliente gratuito y otros beneficios.","robots":{"index":"index","follow":"follow","max-snippet":"max-snippet:-1","max-image-preview":"max-image-preview:large","max-video-preview":"max-video-preview:-1"},"canonical":"https:\/\/elfsight.com\/es\/tripadvisor-reviews-widget\/bigcommerce\/","og_locale":"es_ES","og_type":"article","og_title":"Incruste la aplicaci\u00f3n Tripadvisor Reviews en su sitio web BigCommerce (2025)","og_description":"Aqu\u00ed existe la posibilidad de dise\u00f1ar la aplicaci\u00f3n Tripadvisor Reviews e integrarla a su tienda BigCommerce. Disfrutar\u00e1 de servicio al cliente gratuito y otros beneficios.","og_url":"https:\/\/elfsight.com\/es\/tripadvisor-reviews-widget\/bigcommerce\/","og_site_name":"Elfsight ES","article_modified_time":"2025-02-06T16:17:54+00:00","twitter_card":"summary_large_image","twitter_misc":{"Tiempo de lectura":"3 minutos"},"schema":{"@context":"https:\/\/schema.org","@graph":[{"@type":"WebPage","@id":"https:\/\/elfsight.com\/es\/tripadvisor-reviews-widget\/bigcommerce\/","url":"https:\/\/elfsight.com\/es\/tripadvisor-reviews-widget\/bigcommerce\/","name":"Incruste la aplicaci\u00f3n Tripadvisor Reviews en su sitio web BigCommerce (2025)","isPartOf":{"@id":"https:\/\/elfsight.com\/es\/#website"},"datePublished":"1970-01-01T00:00:00+00:00","dateModified":"2025-02-06T16:17:54+00:00","description":"Aqu\u00ed existe la posibilidad de dise\u00f1ar la aplicaci\u00f3n Tripadvisor Reviews e integrarla a su tienda BigCommerce. Disfrutar\u00e1 de servicio al cliente gratuito y otros beneficios.","breadcrumb":{"@id":"https:\/\/elfsight.com\/es\/tripadvisor-reviews-widget\/bigcommerce\/#breadcrumb"},"inLanguage":"es","potentialAction":[{"@type":"ReadAction","target":["https:\/\/elfsight.com\/es\/tripadvisor-reviews-widget\/bigcommerce\/"]}]},{"@type":"BreadcrumbList","@id":"https:\/\/elfsight.com\/es\/tripadvisor-reviews-widget\/bigcommerce\/#breadcrumb","itemListElement":[{"@type":"ListItem","position":1,"name":"Home","item":"https:\/\/elfsight.com\/es\/"},{"@type":"ListItem","position":2,"name":"Tripadvisor Reviews","item":"https:\/\/elfsight.com\/es\/tripadvisor-reviews-widget\/"},{"@type":"ListItem","position":3,"name":"Tripadvisor Reviews &#8211; BigCommerce"}]},{"@type":"WebSite","@id":"https:\/\/elfsight.com\/es\/#website","url":"https:\/\/elfsight.com\/es\/","name":"Elfsight ES","description":"Just another Elfsight Sites site","potentialAction":[{"@type":"SearchAction","target":{"@type":"EntryPoint","urlTemplate":"https:\/\/elfsight.com\/es\/?s={search_term_string}"},"query-input":{"@type":"PropertyValueSpecification","valueRequired":true,"valueName":"search_term_string"}}],"inLanguage":"es"}]}},"meta_box":{"industry":"","seo_heading":"","heading":"","description":"","cta_heading":"","cta_description":"","application":"1632","h1":"Aplicaci\u00f3n BigCommerce Tripadvisor Reviews","h1_caption":"Publique las impresiones m\u00e1s atractivas de los clientes de Tripadvisor en su sitio","application_category":[],"applications_title":"","applications_request_title":"","applications_request_button_text":"","hero_text":"","hero_video":"","hero_video_schema_markup":"","selling_points_title":"","selling_points_caption":"","selling_points":[],"selling_points_cta_text":"","features_title":"","features":"","ed_cta_examples_text":"","ed_cta_examples_hidden":"","ed_cta_demo_text":"","ed_cta_demo_hidden":"","why_caption":"","why_editor_title":"","why_editor_text":"","why_team_title":"","why_team_text":"","why_service_title":"","why_service_text":"","template_catalog_visible":"","template_catalog_title":"","template_catalog_text":"","template_catalog_categories_visible":"","demo_title":"Crea tu aplicaci\u00f3n de Opiniones de Tripadvisor","demo_caption":"Configure sus rese\u00f1as de Tripadvisor y agr\u00e9guelas a su sitio web de BigCommerce de forma gratuita.","default_faq_hidden":"","app_template_category":[],"platform":"33","template_public_id":"","codecanyon_url":"","codecanyon_item_id":"","codecanyon_price":"","pricing_caption":"","pricing_elfsight_apps_hide_column":"","pricing_elfsight_apps_url":"","pricing_codecanyon_price_caption":"","integration_category":[],"integration_request_title":"","integration_request_cta":"","integration_platform":"","integrations":[],"platform_category":[],"video_schema_markup":"","price":"desde $0 \/ mes","trial":"","benefits":[{"text":"Asistencia de instalaci\u00f3n gratuita"},{"text":"Soporte excepcional"},{"text":"Garant\u00eda de reembolso de 14 d\u00edas"},{"text":"Actualizaciones gratuitas peri\u00f3dicas"}],"button_url":"#demo","button_target_blank":"","button_nofollow":"","attributes":[{"name":"Instalaciones","content":"10,000 - 100,000"},{"name":"Sensible","content":"S\u00ed"},{"name":"Navegadores compatibles","content":"Firefox, Safari, Opera, Chrome, Edge"}],"tags":[],"tags_disable_links":"","hide_more_platforms":"","video_object":"","demo_hide_cta":"","demo_hide_cloud_options":"","pricing_title":"","pricing":[{"pricing_icon":"platform","pricing_title":"Elfsight Apps","pricing_title_caption":"Soluci\u00f3n independiente de plataforma que funciona en cualquier sitio","pricing_price":"desde $0 \/ mes","pricing_price_caption":"comienza con un plan gratuito","pricing_benefits":[{"text":"Dominios ilimitados"},{"text":"Soporte gratuito y bien documentado."},{"text":"Soporte de instalaci\u00f3n gratuito"},{"text":"Dise\u00f1o flexible"}],"pricing_button_text":"A\u00f1adir al sitio web","pricing_button_url":"#demo"}],"related_apps_title":"","related_apps_hidden":"","author":"","image":[],"title":"","job":"","social_networks":[]},"_links":{"self":[{"href":"https:\/\/elfsight.com\/es\/wp-json\/wp\/v2\/pages\/5476","targetHints":{"allow":["GET"]}}],"collection":[{"href":"https:\/\/elfsight.com\/es\/wp-json\/wp\/v2\/pages"}],"about":[{"href":"https:\/\/elfsight.com\/es\/wp-json\/wp\/v2\/types\/page"}],"author":[{"embeddable":true,"href":"https:\/\/elfsight.com\/es\/wp-json\/wp\/v2\/users\/9"}],"replies":[{"embeddable":true,"href":"https:\/\/elfsight.com\/es\/wp-json\/wp\/v2\/comments?post=5476"}],"version-history":[{"count":2,"href":"https:\/\/elfsight.com\/es\/wp-json\/wp\/v2\/pages\/5476\/revisions"}],"predecessor-version":[{"id":19471,"href":"https:\/\/elfsight.com\/es\/wp-json\/wp\/v2\/pages\/5476\/revisions\/19471"}],"up":[{"embeddable":true,"href":"https:\/\/elfsight.com\/es\/wp-json\/wp\/v2\/pages\/1633"}],"wp:attachment":[{"href":"https:\/\/elfsight.com\/es\/wp-json\/wp\/v2\/media?parent=5476"}],"curies":[{"name":"wp","href":"https:\/\/api.w.org\/{rel}","templated":true}]}}