{"id":5474,"date":"1970-01-01T00:00:00","date_gmt":"1970-01-01T00:00:00","guid":{"rendered":"https:\/\/elfsight.com\/es\/?page_id=5474"},"modified":"2025-02-06T16:18:02","modified_gmt":"2025-02-06T16:18:02","slug":"godaddy","status":"publish","type":"page","link":"https:\/\/elfsight.com\/es\/tripadvisor-reviews-widget\/godaddy\/","title":{"rendered":"TripAdvisor Reviews  &#8211; GoDaddy"},"content":{"rendered":"<div class=\"application-platform-content-item-description application-platform-content-item\" id=\"description\" data-nav-section=\"description\"> <h2>Incorpore rese\u00f1as de TripAdvisor en GoDaddy con el widget de Elfsight<\/h2> <p>El complemento Elfsight Reviews de TripAdvisor es una herramienta sencilla para integrar rese\u00f1as sobre su negocio de TripAdvisor en su sitio web de GoDaddy. Ayudar\u00e1 a aumentar la confianza en su marca entre los visitantes del sitio web. Puede ordenar rese\u00f1as usando filtros, mostrar calificaci\u00f3n de estrellas, informaci\u00f3n sobre cada autor y un bot\u00f3n para dejar una rese\u00f1a. Nuestro complemento de rese\u00f1as de TripAdvisor presenta diferentes dise\u00f1os y plantillas de rese\u00f1as, elementos de interfaz intercambiables y encabezado flexible. Al mostrar sus rese\u00f1as de TripAdvisor, demostrar\u00e1 su alta valoraci\u00f3n, aumentar\u00e1 la confianza y atraer\u00e1 a\u00fan m\u00e1s rese\u00f1as.<\/p> <p><b>Atraiga m\u00e1s rese\u00f1as utilizando el bot\u00f3n de llamada a la acci\u00f3n y enlaces a su p\u00e1gina de TripAdvisor<\/b><\/p> <\/div> <div class=\"application-platform-content-item-features application-platform-content-item\" id=\"features\" data-nav-section=\"features\"> <h2>Estas son solo algunas de las funciones avanzadas del complemento: <\/h2> <ul><li>Flechas y arrastra los controles de navegaci\u00f3n en el dise\u00f1o del control deslizante<\/li><li>Una opci\u00f3n para configurar la velocidad de diapositiva y la velocidad de reproducci\u00f3n autom\u00e1tica<\/li><li>Una opci\u00f3n para activar\/desactivar los elementos del encabezado: calificaci\u00f3n e im\u00e1genes de los revisores<\/li><li>T\u00edtulo del complemento editable con tama\u00f1o y peso de fuente ajustables<\/li><li>Dos escenarios despu\u00e9s de una llamada a la acci\u00f3n denegada: mostrar un mensaje u ocultar el formulario<\/li><\/ul><p><a href=\"#demo\">Puedes sentir si el complemento es para ti probando el demostraci\u00f3n<\/a><\/p> <\/div> <div class=\"application-platform-content-item-installation application-platform-content-item\" id=\"installation\" data-nav-section=\"installation\"> <h2>\u00bfC\u00f3mo incorporo rese\u00f1as de TripAdvisor en mi sitio web de GoDaddy? <\/h2> <p>Simplemente siga los pasos que se describen a continuaci\u00f3n para comenzar a utilizar la herramienta. <\/p> <ol><li><b>Utilice nuestro configurador gratuito y comience a crear su complemento personalizado. <\/b><br> Elija el aspecto y las opciones deseables del complemento y aplique las correcciones. <\/li> <li><b>Adquiera el c\u00f3digo \u00fanico que se muestra en la ventana de Elfsight Apps. <\/b><br> Tan pronto como finalice la configuraci\u00f3n de su complemento, copie el c\u00f3digo personal de la ventana que aparece y gu\u00e1rdelo para usarlo m\u00e1s adelante. <\/li> <li><b>Ingrese al uso de la herramienta en el sitio de GoDaddy. <\/b><br> Ingrese el c\u00f3digo copiado anteriormente en su sitio web y aplique las ediciones. <\/li> <li><b>La configuraci\u00f3n est\u00e1 completamente realizada. <\/b><br>Visite su p\u00e1gina web para observar el trabajo del complemento. <\/li><\/ol> <p>Si tiene preguntas o encuentra alg\u00fan obst\u00e1culo, no dude en recurrir a nuestro personal de soporte. Nuestra gente est\u00e1 ansiosa por ayudarlo con todos los problemas que pueda tener con el complemento. <\/p> <div class=\"faq\" data-component=\"FAQ\"> <div class=\"faq-item\">\r\n\t\t\t\t\t<div class=\"faq-item-question\">\r\n\t\t\t\t\t\t<h3 class=\"faq-item-question-text\">\u00bfC\u00f3mo agregar rese\u00f1as de Tripadvisor a mi sitio web de GoDaddy sin conocimientos de codificaci\u00f3n?<\/h3>\r\n\r\n\t\t\t\t\t\t<div class=\"faq-item-question-icon\"><\/div>\r\n\t\t\t\t\t<\/div>\r\n\r\n\t\t\t\t\t<div class=\"faq-item-answer\">\r\n\t\t\t\t\t\t<div class=\"faq-item-answer-text\"> <p>Elfsight proporciona una soluci\u00f3n SaaS que le permite crear un widget de rese\u00f1as de Tripadvisor usted mismo. Vea lo f\u00e1cil que es el proceso: trabaje directamente en el editor en l\u00ednea para crear un widget de rese\u00f1as de Tripadvisor que le gustar\u00eda ver en su sitio web de GoDaddy. Elija una de las plantillas predise\u00f1adas y ajuste la configuraci\u00f3n de Rese\u00f1as de Tripadvisor, agregue su contenido, cambie el dise\u00f1o y la combinaci\u00f3n de colores sin conocimientos de codificaci\u00f3n. Guarde las rese\u00f1as de Tripadvisor y copie su c\u00f3digo de instalaci\u00f3n, que puede simplemente agregar en su sitio web de GoDaddy sin necesidad de comprar un plan pago. Con nuestro editor intuitivo, cualquier usuario de Internet puede crear un widget de Rese\u00f1as para Tripadvisor en l\u00ednea e incrustarlo f\u00e1cilmente en su sitio web de GoDaddy. No es necesario pagar ni ingresar las credenciales de su tarjeta para acceder al servicio. Si tiene alg\u00fan problema en cualquier paso, no dude en ponerse en contacto con nuestro equipo de soporte t\u00e9cnico.<\/p> <\/div>\r\n\t\t\t\t\t<\/div>\r\n\t\t\t\t<\/div> <\/div> <\/div>","protected":false},"excerpt":{"rendered":"","protected":false},"author":9,"featured_media":0,"parent":1633,"menu_order":0,"comment_status":"closed","ping_status":"closed","template":"templates\/template-application-platform.php","meta":{"publish_to_discourse":"","publish_post_category":"","wpdc_auto_publish_overridden":"","wpdc_topic_tags":"","wpdc_pin_topic":"","wpdc_pin_until":"","discourse_post_id":"","discourse_permalink":"","wpdc_publishing_response":"","wpdc_publishing_error":"","footnotes":""},"class_list":["post-5474","page","type-page","status-publish","hentry"],"yoast_head":"<!-- This site is optimized with the Yoast SEO plugin v25.3.1 - https:\/\/yoast.com\/wordpress\/plugins\/seo\/ -->\n<title>Rese\u00f1as de Tripadvisor: agregue el complemento Rese\u00f1as al sitio web de GoDaddy.<\/title>\n<meta name=\"description\" content=\"Indique a su sitio web de GoDaddy que se puede confiar en su empresa utilizando el complemento Rese\u00f1as de Tripadvisor integrado en su sitio web.\" \/>\n<meta name=\"robots\" content=\"index, follow, max-snippet:-1, max-image-preview:large, max-video-preview:-1\" \/>\n<link rel=\"canonical\" href=\"https:\/\/elfsight.com\/es\/tripadvisor-reviews-widget\/godaddy\/\" \/>\n<meta property=\"og:locale\" content=\"es_ES\" \/>\n<meta property=\"og:type\" content=\"article\" \/>\n<meta property=\"og:title\" content=\"Rese\u00f1as de Tripadvisor: agregue el complemento Rese\u00f1as al sitio web de GoDaddy.\" \/>\n<meta property=\"og:description\" content=\"Indique a su sitio web de GoDaddy que se puede confiar en su empresa utilizando el complemento Rese\u00f1as de Tripadvisor integrado en su sitio web.\" \/>\n<meta property=\"og:url\" content=\"https:\/\/elfsight.com\/es\/tripadvisor-reviews-widget\/godaddy\/\" \/>\n<meta property=\"og:site_name\" content=\"Elfsight ES\" \/>\n<meta property=\"article:modified_time\" content=\"2025-02-06T16:18:02+00:00\" \/>\n<meta name=\"twitter:card\" content=\"summary_large_image\" \/>\n<meta name=\"twitter:label1\" content=\"Tiempo de lectura\" \/>\n\t<meta name=\"twitter:data1\" content=\"3 minutos\" \/>\n<!-- \/ Yoast SEO plugin. -->","yoast_head_json":{"title":"Rese\u00f1as de Tripadvisor: agregue el complemento Rese\u00f1as al sitio web de GoDaddy.","description":"Indique a su sitio web de GoDaddy que se puede confiar en su empresa utilizando el complemento Rese\u00f1as de Tripadvisor integrado en su sitio web.","robots":{"index":"index","follow":"follow","max-snippet":"max-snippet:-1","max-image-preview":"max-image-preview:large","max-video-preview":"max-video-preview:-1"},"canonical":"https:\/\/elfsight.com\/es\/tripadvisor-reviews-widget\/godaddy\/","og_locale":"es_ES","og_type":"article","og_title":"Rese\u00f1as de Tripadvisor: agregue el complemento Rese\u00f1as al sitio web de GoDaddy.","og_description":"Indique a su sitio web de GoDaddy que se puede confiar en su empresa utilizando el complemento Rese\u00f1as de Tripadvisor integrado en su sitio web.","og_url":"https:\/\/elfsight.com\/es\/tripadvisor-reviews-widget\/godaddy\/","og_site_name":"Elfsight ES","article_modified_time":"2025-02-06T16:18:02+00:00","twitter_card":"summary_large_image","twitter_misc":{"Tiempo de lectura":"3 minutos"},"schema":{"@context":"https:\/\/schema.org","@graph":[{"@type":"WebPage","@id":"https:\/\/elfsight.com\/es\/tripadvisor-reviews-widget\/godaddy\/","url":"https:\/\/elfsight.com\/es\/tripadvisor-reviews-widget\/godaddy\/","name":"Rese\u00f1as de Tripadvisor: agregue el complemento Rese\u00f1as al sitio web de GoDaddy.","isPartOf":{"@id":"https:\/\/elfsight.com\/es\/#website"},"datePublished":"1970-01-01T00:00:00+00:00","dateModified":"2025-02-06T16:18:02+00:00","description":"Indique a su sitio web de GoDaddy que se puede confiar en su empresa utilizando el complemento Rese\u00f1as de Tripadvisor integrado en su sitio web.","breadcrumb":{"@id":"https:\/\/elfsight.com\/es\/tripadvisor-reviews-widget\/godaddy\/#breadcrumb"},"inLanguage":"es","potentialAction":[{"@type":"ReadAction","target":["https:\/\/elfsight.com\/es\/tripadvisor-reviews-widget\/godaddy\/"]}]},{"@type":"BreadcrumbList","@id":"https:\/\/elfsight.com\/es\/tripadvisor-reviews-widget\/godaddy\/#breadcrumb","itemListElement":[{"@type":"ListItem","position":1,"name":"Home","item":"https:\/\/elfsight.com\/es\/"},{"@type":"ListItem","position":2,"name":"Tripadvisor Reviews","item":"https:\/\/elfsight.com\/es\/tripadvisor-reviews-widget\/"},{"@type":"ListItem","position":3,"name":"TripAdvisor Reviews &#8211; GoDaddy"}]},{"@type":"WebSite","@id":"https:\/\/elfsight.com\/es\/#website","url":"https:\/\/elfsight.com\/es\/","name":"Elfsight ES","description":"Just another Elfsight Sites site","potentialAction":[{"@type":"SearchAction","target":{"@type":"EntryPoint","urlTemplate":"https:\/\/elfsight.com\/es\/?s={search_term_string}"},"query-input":{"@type":"PropertyValueSpecification","valueRequired":true,"valueName":"search_term_string"}}],"inLanguage":"es"}]}},"meta_box":{"industry":"","seo_heading":"","heading":"","description":"","cta_heading":"","cta_description":"","application":"1632","h1":"Complemento de rese\u00f1as de Tripadvisor de GoDaddy","h1_caption":"El m\u00e9todo m\u00e1s sencillo para agregar comentarios de clientes de Tripadvisor en su sitio","application_category":[],"applications_title":"","applications_request_title":"","applications_request_button_text":"","hero_text":"","hero_video":"","hero_video_schema_markup":"","selling_points_title":"","selling_points_caption":"","selling_points":[],"selling_points_cta_text":"","features_title":"","features":"","ed_cta_examples_text":"","ed_cta_examples_hidden":"","ed_cta_demo_text":"","ed_cta_demo_hidden":"","why_caption":"","why_editor_title":"","why_editor_text":"","why_team_title":"","why_team_text":"","why_service_title":"","why_service_text":"","template_catalog_visible":"","template_catalog_title":"","template_catalog_text":"","template_catalog_categories_visible":"","demo_title":"Crea tu complemento de Rese\u00f1as de TripAdvisor","demo_caption":"\u00a1Configure sus rese\u00f1as de TripAdvisor y agr\u00e9guelas a su sitio web de GoDaddy gratis!","default_faq_hidden":"","app_template_category":[],"platform":"2183","template_public_id":"","codecanyon_url":"","codecanyon_item_id":"","codecanyon_price":"","pricing_caption":"","pricing_elfsight_apps_hide_column":"","pricing_elfsight_apps_url":"","pricing_codecanyon_price_caption":"","integration_category":[],"integration_request_title":"","integration_request_cta":"","integration_platform":"","integrations":[],"platform_category":[],"video_schema_markup":"","price":"desde $0 \/ mes","trial":"","benefits":[{"text":"Asistencia de instalaci\u00f3n gratuita"},{"text":"Atenci\u00f3n al cliente experimentada"},{"text":"Garant\u00eda de reembolso de 14 d\u00edas"},{"text":"Actualizaciones gratuitas continuas"}],"button_url":"#demo","button_target_blank":"","button_nofollow":"","attributes":[{"name":"Instalaciones","content":"10,000 - 100,000"},{"name":"Sensible","content":"S\u00ed"},{"name":"Navegadores compatibles","content":"IE11, Firefox, Safari, Opera, Chrome, Edge"}],"tags":[],"tags_disable_links":"","hide_more_platforms":"","video_object":"","demo_hide_cta":"","demo_hide_cloud_options":"","pricing_title":"","pricing":[{"pricing_icon":"platform","pricing_title":"Elfsight Apps","pricing_title_caption":"Soluci\u00f3n multiplataforma","pricing_price":"desde $0 \/ mes","pricing_price_caption":"comienza con el plan gratuito","pricing_benefits":[{"text":"Dominios ilimitados"},{"text":"Soporte profesional de la empresa y bien documentado."},{"text":"Soporte de instalaci\u00f3n gratuito"},{"text":"Dise\u00f1o flexible"}],"pricing_button_text":"A\u00f1adir al sitio web","pricing_button_url":"#demo"}],"related_apps_title":"","related_apps_hidden":"","author":"","image":[],"title":"","job":"","social_networks":[]},"_links":{"self":[{"href":"https:\/\/elfsight.com\/es\/wp-json\/wp\/v2\/pages\/5474","targetHints":{"allow":["GET"]}}],"collection":[{"href":"https:\/\/elfsight.com\/es\/wp-json\/wp\/v2\/pages"}],"about":[{"href":"https:\/\/elfsight.com\/es\/wp-json\/wp\/v2\/types\/page"}],"author":[{"embeddable":true,"href":"https:\/\/elfsight.com\/es\/wp-json\/wp\/v2\/users\/9"}],"replies":[{"embeddable":true,"href":"https:\/\/elfsight.com\/es\/wp-json\/wp\/v2\/comments?post=5474"}],"version-history":[{"count":2,"href":"https:\/\/elfsight.com\/es\/wp-json\/wp\/v2\/pages\/5474\/revisions"}],"predecessor-version":[{"id":19473,"href":"https:\/\/elfsight.com\/es\/wp-json\/wp\/v2\/pages\/5474\/revisions\/19473"}],"up":[{"embeddable":true,"href":"https:\/\/elfsight.com\/es\/wp-json\/wp\/v2\/pages\/1633"}],"wp:attachment":[{"href":"https:\/\/elfsight.com\/es\/wp-json\/wp\/v2\/media?parent=5474"}],"curies":[{"name":"wp","href":"https:\/\/api.w.org\/{rel}","templated":true}]}}