{"id":4607,"date":"2022-02-11T10:53:57","date_gmt":"2022-02-11T10:53:57","guid":{"rendered":"https:\/\/elfsight.com\/es\/?page_id=4607"},"modified":"2025-02-06T15:25:50","modified_gmt":"2025-02-06T15:25:50","slug":"woocommerce","status":"publish","type":"page","link":"https:\/\/elfsight.com\/es\/audio-player-widget\/woocommerce\/","title":{"rendered":"Audio Player &#8211; WooCommerce"},"content":{"rendered":"<div class=\"application-platform-content-item-description application-platform-content-item\" id=\"description\" data-nav-section=\"description\"><h2>Descripci\u00f3n<\/h2><p>Elfsight Audio Player es un complemento simple para WooCommerce que le permite reproducir pistas de audio directamente en su sitio web. El widget es sumamente modificable: puede cambiar su posici\u00f3n, configurarlo en cualquier lugar de la p\u00e1gina, cambiar su tama\u00f1o, cambiar el color del fondo y todas las dem\u00e1s partes para mezclarlo con el estilo de su sitio, usar un tema oscuro, mostrar im\u00e1genes y mostrar u ocultar otros cuatro elementos del reproductor como la barra de progreso, el t\u00edtulo y otros. Incluye tantas pistas como desees para entretener a tu audiencia, activa la reproducci\u00f3n autom\u00e1tica y no lo dudes: \u00a1tus usuarios no abandonar\u00e1n tu p\u00e1gina web inmediatamente!<\/p>.<p><b>Haz que tu sitio sea m\u00e1s eficiente para los objetivos de comercio electr\u00f3nico con Elfsight Audio Player<\/b><\/p><div class=\"faq\" data-component=\"FAQ\"> <div class=\"faq-item\">\r\n\t\t\t\t\t<div class=\"faq-item-question\">\r\n\t\t\t\t\t\t<h3 class=\"faq-item-question-text\">\u00bfQu\u00e9 otros widgets para WooCommerce tienes para ofrecer exactamente? <\/h3>\r\n\r\n\t\t\t\t\t\t<div class=\"faq-item-question-icon\"><\/div>\r\n\t\t\t\t\t<\/div>\r\n\r\n\t\t\t\t\t<div class=\"faq-item-answer\">\r\n\t\t\t\t\t\t<div class=\"faq-item-answer-text\"> <p>Podemos otorgarte una gran variedad de widgets para que puedas realizar cualquier tipo de tarea en tu sitio web. Por ejemplo, puede elegir <a href=\"https:\/\/elfsight.com\/instagram-feed-instashow\/woocommerce\/\">Instagram Feed<\/a> para presentar su negocio a trav\u00e9s de un feed interactivo, o <a href=\"https:\/\/elfsight.com\/whatsapp-chat-widget\/woocommerce\/\">WhatsApp Chat<\/a> para brindarle a su audiencia una herramienta familiar y f\u00e1cil de usar para comunicarse con usted. O puede ser una <a href=\"https:\/\/elfsight.com\/pricing-table-plugin\/woocommerce\/\">Tabla de precios<\/a> que le permitir\u00e1 presentar su pol\u00edtica de precios y una <a href=\"https:\/\/elfsight.com\/amazon-reviews-widget\/woocommerce\/\">Rese\u00f1as de Amazon<\/a> con rese\u00f1as de clientes encantados sobre su negocio. Y, por supuesto, siempre hay un lugar para el widget <a href=\"https:\/\/elfsight.com\/qr-code-widget\/woocommerce\/\">C\u00f3digo QR<\/a>.<\/p> <\/div>\r\n\t\t\t\t\t<\/div>\r\n\t\t\t\t<\/div> <div class=\"faq-item\">\r\n\t\t\t\t\t<div class=\"faq-item-question\">\r\n\t\t\t\t\t\t<h3 class=\"faq-item-question-text\">\u00bfDe qu\u00e9 manera puedo incrustar el complemento del reproductor de m\u00fasica WooCommerce en mi sitio web?<\/h3>\r\n\r\n\t\t\t\t\t\t<div class=\"faq-item-question-icon\"><\/div>\r\n\t\t\t\t\t<\/div>\r\n\r\n\t\t\t\t\t<div class=\"faq-item-answer\">\r\n\t\t\t\t\t\t<div class=\"faq-item-answer-text\"> <p>Puedes agregar el complemento del reproductor de m\u00fasica al tema de tu sitio web WooCommerce. Simplemente abra el tablero de administraci\u00f3n y realice las siguientes acciones: <\/p><ol><li>Haga clic en configuraci\u00f3n del tema. <\/li><li>Elija la parte donde desea agregar el reproductor de m\u00fasica. <\/li><li>Incruste el c\u00f3digo de Elfsight Apps y guarde sus modificaciones. <\/li><li>Terminado. <\/li><\/ol><p>Adem\u00e1s, puedes consultar <a href=\"https:\/\/elfsight.com\/tutorials\/how-to-embed-audio-player-on-any-website\/#how-to-add-music-player-to-woocommerce\">esta gu\u00eda<\/a> si necesitas instrucciones m\u00e1s detalladas sobre la instalaci\u00f3n del complemento WooCommerce.<\/p><p><\/div>\r\n\t\t\t\t\t<\/div>\r\n\t\t\t\t<\/div> <div class=\"faq-item\">\r\n\t\t\t\t\t<div class=\"faq-item-question\">\r\n\t\t\t\t\t\t<h3 class=\"faq-item-question-text\">\u00bfExiste alguna forma de ver el complemento WooCommerce Music Player en acci\u00f3n? <\/h3>\r\n\r\n\t\t\t\t\t\t<div class=\"faq-item-question-icon\"><\/div>\r\n\t\t\t\t\t<\/div>\r\n\r\n\t\t\t\t\t<div class=\"faq-item-answer\">\r\n\t\t\t\t\t\t<div class=\"faq-item-answer-text\"> <\/p><p>S\u00ed, puedes hacerlo directamente en la demostraci\u00f3n del widget. \u00a1Tenga en cuenta que puede crear y luego agregar el widget a su sitio WooCommerce directamente desde <a href=\"https:\/\/elfsight.com\/audio-player-widget\/#demo\">demo<\/a>!<\/p><\/div>\r\n\t\t\t\t\t<\/div>\r\n\t\t\t\t<\/div> <\/div><\/div> <div class=\"application-platform-content-item-features application-platform-content-item\" id=\"features\" data-nav-section=\"features\"><h2>Estos son solo algunos de los widgets enriquecidos caracter\u00edsticas:<\/h2><ul><li>Variaciones de color ilimitadas<\/li> <li>Tema de color oscuro\/claro<\/li> <li>Dise\u00f1o responsivo<\/li> <li>2 dise\u00f1os disponibles<\/li> <li>Una opci\u00f3n para agregar una imagen de fondo<\/li> <\/ul><p><a href=\"#demo\">Puedes probar la funcionalidad completa del widget en el demostraci\u00f3n<\/a><\/p><\/div><div class=\"application-platform-content-item-installation application-platform-content-item\" id=\"installation\" data-nav-section=\"installation\"><h2>\u00bfC\u00f3mo puedo incrustar Audio Player en mi sitio web WooCommerce?<\/h2><p>Simplemente siga varios pasos que se presentan a continuaci\u00f3n para integrar el complemento.<\/p><ol><li><b>Administrando nuestro editor gratuito, comience a darle forma a su widget personalizado.<\/b><br>Especifique la forma personalizada y las especificaciones de la herramienta y aplique el modificaciones.<\/li><li><b>Obtenga el c\u00f3digo \u00fanico que se muestra en el formulario especial en Elfsight Apps.<\/b><br>Tan pronto como finalice la personalizaci\u00f3n de su complemento, copie el c\u00f3digo exclusivo de la ventana que aparece y gu\u00e1rdelo para su uso posterior.<\/li><li><b>Comience a usar la herramienta en la p\u00e1gina WooCommerce.<\/b><br>Agregue el c\u00f3digo copiado recientemente en su p\u00e1gina de inicio y aplique las correcciones.<\/li><li><b>\u00a1Listo! La incrustaci\u00f3n se realiz\u00f3 exitosamente.<\/b><br>Vaya a su p\u00e1gina para ver el trabajo del widget.<\/li><\/ol><p>Si tiene alg\u00fan problema, no dude en buscar ayuda de nuestro equipo de soporte. Nuestros especialistas est\u00e1n ansiosos por resolver todas las dificultades que pueda tener con el widget.<\/p><\/div>","protected":false},"excerpt":{"rendered":"","protected":false},"author":18,"featured_media":0,"parent":481,"menu_order":0,"comment_status":"closed","ping_status":"closed","template":"templates\/template-application-platform.php","meta":{"publish_to_discourse":"","publish_post_category":"","wpdc_auto_publish_overridden":"","wpdc_topic_tags":"","wpdc_pin_topic":"","wpdc_pin_until":"","discourse_post_id":"","discourse_permalink":"","wpdc_publishing_response":"","wpdc_publishing_error":"","footnotes":""},"class_list":["post-4607","page","type-page","status-publish","hentry"],"yoast_head":"<!-- This site is optimized with the Yoast SEO plugin v25.3.1 - https:\/\/yoast.com\/wordpress\/plugins\/seo\/ -->\n<title>Audio Player - Insertar plugin de Reproductor de Audio al WooCommerce<\/title>\n<meta name=\"description\" content=\"Instala un widget hermoso de Audio Player en su sitio de WooCommerce. Lance la demo de Elfsight manejable y genere su plugin personalizado.\" \/>\n<meta name=\"robots\" content=\"index, follow, max-snippet:-1, max-image-preview:large, max-video-preview:-1\" \/>\n<link rel=\"canonical\" href=\"https:\/\/elfsight.com\/es\/audio-player-widget\/woocommerce\/\" \/>\n<meta property=\"og:locale\" content=\"es_ES\" \/>\n<meta property=\"og:type\" content=\"article\" \/>\n<meta property=\"og:title\" content=\"Audio Player - Insertar plugin de Reproductor de Audio al WooCommerce\" \/>\n<meta property=\"og:description\" content=\"Instala un widget hermoso de Audio Player en su sitio de WooCommerce. Lance la demo de Elfsight manejable y genere su plugin personalizado.\" \/>\n<meta property=\"og:url\" content=\"https:\/\/elfsight.com\/es\/audio-player-widget\/woocommerce\/\" \/>\n<meta property=\"og:site_name\" content=\"Elfsight ES\" \/>\n<meta property=\"article:modified_time\" content=\"2025-02-06T15:25:50+00:00\" \/>\n<meta name=\"twitter:card\" content=\"summary_large_image\" \/>\n<meta name=\"twitter:label1\" content=\"Tiempo de lectura\" \/>\n\t<meta name=\"twitter:data1\" content=\"1 minuto\" \/>\n<!-- \/ Yoast SEO plugin. -->","yoast_head_json":{"title":"Audio Player - Insertar plugin de Reproductor de Audio al WooCommerce","description":"Instala un widget hermoso de Audio Player en su sitio de WooCommerce. Lance la demo de Elfsight manejable y genere su plugin personalizado.","robots":{"index":"index","follow":"follow","max-snippet":"max-snippet:-1","max-image-preview":"max-image-preview:large","max-video-preview":"max-video-preview:-1"},"canonical":"https:\/\/elfsight.com\/es\/audio-player-widget\/woocommerce\/","og_locale":"es_ES","og_type":"article","og_title":"Audio Player - Insertar plugin de Reproductor de Audio al WooCommerce","og_description":"Instala un widget hermoso de Audio Player en su sitio de WooCommerce. Lance la demo de Elfsight manejable y genere su plugin personalizado.","og_url":"https:\/\/elfsight.com\/es\/audio-player-widget\/woocommerce\/","og_site_name":"Elfsight ES","article_modified_time":"2025-02-06T15:25:50+00:00","twitter_card":"summary_large_image","twitter_misc":{"Tiempo de lectura":"1 minuto"},"schema":{"@context":"https:\/\/schema.org","@graph":[{"@type":"WebPage","@id":"https:\/\/elfsight.com\/es\/audio-player-widget\/woocommerce\/","url":"https:\/\/elfsight.com\/es\/audio-player-widget\/woocommerce\/","name":"Audio Player - Insertar plugin de Reproductor de Audio al WooCommerce","isPartOf":{"@id":"https:\/\/elfsight.com\/es\/#website"},"datePublished":"2022-02-11T10:53:57+00:00","dateModified":"2025-02-06T15:25:50+00:00","description":"Instala un widget hermoso de Audio Player en su sitio de WooCommerce. Lance la demo de Elfsight manejable y genere su plugin personalizado.","breadcrumb":{"@id":"https:\/\/elfsight.com\/es\/audio-player-widget\/woocommerce\/#breadcrumb"},"inLanguage":"es","potentialAction":[{"@type":"ReadAction","target":["https:\/\/elfsight.com\/es\/audio-player-widget\/woocommerce\/"]}]},{"@type":"BreadcrumbList","@id":"https:\/\/elfsight.com\/es\/audio-player-widget\/woocommerce\/#breadcrumb","itemListElement":[{"@type":"ListItem","position":1,"name":"Home","item":"https:\/\/elfsight.com\/es\/"},{"@type":"ListItem","position":2,"name":"Audio Player","item":"https:\/\/elfsight.com\/es\/audio-player-widget\/"},{"@type":"ListItem","position":3,"name":"Audio Player &#8211; WooCommerce"}]},{"@type":"WebSite","@id":"https:\/\/elfsight.com\/es\/#website","url":"https:\/\/elfsight.com\/es\/","name":"Elfsight ES","description":"Just another Elfsight Sites site","potentialAction":[{"@type":"SearchAction","target":{"@type":"EntryPoint","urlTemplate":"https:\/\/elfsight.com\/es\/?s={search_term_string}"},"query-input":{"@type":"PropertyValueSpecification","valueRequired":true,"valueName":"search_term_string"}}],"inLanguage":"es"}]}},"meta_box":{"industry":"","seo_heading":"","heading":"","description":"","cta_heading":"","cta_description":"","application":"480","h1":"complemento de reproductor de audio para WooCommerce","h1_caption":"A\u00f1ada archivos de audio en todos los extensiones populares a su sitio","application_category":[],"applications_title":"","applications_request_title":"","applications_request_button_text":"","hero_text":"","hero_video":"","hero_video_schema_markup":"","selling_points_title":"","selling_points_caption":"","selling_points":[],"selling_points_cta_text":"","features_title":"","features":"","ed_cta_examples_text":"","ed_cta_examples_hidden":"","ed_cta_demo_text":"","ed_cta_demo_hidden":"","why_caption":"","why_editor_title":"","why_editor_text":"","why_team_title":"","why_team_text":"","why_service_title":"","why_service_text":"","template_catalog_visible":"","template_catalog_title":"","template_catalog_text":"","template_catalog_categories_visible":"","demo_title":"Crea tu aplicaci\u00f3n de reproductor de audio","demo_caption":"\u00a1Configure su reproductor de audio y agr\u00e9guelo a su sitio web WooCommerce gratis!","default_faq_hidden":"","app_template_category":[],"platform":"2311","template_public_id":"","codecanyon_url":"","codecanyon_item_id":"","codecanyon_price":"","pricing_caption":"","pricing_elfsight_apps_hide_column":"","pricing_elfsight_apps_url":"","pricing_codecanyon_price_caption":"","integration_category":[],"integration_request_title":"","integration_request_cta":"","integration_platform":"","integrations":[],"platform_category":[],"video_schema_markup":"","price":"desde $0 por mes","trial":"","benefits":[{"text":"Instalaci\u00f3n gratuita"},{"text":"Soporte Premium"},{"text":"14 d\u00edas garant\u00eda de reembolso"},{"text":"Actualizaciones regulares"}],"button_url":"#demo","button_target_blank":"0","button_nofollow":"0","attributes":[{"name":"Responsivo","content":"Si","_state":"expanded"},{"name":"Navegadores compatibles","content":"Firefox, Safari, Opera, Chrome, Edge","_state":"expanded"}],"tags":[],"tags_disable_links":"0","hide_more_platforms":"","video_object":"","demo_hide_cta":"0","demo_hide_cloud_options":"0","pricing_title":"","pricing":[{"pricing_icon":"platform","pricing_title":" Elfsight Apps","pricing_title_caption":"Soluci\u00f3n multiplataforma - valido para cualquier p\u00e1gina web","pricing_price":"desde $0 por mes","pricing_price_caption":"empezar con un plan gratuito","pricing_benefits":[{"text":"Sitios web ilimitados"},{"text":"Atenci\u00f3n al cliente gratuita y r\u00e1pida"},{"text":"Servicio de instalaci\u00f3n gratuito"},{"text":"Totalmente personalizable"}],"pricing_button_text":"Agregar al sitio web","pricing_button_url":"#demo","_state":"expanded"}],"related_apps_title":"","related_apps_hidden":"1","author":"","image":[],"title":"","job":"","social_networks":[]},"_links":{"self":[{"href":"https:\/\/elfsight.com\/es\/wp-json\/wp\/v2\/pages\/4607","targetHints":{"allow":["GET"]}}],"collection":[{"href":"https:\/\/elfsight.com\/es\/wp-json\/wp\/v2\/pages"}],"about":[{"href":"https:\/\/elfsight.com\/es\/wp-json\/wp\/v2\/types\/page"}],"author":[{"embeddable":true,"href":"https:\/\/elfsight.com\/es\/wp-json\/wp\/v2\/users\/18"}],"replies":[{"embeddable":true,"href":"https:\/\/elfsight.com\/es\/wp-json\/wp\/v2\/comments?post=4607"}],"version-history":[{"count":3,"href":"https:\/\/elfsight.com\/es\/wp-json\/wp\/v2\/pages\/4607\/revisions"}],"predecessor-version":[{"id":18272,"href":"https:\/\/elfsight.com\/es\/wp-json\/wp\/v2\/pages\/4607\/revisions\/18272"}],"up":[{"embeddable":true,"href":"https:\/\/elfsight.com\/es\/wp-json\/wp\/v2\/pages\/481"}],"wp:attachment":[{"href":"https:\/\/elfsight.com\/es\/wp-json\/wp\/v2\/media?parent=4607"}],"curies":[{"name":"wp","href":"https:\/\/api.w.org\/{rel}","templated":true}]}}