{"id":4599,"date":"2022-02-11T10:54:36","date_gmt":"2022-02-11T10:54:36","guid":{"rendered":"https:\/\/elfsight.com\/es\/?page_id=4599"},"modified":"2025-12-02T14:15:14","modified_gmt":"2025-12-02T14:15:14","slug":"webflow","status":"publish","type":"page","link":"https:\/\/elfsight.com\/es\/audio-player-widget\/webflow\/","title":{"rendered":"Audio Player &#8211; Webflow"},"content":{"rendered":"<div class=\"application-platform-content-item-description application-platform-content-item\" id=\"description\" data-nav-section=\"description\"> <h2>Incrustar Reproductor de Audio en Webflow con el widget de Elfsight<\/h2> <p>El Reproductor de M\u00fasica de Elfsight es un widget sencillo para sitios web de Webflow que te da la oportunidad de reproducir pistas de audio directamente en las p\u00e1ginas de tu sitio web. La herramienta es altamente personalizable: puedes cambiar su colocaci\u00f3n, integr\u00e1ndolo en cualquier parte de la p\u00e1gina, ajustar su tama\u00f1o, modificar el fondo y todos los dem\u00e1s elementos para combinarlo con el dise\u00f1o de tu sitio, usar un esquema de colores oscuros, mostrar im\u00e1genes y mostrar u ocultar 4 detalles adicionales del reproductor como la barra de progreso, el t\u00edtulo y muchos m\u00e1s. Sube tantas pistas como necesites para deleitar a tus usuarios, activa la opci\u00f3n de reproducci\u00f3n autom\u00e1tica y puedes estar seguro de que tus usuarios no abandonar\u00e1n tu p\u00e1gina web r\u00e1pidamente.<\/p> <p><b>Haz que tu sitio sea m\u00e1s eficiente para objetivos comerciales con la ayuda del widget de Audio de Elfsight<\/b><\/p> <div class=\"faq\" data-component=\"FAQ\"> <div class=\"faq-item\">\r\n\t\t\t\t\t<div class=\"faq-item-question\">\r\n\t\t\t\t\t\t<h3 class=\"faq-item-question-text\">\u00bfQu\u00e9 otros widgets para Webflow ofrecen?<\/h3>\r\n\r\n\t\t\t\t\t\t<div class=\"faq-item-question-icon\"><\/div>\r\n\t\t\t\t\t<\/div>\r\n\r\n\t\t\t\t\t<div class=\"faq-item-answer\">\r\n\t\t\t\t\t\t<div class=\"faq-item-answer-text\"> <p>Hay una gran variedad de widgets para que puedas cumplir con cualquier tarea en tu sitio web. Por ejemplo, puedes usar nuestro <a href=\"https:\/\/elfsight.com\/online-form-builder\/webflow\/\">Form Builder<\/a> o <a href=\"https:\/\/elfsight.com\/popup-widget\/webflow\/\">Popup<\/a> si tienes un sitio de ecommerce. Y, por supuesto, cualquier sitio web se beneficiar\u00e1 de nuestro atractivo y funcional <a href=\"https:\/\/elfsight.com\/instagram-feed-instashow\/webflow\/\">Instagram Feed<\/a> y <a href=\"https:\/\/elfsight.com\/slider-widget\/webflow\/\">Slider<\/a>. Y no te olvides de nuestro genial <a href=\"https:\/\/elfsight.com\/cookie-consent-widget\/webflow\/\">Cookie Consent<\/a>.<\/p> <\/div>\r\n\t\t\t\t\t<\/div>\r\n\t\t\t\t<\/div> <div class=\"faq-item\">\r\n\t\t\t\t\t<div class=\"faq-item-question\">\r\n\t\t\t\t\t\t<h3 class=\"faq-item-question-text\">\u00bfC\u00f3mo puedo incrustar el widget de Reproductor de M\u00fasica en mi sitio Webflow?<\/h3>\r\n\r\n\t\t\t\t\t\t<div class=\"faq-item-question-icon\"><\/div>\r\n\t\t\t\t\t<\/div>\r\n\r\n\t\t\t\t\t<div class=\"faq-item-answer\">\r\n\t\t\t\t\t\t<div class=\"faq-item-answer-text\"> <p><\/p><p>Puedes agregar el widget de Reproductor de M\u00fasica a tu sitio Webflow simplemente abriendo el panel de administraci\u00f3n y realizando las siguientes acciones:<\/p><ol><li>Ve a la configuraci\u00f3n de tu sitio web.<\/li><li>Selecciona el elemento donde vas a integrar el Reproductor de M\u00fasica.<\/li><li>Pega tu c\u00f3digo de Elfsight Apps y guarda los ajustes.<\/li><li>Todo listo.<\/li><\/ol><p>Aqu\u00ed en <a href=\"https:\/\/elfsight.com\/tutorials\/how-to-embed-audio-player-on-any-website\/#how-to-add-live-chat-to-webflow\">esta p\u00e1gina<\/a> encontrar\u00e1s una gu\u00eda detallada para instalar el widget en Webflow. Y av\u00edsanos si tienes alguna pregunta.<\/p> <\/div>\r\n\t\t\t\t\t<\/div>\r\n\t\t\t\t<\/div> <div class=\"faq-item\">\r\n\t\t\t\t\t<div class=\"faq-item-question\">\r\n\t\t\t\t\t\t<h3 class=\"faq-item-question-text\">\u00bfPuedo ver tu widget de Reproductor de M\u00fasica en acci\u00f3n en Webflow?<\/h3>\r\n\r\n\t\t\t\t\t\t<div class=\"faq-item-question-icon\"><\/div>\r\n\t\t\t\t\t<\/div>\r\n\r\n\t\t\t\t\t<div class=\"faq-item-answer\">\r\n\t\t\t\t\t\t<div class=\"faq-item-answer-text\"> <p>\u00a1Claro! Puedes verlo f\u00e1cilmente visitando <a href=\"https:\/\/elfsight.com\/audio-player-widget\/#demo\">esta p\u00e1gina<\/a> y usando nuestra demo en vivo que te permite ver c\u00f3mo lucir\u00e1 el widget y elegir sus caracter\u00edsticas funcionales junto con la plantilla m\u00e1s adecuada. \u00a1Por cierto, puedes agregar el widget a tu sitio Webflow directamente desde la demo!<\/p> <\/div>\r\n\t\t\t\t\t<\/div>\r\n\t\t\t\t<\/div> <\/div> <\/div> <div class=\"application-platform-content-item-features application-platform-content-item\" id=\"features\" data-nav-section=\"features\"> <h2>Consulta la lista de las caracter\u00edsticas m\u00e1s poderosas:<\/h2> <ul><li>Varias variaciones de color<\/li> <li>Esquema de color oscuro\/claro<\/li> <li>Dise\u00f1o responsivo<\/li> <li>2 dise\u00f1os listos para usar<\/li> <li>Posibilidad de a\u00f1adir una imagen de fondo<\/li> <\/ul><p><a href=\"#demo\">Puedes comprobar si el widget es para ti usando la demo<\/a><\/p> <\/div> <div class=\"application-platform-content-item-installation application-platform-content-item\" id=\"installation\" data-nav-section=\"installation\"> <h2>\u00bfC\u00f3mo incrustar el Reproductor de Audio en mi sitio Webflow?<\/h2> <div class=\"video-container\"><iframe allowfullscreen=\"\" frameborder=\"0\" height=\"405\" src=\"https:\/\/www.youtube.com\/embed\/g95M4DoygJk?si=uQsE4BjWKy-jkvzB\" width=\"720\"><\/iframe><\/div><p>Solo sigue las instrucciones a continuaci\u00f3n para activar el widget de m\u00fasica.<\/p> <ol><li><b>Utiliza nuestro configurador gratuito y comienza a crear tu widget personalizado.<\/b><br> Elige el dise\u00f1o y las caracter\u00edsticas funcionales del widget y realiza los ajustes.<\/li> <li><b>Recibe tu c\u00f3digo individual que aparecer\u00e1 en la ventana de Elfsight Apps.<\/b><br> Despu\u00e9s de que se termine la configuraci\u00f3n de tu widget, copia el c\u00f3digo personal que aparecer\u00e1 en la ventana y gu\u00e1rdalo para su uso futuro.<\/li> <li><b>Comienza a usar el Reproductor de M\u00fasica en la p\u00e1gina Webflow.<\/b><br> Implementa el c\u00f3digo que copiaste recientemente en tu p\u00e1gina y aplica los ajustes.<\/li> <li><b>\u00a1Listo! La integraci\u00f3n se ha completado.<\/b><br> Ve a tu p\u00e1gina web para comprobar c\u00f3mo funciona el widget.<\/li> <\/ol> <p>Si tienes preguntas o has tenido alg\u00fan problema, no dudes en ponerte en contacto con nuestro equipo de soporte. Nuestros especialistas estar\u00e1n encantados de resolver cualquier duda sobre el plugin.<\/p> <\/div>","protected":false},"excerpt":{"rendered":"","protected":false},"author":18,"featured_media":0,"parent":481,"menu_order":0,"comment_status":"closed","ping_status":"closed","template":"templates\/template-application-platform.php","meta":{"publish_to_discourse":"","publish_post_category":"","wpdc_auto_publish_overridden":"","wpdc_topic_tags":"","wpdc_pin_topic":"","wpdc_pin_until":"","discourse_post_id":"","discourse_permalink":"","wpdc_publishing_response":"","wpdc_publishing_error":"","footnotes":""},"class_list":["post-4599","page","type-page","status-publish","hentry"],"yoast_head":"<!-- This site is optimized with the Yoast SEO plugin v25.3.1 - https:\/\/yoast.com\/wordpress\/plugins\/seo\/ -->\n<title>Audio Player - Incorporar plugin de Reproductor de Audio al Webflow<\/title>\n<meta name=\"description\" content=\"Instala un widget atractivo de Audio Player en su sitio web de Webflow. Lance la demo de Elfsight f\u00e1cil de usar y genere su plugin propio.\" \/>\n<meta name=\"robots\" content=\"index, follow, max-snippet:-1, max-image-preview:large, max-video-preview:-1\" \/>\n<link rel=\"canonical\" href=\"https:\/\/elfsight.com\/es\/audio-player-widget\/webflow\/\" \/>\n<meta property=\"og:locale\" content=\"es_ES\" \/>\n<meta property=\"og:type\" content=\"article\" \/>\n<meta property=\"og:title\" content=\"Audio Player - Incorporar plugin de Reproductor de Audio al Webflow\" \/>\n<meta property=\"og:description\" content=\"Instala un widget atractivo de Audio Player en su sitio web de Webflow. Lance la demo de Elfsight f\u00e1cil de usar y genere su plugin propio.\" \/>\n<meta property=\"og:url\" content=\"https:\/\/elfsight.com\/es\/audio-player-widget\/webflow\/\" \/>\n<meta property=\"og:site_name\" content=\"Elfsight ES\" \/>\n<meta property=\"article:modified_time\" content=\"2025-12-02T14:15:14+00:00\" \/>\n<meta name=\"twitter:card\" content=\"summary_large_image\" \/>\n<meta name=\"twitter:label1\" content=\"Tiempo de lectura\" \/>\n\t<meta name=\"twitter:data1\" content=\"3 minutos\" \/>\n<!-- \/ Yoast SEO plugin. -->","yoast_head_json":{"title":"Audio Player - Incorporar plugin de Reproductor de Audio al Webflow","description":"Instala un widget atractivo de Audio Player en su sitio web de Webflow. Lance la demo de Elfsight f\u00e1cil de usar y genere su plugin propio.","robots":{"index":"index","follow":"follow","max-snippet":"max-snippet:-1","max-image-preview":"max-image-preview:large","max-video-preview":"max-video-preview:-1"},"canonical":"https:\/\/elfsight.com\/es\/audio-player-widget\/webflow\/","og_locale":"es_ES","og_type":"article","og_title":"Audio Player - Incorporar plugin de Reproductor de Audio al Webflow","og_description":"Instala un widget atractivo de Audio Player en su sitio web de Webflow. Lance la demo de Elfsight f\u00e1cil de usar y genere su plugin propio.","og_url":"https:\/\/elfsight.com\/es\/audio-player-widget\/webflow\/","og_site_name":"Elfsight ES","article_modified_time":"2025-12-02T14:15:14+00:00","twitter_card":"summary_large_image","twitter_misc":{"Tiempo de lectura":"3 minutos"},"schema":{"@context":"https:\/\/schema.org","@graph":[{"@type":"WebPage","@id":"https:\/\/elfsight.com\/es\/audio-player-widget\/webflow\/","url":"https:\/\/elfsight.com\/es\/audio-player-widget\/webflow\/","name":"Audio Player - Incorporar plugin de Reproductor de Audio al Webflow","isPartOf":{"@id":"https:\/\/elfsight.com\/es\/#website"},"datePublished":"2022-02-11T10:54:36+00:00","dateModified":"2025-12-02T14:15:14+00:00","description":"Instala un widget atractivo de Audio Player en su sitio web de Webflow. Lance la demo de Elfsight f\u00e1cil de usar y genere su plugin propio.","breadcrumb":{"@id":"https:\/\/elfsight.com\/es\/audio-player-widget\/webflow\/#breadcrumb"},"inLanguage":"es","potentialAction":[{"@type":"ReadAction","target":["https:\/\/elfsight.com\/es\/audio-player-widget\/webflow\/"]}]},{"@type":"BreadcrumbList","@id":"https:\/\/elfsight.com\/es\/audio-player-widget\/webflow\/#breadcrumb","itemListElement":[{"@type":"ListItem","position":1,"name":"Home","item":"https:\/\/elfsight.com\/es\/"},{"@type":"ListItem","position":2,"name":"Audio Player","item":"https:\/\/elfsight.com\/es\/audio-player-widget\/"},{"@type":"ListItem","position":3,"name":"Audio Player &#8211; Webflow"}]},{"@type":"WebSite","@id":"https:\/\/elfsight.com\/es\/#website","url":"https:\/\/elfsight.com\/es\/","name":"Elfsight ES","description":"Just another Elfsight Sites site","potentialAction":[{"@type":"SearchAction","target":{"@type":"EntryPoint","urlTemplate":"https:\/\/elfsight.com\/es\/?s={search_term_string}"},"query-input":{"@type":"PropertyValueSpecification","valueRequired":true,"valueName":"search_term_string"}}],"inLanguage":"es"}]}},"meta_box":{"industry":"","seo_heading":"","heading":"","description":"","cta_heading":"","cta_description":"","application":"480","h1":"complemento de reproductor de audio para Webflow","h1_caption":"Incrusta archivos de audio en todos los extensiones mundialmente conocidos a su p\u00e1gina","application_category":[],"applications_title":"","applications_request_title":"","applications_request_button_text":"","hero_text":"","hero_video":"","hero_video_schema_markup":"","selling_points_title":"","selling_points_caption":"","selling_points":[],"selling_points_cta_text":"","features_title":"","features":"","ed_cta_examples_text":"","ed_cta_examples_hidden":"","ed_cta_demo_text":"","ed_cta_demo_hidden":"","why_caption":"","why_editor_title":"","why_editor_text":"","why_team_title":"","why_team_text":"","why_service_title":"","why_service_text":"","template_catalog_visible":"0","template_catalog_title":"","template_catalog_text":"","template_catalog_categories_visible":"","demo_title":"Crea tu widget de reproductor de audio","demo_caption":"\u00a1Configure su reproductor de audio y agr\u00e9guelo a su sitio web Webflow gratis!","default_faq_hidden":"","app_template_category":[],"platform":"106","template_public_id":"","codecanyon_url":"","codecanyon_item_id":"","codecanyon_price":"","pricing_caption":"","pricing_elfsight_apps_hide_column":"","pricing_elfsight_apps_url":"","pricing_codecanyon_price_caption":"","integration_category":[],"integration_request_title":"","integration_request_cta":"","integration_platform":"","integrations":[],"platform_category":[],"video_schema_markup":"","price":"desde $0 por mes","trial":"","benefits":[{"text":"Instalaci\u00f3n gratuita"},{"text":"Soporte Premium"},{"text":"14 d\u00edas garant\u00eda de reembolso"},{"text":"Actualizaciones regulares"}],"button_url":"#demo","button_target_blank":"0","button_nofollow":"0","attributes":[{"name":"Responsivo","content":"Si","_state":"expanded"},{"name":"Navegadores compatibles","content":"Firefox, Safari, Opera, Chrome, Edge","_state":"expanded"}],"tags":[],"tags_disable_links":"0","hide_more_platforms":"0","video_object":"","demo_hide_cta":"0","demo_hide_cloud_options":"0","pricing_title":"","pricing":[{"pricing_icon":"platform","pricing_title":" Elfsight Apps","pricing_title_caption":"Soluci\u00f3n multiplataforma - valido para cualquier p\u00e1gina web","pricing_price":"desde $0 por mes","pricing_price_caption":"empezar con un plan gratuito","pricing_benefits":[{"text":"Sitios web ilimitados"},{"text":"Atenci\u00f3n al cliente gratuita y r\u00e1pida"},{"text":"Servicio de instalaci\u00f3n gratuito"},{"text":"Totalmente personalizable"}],"pricing_button_text":"Agregar al sitio web","pricing_button_url":"#demo","_state":"expanded"}],"related_apps_title":"","related_apps_hidden":"1","author":"","image":[],"title":"","job":"","social_networks":[]},"_links":{"self":[{"href":"https:\/\/elfsight.com\/es\/wp-json\/wp\/v2\/pages\/4599","targetHints":{"allow":["GET"]}}],"collection":[{"href":"https:\/\/elfsight.com\/es\/wp-json\/wp\/v2\/pages"}],"about":[{"href":"https:\/\/elfsight.com\/es\/wp-json\/wp\/v2\/types\/page"}],"author":[{"embeddable":true,"href":"https:\/\/elfsight.com\/es\/wp-json\/wp\/v2\/users\/18"}],"replies":[{"embeddable":true,"href":"https:\/\/elfsight.com\/es\/wp-json\/wp\/v2\/comments?post=4599"}],"version-history":[{"count":4,"href":"https:\/\/elfsight.com\/es\/wp-json\/wp\/v2\/pages\/4599\/revisions"}],"predecessor-version":[{"id":20004,"href":"https:\/\/elfsight.com\/es\/wp-json\/wp\/v2\/pages\/4599\/revisions\/20004"}],"up":[{"embeddable":true,"href":"https:\/\/elfsight.com\/es\/wp-json\/wp\/v2\/pages\/481"}],"wp:attachment":[{"href":"https:\/\/elfsight.com\/es\/wp-json\/wp\/v2\/media?parent=4599"}],"curies":[{"name":"wp","href":"https:\/\/api.w.org\/{rel}","templated":true}]}}