{"id":4597,"date":"2022-02-11T10:54:45","date_gmt":"2022-02-11T10:54:45","guid":{"rendered":"https:\/\/elfsight.com\/es\/?page_id=4597"},"modified":"2025-02-06T15:25:40","modified_gmt":"2025-02-06T15:25:40","slug":"squarespace","status":"publish","type":"page","link":"https:\/\/elfsight.com\/es\/audio-player-widget\/squarespace\/","title":{"rendered":"Audio Player &#8211; Squarespace"},"content":{"rendered":"<div class=\"application-platform-content-item-description application-platform-content-item\" id=\"description\" data-nav-section=\"description\"> <h2>Incrustar el Reproductor de Audio en Squarespace con el widget de Elfsight<\/h2> <p>El Reproductor de Audio de Elfsight es un plugin personalizado para sitios web de Squarespace que permite reproducir pistas de audio en tu p\u00e1gina web. La herramienta es totalmente ajustable: puedes cambiar su posici\u00f3n, coloc\u00e1ndolo en cualquier parte de la p\u00e1gina, ajustar su tama\u00f1o, modificar el fondo y todos los dem\u00e1s elementos para integrarlo con el estilo de tu sitio, aplicar un tema oscuro, mostrar portadas y mostrar u ocultar 4 partes adicionales del reproductor, como la barra de progreso, el t\u00edtulo, entre otros. Puedes subir tantas pistas como desees para deleitar a tus usuarios, activar la opci\u00f3n de reproducci\u00f3n autom\u00e1tica y estar seguro de que tus visitantes no abandonar\u00e1n tu p\u00e1gina de inicio con prisa.<\/p> <p><b>Haz que tu sitio web sea m\u00e1s exitoso para tareas comerciales con la ayuda del plugin de M\u00fasica de Elfsight<\/b><\/p> <div class=\"faq\" data-component=\"FAQ\"> <div class=\"faq-item\">\r\n\t\t\t\t\t<div class=\"faq-item-question\">\r\n\t\t\t\t\t\t<h3 class=\"faq-item-question-text\">\u00bfQu\u00e9 otros widgets para Squarespace tienes? <\/h3>\r\n\r\n\t\t\t\t\t\t<div class=\"faq-item-question-icon\"><\/div>\r\n\t\t\t\t\t<\/div>\r\n\r\n\t\t\t\t\t<div class=\"faq-item-answer\">\r\n\t\t\t\t\t\t<div class=\"faq-item-answer-text\"> <p>Puedes utilizar muchas aplicaciones para cualquier prop\u00f3sito en tu sitio web, independientemente de tu tipo de negocio. Por ejemplo, los due\u00f1os de sitios de ecommerce pueden utilizar nuestros <a href=\"https:\/\/elfsight.com\/google-reviews-widget\/squarespace\/\">Google Reviews<\/a>, <a href=\"https:\/\/elfsight.com\/countdown-timer-widget\/squarespace\/\">Cuenta regresiva<\/a> y <a href=\"https:\/\/elfsight.com\/qr-code-widget\/squarespace\/\">QR Code<\/a> para diversas tareas. Tambi\u00e9n tenemos <a href=\"https:\/\/elfsight.com\/whatsapp-chat-widget\/squarespace\/\">WhatsApp Chat<\/a> y <a href=\"https:\/\/elfsight.com\/event-calendar-widget\/squarespace\/\">Calendario de Eventos<\/a>.<\/p> <\/div>\r\n\t\t\t\t\t<\/div>\r\n\t\t\t\t<\/div> <div class=\"faq-item\">\r\n\t\t\t\t\t<div class=\"faq-item-question\">\r\n\t\t\t\t\t\t<h3 class=\"faq-item-question-text\">\u00bfC\u00f3mo incrusto el plugin de Reproductor de M\u00fasica en mi sitio de Squarespace? <\/h3>\r\n\r\n\t\t\t\t\t\t<div class=\"faq-item-question-icon\"><\/div>\r\n\t\t\t\t\t<\/div>\r\n\r\n\t\t\t\t\t<div class=\"faq-item-answer\">\r\n\t\t\t\t\t\t<div class=\"faq-item-answer-text\"> <p>Puedes agregar el plugin de Reproductor de M\u00fasica en tu sitio de Squarespace simplemente accediendo al panel de administraci\u00f3n y realizando las siguientes acciones: <\/p><ol><li>Selecciona la configuraci\u00f3n del tema.<\/li><li>Selecciona el elemento donde deseas integrar el plugin de Squarespace.<\/li><li>Pega el c\u00f3digo de Elfsight Apps y guarda las modificaciones.<\/li><li>As\u00ed de f\u00e1cil.<\/li><\/ol><p>Y no olvides revisar nuestra gu\u00eda detallada de instalaci\u00f3n <a href=\"https:\/\/elfsight.com\/tutorials\/how-to-embed-audio-player-on-any-website\/#how-to-add-music-player-to-squarespace\">aqu\u00ed<\/a>.<\/p><\/div>\r\n\t\t\t\t\t<\/div>\r\n\t\t\t\t<\/div> <div class=\"faq-item\">\r\n\t\t\t\t\t<div class=\"faq-item-question\">\r\n\t\t\t\t\t\t<h3 class=\"faq-item-question-text\">\u00bfPuedo ver tu plugin de Reproductor de M\u00fasica en acci\u00f3n? <\/h3>\r\n\r\n\t\t\t\t\t\t<div class=\"faq-item-question-icon\"><\/div>\r\n\t\t\t\t\t<\/div>\r\n\r\n\t\t\t\t\t<div class=\"faq-item-answer\">\r\n\t\t\t\t\t\t<div class=\"faq-item-answer-text\"> <p>S\u00ed, y es muy f\u00e1cil hacerlo, ya que tienes a tu disposici\u00f3n una <a href=\"https:\/\/elfsight.com\/audio-player-widget\/#demo\">demo en vivo<\/a>! Ten en cuenta que tambi\u00e9n puedes usarla para agregar el Reproductor de M\u00fasica a tu sitio de Squarespace.<\/p><\/div>\r\n\t\t\t\t\t<\/div>\r\n\t\t\t\t<\/div> <\/div><\/div> <div class=\"application-platform-content-item-features application-platform-content-item\" id=\"features\" data-nav-section=\"features\"> <h2>El widget incluye caracter\u00edsticas pr\u00e1cticas y r\u00e1pidas, algunas de ellas son:<\/h2> <ul><li>Numerosas variaciones de color<\/li> <li>Esquema de colores oscuro\/claro<\/li> <li>Dise\u00f1o responsivo<\/li> <li>Dos dise\u00f1os listos para usar<\/li> <li>Oportunidad de agregar una imagen de fondo<\/li> <\/ul><p><a href=\"#demo\">Explora todas las opciones de personalizaci\u00f3n en una demo 100% funcional<\/a><\/p> <\/div> <div class=\"application-platform-content-item-installation application-platform-content-item\" id=\"installation\" data-nav-section=\"installation\"> <h2>\u00bfC\u00f3mo incrusto el Reproductor de M\u00fasica personalizado en mi sitio web de Squarespace?<\/h2><div class=\"video-container\"><iframe width=\"720\" height=\"405\" src=\"https:\/\/www.youtube.com\/embed\/jGJ5GCRqc9U\" frameborder=\"0\" allowfullscreen=\"\"><\/iframe><\/div><p>Simplemente sigue las instrucciones a continuaci\u00f3n para agregar el plugin de audio.<\/p> <ol><li><b>Usa nuestra demo gratuita y comienza a crear tu widget personalizado.<\/b><br> Determina el dise\u00f1o y las caracter\u00edsticas funcionales preferidas del widget y realiza los ajustes.<\/li> <li><b>Recibe tu c\u00f3digo \u00fanico que aparecer\u00e1 en un formulario especial de Elfsight Apps.<\/b><br> Una vez que la personalizaci\u00f3n de tu herramienta personal est\u00e9 terminada, copia el c\u00f3digo exclusivo del popup que aparecer\u00e1 y gu\u00e1rdalo para futuras ocasiones.<\/li> <li><b>Comienza a usar el Reproductor de Audio en Squarespace.<\/b><br> Agrega el c\u00f3digo guardado recientemente en tu p\u00e1gina web y aplica los ajustes.<\/li> <li><b>\u00a1Listo! La incrustaci\u00f3n se ha completado.<\/b><br> Visita tu sitio para comprobar c\u00f3mo funciona el widget.<\/li> <\/ol> <p>Si tienes alguna pregunta o has tenido alg\u00fan problema, por favor contacta a nuestro equipo de soporte. Nuestros consultores estar\u00e1n encantados de resolver todas las dudas que tengas sobre el plugin.<\/p> <\/div>","protected":false},"excerpt":{"rendered":"","protected":false},"author":18,"featured_media":0,"parent":481,"menu_order":0,"comment_status":"closed","ping_status":"closed","template":"templates\/template-application-platform.php","meta":{"publish_to_discourse":"","publish_post_category":"","wpdc_auto_publish_overridden":"","wpdc_topic_tags":"","wpdc_pin_topic":"","wpdc_pin_until":"","discourse_post_id":"","discourse_permalink":"","wpdc_publishing_response":"","wpdc_publishing_error":"","footnotes":""},"class_list":["post-4597","page","type-page","status-publish","hentry"],"yoast_head":"<!-- This site is optimized with the Yoast SEO plugin v25.3.1 - https:\/\/yoast.com\/wordpress\/plugins\/seo\/ -->\n<title>Audio Player - Insertar plugin de Reproductor de Audio al Squarespace<\/title>\n<meta name=\"description\" content=\"Incrusta un widget atractivo de Audio Player en su sitio de Squarespace. Pruebe la demo de Elfsight intuitiva y genere su plugin personalizado.\" \/>\n<meta name=\"robots\" content=\"index, follow, max-snippet:-1, max-image-preview:large, max-video-preview:-1\" \/>\n<link rel=\"canonical\" href=\"https:\/\/elfsight.com\/es\/audio-player-widget\/squarespace\/\" \/>\n<meta property=\"og:locale\" content=\"es_ES\" \/>\n<meta property=\"og:type\" content=\"article\" \/>\n<meta property=\"og:title\" content=\"Audio Player - Insertar plugin de Reproductor de Audio al Squarespace\" \/>\n<meta property=\"og:description\" content=\"Incrusta un widget atractivo de Audio Player en su sitio de Squarespace. Pruebe la demo de Elfsight intuitiva y genere su plugin personalizado.\" \/>\n<meta property=\"og:url\" content=\"https:\/\/elfsight.com\/es\/audio-player-widget\/squarespace\/\" \/>\n<meta property=\"og:site_name\" content=\"Elfsight ES\" \/>\n<meta property=\"article:modified_time\" content=\"2025-02-06T15:25:40+00:00\" \/>\n<meta name=\"twitter:card\" content=\"summary_large_image\" \/>\n<meta name=\"twitter:label1\" content=\"Tiempo de lectura\" \/>\n\t<meta name=\"twitter:data1\" content=\"1 minuto\" \/>\n<!-- \/ Yoast SEO plugin. -->","yoast_head_json":{"title":"Audio Player - Insertar plugin de Reproductor de Audio al Squarespace","description":"Incrusta un widget atractivo de Audio Player en su sitio de Squarespace. Pruebe la demo de Elfsight intuitiva y genere su plugin personalizado.","robots":{"index":"index","follow":"follow","max-snippet":"max-snippet:-1","max-image-preview":"max-image-preview:large","max-video-preview":"max-video-preview:-1"},"canonical":"https:\/\/elfsight.com\/es\/audio-player-widget\/squarespace\/","og_locale":"es_ES","og_type":"article","og_title":"Audio Player - Insertar plugin de Reproductor de Audio al Squarespace","og_description":"Incrusta un widget atractivo de Audio Player en su sitio de Squarespace. Pruebe la demo de Elfsight intuitiva y genere su plugin personalizado.","og_url":"https:\/\/elfsight.com\/es\/audio-player-widget\/squarespace\/","og_site_name":"Elfsight ES","article_modified_time":"2025-02-06T15:25:40+00:00","twitter_card":"summary_large_image","twitter_misc":{"Tiempo de lectura":"1 minuto"},"schema":{"@context":"https:\/\/schema.org","@graph":[{"@type":"WebPage","@id":"https:\/\/elfsight.com\/es\/audio-player-widget\/squarespace\/","url":"https:\/\/elfsight.com\/es\/audio-player-widget\/squarespace\/","name":"Audio Player - Insertar plugin de Reproductor de Audio al Squarespace","isPartOf":{"@id":"https:\/\/elfsight.com\/es\/#website"},"datePublished":"2022-02-11T10:54:45+00:00","dateModified":"2025-02-06T15:25:40+00:00","description":"Incrusta un widget atractivo de Audio Player en su sitio de Squarespace. Pruebe la demo de Elfsight intuitiva y genere su plugin personalizado.","breadcrumb":{"@id":"https:\/\/elfsight.com\/es\/audio-player-widget\/squarespace\/#breadcrumb"},"inLanguage":"es","potentialAction":[{"@type":"ReadAction","target":["https:\/\/elfsight.com\/es\/audio-player-widget\/squarespace\/"]}]},{"@type":"BreadcrumbList","@id":"https:\/\/elfsight.com\/es\/audio-player-widget\/squarespace\/#breadcrumb","itemListElement":[{"@type":"ListItem","position":1,"name":"Home","item":"https:\/\/elfsight.com\/es\/"},{"@type":"ListItem","position":2,"name":"Audio Player","item":"https:\/\/elfsight.com\/es\/audio-player-widget\/"},{"@type":"ListItem","position":3,"name":"Audio Player &#8211; Squarespace"}]},{"@type":"WebSite","@id":"https:\/\/elfsight.com\/es\/#website","url":"https:\/\/elfsight.com\/es\/","name":"Elfsight ES","description":"Just another Elfsight Sites site","potentialAction":[{"@type":"SearchAction","target":{"@type":"EntryPoint","urlTemplate":"https:\/\/elfsight.com\/es\/?s={search_term_string}"},"query-input":{"@type":"PropertyValueSpecification","valueRequired":true,"valueName":"search_term_string"}}],"inLanguage":"es"}]}},"meta_box":{"industry":"","seo_heading":"","heading":"","description":"","cta_heading":"","cta_description":"","application":"480","h1":"complemento de reproductor de audio para Squarespace","h1_caption":"Inserte archivos de audio en todos los extensiones populares a su p\u00e1gina web","application_category":[],"applications_title":"","applications_request_title":"","applications_request_button_text":"","hero_text":"","hero_video":"","hero_video_schema_markup":"","selling_points_title":"","selling_points_caption":"","selling_points":[],"selling_points_cta_text":"","features_title":"","features":"","ed_cta_examples_text":"","ed_cta_examples_hidden":"","ed_cta_demo_text":"","ed_cta_demo_hidden":"","why_caption":"","why_editor_title":"","why_editor_text":"","why_team_title":"","why_team_text":"","why_service_title":"","why_service_text":"","template_catalog_visible":"","template_catalog_title":"","template_catalog_text":"","template_catalog_categories_visible":"","demo_title":"Crea tu complemento de reproductor de audio","demo_caption":"\u00a1Configura tu reproductor de audio y agr\u00e9galo a tu sitio web de Squarespace gratis!","default_faq_hidden":"","app_template_category":[],"platform":"100","template_public_id":"","codecanyon_url":"","codecanyon_item_id":"","codecanyon_price":"","pricing_caption":"","pricing_elfsight_apps_hide_column":"","pricing_elfsight_apps_url":"","pricing_codecanyon_price_caption":"","integration_category":[],"integration_request_title":"","integration_request_cta":"","integration_platform":"","integrations":[],"platform_category":[],"video_schema_markup":"","price":"desde $0 por mes","trial":"","benefits":[{"text":"Instalaci\u00f3n gratuita"},{"text":"Soporte Premium"},{"text":"14 d\u00edas garant\u00eda de reembolso"},{"text":"Actualizaciones regulares"}],"button_url":"#demo","button_target_blank":"0","button_nofollow":"0","attributes":[{"name":"Responsivo","content":"Si","_state":"expanded"},{"name":"Navegadores compatibles","content":"Firefox, Safari, Opera, Chrome, Edge","_state":"expanded"}],"tags":[],"tags_disable_links":"0","hide_more_platforms":"","video_object":"","demo_hide_cta":"0","demo_hide_cloud_options":"0","pricing_title":"","pricing":[{"pricing_icon":"platform","pricing_title":" Elfsight Apps","pricing_title_caption":"Soluci\u00f3n multiplataforma - valido para cualquier p\u00e1gina web","pricing_price":"desde $0 por mes","pricing_price_caption":"empezar con un plan gratuito","pricing_benefits":[{"text":"Sitios web ilimitados"},{"text":"Atenci\u00f3n al cliente gratuita y r\u00e1pida"},{"text":"Servicio de instalaci\u00f3n gratuito"},{"text":"Totalmente personalizable"}],"pricing_button_text":"Agregar al sitio web","pricing_button_url":"#demo","_state":"expanded"}],"related_apps_title":"","related_apps_hidden":"1","author":"","image":[],"title":"","job":"","social_networks":[]},"_links":{"self":[{"href":"https:\/\/elfsight.com\/es\/wp-json\/wp\/v2\/pages\/4597","targetHints":{"allow":["GET"]}}],"collection":[{"href":"https:\/\/elfsight.com\/es\/wp-json\/wp\/v2\/pages"}],"about":[{"href":"https:\/\/elfsight.com\/es\/wp-json\/wp\/v2\/types\/page"}],"author":[{"embeddable":true,"href":"https:\/\/elfsight.com\/es\/wp-json\/wp\/v2\/users\/18"}],"replies":[{"embeddable":true,"href":"https:\/\/elfsight.com\/es\/wp-json\/wp\/v2\/comments?post=4597"}],"version-history":[{"count":3,"href":"https:\/\/elfsight.com\/es\/wp-json\/wp\/v2\/pages\/4597\/revisions"}],"predecessor-version":[{"id":18268,"href":"https:\/\/elfsight.com\/es\/wp-json\/wp\/v2\/pages\/4597\/revisions\/18268"}],"up":[{"embeddable":true,"href":"https:\/\/elfsight.com\/es\/wp-json\/wp\/v2\/pages\/481"}],"wp:attachment":[{"href":"https:\/\/elfsight.com\/es\/wp-json\/wp\/v2\/media?parent=4597"}],"curies":[{"name":"wp","href":"https:\/\/api.w.org\/{rel}","templated":true}]}}