{"id":4595,"date":"2022-02-11T10:55:13","date_gmt":"2022-02-11T10:55:13","guid":{"rendered":"https:\/\/elfsight.com\/es\/?page_id=4595"},"modified":"2025-02-06T15:25:40","modified_gmt":"2025-02-06T15:25:40","slug":"shopify","status":"publish","type":"page","link":"https:\/\/elfsight.com\/es\/audio-player-widget\/shopify\/","title":{"rendered":"Audio Player &#8211; Shopify"},"content":{"rendered":"<div class=\"application-platform-content-item-description application-platform-content-item\" id=\"description\" data-nav-section=\"description\"> <h2>Incorporar el Reproductor de Audio en Shopify con el widget de Elfsight<\/h2> <p>El Reproductor de Audio de Elfsight es un widget sencillo para sitios web de Shopify que te permite transmitir pistas de audio en tu sitio web. La herramienta es extremadamente ajustable: puedes cambiar su posici\u00f3n, colocarlo en cualquier parte de la p\u00e1gina, cambiar su tama\u00f1o, pintar el fondo y todas las dem\u00e1s partes para combinarlo con el dise\u00f1o de tu sitio, emplear tema oscuro, mostrar im\u00e1genes y mostrar u ocultar cuatro partes adicionales del reproductor, como la barra de progreso, el t\u00edtulo y otras. Puedes cargar tantas pistas como desees para entretener a tus usuarios, activar la reproducci\u00f3n autom\u00e1tica y no dudes: tus visitantes no abandonar\u00e1n tu sitio r\u00e1pidamente. <\/p> <p><b>Con la aplicaci\u00f3n de M\u00fasica de Elfsight, experimenta un desarrollo empresarial activo y aumenta las ventas.<\/b><\/p> <div class=\"faq\" data-component=\"FAQ\"> <div class=\"faq-item\">\r\n\t\t\t\t\t<div class=\"faq-item-question\">\r\n\t\t\t\t\t\t<h3 class=\"faq-item-question-text\">\u00bfQu\u00e9 otras herramientas para Shopify puedo agregar a mi sitio?<\/h3>\r\n\r\n\t\t\t\t\t\t<div class=\"faq-item-question-icon\"><\/div>\r\n\t\t\t\t\t<\/div>\r\n\r\n\t\t\t\t\t<div class=\"faq-item-answer\">\r\n\t\t\t\t\t\t<div class=\"faq-item-answer-text\"> <p>Tienes libertad de probar una gran cantidad de widgets para cualquier prop\u00f3sito en tu sitio web, independientemente de tu sector de negocios. Por ejemplo, si tienes un negocio de comercio electr\u00f3nico, puedes usar nuestras <a href=\"https:\/\/elfsight.com\/google-reviews-widget\/shopify\/\">Opiniones de Google<\/a> o <a href=\"https:\/\/elfsight.com\/logo-showcase-widget\/shopify\/\">Muestra de Logotipos<\/a>. Tambi\u00e9n puedes mejorar tu sitio Shopify con el <a href=\"https:\/\/elfsight.com\/slider-widget\/shopify\/\">Widget de Carrusel<\/a>, <a href=\"https:\/\/elfsight.com\/instagram-feed-instashow\/shopify\/\">Feed de Instagram<\/a> y <a href=\"https:\/\/elfsight.com\/pdf-embed-widget\/shopify\/\">Incrustaci\u00f3n de PDF<\/a>.<\/p> <\/div>\r\n\t\t\t\t\t<\/div>\r\n\t\t\t\t<\/div> <div class=\"faq-item\">\r\n\t\t\t\t\t<div class=\"faq-item-question\">\r\n\t\t\t\t\t\t<h3 class=\"faq-item-question-text\">\u00bfC\u00f3mo agrego la aplicaci\u00f3n de Reproductor de M\u00fasica de Shopify a mi sitio? <\/h3>\r\n\r\n\t\t\t\t\t\t<div class=\"faq-item-question-icon\"><\/div>\r\n\t\t\t\t\t<\/div>\r\n\r\n\t\t\t\t\t<div class=\"faq-item-answer\">\r\n\t\t\t\t\t\t<div class=\"faq-item-answer-text\"> <p>Puedes incorporar f\u00e1cilmente la aplicaci\u00f3n de Reproductor de M\u00fasica en tu sitio Shopify. Simplemente abre el panel de administraci\u00f3n y sigue estos pasos: <\/p><ol><li>Selecciona los ajustes del tema. <\/li><li>Elige el bloque donde deseas integrar el Reproductor de M\u00fasica. <\/li><li>Agrega el c\u00f3digo de Elfsight Apps a tu sitio Shopify y guarda los cambios. <\/li><li>As\u00ed de f\u00e1cil. <\/li><\/ol><p>Adem\u00e1s, puedes consultar la gu\u00eda de instalaci\u00f3n m\u00e1s detallada en <a href=\"https:\/\/elfsight.com\/tutorials\/how-to-embed-audio-player-on-any-website\/#how-to-add-music%20player-to-shopify\">esta p\u00e1gina<\/a>. Y av\u00edsanos si algo no funciona correctamente.<\/p><\/div>\r\n\t\t\t\t\t<\/div>\r\n\t\t\t\t<\/div> <div class=\"faq-item\">\r\n\t\t\t\t\t<div class=\"faq-item-question\">\r\n\t\t\t\t\t\t<h3 class=\"faq-item-question-text\">\u00bfC\u00f3mo puedo probar la aplicaci\u00f3n de Reproductor de M\u00fasica de Shopify?<\/h3>\r\n\r\n\t\t\t\t\t\t<div class=\"faq-item-question-icon\"><\/div>\r\n\t\t\t\t\t<\/div>\r\n\r\n\t\t\t\t\t<div class=\"faq-item-answer\">\r\n\t\t\t\t\t\t<div class=\"faq-item-answer-text\"> <p>Simplemente utiliza nuestra demo gratuita que puedes observar y probar <a href=\"https:\/\/elfsight.com\/audio-player-widget\/#demo\">aqu\u00ed mismo<\/a>. Adem\u00e1s, puedes usar la demo para agregar el Reproductor de M\u00fasica a tu sitio Shopify! <\/p><\/div>\r\n\t\t\t\t\t<\/div>\r\n\t\t\t\t<\/div> <\/div><\/div> <div class=\"application-platform-content-item-features application-platform-content-item\" id=\"features\" data-nav-section=\"features\"> <h2>Estas son solo algunas de las m\u00faltiples caracter\u00edsticas del widget:<\/h2> <ul><li>Alteraciones ilimitadas de color<\/li> <li>Esquema de color oscuro\/claro<\/li> <li>Dise\u00f1o responsivo<\/li> <li>Dos dise\u00f1os listos para usar<\/li> <li>Oportunidad de usar una imagen de fondo<\/li> <\/ul><p><a href=\"#demo\">Examina todas las configuraciones en la demo completamente funcional<\/a><\/p> <\/div><div class=\"application-platform-content-item-installation application-platform-content-item\" id=\"installation\" data-nav-section=\"installation\"> <h2>\u00bfC\u00f3mo agregar el Reproductor de M\u00fasica a mi sitio Shopify?<\/h2> <div class=\"video-container\"><iframe width=\"720\" height=\"405\" src=\"https:\/\/www.youtube.com\/embed\/URs1MB-Benw\" frameborder=\"0\" allowfullscreen=\"\"><\/iframe><\/div><p>Simplemente sigue un par de pasos que se detallan a continuaci\u00f3n para activar la aplicaci\u00f3n de audio.<\/p> <ol><li><b>Gestiona nuestra demo gratuita y comienza a formar tu aplicaci\u00f3n \u00fanica. <\/b><br> Encuentra el formulario personalizado y las caracter\u00edsticas funcionales de la aplicaci\u00f3n y aplica todas las correcciones. <\/li>  <li><b>Obt\u00e9n el c\u00f3digo \u00fanico que aparece en la ventana emergente de Elfsight Apps. <\/b><br> Despu\u00e9s de personalizar tu aplicaci\u00f3n, copia el c\u00f3digo en el popup que aparecer\u00e1 y gu\u00e1rdalo para su uso posterior. <\/li>  <li><b>Empieza a usar la aplicaci\u00f3n en tu sitio Shopify. <\/b><br> Integra el c\u00f3digo que guardaste recientemente en tu p\u00e1gina y guarda los cambios. <\/li>  <li><b>\u00a1Listo! La integraci\u00f3n se realiz\u00f3 con \u00e9xito. <\/b><br> Visita tu sitio para ver c\u00f3mo funciona la aplicaci\u00f3n. <\/li><\/ol><p>Si tienes preguntas o experimentas alg\u00fan problema, no dudes en contactar con nuestro personal de atenci\u00f3n al cliente. Nuestros consultores estar\u00e1n encantados de ayudarte con todas las dudas que puedas tener sobre la herramienta.<\/p> <\/div>","protected":false},"excerpt":{"rendered":"","protected":false},"author":18,"featured_media":0,"parent":481,"menu_order":0,"comment_status":"closed","ping_status":"closed","template":"templates\/template-application-platform.php","meta":{"publish_to_discourse":"","publish_post_category":"","wpdc_auto_publish_overridden":"","wpdc_topic_tags":"","wpdc_pin_topic":"","wpdc_pin_until":"","discourse_post_id":"","discourse_permalink":"","wpdc_publishing_response":"","wpdc_publishing_error":"","footnotes":""},"class_list":["post-4595","page","type-page","status-publish","hentry"],"yoast_head":"<!-- This site is optimized with the Yoast SEO plugin v25.3.1 - https:\/\/yoast.com\/wordpress\/plugins\/seo\/ -->\n<title>Audio Player - Embeber app de Reproductor de Audio al Shopify<\/title>\n<meta name=\"description\" content=\"A\u00f1ade un widget interactivo de Audio Player en su sitio web de Shopify. Aplique la demo de Elfsight intuitiva y construe su app \u00fanico.\" \/>\n<meta name=\"robots\" content=\"index, follow, max-snippet:-1, max-image-preview:large, max-video-preview:-1\" \/>\n<link rel=\"canonical\" href=\"https:\/\/elfsight.com\/es\/audio-player-widget\/shopify\/\" \/>\n<meta property=\"og:locale\" content=\"es_ES\" \/>\n<meta property=\"og:type\" content=\"article\" \/>\n<meta property=\"og:title\" content=\"Audio Player - Embeber app de Reproductor de Audio al Shopify\" \/>\n<meta property=\"og:description\" content=\"A\u00f1ade un widget interactivo de Audio Player en su sitio web de Shopify. Aplique la demo de Elfsight intuitiva y construe su app \u00fanico.\" \/>\n<meta property=\"og:url\" content=\"https:\/\/elfsight.com\/es\/audio-player-widget\/shopify\/\" \/>\n<meta property=\"og:site_name\" content=\"Elfsight ES\" \/>\n<meta property=\"article:modified_time\" content=\"2025-02-06T15:25:40+00:00\" \/>\n<meta name=\"twitter:card\" content=\"summary_large_image\" \/>\n<meta name=\"twitter:label1\" content=\"Tiempo de lectura\" \/>\n\t<meta name=\"twitter:data1\" content=\"1 minuto\" \/>\n<!-- \/ Yoast SEO plugin. -->","yoast_head_json":{"title":"Audio Player - Embeber app de Reproductor de Audio al Shopify","description":"A\u00f1ade un widget interactivo de Audio Player en su sitio web de Shopify. Aplique la demo de Elfsight intuitiva y construe su app \u00fanico.","robots":{"index":"index","follow":"follow","max-snippet":"max-snippet:-1","max-image-preview":"max-image-preview:large","max-video-preview":"max-video-preview:-1"},"canonical":"https:\/\/elfsight.com\/es\/audio-player-widget\/shopify\/","og_locale":"es_ES","og_type":"article","og_title":"Audio Player - Embeber app de Reproductor de Audio al Shopify","og_description":"A\u00f1ade un widget interactivo de Audio Player en su sitio web de Shopify. Aplique la demo de Elfsight intuitiva y construe su app \u00fanico.","og_url":"https:\/\/elfsight.com\/es\/audio-player-widget\/shopify\/","og_site_name":"Elfsight ES","article_modified_time":"2025-02-06T15:25:40+00:00","twitter_card":"summary_large_image","twitter_misc":{"Tiempo de lectura":"1 minuto"},"schema":{"@context":"https:\/\/schema.org","@graph":[{"@type":"WebPage","@id":"https:\/\/elfsight.com\/es\/audio-player-widget\/shopify\/","url":"https:\/\/elfsight.com\/es\/audio-player-widget\/shopify\/","name":"Audio Player - Embeber app de Reproductor de Audio al Shopify","isPartOf":{"@id":"https:\/\/elfsight.com\/es\/#website"},"datePublished":"2022-02-11T10:55:13+00:00","dateModified":"2025-02-06T15:25:40+00:00","description":"A\u00f1ade un widget interactivo de Audio Player en su sitio web de Shopify. Aplique la demo de Elfsight intuitiva y construe su app \u00fanico.","breadcrumb":{"@id":"https:\/\/elfsight.com\/es\/audio-player-widget\/shopify\/#breadcrumb"},"inLanguage":"es","potentialAction":[{"@type":"ReadAction","target":["https:\/\/elfsight.com\/es\/audio-player-widget\/shopify\/"]}]},{"@type":"BreadcrumbList","@id":"https:\/\/elfsight.com\/es\/audio-player-widget\/shopify\/#breadcrumb","itemListElement":[{"@type":"ListItem","position":1,"name":"Home","item":"https:\/\/elfsight.com\/es\/"},{"@type":"ListItem","position":2,"name":"Audio Player","item":"https:\/\/elfsight.com\/es\/audio-player-widget\/"},{"@type":"ListItem","position":3,"name":"Audio Player &#8211; Shopify"}]},{"@type":"WebSite","@id":"https:\/\/elfsight.com\/es\/#website","url":"https:\/\/elfsight.com\/es\/","name":"Elfsight ES","description":"Just another Elfsight Sites site","potentialAction":[{"@type":"SearchAction","target":{"@type":"EntryPoint","urlTemplate":"https:\/\/elfsight.com\/es\/?s={search_term_string}"},"query-input":{"@type":"PropertyValueSpecification","valueRequired":true,"valueName":"search_term_string"}}],"inLanguage":"es"}]}},"meta_box":{"industry":"","seo_heading":"","heading":"","description":"","cta_heading":"","cta_description":"","application":"480","h1":"aplicaci\u00f3n de reproductor de audio para Shopify","h1_caption":"A\u00f1ada archivos de audio en todos los formatos populares a su sitio","application_category":[],"applications_title":"","applications_request_title":"","applications_request_button_text":"","hero_text":"","hero_video":"","hero_video_schema_markup":"","selling_points_title":"","selling_points_caption":"","selling_points":[],"selling_points_cta_text":"","features_title":"","features":"","ed_cta_examples_text":"","ed_cta_examples_hidden":"","ed_cta_demo_text":"","ed_cta_demo_hidden":"","why_caption":"","why_editor_title":"","why_editor_text":"","why_team_title":"","why_team_text":"","why_service_title":"","why_service_text":"","template_catalog_visible":"","template_catalog_title":"","template_catalog_text":"","template_catalog_categories_visible":"","demo_title":"Crea tu aplicaci\u00f3n de reproductor de audio","demo_caption":"\u00a1Configura tu reproductor de audio y agr\u00e9galo a tu sitio web Shopify gratis!","default_faq_hidden":"","app_template_category":[],"platform":"91","template_public_id":"","codecanyon_url":"","codecanyon_item_id":"","codecanyon_price":"","pricing_caption":"","pricing_elfsight_apps_hide_column":"","pricing_elfsight_apps_url":"","pricing_codecanyon_price_caption":"","integration_category":[],"integration_request_title":"","integration_request_cta":"","integration_platform":"","integrations":[],"platform_category":[],"video_schema_markup":"","price":"desde $0 por mes","trial":"","benefits":[{"text":"Instalaci\u00f3n gratuita"},{"text":"Soporte Premium"},{"text":"14 d\u00edas garant\u00eda de reembolso"},{"text":"Actualizaciones regulares"}],"button_url":"#demo","button_target_blank":"0","button_nofollow":"0","attributes":[{"name":"Responsivo","content":"Si","_state":"expanded"},{"name":"Navegadores compatibles","content":"Firefox, Safari, Opera, Chrome, Edge","_state":"expanded"}],"tags":[],"tags_disable_links":"0","hide_more_platforms":"","video_object":"","demo_hide_cta":"0","demo_hide_cloud_options":"0","pricing_title":"","pricing":[{"pricing_icon":"platform","pricing_title":" Elfsight Apps","pricing_title_caption":"Soluci\u00f3n multiplataforma - valido para cualquier p\u00e1gina web","pricing_price":"desde $0 por mes","pricing_price_caption":"empezar con un plan gratuito","pricing_benefits":[{"text":"Sitios web ilimitados"},{"text":"Atenci\u00f3n al cliente gratuita y r\u00e1pida"},{"text":"Servicio de instalaci\u00f3n gratuito"},{"text":"Totalmente personalizable"}],"pricing_button_text":"Agregar al sitio web","pricing_button_url":"#demo","_state":"expanded"}],"related_apps_title":"","related_apps_hidden":"1","author":"","image":[],"title":"","job":"","social_networks":[]},"_links":{"self":[{"href":"https:\/\/elfsight.com\/es\/wp-json\/wp\/v2\/pages\/4595","targetHints":{"allow":["GET"]}}],"collection":[{"href":"https:\/\/elfsight.com\/es\/wp-json\/wp\/v2\/pages"}],"about":[{"href":"https:\/\/elfsight.com\/es\/wp-json\/wp\/v2\/types\/page"}],"author":[{"embeddable":true,"href":"https:\/\/elfsight.com\/es\/wp-json\/wp\/v2\/users\/18"}],"replies":[{"embeddable":true,"href":"https:\/\/elfsight.com\/es\/wp-json\/wp\/v2\/comments?post=4595"}],"version-history":[{"count":3,"href":"https:\/\/elfsight.com\/es\/wp-json\/wp\/v2\/pages\/4595\/revisions"}],"predecessor-version":[{"id":18267,"href":"https:\/\/elfsight.com\/es\/wp-json\/wp\/v2\/pages\/4595\/revisions\/18267"}],"up":[{"embeddable":true,"href":"https:\/\/elfsight.com\/es\/wp-json\/wp\/v2\/pages\/481"}],"wp:attachment":[{"href":"https:\/\/elfsight.com\/es\/wp-json\/wp\/v2\/media?parent=4595"}],"curies":[{"name":"wp","href":"https:\/\/api.w.org\/{rel}","templated":true}]}}