{"id":4593,"date":"2022-02-11T10:53:29","date_gmt":"2022-02-11T10:53:29","guid":{"rendered":"https:\/\/elfsight.com\/es\/?page_id=4593"},"modified":"2025-02-06T15:25:59","modified_gmt":"2025-02-06T15:25:59","slug":"opencart","status":"publish","type":"page","link":"https:\/\/elfsight.com\/es\/audio-player-widget\/opencart\/","title":{"rendered":"Audio Player &#8211; OpenCart"},"content":{"rendered":"<div class=\"application-platform-content-item-description application-platform-content-item\" id=\"description\" data-nav-section=\"description\"> <h2>Descripci\u00f3n<\/h2> <p>Elfsight Audio Player es un widget sencillo para sitios web OpenCart que le permite reproducir pistas de audio directamente en su p\u00e1gina web. El complemento es enormemente personalizable: puede cambiar su posici\u00f3n, insertarlo en cualquier lugar de la p\u00e1gina, escalar su tama\u00f1o, cambiar el color del fondo y todos los dem\u00e1s elementos para mezclarlos con el dise\u00f1o de su sitio web, emplear una combinaci\u00f3n de colores oscuros, mostrar portadas y mostrar u ocultar otros cuatro detalles del reproductor como la barra de progreso, el t\u00edtulo y muchos m\u00e1s. Puede cargar tantas pistas como necesite para atraer a sus visitantes, active la opci\u00f3n de reproducci\u00f3n autom\u00e1tica y no lo dude: \u00a1su audiencia no abandonar\u00e1 su sitio web inmediatamente!<\/p> <p><b>\u00a1Inicie la extensi\u00f3n Elfsight Audio para alcanzar sus desaf\u00edos comerciales m\u00e1s r\u00e1pido! <\/b><\/p> <\/div> <div class=\"application-platform-content-item-features application-platform-content-item\" id=\"features\" data-nav-section=\"features\"> <h2>El widget ofrece funciones pr\u00e1cticas y sencillas. Vea algunas de ellas:<\/h2> <ul><li>Numerosas variaciones de color<\/li> <li>Esquema de colores oscuros\/claros<\/li> <li>Dise\u00f1o adaptable<\/li> <li>2 dise\u00f1os disponibles<\/li> <li>Una opci\u00f3n para agregar imagen de fondo<\/li> <\/ul><p><a href=\"#demo\">Pruebe todas las configuraciones en una demostraci\u00f3n con todas las funciones<\/a><\/p> <\/div> <div class=\"application-platform-content-item-installation application-platform-content-item\" id=\"installation\" data-nav-section=\"installation\"> <h2>\u00bfC\u00f3mo incorporo Music Player en mi sitio web OpenCart?<\/h2> <p>Simplemente siga los siguientes pasos que se detallan a continuaci\u00f3n para activar la extensi\u00f3n.<\/p> <ol><li><b>Abra nuestro configurador gratuito y comience a crear su extensi\u00f3n personalizada. <\/b><br> Especifique la disposici\u00f3n seleccionada y las caracter\u00edsticas de la extensi\u00f3n y guarde todas las ediciones. <\/li> <li><b>Adquiera su c\u00f3digo personal demostrado en el formulario especial en Elfsight Apps. <\/b><br> Inmediatamente despu\u00e9s de personalizar su extensi\u00f3n personal, copie el c\u00f3digo personal en el cuadro que aparece y gu\u00e1rdelo para usarlo en el futuro. <\/li> <li><b>Comience a utilizar la extensi\u00f3n en el sitio OpenCart. <\/b><br> Introduce el c\u00f3digo copiado anteriormente en tu sitio web y guarda las modificaciones. <\/li> <li><b>La instalaci\u00f3n finaliz\u00f3 exitosamente. <\/b><br> Abra su sitio para observar el rendimiento de la extensi\u00f3n. <\/li><\/ol><p>En caso de enfrentar preguntas o enfrentar cualquier problema, no dude en buscar ayuda de nuestro personal de soporte. Nuestros consultores est\u00e1n ansiosos por ayudarlo con todas las preguntas que pueda tener sobre la herramienta. <\/p> <\/div>","protected":false},"excerpt":{"rendered":"","protected":false},"author":18,"featured_media":0,"parent":481,"menu_order":0,"comment_status":"closed","ping_status":"closed","template":"templates\/template-application-platform.php","meta":{"publish_to_discourse":"","publish_post_category":"","wpdc_auto_publish_overridden":"","wpdc_topic_tags":"","wpdc_pin_topic":"","wpdc_pin_until":"","discourse_post_id":"","discourse_permalink":"","wpdc_publishing_response":"","wpdc_publishing_error":"","footnotes":""},"class_list":["post-4593","page","type-page","status-publish","hentry"],"yoast_head":"<!-- This site is optimized with the Yoast SEO plugin v25.3.1 - https:\/\/yoast.com\/wordpress\/plugins\/seo\/ -->\n<title>Audio Player - Integrar plugin de Reproductor de Audio al OpenCart<\/title>\n<meta name=\"description\" content=\"A\u00f1ade un module interactivo de Audio Player en su sitio web de OpenCart. Use la demo de Elfsight f\u00e1cil de usar y cree su plugin \u00fanico.\" \/>\n<meta name=\"robots\" content=\"index, follow, max-snippet:-1, max-image-preview:large, max-video-preview:-1\" \/>\n<link rel=\"canonical\" href=\"https:\/\/elfsight.com\/es\/audio-player-widget\/opencart\/\" \/>\n<meta property=\"og:locale\" content=\"es_ES\" \/>\n<meta property=\"og:type\" content=\"article\" \/>\n<meta property=\"og:title\" content=\"Audio Player - Integrar plugin de Reproductor de Audio al OpenCart\" \/>\n<meta property=\"og:description\" content=\"A\u00f1ade un module interactivo de Audio Player en su sitio web de OpenCart. Use la demo de Elfsight f\u00e1cil de usar y cree su plugin \u00fanico.\" \/>\n<meta property=\"og:url\" content=\"https:\/\/elfsight.com\/es\/audio-player-widget\/opencart\/\" \/>\n<meta property=\"og:site_name\" content=\"Elfsight ES\" \/>\n<meta property=\"article:modified_time\" content=\"2025-02-06T15:25:59+00:00\" \/>\n<meta name=\"twitter:card\" content=\"summary_large_image\" \/>\n<meta name=\"twitter:label1\" content=\"Tiempo de lectura\" \/>\n\t<meta name=\"twitter:data1\" content=\"1 minuto\" \/>\n<!-- \/ Yoast SEO plugin. -->","yoast_head_json":{"title":"Audio Player - Integrar plugin de Reproductor de Audio al OpenCart","description":"A\u00f1ade un module interactivo de Audio Player en su sitio web de OpenCart. Use la demo de Elfsight f\u00e1cil de usar y cree su plugin \u00fanico.","robots":{"index":"index","follow":"follow","max-snippet":"max-snippet:-1","max-image-preview":"max-image-preview:large","max-video-preview":"max-video-preview:-1"},"canonical":"https:\/\/elfsight.com\/es\/audio-player-widget\/opencart\/","og_locale":"es_ES","og_type":"article","og_title":"Audio Player - Integrar plugin de Reproductor de Audio al OpenCart","og_description":"A\u00f1ade un module interactivo de Audio Player en su sitio web de OpenCart. Use la demo de Elfsight f\u00e1cil de usar y cree su plugin \u00fanico.","og_url":"https:\/\/elfsight.com\/es\/audio-player-widget\/opencart\/","og_site_name":"Elfsight ES","article_modified_time":"2025-02-06T15:25:59+00:00","twitter_card":"summary_large_image","twitter_misc":{"Tiempo de lectura":"1 minuto"},"schema":{"@context":"https:\/\/schema.org","@graph":[{"@type":"WebPage","@id":"https:\/\/elfsight.com\/es\/audio-player-widget\/opencart\/","url":"https:\/\/elfsight.com\/es\/audio-player-widget\/opencart\/","name":"Audio Player - Integrar plugin de Reproductor de Audio al OpenCart","isPartOf":{"@id":"https:\/\/elfsight.com\/es\/#website"},"datePublished":"2022-02-11T10:53:29+00:00","dateModified":"2025-02-06T15:25:59+00:00","description":"A\u00f1ade un module interactivo de Audio Player en su sitio web de OpenCart. Use la demo de Elfsight f\u00e1cil de usar y cree su plugin \u00fanico.","breadcrumb":{"@id":"https:\/\/elfsight.com\/es\/audio-player-widget\/opencart\/#breadcrumb"},"inLanguage":"es","potentialAction":[{"@type":"ReadAction","target":["https:\/\/elfsight.com\/es\/audio-player-widget\/opencart\/"]}]},{"@type":"BreadcrumbList","@id":"https:\/\/elfsight.com\/es\/audio-player-widget\/opencart\/#breadcrumb","itemListElement":[{"@type":"ListItem","position":1,"name":"Home","item":"https:\/\/elfsight.com\/es\/"},{"@type":"ListItem","position":2,"name":"Audio Player","item":"https:\/\/elfsight.com\/es\/audio-player-widget\/"},{"@type":"ListItem","position":3,"name":"Audio Player &#8211; OpenCart"}]},{"@type":"WebSite","@id":"https:\/\/elfsight.com\/es\/#website","url":"https:\/\/elfsight.com\/es\/","name":"Elfsight ES","description":"Just another Elfsight Sites site","potentialAction":[{"@type":"SearchAction","target":{"@type":"EntryPoint","urlTemplate":"https:\/\/elfsight.com\/es\/?s={search_term_string}"},"query-input":{"@type":"PropertyValueSpecification","valueRequired":true,"valueName":"search_term_string"}}],"inLanguage":"es"}]}},"meta_box":{"industry":"","seo_heading":"","heading":"","description":"","cta_heading":"","cta_description":"","application":"480","h1":"complemento de reproductor de audio para OpenCart","h1_caption":"Configure archivos de audio en todos los formatos populares a su tienda electr\u00f3nica","application_category":[],"applications_title":"","applications_request_title":"","applications_request_button_text":"","hero_text":"","hero_video":"","hero_video_schema_markup":"","selling_points_title":"","selling_points_caption":"","selling_points":[],"selling_points_cta_text":"","features_title":"","features":"","ed_cta_examples_text":"","ed_cta_examples_hidden":"","ed_cta_demo_text":"","ed_cta_demo_hidden":"","why_caption":"","why_editor_title":"","why_editor_text":"","why_team_title":"","why_team_text":"","why_service_title":"","why_service_text":"","template_catalog_visible":"","template_catalog_title":"","template_catalog_text":"","template_catalog_categories_visible":"","demo_title":"Crea tu extensi\u00f3n de reproductor de audio","demo_caption":"\u00a1Configure su reproductor de audio y agr\u00e9guelo a su sitio web OpenCart gratis!","default_faq_hidden":"","app_template_category":[],"platform":"88","template_public_id":"","codecanyon_url":"","codecanyon_item_id":"","codecanyon_price":"","pricing_caption":"","pricing_elfsight_apps_hide_column":"","pricing_elfsight_apps_url":"","pricing_codecanyon_price_caption":"","integration_category":[],"integration_request_title":"","integration_request_cta":"","integration_platform":"","integrations":[],"platform_category":[],"video_schema_markup":"","price":"desde $0 por mes","trial":"","benefits":[{"text":"Instalaci\u00f3n gratuita"},{"text":"Soporte Premium"},{"text":"14 d\u00edas garant\u00eda de reembolso"},{"text":"Actualizaciones regulares"}],"button_url":"#demo","button_target_blank":"0","button_nofollow":"0","attributes":[{"name":"Responsivo","content":"Si","_state":"expanded"},{"name":"Navegadores compatibles","content":"Firefox, Safari, Opera, Chrome, Edge","_state":"expanded"}],"tags":[],"tags_disable_links":"0","hide_more_platforms":"","video_object":"","demo_hide_cta":"0","demo_hide_cloud_options":"0","pricing_title":"","pricing":[{"pricing_icon":"platform","pricing_title":" Elfsight Apps","pricing_title_caption":"Soluci\u00f3n multiplataforma - valido para cualquier p\u00e1gina web","pricing_price":"desde $0 por mes","pricing_price_caption":"empezar con un plan gratuito","pricing_benefits":[{"text":"Sitios web ilimitados"},{"text":"Atenci\u00f3n al cliente gratuita y r\u00e1pida"},{"text":"Servicio de instalaci\u00f3n gratuito"},{"text":"Totalmente personalizable"}],"pricing_button_text":"Agregar al sitio web","pricing_button_url":"#demo","_state":"expanded"}],"related_apps_title":"","related_apps_hidden":"1","author":"","image":[],"title":"","job":"","social_networks":[]},"_links":{"self":[{"href":"https:\/\/elfsight.com\/es\/wp-json\/wp\/v2\/pages\/4593","targetHints":{"allow":["GET"]}}],"collection":[{"href":"https:\/\/elfsight.com\/es\/wp-json\/wp\/v2\/pages"}],"about":[{"href":"https:\/\/elfsight.com\/es\/wp-json\/wp\/v2\/types\/page"}],"author":[{"embeddable":true,"href":"https:\/\/elfsight.com\/es\/wp-json\/wp\/v2\/users\/18"}],"replies":[{"embeddable":true,"href":"https:\/\/elfsight.com\/es\/wp-json\/wp\/v2\/comments?post=4593"}],"version-history":[{"count":3,"href":"https:\/\/elfsight.com\/es\/wp-json\/wp\/v2\/pages\/4593\/revisions"}],"predecessor-version":[{"id":18273,"href":"https:\/\/elfsight.com\/es\/wp-json\/wp\/v2\/pages\/4593\/revisions\/18273"}],"up":[{"embeddable":true,"href":"https:\/\/elfsight.com\/es\/wp-json\/wp\/v2\/pages\/481"}],"wp:attachment":[{"href":"https:\/\/elfsight.com\/es\/wp-json\/wp\/v2\/media?parent=4593"}],"curies":[{"name":"wp","href":"https:\/\/api.w.org\/{rel}","templated":true}]}}